{"id":13353,"date":"2016-12-25T08:43:32","date_gmt":"2016-12-25T08:43:32","guid":{"rendered":"https:\/\/tradetracker.com\/fr\/advertiser-qualifications\/"},"modified":"2021-12-09T13:55:43","modified_gmt":"2021-12-09T13:55:43","slug":"qualifications-annonceurs","status":"publish","type":"page","link":"https:\/\/tradetracker.com\/fr\/qualifications-annonceurs\/","title":{"rendered":"Qualifications des Annonceurs"},"content":{"rendered":"<div class=\"wpb-content-wrapper\"><p>[vc_row classes=&#8221;static-page-intro adv-requirements&#8221;][vc_column]<div class=\"row\"><div class=\"vc_col-sm-12\"><div class=\" static-page-intro-text \"><h1  style=\"color: #ffffff\" class=\"\">QUALIFICATIONS D\u2019ANNONCEUR<\/h1><h2  style=\"color: #ffffff\" class=\"\">L\u2019\u00e9largissement du portefeuille de campagnes de TradeTracker exige de l\u2019engagement afin de maintenir notre diversification de r\u00e9seau, notre int\u00e9grit\u00e9 et notre positon actuelle, il y a quelques qualit\u00e9s que nous d\u00e9sirons que nos clients poss\u00e8dent.<\/h2><\/div>\r\n        <\/div>\r\n    <\/div>[\/vc_column][\/vc_row][vc_row][vc_column]<div class=\"space\"><\/div>[\/vc_column][\/vc_row][vc_row][vc_column][vc_wp_text title=&#8221;Marque renomm\u00e9e ou startup?&#8221;]<\/p>\n<p>Il y a une chose que toutes les campagnes de TradeTracker ont en commun\u00a0: elles sont attractives \u00e0 promouvoir pour les \u00e9diteurs. Tout comme c\u2019est d\u00e9j\u00e0 le cas pour l\u2019exploitation de votre entreprise, vous \u00eates dans un monde comp\u00e9titif et vous devez vous d\u00e9marquer.<\/p>\n<p>[\/vc_wp_text]<div class=\"space\"><\/div>[\/vc_column][\/vc_row][vc_row][vc_column width=&#8221;9\/12&#8243;][vc_wp_text title=&#8221;Gestion&#8221;]<\/p>\n<p>La plateforme de TradeTracker est super intuitive dans son utilisation pour presque tout le monde, mais, comme pour toutes choses dans la vie, elle requiert de l\u2019engagement pour avoir du succ\u00e8s. Nous pouvons fournir des prestations de conseil et m\u00eame un programme complet de services de gestion adapt\u00e9 \u00e0 tous vos besoins. En alternative \u00e0 la construction et \u00e0 la gestion de vos campagnes par TradeTracker, nous avons de fortes relations avec des agences leader du march\u00e9 et serions tr\u00e8s heureux de vous mettre en contact avec eux. Votre d\u00e9cision d\u2019externaliser votre gestion de campagnes devrait se baser sur les suivants points:<\/p>\n<ul class=\"checklist\">\n<li>Voulez-vous (et avez-vous les ressources pour) investir dans une \u00e9quipe sp\u00e9cialis\u00e9e d\u2019affiliation\u00a0marketing?<\/li>\n<li>\u00cates-vous en mesure d\u2019am\u00e9liorer continuellement le processus d\u2019achat de vos clients?<\/li>\n<li>Pouvez-vous cr\u00e9er les contenus publicitaires appropri\u00e9s adapt\u00e9s aux besoins de vos affili\u00e9s?<\/li>\n<li>\u00cates-vous en mesure d\u2019impl\u00e9menter les exigences techniques?<\/li>\n<li>Votre agence actuelle est-elle en mesure de r\u00e9pondre \u00e0 vos besoins internationaux?<\/li>\n<\/ul>\n<p>[\/vc_wp_text]<div class=\"space\"><\/div>[\/vc_column][\/vc_row][vc_row classes=&#8221;sec-diff bg-pattern&#8221;][vc_column width=&#8221;9\/12&#8243;][vc_wp_text title=&#8221;Construire des relations&#8221;]<\/p>\n<p>Une fois que vous lib\u00e9rez le potentiel que l\u2019affiliation marketing peut vous offrir, vous aurez besoin d\u2019affili\u00e9s et, dans un monde id\u00e9al, ils auront besoin de vous. Cependant, la r\u00e9alit\u00e9 est qu\u2019ils ont besoin de vous tant que vous \u00eates comp\u00e9titif, \u00e9tant donn\u00e9 que cela m\u00e8ne \u00e0 des gains les plus \u00e9lev\u00e9s pour eux. Voyez-vous, vos affili\u00e9s sont une extension de votre force de vente \u2013 ce qui signifie qu\u2019ils font l\u2019exp\u00e9rience de votre culture d\u2019organisation. Ne soyez pas juste bon pour eux, soyez excellent:<\/p>\n<ul class=\"checklist\">\n<li>Soyez un communicateur proactif, ouvert et transparent. Partagez les objectifs qu\u2019ils doivent atteindre.<\/li>\n<li>Cr\u00e9ez des incitations, des bassins et de la concurrence. D\u00e9finissez des cibles pour des primes ou construisez des structures \u00e0 plusieurs niveaux.<\/li>\n<li>Soyez ouvert \u00e0 des id\u00e9es, utilisez la sagesse des foules \u2013 vos affili\u00e9s.<\/li>\n<li>R\u00e9duisez les risques de vos affili\u00e9s. Construisez des mod\u00e8les hybrides en ajoutant un CPM ou CPC.<\/li>\n<\/ul>\n<p>[\/vc_wp_text][\/vc_column][\/vc_row][vc_row classes=&#8221;bg-pattern&#8221;][vc_column width=&#8221;9\/12&#8243;]<div class=\"space\"><\/div>[vc_wp_text title=&#8221;D\u00e9finissez des objectifs&#8221;]<\/p>\n<p>La construction d\u2019une campagne attractive et stable est ancr\u00e9e dans une combinaison de facteurs importants, parmi lesquels un composant cl\u00e9 est la r\u00e9mun\u00e9ration. Gardez \u00e0 l\u2019esprit qu\u2019avec les campagnes CPA, c\u2019est l\u2019\u00e9diteur prend tous les risques \u2013 il n\u2019a aucun contr\u00f4le sur le visiteur une fois que celui-ci passe dans votre domaine, mais il a aussi besoin de d\u00e9terminer les ROI avant d\u2019essayer la votre. D\u00e9finissez vos objectifs et laissez-les se r\u00e9fl\u00e9chir dans vos politiques de campagne:<\/p>\n<ul class=\"checklist\">\n<li>D\u00e9finissez votre mod\u00e8le de commission:\u00a0voulez-vous des conversions, du branding ou les deux\u00a0?<\/li>\n<li>Allez-vous permettre tous les moyens de promotion ou seulement permettre certains types de sites?<\/li>\n<li>Commencez la conversation et g\u00e9rez les attentes. Que voulez-vous?<\/li>\n<li>Approuvez les transactions rapidement. Les \u00e9diteurs investissent en vous, retournez-leur donc la faveur.<\/li>\n<li>Payez ponctuellement et utilisez le pr\u00e9paiement! C\u2019est un cercle vicieux.<\/li>\n<\/ul>\n<p>[\/vc_wp_text]<div class=\"space\"><\/div>[\/vc_column][\/vc_row][vc_row classes=&#8221;cta ctamerch&#8221; el_id=&#8221;ctaaam&#8221;][vc_column]<div class=\"row\"><div class=\"vc_col-sm-12\"><h2 class=\"get_started\" style=\"color:#ffffff\">R\u00e9pondez-vous aux exigences?<\/h2><p style=\"color:#ffffff\">Nous sommes une \u00e9quipe accros \u00e0 l\u2019affiliation, ax\u00e9s sur les r\u00e9sultats, d\u00e9vou\u00e9s \u00e0 la performance et cherchant toujours \u00e0 rendre le monde de la publicit\u00e9 un meilleur endroit. Ouvrez-vous et apprenez comment nous pouvons acc\u00e9l\u00e9rer votre commerce en ligne.<\/p>        <ul class=\"cta-items\">\r\n                        \r\n                        <li>\r\n                <a                    class=\"cta-advertiser-signup\"                                      href=\"https:\/\/merchant.tradetracker.com\/portal\/advertiserBrochure?loc=fr_FR\"                                   >\r\n                    Demande de brochure pour annonceurs                <\/a>\r\n            <\/li>\r\n                    <\/ul>\r\n        <\/div><\/div>[\/vc_column][\/vc_row]<\/p>\n<\/div>","protected":false},"excerpt":{"rendered":"<p>[vc_row classes=&#8221;static-page-intro adv-requirements&#8221;][vc_column][\/vc_column][\/vc_row][vc_row][vc_column][\/vc_column][\/vc_row][vc_row][vc_column][vc_wp_text title=&#8221;Marque renomm\u00e9e ou startup?&#8221;] Il y a une chose que toutes les campagnes de TradeTracker ont en commun\u00a0: elles sont attractives \u00e0 promouvoir pour les \u00e9diteurs. Tout comme c\u2019est d\u00e9j\u00e0 le cas pour l\u2019exploitation de votre entreprise, vous \u00eates dans un monde comp\u00e9titif et vous devez vous d\u00e9marquer. [\/vc_wp_text][\/vc_column][\/vc_row][vc_row][vc_column width=&#8221;9\/12&#8243;][vc_wp_text title=&#8221;Gestion&#8221;] La  [&#8230;]<\/p>\n","protected":false},"author":69,"featured_media":0,"parent":0,"menu_order":0,"comment_status":"closed","ping_status":"closed","template":"template-red.php","meta":{"inline_featured_image":false,"_monsterinsights_skip_tracking":false,"_monsterinsights_sitenote_active":false,"_monsterinsights_sitenote_note":"","_monsterinsights_sitenote_category":0,"footnotes":""},"class_list":["post-13353","page","type-page","status-publish","hentry"],"yoast_head":"<!-- This site is optimized with the Yoast SEO Premium plugin v27.0 (Yoast SEO v27.0) - https:\/\/yoast.com\/product\/yoast-seo-premium-wordpress\/ -->\n<title>Qualifications des Annonceurs - TradeTracker.com | Affiliate Marketing | Performance Marketing<\/title>\n<meta name=\"description\" content=\"QUALIFICATIONS D\u2019ANNONCEURL\u2019\u00e9largissement du portefeuille de campagnes de TradeTracker exige de l\u2019engagement afin de maintenir notre diversification de r\u00e9seau, notre int\u00e9grit\u00e9 et notre positon actuelle, il y a\" \/>\n<meta name=\"robots\" content=\"index, follow, max-snippet:-1, max-image-preview:large, max-video-preview:-1\" \/>\n<link rel=\"canonical\" href=\"https:\/\/tradetracker.com\/fr\/wp-json\/wp\/v2\/pages\/13353\/\" \/>\n<meta property=\"og:locale\" content=\"fr_FR\" \/>\n<meta property=\"og:type\" content=\"article\" \/>\n<meta property=\"og:title\" content=\"Qualifications des Annonceurs TradeTracker.com\" \/>\n<meta property=\"og:description\" content=\"QUALIFICATIONS D\u2019ANNONCEURL\u2019\u00e9largissement du portefeuille de\" \/>\n<meta property=\"og:url\" content=\"https:\/\/tradetracker.com\/fr\/qualifications-annonceurs\/\" \/>\n<meta property=\"og:site_name\" content=\"TradeTracker.com | Affiliate Marketing | Performance Marketing\" \/>\n<meta property=\"article:publisher\" content=\"https:\/\/www.facebook.com\/tradetrackercom\" \/>\n<meta property=\"article:modified_time\" content=\"2021-12-09T13:55:43+00:00\" \/>\n<meta property=\"og:image\" content=\"https:\/\/tradetracker.com\/wp-content\/uploads\/2019\/12\/tradetracker-logo-square.png\" \/>\n\t<meta property=\"og:image:width\" content=\"250\" \/>\n\t<meta property=\"og:image:height\" content=\"250\" \/>\n\t<meta property=\"og:image:type\" content=\"image\/png\" \/>\n<meta name=\"twitter:card\" content=\"summary_large_image\" \/>\n<meta name=\"twitter:title\" content=\"Qualifications des Annonceurs\" \/>\n<meta name=\"twitter:description\" content=\"QUALIFICATIONS D\u2019ANNONCEURL\u2019\u00e9largissement du portefeuille de campagnes de TradeTracker exige de l\u2019engagement afin de \" \/>\n<meta name=\"twitter:image\" content=\"https:\/\/tradetracker.com\/assets\/tt-circles.png\" \/>\n<meta name=\"twitter:site\" content=\"@tradetrackercom\" \/>\n<meta name=\"twitter:label1\" content=\"Est. reading time\" \/>\n\t<meta name=\"twitter:data1\" content=\"4 minutes\" \/>\n<script type=\"application\/ld+json\" class=\"yoast-schema-graph\">{\"@context\":\"https:\/\/schema.org\",\"@graph\":[{\"@type\":\"WebPage\",\"@id\":\"https:\/\/tradetracker.com\/fr\/qualifications-annonceurs\/\",\"url\":\"https:\/\/tradetracker.com\/fr\/qualifications-annonceurs\/\",\"name\":\"Qualifications des Annonceurs - TradeTracker.com | Affiliate Marketing | Performance Marketing\",\"isPartOf\":{\"@id\":\"https:\/\/tradetracker.com\/fr\/#website\"},\"datePublished\":\"2016-12-25T08:43:32+00:00\",\"dateModified\":\"2021-12-09T13:55:43+00:00\",\"breadcrumb\":{\"@id\":\"https:\/\/tradetracker.com\/fr\/qualifications-annonceurs\/#breadcrumb\"},\"inLanguage\":\"fr-FR\",\"potentialAction\":[{\"@type\":\"ReadAction\",\"target\":[\"https:\/\/tradetracker.com\/fr\/qualifications-annonceurs\/\"]}]},{\"@type\":\"BreadcrumbList\",\"@id\":\"https:\/\/tradetracker.com\/fr\/qualifications-annonceurs\/#breadcrumb\",\"itemListElement\":[{\"@type\":\"ListItem\",\"position\":1,\"name\":\"Home\",\"item\":\"https:\/\/tradetracker.com\/fr\/\"},{\"@type\":\"ListItem\",\"position\":2,\"name\":\"Qualifications des Annonceurs\"}]},{\"@type\":\"WebSite\",\"@id\":\"https:\/\/tradetracker.com\/fr\/#website\",\"url\":\"https:\/\/tradetracker.com\/fr\/\",\"name\":\"TradeTracker.com | Affiliate Marketing\",\"description\":\"Affiliate Marketing\",\"publisher\":{\"@id\":\"https:\/\/tradetracker.com\/fr\/#organization\"},\"potentialAction\":[{\"@type\":\"SearchAction\",\"target\":{\"@type\":\"EntryPoint\",\"urlTemplate\":\"https:\/\/tradetracker.com\/fr\/?s={search_term_string}\"},\"query-input\":{\"@type\":\"PropertyValueSpecification\",\"valueRequired\":true,\"valueName\":\"search_term_string\"}}],\"inLanguage\":\"fr-FR\"},{\"@type\":\"Organization\",\"@id\":\"https:\/\/tradetracker.com\/fr\/#organization\",\"name\":\"TradeTracker FZ LLC\",\"url\":\"https:\/\/tradetracker.com\/fr\/\",\"logo\":{\"@type\":\"ImageObject\",\"inLanguage\":\"fr-FR\",\"@id\":\"https:\/\/tradetracker.com\/fr\/#\/schema\/logo\/image\/\",\"url\":\"https:\/\/tradetracker.com\/wp-content\/uploads\/2019\/04\/tradetracker-logo_1.jpg\",\"contentUrl\":\"https:\/\/tradetracker.com\/wp-content\/uploads\/2019\/04\/tradetracker-logo_1.jpg\",\"width\":672,\"height\":109,\"caption\":\"TradeTracker FZ LLC\"},\"image\":{\"@id\":\"https:\/\/tradetracker.com\/fr\/#\/schema\/logo\/image\/\"},\"sameAs\":[\"https:\/\/www.facebook.com\/tradetrackercom\",\"https:\/\/x.com\/tradetrackercom\",\"https:\/\/www.linkedin.com\/company\/tradetrackercom\",\"https:\/\/www.youtube.com\/channel\/UCHiq-oir3qOorxO-8nLjIcQ\"],\"description\":\"TradeTracker is a global affiliate marketing platform that connects advertisers and publishers to create successful online campaigns. With its user-friendly interface, advanced tracking technology, and real-time reporting, TradeTracker provides the tools to optimize performance and boost conversions. Operating in over 20 countries, TradeTracker is renowned for its transparency, innovative solutions, and personalized support. It has been consistently chosen as the leading affiliate network worldwide, a testament to its excellence in the industry. Advertisers benefit from access to a vast network of publishers, while publishers enjoy a diverse range of campaigns and attractive earning opportunities. The platform continues to revolutionize the affiliate marketing industry with technologies like Real Attribution, ensuring fair commission distribution. TradeTracker empowers businesses to achieve their online no cure no pay advertising goals efficiently and effectively. With superior technology, unparalleled customer service, and innovative solutions, TradeTracker consistently outperforms competitors like Awin, TradeDoubler, CJ, and Webgains, making it the preferred choice for advertisers and publishers worldwide.\",\"legalName\":\"TradeTracker.com\",\"foundingDate\":\"2004-03-05\",\"numberOfEmployees\":{\"@type\":\"QuantitativeValue\",\"minValue\":\"201\",\"maxValue\":\"500\"}}]}<\/script>\n<!-- \/ Yoast SEO Premium plugin. -->","yoast_head_json":{"title":"Qualifications des Annonceurs - TradeTracker.com | Affiliate Marketing | Performance Marketing","description":"QUALIFICATIONS D\u2019ANNONCEURL\u2019\u00e9largissement du portefeuille de campagnes de TradeTracker exige de l\u2019engagement afin de maintenir notre diversification de r\u00e9seau, notre int\u00e9grit\u00e9 et notre positon actuelle, il y a","robots":{"index":"index","follow":"follow","max-snippet":"max-snippet:-1","max-image-preview":"max-image-preview:large","max-video-preview":"max-video-preview:-1"},"canonical":"https:\/\/tradetracker.com\/fr\/wp-json\/wp\/v2\/pages\/13353\/","og_locale":"fr_FR","og_type":"article","og_title":"Qualifications des Annonceurs TradeTracker.com","og_description":"QUALIFICATIONS D\u2019ANNONCEURL\u2019\u00e9largissement du portefeuille de","og_url":"https:\/\/tradetracker.com\/fr\/qualifications-annonceurs\/","og_site_name":"TradeTracker.com | Affiliate Marketing | Performance Marketing","article_publisher":"https:\/\/www.facebook.com\/tradetrackercom","article_modified_time":"2021-12-09T13:55:43+00:00","og_image":[{"width":250,"height":250,"url":"https:\/\/tradetracker.com\/wp-content\/uploads\/2019\/12\/tradetracker-logo-square.png","type":"image\/png"}],"twitter_card":"summary_large_image","twitter_title":"Qualifications des Annonceurs","twitter_description":"QUALIFICATIONS D\u2019ANNONCEURL\u2019\u00e9largissement du portefeuille de campagnes de TradeTracker exige de l\u2019engagement afin de ","twitter_image":"https:\/\/tradetracker.com\/assets\/tt-circles.png","twitter_site":"@tradetrackercom","twitter_misc":{"Est. reading time":"4 minutes"},"schema":{"@context":"https:\/\/schema.org","@graph":[{"@type":"WebPage","@id":"https:\/\/tradetracker.com\/fr\/qualifications-annonceurs\/","url":"https:\/\/tradetracker.com\/fr\/qualifications-annonceurs\/","name":"Qualifications des Annonceurs - TradeTracker.com | Affiliate Marketing | Performance Marketing","isPartOf":{"@id":"https:\/\/tradetracker.com\/fr\/#website"},"datePublished":"2016-12-25T08:43:32+00:00","dateModified":"2021-12-09T13:55:43+00:00","breadcrumb":{"@id":"https:\/\/tradetracker.com\/fr\/qualifications-annonceurs\/#breadcrumb"},"inLanguage":"fr-FR","potentialAction":[{"@type":"ReadAction","target":["https:\/\/tradetracker.com\/fr\/qualifications-annonceurs\/"]}]},{"@type":"BreadcrumbList","@id":"https:\/\/tradetracker.com\/fr\/qualifications-annonceurs\/#breadcrumb","itemListElement":[{"@type":"ListItem","position":1,"name":"Home","item":"https:\/\/tradetracker.com\/fr\/"},{"@type":"ListItem","position":2,"name":"Qualifications des Annonceurs"}]},{"@type":"WebSite","@id":"https:\/\/tradetracker.com\/fr\/#website","url":"https:\/\/tradetracker.com\/fr\/","name":"TradeTracker.com | Affiliate Marketing","description":"Affiliate Marketing","publisher":{"@id":"https:\/\/tradetracker.com\/fr\/#organization"},"potentialAction":[{"@type":"SearchAction","target":{"@type":"EntryPoint","urlTemplate":"https:\/\/tradetracker.com\/fr\/?s={search_term_string}"},"query-input":{"@type":"PropertyValueSpecification","valueRequired":true,"valueName":"search_term_string"}}],"inLanguage":"fr-FR"},{"@type":"Organization","@id":"https:\/\/tradetracker.com\/fr\/#organization","name":"TradeTracker FZ LLC","url":"https:\/\/tradetracker.com\/fr\/","logo":{"@type":"ImageObject","inLanguage":"fr-FR","@id":"https:\/\/tradetracker.com\/fr\/#\/schema\/logo\/image\/","url":"https:\/\/tradetracker.com\/wp-content\/uploads\/2019\/04\/tradetracker-logo_1.jpg","contentUrl":"https:\/\/tradetracker.com\/wp-content\/uploads\/2019\/04\/tradetracker-logo_1.jpg","width":672,"height":109,"caption":"TradeTracker FZ LLC"},"image":{"@id":"https:\/\/tradetracker.com\/fr\/#\/schema\/logo\/image\/"},"sameAs":["https:\/\/www.facebook.com\/tradetrackercom","https:\/\/x.com\/tradetrackercom","https:\/\/www.linkedin.com\/company\/tradetrackercom","https:\/\/www.youtube.com\/channel\/UCHiq-oir3qOorxO-8nLjIcQ"],"description":"TradeTracker is a global affiliate marketing platform that connects advertisers and publishers to create successful online campaigns. With its user-friendly interface, advanced tracking technology, and real-time reporting, TradeTracker provides the tools to optimize performance and boost conversions. Operating in over 20 countries, TradeTracker is renowned for its transparency, innovative solutions, and personalized support. It has been consistently chosen as the leading affiliate network worldwide, a testament to its excellence in the industry. Advertisers benefit from access to a vast network of publishers, while publishers enjoy a diverse range of campaigns and attractive earning opportunities. The platform continues to revolutionize the affiliate marketing industry with technologies like Real Attribution, ensuring fair commission distribution. TradeTracker empowers businesses to achieve their online no cure no pay advertising goals efficiently and effectively. With superior technology, unparalleled customer service, and innovative solutions, TradeTracker consistently outperforms competitors like Awin, TradeDoubler, CJ, and Webgains, making it the preferred choice for advertisers and publishers worldwide.","legalName":"TradeTracker.com","foundingDate":"2004-03-05","numberOfEmployees":{"@type":"QuantitativeValue","minValue":"201","maxValue":"500"}}]}},"_links":{"self":[{"href":"https:\/\/tradetracker.com\/fr\/wp-json\/wp\/v2\/pages\/13353","targetHints":{"allow":["GET"]}}],"collection":[{"href":"https:\/\/tradetracker.com\/fr\/wp-json\/wp\/v2\/pages"}],"about":[{"href":"https:\/\/tradetracker.com\/fr\/wp-json\/wp\/v2\/types\/page"}],"author":[{"embeddable":true,"href":"https:\/\/tradetracker.com\/fr\/wp-json\/wp\/v2\/users\/69"}],"replies":[{"embeddable":true,"href":"https:\/\/tradetracker.com\/fr\/wp-json\/wp\/v2\/comments?post=13353"}],"version-history":[{"count":0,"href":"https:\/\/tradetracker.com\/fr\/wp-json\/wp\/v2\/pages\/13353\/revisions"}],"wp:attachment":[{"href":"https:\/\/tradetracker.com\/fr\/wp-json\/wp\/v2\/media?parent=13353"}],"curies":[{"name":"wp","href":"https:\/\/api.w.org\/{rel}","templated":true}]}}