{"id":13383,"date":"2017-01-02T08:00:33","date_gmt":"2017-01-02T08:00:33","guid":{"rendered":"https:\/\/tradetracker.com\/fr\/audience\/"},"modified":"2025-01-17T16:16:42","modified_gmt":"2025-01-17T16:16:42","slug":"audience","status":"publish","type":"page","link":"https:\/\/tradetracker.com\/fr\/audience\/","title":{"rendered":"Audience"},"content":{"rendered":"<div class=\"wpb-content-wrapper\"><p>[vc_row classes=&#8221;static-page-intro audience-page&#8221;][vc_column]<div class=\"row\"><div class=\"vc_col-sm-12\"><div class=\" static-page-intro-text \"><h1  class=\"\">UN PUBLIC DE VALEUR<\/h1><h2  class=\"\">Nous h\u00e9bergeons quelques-uns des affili\u00e9s chefs de file dans l\u2019industrie et ils am\u00e8nent avec eux un public de haute qualit\u00e9.<\/h2><\/div>\r\n        <\/div>\r\n    <\/div>[\/vc_column][\/vc_row][vc_row classes=&#8221;agencies-benefits bg-pattern&#8221;][vc_column]<div class=\"space\"><\/div>[vc_row_inner][vc_column_inner][vc_wp_text title=&#8221;Vous pouvez tout avoir&#8221;]<\/p>\n<p>Pour renforcer les ventes, g\u00e9n\u00e9rer des leads et augmenter la notori\u00e9t\u00e9 de votre marque, il est important que vous souligniez vos avantages aux bonnes personnes. Au fil des ans, nous avons construit un vaste r\u00e9seau d\u2019affili\u00e9s renomm\u00e9s, variant en taille et appliquant chacun un diff\u00e9rent mod\u00e8le d\u2019entreprise. Ils ont accumul\u00e9 un public constant, tout en offrant aussi des opportunit\u00e9s qui s\u2019\u00e9tendent \u00e0 travers le monde entier. En ayant le pouvoir de d\u00e9cider avec quels affili\u00e9s vous choisissez de vous associer, vous pouvez \u00eatre certain d\u2019\u00eatre pr\u00e9sent\u00e9 \u00e0 c\u00f4t\u00e9 d\u2019entreprises qui partagent vos valeurs.<\/p>\n<p>[\/vc_wp_text][\/vc_column_inner][\/vc_row_inner]<div class=\"space\"><\/div>[vc_row_inner][vc_column_inner width=&#8221;1\/2&#8243;][vc_wp_text title=&#8221;Une foule cr\u00e9dible&#8221;]<\/p>\n<p>Vous pouvez \u00eatre certain d\u2019\u00eatre associ\u00e9 \u00e0 des \u00e9diteurs de haute qualit\u00e9, \u00e9tant donn\u00e9 qu\u2019ils passent par un processus de validation rigoureux. Apr\u00e8s l\u2019\u00e9tablissement de partenariats avec plusieurs de nos affili\u00e9s, vous pouvez leur faire confiance pour qu\u2019ils vous rassemblent un public de haute qualit\u00e9.<\/p>\n<p>[\/vc_wp_text][\/vc_column_inner][vc_column_inner width=&#8221;1\/2&#8243;][vc_wp_text title=&#8221;Spectateurs pertinents&#8221;]<\/p>\n<p>Assurez-vous d\u2019\u00eatre associ\u00e9 avec un public qui s\u2019int\u00e9resse \u00e0 ce que vous avez \u00e0 offrir. Choisissez les affili\u00e9s que vous souhaitez pour partager vos contenus publicitaires et ils diffuseront la bonne parole.<\/p>\n<p>[\/vc_wp_text][\/vc_column_inner][\/vc_row_inner]<div class=\"space\"><\/div>[vc_row_inner][vc_column_inner width=&#8221;1\/2&#8243;][vc_wp_text title=&#8221;March\u00e9 mondial&#8221;]<\/p>\n<p>\u00c9tendez votre base de clients potentiels \u00e0 tout un nouveau groupe de visiteurs et capitalisez en pla\u00e7ant vos contenus publicitaires devant un ensemble de nouveaux yeux au-del\u00e0 les fronti\u00e8res nationales. Laissez-nous faciliter votre croissance internationale.<\/p>\n<p>[\/vc_wp_text][\/vc_column_inner][vc_column_inner width=&#8221;1\/2&#8243;][vc_wp_text title=&#8221;Recherche claire&#8221;]<\/p>\n<p>Identifiez facilement les meilleurs \u00e9diteurs avec qui partager vos contenus publicitaires. Vous pouvez adresser le public sp\u00e9cifique qui vous int\u00e9resse en cherchant un affili\u00e9 dans l\u2019industrie associ\u00e9e. Cette approche va de pair avec une approche consultative de nos experts.<\/p>\n<p>[\/vc_wp_text][\/vc_column_inner][\/vc_row_inner]<div class=\"space\"><\/div>[\/vc_column][\/vc_row][vc_row classes=&#8221;cta ctamerch&#8221; el_id=&#8221;ctaaam&#8221;][vc_column]<div class=\"row\"><div class=\"vc_col-sm-12\"><h2 class=\"get_started\" >Vous cherchez un public de haute qualit\u00e9 pour am\u00e9liorer vos r\u00e9sultats?<\/h2><p >Contactez-nous et nous fournirons toutes les solutions pour votre approche \u00e0 l\u2019affiliation id\u00e9ale.<\/p><\/div><\/div><div class=\"row\"><div class=\"vc_col-sm-12\"><p><a class=\"cta-advertiser-signup\" href=\"https:\/\/tradetracker.com\/fr\/contact-us\/\">Demande de d\u00e9mo<\/a><\/p><\/div><\/div><div class=\"row\"><div class=\"vc_col-sm-12\"><p><a class=\"cta-advertiser-signup\" href=\"https:\/\/merchant.tradetracker.com\/portal\/advertiserBrochure?loc=fr_FR\">Demande de brochure pour annonceurs<\/a><\/p><\/div><\/div>[\/vc_column][\/vc_row]<\/p>\n<\/div>","protected":false},"excerpt":{"rendered":"<p>[vc_row classes=&#8221;static-page-intro audience-page&#8221;][vc_column][\/vc_column][\/vc_row][vc_row classes=&#8221;agencies-benefits bg-pattern&#8221;][vc_column][vc_row_inner][vc_column_inner][vc_wp_text title=&#8221;Vous pouvez tout avoir&#8221;] Pour renforcer les ventes, g\u00e9n\u00e9rer des leads et augmenter la notori\u00e9t\u00e9 de votre marque, il est important que vous souligniez vos avantages aux bonnes personnes. Au fil des ans, nous avons construit un vaste r\u00e9seau d\u2019affili\u00e9s renomm\u00e9s, variant en taille et appliquant chacun un diff\u00e9rent mod\u00e8le  [&#8230;]<\/p>\n","protected":false},"author":69,"featured_media":0,"parent":0,"menu_order":0,"comment_status":"closed","ping_status":"closed","template":"template-red.php","meta":{"inline_featured_image":false,"_monsterinsights_skip_tracking":false,"_monsterinsights_sitenote_active":false,"_monsterinsights_sitenote_note":"","_monsterinsights_sitenote_category":0,"footnotes":""},"class_list":["post-13383","page","type-page","status-publish","hentry"],"yoast_head":"<!-- This site is optimized with the Yoast SEO Premium plugin v27.0 (Yoast SEO v27.0) - https:\/\/yoast.com\/product\/yoast-seo-premium-wordpress\/ -->\n<title>Audience - TradeTracker.com | Affiliate Marketing | Performance Marketing<\/title>\n<meta name=\"description\" content=\"[vc_row classes=&quot;static-page-intro audience-page&quot;][vc_column]UN PUBLIC DE VALEURNous h\u00e9bergeons quelques-uns des affili\u00e9s chefs de file dans l\u2019industrie et ils am\u00e8nent avec eux un public de haute qualit\u00e9.\" \/>\n<meta name=\"robots\" content=\"index, follow, max-snippet:-1, max-image-preview:large, max-video-preview:-1\" \/>\n<link rel=\"canonical\" href=\"https:\/\/tradetracker.com\/fr\/wp-json\/wp\/v2\/pages\/13383\/\" \/>\n<meta property=\"og:locale\" content=\"fr_FR\" \/>\n<meta property=\"og:type\" content=\"article\" \/>\n<meta property=\"og:title\" content=\"Audience TradeTracker.com\" \/>\n<meta property=\"og:description\" content=\"[vc_row classes=&#8221;static-page-intro\" \/>\n<meta property=\"og:url\" content=\"https:\/\/tradetracker.com\/fr\/audience\/\" \/>\n<meta property=\"og:site_name\" content=\"TradeTracker.com | Affiliate Marketing | Performance Marketing\" \/>\n<meta property=\"article:publisher\" content=\"https:\/\/www.facebook.com\/tradetrackercom\" \/>\n<meta property=\"article:modified_time\" content=\"2025-01-17T16:16:42+00:00\" \/>\n<meta property=\"og:image\" content=\"https:\/\/tradetracker.com\/wp-content\/uploads\/2019\/12\/tradetracker-logo-square.png\" \/>\n\t<meta property=\"og:image:width\" content=\"250\" \/>\n\t<meta property=\"og:image:height\" content=\"250\" \/>\n\t<meta property=\"og:image:type\" content=\"image\/png\" \/>\n<meta name=\"twitter:card\" content=\"summary_large_image\" \/>\n<meta name=\"twitter:title\" content=\"Audience\" \/>\n<meta name=\"twitter:description\" content=\"[vc_row classes=&quot;static-page-intro audience-page&quot;][vc_column]UN PUBLIC DE VALEURNous h\u00e9bergeons quelques-uns des affili\u00e9s \" \/>\n<meta name=\"twitter:image\" content=\"https:\/\/tradetracker.com\/assets\/tt-circles.png\" \/>\n<meta name=\"twitter:site\" content=\"@tradetrackercom\" \/>\n<meta name=\"twitter:label1\" content=\"Est. reading time\" \/>\n\t<meta name=\"twitter:data1\" content=\"2 minutes\" \/>\n<script type=\"application\/ld+json\" class=\"yoast-schema-graph\">{\"@context\":\"https:\/\/schema.org\",\"@graph\":[{\"@type\":\"WebPage\",\"@id\":\"https:\/\/tradetracker.com\/fr\/audience\/\",\"url\":\"https:\/\/tradetracker.com\/fr\/audience\/\",\"name\":\"Audience - TradeTracker.com | Affiliate Marketing | Performance Marketing\",\"isPartOf\":{\"@id\":\"https:\/\/tradetracker.com\/fr\/#website\"},\"datePublished\":\"2017-01-02T08:00:33+00:00\",\"dateModified\":\"2025-01-17T16:16:42+00:00\",\"breadcrumb\":{\"@id\":\"https:\/\/tradetracker.com\/fr\/audience\/#breadcrumb\"},\"inLanguage\":\"fr-FR\",\"potentialAction\":[{\"@type\":\"ReadAction\",\"target\":[\"https:\/\/tradetracker.com\/fr\/audience\/\"]}]},{\"@type\":\"BreadcrumbList\",\"@id\":\"https:\/\/tradetracker.com\/fr\/audience\/#breadcrumb\",\"itemListElement\":[{\"@type\":\"ListItem\",\"position\":1,\"name\":\"Home\",\"item\":\"https:\/\/tradetracker.com\/fr\/\"},{\"@type\":\"ListItem\",\"position\":2,\"name\":\"Audience\"}]},{\"@type\":\"WebSite\",\"@id\":\"https:\/\/tradetracker.com\/fr\/#website\",\"url\":\"https:\/\/tradetracker.com\/fr\/\",\"name\":\"TradeTracker.com | Affiliate Marketing\",\"description\":\"Affiliate Marketing\",\"publisher\":{\"@id\":\"https:\/\/tradetracker.com\/fr\/#organization\"},\"potentialAction\":[{\"@type\":\"SearchAction\",\"target\":{\"@type\":\"EntryPoint\",\"urlTemplate\":\"https:\/\/tradetracker.com\/fr\/?s={search_term_string}\"},\"query-input\":{\"@type\":\"PropertyValueSpecification\",\"valueRequired\":true,\"valueName\":\"search_term_string\"}}],\"inLanguage\":\"fr-FR\"},{\"@type\":\"Organization\",\"@id\":\"https:\/\/tradetracker.com\/fr\/#organization\",\"name\":\"TradeTracker FZ LLC\",\"url\":\"https:\/\/tradetracker.com\/fr\/\",\"logo\":{\"@type\":\"ImageObject\",\"inLanguage\":\"fr-FR\",\"@id\":\"https:\/\/tradetracker.com\/fr\/#\/schema\/logo\/image\/\",\"url\":\"https:\/\/tradetracker.com\/wp-content\/uploads\/2019\/04\/tradetracker-logo_1.jpg\",\"contentUrl\":\"https:\/\/tradetracker.com\/wp-content\/uploads\/2019\/04\/tradetracker-logo_1.jpg\",\"width\":672,\"height\":109,\"caption\":\"TradeTracker FZ LLC\"},\"image\":{\"@id\":\"https:\/\/tradetracker.com\/fr\/#\/schema\/logo\/image\/\"},\"sameAs\":[\"https:\/\/www.facebook.com\/tradetrackercom\",\"https:\/\/x.com\/tradetrackercom\",\"https:\/\/www.linkedin.com\/company\/tradetrackercom\",\"https:\/\/www.youtube.com\/channel\/UCHiq-oir3qOorxO-8nLjIcQ\"],\"description\":\"TradeTracker is a global affiliate marketing platform that connects advertisers and publishers to create successful online campaigns. With its user-friendly interface, advanced tracking technology, and real-time reporting, TradeTracker provides the tools to optimize performance and boost conversions. Operating in over 20 countries, TradeTracker is renowned for its transparency, innovative solutions, and personalized support. It has been consistently chosen as the leading affiliate network worldwide, a testament to its excellence in the industry. Advertisers benefit from access to a vast network of publishers, while publishers enjoy a diverse range of campaigns and attractive earning opportunities. The platform continues to revolutionize the affiliate marketing industry with technologies like Real Attribution, ensuring fair commission distribution. TradeTracker empowers businesses to achieve their online no cure no pay advertising goals efficiently and effectively. With superior technology, unparalleled customer service, and innovative solutions, TradeTracker consistently outperforms competitors like Awin, TradeDoubler, CJ, and Webgains, making it the preferred choice for advertisers and publishers worldwide.\",\"legalName\":\"TradeTracker.com\",\"foundingDate\":\"2004-03-05\",\"numberOfEmployees\":{\"@type\":\"QuantitativeValue\",\"minValue\":\"201\",\"maxValue\":\"500\"}}]}<\/script>\n<!-- \/ Yoast SEO Premium plugin. -->","yoast_head_json":{"title":"Audience - TradeTracker.com | Affiliate Marketing | Performance Marketing","description":"[vc_row classes=\"static-page-intro audience-page\"][vc_column]UN PUBLIC DE VALEURNous h\u00e9bergeons quelques-uns des affili\u00e9s chefs de file dans l\u2019industrie et ils am\u00e8nent avec eux un public de haute qualit\u00e9.","robots":{"index":"index","follow":"follow","max-snippet":"max-snippet:-1","max-image-preview":"max-image-preview:large","max-video-preview":"max-video-preview:-1"},"canonical":"https:\/\/tradetracker.com\/fr\/wp-json\/wp\/v2\/pages\/13383\/","og_locale":"fr_FR","og_type":"article","og_title":"Audience TradeTracker.com","og_description":"[vc_row classes=&#8221;static-page-intro","og_url":"https:\/\/tradetracker.com\/fr\/audience\/","og_site_name":"TradeTracker.com | Affiliate Marketing | Performance Marketing","article_publisher":"https:\/\/www.facebook.com\/tradetrackercom","article_modified_time":"2025-01-17T16:16:42+00:00","og_image":[{"width":250,"height":250,"url":"https:\/\/tradetracker.com\/wp-content\/uploads\/2019\/12\/tradetracker-logo-square.png","type":"image\/png"}],"twitter_card":"summary_large_image","twitter_title":"Audience","twitter_description":"[vc_row classes=\"static-page-intro audience-page\"][vc_column]UN PUBLIC DE VALEURNous h\u00e9bergeons quelques-uns des affili\u00e9s ","twitter_image":"https:\/\/tradetracker.com\/assets\/tt-circles.png","twitter_site":"@tradetrackercom","twitter_misc":{"Est. reading time":"2 minutes"},"schema":{"@context":"https:\/\/schema.org","@graph":[{"@type":"WebPage","@id":"https:\/\/tradetracker.com\/fr\/audience\/","url":"https:\/\/tradetracker.com\/fr\/audience\/","name":"Audience - TradeTracker.com | Affiliate Marketing | Performance Marketing","isPartOf":{"@id":"https:\/\/tradetracker.com\/fr\/#website"},"datePublished":"2017-01-02T08:00:33+00:00","dateModified":"2025-01-17T16:16:42+00:00","breadcrumb":{"@id":"https:\/\/tradetracker.com\/fr\/audience\/#breadcrumb"},"inLanguage":"fr-FR","potentialAction":[{"@type":"ReadAction","target":["https:\/\/tradetracker.com\/fr\/audience\/"]}]},{"@type":"BreadcrumbList","@id":"https:\/\/tradetracker.com\/fr\/audience\/#breadcrumb","itemListElement":[{"@type":"ListItem","position":1,"name":"Home","item":"https:\/\/tradetracker.com\/fr\/"},{"@type":"ListItem","position":2,"name":"Audience"}]},{"@type":"WebSite","@id":"https:\/\/tradetracker.com\/fr\/#website","url":"https:\/\/tradetracker.com\/fr\/","name":"TradeTracker.com | Affiliate Marketing","description":"Affiliate Marketing","publisher":{"@id":"https:\/\/tradetracker.com\/fr\/#organization"},"potentialAction":[{"@type":"SearchAction","target":{"@type":"EntryPoint","urlTemplate":"https:\/\/tradetracker.com\/fr\/?s={search_term_string}"},"query-input":{"@type":"PropertyValueSpecification","valueRequired":true,"valueName":"search_term_string"}}],"inLanguage":"fr-FR"},{"@type":"Organization","@id":"https:\/\/tradetracker.com\/fr\/#organization","name":"TradeTracker FZ LLC","url":"https:\/\/tradetracker.com\/fr\/","logo":{"@type":"ImageObject","inLanguage":"fr-FR","@id":"https:\/\/tradetracker.com\/fr\/#\/schema\/logo\/image\/","url":"https:\/\/tradetracker.com\/wp-content\/uploads\/2019\/04\/tradetracker-logo_1.jpg","contentUrl":"https:\/\/tradetracker.com\/wp-content\/uploads\/2019\/04\/tradetracker-logo_1.jpg","width":672,"height":109,"caption":"TradeTracker FZ LLC"},"image":{"@id":"https:\/\/tradetracker.com\/fr\/#\/schema\/logo\/image\/"},"sameAs":["https:\/\/www.facebook.com\/tradetrackercom","https:\/\/x.com\/tradetrackercom","https:\/\/www.linkedin.com\/company\/tradetrackercom","https:\/\/www.youtube.com\/channel\/UCHiq-oir3qOorxO-8nLjIcQ"],"description":"TradeTracker is a global affiliate marketing platform that connects advertisers and publishers to create successful online campaigns. With its user-friendly interface, advanced tracking technology, and real-time reporting, TradeTracker provides the tools to optimize performance and boost conversions. Operating in over 20 countries, TradeTracker is renowned for its transparency, innovative solutions, and personalized support. It has been consistently chosen as the leading affiliate network worldwide, a testament to its excellence in the industry. Advertisers benefit from access to a vast network of publishers, while publishers enjoy a diverse range of campaigns and attractive earning opportunities. The platform continues to revolutionize the affiliate marketing industry with technologies like Real Attribution, ensuring fair commission distribution. TradeTracker empowers businesses to achieve their online no cure no pay advertising goals efficiently and effectively. With superior technology, unparalleled customer service, and innovative solutions, TradeTracker consistently outperforms competitors like Awin, TradeDoubler, CJ, and Webgains, making it the preferred choice for advertisers and publishers worldwide.","legalName":"TradeTracker.com","foundingDate":"2004-03-05","numberOfEmployees":{"@type":"QuantitativeValue","minValue":"201","maxValue":"500"}}]}},"_links":{"self":[{"href":"https:\/\/tradetracker.com\/fr\/wp-json\/wp\/v2\/pages\/13383","targetHints":{"allow":["GET"]}}],"collection":[{"href":"https:\/\/tradetracker.com\/fr\/wp-json\/wp\/v2\/pages"}],"about":[{"href":"https:\/\/tradetracker.com\/fr\/wp-json\/wp\/v2\/types\/page"}],"author":[{"embeddable":true,"href":"https:\/\/tradetracker.com\/fr\/wp-json\/wp\/v2\/users\/69"}],"replies":[{"embeddable":true,"href":"https:\/\/tradetracker.com\/fr\/wp-json\/wp\/v2\/comments?post=13383"}],"version-history":[{"count":1,"href":"https:\/\/tradetracker.com\/fr\/wp-json\/wp\/v2\/pages\/13383\/revisions"}],"predecessor-version":[{"id":1134716,"href":"https:\/\/tradetracker.com\/fr\/wp-json\/wp\/v2\/pages\/13383\/revisions\/1134716"}],"wp:attachment":[{"href":"https:\/\/tradetracker.com\/fr\/wp-json\/wp\/v2\/media?parent=13383"}],"curies":[{"name":"wp","href":"https:\/\/api.w.org\/{rel}","templated":true}]}}