{"id":13428,"date":"2017-02-15T06:53:27","date_gmt":"2017-02-15T06:53:27","guid":{"rendered":"https:\/\/tradetracker.com\/fr\/conversion-path-tracking\/"},"modified":"2022-02-17T09:57:37","modified_gmt":"2022-02-17T09:57:37","slug":"conversion-path-tracking","status":"publish","type":"page","link":"https:\/\/tradetracker.com\/fr\/conversion-path-tracking\/","title":{"rendered":"Conversion Path Tracking"},"content":{"rendered":"<div class=\"wpb-content-wrapper\"><p>[vc_row classes=&#8221;admonitor-page-detail cpt-page-detail&#8221;][vc_column]<div class=\"row\"><div class=\"vc_col-sm-12\"><div class=\"industry-page-intro-text\"><h1  class=\"\">CONVERSION PATH TRACKING<\/h1><\/div>\r\n        <\/div>\r\n    <\/div>[\/vc_column][\/vc_row][vc_row classes=&#8221; bg-pattern&#8221;][vc_column][vc_row_inner][vc_column_inner width=&#8221;2\/12&#8243;][\/vc_column_inner][vc_column_inner el_class=&#8221;acenter&#8221; width=&#8221;8\/12&#8243;]<div class=\"space\"><\/div><header><h2 class=\" tt_composer\" >Comment suivre le chemin de conversion<\/h2><\/header>[vc_wp_text]<\/p>\n<p>Dans un march\u00e9 o\u00f9 le mod\u00e8le du last clic est appliqu\u00e9, beaucoup d\u2019efforts par les \u00e9diteurs sont faits pour obtenir cette position dans le parcours client vers la conversion. Cependant, plus de 95% des transactions d\u2019affiliation impliquent plus d\u2019un affili\u00e9 relayant la campagne. Traditionnellement, l\u2019affili\u00e9 responsable du dernier clic est r\u00e9compens\u00e9 par une commission et enregistr\u00e9 dans l\u2019aper\u00e7u de la transaction.<\/p>\n<p>Le suivi du chemin de conversion apporte des changements \u00e0 ce principe et offre aux marchands et affili\u00e9s un aper\u00e7u complet de tous les points de contact impliqu\u00e9s dans la transaction. Cette approche transparente donne aux utilisateurs une meilleure id\u00e9e de leur position et des rendements connexes qui permettent aux commer\u00e7ants et aux affili\u00e9s semblables \u00e0 modifier et d\u2019optimiser leurs strat\u00e9gies en devenant une valeur ajout\u00e9e. Tandis que les annonceurs ont acc\u00e8s \u00e0 plus d\u2019informations sur les affili\u00e9s impliqu\u00e9s et leurs positions dans le parcours clients, les affili\u00e9s peuvent optimiser leurs techniques pour atteindre les r\u00e9sultats.<\/p>\n<p>[\/vc_wp_text][\/vc_column_inner][vc_column_inner width=&#8221;2\/12&#8243;][\/vc_column_inner][\/vc_row_inner][vc_row_inner][vc_column_inner][vc_single_image image=&#8221;171442&#8243; img_size=&#8221;1024&#215;582&#8243; alignment=&#8221;center&#8221;]<div class=\"space\"><\/div>[\/vc_column_inner][\/vc_row_inner][\/vc_column][\/vc_row][vc_row css=&#8221;.vc_custom_1488976434515{background-color: #f3f6fa !important;}&#8221;][vc_column]<div class=\"space\"><\/div><header><h2 class=\" tt_composer\" >Utilisez le Conversion Path Tracking \u00e0 votre avantage<\/h2><\/header><div class=\"space\"><\/div>[vc_row_inner][vc_column_inner width=&#8221;2\/12&#8243;][\/vc_column_inner][vc_column_inner el_class=&#8221;acenter&#8221; width=&#8221;3\/12&#8243;]<header><h2 class=\" tt_composer\" >Annonceurs<\/h2><\/header>[vc_wp_text]<\/p>\n<p>Le Conversion Path Tracking aide \u00e0 identifier les affili\u00e9s qui sont souvent n\u00e9glig\u00e9s alors qu\u2019ils favorisent la conduite vers la conversion. En optimisant les mod\u00e8les de r\u00e9compense pour ces affili\u00e9s en particulier, ces derniers seront plus motiv\u00e9s \u00e0 fournir plus de trafic, ce qui d\u00e9bouchera directement ou indirectement \u00e0 plus de transactions.<\/p>\n<p>[\/vc_wp_text][\/vc_column_inner][vc_column_inner width=&#8221;2\/12&#8243;]<div class=\"customer-devider hide-mobile\"><\/div>\r\n                    <style>\r\n                    .customer-devider {\r\n                    background:#e9e9e9; \r\n                    min-height: 250px;\r\n                    }\r\n                    <\/style>[\/vc_column_inner][vc_column_inner el_class=&#8221;acenter&#8221; width=&#8221;3\/12&#8243;]<header><h2 class=\" tt_composer\" >Affili\u00e9s<\/h2><\/header>[vc_wp_text]<\/p>\n<p>Les affili\u00e9s gagnent des renseignements pr\u00e9cieux sur l\u2019implication de tout autre affili\u00e9 pertinent dans le parcours client et les utilisent ainsi pour am\u00e9liorer leurs propres performances. Ils peuvent \u00e9tudier comment faire pour se d\u00e9marquer de la concurrence et optimiser leurs approches.<\/p>\n<p>[\/vc_wp_text][\/vc_column_inner][vc_column_inner width=&#8221;2\/12&#8243;][\/vc_column_inner][\/vc_row_inner]<div class=\"space\"><\/div>[\/vc_column][\/vc_row][vc_row classes=&#8221;cta neutral bg-pattern&#8221; css=&#8221;.vc_custom_1488976583993{background-image: url(https:\/\/tradetracker.com\/wp-content\/uploads\/2017\/02\/CPT-cta.jpg?id=30460) !important;}&#8221;][vc_column]<div class=\"row\"><div class=\"vc_col-sm-12\"><h2 class=\"get_started\" >Pr\u00eat \u00e0 rejoindre la r\u00e9volution ?<\/h2>        <ul class=\"cta-items\">\r\n                        <li>\r\n                <a                    class=\"cta-advertiser-signup\"                                      href=\"mailto:info.fr@tradetracker.com\"                                   >\r\n                    Contactez-nous!                <\/a>\r\n            <\/li>\r\n                        \r\n                        <li>\r\n                <a                    class=\"cta-advertiser-signup\"                                      href=\"https:\/\/tradetracker.com\/wp-content\/uploads\/2017\/03\/CPT_brochure_FR.pdf\"                   target=\"_blank\"                >\r\n                    Telecharger brochure                <\/a>\r\n            <\/li>\r\n                    <\/ul>\r\n        <\/div><\/div>[\/vc_column][\/vc_row]<\/p>\n<\/div>","protected":false},"excerpt":{"rendered":"<p>[vc_row classes=&#8221;admonitor-page-detail cpt-page-detail&#8221;][vc_column][\/vc_column][\/vc_row][vc_row classes=&#8221; bg-pattern&#8221;][vc_column][vc_row_inner][vc_column_inner width=&#8221;2\/12&#8243;][\/vc_column_inner][vc_column_inner el_class=&#8221;acenter&#8221; width=&#8221;8\/12&#8243;][vc_wp_text] Dans un march\u00e9 o\u00f9 le mod\u00e8le du last clic est appliqu\u00e9, beaucoup d\u2019efforts par les \u00e9diteurs sont faits pour obtenir cette position dans le parcours client vers la conversion. Cependant, plus de 95% des transactions d\u2019affiliation impliquent plus d\u2019un affili\u00e9 relayant la campagne. Traditionnellement, l\u2019affili\u00e9 responsable du  [&#8230;]<\/p>\n","protected":false},"author":69,"featured_media":0,"parent":0,"menu_order":0,"comment_status":"closed","ping_status":"closed","template":"","meta":{"inline_featured_image":false,"_monsterinsights_skip_tracking":false,"_monsterinsights_sitenote_active":false,"_monsterinsights_sitenote_note":"","_monsterinsights_sitenote_category":0,"footnotes":""},"class_list":["post-13428","page","type-page","status-publish","hentry"],"yoast_head":"<!-- This site is optimized with the Yoast SEO Premium plugin v27.0 (Yoast SEO v27.0) - https:\/\/yoast.com\/product\/yoast-seo-premium-wordpress\/ -->\n<title>Conversion Path Tracking - TradeTracker.com | Affiliate Marketing | Performance Marketing<\/title>\n<meta name=\"description\" content=\"[vc_row classes=&quot;admonitor-page-detail cpt-page-detail&quot;][vc_column]CONVERSION PATH TRACKING [\/vc_column][\/vc_row][vc_row classes=&quot; bg-pattern&quot;][vc_column][vc_row_inner][vc_column_inner\" \/>\n<meta name=\"robots\" content=\"index, follow, max-snippet:-1, max-image-preview:large, max-video-preview:-1\" \/>\n<link rel=\"canonical\" href=\"https:\/\/tradetracker.com\/fr\/wp-json\/wp\/v2\/pages\/13428\/\" \/>\n<meta property=\"og:locale\" content=\"fr_FR\" \/>\n<meta property=\"og:type\" content=\"article\" \/>\n<meta property=\"og:title\" content=\"Conversion Path Tracking TradeTracker.com\" \/>\n<meta property=\"og:description\" content=\"[vc_row classes=&#8221;admonitor-page-detail\" \/>\n<meta property=\"og:url\" content=\"https:\/\/tradetracker.com\/fr\/conversion-path-tracking\/\" \/>\n<meta property=\"og:site_name\" content=\"TradeTracker.com | Affiliate Marketing | Performance Marketing\" \/>\n<meta property=\"article:publisher\" content=\"https:\/\/www.facebook.com\/tradetrackercom\" \/>\n<meta property=\"article:modified_time\" content=\"2022-02-17T09:57:37+00:00\" \/>\n<meta property=\"og:image\" content=\"https:\/\/tradetracker.com\/wp-content\/uploads\/2019\/12\/tradetracker-logo-square.png\" \/>\n\t<meta property=\"og:image:width\" content=\"250\" \/>\n\t<meta property=\"og:image:height\" content=\"250\" \/>\n\t<meta property=\"og:image:type\" content=\"image\/png\" \/>\n<meta name=\"twitter:card\" content=\"summary_large_image\" \/>\n<meta name=\"twitter:title\" content=\"Conversion Path Tracking\" \/>\n<meta name=\"twitter:description\" content=\"[vc_row classes=&quot;admonitor-page-detail cpt-page-detail&quot;][vc_column]CONVERSION PATH TRACKING [\/vc_column][\/vc_row][vc_row \" \/>\n<meta name=\"twitter:image\" content=\"https:\/\/tradetracker.com\/assets\/tt-circles.png\" \/>\n<meta name=\"twitter:site\" content=\"@tradetrackercom\" \/>\n<meta name=\"twitter:label1\" content=\"Est. reading time\" \/>\n\t<meta name=\"twitter:data1\" content=\"3 minutes\" \/>\n<script type=\"application\/ld+json\" class=\"yoast-schema-graph\">{\"@context\":\"https:\/\/schema.org\",\"@graph\":[{\"@type\":\"WebPage\",\"@id\":\"https:\/\/tradetracker.com\/fr\/conversion-path-tracking\/\",\"url\":\"https:\/\/tradetracker.com\/fr\/conversion-path-tracking\/\",\"name\":\"Conversion Path Tracking - TradeTracker.com | Affiliate Marketing | Performance Marketing\",\"isPartOf\":{\"@id\":\"https:\/\/tradetracker.com\/fr\/#website\"},\"datePublished\":\"2017-02-15T06:53:27+00:00\",\"dateModified\":\"2022-02-17T09:57:37+00:00\",\"breadcrumb\":{\"@id\":\"https:\/\/tradetracker.com\/fr\/conversion-path-tracking\/#breadcrumb\"},\"inLanguage\":\"fr-FR\",\"potentialAction\":[{\"@type\":\"ReadAction\",\"target\":[\"https:\/\/tradetracker.com\/fr\/conversion-path-tracking\/\"]}]},{\"@type\":\"BreadcrumbList\",\"@id\":\"https:\/\/tradetracker.com\/fr\/conversion-path-tracking\/#breadcrumb\",\"itemListElement\":[{\"@type\":\"ListItem\",\"position\":1,\"name\":\"Home\",\"item\":\"https:\/\/tradetracker.com\/fr\/\"},{\"@type\":\"ListItem\",\"position\":2,\"name\":\"Conversion Path Tracking\"}]},{\"@type\":\"WebSite\",\"@id\":\"https:\/\/tradetracker.com\/fr\/#website\",\"url\":\"https:\/\/tradetracker.com\/fr\/\",\"name\":\"TradeTracker.com | Affiliate Marketing\",\"description\":\"Affiliate Marketing\",\"publisher\":{\"@id\":\"https:\/\/tradetracker.com\/fr\/#organization\"},\"potentialAction\":[{\"@type\":\"SearchAction\",\"target\":{\"@type\":\"EntryPoint\",\"urlTemplate\":\"https:\/\/tradetracker.com\/fr\/?s={search_term_string}\"},\"query-input\":{\"@type\":\"PropertyValueSpecification\",\"valueRequired\":true,\"valueName\":\"search_term_string\"}}],\"inLanguage\":\"fr-FR\"},{\"@type\":\"Organization\",\"@id\":\"https:\/\/tradetracker.com\/fr\/#organization\",\"name\":\"TradeTracker FZ LLC\",\"url\":\"https:\/\/tradetracker.com\/fr\/\",\"logo\":{\"@type\":\"ImageObject\",\"inLanguage\":\"fr-FR\",\"@id\":\"https:\/\/tradetracker.com\/fr\/#\/schema\/logo\/image\/\",\"url\":\"https:\/\/tradetracker.com\/wp-content\/uploads\/2019\/04\/tradetracker-logo_1.jpg\",\"contentUrl\":\"https:\/\/tradetracker.com\/wp-content\/uploads\/2019\/04\/tradetracker-logo_1.jpg\",\"width\":672,\"height\":109,\"caption\":\"TradeTracker FZ LLC\"},\"image\":{\"@id\":\"https:\/\/tradetracker.com\/fr\/#\/schema\/logo\/image\/\"},\"sameAs\":[\"https:\/\/www.facebook.com\/tradetrackercom\",\"https:\/\/x.com\/tradetrackercom\",\"https:\/\/www.linkedin.com\/company\/tradetrackercom\",\"https:\/\/www.youtube.com\/channel\/UCHiq-oir3qOorxO-8nLjIcQ\"],\"description\":\"TradeTracker is a global affiliate marketing platform that connects advertisers and publishers to create successful online campaigns. With its user-friendly interface, advanced tracking technology, and real-time reporting, TradeTracker provides the tools to optimize performance and boost conversions. Operating in over 20 countries, TradeTracker is renowned for its transparency, innovative solutions, and personalized support. It has been consistently chosen as the leading affiliate network worldwide, a testament to its excellence in the industry. Advertisers benefit from access to a vast network of publishers, while publishers enjoy a diverse range of campaigns and attractive earning opportunities. The platform continues to revolutionize the affiliate marketing industry with technologies like Real Attribution, ensuring fair commission distribution. TradeTracker empowers businesses to achieve their online no cure no pay advertising goals efficiently and effectively. With superior technology, unparalleled customer service, and innovative solutions, TradeTracker consistently outperforms competitors like Awin, TradeDoubler, CJ, and Webgains, making it the preferred choice for advertisers and publishers worldwide.\",\"legalName\":\"TradeTracker.com\",\"foundingDate\":\"2004-03-05\",\"numberOfEmployees\":{\"@type\":\"QuantitativeValue\",\"minValue\":\"201\",\"maxValue\":\"500\"}}]}<\/script>\n<!-- \/ Yoast SEO Premium plugin. -->","yoast_head_json":{"title":"Conversion Path Tracking - TradeTracker.com | Affiliate Marketing | Performance Marketing","description":"[vc_row classes=\"admonitor-page-detail cpt-page-detail\"][vc_column]CONVERSION PATH TRACKING [\/vc_column][\/vc_row][vc_row classes=\" bg-pattern\"][vc_column][vc_row_inner][vc_column_inner","robots":{"index":"index","follow":"follow","max-snippet":"max-snippet:-1","max-image-preview":"max-image-preview:large","max-video-preview":"max-video-preview:-1"},"canonical":"https:\/\/tradetracker.com\/fr\/wp-json\/wp\/v2\/pages\/13428\/","og_locale":"fr_FR","og_type":"article","og_title":"Conversion Path Tracking TradeTracker.com","og_description":"[vc_row classes=&#8221;admonitor-page-detail","og_url":"https:\/\/tradetracker.com\/fr\/conversion-path-tracking\/","og_site_name":"TradeTracker.com | Affiliate Marketing | Performance Marketing","article_publisher":"https:\/\/www.facebook.com\/tradetrackercom","article_modified_time":"2022-02-17T09:57:37+00:00","og_image":[{"width":250,"height":250,"url":"https:\/\/tradetracker.com\/wp-content\/uploads\/2019\/12\/tradetracker-logo-square.png","type":"image\/png"}],"twitter_card":"summary_large_image","twitter_title":"Conversion Path Tracking","twitter_description":"[vc_row classes=\"admonitor-page-detail cpt-page-detail\"][vc_column]CONVERSION PATH TRACKING [\/vc_column][\/vc_row][vc_row ","twitter_image":"https:\/\/tradetracker.com\/assets\/tt-circles.png","twitter_site":"@tradetrackercom","twitter_misc":{"Est. reading time":"3 minutes"},"schema":{"@context":"https:\/\/schema.org","@graph":[{"@type":"WebPage","@id":"https:\/\/tradetracker.com\/fr\/conversion-path-tracking\/","url":"https:\/\/tradetracker.com\/fr\/conversion-path-tracking\/","name":"Conversion Path Tracking - TradeTracker.com | Affiliate Marketing | Performance Marketing","isPartOf":{"@id":"https:\/\/tradetracker.com\/fr\/#website"},"datePublished":"2017-02-15T06:53:27+00:00","dateModified":"2022-02-17T09:57:37+00:00","breadcrumb":{"@id":"https:\/\/tradetracker.com\/fr\/conversion-path-tracking\/#breadcrumb"},"inLanguage":"fr-FR","potentialAction":[{"@type":"ReadAction","target":["https:\/\/tradetracker.com\/fr\/conversion-path-tracking\/"]}]},{"@type":"BreadcrumbList","@id":"https:\/\/tradetracker.com\/fr\/conversion-path-tracking\/#breadcrumb","itemListElement":[{"@type":"ListItem","position":1,"name":"Home","item":"https:\/\/tradetracker.com\/fr\/"},{"@type":"ListItem","position":2,"name":"Conversion Path Tracking"}]},{"@type":"WebSite","@id":"https:\/\/tradetracker.com\/fr\/#website","url":"https:\/\/tradetracker.com\/fr\/","name":"TradeTracker.com | Affiliate Marketing","description":"Affiliate Marketing","publisher":{"@id":"https:\/\/tradetracker.com\/fr\/#organization"},"potentialAction":[{"@type":"SearchAction","target":{"@type":"EntryPoint","urlTemplate":"https:\/\/tradetracker.com\/fr\/?s={search_term_string}"},"query-input":{"@type":"PropertyValueSpecification","valueRequired":true,"valueName":"search_term_string"}}],"inLanguage":"fr-FR"},{"@type":"Organization","@id":"https:\/\/tradetracker.com\/fr\/#organization","name":"TradeTracker FZ LLC","url":"https:\/\/tradetracker.com\/fr\/","logo":{"@type":"ImageObject","inLanguage":"fr-FR","@id":"https:\/\/tradetracker.com\/fr\/#\/schema\/logo\/image\/","url":"https:\/\/tradetracker.com\/wp-content\/uploads\/2019\/04\/tradetracker-logo_1.jpg","contentUrl":"https:\/\/tradetracker.com\/wp-content\/uploads\/2019\/04\/tradetracker-logo_1.jpg","width":672,"height":109,"caption":"TradeTracker FZ LLC"},"image":{"@id":"https:\/\/tradetracker.com\/fr\/#\/schema\/logo\/image\/"},"sameAs":["https:\/\/www.facebook.com\/tradetrackercom","https:\/\/x.com\/tradetrackercom","https:\/\/www.linkedin.com\/company\/tradetrackercom","https:\/\/www.youtube.com\/channel\/UCHiq-oir3qOorxO-8nLjIcQ"],"description":"TradeTracker is a global affiliate marketing platform that connects advertisers and publishers to create successful online campaigns. With its user-friendly interface, advanced tracking technology, and real-time reporting, TradeTracker provides the tools to optimize performance and boost conversions. Operating in over 20 countries, TradeTracker is renowned for its transparency, innovative solutions, and personalized support. It has been consistently chosen as the leading affiliate network worldwide, a testament to its excellence in the industry. Advertisers benefit from access to a vast network of publishers, while publishers enjoy a diverse range of campaigns and attractive earning opportunities. The platform continues to revolutionize the affiliate marketing industry with technologies like Real Attribution, ensuring fair commission distribution. TradeTracker empowers businesses to achieve their online no cure no pay advertising goals efficiently and effectively. With superior technology, unparalleled customer service, and innovative solutions, TradeTracker consistently outperforms competitors like Awin, TradeDoubler, CJ, and Webgains, making it the preferred choice for advertisers and publishers worldwide.","legalName":"TradeTracker.com","foundingDate":"2004-03-05","numberOfEmployees":{"@type":"QuantitativeValue","minValue":"201","maxValue":"500"}}]}},"_links":{"self":[{"href":"https:\/\/tradetracker.com\/fr\/wp-json\/wp\/v2\/pages\/13428","targetHints":{"allow":["GET"]}}],"collection":[{"href":"https:\/\/tradetracker.com\/fr\/wp-json\/wp\/v2\/pages"}],"about":[{"href":"https:\/\/tradetracker.com\/fr\/wp-json\/wp\/v2\/types\/page"}],"author":[{"embeddable":true,"href":"https:\/\/tradetracker.com\/fr\/wp-json\/wp\/v2\/users\/69"}],"replies":[{"embeddable":true,"href":"https:\/\/tradetracker.com\/fr\/wp-json\/wp\/v2\/comments?post=13428"}],"version-history":[{"count":0,"href":"https:\/\/tradetracker.com\/fr\/wp-json\/wp\/v2\/pages\/13428\/revisions"}],"wp:attachment":[{"href":"https:\/\/tradetracker.com\/fr\/wp-json\/wp\/v2\/media?parent=13428"}],"curies":[{"name":"wp","href":"https:\/\/api.w.org\/{rel}","templated":true}]}}