{"id":13548,"date":"2016-12-19T13:34:20","date_gmt":"2016-12-19T13:34:20","guid":{"rendered":"https:\/\/tradetracker.com\/fr\/privacy-policy\/"},"modified":"2020-12-31T16:31:33","modified_gmt":"2020-12-31T16:31:33","slug":"politique-de-confidentialite","status":"publish","type":"page","link":"https:\/\/tradetracker.com\/fr\/politique-de-confidentialite\/","title":{"rendered":"Privacy Policy"},"content":{"rendered":"<div class=\"wpb-content-wrapper\"><p>[vc_row classes=&#8221;static-page-intro short privacy-page&#8221;][vc_column]<div class=\"row\"><div class=\"vc_col-sm-12\"><div class=\" static-page-intro-text \"><h1  style=\"color: #ffffff\" class=\"\">Privacy Policy<\/h1><\/div>\r\n        <\/div>\r\n    <\/div>[\/vc_column][\/vc_row][vc_row][vc_column]<div class=\"space\"><\/div>[vc_wp_text]Chez TradeTracker, votre confidentialit\u00e9 nous importe. Afin de mieux prot\u00e9ger votre vie priv\u00e9e, nous vous expliquons nos pratiques en mati\u00e8re d\u2019informations, et les choix que vous pouvez faire concernant la mani\u00e8re dont vos donn\u00e9es, personnelles ou non, sont recueillies, utilis\u00e9es et divulgu\u00e9es. Notre politique de confidentialit\u00e9 est disponible sur notre page d\u2019accueil et \u00e0 chaque point o\u00f9 des donn\u00e9es personnelles peuvent \u00eatre demand\u00e9es.<\/p>\n<h3>Les informations que nous recueillons<\/h3>\n<p>Il existe deux types de donn\u00e9es pouvant \u00eatre r\u00e9colt\u00e9es : les donn\u00e9es \u00e0 caract\u00e8re personnel et celles qui ne le sont pas.<br \/>\nLes donn\u00e9es sont consid\u00e9r\u00e9es \u201c\u00e0 caract\u00e8re personnel\u201d d\u00e8s lors qu\u2019elles concernent des personnes physiques identifi\u00e9es directement ou indirectement. Ce sont les donn\u00e9es identifiant ou permettant d\u2019identifier une personne pr\u00e9cise. Sont g\u00e9n\u00e9ralement consid\u00e9r\u00e9es comme telles vos noms et pr\u00e9noms, adresse, num\u00e9ro de t\u00e9l\u00e9phone, adresse courriel ou date de naissance, etc.<\/p>\n<p>TradeTracker recueille de nombreux types d\u2019informations afin de fonctionner de mani\u00e8re efficace et vous fournir les meilleurs produits, services et exp\u00e9riences. Nous recueillons des informations lorsque vous vous enregistrez, connectez et lorsque vous utilisez notre site et nos services. Nous pouvons aussi, dans certains cas, acqu\u00e9rir des informations d\u2019autres soci\u00e9t\u00e9s. Nous recueillons ces informations de plusieurs mani\u00e8res, y compris \u00e0 partir de formulaires Web, de technologies telles que cookies, de journalisations Web et de logiciels sur votre ordinateur ou autre dispositif.<\/p>\n<p>Les informations sont g\u00e9n\u00e9ralement r\u00e9cup\u00e9r\u00e9es par le biais de cookies. Il s\u2019agit de petits fichiers textes stock\u00e9s par le navigateur web de l\u2019internaute qui visite un site, contenant de petites quantit\u00e9s de donn\u00e9es. Ces donn\u00e9es peuvent varier de certaines pr\u00e9f\u00e9rences de site Web \u00e0 la m\u00e9morisation de vos informations de connexion pour un certain site Web. Votre navigateur peut acc\u00e9der \u00e0 ces informations pour faciliter l\u2019utilisation lors de la navigation.<br \/>\nVous pouvez conna\u00eetre l\u2019int\u00e9gralit\u00e9 des cookies utilis\u00e9s en vous rendant sur <a href=\"\/fr\/politique-de-confidentialite\/how-we-use-cookies\/\">cette page<\/a>.<\/p>\n<p>Les informations que nous recueillons et le biais par lequel nous les recueillons d\u00e9pendent de la mani\u00e8re dont nous sommes mis en relation, et du fait que vous soyez un simple visiteur sur le site, un adh\u00e9rent au programme ou le visiteur du site d\u2019un affili\u00e9.<br \/>\nNous n\u2019enregistrons aucune autre donn\u00e9e personnelle telle que votre nom, adresse, num\u00e9ro de t\u00e9l\u00e9phone et adresse email que celles que vous nous fournissez lors de l\u2019inscription \u00e0 notre programme ou \u00e0 notre newsletter.<\/p>\n<p>En tout \u00e9tat de cause, vos donn\u00e9es ne seront jamais vendues ni transmises \u00e0 des tiers, hormis dans le but de nous assurer de l\u2019exactitude des donn\u00e9es que vous nous transmettez et pour v\u00e9rifier les transactions que vous effectuez.<\/p>\n<h3>La visite du site<\/h3>\n<p>Il n\u2019est pas n\u00e9cessaire de s\u2019inscrire et donc de fournir des informations personnelles pour visiter le site de TradeTracker.<br \/>\nToutefois, afin d\u2019analyser le comportement des visiteurs et l\u2019affluence, vous trouverez en haut de page lors de votre navigation un bandeau d\u2019information vous demandant si vous acceptez l\u2019usage des cookies, ainsi que de plus amples informations. Vous avez la possibilit\u00e9 de refuser l\u2019usage des cookies, mais aussi de les supprimer, selon des proc\u00e9dures propres \u00e0 votre explorateur internet. Les informations stock\u00e9es dans les cookies seront alors supprim\u00e9es de votre syst\u00e8me.<\/p>\n<p>Les cookies utilis\u00e9s nous serviront uniquement \u00e0 recueillir des informations sur le visiteur et \u00e0 optimiser l\u2019usage et la fluidit\u00e9 du site internet. Les informations recueillies consistent exclusivement en donn\u00e9es ne permettant pas de remonter jusqu\u2019\u00e0 des personnes. Ces informations ne sont pas stock\u00e9es, nous nous contentons de les compiler \u00e0 des fins statistiques<\/p>\n<h3>En ayant un compte TradeTracker<\/h3>\n<p>Un compte TradeTracker vous permet de vous connecter aux produits, site Web et services de TradeTracker. Lorsque vous cr\u00e9ez un compte TradeTracker, nous vous demandons de fournir certaines informations, et les informations personnelles que vous nous fournirez (votre nom, pr\u00e9nom, adresse\u2026) seront enregistr\u00e9es.<br \/>\nLorsque vous vous connectez \u00e0 un site Web ou service en utilisant votre compte TradeTracker, nous recueillons certaines informations afin de v\u00e9rifier votre identit\u00e9 au nom du site Web ou du service, pour vous prot\u00e9ger d\u2019utilisations de compte malveillantes et prot\u00e9ger l\u2019efficacit\u00e9 et la s\u00e9curit\u00e9 de TradeTracker. Nous pouvons aussi envoyer certaines informations non-personnelles \u00e0 un site Web ou service auquel vous vous \u00eates connect\u00e9 avec votre compte TradeTracker.<\/p>\n<p>Nous utilisons \u00e9galement des cookies sp\u00e9cifiques au sein du site de tradetracker, et li\u00e9s \u00e0 votre compte TradeTracker. La majorit\u00e9 d\u2019entre eux sont n\u00e9cessaires pour le bon fonctionnement de votre compte. Aucune information personnelle n\u2019est stock\u00e9e dans ces cookies. Vous trouverez une liste d\u00e9taill\u00e9e des cookies utilis\u00e9s principalement pour le fonctionnement du domaine \u201ctradetracker.com\u201d sur la page consacr\u00e9e aux cookies.<\/p>\n<h3>En tant que visiteur du site d\u2019un affili\u00e9<\/h3>\n<p>Le cookie est la clef de vo\u00fbte du syst\u00e8me de tracking des campagnes d\u2019affiliation et donc de la r\u00e9mun\u00e9ration des affili\u00e9s. Les services offerts par TradeTracker n\u00e9cessitent de suivre le trafic et les performances d\u2019un site (celui du publisher) \u00e0 un autre (le marchand), et d\u2019enregistrer le nombre et la r\u00e9alit\u00e9 des transactions effectu\u00e9es d\u2019un site \u00e0 l\u2019autre (qu\u2019il s\u2019agisse de click, de vente ou de souscription).<\/p>\n<p>Pour \u00eatre s\u00fbrs que les statistiques sont bien attribu\u00e9es au bon site, TradeTracker utilise des cookies de suivi (tracking cookies), qui permettent de savoir si l\u2019affichage d\u2019une publicit\u00e9 ou un clic sur cette derni\u00e8re a conduit \u00e0 une vente ou une inscription.<br \/>\nAucune information personnelle ne sera stock\u00e9e dans ces cookies. Vous pouvez retrouver la liste et le but de ces cookies sur la page appropri\u00e9e.<\/p>\n<h3>La protection des donn\u00e9es<\/h3>\n<p>La s\u00e9curit\u00e9 et la protection de vos donn\u00e9es est essentielle pour nous. TradeTracker prend toutes les mesures techniques et op\u00e9rationnelles pour assurer la s\u00e9curit\u00e9 maximale de vos donn\u00e9es, conform\u00e9ment \u00e0 la l\u00e9gislation en vigueur.<br \/>\nL\u2019infrastructure et le logiciel du programme des adh\u00e9rents a \u00e9t\u00e9 d\u00e9velopp\u00e9 et est prot\u00e9g\u00e9 de telle mani\u00e8re que des tiers non autoris\u00e9s ne puissent pas acqu\u00e9rir de donn\u00e9es personnelles concernant des participants de TradeTracker.<\/p>\n<h3>Comment nous utilisons vos informations personnelles<\/h3>\n<p>TradeTracker utilise les informations recueillies pour exploiter, am\u00e9liorer et personnaliser les produits et services que nous offrons. Ces donn\u00e9es peuvent \u00eatre utilis\u00e9es en vue de l\u2019ex\u00e9cution du contrat, de l\u2019administration du fichier clients par TradeTracker dans le cadre de la relation contractuelle entre TradeTracker et l\u2019adh\u00e9rent.<\/p>\n<p>Nous pouvons aussi utiliser les informations pour aider \u00e0 rendre plus pertinentes les publicit\u00e9s que vous voyez dans nos services ou pour communiquer avec vous pour, par exemple, vous informer sur votre compte et des actualisations de s\u00e9curit\u00e9.<\/p>\n<h3>Les raisons pour lesquelles nous partageons vos informations personnelles<\/h3>\n<p>Exception faite des indications faites dans la pr\u00e9sente d\u00e9claration de confidentialit\u00e9, nous ne divulguerons pas vos informations personnelles \u00e0 des tiers sans votre consentement. Vos donn\u00e9es personnelles ne seront jamais vendues ni \u00e9chang\u00e9es.<\/p>\n<p>Vos donn\u00e9es ne seront jamais transmises \u00e0 des tiers, hormis dans le but de nous assurer de l\u2019exactitude des donn\u00e9es que vous nous transmettez et pour v\u00e9rifier les transactions que vous effectuez.<\/p>\n<p>Nous nous r\u00e9servons le droit de divulguer vos informations personnelles si la loi nous y contraint et \u00e0 chaque fois que nous estimerons qu\u2019une telle divulgation est n\u00e9cessaire pour prot\u00e9ger nos droits et\/ou nous conformer \u00e0 une proc\u00e9dure judiciaire, \u00e0 une ordonnance de tribunal ou \u00e0 une voie de droit impliquant notre soci\u00e9t\u00e9.<\/p>\n<h3>L\u2019acc\u00e8s \u00e0 vos informations personnelles<\/h3>\n<p>En application de la loi informatique et libert\u00e9s, vous disposez \u00e0 tout moment d\u2019un droit d\u2019acc\u00e8s aux informations vous concernant. Vous pouvez demander leur rectification ou exiger \u00e0 ne plus figurer dans la base de donn\u00e9es de TradeTracker. Tout adh\u00e9rent ou commer\u00e7ant peut exercer ce droit en adressant une demande par courrier \u00e9lectronique \u00e0 TradeTracker.<\/p>\n<p>Si vous \u00eates enregistr\u00e9s en tant que clients sur notre site web, certains services de TradeTracker vous donnent la possibilit\u00e9 de voir ou d\u2019\u00e9diter vos informations personnelles, et de r\u00e9gler vos pr\u00e9f\u00e9rences de confidentialit\u00e9 en ligne.<\/p>\n<h3>La suppression des cookies<\/h3>\n<p>Aucune information permettant votre identification n\u2019est stock\u00e9e dans nos cookies. Toutefois, si vous souhaitez supprimer les cookies, il vous est possible de le faire par le biais des r\u00e9glages de votre explorateur, en mettant en place des pr\u00e9f\u00e9rences de confidentialit\u00e9.<br \/>\nLes cookies concernant votre compte TradeTracker et les cookies analytiques peuvent \u00eatre supprim\u00e9s en vous rendant dans la section cookies sur tradetracker.com.<\/p>\n<p>Les navigateurs permettent de param\u00e9trer les cookies \u00e0 plusieurs niveaux :<br \/>\n\u2013 en exigeant la confirmation de l\u2019utilisateur pour chaque cookie d\u00e9pos\u00e9 sur son ordinateur ;<br \/>\n\u2013 en acceptant uniquement les cookies provenant de sites web indiqu\u00e9s par l\u2019internaute ;<br \/>\n\u2013 en supprimant des cookies sp\u00e9cifiques ;<br \/>\n\u2013 en refusant tous les cookies.<\/p>\n<p>Toutefois, veuillez noter que d\u00e9sactiver tous les cookies affecte de mani\u00e8re significative la navigation sur le Web.<\/p>\n<p>Si vous souhaitez naviguer sur internet \u00e0 l\u2019avenir sans avoir affaire aux cookies, vous pouvez \u00e9galement naviguer via une session de navigation priv\u00e9e de votre explorateur, mais vous devrez vous identifier \u00e0 nouveau sur chaque site visit\u00e9 apr\u00e8s chaque fin de session.<\/p>\n<h3>Pr\u00e9f\u00e9rences de communication<\/h3>\n<p>Lorsque vous nous donnez votre consentement pour utiliser votre adresse mail, nous pouvons vous envoyer des newsletters ou du courrier promotionnel.<br \/>\nVous pouvez retirer votre consentement \u00e0 tout moment, et demander \u00e0 arr\u00eater l\u2019envoi de tels courriels venant des sites et services de TradeTracker en suivant les instructions que vous retrouverez dans chaque courriel que vous recevez.<\/p>\n<p>En fonction du service respectif, vous pouvez aussi choisir l\u2019option de faire proactivement des choix concernant la r\u00e9ception de courriels promotionnels, appels t\u00e9l\u00e9phoniques et courriers postaux pour des sites et services particuliers de TradeTracker.[\/vc_wp_text][\/vc_column][\/vc_row][vc_row][vc_column]<div class=\"space\"><\/div>[\/vc_column][\/vc_row]<\/p>\n<\/div>","protected":false},"excerpt":{"rendered":"<p>[vc_row classes=&#8221;static-page-intro short privacy-page&#8221;][vc_column][\/vc_column][\/vc_row][vc_row][vc_column][vc_wp_text]Chez TradeTracker, votre confidentialit\u00e9 nous importe. Afin de mieux prot\u00e9ger votre vie priv\u00e9e, nous vous expliquons nos pratiques en mati\u00e8re d\u2019informations, et les choix que vous pouvez faire concernant la mani\u00e8re dont vos donn\u00e9es, personnelles ou non, sont recueillies, utilis\u00e9es et divulgu\u00e9es. Notre politique de confidentialit\u00e9 est disponible sur notre page d\u2019accueil  [&#8230;]<\/p>\n","protected":false},"author":69,"featured_media":0,"parent":0,"menu_order":0,"comment_status":"closed","ping_status":"closed","template":"template-privacy-page.php","meta":{"inline_featured_image":false,"_monsterinsights_skip_tracking":false,"_monsterinsights_sitenote_active":false,"_monsterinsights_sitenote_note":"","_monsterinsights_sitenote_category":0,"footnotes":""},"class_list":["post-13548","page","type-page","status-publish","hentry"],"yoast_head":"<!-- This site is optimized with the Yoast SEO Premium plugin v27.0 (Yoast SEO v27.0) - https:\/\/yoast.com\/product\/yoast-seo-premium-wordpress\/ -->\n<title>Privacy Policy - TradeTracker.com | Affiliate Marketing | Performance Marketing<\/title>\n<meta name=\"description\" content=\"[vc_row classes=&quot;static-page-intro short privacy-page&quot;][vc_column]Privacy Policy [\/vc_column][\/vc_row][vc_row][vc_column][vc_wp_text]Chez TradeTracker, votre confidentialit\u00e9 nous importe. Afin de mieux prot\u00e9ger votre\" \/>\n<meta name=\"robots\" content=\"index, follow, max-snippet:-1, max-image-preview:large, max-video-preview:-1\" \/>\n<link rel=\"canonical\" href=\"https:\/\/tradetracker.com\/fr\/wp-json\/wp\/v2\/pages\/13548\/\" \/>\n<meta property=\"og:locale\" content=\"fr_FR\" \/>\n<meta property=\"og:type\" content=\"article\" \/>\n<meta property=\"og:title\" content=\"Privacy Policy TradeTracker.com\" \/>\n<meta property=\"og:description\" content=\"[vc_row classes=&#8221;static-page-intro short\" \/>\n<meta property=\"og:url\" content=\"https:\/\/tradetracker.com\/fr\/politique-de-confidentialite\/\" \/>\n<meta property=\"og:site_name\" content=\"TradeTracker.com | Affiliate Marketing | Performance Marketing\" \/>\n<meta property=\"article:publisher\" content=\"https:\/\/www.facebook.com\/tradetrackercom\" \/>\n<meta property=\"article:modified_time\" content=\"2020-12-31T16:31:33+00:00\" \/>\n<meta property=\"og:image\" content=\"https:\/\/tradetracker.com\/wp-content\/uploads\/2019\/12\/tradetracker-logo-square.png\" \/>\n\t<meta property=\"og:image:width\" content=\"250\" \/>\n\t<meta property=\"og:image:height\" content=\"250\" \/>\n\t<meta property=\"og:image:type\" content=\"image\/png\" \/>\n<meta name=\"twitter:card\" content=\"summary_large_image\" \/>\n<meta name=\"twitter:title\" content=\"Privacy Policy\" \/>\n<meta name=\"twitter:description\" content=\"[vc_row classes=&quot;static-page-intro short privacy-page&quot;][vc_column]Privacy Policy \" \/>\n<meta name=\"twitter:image\" content=\"https:\/\/tradetracker.com\/assets\/tt-circles.png\" \/>\n<meta name=\"twitter:site\" content=\"@tradetrackercom\" \/>\n<meta name=\"twitter:label1\" content=\"Est. reading time\" \/>\n\t<meta name=\"twitter:data1\" content=\"9 minutes\" \/>\n<script type=\"application\/ld+json\" class=\"yoast-schema-graph\">{\"@context\":\"https:\/\/schema.org\",\"@graph\":[{\"@type\":\"WebPage\",\"@id\":\"https:\/\/tradetracker.com\/fr\/politique-de-confidentialite\/\",\"url\":\"https:\/\/tradetracker.com\/fr\/politique-de-confidentialite\/\",\"name\":\"Privacy Policy - TradeTracker.com | Affiliate Marketing | Performance Marketing\",\"isPartOf\":{\"@id\":\"https:\/\/tradetracker.com\/fr\/#website\"},\"datePublished\":\"2016-12-19T13:34:20+00:00\",\"dateModified\":\"2020-12-31T16:31:33+00:00\",\"breadcrumb\":{\"@id\":\"https:\/\/tradetracker.com\/fr\/politique-de-confidentialite\/#breadcrumb\"},\"inLanguage\":\"fr-FR\",\"potentialAction\":[{\"@type\":\"ReadAction\",\"target\":[\"https:\/\/tradetracker.com\/fr\/politique-de-confidentialite\/\"]}]},{\"@type\":\"BreadcrumbList\",\"@id\":\"https:\/\/tradetracker.com\/fr\/politique-de-confidentialite\/#breadcrumb\",\"itemListElement\":[{\"@type\":\"ListItem\",\"position\":1,\"name\":\"Home\",\"item\":\"https:\/\/tradetracker.com\/fr\/\"},{\"@type\":\"ListItem\",\"position\":2,\"name\":\"Privacy Policy\"}]},{\"@type\":\"WebSite\",\"@id\":\"https:\/\/tradetracker.com\/fr\/#website\",\"url\":\"https:\/\/tradetracker.com\/fr\/\",\"name\":\"TradeTracker.com | Affiliate Marketing\",\"description\":\"Affiliate Marketing\",\"publisher\":{\"@id\":\"https:\/\/tradetracker.com\/fr\/#organization\"},\"potentialAction\":[{\"@type\":\"SearchAction\",\"target\":{\"@type\":\"EntryPoint\",\"urlTemplate\":\"https:\/\/tradetracker.com\/fr\/?s={search_term_string}\"},\"query-input\":{\"@type\":\"PropertyValueSpecification\",\"valueRequired\":true,\"valueName\":\"search_term_string\"}}],\"inLanguage\":\"fr-FR\"},{\"@type\":\"Organization\",\"@id\":\"https:\/\/tradetracker.com\/fr\/#organization\",\"name\":\"TradeTracker FZ LLC\",\"url\":\"https:\/\/tradetracker.com\/fr\/\",\"logo\":{\"@type\":\"ImageObject\",\"inLanguage\":\"fr-FR\",\"@id\":\"https:\/\/tradetracker.com\/fr\/#\/schema\/logo\/image\/\",\"url\":\"https:\/\/tradetracker.com\/wp-content\/uploads\/2019\/04\/tradetracker-logo_1.jpg\",\"contentUrl\":\"https:\/\/tradetracker.com\/wp-content\/uploads\/2019\/04\/tradetracker-logo_1.jpg\",\"width\":672,\"height\":109,\"caption\":\"TradeTracker FZ LLC\"},\"image\":{\"@id\":\"https:\/\/tradetracker.com\/fr\/#\/schema\/logo\/image\/\"},\"sameAs\":[\"https:\/\/www.facebook.com\/tradetrackercom\",\"https:\/\/x.com\/tradetrackercom\",\"https:\/\/www.linkedin.com\/company\/tradetrackercom\",\"https:\/\/www.youtube.com\/channel\/UCHiq-oir3qOorxO-8nLjIcQ\"],\"description\":\"TradeTracker is a global affiliate marketing platform that connects advertisers and publishers to create successful online campaigns. With its user-friendly interface, advanced tracking technology, and real-time reporting, TradeTracker provides the tools to optimize performance and boost conversions. Operating in over 20 countries, TradeTracker is renowned for its transparency, innovative solutions, and personalized support. It has been consistently chosen as the leading affiliate network worldwide, a testament to its excellence in the industry. Advertisers benefit from access to a vast network of publishers, while publishers enjoy a diverse range of campaigns and attractive earning opportunities. The platform continues to revolutionize the affiliate marketing industry with technologies like Real Attribution, ensuring fair commission distribution. TradeTracker empowers businesses to achieve their online no cure no pay advertising goals efficiently and effectively. With superior technology, unparalleled customer service, and innovative solutions, TradeTracker consistently outperforms competitors like Awin, TradeDoubler, CJ, and Webgains, making it the preferred choice for advertisers and publishers worldwide.\",\"legalName\":\"TradeTracker.com\",\"foundingDate\":\"2004-03-05\",\"numberOfEmployees\":{\"@type\":\"QuantitativeValue\",\"minValue\":\"201\",\"maxValue\":\"500\"}}]}<\/script>\n<!-- \/ Yoast SEO Premium plugin. -->","yoast_head_json":{"title":"Privacy Policy - TradeTracker.com | Affiliate Marketing | Performance Marketing","description":"[vc_row classes=\"static-page-intro short privacy-page\"][vc_column]Privacy Policy [\/vc_column][\/vc_row][vc_row][vc_column][vc_wp_text]Chez TradeTracker, votre confidentialit\u00e9 nous importe. Afin de mieux prot\u00e9ger votre","robots":{"index":"index","follow":"follow","max-snippet":"max-snippet:-1","max-image-preview":"max-image-preview:large","max-video-preview":"max-video-preview:-1"},"canonical":"https:\/\/tradetracker.com\/fr\/wp-json\/wp\/v2\/pages\/13548\/","og_locale":"fr_FR","og_type":"article","og_title":"Privacy Policy TradeTracker.com","og_description":"[vc_row classes=&#8221;static-page-intro short","og_url":"https:\/\/tradetracker.com\/fr\/politique-de-confidentialite\/","og_site_name":"TradeTracker.com | Affiliate Marketing | Performance Marketing","article_publisher":"https:\/\/www.facebook.com\/tradetrackercom","article_modified_time":"2020-12-31T16:31:33+00:00","og_image":[{"width":250,"height":250,"url":"https:\/\/tradetracker.com\/wp-content\/uploads\/2019\/12\/tradetracker-logo-square.png","type":"image\/png"}],"twitter_card":"summary_large_image","twitter_title":"Privacy Policy","twitter_description":"[vc_row classes=\"static-page-intro short privacy-page\"][vc_column]Privacy Policy ","twitter_image":"https:\/\/tradetracker.com\/assets\/tt-circles.png","twitter_site":"@tradetrackercom","twitter_misc":{"Est. reading time":"9 minutes"},"schema":{"@context":"https:\/\/schema.org","@graph":[{"@type":"WebPage","@id":"https:\/\/tradetracker.com\/fr\/politique-de-confidentialite\/","url":"https:\/\/tradetracker.com\/fr\/politique-de-confidentialite\/","name":"Privacy Policy - TradeTracker.com | Affiliate Marketing | Performance Marketing","isPartOf":{"@id":"https:\/\/tradetracker.com\/fr\/#website"},"datePublished":"2016-12-19T13:34:20+00:00","dateModified":"2020-12-31T16:31:33+00:00","breadcrumb":{"@id":"https:\/\/tradetracker.com\/fr\/politique-de-confidentialite\/#breadcrumb"},"inLanguage":"fr-FR","potentialAction":[{"@type":"ReadAction","target":["https:\/\/tradetracker.com\/fr\/politique-de-confidentialite\/"]}]},{"@type":"BreadcrumbList","@id":"https:\/\/tradetracker.com\/fr\/politique-de-confidentialite\/#breadcrumb","itemListElement":[{"@type":"ListItem","position":1,"name":"Home","item":"https:\/\/tradetracker.com\/fr\/"},{"@type":"ListItem","position":2,"name":"Privacy Policy"}]},{"@type":"WebSite","@id":"https:\/\/tradetracker.com\/fr\/#website","url":"https:\/\/tradetracker.com\/fr\/","name":"TradeTracker.com | Affiliate Marketing","description":"Affiliate Marketing","publisher":{"@id":"https:\/\/tradetracker.com\/fr\/#organization"},"potentialAction":[{"@type":"SearchAction","target":{"@type":"EntryPoint","urlTemplate":"https:\/\/tradetracker.com\/fr\/?s={search_term_string}"},"query-input":{"@type":"PropertyValueSpecification","valueRequired":true,"valueName":"search_term_string"}}],"inLanguage":"fr-FR"},{"@type":"Organization","@id":"https:\/\/tradetracker.com\/fr\/#organization","name":"TradeTracker FZ LLC","url":"https:\/\/tradetracker.com\/fr\/","logo":{"@type":"ImageObject","inLanguage":"fr-FR","@id":"https:\/\/tradetracker.com\/fr\/#\/schema\/logo\/image\/","url":"https:\/\/tradetracker.com\/wp-content\/uploads\/2019\/04\/tradetracker-logo_1.jpg","contentUrl":"https:\/\/tradetracker.com\/wp-content\/uploads\/2019\/04\/tradetracker-logo_1.jpg","width":672,"height":109,"caption":"TradeTracker FZ LLC"},"image":{"@id":"https:\/\/tradetracker.com\/fr\/#\/schema\/logo\/image\/"},"sameAs":["https:\/\/www.facebook.com\/tradetrackercom","https:\/\/x.com\/tradetrackercom","https:\/\/www.linkedin.com\/company\/tradetrackercom","https:\/\/www.youtube.com\/channel\/UCHiq-oir3qOorxO-8nLjIcQ"],"description":"TradeTracker is a global affiliate marketing platform that connects advertisers and publishers to create successful online campaigns. With its user-friendly interface, advanced tracking technology, and real-time reporting, TradeTracker provides the tools to optimize performance and boost conversions. Operating in over 20 countries, TradeTracker is renowned for its transparency, innovative solutions, and personalized support. It has been consistently chosen as the leading affiliate network worldwide, a testament to its excellence in the industry. Advertisers benefit from access to a vast network of publishers, while publishers enjoy a diverse range of campaigns and attractive earning opportunities. The platform continues to revolutionize the affiliate marketing industry with technologies like Real Attribution, ensuring fair commission distribution. TradeTracker empowers businesses to achieve their online no cure no pay advertising goals efficiently and effectively. With superior technology, unparalleled customer service, and innovative solutions, TradeTracker consistently outperforms competitors like Awin, TradeDoubler, CJ, and Webgains, making it the preferred choice for advertisers and publishers worldwide.","legalName":"TradeTracker.com","foundingDate":"2004-03-05","numberOfEmployees":{"@type":"QuantitativeValue","minValue":"201","maxValue":"500"}}]}},"_links":{"self":[{"href":"https:\/\/tradetracker.com\/fr\/wp-json\/wp\/v2\/pages\/13548","targetHints":{"allow":["GET"]}}],"collection":[{"href":"https:\/\/tradetracker.com\/fr\/wp-json\/wp\/v2\/pages"}],"about":[{"href":"https:\/\/tradetracker.com\/fr\/wp-json\/wp\/v2\/types\/page"}],"author":[{"embeddable":true,"href":"https:\/\/tradetracker.com\/fr\/wp-json\/wp\/v2\/users\/69"}],"replies":[{"embeddable":true,"href":"https:\/\/tradetracker.com\/fr\/wp-json\/wp\/v2\/comments?post=13548"}],"version-history":[{"count":0,"href":"https:\/\/tradetracker.com\/fr\/wp-json\/wp\/v2\/pages\/13548\/revisions"}],"wp:attachment":[{"href":"https:\/\/tradetracker.com\/fr\/wp-json\/wp\/v2\/media?parent=13548"}],"curies":[{"name":"wp","href":"https:\/\/api.w.org\/{rel}","templated":true}]}}