{"id":13612,"date":"2017-02-14T05:22:41","date_gmt":"2017-02-14T05:22:41","guid":{"rendered":"https:\/\/tradetracker.com\/fr\/blog\/"},"modified":"2022-10-26T18:41:11","modified_gmt":"2022-10-26T18:41:11","slug":"blog","status":"publish","type":"page","link":"https:\/\/tradetracker.com\/fr\/blog\/","title":{"rendered":"Blog"},"content":{"rendered":"<div class=\"wpb-content-wrapper\"><p>[vc_row row_markup=&#8221;div&#8221; classes=&#8221;blog-page cs-heading&#8221; el_id=&#8221;blog-page&#8221;][vc_column]<div class=\"row\"><div class=\"vc_col-sm-12\"><div class=\" static-page-intro-text \"><h1  class=\"\">Blogs<\/h1><h2  class=\"\">Trouvez les derni\u00e8res infos du march\u00e9 concernant le marketing \u00e0 la performance, des conseils et des astuces pour am\u00e9liorer votre programme d'affiliation, des analyses pertinentes r\u00e9alis\u00e9es par nos experts et un aper\u00e7u de la vie au sein dans le monde entier.<\/h2><\/div>\r\n        <\/div>\r\n    <\/div>[\/vc_column][\/vc_row][vc_row el_id=&#8221;tt-sec-menu&#8221;][vc_column][vc_wp_text]<\/p>\n<div class=\"scs-back part-fullsection tt-sec-menu\">\n<div class=\"row scs-back-text\"><a class=\"\" href=\"\/news\/\">News<\/a><a class=\"active\" href=\"\/blog\/\">Blog<\/a><a class=\"\" href=\"\/events\/\">Events<\/a><a class=\"\" href=\"\/videos\/\">Videos<\/a><\/div>\n<\/div>\n<p>[\/vc_wp_text][\/vc_column][\/vc_row][vc_row css=&#8221;.vc_custom_1591211632467{background-color: #f7f7f7 !important;}&#8221; el_id=&#8221;blog-page-content&#8221;][vc_column width=&#8221;3\/4&#8243;][vc_row_inner][vc_column_inner][vc_wp_text]\n<div class=\"tt-cs-post-filter-wrap\">\n  <div id=\"tt_post_filters\" class=\"tt-cs-post-filter-row\">\n  \n         <div class=\"tt-cs-single-filter\" data-tax=\"category\" data-term=\"all\">\n           <div class=\"tt-cs-active-filter\"><span class=\"active-filter-text\">All Categories<\/span><span class=\"tt-caret down\"><\/span><\/div>\n           <ul class=\"tt-cs-post-filter\">\n             <li class=\"selected\" data-value=\"all\">All Categories<\/li>\n         <li class=\"\" data-value=\"18649\">Advertiser<\/li><li class=\"\" data-value=\"2693\">Attribution<\/li><li class=\"\" data-value=\"2324\">Events<\/li><li class=\"\" data-value=\"8187\">IPMA<\/li><li class=\"\" data-value=\"37\">TradeTracker<\/li><li class=\"\" data-value=\"8188\">TradeTracker News<\/li><\/ul><\/div>\n         <div class=\"tt-cs-single-filter\" data-tax=\"language\" data-term=\"fr\">\n           <div class=\"tt-cs-active-filter\"><span class=\"active-filter-text\">France<\/span><span class=\"tt-caret down\"><\/span><\/div>\n           <ul class=\"tt-cs-post-filter\">\n         <li class=\"\" data-value=\"en\">English<\/li><li class=\"\" data-value=\"es\">Espa\u00f1a<\/li><li class=\"\" data-value=\"de\">Deutschland<\/li><li class=\"selected\" data-value=\"fr\">France<\/li><li class=\"\" data-value=\"ar\">Argentina<\/li><li class=\"\" data-value=\"fi\">Suomi - Suomea<\/li><li class=\"\" data-value=\"hu\">Magyarorsz\u00e1g<\/li><li class=\"\" data-value=\"it\">Italia<\/li><li class=\"\" data-value=\"nl\">Nederland<\/li><li class=\"\" data-value=\"pl\">Polska<\/li><li class=\"\" data-value=\"ru\">\u0420\u043e\u0441\u0441\u0438\u044f<\/li><li class=\"\" data-value=\"ae\">Middle East - English<\/li><li class=\"\" data-value=\"dk\">Danmark<\/li><li class=\"\" data-value=\"no\">Norge<\/li><li class=\"\" data-value=\"se\">Sverige<\/li><li class=\"\" data-value=\"befr\">Belgique - Fran\u00e7ais<\/li><li class=\"\" data-value=\"benl\">Belgi\u00eb - Nederlands<\/li><li class=\"\" data-value=\"in\">India<\/li><li class=\"\" data-value=\"mx\">Mexico<\/li><li class=\"\" data-value=\"br\">Brasil - Portugu\u00eas<\/li><li class=\"\" data-value=\"cz\">\u010cesk\u00e1 republika<\/li><li class=\"\" data-value=\"pt\">Portugal - Portugues<\/li><li class=\"\" data-value=\"ee\">Eesti<\/li><li class=\"\" data-value=\"at\">\u00d6sterreich - Deutsch<\/li><li class=\"\" data-value=\"ch\">Schweiz - Deutsch<\/li><li class=\"\" data-value=\"ua\">Ukraine<\/li><li class=\"\" data-value=\"us\">United States- English<\/li><li class=\"\" data-value=\"gb\">United Kingdom-ENG<\/li><li class=\"\" data-value=\"caen\">Canada - EN<\/li><li class=\"\" data-value=\"cafr\">Canada -FR<\/li><\/ul><\/div>\n  <\/div>\n  <div class=\"tt-cs-post-filter-row flex-space-between\">\n    <div class=\"tt-cs-post-filter-buttons\"><div data-value=\"latest\" class=\"tt-cs-button selected\">Latest<\/div><div data-value=\"popular\" class=\"tt-cs-button\">Popular<\/div><div data-value=\"featured\" class=\"tt-cs-button\">Featured<\/div><\/div>\n    <div class=\"tt-cs-grid\">\n      <div class=\"tt-cs-grid-button tt-squares selected\">\n        <div class=\"tt-squares-row\">\n          <div class=\"tt-square\"><\/div>\n          <div class=\"tt-square\"><\/div>\n        <\/div>\n        <div class=\"tt-squares-row\">\n          <div class=\"tt-square\"><\/div>\n          <div class=\"tt-square\"><\/div>\n        <\/div>\n      <\/div>\n      <div class=\"tt-cs-grid-button tt-lines\">\n          <div class=\"tt-line\"><\/div>\n          <div class=\"tt-line\"><\/div>\n          <div class=\"tt-line\"><\/div>\n      <\/div>\n    <\/div>\n  <\/div>\n<\/div>[\/vc_wp_text][vc_wp_text]<div><div id=\"tt-cs-posts-container\" class=\"palette post\" data-post_type=\"post\" data-per_page=\"9\"><div class=\"tt-single-blog-post post\"><div class=\"featured\"><\/div><div class=\"tt-single-blog-post-img\" style=\"background-image:url('https:\/\/tradetracker.com\/wp-content\/uploads\/2025\/03\/Plopsa-25jaar.jpg');\"><\/div><div class=\"tt-single-blog-post-content\"><a href=\"https:\/\/tradetracker.com\/fr\/a-propos-de-plopsa-et-dun-evenement-marquant-de-son-histoire\/\">\u00c0 propos de Plopsa et d&#8217;un \u00e9v\u00e9nement marquant de son histoire<p class=\"tt-single-blog-post-permalink find-out-more\" >Find out more<\/p> <\/a><\/div><\/div><div class=\"tt-single-blog-post post\"><div class=\"featured\"><\/div><div class=\"tt-single-blog-post-img\" style=\"background-image:url('https:\/\/tradetracker.com\/wp-content\/uploads\/2020\/11\/TTINT_blogpost-client_KAYAK_2020@2x-1-1200x500.png');\"><\/div><div class=\"tt-single-blog-post-content\"><a href=\"https:\/\/tradetracker.com\/fr\/la-campagne-daffiliation-kayak-en-ligne-sur-tradetracker\/\">La campagne d\u2019affiliation KAYAK en ligne sur Tradetracker !<p class=\"tt-single-blog-post-permalink find-out-more\" >Find out more<\/p> <\/a><\/div><\/div><div class=\"tt-single-blog-post post\"><div class=\"featured\"><\/div><div class=\"tt-single-blog-post-img\" style=\"background-image:url('https:\/\/tradetracker.com\/wp-content\/uploads\/2020\/08\/LOGO_FOND_BLANC-300x180.jpg');\"><\/div><div class=\"tt-single-blog-post-content\"><a href=\"https:\/\/tradetracker.com\/fr\/tradetracker-lance-le-programme-futuroscope\/\">TradeTracker lance le programme Futuroscope<p class=\"tt-single-blog-post-permalink find-out-more\" >Find out more<\/p> <\/a><\/div><\/div><div class=\"tt-single-blog-post post\"><div class=\"featured\"><\/div><div class=\"tt-single-blog-post-img\" ><\/div><div class=\"tt-single-blog-post-content\"><a href=\"https:\/\/tradetracker.com\/fr\/les-soldes-ete-arrivent\/\">Les Soldes \u00e9t\u00e9 arrivent!<p class=\"tt-single-blog-post-permalink find-out-more\" >Find out more<\/p> <\/a><\/div><\/div><div class=\"tt-single-blog-post post\"><div class=\"featured\"><\/div><div class=\"tt-single-blog-post-img\" style=\"background-image:url('https:\/\/tradetracker.com\/wp-content\/uploads\/2020\/05\/TT_INT_blogpost_news-updates-features_Mobile-Metrics.png');\"><\/div><div class=\"tt-single-blog-post-content\"><a href=\"https:\/\/tradetracker.com\/fr\/nouvelle-fonctionnalite-tracking-apps-mobile-metrics\/\">Nouvelle fonctionnalit\u00e9 \u2013 Tracking Apps &#038; Mobile Metrics<p class=\"tt-single-blog-post-permalink find-out-more\" >Find out more<\/p> <\/a><\/div><\/div><div class=\"tt-single-blog-post post\"><div class=\"featured\"><\/div><div class=\"tt-single-blog-post-img\" style=\"background-image:url('https:\/\/tradetracker.com\/wp-content\/uploads\/2020\/03\/Corona-Blogpost@2x-1-1200x500.png');\"><\/div><div class=\"tt-single-blog-post-content\"><a href=\"https:\/\/tradetracker.com\/fr\/des-periodes-imprevisibles-et-marketing-a-la-performance\/\">Des p\u00e9riodes impr\u00e9visibles, Coronavirus et Marketing \u00e0 la Performance<p class=\"tt-single-blog-post-permalink find-out-more\" >Find out more<\/p> <\/a><\/div><\/div><div class=\"tt-single-blog-post post\"><div class=\"featured\"><\/div><div class=\"tt-single-blog-post-img\" style=\"background-image:url('https:\/\/tradetracker.com\/wp-content\/uploads\/2020\/03\/rrrr.png');\"><\/div><div class=\"tt-single-blog-post-content\"><a href=\"https:\/\/tradetracker.com\/fr\/sous-les-projecteurs-global-savings-group\/\">Sous les projecteurs &#8211; Global Savings Group<p class=\"tt-single-blog-post-permalink find-out-more\" >Find out more<\/p> <\/a><\/div><\/div><div class=\"tt-single-blog-post post\"><div class=\"featured\"><\/div><div class=\"tt-single-blog-post-img\" style=\"background-image:url('https:\/\/tradetracker.com\/wp-content\/uploads\/2020\/03\/20190908_155522-e1583142719109-225x300.jpg');\"><\/div><div class=\"tt-single-blog-post-content\"><a href=\"https:\/\/tradetracker.com\/fr\/dans-la-peau-de-marine-account-manager-voyage\/\">Dans la peau de : Marine, Account Manager Voyage<p class=\"tt-single-blog-post-permalink find-out-more\" >Find out more<\/p> <\/a><\/div><\/div><div class=\"tt-single-blog-post post\"><div class=\"featured\"><\/div><div class=\"tt-single-blog-post-img\" style=\"background-image:url('https:\/\/tradetracker.com\/wp-content\/uploads\/2020\/02\/TT_event-transavia-UK-opening-1.1-1-1200x600.png');\"><\/div><div class=\"tt-single-blog-post-content\"><a href=\"https:\/\/tradetracker.com\/fr\/transavia-ouvre-de-nouveaux-marches-avec-tradetracker\/\">Transavia ouvre de nouveaux march\u00e9s avec TradeTracker<p class=\"tt-single-blog-post-permalink find-out-more\" >Find out more<\/p> <\/a><\/div><\/div><\/div><div id=\"cs-load-more\" data-paged=\"2\">Load more<\/div><\/div>[\/vc_wp_text][\/vc_column_inner][\/vc_row_inner][\/vc_column][vc_column width=&#8221;1\/4&#8243;][vc_wp_text]<div class=\"tt_blog_posts_sidebar\"><h4>Recent posts<\/h4><div class=\"selected-post\"><div class=\"selected-post-img\" style=\"background-image: url(https:\/\/tradetracker.com\/wp-content\/uploads\/2025\/03\/Plopsa-25jaar.jpg);\"><\/div><div class=\"selected-post-content\"><a href=\"https:\/\/tradetracker.com\/fr\/a-propos-de-plopsa-et-dun-evenement-marquant-de-son-histoire\/\">\u00c0 propos de Plopsa et d'un \u00e9v\u00e9nement marquant de son histoire<\/a><\/div><\/div><div class=\"selected-post\"><div class=\"selected-post-img\" style=\"background-image: url(https:\/\/tradetracker.com\/wp-content\/uploads\/2020\/11\/TTINT_blogpost-client_KAYAK_2020@2x-1-1200x500.png);\"><\/div><div class=\"selected-post-content\"><a href=\"https:\/\/tradetracker.com\/fr\/la-campagne-daffiliation-kayak-en-ligne-sur-tradetracker\/\">La campagne d\u2019affiliation KAYAK en ligne sur Tradetracker !<\/a><\/div><\/div><div class=\"selected-post\"><div class=\"selected-post-img\" style=\"background-image: url(\/assets\/svg\/icon-no-image-found.svg);\"><\/div><div class=\"selected-post-content\"><a href=\"https:\/\/tradetracker.com\/fr\/tradetracker-lance-le-programme-futuroscope\/\">TradeTracker lance le programme Futuroscope<\/a><\/div><\/div><div class=\"selected-post\"><div class=\"selected-post-img\" style=\"background-image: url(\/assets\/svg\/icon-no-image-found.svg);\"><\/div><div class=\"selected-post-content\"><a href=\"https:\/\/tradetracker.com\/fr\/les-soldes-ete-arrivent\/\">Les Soldes \u00e9t\u00e9 arrivent!<\/a><\/div><\/div><div class=\"selected-post\"><div class=\"selected-post-img\" style=\"background-image: url(https:\/\/tradetracker.com\/wp-content\/uploads\/2020\/05\/TT_INT_blogpost_news-updates-features_Mobile-Metrics.png);\"><\/div><div class=\"selected-post-content\"><a href=\"https:\/\/tradetracker.com\/fr\/nouvelle-fonctionnalite-tracking-apps-mobile-metrics\/\">Nouvelle fonctionnalit\u00e9 \u2013 Tracking Apps & Mobile Metrics<\/a><\/div><\/div><\/div>[\/vc_wp_text][\/vc_column][\/vc_row]<\/p>\n<\/div>","protected":false},"excerpt":{"rendered":"<p>[vc_row row_markup=&#8221;div&#8221; classes=&#8221;blog-page cs-heading&#8221; el_id=&#8221;blog-page&#8221;][vc_column][\/vc_column][\/vc_row][vc_row el_id=&#8221;tt-sec-menu&#8221;][vc_column][vc_wp_text] NewsBlogEventsVideos [\/vc_wp_text][\/vc_column][\/vc_row][vc_row css=&#8221;.vc_custom_1591211632467{background-color: #f7f7f7 !important;}&#8221; el_id=&#8221;blog-page-content&#8221;][vc_column width=&#8221;3\/4&#8243;][vc_row_inner][vc_column_inner][vc_wp_text][\/vc_wp_text][vc_wp_text][\/vc_wp_text][\/vc_column_inner][\/vc_row_inner][\/vc_column][vc_column width=&#8221;1\/4&#8243;][vc_wp_text][\/vc_wp_text][\/vc_column][\/vc_row]<\/p>\n","protected":false},"author":69,"featured_media":0,"parent":0,"menu_order":0,"comment_status":"closed","ping_status":"closed","template":"template-red.php","meta":{"inline_featured_image":false,"_monsterinsights_skip_tracking":false,"_monsterinsights_sitenote_active":false,"_monsterinsights_sitenote_note":"","_monsterinsights_sitenote_category":0,"footnotes":""},"class_list":["post-13612","page","type-page","status-publish","hentry"],"yoast_head":"<!-- This site is optimized with the Yoast SEO Premium plugin v27.0 (Yoast SEO v27.0) - https:\/\/yoast.com\/product\/yoast-seo-premium-wordpress\/ -->\n<title>Blog - TradeTracker.com France<\/title>\n<meta name=\"description\" content=\"[vc_row row_markup=&quot;div&quot; classes=&quot;blog-page cs-heading&quot; el_id=&quot;blog-page&quot;][vc_column]BlogsTrouvez les derni\u00e8res infos du march\u00e9 concernant le marketing \u00e0 la performance, des conseils et des astuces pour am\u00e9liorer\" \/>\n<meta name=\"robots\" content=\"index, follow, max-snippet:-1, max-image-preview:large, max-video-preview:-1\" \/>\n<link rel=\"canonical\" href=\"https:\/\/tradetracker.com\/fr\/wp-json\/wp\/v2\/pages\/13612\/\" \/>\n<meta property=\"og:locale\" content=\"fr_FR\" \/>\n<meta property=\"og:type\" content=\"article\" \/>\n<meta property=\"og:title\" content=\"Blog TradeTracker.com\" \/>\n<meta property=\"og:description\" content=\"[vc_row row_markup=&#8221;div&#8221; classes=&#8221;blog-page\" \/>\n<meta property=\"og:url\" content=\"https:\/\/tradetracker.com\/fr\/blog\/\" \/>\n<meta property=\"og:site_name\" content=\"TradeTracker.com | Affiliate Marketing | Performance Marketing\" \/>\n<meta property=\"article:publisher\" content=\"https:\/\/www.facebook.com\/tradetrackercom\" \/>\n<meta property=\"article:modified_time\" content=\"2022-10-26T18:41:11+00:00\" \/>\n<meta property=\"og:image\" content=\"https:\/\/tradetracker.com\/wp-content\/uploads\/2019\/12\/tradetracker-logo-square.png\" \/>\n\t<meta property=\"og:image:width\" content=\"250\" \/>\n\t<meta property=\"og:image:height\" content=\"250\" \/>\n\t<meta property=\"og:image:type\" content=\"image\/png\" \/>\n<meta name=\"twitter:card\" content=\"summary_large_image\" \/>\n<meta name=\"twitter:title\" content=\"Blog\" \/>\n<meta name=\"twitter:description\" content=\"[vc_row row_markup=&quot;div&quot; classes=&quot;blog-page cs-heading&quot; el_id=&quot;blog-page&quot;][vc_column]BlogsTrouvez les derni\u00e8res infos du \" \/>\n<meta name=\"twitter:image\" content=\"https:\/\/tradetracker.com\/wp-content\/uploads\/2019\/12\/tradetracker-logo-square.png\" \/>\n<meta name=\"twitter:site\" content=\"@tradetrackercom\" \/>\n<meta name=\"twitter:label1\" content=\"Est. reading time\" \/>\n\t<meta name=\"twitter:data1\" content=\"1 minute\" \/>\n<script type=\"application\/ld+json\" class=\"yoast-schema-graph\">{\"@context\":\"https:\/\/schema.org\",\"@graph\":[{\"@type\":\"WebPage\",\"@id\":\"https:\/\/tradetracker.com\/fr\/blog\/\",\"url\":\"https:\/\/tradetracker.com\/fr\/blog\/\",\"name\":\"Blog - TradeTracker.com France\",\"isPartOf\":{\"@id\":\"https:\/\/tradetracker.com\/fr\/#website\"},\"datePublished\":\"2017-02-14T05:22:41+00:00\",\"dateModified\":\"2022-10-26T18:41:11+00:00\",\"breadcrumb\":{\"@id\":\"https:\/\/tradetracker.com\/fr\/blog\/#breadcrumb\"},\"inLanguage\":\"fr-FR\",\"potentialAction\":[{\"@type\":\"ReadAction\",\"target\":[\"https:\/\/tradetracker.com\/fr\/blog\/\"]}]},{\"@type\":\"BreadcrumbList\",\"@id\":\"https:\/\/tradetracker.com\/fr\/blog\/#breadcrumb\",\"itemListElement\":[{\"@type\":\"ListItem\",\"position\":1,\"name\":\"Home\",\"item\":\"https:\/\/tradetracker.com\/fr\/\"},{\"@type\":\"ListItem\",\"position\":2,\"name\":\"Blog\"}]},{\"@type\":\"WebSite\",\"@id\":\"https:\/\/tradetracker.com\/fr\/#website\",\"url\":\"https:\/\/tradetracker.com\/fr\/\",\"name\":\"TradeTracker.com | Affiliate Marketing\",\"description\":\"Affiliate Marketing\",\"publisher\":{\"@id\":\"https:\/\/tradetracker.com\/fr\/#organization\"},\"potentialAction\":[{\"@type\":\"SearchAction\",\"target\":{\"@type\":\"EntryPoint\",\"urlTemplate\":\"https:\/\/tradetracker.com\/fr\/?s={search_term_string}\"},\"query-input\":{\"@type\":\"PropertyValueSpecification\",\"valueRequired\":true,\"valueName\":\"search_term_string\"}}],\"inLanguage\":\"fr-FR\"},{\"@type\":\"Organization\",\"@id\":\"https:\/\/tradetracker.com\/fr\/#organization\",\"name\":\"TradeTracker FZ LLC\",\"url\":\"https:\/\/tradetracker.com\/fr\/\",\"logo\":{\"@type\":\"ImageObject\",\"inLanguage\":\"fr-FR\",\"@id\":\"https:\/\/tradetracker.com\/fr\/#\/schema\/logo\/image\/\",\"url\":\"https:\/\/tradetracker.com\/wp-content\/uploads\/2019\/04\/tradetracker-logo_1.jpg\",\"contentUrl\":\"https:\/\/tradetracker.com\/wp-content\/uploads\/2019\/04\/tradetracker-logo_1.jpg\",\"width\":672,\"height\":109,\"caption\":\"TradeTracker FZ LLC\"},\"image\":{\"@id\":\"https:\/\/tradetracker.com\/fr\/#\/schema\/logo\/image\/\"},\"sameAs\":[\"https:\/\/www.facebook.com\/tradetrackercom\",\"https:\/\/x.com\/tradetrackercom\",\"https:\/\/www.linkedin.com\/company\/tradetrackercom\",\"https:\/\/www.youtube.com\/channel\/UCHiq-oir3qOorxO-8nLjIcQ\"],\"description\":\"TradeTracker is a global affiliate marketing platform that connects advertisers and publishers to create successful online campaigns. With its user-friendly interface, advanced tracking technology, and real-time reporting, TradeTracker provides the tools to optimize performance and boost conversions. Operating in over 20 countries, TradeTracker is renowned for its transparency, innovative solutions, and personalized support. It has been consistently chosen as the leading affiliate network worldwide, a testament to its excellence in the industry. Advertisers benefit from access to a vast network of publishers, while publishers enjoy a diverse range of campaigns and attractive earning opportunities. The platform continues to revolutionize the affiliate marketing industry with technologies like Real Attribution, ensuring fair commission distribution. TradeTracker empowers businesses to achieve their online no cure no pay advertising goals efficiently and effectively. With superior technology, unparalleled customer service, and innovative solutions, TradeTracker consistently outperforms competitors like Awin, TradeDoubler, CJ, and Webgains, making it the preferred choice for advertisers and publishers worldwide.\",\"legalName\":\"TradeTracker.com\",\"foundingDate\":\"2004-03-05\",\"numberOfEmployees\":{\"@type\":\"QuantitativeValue\",\"minValue\":\"201\",\"maxValue\":\"500\"}}]}<\/script>\n<!-- \/ Yoast SEO Premium plugin. -->","yoast_head_json":{"title":"Blog - TradeTracker.com France","description":"[vc_row row_markup=\"div\" classes=\"blog-page cs-heading\" el_id=\"blog-page\"][vc_column]BlogsTrouvez les derni\u00e8res infos du march\u00e9 concernant le marketing \u00e0 la performance, des conseils et des astuces pour am\u00e9liorer","robots":{"index":"index","follow":"follow","max-snippet":"max-snippet:-1","max-image-preview":"max-image-preview:large","max-video-preview":"max-video-preview:-1"},"canonical":"https:\/\/tradetracker.com\/fr\/wp-json\/wp\/v2\/pages\/13612\/","og_locale":"fr_FR","og_type":"article","og_title":"Blog TradeTracker.com","og_description":"[vc_row row_markup=&#8221;div&#8221; classes=&#8221;blog-page","og_url":"https:\/\/tradetracker.com\/fr\/blog\/","og_site_name":"TradeTracker.com | Affiliate Marketing | Performance Marketing","article_publisher":"https:\/\/www.facebook.com\/tradetrackercom","article_modified_time":"2022-10-26T18:41:11+00:00","og_image":[{"width":250,"height":250,"url":"https:\/\/tradetracker.com\/wp-content\/uploads\/2019\/12\/tradetracker-logo-square.png","type":"image\/png"}],"twitter_card":"summary_large_image","twitter_title":"Blog","twitter_description":"[vc_row row_markup=\"div\" classes=\"blog-page cs-heading\" el_id=\"blog-page\"][vc_column]BlogsTrouvez les derni\u00e8res infos du ","twitter_image":"https:\/\/tradetracker.com\/wp-content\/uploads\/2019\/12\/tradetracker-logo-square.png","twitter_site":"@tradetrackercom","twitter_misc":{"Est. reading time":"1 minute"},"schema":{"@context":"https:\/\/schema.org","@graph":[{"@type":"WebPage","@id":"https:\/\/tradetracker.com\/fr\/blog\/","url":"https:\/\/tradetracker.com\/fr\/blog\/","name":"Blog - TradeTracker.com France","isPartOf":{"@id":"https:\/\/tradetracker.com\/fr\/#website"},"datePublished":"2017-02-14T05:22:41+00:00","dateModified":"2022-10-26T18:41:11+00:00","breadcrumb":{"@id":"https:\/\/tradetracker.com\/fr\/blog\/#breadcrumb"},"inLanguage":"fr-FR","potentialAction":[{"@type":"ReadAction","target":["https:\/\/tradetracker.com\/fr\/blog\/"]}]},{"@type":"BreadcrumbList","@id":"https:\/\/tradetracker.com\/fr\/blog\/#breadcrumb","itemListElement":[{"@type":"ListItem","position":1,"name":"Home","item":"https:\/\/tradetracker.com\/fr\/"},{"@type":"ListItem","position":2,"name":"Blog"}]},{"@type":"WebSite","@id":"https:\/\/tradetracker.com\/fr\/#website","url":"https:\/\/tradetracker.com\/fr\/","name":"TradeTracker.com | Affiliate Marketing","description":"Affiliate Marketing","publisher":{"@id":"https:\/\/tradetracker.com\/fr\/#organization"},"potentialAction":[{"@type":"SearchAction","target":{"@type":"EntryPoint","urlTemplate":"https:\/\/tradetracker.com\/fr\/?s={search_term_string}"},"query-input":{"@type":"PropertyValueSpecification","valueRequired":true,"valueName":"search_term_string"}}],"inLanguage":"fr-FR"},{"@type":"Organization","@id":"https:\/\/tradetracker.com\/fr\/#organization","name":"TradeTracker FZ LLC","url":"https:\/\/tradetracker.com\/fr\/","logo":{"@type":"ImageObject","inLanguage":"fr-FR","@id":"https:\/\/tradetracker.com\/fr\/#\/schema\/logo\/image\/","url":"https:\/\/tradetracker.com\/wp-content\/uploads\/2019\/04\/tradetracker-logo_1.jpg","contentUrl":"https:\/\/tradetracker.com\/wp-content\/uploads\/2019\/04\/tradetracker-logo_1.jpg","width":672,"height":109,"caption":"TradeTracker FZ LLC"},"image":{"@id":"https:\/\/tradetracker.com\/fr\/#\/schema\/logo\/image\/"},"sameAs":["https:\/\/www.facebook.com\/tradetrackercom","https:\/\/x.com\/tradetrackercom","https:\/\/www.linkedin.com\/company\/tradetrackercom","https:\/\/www.youtube.com\/channel\/UCHiq-oir3qOorxO-8nLjIcQ"],"description":"TradeTracker is a global affiliate marketing platform that connects advertisers and publishers to create successful online campaigns. With its user-friendly interface, advanced tracking technology, and real-time reporting, TradeTracker provides the tools to optimize performance and boost conversions. Operating in over 20 countries, TradeTracker is renowned for its transparency, innovative solutions, and personalized support. It has been consistently chosen as the leading affiliate network worldwide, a testament to its excellence in the industry. Advertisers benefit from access to a vast network of publishers, while publishers enjoy a diverse range of campaigns and attractive earning opportunities. The platform continues to revolutionize the affiliate marketing industry with technologies like Real Attribution, ensuring fair commission distribution. TradeTracker empowers businesses to achieve their online no cure no pay advertising goals efficiently and effectively. With superior technology, unparalleled customer service, and innovative solutions, TradeTracker consistently outperforms competitors like Awin, TradeDoubler, CJ, and Webgains, making it the preferred choice for advertisers and publishers worldwide.","legalName":"TradeTracker.com","foundingDate":"2004-03-05","numberOfEmployees":{"@type":"QuantitativeValue","minValue":"201","maxValue":"500"}}]}},"_links":{"self":[{"href":"https:\/\/tradetracker.com\/fr\/wp-json\/wp\/v2\/pages\/13612","targetHints":{"allow":["GET"]}}],"collection":[{"href":"https:\/\/tradetracker.com\/fr\/wp-json\/wp\/v2\/pages"}],"about":[{"href":"https:\/\/tradetracker.com\/fr\/wp-json\/wp\/v2\/types\/page"}],"author":[{"embeddable":true,"href":"https:\/\/tradetracker.com\/fr\/wp-json\/wp\/v2\/users\/69"}],"replies":[{"embeddable":true,"href":"https:\/\/tradetracker.com\/fr\/wp-json\/wp\/v2\/comments?post=13612"}],"version-history":[{"count":0,"href":"https:\/\/tradetracker.com\/fr\/wp-json\/wp\/v2\/pages\/13612\/revisions"}],"wp:attachment":[{"href":"https:\/\/tradetracker.com\/fr\/wp-json\/wp\/v2\/media?parent=13612"}],"curies":[{"name":"wp","href":"https:\/\/api.w.org\/{rel}","templated":true}]}}