{"id":69765,"date":"2017-02-15T06:53:27","date_gmt":"2017-02-15T06:53:27","guid":{"rendered":"https:\/\/tradetracker.com\/conversion-path-tracking\/"},"modified":"2025-01-17T12:28:28","modified_gmt":"2025-01-17T12:28:28","slug":"conversion-path-tracking","status":"publish","type":"page","link":"https:\/\/tradetracker.com\/hu\/conversion-path-tracking\/","title":{"rendered":"A konverzi\u00f3s \u00fatvonal k\u00f6vet\u00e9se"},"content":{"rendered":"<div class=\"wpb-content-wrapper\"><p>[vc_row classes=&#8221;admonitor-page-detail cpt-page-detail&#8221;][vc_column]<div class=\"row\"><div class=\"vc_col-sm-12\"><div class=\"industry-page-intro-text\"><h1  class=\"\">A konverzi\u00f3s \u00fatvonal k\u00f6vet\u00e9se<\/h1><h2  class=\"hide-mobile\">Kih\u00edv\u00e1st jelenthet az \u00fcgyfelek utaz\u00e1s\u00e1nak meg\u00e9rt\u00e9se \u00e9s annak befoly\u00e1sa a kamp\u00e1nyt akt\u00edvan n\u00e9pszer\u0171s\u00edt\u0151 kapcsolt v\u00e1llalkoz\u00e1sok \u00e1ltal. M\u00e9lyre mer\u00fclj\u00f6n az \u00e1talakul\u00e1s \u00fatj\u00e1ban, \u00e9s elemezze az \u00fcgyfelek kapcsolat\u00e1t a le\u00e1nyv\u00e1llalatokkal, miel\u0151tt egy term\u00e9ket v\u00e1s\u00e1rol vagy vezet\u00e9st gener\u00e1l. Nem sz\u00e1m\u00edt a le\u00e1nyv\u00e1llalatok csatorn\u00e1ja, a blogokt\u00f3l az \u00f6sszehasonl\u00edt\u00f3 weboldalakig, a mobil vagy asztali sz\u00e1m\u00edt\u00f3g\u00e9peken kereszt\u00fcl, elemezni tudja a teljes konverzi\u00f3s utat \u00e9s befoly\u00e1solni a le\u00e1nyv\u00e1llalatokat a c\u00e9ljainak jobb el\u00e9r\u00e9se \u00e9rdek\u00e9ben.<\/h2><\/div>\r\n        <\/div>\r\n    <\/div>[\/vc_column][\/vc_row][vc_row classes=&#8221;bg-pattern&#8221;][vc_column][vc_row_inner][vc_column_inner width=&#8221;2\/12&#8243;][\/vc_column_inner][vc_column_inner el_class=&#8221;acenter&#8221; width=&#8221;8\/12&#8243;]<div class=\"space\"><\/div><header><h2 class=\" tt_composer\" >Hogyan m\u0171k\u00f6dik a konverzi\u00f3s \u00fatvonal k\u00f6vet\u00e9se<\/h2><\/header>[vc_wp_text]<\/p>\n<p>Azon a piacon, ahol t\u00falnyom\u00f3r\u00e9szt az utols\u00f3 kattint\u00e1s alap\u00fa modellt alkalmazz\u00e1k, a kiad\u00f3k minden erej\u00fckkel arra f\u00f3kusz\u00e1lnak, hogy megszerezz\u00e9k a v\u00e1s\u00e1rl\u00f3i \u00e9lm\u00e9ny \u00fatj\u00e1nak utols\u00f3 kattint\u00e1s\u00e1t, ami maga a konverzi\u00f3 is egyben. Ugyanakkor az \u00f6sszes tranzakci\u00f3 t\u00f6bb, mint 95% -\u00e1ban egyn\u00e9l t\u00f6bb kiad\u00f3 vesz r\u00e9szt a kamp\u00e1ny prom\u00f3ci\u00f3j\u00e1ban. Hagyom\u00e1nyosan azonban kiz\u00e1r\u00f3lag az utols\u00f3 kattint\u00e1st megszerz\u0151 kiad\u00f3nak j\u00e1r a jutal\u00e9k teljes \u00f6sszege \u00e9s csak \u0151 szerepel a tranzakci\u00f3kat \u00e1ttekint\u0151 besz\u00e1mol\u00f3ban.<\/p>\n<p>A konverzi\u00f3s \u00fatk\u00f6vet\u00e9s megv\u00e1ltoztatja ezt az elvet, \u00e9s a keresked\u0151knek, illetve affiliate partnereknek egyar\u00e1nt teljes betekint\u00e9st ny\u00fajt a tranzakci\u00f3ban r\u00e9szt vev\u0151 \u00f6sszes \u00e9rint\u00e9si pontr\u00f3l (Touch Point). Ez a megk\u00f6zel\u00edt\u00e9s \u00e1tl\u00e1that\u00f3v\u00e1 \u00e9s vil\u00e1goss\u00e1 teszi a felhaszn\u00e1l\u00f3k helyzet\u00e9t \u00e9s a hozz\u00e1juk kapcsol\u00f3d\u00f3 hasznokat, ami lehet\u0151v\u00e9 teszi a keresked\u0151knek \u00e9s az affiliate partnereknek egyar\u00e1nt, hogy m\u00f3dos\u00edts\u00e1k \u00e9s optimaliz\u00e1lj\u00e1k strat\u00e9gi\u00e1jukat a hozz\u00e1adott \u00e9rt\u00e9kek alapj\u00e1n. M\u00edg a hirdet\u0151k sokkal r\u00e9szletesebb inform\u00e1ci\u00f3t szereznek arr\u00f3l, hogy mely kiad\u00f3k vesznek r\u00e9szt \u00e9s milyen poz\u00edci\u00f3ban az \u00fcgyfelek v\u00e1s\u00e1rl\u00f3i \u00fatj\u00e1ban, a kiad\u00f3k alkalmazhatj\u00e1k ezeket az ir\u00e1nymutat\u00e1sokat a kamp\u00e1ny eredm\u00e9nyess\u00e9g\u00e9nek n\u00f6vel\u00e9s\u00e9hez.<\/p>\n<p>[\/vc_wp_text][\/vc_column_inner][vc_column_inner width=&#8221;2\/12&#8243;][\/vc_column_inner][\/vc_row_inner][vc_row_inner][vc_column_inner][vc_single_image image=&#8221;69766&#8243; img_size=&#8221;1024&#215;582&#8243; alignment=&#8221;center&#8221;]<div class=\"space\"><\/div>[\/vc_column_inner][\/vc_row_inner][\/vc_column][\/vc_row][vc_row css=&#8221;.vc_custom_1488976434515{background-color: #f3f6fa !important;}&#8221;][vc_column]<div class=\"space\"><\/div><header><h2 class=\" tt_composer\" >Haszn\u00e1lja ki a Konverzi\u00f3s \u00datk\u00f6vet\u00e9s el\u0151nyeit<\/h2><\/header><div class=\"space\"><\/div>[vc_row_inner][vc_column_inner width=&#8221;2\/12&#8243;][\/vc_column_inner][vc_column_inner el_class=&#8221;acenter&#8221; width=&#8221;3\/12&#8243;]<header><h2 class=\" tt_composer\" >Hirdet\u0151k<\/h2><\/header>[vc_wp_text]A konverzi\u00f3s \u00fatk\u00f6vet\u00e9s seg\u00edt azonos\u00edtani azokat az affiliate partnereket, akiket gyakran figyelmen k\u00edv\u00fcl hagynak, hiszen b\u00e1r az utols\u00f3 kattint\u00e1s nem nekik k\u00f6sz\u00f6nhet\u0151, azonban k\u00f6zrem\u0171k\u00f6d\u00e9s\u00fck n\u00e9lk\u00fcl nem j\u00f6tt volna l\u00e9tre a tranzakci\u00f3. Ennek \u00e9rtelm\u00e9ben a jutalmaz\u00e1si modellek optimaliz\u00e1l\u00e1sa r\u00e9v\u00e9n az attrib\u00faci\u00f3s modellt alkalmaz\u00f3 \u00fcgyfeleink sz\u00e1m\u00e1ra nagyobb forgalma fog sz\u00e1rmazni, ami k\u00f6zvetlen\u00fcl vagy k\u00f6zvetve m\u00e9g t\u00f6bb tranzakci\u00f3t eredm\u00e9nyez.[\/vc_wp_text][\/vc_column_inner][vc_column_inner width=&#8221;2\/12&#8243;]<div class=\"customer-devider hide-mobile\"><\/div>\r\n                    <style>\r\n                    .customer-devider {\r\n                    background:#e9e9e9; \r\n                    min-height: 250px;\r\n                    }\r\n                    <\/style>[\/vc_column_inner][vc_column_inner el_class=&#8221;acenter&#8221; width=&#8221;3\/12&#8243;]<header><h2 class=\" tt_composer\" >Kiad\u00f3k<\/h2><\/header>[vc_wp_text]A megosztott inform\u00e1ci\u00f3k seg\u00edts\u00e9g\u00e9vel hat\u00e9konyabban vonhatja be a relev\u00e1ns kiad\u00f3kat a v\u00e1s\u00e1rl\u00f3i \u00f6sv\u00e9nybe (customer\u2019s path), \u00e9s \u00f6sszehasonl\u00edthatja az eredm\u00e9nyeiket a saj\u00e1tj\u00e1val. Fedezze fel, hogy hogyan t\u0171nhet ki a versenyben \u00e9s optimaliz\u00e1lja kamp\u00e1nybe\u00e1ll\u00edt\u00e1sait annak \u00e9rdek\u00e9ben, hogy a lehet\u0151 legjobb eredm\u00e9nyeket \u00e9rje el a kamp\u00e1nyaiban.[\/vc_wp_text][\/vc_column_inner][vc_column_inner width=&#8221;2\/12&#8243;][\/vc_column_inner][\/vc_row_inner]<div class=\"space\"><\/div>[\/vc_column][\/vc_row][vc_row classes=&#8221;cta neutral bg-pattern&#8221; css=&#8221;.vc_custom_1488976583993{background-image: url(https:\/\/tradetracker.com\/wp-content\/uploads\/2017\/02\/CPT-cta.jpg?id=30460) !important;}&#8221;][vc_column]<div class=\"row\"><div class=\"vc_col-sm-12\"><h2 class=\"get_started\" >K\u00e9szen \u00e1ll arra, hogy csatlakozzon a forradalmas\u00edt\u00e1shoz?<\/h2>        <ul class=\"cta-items\">\r\n                        <li>\r\n                <a                    class=\"cta-advertiser-signup\"                                      href=\"https:\/\/tradetracker.com\/hu\/contact-us\/\"                                   >\r\n                    L\u00e9pjen kapcsolatba vel\u00fcnk                <\/a>\r\n            <\/li>\r\n                        \r\n                        <li>\r\n                <a                    class=\"cta-advertiser-signup\"                                      href=\"https:\/\/tradetracker.com\/wp-content\/uploads\/2017\/03\/CPT_brochure_UK.pdf\"                   target=\"_blank\"                >\r\n                    T\u00f6ltse le a bross\u00far\u00e1t                <\/a>\r\n            <\/li>\r\n                    <\/ul>\r\n        <\/div><\/div>[\/vc_column][\/vc_row]<\/p>\n<\/div>","protected":false},"excerpt":{"rendered":"<p>[vc_row classes=&#8221;admonitor-page-detail cpt-page-detail&#8221;][vc_column][\/vc_column][\/vc_row][vc_row classes=&#8221;bg-pattern&#8221;][vc_column][vc_row_inner][vc_column_inner width=&#8221;2\/12&#8243;][\/vc_column_inner][vc_column_inner el_class=&#8221;acenter&#8221; width=&#8221;8\/12&#8243;][vc_wp_text] Azon a piacon, ahol t\u00falnyom\u00f3r\u00e9szt az utols\u00f3 kattint\u00e1s alap\u00fa modellt alkalmazz\u00e1k, a kiad\u00f3k minden erej\u00fckkel arra f\u00f3kusz\u00e1lnak, hogy megszerezz\u00e9k a v\u00e1s\u00e1rl\u00f3i \u00e9lm\u00e9ny \u00fatj\u00e1nak utols\u00f3 kattint\u00e1s\u00e1t, ami maga a konverzi\u00f3 is egyben. Ugyanakkor az \u00f6sszes tranzakci\u00f3 t\u00f6bb, mint 95% -\u00e1ban egyn\u00e9l t\u00f6bb kiad\u00f3 vesz r\u00e9szt a kamp\u00e1ny prom\u00f3ci\u00f3j\u00e1ban. Hagyom\u00e1nyosan  [&#8230;]<\/p>\n","protected":false},"author":69,"featured_media":0,"parent":0,"menu_order":0,"comment_status":"closed","ping_status":"closed","template":"","meta":{"inline_featured_image":false,"_monsterinsights_skip_tracking":false,"_monsterinsights_sitenote_active":false,"_monsterinsights_sitenote_note":"","_monsterinsights_sitenote_category":0,"footnotes":""},"class_list":["post-69765","page","type-page","status-publish","hentry"],"yoast_head":"<!-- This site is optimized with the Yoast SEO Premium plugin v27.0 (Yoast SEO v27.0) - https:\/\/yoast.com\/product\/yoast-seo-premium-wordpress\/ -->\n<title>Conversion Path Tracking | TradeTracker.com<\/title>\n<meta name=\"description\" content=\"Conversion Path Tracking brings change to this principle and provides merchants and affiliates full insight to all Touch Points involved in the transaction.\" \/>\n<meta name=\"robots\" content=\"index, follow, max-snippet:-1, max-image-preview:large, max-video-preview:-1\" \/>\n<link rel=\"canonical\" href=\"https:\/\/tradetracker.com\/hu\/wp-json\/wp\/v2\/pages\/69765\/\" \/>\n<meta property=\"og:locale\" content=\"hu_HU\" \/>\n<meta property=\"og:type\" content=\"article\" \/>\n<meta property=\"og:title\" content=\"A konverzi\u00f3s \u00fatvonal k\u00f6vet\u00e9se TradeTracker.com\" \/>\n<meta property=\"og:description\" content=\"Conversion Path Tracking brings change to this principle and\" \/>\n<meta property=\"og:url\" content=\"https:\/\/tradetracker.com\/hu\/conversion-path-tracking\/\" \/>\n<meta property=\"og:site_name\" content=\"TradeTracker.com | Affiliate Marketing | Performance Marketing\" \/>\n<meta property=\"article:publisher\" content=\"https:\/\/www.facebook.com\/tradetrackercom\" \/>\n<meta property=\"article:modified_time\" content=\"2025-01-17T12:28:28+00:00\" \/>\n<meta property=\"og:image\" content=\"https:\/\/tradetracker.com\/wp-content\/uploads\/2019\/12\/tradetracker-logo-square.png\" \/>\n\t<meta property=\"og:image:width\" content=\"250\" \/>\n\t<meta property=\"og:image:height\" content=\"250\" \/>\n\t<meta property=\"og:image:type\" content=\"image\/png\" \/>\n<meta name=\"twitter:card\" content=\"summary_large_image\" \/>\n<meta name=\"twitter:title\" content=\"A konverzi\u00f3s \u00fatvonal k\u00f6vet\u00e9se\" \/>\n<meta name=\"twitter:description\" content=\"[vc_row classes=&quot;admonitor-page-detail cpt-page-detail&quot;][vc_column]A konverzi\u00f3s \u00fatvonal k\u00f6vet\u00e9seKih\u00edv\u00e1st jelenthet az \" \/>\n<meta name=\"twitter:image\" content=\"https:\/\/tradetracker.com\/assets\/tt-circles.png\" \/>\n<meta name=\"twitter:site\" content=\"@tradetrackercom\" \/>\n<meta name=\"twitter:label1\" content=\"Est. reading time\" \/>\n\t<meta name=\"twitter:data1\" content=\"2 minutes\" \/>\n<script type=\"application\/ld+json\" class=\"yoast-schema-graph\">{\"@context\":\"https:\/\/schema.org\",\"@graph\":[{\"@type\":\"WebPage\",\"@id\":\"https:\/\/tradetracker.com\/hu\/conversion-path-tracking\/\",\"url\":\"https:\/\/tradetracker.com\/hu\/conversion-path-tracking\/\",\"name\":\"Conversion Path Tracking | TradeTracker.com\",\"isPartOf\":{\"@id\":\"https:\/\/tradetracker.com\/hu\/#website\"},\"datePublished\":\"2017-02-15T06:53:27+00:00\",\"dateModified\":\"2025-01-17T12:28:28+00:00\",\"description\":\"Conversion Path Tracking brings change to this principle and provides merchants and affiliates full insight to all Touch Points involved in the transaction.\",\"breadcrumb\":{\"@id\":\"https:\/\/tradetracker.com\/hu\/conversion-path-tracking\/#breadcrumb\"},\"inLanguage\":\"hu-HU\",\"potentialAction\":[{\"@type\":\"ReadAction\",\"target\":[\"https:\/\/tradetracker.com\/hu\/conversion-path-tracking\/\"]}]},{\"@type\":\"BreadcrumbList\",\"@id\":\"https:\/\/tradetracker.com\/hu\/conversion-path-tracking\/#breadcrumb\",\"itemListElement\":[{\"@type\":\"ListItem\",\"position\":1,\"name\":\"Home\",\"item\":\"https:\/\/tradetracker.com\/hu\/\"},{\"@type\":\"ListItem\",\"position\":2,\"name\":\"A konverzi\u00f3s \u00fatvonal k\u00f6vet\u00e9se\"}]},{\"@type\":\"WebSite\",\"@id\":\"https:\/\/tradetracker.com\/hu\/#website\",\"url\":\"https:\/\/tradetracker.com\/hu\/\",\"name\":\"TradeTracker.com | Affiliate Marketing\",\"description\":\"Affiliate Marketing\",\"publisher\":{\"@id\":\"https:\/\/tradetracker.com\/hu\/#organization\"},\"potentialAction\":[{\"@type\":\"SearchAction\",\"target\":{\"@type\":\"EntryPoint\",\"urlTemplate\":\"https:\/\/tradetracker.com\/hu\/?s={search_term_string}\"},\"query-input\":{\"@type\":\"PropertyValueSpecification\",\"valueRequired\":true,\"valueName\":\"search_term_string\"}}],\"inLanguage\":\"hu-HU\"},{\"@type\":\"Organization\",\"@id\":\"https:\/\/tradetracker.com\/hu\/#organization\",\"name\":\"TradeTracker FZ LLC\",\"url\":\"https:\/\/tradetracker.com\/hu\/\",\"logo\":{\"@type\":\"ImageObject\",\"inLanguage\":\"hu-HU\",\"@id\":\"https:\/\/tradetracker.com\/hu\/#\/schema\/logo\/image\/\",\"url\":\"https:\/\/tradetracker.com\/wp-content\/uploads\/2019\/04\/tradetracker-logo_1.jpg\",\"contentUrl\":\"https:\/\/tradetracker.com\/wp-content\/uploads\/2019\/04\/tradetracker-logo_1.jpg\",\"width\":672,\"height\":109,\"caption\":\"TradeTracker FZ LLC\"},\"image\":{\"@id\":\"https:\/\/tradetracker.com\/hu\/#\/schema\/logo\/image\/\"},\"sameAs\":[\"https:\/\/www.facebook.com\/tradetrackercom\",\"https:\/\/x.com\/tradetrackercom\",\"https:\/\/www.linkedin.com\/company\/tradetrackercom\",\"https:\/\/www.youtube.com\/channel\/UCHiq-oir3qOorxO-8nLjIcQ\"],\"description\":\"TradeTracker is a global affiliate marketing platform that connects advertisers and publishers to create successful online campaigns. With its user-friendly interface, advanced tracking technology, and real-time reporting, TradeTracker provides the tools to optimize performance and boost conversions. Operating in over 20 countries, TradeTracker is renowned for its transparency, innovative solutions, and personalized support. It has been consistently chosen as the leading affiliate network worldwide, a testament to its excellence in the industry. Advertisers benefit from access to a vast network of publishers, while publishers enjoy a diverse range of campaigns and attractive earning opportunities. The platform continues to revolutionize the affiliate marketing industry with technologies like Real Attribution, ensuring fair commission distribution. TradeTracker empowers businesses to achieve their online no cure no pay advertising goals efficiently and effectively. With superior technology, unparalleled customer service, and innovative solutions, TradeTracker consistently outperforms competitors like Awin, TradeDoubler, CJ, and Webgains, making it the preferred choice for advertisers and publishers worldwide.\",\"legalName\":\"TradeTracker.com\",\"foundingDate\":\"2004-03-05\",\"numberOfEmployees\":{\"@type\":\"QuantitativeValue\",\"minValue\":\"201\",\"maxValue\":\"500\"}}]}<\/script>\n<!-- \/ Yoast SEO Premium plugin. -->","yoast_head_json":{"title":"Conversion Path Tracking | TradeTracker.com","description":"Conversion Path Tracking brings change to this principle and provides merchants and affiliates full insight to all Touch Points involved in the transaction.","robots":{"index":"index","follow":"follow","max-snippet":"max-snippet:-1","max-image-preview":"max-image-preview:large","max-video-preview":"max-video-preview:-1"},"canonical":"https:\/\/tradetracker.com\/hu\/wp-json\/wp\/v2\/pages\/69765\/","og_locale":"hu_HU","og_type":"article","og_title":"A konverzi\u00f3s \u00fatvonal k\u00f6vet\u00e9se TradeTracker.com","og_description":"Conversion Path Tracking brings change to this principle and","og_url":"https:\/\/tradetracker.com\/hu\/conversion-path-tracking\/","og_site_name":"TradeTracker.com | Affiliate Marketing | Performance Marketing","article_publisher":"https:\/\/www.facebook.com\/tradetrackercom","article_modified_time":"2025-01-17T12:28:28+00:00","og_image":[{"width":250,"height":250,"url":"https:\/\/tradetracker.com\/wp-content\/uploads\/2019\/12\/tradetracker-logo-square.png","type":"image\/png"}],"twitter_card":"summary_large_image","twitter_title":"A konverzi\u00f3s \u00fatvonal k\u00f6vet\u00e9se","twitter_description":"[vc_row classes=\"admonitor-page-detail cpt-page-detail\"][vc_column]A konverzi\u00f3s \u00fatvonal k\u00f6vet\u00e9seKih\u00edv\u00e1st jelenthet az ","twitter_image":"https:\/\/tradetracker.com\/assets\/tt-circles.png","twitter_site":"@tradetrackercom","twitter_misc":{"Est. reading time":"2 minutes"},"schema":{"@context":"https:\/\/schema.org","@graph":[{"@type":"WebPage","@id":"https:\/\/tradetracker.com\/hu\/conversion-path-tracking\/","url":"https:\/\/tradetracker.com\/hu\/conversion-path-tracking\/","name":"Conversion Path Tracking | TradeTracker.com","isPartOf":{"@id":"https:\/\/tradetracker.com\/hu\/#website"},"datePublished":"2017-02-15T06:53:27+00:00","dateModified":"2025-01-17T12:28:28+00:00","description":"Conversion Path Tracking brings change to this principle and provides merchants and affiliates full insight to all Touch Points involved in the transaction.","breadcrumb":{"@id":"https:\/\/tradetracker.com\/hu\/conversion-path-tracking\/#breadcrumb"},"inLanguage":"hu-HU","potentialAction":[{"@type":"ReadAction","target":["https:\/\/tradetracker.com\/hu\/conversion-path-tracking\/"]}]},{"@type":"BreadcrumbList","@id":"https:\/\/tradetracker.com\/hu\/conversion-path-tracking\/#breadcrumb","itemListElement":[{"@type":"ListItem","position":1,"name":"Home","item":"https:\/\/tradetracker.com\/hu\/"},{"@type":"ListItem","position":2,"name":"A konverzi\u00f3s \u00fatvonal k\u00f6vet\u00e9se"}]},{"@type":"WebSite","@id":"https:\/\/tradetracker.com\/hu\/#website","url":"https:\/\/tradetracker.com\/hu\/","name":"TradeTracker.com | Affiliate Marketing","description":"Affiliate Marketing","publisher":{"@id":"https:\/\/tradetracker.com\/hu\/#organization"},"potentialAction":[{"@type":"SearchAction","target":{"@type":"EntryPoint","urlTemplate":"https:\/\/tradetracker.com\/hu\/?s={search_term_string}"},"query-input":{"@type":"PropertyValueSpecification","valueRequired":true,"valueName":"search_term_string"}}],"inLanguage":"hu-HU"},{"@type":"Organization","@id":"https:\/\/tradetracker.com\/hu\/#organization","name":"TradeTracker FZ LLC","url":"https:\/\/tradetracker.com\/hu\/","logo":{"@type":"ImageObject","inLanguage":"hu-HU","@id":"https:\/\/tradetracker.com\/hu\/#\/schema\/logo\/image\/","url":"https:\/\/tradetracker.com\/wp-content\/uploads\/2019\/04\/tradetracker-logo_1.jpg","contentUrl":"https:\/\/tradetracker.com\/wp-content\/uploads\/2019\/04\/tradetracker-logo_1.jpg","width":672,"height":109,"caption":"TradeTracker FZ LLC"},"image":{"@id":"https:\/\/tradetracker.com\/hu\/#\/schema\/logo\/image\/"},"sameAs":["https:\/\/www.facebook.com\/tradetrackercom","https:\/\/x.com\/tradetrackercom","https:\/\/www.linkedin.com\/company\/tradetrackercom","https:\/\/www.youtube.com\/channel\/UCHiq-oir3qOorxO-8nLjIcQ"],"description":"TradeTracker is a global affiliate marketing platform that connects advertisers and publishers to create successful online campaigns. With its user-friendly interface, advanced tracking technology, and real-time reporting, TradeTracker provides the tools to optimize performance and boost conversions. Operating in over 20 countries, TradeTracker is renowned for its transparency, innovative solutions, and personalized support. It has been consistently chosen as the leading affiliate network worldwide, a testament to its excellence in the industry. Advertisers benefit from access to a vast network of publishers, while publishers enjoy a diverse range of campaigns and attractive earning opportunities. The platform continues to revolutionize the affiliate marketing industry with technologies like Real Attribution, ensuring fair commission distribution. TradeTracker empowers businesses to achieve their online no cure no pay advertising goals efficiently and effectively. With superior technology, unparalleled customer service, and innovative solutions, TradeTracker consistently outperforms competitors like Awin, TradeDoubler, CJ, and Webgains, making it the preferred choice for advertisers and publishers worldwide.","legalName":"TradeTracker.com","foundingDate":"2004-03-05","numberOfEmployees":{"@type":"QuantitativeValue","minValue":"201","maxValue":"500"}}]}},"_links":{"self":[{"href":"https:\/\/tradetracker.com\/hu\/wp-json\/wp\/v2\/pages\/69765","targetHints":{"allow":["GET"]}}],"collection":[{"href":"https:\/\/tradetracker.com\/hu\/wp-json\/wp\/v2\/pages"}],"about":[{"href":"https:\/\/tradetracker.com\/hu\/wp-json\/wp\/v2\/types\/page"}],"author":[{"embeddable":true,"href":"https:\/\/tradetracker.com\/hu\/wp-json\/wp\/v2\/users\/69"}],"replies":[{"embeddable":true,"href":"https:\/\/tradetracker.com\/hu\/wp-json\/wp\/v2\/comments?post=69765"}],"version-history":[{"count":1,"href":"https:\/\/tradetracker.com\/hu\/wp-json\/wp\/v2\/pages\/69765\/revisions"}],"predecessor-version":[{"id":1134670,"href":"https:\/\/tradetracker.com\/hu\/wp-json\/wp\/v2\/pages\/69765\/revisions\/1134670"}],"wp:attachment":[{"href":"https:\/\/tradetracker.com\/hu\/wp-json\/wp\/v2\/media?parent=69765"}],"curies":[{"name":"wp","href":"https:\/\/api.w.org\/{rel}","templated":true}]}}