{"id":69769,"date":"2017-02-15T06:49:01","date_gmt":"2017-02-15T06:49:01","guid":{"rendered":"https:\/\/tradetracker.com\/services\/"},"modified":"2020-12-17T11:05:25","modified_gmt":"2020-12-17T11:05:25","slug":"services","status":"publish","type":"page","link":"https:\/\/tradetracker.com\/hu\/advertisers\/services\/","title":{"rendered":"Services"},"content":{"rendered":"<div class=\"wpb-content-wrapper\"><p>[vc_row css=&#8221;.vc_custom_1607984093688{background-color: #6ebd44 !important;}&#8221; classes=&#8221;tt-single-industry tt-services&#8221;][vc_column]<div class=\"row\"><div class=\"vc_col-sm-12\"><div class=\" static-page-intro-text \" style=\"width: 75%\"><h1  style=\"color: #ffffff\" class=\"\">Szolg\u00e1ltat\u00e1sok<\/h1><h2  style=\"color: #ffffff\" class=\"\">B\u00fcszk\u00e9k vagyunk h\u00e1l\u00f3zatunk soksz\u00edn\u0171s\u00e9g\u00e9re - ak\u00e1rmilyen kamp\u00e1nyr\u00f3l legyen is sz\u00f3, mi \u00f6sszehozzuk azokkal a profikkal, akik a legink\u00e1bb el\u0151seg\u00edtik az \u00d6n siker\u00e9t. Olyan szak\u00e9rt\u0151 csapattal dicsekedhet\u00fcnk, akik sikeresen fel tudj\u00e1k kutatni h\u00e1l\u00f3zatunkon bel\u00fcl azokat a partnereket, akik \u00e9letre kelthetik kamp\u00e1ny\u00e1t.<\/h2><\/div>\r\n        <\/div>\r\n    <\/div>[\/vc_column][\/vc_row][vc_row][vc_column]<div class=\"row tt-industries-page\"><div class='vc_col-sm-3' id='sidebar'><h4 class=\"lined-section\">Industries<\/h4><div class=\"widget_nav_menu\"><ul class=\"menu\"><li><a class=\"industries-back\" href=\"https:\/\/tradetracker.com\/hu\/#section-industries\/\">\u2190 Back to Industry Home<\/a><\/li><li><a href='https:\/\/tradetracker.com\/hu\/advertisers\/finance\/' class=''>P\u00e9nz\u00fcgy<\/a><\/li><li><a href='https:\/\/tradetracker.com\/hu\/advertisers\/shopping\/' class=''>V\u00e1s\u00e1rl\u00e1s<\/a><\/li><li><a href='https:\/\/tradetracker.com\/hu\/advertisers\/telecom\/' class=''>Telekommunik\u00e1ci\u00f3<\/a><\/li><li><a href='https:\/\/tradetracker.com\/hu\/advertisers\/services\/' class='active'>Szolg\u00e1ltat\u00e1s<\/a><\/li><li><a href='https:\/\/tradetracker.com\/hu\/advertisers\/travel\/' class=''>Utaz\u00e1s<\/a><\/li><\/ul><\/div>\r\n    <\/div><div class=\"vc_col-sm-9\">\r\n                <div class=\"vc_col-sm-12\">\r\n                    <ul class=\"industry-list services\"><li><h2>Dom\u00e9nnevek \u00e9s t\u00e1rhelyszolg\u00e1ltat\u00e1s<\/h2><p>Egy sikeres webhely alapja a tal\u00e1l\u00f3 n\u00e9v \u00e9s a stabil t\u00e1rhely, \u00e9s online c\u00e9gk\u00e9nt pontosan meg tudjuk mondani mi tesz egy online v\u00e1llalkoz\u00e1st j\u00f6vedelmez\u0151v\u00e9.<\/p><\/li><li><h2>E-mail marketing<\/h2><p>Alapvet\u0151 m\u00f3dja az \u00fczleti kapcsolattart\u00e1snak, \u00e9s elengedhetetlen a feliratkoz\u00f3ival val\u00f3 kapcsolattart\u00e1sban.<\/p><\/li><li><h2>Foglalkoztat\u00e1s, Oktat\u00e1s \u00e9s Karrier<\/h2><p>Azokat c\u00e9lozva, akik az \u00e9let\u00fck k\u00f6vetkez\u0151 nagy l\u00e9p\u00e9s\u00e9re k\u00e9sz\u00fclnek. Az ebben seg\u00edts\u00e9get ny\u00fajt\u00f3 v\u00e1llalatoknak is seg\u00edt\u00fcnk el\u00e9rni a c\u00e9lk\u00f6z\u00f6ns\u00e9g\u00fcket.<\/p><\/li><li><h2>Ingyenes szolg\u00e1ltat\u00e1sok \u00e9s nyerem\u00e9nyj\u00e1t\u00e9kok<\/h2><p>\"Aki nem j\u00e1tszik az nem is nyer\" ez nem csak nagyszer\u0171 \u00e9letfiloz\u00f3fia, de t\u00f6bbsz\u00f6r\u00f6sen igaz az \u00fcgyfeleinkek bemutatott j\u00e1t\u00e9kosokra, akik mindig a jackpotra mennek.<\/p><\/li><li><h2>Jog<\/h2><p>Professzion\u00e1lis szolg\u00e1ltat\u00e1st ny\u00fajtunk azok sz\u00e1m\u00e1ra, akik komolyan veszik a t\u00e1rsadalmi igazs\u00e1goss\u00e1got, \u00e9s sz\u00edvesen seg\u00edtenek a szorult helyzetben l\u00e9v\u0151 embereken.<\/p><\/li><li><h2>J\u00f3t\u00e9konys\u00e1g<\/h2><p>A legnagyobb megtiszteltet\u00e9s sz\u00e1munkra oylan szolg\u00e1ltat\u00e1st ny\u00fajtani amely egy k\u00fcl\u00f6nleges \u00fcgyet t\u00e1mogat. Csapatunk teljes sz\u00edvb\u0151l seg\u00edti a non-profitok terjeszked\u00e9s\u00e9t, \u00e9s mindig beleteszi azt a bizonyos pluszt.<\/p><\/li><li><h2>Online szem\u00e9lyi szolg\u00e1ltat\u00e1sok<\/h2><p>Seg\u00edt\u00fcnk az embereknek szolg\u00e1ltat\u00e1saik online el\u00e9r\u00e9s\u00e9ben, hogy helyzet\u00fckt\u0151l f\u00fcggetlen\u00fcl mindig k\u00f6nnyen \u00e9s rugalmasan hozz\u00e1juk f\u00e9rhessenek. Lehet\u0151v\u00e9 tessz\u00fck a c\u00e9gek sz\u00e1m\u00e1ra, hogy kapcsolatba l\u00e9pjenek azokkal, akiknek sz\u00fcks\u00e9ge van r\u00e1juk.<\/p><\/li><li><h2>Randi<\/h2><p>A szerelem nev\u00e9ben! Az\u00e9rt vagyunk, hogy \u00f6sszehozzunk k\u00e9t egyed\u00fcl\u00e1ll\u00f3t n\u00e9mi romantika \u00e9s a tov\u00e1bbi boldog \u00e9let rem\u00e9ny\u00e9ben.<\/p><\/li><li><h2>Szakmai szolg\u00e1ltat\u00e1sok<\/h2><p>Lehet\u0151v\u00e9 tessz\u00fck a szakemberek sz\u00e1m\u00e1ra, hogy el\u00e9rj\u00e9k azokat az embereket, akik az \u0151 szolg\u00e1ltat\u00e1saikat keresik, \u00e9s seg\u00edt\u00fcnk nekik az erre vonatkoz\u00f3 m\u00f3dszereik t\u00f6k\u00e9letes\u00edt\u00e9s\u00e9ben.<\/p><\/li><li><h2>Szerencsej\u00e1t\u00e9k \u00e9s lott\u00f3<\/h2><p>Olyan v\u00e1s\u00e1rl\u00f3kat c\u00e9lozva, akik szeretik az es\u00e9lyeiket sz\u00e1molgatni, a szolg\u00e1ltat\u00f3k sz\u00e9les v\u00e1laszt\u00e9k\u00e1nak biztos\u00edtjuk a lehet\u0151s\u00e9get, hogy j\u00e1t\u00e9kk\u00edn\u00e1latukat a buzg\u00f3 szerencsej\u00e1t\u00e9kosok el\u00e9 t\u00e1rj\u00e1k.<\/p><\/li><li><h2>Sz\u00f3rakoztat\u00e1s \u00e9s szabadid\u0151<\/h2><p>Lehet\u0151v\u00e9 tessz\u00fck a rendezv\u00e9nyek sz\u00e1m\u00e1ra, hogy eljuttass\u00e1k \u00fczenet\u00fcket a c\u00e9lk\u00f6z\u00f6ns\u00e9g\u00fcknek. \u00d6sszekapcsoljuk \u0151ket a programaj\u00e1nl\u00f3 webhelyekkel, \u00edgy k\u00f6z\u00f6sen dolgozhatnak a jegy\u00e9rt\u00e9kes\u00edt\u00e9sek n\u00f6vel\u00e9s\u00e9n.<\/p><\/li><li><h2>Vir\u00e1gok<\/h2><p>Semmi sem aranyozza be jobban a napot, mint egy sz\u00ednes vir\u00e1gcsokor, \u00e9s mi sz\u00edvesen seg\u00edt\u00fcnk mosolyt csalni \u00fcgyfel\u00fcnk sz\u00edve v\u00e1lasztottj\u00e1nak arc\u00e1ra.<\/p><\/li><\/ul><\/div><\/div><\/div>[\/vc_column][\/vc_row]<\/p>\n<\/div>","protected":false},"excerpt":{"rendered":"<p>[vc_row css=&#8221;.vc_custom_1607984093688{background-color: #6ebd44 !important;}&#8221; classes=&#8221;tt-single-industry tt-services&#8221;][vc_column][\/vc_column][\/vc_row][vc_row][vc_column][\/vc_column][\/vc_row]<\/p>\n","protected":false},"author":69,"featured_media":0,"parent":69899,"menu_order":0,"comment_status":"closed","ping_status":"closed","template":"","meta":{"inline_featured_image":false,"_monsterinsights_skip_tracking":false,"_monsterinsights_sitenote_active":false,"_monsterinsights_sitenote_note":"","_monsterinsights_sitenote_category":0,"footnotes":""},"class_list":["post-69769","page","type-page","status-publish","hentry"],"yoast_head":"<!-- This site is optimized with the Yoast SEO Premium plugin v27.0 (Yoast SEO v27.0) - https:\/\/yoast.com\/product\/yoast-seo-premium-wordpress\/ -->\n<title>Services | Affiliate Marketing | TradeTracker<\/title>\n<meta name=\"description\" content=\"Segments of the services industry who use our affiliate marketing network for their online advertising.\" \/>\n<meta name=\"robots\" content=\"index, follow, max-snippet:-1, max-image-preview:large, max-video-preview:-1\" \/>\n<link rel=\"canonical\" href=\"https:\/\/tradetracker.com\/hu\/wp-json\/wp\/v2\/pages\/69769\/\" \/>\n<meta property=\"og:locale\" content=\"hu_HU\" \/>\n<meta property=\"og:type\" content=\"article\" \/>\n<meta property=\"og:title\" content=\"Services\" \/>\n<meta property=\"og:description\" content=\"Segments of the services industry who use our affiliate marketing network for their online advertising.\" \/>\n<meta property=\"og:url\" content=\"https:\/\/tradetracker.com\/hu\/advertisers\/services\/\" \/>\n<meta property=\"og:site_name\" content=\"TradeTracker.com | Affiliate Marketing | Performance Marketing\" \/>\n<meta property=\"article:publisher\" content=\"https:\/\/www.facebook.com\/tradetrackercom\" \/>\n<meta property=\"article:modified_time\" content=\"2020-12-17T11:05:25+00:00\" \/>\n<meta property=\"og:image\" content=\"https:\/\/tradetracker.com\/wp-content\/uploads\/2019\/12\/tradetracker-logo-square.png\" \/>\n\t<meta property=\"og:image:width\" content=\"250\" \/>\n\t<meta property=\"og:image:height\" content=\"250\" \/>\n\t<meta property=\"og:image:type\" content=\"image\/png\" \/>\n<meta name=\"twitter:card\" content=\"summary_large_image\" \/>\n<meta name=\"twitter:site\" content=\"@tradetrackercom\" \/>\n<meta name=\"twitter:label1\" content=\"Est. reading time\" \/>\n\t<meta name=\"twitter:data1\" content=\"1 minute\" \/>\n<script type=\"application\/ld+json\" class=\"yoast-schema-graph\">{\"@context\":\"https:\/\/schema.org\",\"@graph\":[{\"@type\":\"WebPage\",\"@id\":\"https:\/\/tradetracker.com\/hu\/advertisers\/services\/\",\"url\":\"https:\/\/tradetracker.com\/hu\/advertisers\/services\/\",\"name\":\"Services | Affiliate Marketing | TradeTracker\",\"isPartOf\":{\"@id\":\"https:\/\/tradetracker.com\/hu\/#website\"},\"datePublished\":\"2017-02-15T06:49:01+00:00\",\"dateModified\":\"2020-12-17T11:05:25+00:00\",\"description\":\"Segments of the services industry who use our affiliate marketing network for their online advertising.\",\"breadcrumb\":{\"@id\":\"https:\/\/tradetracker.com\/hu\/advertisers\/services\/#breadcrumb\"},\"inLanguage\":\"hu-HU\",\"potentialAction\":[{\"@type\":\"ReadAction\",\"target\":[\"https:\/\/tradetracker.com\/hu\/advertisers\/services\/\"]}]},{\"@type\":\"BreadcrumbList\",\"@id\":\"https:\/\/tradetracker.com\/hu\/advertisers\/services\/#breadcrumb\",\"itemListElement\":[{\"@type\":\"ListItem\",\"position\":1,\"name\":\"Home\",\"item\":\"https:\/\/tradetracker.com\/hu\/\"},{\"@type\":\"ListItem\",\"position\":2,\"name\":\"Advertisers\",\"item\":\"https:\/\/tradetracker.com\/hu\/advertisers\/\"},{\"@type\":\"ListItem\",\"position\":3,\"name\":\"Services\"}]},{\"@type\":\"WebSite\",\"@id\":\"https:\/\/tradetracker.com\/hu\/#website\",\"url\":\"https:\/\/tradetracker.com\/hu\/\",\"name\":\"TradeTracker.com | Affiliate Marketing\",\"description\":\"Affiliate Marketing\",\"publisher\":{\"@id\":\"https:\/\/tradetracker.com\/hu\/#organization\"},\"potentialAction\":[{\"@type\":\"SearchAction\",\"target\":{\"@type\":\"EntryPoint\",\"urlTemplate\":\"https:\/\/tradetracker.com\/hu\/?s={search_term_string}\"},\"query-input\":{\"@type\":\"PropertyValueSpecification\",\"valueRequired\":true,\"valueName\":\"search_term_string\"}}],\"inLanguage\":\"hu-HU\"},{\"@type\":\"Organization\",\"@id\":\"https:\/\/tradetracker.com\/hu\/#organization\",\"name\":\"TradeTracker FZ LLC\",\"url\":\"https:\/\/tradetracker.com\/hu\/\",\"logo\":{\"@type\":\"ImageObject\",\"inLanguage\":\"hu-HU\",\"@id\":\"https:\/\/tradetracker.com\/hu\/#\/schema\/logo\/image\/\",\"url\":\"https:\/\/tradetracker.com\/wp-content\/uploads\/2019\/04\/tradetracker-logo_1.jpg\",\"contentUrl\":\"https:\/\/tradetracker.com\/wp-content\/uploads\/2019\/04\/tradetracker-logo_1.jpg\",\"width\":672,\"height\":109,\"caption\":\"TradeTracker FZ LLC\"},\"image\":{\"@id\":\"https:\/\/tradetracker.com\/hu\/#\/schema\/logo\/image\/\"},\"sameAs\":[\"https:\/\/www.facebook.com\/tradetrackercom\",\"https:\/\/x.com\/tradetrackercom\",\"https:\/\/www.linkedin.com\/company\/tradetrackercom\",\"https:\/\/www.youtube.com\/channel\/UCHiq-oir3qOorxO-8nLjIcQ\"],\"description\":\"TradeTracker is a global affiliate marketing platform that connects advertisers and publishers to create successful online campaigns. With its user-friendly interface, advanced tracking technology, and real-time reporting, TradeTracker provides the tools to optimize performance and boost conversions. Operating in over 20 countries, TradeTracker is renowned for its transparency, innovative solutions, and personalized support. It has been consistently chosen as the leading affiliate network worldwide, a testament to its excellence in the industry. Advertisers benefit from access to a vast network of publishers, while publishers enjoy a diverse range of campaigns and attractive earning opportunities. The platform continues to revolutionize the affiliate marketing industry with technologies like Real Attribution, ensuring fair commission distribution. TradeTracker empowers businesses to achieve their online no cure no pay advertising goals efficiently and effectively. With superior technology, unparalleled customer service, and innovative solutions, TradeTracker consistently outperforms competitors like Awin, TradeDoubler, CJ, and Webgains, making it the preferred choice for advertisers and publishers worldwide.\",\"legalName\":\"TradeTracker.com\",\"foundingDate\":\"2004-03-05\",\"numberOfEmployees\":{\"@type\":\"QuantitativeValue\",\"minValue\":\"201\",\"maxValue\":\"500\"}}]}<\/script>\n<!-- \/ Yoast SEO Premium plugin. -->","yoast_head_json":{"title":"Services | Affiliate Marketing | TradeTracker","description":"Segments of the services industry who use our affiliate marketing network for their online advertising.","robots":{"index":"index","follow":"follow","max-snippet":"max-snippet:-1","max-image-preview":"max-image-preview:large","max-video-preview":"max-video-preview:-1"},"canonical":"https:\/\/tradetracker.com\/hu\/wp-json\/wp\/v2\/pages\/69769\/","og_locale":"hu_HU","og_type":"article","og_title":"Services","og_description":"Segments of the services industry who use our affiliate marketing network for their online advertising.","og_url":"https:\/\/tradetracker.com\/hu\/advertisers\/services\/","og_site_name":"TradeTracker.com | Affiliate Marketing | Performance Marketing","article_publisher":"https:\/\/www.facebook.com\/tradetrackercom","article_modified_time":"2020-12-17T11:05:25+00:00","og_image":[{"width":250,"height":250,"url":"https:\/\/tradetracker.com\/wp-content\/uploads\/2019\/12\/tradetracker-logo-square.png","type":"image\/png"}],"twitter_card":"summary_large_image","twitter_site":"@tradetrackercom","twitter_misc":{"Est. reading time":"1 minute"},"schema":{"@context":"https:\/\/schema.org","@graph":[{"@type":"WebPage","@id":"https:\/\/tradetracker.com\/hu\/advertisers\/services\/","url":"https:\/\/tradetracker.com\/hu\/advertisers\/services\/","name":"Services | Affiliate Marketing | TradeTracker","isPartOf":{"@id":"https:\/\/tradetracker.com\/hu\/#website"},"datePublished":"2017-02-15T06:49:01+00:00","dateModified":"2020-12-17T11:05:25+00:00","description":"Segments of the services industry who use our affiliate marketing network for their online advertising.","breadcrumb":{"@id":"https:\/\/tradetracker.com\/hu\/advertisers\/services\/#breadcrumb"},"inLanguage":"hu-HU","potentialAction":[{"@type":"ReadAction","target":["https:\/\/tradetracker.com\/hu\/advertisers\/services\/"]}]},{"@type":"BreadcrumbList","@id":"https:\/\/tradetracker.com\/hu\/advertisers\/services\/#breadcrumb","itemListElement":[{"@type":"ListItem","position":1,"name":"Home","item":"https:\/\/tradetracker.com\/hu\/"},{"@type":"ListItem","position":2,"name":"Advertisers","item":"https:\/\/tradetracker.com\/hu\/advertisers\/"},{"@type":"ListItem","position":3,"name":"Services"}]},{"@type":"WebSite","@id":"https:\/\/tradetracker.com\/hu\/#website","url":"https:\/\/tradetracker.com\/hu\/","name":"TradeTracker.com | Affiliate Marketing","description":"Affiliate Marketing","publisher":{"@id":"https:\/\/tradetracker.com\/hu\/#organization"},"potentialAction":[{"@type":"SearchAction","target":{"@type":"EntryPoint","urlTemplate":"https:\/\/tradetracker.com\/hu\/?s={search_term_string}"},"query-input":{"@type":"PropertyValueSpecification","valueRequired":true,"valueName":"search_term_string"}}],"inLanguage":"hu-HU"},{"@type":"Organization","@id":"https:\/\/tradetracker.com\/hu\/#organization","name":"TradeTracker FZ LLC","url":"https:\/\/tradetracker.com\/hu\/","logo":{"@type":"ImageObject","inLanguage":"hu-HU","@id":"https:\/\/tradetracker.com\/hu\/#\/schema\/logo\/image\/","url":"https:\/\/tradetracker.com\/wp-content\/uploads\/2019\/04\/tradetracker-logo_1.jpg","contentUrl":"https:\/\/tradetracker.com\/wp-content\/uploads\/2019\/04\/tradetracker-logo_1.jpg","width":672,"height":109,"caption":"TradeTracker FZ LLC"},"image":{"@id":"https:\/\/tradetracker.com\/hu\/#\/schema\/logo\/image\/"},"sameAs":["https:\/\/www.facebook.com\/tradetrackercom","https:\/\/x.com\/tradetrackercom","https:\/\/www.linkedin.com\/company\/tradetrackercom","https:\/\/www.youtube.com\/channel\/UCHiq-oir3qOorxO-8nLjIcQ"],"description":"TradeTracker is a global affiliate marketing platform that connects advertisers and publishers to create successful online campaigns. With its user-friendly interface, advanced tracking technology, and real-time reporting, TradeTracker provides the tools to optimize performance and boost conversions. Operating in over 20 countries, TradeTracker is renowned for its transparency, innovative solutions, and personalized support. It has been consistently chosen as the leading affiliate network worldwide, a testament to its excellence in the industry. Advertisers benefit from access to a vast network of publishers, while publishers enjoy a diverse range of campaigns and attractive earning opportunities. The platform continues to revolutionize the affiliate marketing industry with technologies like Real Attribution, ensuring fair commission distribution. TradeTracker empowers businesses to achieve their online no cure no pay advertising goals efficiently and effectively. With superior technology, unparalleled customer service, and innovative solutions, TradeTracker consistently outperforms competitors like Awin, TradeDoubler, CJ, and Webgains, making it the preferred choice for advertisers and publishers worldwide.","legalName":"TradeTracker.com","foundingDate":"2004-03-05","numberOfEmployees":{"@type":"QuantitativeValue","minValue":"201","maxValue":"500"}}]}},"_links":{"self":[{"href":"https:\/\/tradetracker.com\/hu\/wp-json\/wp\/v2\/pages\/69769","targetHints":{"allow":["GET"]}}],"collection":[{"href":"https:\/\/tradetracker.com\/hu\/wp-json\/wp\/v2\/pages"}],"about":[{"href":"https:\/\/tradetracker.com\/hu\/wp-json\/wp\/v2\/types\/page"}],"author":[{"embeddable":true,"href":"https:\/\/tradetracker.com\/hu\/wp-json\/wp\/v2\/users\/69"}],"replies":[{"embeddable":true,"href":"https:\/\/tradetracker.com\/hu\/wp-json\/wp\/v2\/comments?post=69769"}],"version-history":[{"count":0,"href":"https:\/\/tradetracker.com\/hu\/wp-json\/wp\/v2\/pages\/69769\/revisions"}],"up":[{"embeddable":true,"href":"https:\/\/tradetracker.com\/hu\/wp-json\/wp\/v2\/pages\/69899"}],"wp:attachment":[{"href":"https:\/\/tradetracker.com\/hu\/wp-json\/wp\/v2\/media?parent=69769"}],"curies":[{"name":"wp","href":"https:\/\/api.w.org\/{rel}","templated":true}]}}