{"id":69773,"date":"2017-02-14T05:22:41","date_gmt":"2017-02-14T05:22:41","guid":{"rendered":"https:\/\/tradetracker.com\/blog\/"},"modified":"2020-11-11T04:08:59","modified_gmt":"2020-11-11T04:08:59","slug":"blog","status":"publish","type":"page","link":"https:\/\/tradetracker.com\/hu\/blog\/","title":{"rendered":"Blog"},"content":{"rendered":"<div class=\"wpb-content-wrapper\"><p>[vc_row row_markup=&#8221;div&#8221; classes=&#8221;blog-page cs-heading&#8221; el_id=&#8221;blog-page&#8221;][vc_column]<div class=\"row\"><div class=\"vc_col-sm-12\"><div class=\" static-page-intro-text \"><h1  class=\"\">Blogok<\/h1><h2  class=\"\">A legfrissebb h\u00edrek a performance marketing vil\u00e1g\u00e1b\u00f3l. Tippek, tr\u00fckk\u00f6k arr\u00f3l, hogyan hozhat ki m\u00e9g t\u00f6bbet az affiliate marketingb\u0151l, \u00e1tfog\u00f3 elemz\u00e9sek v\u00e1logatott v\u00e9lem\u00e9nyvez\u00e9reink toll\u00e1b\u00f3l \u00e9s egy kis bepillant\u00e1s a TradeTracker \u00e9let\u00e9be a vil\u00e1g k\u00f6r\u00fcl.<\/h2><\/div>\r\n        <\/div>\r\n    <\/div>[\/vc_column][\/vc_row][vc_row el_id=&#8221;tt-sec-menu&#8221;][vc_column][vc_raw_html]JTIwJTIwJTIwJTIwJTNDZGl2JTIwY2xhc3MlM0QlMjJzY3MtYmFjayUyMHBhcnQtZnVsbHNlY3Rpb24lMjB0dC1zZWMtbWVudSUyMiUzRSUwQSUyMCUyMCUyMCUyMCUyMCUyMCUyMCUyMCUzQ2RpdiUyMGNsYXNzJTNEJTIycm93JTIwc2NzLWJhY2stdGV4dCUyMiUzRSUwQSUyMCUyMCUyMCUyMCUyMCUyMCUyMCUyMCUyMCUyMCUyMCUyMCUzQ2ElMjBjbGFzcyUzRCUyMiUyMiUyMGhyZWYlM0QlMjIlMkZodSUyRm5ld3MlMkYlMjIlM0VIJUMzJUFEcmVrJTNDJTJGYSUzRSUwQSUyMCUyMCUyMCUyMCUyMCUyMCUyMCUyMCUyMCUyMCUyMCUyMCUzQ2ElMjBjbGFzcyUzRCUyMmFjdGl2ZSUyMiUyMGhyZWYlM0QlMjIlMkZodSUyRmJsb2clMkYlMjIlM0VCbG9nJTNDJTJGYSUzRSUwQSUyMCUyMCUyMCUyMCUyMCUyMCUyMCUyMCUyMCUyMCUyMCUyMCUzQ2ElMjBjbGFzcyUzRCUyMiUyMiUyMGhyZWYlM0QlMjIlMkZodSUyRmV2ZW50cyUyRiUyMiUzRUVzZW0lQzMlQTlueWVrJTNDJTJGYSUzRSUwQSUyMCUyMCUyMCUyMCUyMCUyMCUyMCUyMCUyMCUyMCUyMCUyMCUzQ2ElMjBjbGFzcyUzRCUyMiUyMiUyMGhyZWYlM0QlMjIlMkZodSUyRnZpZGVvcyUyRiUyMiUzRVZpZGUlQzMlQjNrJTNDJTJGYSUzRSUwQSUyMCUyMCUyMCUyMCUyMCUyMCUyMCUyMCUzQyUyRmRpdiUzRSUwQSUyMCUyMCUyMCUyMCUzQyUyRmRpdiUzRQ==[\/vc_raw_html][\/vc_column][\/vc_row][vc_row css=&#8221;.vc_custom_1591211632467{background-color: #f7f7f7 !important;}&#8221; el_id=&#8221;blog-page-content&#8221;][vc_column width=&#8221;3\/4&#8243;][vc_row_inner][vc_column_inner][vc_raw_html]JTVCdHRfcG9zdF9maWx0ZXJzJTIwcG9zdF90eXBlJTNEJTIycG9zdCUyMiU1RA==[\/vc_raw_html][\/vc_column_inner][\/vc_row_inner][vc_row_inner][vc_column_inner][vc_raw_html]JTVCdHRfZ2V0X2RlZmF1bHRfcG9zdHMlMjBwb3N0X3R5cGUlM0QlMjJwb3N0JTIyJTIwcG9zdHNfcGVyX3BhZ2UlM0QlMjI5JTIyJTVE[\/vc_raw_html][\/vc_column_inner][\/vc_row_inner][\/vc_column][vc_column width=&#8221;1\/4&#8243;][vc_raw_html]JTVCdHRfYmxvZ19wb3N0c19zaWRlYmFyJTVE[\/vc_raw_html][\/vc_column][\/vc_row]<\/p>\n<\/div>","protected":false},"excerpt":{"rendered":"<p>[vc_row row_markup=&#8221;div&#8221; classes=&#8221;blog-page cs-heading&#8221; el_id=&#8221;blog-page&#8221;][vc_column][\/vc_column][\/vc_row][vc_row el_id=&#8221;tt-sec-menu&#8221;][vc_column][vc_raw_html]JTIwJTIwJTIwJTIwJTNDZGl2JTIwY2xhc3MlM0QlMjJzY3MtYmFjayUyMHBhcnQtZnVsbHNlY3Rpb24lMjB0dC1zZWMtbWVudSUyMiUzRSUwQSUyMCUyMCUyMCUyMCUyMCUyMCUyMCUyMCUzQ2RpdiUyMGNsYXNzJTNEJTIycm93JTIwc2NzLWJhY2stdGV4dCUyMiUzRSUwQSUyMCUyMCUyMCUyMCUyMCUyMCUyMCUyMCUyMCUyMCUyMCUyMCUzQ2ElMjBjbGFzcyUzRCUyMiUyMiUyMGhyZWYlM0QlMjIlMkZodSUyRm5ld3MlMkYlMjIlM0VIJUMzJUFEcmVrJTNDJTJGYSUzRSUwQSUyMCUyMCUyMCUyMCUyMCUyMCUyMCUyMCUyMCUyMCUyMCUyMCUzQ2ElMjBjbGFzcyUzRCUyMmFjdGl2ZSUyMiUyMGhyZWYlM0QlMjIlMkZodSUyRmJsb2clMkYlMjIlM0VCbG9nJTNDJTJGYSUzRSUwQSUyMCUyMCUyMCUyMCUyMCUyMCUyMCUyMCUyMCUyMCUyMCUyMCUzQ2ElMjBjbGFzcyUzRCUyMiUyMiUyMGhyZWYlM0QlMjIlMkZodSUyRmV2ZW50cyUyRiUyMiUzRUVzZW0lQzMlQTlueWVrJTNDJTJGYSUzRSUwQSUyMCUyMCUyMCUyMCUyMCUyMCUyMCUyMCUyMCUyMCUyMCUyMCUzQ2ElMjBjbGFzcyUzRCUyMiUyMiUyMGhyZWYlM0QlMjIlMkZodSUyRnZpZGVvcyUyRiUyMiUzRVZpZGUlQzMlQjNrJTNDJTJGYSUzRSUwQSUyMCUyMCUyMCUyMCUyMCUyMCUyMCUyMCUzQyUyRmRpdiUzRSUwQSUyMCUyMCUyMCUyMCUzQyUyRmRpdiUzRQ==[\/vc_raw_html][\/vc_column][\/vc_row][vc_row css=&#8221;.vc_custom_1591211632467{background-color: #f7f7f7 !important;}&#8221; el_id=&#8221;blog-page-content&#8221;][vc_column width=&#8221;3\/4&#8243;][vc_row_inner][vc_column_inner][vc_raw_html]JTVCdHRfcG9zdF9maWx0ZXJzJTIwcG9zdF90eXBlJTNEJTIycG9zdCUyMiU1RA==[\/vc_raw_html][\/vc_column_inner][\/vc_row_inner][vc_row_inner][vc_column_inner][vc_raw_html]JTVCdHRfZ2V0X2RlZmF1bHRfcG9zdHMlMjBwb3N0X3R5cGUlM0QlMjJwb3N0JTIyJTIwcG9zdHNfcGVyX3BhZ2UlM0QlMjI5JTIyJTVE[\/vc_raw_html][\/vc_column_inner][\/vc_row_inner][\/vc_column][vc_column width=&#8221;1\/4&#8243;][vc_raw_html]JTVCdHRfYmxvZ19wb3N0c19zaWRlYmFyJTVE[\/vc_raw_html][\/vc_column][\/vc_row]<\/p>\n","protected":false},"author":69,"featured_media":0,"parent":0,"menu_order":0,"comment_status":"closed","ping_status":"closed","template":"template-red.php","meta":{"inline_featured_image":false,"_monsterinsights_skip_tracking":false,"_monsterinsights_sitenote_active":false,"_monsterinsights_sitenote_note":"","_monsterinsights_sitenote_category":0,"footnotes":""},"class_list":["post-69773","page","type-page","status-publish","hentry"],"yoast_head":"<!-- This site is optimized with the Yoast SEO Premium plugin v27.0 (Yoast SEO v27.0) - https:\/\/yoast.com\/product\/yoast-seo-premium-wordpress\/ -->\n<title>TradeTracker Blog<\/title>\n<meta name=\"description\" content=\"News from the performance marketing industry, how to better your affiliate marketing, and a glimpse inside life at TradeTracker.\" \/>\n<meta name=\"robots\" content=\"index, follow, max-snippet:-1, max-image-preview:large, max-video-preview:-1\" \/>\n<link rel=\"canonical\" href=\"https:\/\/tradetracker.com\/hu\/wp-json\/wp\/v2\/pages\/69773\/\" \/>\n<meta property=\"og:locale\" content=\"hu_HU\" \/>\n<meta property=\"og:type\" content=\"article\" \/>\n<meta property=\"og:title\" content=\"Blog TradeTracker.com\" \/>\n<meta property=\"og:description\" content=\"News from the performance marketing industry, how to better your\" \/>\n<meta property=\"og:url\" content=\"https:\/\/tradetracker.com\/hu\/blog\/\" \/>\n<meta property=\"og:site_name\" content=\"TradeTracker.com | Affiliate Marketing | Performance Marketing\" \/>\n<meta property=\"article:publisher\" content=\"https:\/\/www.facebook.com\/tradetrackercom\" \/>\n<meta property=\"article:modified_time\" content=\"2020-11-11T04:08:59+00:00\" \/>\n<meta property=\"og:image\" content=\"https:\/\/tradetracker.com\/wp-content\/uploads\/2019\/12\/tradetracker-logo-square.png\" \/>\n\t<meta property=\"og:image:width\" content=\"250\" \/>\n\t<meta property=\"og:image:height\" content=\"250\" \/>\n\t<meta property=\"og:image:type\" content=\"image\/png\" \/>\n<meta name=\"twitter:card\" content=\"summary_large_image\" \/>\n<meta name=\"twitter:title\" content=\"Blog\" \/>\n<meta name=\"twitter:description\" content=\"[vc_row row_markup=&quot;div&quot; classes=&quot;blog-page cs-heading&quot; el_id=&quot;blog-page&quot;][vc_column]BlogokA legfrissebb h\u00edrek a performance\" \/>\n<meta name=\"twitter:image\" content=\"https:\/\/tradetracker.com\/assets\/tt-circles.png\" \/>\n<meta name=\"twitter:site\" content=\"@tradetrackercom\" \/>\n<meta name=\"twitter:label1\" content=\"Est. reading time\" \/>\n\t<meta name=\"twitter:data1\" content=\"1 minute\" \/>\n<script type=\"application\/ld+json\" class=\"yoast-schema-graph\">{\"@context\":\"https:\/\/schema.org\",\"@graph\":[{\"@type\":\"WebPage\",\"@id\":\"https:\/\/tradetracker.com\/hu\/blog\/\",\"url\":\"https:\/\/tradetracker.com\/hu\/blog\/\",\"name\":\"TradeTracker Blog\",\"isPartOf\":{\"@id\":\"https:\/\/tradetracker.com\/hu\/#website\"},\"datePublished\":\"2017-02-14T05:22:41+00:00\",\"dateModified\":\"2020-11-11T04:08:59+00:00\",\"description\":\"News from the performance marketing industry, how to better your affiliate marketing, and a glimpse inside life at TradeTracker.\",\"breadcrumb\":{\"@id\":\"https:\/\/tradetracker.com\/hu\/blog\/#breadcrumb\"},\"inLanguage\":\"hu-HU\",\"potentialAction\":[{\"@type\":\"ReadAction\",\"target\":[\"https:\/\/tradetracker.com\/hu\/blog\/\"]}]},{\"@type\":\"BreadcrumbList\",\"@id\":\"https:\/\/tradetracker.com\/hu\/blog\/#breadcrumb\",\"itemListElement\":[{\"@type\":\"ListItem\",\"position\":1,\"name\":\"Home\",\"item\":\"https:\/\/tradetracker.com\/hu\/\"},{\"@type\":\"ListItem\",\"position\":2,\"name\":\"Blog\"}]},{\"@type\":\"WebSite\",\"@id\":\"https:\/\/tradetracker.com\/hu\/#website\",\"url\":\"https:\/\/tradetracker.com\/hu\/\",\"name\":\"TradeTracker.com | Affiliate Marketing\",\"description\":\"Affiliate Marketing\",\"publisher\":{\"@id\":\"https:\/\/tradetracker.com\/hu\/#organization\"},\"potentialAction\":[{\"@type\":\"SearchAction\",\"target\":{\"@type\":\"EntryPoint\",\"urlTemplate\":\"https:\/\/tradetracker.com\/hu\/?s={search_term_string}\"},\"query-input\":{\"@type\":\"PropertyValueSpecification\",\"valueRequired\":true,\"valueName\":\"search_term_string\"}}],\"inLanguage\":\"hu-HU\"},{\"@type\":\"Organization\",\"@id\":\"https:\/\/tradetracker.com\/hu\/#organization\",\"name\":\"TradeTracker FZ LLC\",\"url\":\"https:\/\/tradetracker.com\/hu\/\",\"logo\":{\"@type\":\"ImageObject\",\"inLanguage\":\"hu-HU\",\"@id\":\"https:\/\/tradetracker.com\/hu\/#\/schema\/logo\/image\/\",\"url\":\"https:\/\/tradetracker.com\/wp-content\/uploads\/2019\/04\/tradetracker-logo_1.jpg\",\"contentUrl\":\"https:\/\/tradetracker.com\/wp-content\/uploads\/2019\/04\/tradetracker-logo_1.jpg\",\"width\":672,\"height\":109,\"caption\":\"TradeTracker FZ LLC\"},\"image\":{\"@id\":\"https:\/\/tradetracker.com\/hu\/#\/schema\/logo\/image\/\"},\"sameAs\":[\"https:\/\/www.facebook.com\/tradetrackercom\",\"https:\/\/x.com\/tradetrackercom\",\"https:\/\/www.linkedin.com\/company\/tradetrackercom\",\"https:\/\/www.youtube.com\/channel\/UCHiq-oir3qOorxO-8nLjIcQ\"],\"description\":\"TradeTracker is a global affiliate marketing platform that connects advertisers and publishers to create successful online campaigns. With its user-friendly interface, advanced tracking technology, and real-time reporting, TradeTracker provides the tools to optimize performance and boost conversions. Operating in over 20 countries, TradeTracker is renowned for its transparency, innovative solutions, and personalized support. It has been consistently chosen as the leading affiliate network worldwide, a testament to its excellence in the industry. Advertisers benefit from access to a vast network of publishers, while publishers enjoy a diverse range of campaigns and attractive earning opportunities. The platform continues to revolutionize the affiliate marketing industry with technologies like Real Attribution, ensuring fair commission distribution. TradeTracker empowers businesses to achieve their online no cure no pay advertising goals efficiently and effectively. With superior technology, unparalleled customer service, and innovative solutions, TradeTracker consistently outperforms competitors like Awin, TradeDoubler, CJ, and Webgains, making it the preferred choice for advertisers and publishers worldwide.\",\"legalName\":\"TradeTracker.com\",\"foundingDate\":\"2004-03-05\",\"numberOfEmployees\":{\"@type\":\"QuantitativeValue\",\"minValue\":\"201\",\"maxValue\":\"500\"}}]}<\/script>\n<!-- \/ Yoast SEO Premium plugin. -->","yoast_head_json":{"title":"TradeTracker Blog","description":"News from the performance marketing industry, how to better your affiliate marketing, and a glimpse inside life at TradeTracker.","robots":{"index":"index","follow":"follow","max-snippet":"max-snippet:-1","max-image-preview":"max-image-preview:large","max-video-preview":"max-video-preview:-1"},"canonical":"https:\/\/tradetracker.com\/hu\/wp-json\/wp\/v2\/pages\/69773\/","og_locale":"hu_HU","og_type":"article","og_title":"Blog TradeTracker.com","og_description":"News from the performance marketing industry, how to better your","og_url":"https:\/\/tradetracker.com\/hu\/blog\/","og_site_name":"TradeTracker.com | Affiliate Marketing | Performance Marketing","article_publisher":"https:\/\/www.facebook.com\/tradetrackercom","article_modified_time":"2020-11-11T04:08:59+00:00","og_image":[{"width":250,"height":250,"url":"https:\/\/tradetracker.com\/wp-content\/uploads\/2019\/12\/tradetracker-logo-square.png","type":"image\/png"}],"twitter_card":"summary_large_image","twitter_title":"Blog","twitter_description":"[vc_row row_markup=\"div\" classes=\"blog-page cs-heading\" el_id=\"blog-page\"][vc_column]BlogokA legfrissebb h\u00edrek a performance","twitter_image":"https:\/\/tradetracker.com\/assets\/tt-circles.png","twitter_site":"@tradetrackercom","twitter_misc":{"Est. reading time":"1 minute"},"schema":{"@context":"https:\/\/schema.org","@graph":[{"@type":"WebPage","@id":"https:\/\/tradetracker.com\/hu\/blog\/","url":"https:\/\/tradetracker.com\/hu\/blog\/","name":"TradeTracker Blog","isPartOf":{"@id":"https:\/\/tradetracker.com\/hu\/#website"},"datePublished":"2017-02-14T05:22:41+00:00","dateModified":"2020-11-11T04:08:59+00:00","description":"News from the performance marketing industry, how to better your affiliate marketing, and a glimpse inside life at TradeTracker.","breadcrumb":{"@id":"https:\/\/tradetracker.com\/hu\/blog\/#breadcrumb"},"inLanguage":"hu-HU","potentialAction":[{"@type":"ReadAction","target":["https:\/\/tradetracker.com\/hu\/blog\/"]}]},{"@type":"BreadcrumbList","@id":"https:\/\/tradetracker.com\/hu\/blog\/#breadcrumb","itemListElement":[{"@type":"ListItem","position":1,"name":"Home","item":"https:\/\/tradetracker.com\/hu\/"},{"@type":"ListItem","position":2,"name":"Blog"}]},{"@type":"WebSite","@id":"https:\/\/tradetracker.com\/hu\/#website","url":"https:\/\/tradetracker.com\/hu\/","name":"TradeTracker.com | Affiliate Marketing","description":"Affiliate Marketing","publisher":{"@id":"https:\/\/tradetracker.com\/hu\/#organization"},"potentialAction":[{"@type":"SearchAction","target":{"@type":"EntryPoint","urlTemplate":"https:\/\/tradetracker.com\/hu\/?s={search_term_string}"},"query-input":{"@type":"PropertyValueSpecification","valueRequired":true,"valueName":"search_term_string"}}],"inLanguage":"hu-HU"},{"@type":"Organization","@id":"https:\/\/tradetracker.com\/hu\/#organization","name":"TradeTracker FZ LLC","url":"https:\/\/tradetracker.com\/hu\/","logo":{"@type":"ImageObject","inLanguage":"hu-HU","@id":"https:\/\/tradetracker.com\/hu\/#\/schema\/logo\/image\/","url":"https:\/\/tradetracker.com\/wp-content\/uploads\/2019\/04\/tradetracker-logo_1.jpg","contentUrl":"https:\/\/tradetracker.com\/wp-content\/uploads\/2019\/04\/tradetracker-logo_1.jpg","width":672,"height":109,"caption":"TradeTracker FZ LLC"},"image":{"@id":"https:\/\/tradetracker.com\/hu\/#\/schema\/logo\/image\/"},"sameAs":["https:\/\/www.facebook.com\/tradetrackercom","https:\/\/x.com\/tradetrackercom","https:\/\/www.linkedin.com\/company\/tradetrackercom","https:\/\/www.youtube.com\/channel\/UCHiq-oir3qOorxO-8nLjIcQ"],"description":"TradeTracker is a global affiliate marketing platform that connects advertisers and publishers to create successful online campaigns. With its user-friendly interface, advanced tracking technology, and real-time reporting, TradeTracker provides the tools to optimize performance and boost conversions. Operating in over 20 countries, TradeTracker is renowned for its transparency, innovative solutions, and personalized support. It has been consistently chosen as the leading affiliate network worldwide, a testament to its excellence in the industry. Advertisers benefit from access to a vast network of publishers, while publishers enjoy a diverse range of campaigns and attractive earning opportunities. The platform continues to revolutionize the affiliate marketing industry with technologies like Real Attribution, ensuring fair commission distribution. TradeTracker empowers businesses to achieve their online no cure no pay advertising goals efficiently and effectively. With superior technology, unparalleled customer service, and innovative solutions, TradeTracker consistently outperforms competitors like Awin, TradeDoubler, CJ, and Webgains, making it the preferred choice for advertisers and publishers worldwide.","legalName":"TradeTracker.com","foundingDate":"2004-03-05","numberOfEmployees":{"@type":"QuantitativeValue","minValue":"201","maxValue":"500"}}]}},"_links":{"self":[{"href":"https:\/\/tradetracker.com\/hu\/wp-json\/wp\/v2\/pages\/69773","targetHints":{"allow":["GET"]}}],"collection":[{"href":"https:\/\/tradetracker.com\/hu\/wp-json\/wp\/v2\/pages"}],"about":[{"href":"https:\/\/tradetracker.com\/hu\/wp-json\/wp\/v2\/types\/page"}],"author":[{"embeddable":true,"href":"https:\/\/tradetracker.com\/hu\/wp-json\/wp\/v2\/users\/69"}],"replies":[{"embeddable":true,"href":"https:\/\/tradetracker.com\/hu\/wp-json\/wp\/v2\/comments?post=69773"}],"version-history":[{"count":0,"href":"https:\/\/tradetracker.com\/hu\/wp-json\/wp\/v2\/pages\/69773\/revisions"}],"wp:attachment":[{"href":"https:\/\/tradetracker.com\/hu\/wp-json\/wp\/v2\/media?parent=69773"}],"curies":[{"name":"wp","href":"https:\/\/api.w.org\/{rel}","templated":true}]}}