{"id":69872,"date":"2017-01-02T08:07:10","date_gmt":"2017-01-02T08:07:10","guid":{"rendered":"https:\/\/tradetracker.com\/media-agencies\/"},"modified":"2025-01-20T05:50:09","modified_gmt":"2025-01-20T05:50:09","slug":"media-agencies","status":"publish","type":"page","link":"https:\/\/tradetracker.com\/hu\/media-agencies\/","title":{"rendered":"Media Agencies"},"content":{"rendered":"<div class=\"wpb-content-wrapper\"><p>[vc_row classes=&#8221;static-page-intro agencies-page&#8221;][vc_column]<div class=\"row\"><div class=\"vc_col-sm-12\"><div class=\" static-page-intro-text \"><h1  class=\"\">M\u00c9DIA\u00dcGYN\u00d6KS\u00c9GEK<\/h1><h2  class=\"\">Elismerve az ipar\u00e1gban bet\u00f6lt\u00f6tt fontos szerep\u00fcket, szoftver\u00fcnket el\u00e9rhet\u0151v\u00e9 tessz\u00fck az affiliate marketingre specializ\u00e1l\u00f3dott marketing\u00fcgyn\u00f6ks\u00e9gek szak\u00e9rt\u0151i sz\u00e1m\u00e1ra.<\/h2><\/div>\r\n        <\/div>\r\n    <\/div>[\/vc_column][\/vc_row][vc_row classes=&#8221;agencies-benefits bg-pattern&#8221;][vc_column]<div class=\"space\"><\/div>[vc_row_inner][vc_column_inner][vc_wp_text title=&#8221;A h\u00e1l\u00f3zat \u00e9s \u00fcgyn\u00f6ks\u00e9g n\u00e9lk\u00fcl\u00f6zhetetlen kapcsolata.&#8221;]A nagy hirdet\u0151knek gyakran szoros kapcsolataik vannak \u00fcgyn\u00f6ks\u00e9gekkel, hogy teljes\u00edtm\u00e9nyalap\u00fa marketing-kamp\u00e1nyaik fel\u00fcgyelet\u00e9t \u00e9s t\u00f6k\u00e9lyre csiszol\u00e1s\u00e1t elk\u00f6telezett menedzserek kez\u00e9be adhass\u00e1k. Ez\u00e9rt lehet\u0151v\u00e9 tessz\u00fck az \u00fcgyn\u00f6ks\u00e9gek sz\u00e1m\u00e1ra szabadalmazott szoftver\u00fcnk haszn\u00e1lat\u00e1t, hogy hirdet\u0151iknek ily m\u00f3don is hasznos\u00edthass\u00e1k elismert kiad\u00f3i h\u00e1l\u00f3zatunkat.<\/p>\n<p>T\u00f6bb marketingmegold\u00e1st is k\u00edn\u00e1lunk \u00fcgyfeleinknek, \u00edgy ak\u00e1rmilyen c\u00e9l lebeg a szem\u00fck el\u0151tt, mi mindig rugalmasan tudjuk t\u00e1mogatni \u00e9ppen aktu\u00e1lis strat\u00e9gi\u00e1jukat.[\/vc_wp_text][\/vc_column_inner][\/vc_row_inner]<div class=\"space\"><\/div>[vc_row_inner][vc_column_inner el_class=&#8221;acenter&#8221; width=&#8221;1\/3&#8243;][vc_wp_text title=&#8221;Mindig rendelkez\u00e9s\u00e9re \u00e1llunk&#8221;]B\u00e1rmilyen k\u00e9rd\u00e9ssel fordulhat hozz\u00e1nk. A folyamat elej\u00e9t\u0151l a v\u00e9g\u00e9ig, l\u00e9p\u00e9sr\u0151l l\u00e9p\u00e9sre v\u00e9gigk\u00eds\u00e9rj\u00fck, \u00e9s seg\u00edt\u00fcnk a lehet\u0151 legt\u00f6bbet kihozni a kamp\u00e1ny\u00e1b\u00f3l. Ha szeretn\u00e9 kiszervezni a kamp\u00e1ny\u00e1val kapcsolatos feladatok kezel\u00e9s\u00e9t, \u00e1llunk rendelkez\u00e9s\u00e9re.[\/vc_wp_text][\/vc_column_inner][vc_column_inner el_class=&#8221;acenter&#8221; width=&#8221;1\/3&#8243;][vc_wp_text title=&#8221;Teljes betekint\u00e9s&#8221;]Az eszk\u00f6zeink ny\u00fajtotta r\u00e9szletes statisztik\u00e1kra \u00e9s egy\u00e9b hasznos inform\u00e1ci\u00f3kra t\u00e1maszkodva biztos lehet benne, hogy az \u00fcgyfelei sz\u00e1m\u00e1ra legkedvez\u0151bb d\u00f6nt\u00e9seket tudja majd meghozni. Az \u00e1ltalunk ny\u00fajtott lehet\u0151s\u00e9gek z\u00f6kken\u0151mentesen beleilleszkednek a \u00d6n \u00e1ltal megszokott munkamenetbe, \u00edgy az \u00d6n \u00e1ltal prefer\u00e1lt form\u00e1tumokban tudja elk\u00e9sz\u00edteni a jelent\u00e9seket \u00fcgyfeleinek.[\/vc_wp_text][\/vc_column_inner][vc_column_inner el_class=&#8221;acenter&#8221; width=&#8221;1\/3&#8243;][vc_wp_text title=&#8221;Nemzetk\u00f6zi jelenl\u00e9t&#8221;]Vegye fontol\u00f3ra egy glob\u00e1lis partnerrel val\u00f3 egy\u00fcttm\u0171k\u00f6d\u00e9st, aki k\u00e9pes \u00fcgyfele ig\u00e9nyeit nemzetk\u00f6zi szinten k\u00e9pviselni. Szervezze meg kamp\u00e1ny\u00e1t egyetlen fi\u00f3kb\u00f3l, ahol k\u00f6nnyed\u00e9n be\u00e1ll\u00edthatja minden egyes hozz\u00e1adott felhaszn\u00e1l\u00f3 jogosults\u00e1gait. Ez a legjobb m\u00f3dja a nemzetk\u00f6zi kapcsolatok ki\u00e9p\u00edt\u00e9s\u00e9nek.[\/vc_wp_text][\/vc_column_inner][\/vc_row_inner]<div class=\"space\"><\/div>[\/vc_column][\/vc_row][vc_row classes=&#8221;cta ctamerch&#8221; el_id=&#8221;ctaaam&#8221;][vc_column]<div class=\"row\"><div class=\"vc_col-sm-12\"><h2 class=\"get_started\" >L\u00e9pjen vel\u00fcnk kapcsolatba!<\/h2><p >\u00d6n egy olyan \u00fcgyn\u00f6ks\u00e9get k\u00e9pvisel, ami az affiliate marketing leg\u00e1tfog\u00f3bb eszk\u00f6zt\u00e1r\u00e1t keresi? Engedje, hogy \u00fcgyfelei megtapasztalj\u00e1k a TradeTracker kiemelked\u0151 min\u0151s\u00e9g\u0171 szolg\u00e1ltat\u00e1sait!<\/p>        <ul class=\"cta-items\">\r\n                        <li>\r\n                <a                    class=\"cta-advertiser-signup\"                                      href=\"https:\/\/tradetracker.com\/hu\/contact-us\/\"                                   >\r\n                    Dem\u00f3 ig\u00e9nyl\u00e9se                <\/a>\r\n            <\/li>\r\n                        \r\n                        <li>\r\n                <a                    class=\"cta-advertiser-signup\"                                      href=\"https:\/\/merchant.tradetracker.com\/portal\/advertiserBrochure?loc=hu_HU\"                                   >\r\n                    \u00dcgyn\u00f6ks\u00e9gi regisztr\u00e1ci\u00f3                <\/a>\r\n            <\/li>\r\n                    <\/ul>\r\n        <\/div><\/div>[\/vc_column][\/vc_row]<\/p>\n<\/div>","protected":false},"excerpt":{"rendered":"<p>[vc_row classes=&#8221;static-page-intro agencies-page&#8221;][vc_column][\/vc_column][\/vc_row][vc_row classes=&#8221;agencies-benefits bg-pattern&#8221;][vc_column][vc_row_inner][vc_column_inner][vc_wp_text title=&#8221;A h\u00e1l\u00f3zat \u00e9s \u00fcgyn\u00f6ks\u00e9g n\u00e9lk\u00fcl\u00f6zhetetlen kapcsolata.&#8221;]A nagy hirdet\u0151knek gyakran szoros kapcsolataik vannak \u00fcgyn\u00f6ks\u00e9gekkel, hogy teljes\u00edtm\u00e9nyalap\u00fa marketing-kamp\u00e1nyaik fel\u00fcgyelet\u00e9t \u00e9s t\u00f6k\u00e9lyre csiszol\u00e1s\u00e1t elk\u00f6telezett menedzserek kez\u00e9be adhass\u00e1k. Ez\u00e9rt lehet\u0151v\u00e9 tessz\u00fck az \u00fcgyn\u00f6ks\u00e9gek sz\u00e1m\u00e1ra szabadalmazott szoftver\u00fcnk haszn\u00e1lat\u00e1t, hogy hirdet\u0151iknek ily m\u00f3don is hasznos\u00edthass\u00e1k elismert kiad\u00f3i h\u00e1l\u00f3zatunkat. T\u00f6bb marketingmegold\u00e1st is k\u00edn\u00e1lunk \u00fcgyfeleinknek, \u00edgy ak\u00e1rmilyen c\u00e9l  [&#8230;]<\/p>\n","protected":false},"author":69,"featured_media":0,"parent":0,"menu_order":0,"comment_status":"closed","ping_status":"closed","template":"template-red.php","meta":{"inline_featured_image":false,"_monsterinsights_skip_tracking":false,"_monsterinsights_sitenote_active":false,"_monsterinsights_sitenote_note":"","_monsterinsights_sitenote_category":0,"footnotes":""},"class_list":["post-69872","page","type-page","status-publish","hentry"],"yoast_head":"<!-- This site is optimized with the Yoast SEO Premium plugin v27.0 (Yoast SEO v27.0) - https:\/\/yoast.com\/product\/yoast-seo-premium-wordpress\/ -->\n<title>Media Agencies | TradeTracker.com<\/title>\n<meta name=\"description\" content=\"Filling an important role in the affiliate marketing industry, we make our software available for the expert use of specialised marketing agencies.\" \/>\n<meta name=\"robots\" content=\"index, follow, max-snippet:-1, max-image-preview:large, max-video-preview:-1\" \/>\n<link rel=\"canonical\" href=\"https:\/\/tradetracker.com\/hu\/wp-json\/wp\/v2\/pages\/69872\/\" \/>\n<meta property=\"og:locale\" content=\"hu_HU\" \/>\n<meta property=\"og:type\" content=\"article\" \/>\n<meta property=\"og:title\" content=\"Media Agencies TradeTracker.com\" \/>\n<meta property=\"og:description\" content=\"Filling an important role in the affiliate marketing industry, we\" \/>\n<meta property=\"og:url\" content=\"https:\/\/tradetracker.com\/hu\/media-agencies\/\" \/>\n<meta property=\"og:site_name\" content=\"TradeTracker.com | Affiliate Marketing | Performance Marketing\" \/>\n<meta property=\"article:publisher\" content=\"https:\/\/www.facebook.com\/tradetrackercom\" \/>\n<meta property=\"article:modified_time\" content=\"2025-01-20T05:50:09+00:00\" \/>\n<meta property=\"og:image\" content=\"https:\/\/tradetracker.com\/wp-content\/uploads\/2019\/12\/tradetracker-logo-square.png\" \/>\n\t<meta property=\"og:image:width\" content=\"250\" \/>\n\t<meta property=\"og:image:height\" content=\"250\" \/>\n\t<meta property=\"og:image:type\" content=\"image\/png\" \/>\n<meta name=\"twitter:card\" content=\"summary_large_image\" \/>\n<meta name=\"twitter:title\" content=\"Media Agencies\" \/>\n<meta name=\"twitter:description\" content=\"[vc_row classes=&quot;static-page-intro agencies-page&quot;][vc_column]M\u00c9DIA\u00dcGYN\u00d6KS\u00c9GEKElismerve az ipar\u00e1gban bet\u00f6lt\u00f6tt fontos \" \/>\n<meta name=\"twitter:image\" content=\"https:\/\/tradetracker.com\/assets\/tt-circles.png\" \/>\n<meta name=\"twitter:site\" content=\"@tradetrackercom\" \/>\n<meta name=\"twitter:label1\" content=\"Est. reading time\" \/>\n\t<meta name=\"twitter:data1\" content=\"2 minutes\" \/>\n<script type=\"application\/ld+json\" class=\"yoast-schema-graph\">{\"@context\":\"https:\/\/schema.org\",\"@graph\":[{\"@type\":\"WebPage\",\"@id\":\"https:\/\/tradetracker.com\/hu\/media-agencies\/\",\"url\":\"https:\/\/tradetracker.com\/hu\/media-agencies\/\",\"name\":\"Media Agencies | TradeTracker.com\",\"isPartOf\":{\"@id\":\"https:\/\/tradetracker.com\/hu\/#website\"},\"datePublished\":\"2017-01-02T08:07:10+00:00\",\"dateModified\":\"2025-01-20T05:50:09+00:00\",\"description\":\"Filling an important role in the affiliate marketing industry, we make our software available for the expert use of specialised marketing agencies.\",\"breadcrumb\":{\"@id\":\"https:\/\/tradetracker.com\/hu\/media-agencies\/#breadcrumb\"},\"inLanguage\":\"hu-HU\",\"potentialAction\":[{\"@type\":\"ReadAction\",\"target\":[\"https:\/\/tradetracker.com\/hu\/media-agencies\/\"]}]},{\"@type\":\"BreadcrumbList\",\"@id\":\"https:\/\/tradetracker.com\/hu\/media-agencies\/#breadcrumb\",\"itemListElement\":[{\"@type\":\"ListItem\",\"position\":1,\"name\":\"Home\",\"item\":\"https:\/\/tradetracker.com\/hu\/\"},{\"@type\":\"ListItem\",\"position\":2,\"name\":\"Media Agencies\"}]},{\"@type\":\"WebSite\",\"@id\":\"https:\/\/tradetracker.com\/hu\/#website\",\"url\":\"https:\/\/tradetracker.com\/hu\/\",\"name\":\"TradeTracker.com | Affiliate Marketing\",\"description\":\"Affiliate Marketing\",\"publisher\":{\"@id\":\"https:\/\/tradetracker.com\/hu\/#organization\"},\"potentialAction\":[{\"@type\":\"SearchAction\",\"target\":{\"@type\":\"EntryPoint\",\"urlTemplate\":\"https:\/\/tradetracker.com\/hu\/?s={search_term_string}\"},\"query-input\":{\"@type\":\"PropertyValueSpecification\",\"valueRequired\":true,\"valueName\":\"search_term_string\"}}],\"inLanguage\":\"hu-HU\"},{\"@type\":\"Organization\",\"@id\":\"https:\/\/tradetracker.com\/hu\/#organization\",\"name\":\"TradeTracker FZ LLC\",\"url\":\"https:\/\/tradetracker.com\/hu\/\",\"logo\":{\"@type\":\"ImageObject\",\"inLanguage\":\"hu-HU\",\"@id\":\"https:\/\/tradetracker.com\/hu\/#\/schema\/logo\/image\/\",\"url\":\"https:\/\/tradetracker.com\/wp-content\/uploads\/2019\/04\/tradetracker-logo_1.jpg\",\"contentUrl\":\"https:\/\/tradetracker.com\/wp-content\/uploads\/2019\/04\/tradetracker-logo_1.jpg\",\"width\":672,\"height\":109,\"caption\":\"TradeTracker FZ LLC\"},\"image\":{\"@id\":\"https:\/\/tradetracker.com\/hu\/#\/schema\/logo\/image\/\"},\"sameAs\":[\"https:\/\/www.facebook.com\/tradetrackercom\",\"https:\/\/x.com\/tradetrackercom\",\"https:\/\/www.linkedin.com\/company\/tradetrackercom\",\"https:\/\/www.youtube.com\/channel\/UCHiq-oir3qOorxO-8nLjIcQ\"],\"description\":\"TradeTracker is a global affiliate marketing platform that connects advertisers and publishers to create successful online campaigns. With its user-friendly interface, advanced tracking technology, and real-time reporting, TradeTracker provides the tools to optimize performance and boost conversions. Operating in over 20 countries, TradeTracker is renowned for its transparency, innovative solutions, and personalized support. It has been consistently chosen as the leading affiliate network worldwide, a testament to its excellence in the industry. Advertisers benefit from access to a vast network of publishers, while publishers enjoy a diverse range of campaigns and attractive earning opportunities. The platform continues to revolutionize the affiliate marketing industry with technologies like Real Attribution, ensuring fair commission distribution. TradeTracker empowers businesses to achieve their online no cure no pay advertising goals efficiently and effectively. With superior technology, unparalleled customer service, and innovative solutions, TradeTracker consistently outperforms competitors like Awin, TradeDoubler, CJ, and Webgains, making it the preferred choice for advertisers and publishers worldwide.\",\"legalName\":\"TradeTracker.com\",\"foundingDate\":\"2004-03-05\",\"numberOfEmployees\":{\"@type\":\"QuantitativeValue\",\"minValue\":\"201\",\"maxValue\":\"500\"}}]}<\/script>\n<!-- \/ Yoast SEO Premium plugin. -->","yoast_head_json":{"title":"Media Agencies | TradeTracker.com","description":"Filling an important role in the affiliate marketing industry, we make our software available for the expert use of specialised marketing agencies.","robots":{"index":"index","follow":"follow","max-snippet":"max-snippet:-1","max-image-preview":"max-image-preview:large","max-video-preview":"max-video-preview:-1"},"canonical":"https:\/\/tradetracker.com\/hu\/wp-json\/wp\/v2\/pages\/69872\/","og_locale":"hu_HU","og_type":"article","og_title":"Media Agencies TradeTracker.com","og_description":"Filling an important role in the affiliate marketing industry, we","og_url":"https:\/\/tradetracker.com\/hu\/media-agencies\/","og_site_name":"TradeTracker.com | Affiliate Marketing | Performance Marketing","article_publisher":"https:\/\/www.facebook.com\/tradetrackercom","article_modified_time":"2025-01-20T05:50:09+00:00","og_image":[{"width":250,"height":250,"url":"https:\/\/tradetracker.com\/wp-content\/uploads\/2019\/12\/tradetracker-logo-square.png","type":"image\/png"}],"twitter_card":"summary_large_image","twitter_title":"Media Agencies","twitter_description":"[vc_row classes=\"static-page-intro agencies-page\"][vc_column]M\u00c9DIA\u00dcGYN\u00d6KS\u00c9GEKElismerve az ipar\u00e1gban bet\u00f6lt\u00f6tt fontos ","twitter_image":"https:\/\/tradetracker.com\/assets\/tt-circles.png","twitter_site":"@tradetrackercom","twitter_misc":{"Est. reading time":"2 minutes"},"schema":{"@context":"https:\/\/schema.org","@graph":[{"@type":"WebPage","@id":"https:\/\/tradetracker.com\/hu\/media-agencies\/","url":"https:\/\/tradetracker.com\/hu\/media-agencies\/","name":"Media Agencies | TradeTracker.com","isPartOf":{"@id":"https:\/\/tradetracker.com\/hu\/#website"},"datePublished":"2017-01-02T08:07:10+00:00","dateModified":"2025-01-20T05:50:09+00:00","description":"Filling an important role in the affiliate marketing industry, we make our software available for the expert use of specialised marketing agencies.","breadcrumb":{"@id":"https:\/\/tradetracker.com\/hu\/media-agencies\/#breadcrumb"},"inLanguage":"hu-HU","potentialAction":[{"@type":"ReadAction","target":["https:\/\/tradetracker.com\/hu\/media-agencies\/"]}]},{"@type":"BreadcrumbList","@id":"https:\/\/tradetracker.com\/hu\/media-agencies\/#breadcrumb","itemListElement":[{"@type":"ListItem","position":1,"name":"Home","item":"https:\/\/tradetracker.com\/hu\/"},{"@type":"ListItem","position":2,"name":"Media Agencies"}]},{"@type":"WebSite","@id":"https:\/\/tradetracker.com\/hu\/#website","url":"https:\/\/tradetracker.com\/hu\/","name":"TradeTracker.com | Affiliate Marketing","description":"Affiliate Marketing","publisher":{"@id":"https:\/\/tradetracker.com\/hu\/#organization"},"potentialAction":[{"@type":"SearchAction","target":{"@type":"EntryPoint","urlTemplate":"https:\/\/tradetracker.com\/hu\/?s={search_term_string}"},"query-input":{"@type":"PropertyValueSpecification","valueRequired":true,"valueName":"search_term_string"}}],"inLanguage":"hu-HU"},{"@type":"Organization","@id":"https:\/\/tradetracker.com\/hu\/#organization","name":"TradeTracker FZ LLC","url":"https:\/\/tradetracker.com\/hu\/","logo":{"@type":"ImageObject","inLanguage":"hu-HU","@id":"https:\/\/tradetracker.com\/hu\/#\/schema\/logo\/image\/","url":"https:\/\/tradetracker.com\/wp-content\/uploads\/2019\/04\/tradetracker-logo_1.jpg","contentUrl":"https:\/\/tradetracker.com\/wp-content\/uploads\/2019\/04\/tradetracker-logo_1.jpg","width":672,"height":109,"caption":"TradeTracker FZ LLC"},"image":{"@id":"https:\/\/tradetracker.com\/hu\/#\/schema\/logo\/image\/"},"sameAs":["https:\/\/www.facebook.com\/tradetrackercom","https:\/\/x.com\/tradetrackercom","https:\/\/www.linkedin.com\/company\/tradetrackercom","https:\/\/www.youtube.com\/channel\/UCHiq-oir3qOorxO-8nLjIcQ"],"description":"TradeTracker is a global affiliate marketing platform that connects advertisers and publishers to create successful online campaigns. With its user-friendly interface, advanced tracking technology, and real-time reporting, TradeTracker provides the tools to optimize performance and boost conversions. Operating in over 20 countries, TradeTracker is renowned for its transparency, innovative solutions, and personalized support. It has been consistently chosen as the leading affiliate network worldwide, a testament to its excellence in the industry. Advertisers benefit from access to a vast network of publishers, while publishers enjoy a diverse range of campaigns and attractive earning opportunities. The platform continues to revolutionize the affiliate marketing industry with technologies like Real Attribution, ensuring fair commission distribution. TradeTracker empowers businesses to achieve their online no cure no pay advertising goals efficiently and effectively. With superior technology, unparalleled customer service, and innovative solutions, TradeTracker consistently outperforms competitors like Awin, TradeDoubler, CJ, and Webgains, making it the preferred choice for advertisers and publishers worldwide.","legalName":"TradeTracker.com","foundingDate":"2004-03-05","numberOfEmployees":{"@type":"QuantitativeValue","minValue":"201","maxValue":"500"}}]}},"_links":{"self":[{"href":"https:\/\/tradetracker.com\/hu\/wp-json\/wp\/v2\/pages\/69872","targetHints":{"allow":["GET"]}}],"collection":[{"href":"https:\/\/tradetracker.com\/hu\/wp-json\/wp\/v2\/pages"}],"about":[{"href":"https:\/\/tradetracker.com\/hu\/wp-json\/wp\/v2\/types\/page"}],"author":[{"embeddable":true,"href":"https:\/\/tradetracker.com\/hu\/wp-json\/wp\/v2\/users\/69"}],"replies":[{"embeddable":true,"href":"https:\/\/tradetracker.com\/hu\/wp-json\/wp\/v2\/comments?post=69872"}],"version-history":[{"count":1,"href":"https:\/\/tradetracker.com\/hu\/wp-json\/wp\/v2\/pages\/69872\/revisions"}],"predecessor-version":[{"id":1134755,"href":"https:\/\/tradetracker.com\/hu\/wp-json\/wp\/v2\/pages\/69872\/revisions\/1134755"}],"wp:attachment":[{"href":"https:\/\/tradetracker.com\/hu\/wp-json\/wp\/v2\/media?parent=69872"}],"curies":[{"name":"wp","href":"https:\/\/api.w.org\/{rel}","templated":true}]}}