{"id":69873,"date":"2017-01-02T08:02:57","date_gmt":"2017-01-02T08:02:57","guid":{"rendered":"https:\/\/tradetracker.com\/international-reach\/"},"modified":"2025-01-20T05:32:23","modified_gmt":"2025-01-20T05:32:23","slug":"international-reach","status":"publish","type":"page","link":"https:\/\/tradetracker.com\/hu\/international-reach\/","title":{"rendered":"International Reach"},"content":{"rendered":"<div class=\"wpb-content-wrapper\"><p>[vc_row classes=&#8221;static-page-intro reach-page&#8221;][vc_column]<div class=\"row\"><div class=\"vc_col-sm-12\"><div class=\" static-page-intro-text \"><h1  class=\"\">NEMZETK\u00d6ZI EL\u00c9R\u00c9S<\/h1><h2  class=\"\">Az \u00e1ltalunk ny\u00fajtott kapcsolati h\u00e1l\u00f3 a vil\u00e1g minden t\u00e1j\u00e1ra kiterjed, \u00edgy az \u00d6n term\u00e9k\u00e9t vagy szolg\u00e1ltat\u00e1s\u00e1t is egyre t\u00f6bb fontos piacra juttathatjuk el.<\/h2><\/div>\r\n        <\/div>\r\n    <\/div>[\/vc_column][\/vc_row][vc_row classes=&#8221;agencies-benefits bg-pattern&#8221;][vc_column]<div class=\"space\"><\/div>[vc_row_inner][vc_column_inner][vc_wp_text title=&#8221;Vil\u00e1gn\u00e9zet&#8221;]\u00c1ltal\u00e1ban min\u00e9l nagyobb k\u00f6z\u00f6ns\u00e9get c\u00e9loz , ann\u00e1l val\u0151sz\u00edn\u0171bb, ann\u00e1l val\u00f3sz\u00edn\u0171bb, hogy meg tudja szerezni az \u00e1h\u00edtott tranzakci\u00f3kat. H\u00e1l\u00f3zatunk olyan piacokra is el\u00e9r, ahova m\u00e1sok nem, \u00edgy t\u00f6bb olyan embert c\u00e9lozhat, akik \u00e9rdekl\u0151dnek term\u00e9ke vagy szolg\u00e1ltat\u00e1sa ir\u00e1nt. Terjeszkedjen \u00faj ter\u00fcletekre, \u00e9s hagyja, hogy a TradeTracker gondoskodjon nemzetk\u00f6zi n\u00f6veked\u00e9s\u00e9r\u0151l![\/vc_wp_text][\/vc_column_inner][\/vc_row_inner]<div class=\"space\"><\/div>[vc_row_inner][vc_column_inner width=&#8221;1\/2&#8243;][vc_wp_text title=&#8221;Rengeteg Iroda&#8221;]18 orsz\u00e1gban van irod\u00e1nk, \u00edgy partnereink a szem\u00e9lyes \u00e9lm\u00e9ny mellett a helyi szak\u00e9rtelm\u00fcnk ny\u00fajtotta el\u0151ny\u00f6ket is \u00e9lvezhetik. Nem sz\u00e1m\u00edt hol van vagy milyen r\u00e9gi\u00f3t c\u00e9loz meg, mindig lesz olyan munkat\u00e1rsunk, akit k\u00e9nyelmesen el tud \u00e9rni.[\/vc_wp_text][\/vc_column_inner][vc_column_inner width=&#8221;1\/2&#8243;][vc_wp_text title=&#8221;Helyi Tud\u00e1s&#8221;]Besz\u00e9l\u00fcnk a k\u00f6z\u00f6ns\u00e9ge nyelv\u00e9n, \u00e9s osztozunk a tapasztalataikban, \u00edgy pontosanismerj\u00fck motiv\u00e1ci\u00f3ikat, \u00e9s tudjuk hogyan kell megsz\u00f3l\u00edtani \u0151ket. Egy idegen sosem fogja olyan m\u00e9lys\u00e9g\u00e9ben meg\u00e9rteni a helyi kult\u00far\u00e1t, mint akik az adott orsz\u00e1gban sz\u00fclettek &#8211; haszn\u00e1lja ki a helyi szak\u00e9rtelm\u00fcnk adta lehet\u0151s\u00e9geket![\/vc_wp_text][\/vc_column_inner][\/vc_row_inner]<div class=\"space\"><\/div>[vc_row_inner][vc_column_inner width=&#8221;1\/2&#8243;][vc_wp_text title=&#8221;Egyszer\u0171 Megval\u00f3s\u00edt\u00e1s&#8221;]Spreading your campaigns to other countries is through simply notifying your account manager. From there they\u2019ll make contact with your intended country, and take all the necessary steps. Your new operations will all be accessible from the same login and interface so you can comfortably navigate through them all.[\/vc_wp_text][\/vc_column_inner][vc_column_inner width=&#8221;1\/2&#8243;][vc_wp_text title=&#8221;\u00c9rjen El \u00c9rintetlen Piacokat&#8221;]Lehet, hogy jelenlegi piac\u00e1t m\u00e1r megh\u00f3d\u00edtotta, de m\u00e9g sz\u00e1mos lehet\u0151s\u00e9g v\u00e1r \u00d6nre k\u00fclf\u00f6ld\u00f6n. Haszn\u00e1lja ki a felt\u00f6rekv\u0151 piacokat, vagy t\u00f6ltse be az \u0171rt egy olyan orsz\u00e1gban ahol m\u00e9g senki se csin\u00e1lja azt, amit \u00d6n csin\u00e1l! \u00d6n teremti az ig\u00e9nyeket.[\/vc_wp_text][\/vc_column_inner][\/vc_row_inner]<div class=\"space\"><\/div>[\/vc_column][\/vc_row][vc_row classes=&#8221;cta ctamerch&#8221; el_id=&#8221;ctaaam&#8221;][vc_column]<div class=\"row\"><div class=\"vc_col-sm-12\"><h2 class=\"get_started\" >K\u00e9sz felfedezni nemzetk\u00f6zi lehet\u0151s\u00e9geinket?<\/h2><p >V\u00e1gjon bele, \u00e9s l\u00e9pjen kapcsolatba vel\u00fcnk, hogy mindent megtudhasson az \u00d6nre v\u00e1r\u00f3 lehet\u0151s\u00e9gekr\u0151l!<\/p>        <ul class=\"cta-items\">\r\n                        <li>\r\n                <a                    class=\"cta-advertiser-signup\"                                      href=\"https:\/\/tradetracker.com\/hu\/contact-us\/\"                                   >\r\n                    Demo Ig\u00e9nyl\u00e9se                <\/a>\r\n            <\/li>\r\n                        \r\n                        <li>\r\n                <a                    class=\"cta-advertiser-signup\"                                      href=\"https:\/\/merchant.tradetracker.com\/portal\/advertiserBrochure?loc=hu_HU\"                                   >\r\n                    T\u00f6ltse le a Hirdet\u0151i Bros\u00far\u00e1t                <\/a>\r\n            <\/li>\r\n                    <\/ul>\r\n        <\/div><\/div>[\/vc_column][\/vc_row]<\/p>\n<\/div>","protected":false},"excerpt":{"rendered":"<p>[vc_row classes=&#8221;static-page-intro reach-page&#8221;][vc_column][\/vc_column][\/vc_row][vc_row classes=&#8221;agencies-benefits bg-pattern&#8221;][vc_column][vc_row_inner][vc_column_inner][vc_wp_text title=&#8221;Vil\u00e1gn\u00e9zet&#8221;]\u00c1ltal\u00e1ban min\u00e9l nagyobb k\u00f6z\u00f6ns\u00e9get c\u00e9loz , ann\u00e1l val\u0151sz\u00edn\u0171bb, ann\u00e1l val\u00f3sz\u00edn\u0171bb, hogy meg tudja szerezni az \u00e1h\u00edtott tranzakci\u00f3kat. H\u00e1l\u00f3zatunk olyan piacokra is el\u00e9r, ahova m\u00e1sok nem, \u00edgy t\u00f6bb olyan embert c\u00e9lozhat, akik \u00e9rdekl\u0151dnek term\u00e9ke vagy szolg\u00e1ltat\u00e1sa ir\u00e1nt. Terjeszkedjen \u00faj ter\u00fcletekre, \u00e9s hagyja, hogy a TradeTracker gondoskodjon nemzetk\u00f6zi n\u00f6veked\u00e9s\u00e9r\u0151l![\/vc_wp_text][\/vc_column_inner][\/vc_row_inner][vc_row_inner][vc_column_inner width=&#8221;1\/2&#8243;][vc_wp_text title=&#8221;Rengeteg Iroda&#8221;]18  [&#8230;]<\/p>\n","protected":false},"author":69,"featured_media":0,"parent":0,"menu_order":0,"comment_status":"closed","ping_status":"closed","template":"template-red.php","meta":{"inline_featured_image":false,"_monsterinsights_skip_tracking":false,"_monsterinsights_sitenote_active":false,"_monsterinsights_sitenote_note":"","_monsterinsights_sitenote_category":0,"footnotes":""},"class_list":["post-69873","page","type-page","status-publish","hentry"],"yoast_head":"<!-- This site is optimized with the Yoast SEO Premium plugin v27.0 (Yoast SEO v27.0) - https:\/\/yoast.com\/product\/yoast-seo-premium-wordpress\/ -->\n<title>International Reach | TradeTracker.com<\/title>\n<meta name=\"description\" content=\"We host connections across the globe, enabling your presence in a growing number of important markets.\" \/>\n<meta name=\"robots\" content=\"index, follow, max-snippet:-1, max-image-preview:large, max-video-preview:-1\" \/>\n<link rel=\"canonical\" href=\"https:\/\/tradetracker.com\/hu\/wp-json\/wp\/v2\/pages\/69873\/\" \/>\n<meta property=\"og:locale\" content=\"hu_HU\" \/>\n<meta property=\"og:type\" content=\"article\" \/>\n<meta property=\"og:title\" content=\"International Reach TradeTracker.com\" \/>\n<meta property=\"og:description\" content=\"We host connections across the globe, enabling your presence in a\" \/>\n<meta property=\"og:url\" content=\"https:\/\/tradetracker.com\/hu\/international-reach\/\" \/>\n<meta property=\"og:site_name\" content=\"TradeTracker.com | Affiliate Marketing | Performance Marketing\" \/>\n<meta property=\"article:publisher\" content=\"https:\/\/www.facebook.com\/tradetrackercom\" \/>\n<meta property=\"article:modified_time\" content=\"2025-01-20T05:32:23+00:00\" \/>\n<meta property=\"og:image\" content=\"https:\/\/tradetracker.com\/wp-content\/uploads\/2019\/12\/tradetracker-logo-square.png\" \/>\n\t<meta property=\"og:image:width\" content=\"250\" \/>\n\t<meta property=\"og:image:height\" content=\"250\" \/>\n\t<meta property=\"og:image:type\" content=\"image\/png\" \/>\n<meta name=\"twitter:card\" content=\"summary_large_image\" \/>\n<meta name=\"twitter:title\" content=\"International Reach\" \/>\n<meta name=\"twitter:description\" content=\"[vc_row classes=&quot;static-page-intro reach-page&quot;][vc_column]NEMZETK\u00d6ZI EL\u00c9R\u00c9SAz \u00e1ltalunk ny\u00fajtott kapcsolati h\u00e1l\u00f3 a \" \/>\n<meta name=\"twitter:image\" content=\"https:\/\/tradetracker.com\/assets\/tt-circles.png\" \/>\n<meta name=\"twitter:site\" content=\"@tradetrackercom\" \/>\n<meta name=\"twitter:label1\" content=\"Est. reading time\" \/>\n\t<meta name=\"twitter:data1\" content=\"2 minutes\" \/>\n<script type=\"application\/ld+json\" class=\"yoast-schema-graph\">{\"@context\":\"https:\/\/schema.org\",\"@graph\":[{\"@type\":\"WebPage\",\"@id\":\"https:\/\/tradetracker.com\/hu\/international-reach\/\",\"url\":\"https:\/\/tradetracker.com\/hu\/international-reach\/\",\"name\":\"International Reach | TradeTracker.com\",\"isPartOf\":{\"@id\":\"https:\/\/tradetracker.com\/hu\/#website\"},\"datePublished\":\"2017-01-02T08:02:57+00:00\",\"dateModified\":\"2025-01-20T05:32:23+00:00\",\"description\":\"We host connections across the globe, enabling your presence in a growing number of important markets.\",\"breadcrumb\":{\"@id\":\"https:\/\/tradetracker.com\/hu\/international-reach\/#breadcrumb\"},\"inLanguage\":\"hu-HU\",\"potentialAction\":[{\"@type\":\"ReadAction\",\"target\":[\"https:\/\/tradetracker.com\/hu\/international-reach\/\"]}]},{\"@type\":\"BreadcrumbList\",\"@id\":\"https:\/\/tradetracker.com\/hu\/international-reach\/#breadcrumb\",\"itemListElement\":[{\"@type\":\"ListItem\",\"position\":1,\"name\":\"Home\",\"item\":\"https:\/\/tradetracker.com\/hu\/\"},{\"@type\":\"ListItem\",\"position\":2,\"name\":\"International Reach\"}]},{\"@type\":\"WebSite\",\"@id\":\"https:\/\/tradetracker.com\/hu\/#website\",\"url\":\"https:\/\/tradetracker.com\/hu\/\",\"name\":\"TradeTracker.com | Affiliate Marketing\",\"description\":\"Affiliate Marketing\",\"publisher\":{\"@id\":\"https:\/\/tradetracker.com\/hu\/#organization\"},\"potentialAction\":[{\"@type\":\"SearchAction\",\"target\":{\"@type\":\"EntryPoint\",\"urlTemplate\":\"https:\/\/tradetracker.com\/hu\/?s={search_term_string}\"},\"query-input\":{\"@type\":\"PropertyValueSpecification\",\"valueRequired\":true,\"valueName\":\"search_term_string\"}}],\"inLanguage\":\"hu-HU\"},{\"@type\":\"Organization\",\"@id\":\"https:\/\/tradetracker.com\/hu\/#organization\",\"name\":\"TradeTracker FZ LLC\",\"url\":\"https:\/\/tradetracker.com\/hu\/\",\"logo\":{\"@type\":\"ImageObject\",\"inLanguage\":\"hu-HU\",\"@id\":\"https:\/\/tradetracker.com\/hu\/#\/schema\/logo\/image\/\",\"url\":\"https:\/\/tradetracker.com\/wp-content\/uploads\/2019\/04\/tradetracker-logo_1.jpg\",\"contentUrl\":\"https:\/\/tradetracker.com\/wp-content\/uploads\/2019\/04\/tradetracker-logo_1.jpg\",\"width\":672,\"height\":109,\"caption\":\"TradeTracker FZ LLC\"},\"image\":{\"@id\":\"https:\/\/tradetracker.com\/hu\/#\/schema\/logo\/image\/\"},\"sameAs\":[\"https:\/\/www.facebook.com\/tradetrackercom\",\"https:\/\/x.com\/tradetrackercom\",\"https:\/\/www.linkedin.com\/company\/tradetrackercom\",\"https:\/\/www.youtube.com\/channel\/UCHiq-oir3qOorxO-8nLjIcQ\"],\"description\":\"TradeTracker is a global affiliate marketing platform that connects advertisers and publishers to create successful online campaigns. With its user-friendly interface, advanced tracking technology, and real-time reporting, TradeTracker provides the tools to optimize performance and boost conversions. Operating in over 20 countries, TradeTracker is renowned for its transparency, innovative solutions, and personalized support. It has been consistently chosen as the leading affiliate network worldwide, a testament to its excellence in the industry. Advertisers benefit from access to a vast network of publishers, while publishers enjoy a diverse range of campaigns and attractive earning opportunities. The platform continues to revolutionize the affiliate marketing industry with technologies like Real Attribution, ensuring fair commission distribution. TradeTracker empowers businesses to achieve their online no cure no pay advertising goals efficiently and effectively. With superior technology, unparalleled customer service, and innovative solutions, TradeTracker consistently outperforms competitors like Awin, TradeDoubler, CJ, and Webgains, making it the preferred choice for advertisers and publishers worldwide.\",\"legalName\":\"TradeTracker.com\",\"foundingDate\":\"2004-03-05\",\"numberOfEmployees\":{\"@type\":\"QuantitativeValue\",\"minValue\":\"201\",\"maxValue\":\"500\"}}]}<\/script>\n<!-- \/ Yoast SEO Premium plugin. -->","yoast_head_json":{"title":"International Reach | TradeTracker.com","description":"We host connections across the globe, enabling your presence in a growing number of important markets.","robots":{"index":"index","follow":"follow","max-snippet":"max-snippet:-1","max-image-preview":"max-image-preview:large","max-video-preview":"max-video-preview:-1"},"canonical":"https:\/\/tradetracker.com\/hu\/wp-json\/wp\/v2\/pages\/69873\/","og_locale":"hu_HU","og_type":"article","og_title":"International Reach TradeTracker.com","og_description":"We host connections across the globe, enabling your presence in a","og_url":"https:\/\/tradetracker.com\/hu\/international-reach\/","og_site_name":"TradeTracker.com | Affiliate Marketing | Performance Marketing","article_publisher":"https:\/\/www.facebook.com\/tradetrackercom","article_modified_time":"2025-01-20T05:32:23+00:00","og_image":[{"width":250,"height":250,"url":"https:\/\/tradetracker.com\/wp-content\/uploads\/2019\/12\/tradetracker-logo-square.png","type":"image\/png"}],"twitter_card":"summary_large_image","twitter_title":"International Reach","twitter_description":"[vc_row classes=\"static-page-intro reach-page\"][vc_column]NEMZETK\u00d6ZI EL\u00c9R\u00c9SAz \u00e1ltalunk ny\u00fajtott kapcsolati h\u00e1l\u00f3 a ","twitter_image":"https:\/\/tradetracker.com\/assets\/tt-circles.png","twitter_site":"@tradetrackercom","twitter_misc":{"Est. reading time":"2 minutes"},"schema":{"@context":"https:\/\/schema.org","@graph":[{"@type":"WebPage","@id":"https:\/\/tradetracker.com\/hu\/international-reach\/","url":"https:\/\/tradetracker.com\/hu\/international-reach\/","name":"International Reach | TradeTracker.com","isPartOf":{"@id":"https:\/\/tradetracker.com\/hu\/#website"},"datePublished":"2017-01-02T08:02:57+00:00","dateModified":"2025-01-20T05:32:23+00:00","description":"We host connections across the globe, enabling your presence in a growing number of important markets.","breadcrumb":{"@id":"https:\/\/tradetracker.com\/hu\/international-reach\/#breadcrumb"},"inLanguage":"hu-HU","potentialAction":[{"@type":"ReadAction","target":["https:\/\/tradetracker.com\/hu\/international-reach\/"]}]},{"@type":"BreadcrumbList","@id":"https:\/\/tradetracker.com\/hu\/international-reach\/#breadcrumb","itemListElement":[{"@type":"ListItem","position":1,"name":"Home","item":"https:\/\/tradetracker.com\/hu\/"},{"@type":"ListItem","position":2,"name":"International Reach"}]},{"@type":"WebSite","@id":"https:\/\/tradetracker.com\/hu\/#website","url":"https:\/\/tradetracker.com\/hu\/","name":"TradeTracker.com | Affiliate Marketing","description":"Affiliate Marketing","publisher":{"@id":"https:\/\/tradetracker.com\/hu\/#organization"},"potentialAction":[{"@type":"SearchAction","target":{"@type":"EntryPoint","urlTemplate":"https:\/\/tradetracker.com\/hu\/?s={search_term_string}"},"query-input":{"@type":"PropertyValueSpecification","valueRequired":true,"valueName":"search_term_string"}}],"inLanguage":"hu-HU"},{"@type":"Organization","@id":"https:\/\/tradetracker.com\/hu\/#organization","name":"TradeTracker FZ LLC","url":"https:\/\/tradetracker.com\/hu\/","logo":{"@type":"ImageObject","inLanguage":"hu-HU","@id":"https:\/\/tradetracker.com\/hu\/#\/schema\/logo\/image\/","url":"https:\/\/tradetracker.com\/wp-content\/uploads\/2019\/04\/tradetracker-logo_1.jpg","contentUrl":"https:\/\/tradetracker.com\/wp-content\/uploads\/2019\/04\/tradetracker-logo_1.jpg","width":672,"height":109,"caption":"TradeTracker FZ LLC"},"image":{"@id":"https:\/\/tradetracker.com\/hu\/#\/schema\/logo\/image\/"},"sameAs":["https:\/\/www.facebook.com\/tradetrackercom","https:\/\/x.com\/tradetrackercom","https:\/\/www.linkedin.com\/company\/tradetrackercom","https:\/\/www.youtube.com\/channel\/UCHiq-oir3qOorxO-8nLjIcQ"],"description":"TradeTracker is a global affiliate marketing platform that connects advertisers and publishers to create successful online campaigns. With its user-friendly interface, advanced tracking technology, and real-time reporting, TradeTracker provides the tools to optimize performance and boost conversions. Operating in over 20 countries, TradeTracker is renowned for its transparency, innovative solutions, and personalized support. It has been consistently chosen as the leading affiliate network worldwide, a testament to its excellence in the industry. Advertisers benefit from access to a vast network of publishers, while publishers enjoy a diverse range of campaigns and attractive earning opportunities. The platform continues to revolutionize the affiliate marketing industry with technologies like Real Attribution, ensuring fair commission distribution. TradeTracker empowers businesses to achieve their online no cure no pay advertising goals efficiently and effectively. With superior technology, unparalleled customer service, and innovative solutions, TradeTracker consistently outperforms competitors like Awin, TradeDoubler, CJ, and Webgains, making it the preferred choice for advertisers and publishers worldwide.","legalName":"TradeTracker.com","foundingDate":"2004-03-05","numberOfEmployees":{"@type":"QuantitativeValue","minValue":"201","maxValue":"500"}}]}},"_links":{"self":[{"href":"https:\/\/tradetracker.com\/hu\/wp-json\/wp\/v2\/pages\/69873","targetHints":{"allow":["GET"]}}],"collection":[{"href":"https:\/\/tradetracker.com\/hu\/wp-json\/wp\/v2\/pages"}],"about":[{"href":"https:\/\/tradetracker.com\/hu\/wp-json\/wp\/v2\/types\/page"}],"author":[{"embeddable":true,"href":"https:\/\/tradetracker.com\/hu\/wp-json\/wp\/v2\/users\/69"}],"replies":[{"embeddable":true,"href":"https:\/\/tradetracker.com\/hu\/wp-json\/wp\/v2\/comments?post=69873"}],"version-history":[{"count":1,"href":"https:\/\/tradetracker.com\/hu\/wp-json\/wp\/v2\/pages\/69873\/revisions"}],"predecessor-version":[{"id":1134754,"href":"https:\/\/tradetracker.com\/hu\/wp-json\/wp\/v2\/pages\/69873\/revisions\/1134754"}],"wp:attachment":[{"href":"https:\/\/tradetracker.com\/hu\/wp-json\/wp\/v2\/media?parent=69873"}],"curies":[{"name":"wp","href":"https:\/\/api.w.org\/{rel}","templated":true}]}}