{"id":69879,"date":"2016-12-25T08:43:32","date_gmt":"2016-12-25T08:43:32","guid":{"rendered":"https:\/\/tradetracker.com\/advertiser-qualifications\/"},"modified":"2025-01-20T05:31:29","modified_gmt":"2025-01-20T05:31:29","slug":"advertiser-qualifications","status":"publish","type":"page","link":"https:\/\/tradetracker.com\/hu\/advertiser-qualifications\/","title":{"rendered":"Advertiser Qualifications"},"content":{"rendered":"<div class=\"wpb-content-wrapper\"><p>[vc_row classes=&#8221;static-page-intro adv-requirements&#8221;][vc_column]<div class=\"row\"><div class=\"vc_col-sm-12\"><div class=\" static-page-intro-text \"><h1  style=\"color: #ffffff\" class=\"\">Hirdet\u0151i min\u0151s\u00edt\u00e9s<\/h1><h2  style=\"color: #ffffff\" class=\"\">A TradeTracker kamp\u00e1nyportf\u00f3li\u00f3j\u00e1nak b\u0151v\u00edt\u00e9s\u00e9hez elhivatotts\u00e1g kell. Hogy fenntarthassuk h\u00e1l\u00f3zatunk sokoldal\u00fas\u00e1g\u00e1t, integrit\u00e1s\u00e1t \u00e9s meghat\u00e1roz\u00f3 helyzet\u00e9t, szeretn\u00e9nk felh\u00edvni a figyelmet n\u00e9h\u00e1ny olyan tulajdons\u00e1gra, amiknek \u00e9rdemes birtok\u00e1ban lennie \u00faj \u00fcgyfeleinknek.<\/h2><\/div>\r\n        <\/div>\r\n    <\/div>[\/vc_column][\/vc_row][vc_row][vc_column]<div class=\"space\"><\/div>[vc_row_inner][vc_column_inner][vc_wp_text title=&#8221;H\u00edres m\u00e1rka vagy startup?&#8221;]<\/p>\n<p>Egyvalami minden TradeTracker kamp\u00e1nyban k\u00f6z\u00f6s: vonz\u00f3ak a kiad\u00f3k sz\u00e1m\u00e1ra. Ak\u00e1rcsak az \u00fczleti \u00e9letben, az affiliate marketing vil\u00e1g\u00e1ban is ki kell emelkedni a t\u00f6megb\u0151l a siker \u00e9rdek\u00e9ben.<\/p>\n<p>[\/vc_wp_text]<div class=\"space\"><\/div>[\/vc_column_inner][\/vc_row_inner][vc_row_inner][vc_column_inner width=&#8221;9\/12&#8243;][vc_wp_text title=&#8221;Menedzsment&#8221;]A TradeTracker platformja annyira k\u00f6nnyen kezelhet\u0151, hogy szinte b\u00e1rki elnavig\u00e1lna rajta csukott szemmel is, de mint minden m\u00e1shoz az \u00e9letben, ehhez is kell egy adag elhivatotts\u00e1g. Term\u00e9szetesen b\u00e1rmikor sz\u00edvesen adunk tan\u00e1csot, vagy ak\u00e1r v\u00e1laszthatja teljes k\u00f6r\u0171 program menedzsment szolg\u00e1ltat\u00e1sunkat is. Ha nem szeretn\u00e9, hogy a TradeTracker \u00e9p\u00edtse fel \u00e9s keze\u00e9je kamp\u00e1ny\u00e1t, sz\u00edvesen \u00f6sszek\u00f6tj\u00fck piacvezet\u0151 marketing\u00fcgyn\u00f6ks\u00e9gekkel, akikkel szoros kapcsolatot \u00e1polunk. Amennyiben kamp\u00e1nymenedzsmentje kiszervez\u00e9s\u00e9n gondolkozik, fontolja meg a k\u00f6vetkez\u0151ket:<\/p>\n<ul class=\"checklist\">\n<li>Sz\u00e1nd\u00e9k\u00e1ban (\u00e9s m\u00f3dj\u00e1ban) \u00e1ll beruh\u00e1zni egy affiliate marketingre szakosodott csapat l\u00e9trehoz\u00e1s\u00e1ba?<\/li>\n<li>K\u00e9pes folyamatosan jav\u00edtani a l\u00e1togat\u00f3i v\u00e1s\u00e1rl\u00e1si folyamat\u00e1t?<\/li>\n<li>K\u00e9pes a partnerei ig\u00e9nyeinek kreat\u00edvokat megalkotni?<\/li>\n<li>Meg tud felelni a technikai k\u00f6vetelm\u00e9nyeknek?<\/li>\n<li>Jelenlegi \u00fcgyn\u00f6ks\u00e9ge ki tudja el\u00e9g\u00edteni nemzetk\u00f6zi ig\u00e9nyeit?<\/li>\n<\/ul>\n<p>[\/vc_wp_text][\/vc_column_inner][\/vc_row_inner][\/vc_column][\/vc_row][vc_row classes=&#8221;sec-diff bg-pattern&#8221;][vc_column width=&#8221;9\/12&#8243;][vc_wp_text title=&#8221;Kapcsolat\u00e9p\u00edt\u00e9s&#8221;]Amint szabadj\u00e1ra engedi a lehet\u0151s\u00e9geket, amit az affiliate marketing k\u00edn\u00e1l, sz\u00fcks\u00e9ge lesz partnerekre, \u00e9s egy ide\u00e1lis vil\u00e1gban nekik is \u00d6nre. Azonban az igazs\u00e1g az, hogy nekik csak addig van sz\u00fcks\u00e9g\u00fck \u00d6nre, am\u00edg \u00d6n versenyk\u00e9pes, hiszen ez biztos\u00edtja sz\u00e1mukra a megfelel\u0151 j\u00f6vedelmet. Tekintsen partnereire \u00fagy, mint \u00e9rt\u00e9kes\u00edt\u0151 csapat\u00e1nak kib\u0151v\u00edt\u00e9s\u00e9re &#8211; ossza meg vel\u00fck v\u00e1llalati kult\u00far\u00e1j\u00e1t. Ne csak korrekt legyen vel\u00fck, r\u00e9szes\u00edtse \u0151ket igaz\u00e1n kiemelked\u0151 b\u00e1n\u00e1sm\u00f3dban!<\/p>\n<ul class=\"checklist\">\n<li>Legyen proakt\u00edv a kommunik\u00e1ci\u00f3ban, nyitott \u00e9s \u00e1tl\u00e1that\u00f3. Fejezze ki vil\u00e1gosan c\u00e9ljait, hogy partnerei megval\u00f3s\u00edthass\u00e1k azokat.<\/li>\n<li>Hozzon l\u00e9tre \u00f6szt\u00f6nz\u0151ket, hirdessen versenyeket. Osszon ki teljes\u00edtm\u00e9nyalap\u00fa b\u00f3nuszokat, vagy alak\u00edtson ki egy t\u00f6bbszint\u0171 kiad\u00f3i rendszert.<\/li>\n<li>Legyen nyitott az \u00faj \u00f6tletekre, hallgasson a t\u00f6megre &#8211; a partnerei b\u00f6lcs szavaira.<\/li>\n<li>Cs\u00f6kkentse a partnerei kock\u00e1zat\u00e1t. \u00c9p\u00edtsen hibrid modelleket CPM vagy CPC hozz\u00e1ad\u00e1s\u00e1val.<\/li>\n<\/ul>\n<p>[\/vc_wp_text][\/vc_column][\/vc_row][vc_row classes=&#8221;bg-pattern&#8221;][vc_column width=&#8221;9\/12&#8243;]<div class=\"space\"><\/div>[vc_wp_text title=&#8221;Hat\u00e1rozza meg c\u00e9ljait&#8221;]Egy stabil \u00e9s vonz\u00f3 kamp\u00e1nyt alapj\u00e1n t\u00f6bb fontos t\u00e9nyez\u0151 alkotja, \u00e9s ezek k\u00f6z\u00fcl is az egyik legfontosabb a megt\u00e9r\u00fcl\u00e9s. Ne feledje, a CPA kamp\u00e1nyokban a kiad\u00f3nak hatalmas a kock\u00e1zata &#8211; nincs r\u00e1hat\u00e1suk a v\u00e1s\u00e1rl\u00f3ra, miut\u00e1n az \u00d6n dom\u00e9nj\u00e9re ir\u00e1ny\u00edtott\u00e1k, de nekik is ugyanolyan fontos befektet\u00e9seik megt\u00e9r\u00fcl\u00e9se, mint \u00d6nnek. Hat\u00e1rozza meg c\u00e9ljait, \u00e9s ezeket kamp\u00e1nya fel\u00e9p\u00edt\u00e9se is t\u00fckr\u00f6zze:<\/p>\n<ul class=\"checklist\">\n<li>Hat\u00e1rozza meg jutal\u00e9kmodellj\u00e9t: konverzi\u00f3kra van sz\u00fcks\u00e9ge, m\u00e1rka\u00e9p\u00edt\u00e9sre, vagy mindkett\u0151re?<\/li>\n<li>Minden prom\u00f3ci\u00f3s lehet\u0151s\u00e9get ki szeretne haszn\u00e1lni, vagy csak bizonyos t\u00edpus\u00fa webhelyekkel m\u0171k\u00f6dne egy\u00fctt?<\/li>\n<li>T\u00e1rgyaljon partnereivel, \u00e9s ismerje meg ig\u00e9nyeiket. \u00d6n mire v\u00e1gyik?<\/li>\n<li>Hagyja j\u00f3v\u00e1 a tranzakci\u00f3kat gyorsan. A kiad\u00f3 befektetett az \u00d6n kamp\u00e1ny\u00e1ba, viszonozza a sz\u00edvess\u00e9get!<\/li>\n<li>Fizessen id\u0151ben \u00e9s haszn\u00e1lja el\u0151re felt\u00f6lt\u00f6tt egyenleg\u00e9t! Ez egy \u00f6rd\u00f6gi k\u00f6r.<\/li>\n<\/ul>\n<p>[\/vc_wp_text]<div class=\"space\"><\/div>[\/vc_column][\/vc_row][vc_row classes=&#8221;cta ctamerch&#8221; el_id=&#8221;ctaaam&#8221;][vc_column]<div class=\"row\"><div class=\"vc_col-sm-12\"><h2 class=\"get_started\" style=\"color:#ffffff\">Megfelel a k\u00f6vetelm\u00e9nyeknek?<\/h2><p style=\"color:#ffffff\">Eredm\u00e9nyf\u00fcgg\u0151 affiliate-megsz\u00e1llottak csapata vagyunk, akik csak a teljes\u00edtm\u00e9nynek \u00e9lnek, \u00e9s mindig azt keresik hogyan tehetn\u00e9nk szebb\u00e9 a rekl\u00e1mvil\u00e1got. L\u00e9pjen kapcsolatba vel\u00fcnk, \u00e9s tudja meg hogyan seg\u00edthet\u00fcnk \u00d6nnek egy kifizet\u0151d\u0151 terv elk\u00e9sz\u00edt\u00e9s\u00e9ben.<\/p>        <ul class=\"cta-items\">\r\n                        <li>\r\n                <a                    class=\"cta-advertiser-signup\"                                      href=\"https:\/\/tradetracker.com\/hu\/contact-us\/\"                                   >\r\n                    Request Demo                <\/a>\r\n            <\/li>\r\n                        \r\n                        <li>\r\n                <a                    class=\"cta-advertiser-signup\"                                      href=\"https:\/\/merchant.tradetracker.com\/portal\/advertiserBrochure?loc=hu_HU\"                                   >\r\n                    Download Advertiser Brochure                <\/a>\r\n            <\/li>\r\n                    <\/ul>\r\n        <\/div><\/div>[\/vc_column][\/vc_row]<\/p>\n<\/div>","protected":false},"excerpt":{"rendered":"<p>[vc_row classes=&#8221;static-page-intro adv-requirements&#8221;][vc_column][\/vc_column][\/vc_row][vc_row][vc_column][vc_row_inner][vc_column_inner][vc_wp_text title=&#8221;H\u00edres m\u00e1rka vagy startup?&#8221;] Egyvalami minden TradeTracker kamp\u00e1nyban k\u00f6z\u00f6s: vonz\u00f3ak a kiad\u00f3k sz\u00e1m\u00e1ra. Ak\u00e1rcsak az \u00fczleti \u00e9letben, az affiliate marketing vil\u00e1g\u00e1ban is ki kell emelkedni a t\u00f6megb\u0151l a siker \u00e9rdek\u00e9ben. [\/vc_wp_text][\/vc_column_inner][\/vc_row_inner][vc_row_inner][vc_column_inner width=&#8221;9\/12&#8243;][vc_wp_text title=&#8221;Menedzsment&#8221;]A TradeTracker platformja annyira k\u00f6nnyen kezelhet\u0151, hogy szinte b\u00e1rki elnavig\u00e1lna rajta csukott szemmel is, de mint minden m\u00e1shoz az \u00e9letben,  [&#8230;]<\/p>\n","protected":false},"author":69,"featured_media":0,"parent":0,"menu_order":0,"comment_status":"closed","ping_status":"closed","template":"template-red.php","meta":{"inline_featured_image":false,"_monsterinsights_skip_tracking":false,"_monsterinsights_sitenote_active":false,"_monsterinsights_sitenote_note":"","_monsterinsights_sitenote_category":0,"footnotes":""},"class_list":["post-69879","page","type-page","status-publish","hentry"],"yoast_head":"<!-- This site is optimized with the Yoast SEO Premium plugin v27.0 (Yoast SEO v27.0) - https:\/\/yoast.com\/product\/yoast-seo-premium-wordpress\/ -->\n<title>Advertiser Qualifications | TradeTracker<\/title>\n<meta name=\"description\" content=\"A list of the keys to any advertiser\u2019s successful affiliate marketing campaign.\" \/>\n<meta name=\"robots\" content=\"index, follow, max-snippet:-1, max-image-preview:large, max-video-preview:-1\" \/>\n<link rel=\"canonical\" href=\"https:\/\/tradetracker.com\/hu\/wp-json\/wp\/v2\/pages\/69879\/\" \/>\n<meta property=\"og:locale\" content=\"hu_HU\" \/>\n<meta property=\"og:type\" content=\"article\" \/>\n<meta property=\"og:title\" content=\"Advertiser Qualifications TradeTracker.com\" \/>\n<meta property=\"og:description\" content=\"A list of the keys to any advertiser\u2019s successful affiliate\" \/>\n<meta property=\"og:url\" content=\"https:\/\/tradetracker.com\/hu\/advertiser-qualifications\/\" \/>\n<meta property=\"og:site_name\" content=\"TradeTracker.com | Affiliate Marketing | Performance Marketing\" \/>\n<meta property=\"article:publisher\" content=\"https:\/\/www.facebook.com\/tradetrackercom\" \/>\n<meta property=\"article:modified_time\" content=\"2025-01-20T05:31:29+00:00\" \/>\n<meta property=\"og:image\" content=\"https:\/\/tradetracker.com\/wp-content\/uploads\/2019\/12\/tradetracker-logo-square.png\" \/>\n\t<meta property=\"og:image:width\" content=\"250\" \/>\n\t<meta property=\"og:image:height\" content=\"250\" \/>\n\t<meta property=\"og:image:type\" content=\"image\/png\" \/>\n<meta name=\"twitter:card\" content=\"summary_large_image\" \/>\n<meta name=\"twitter:title\" content=\"Advertiser Qualifications\" \/>\n<meta name=\"twitter:description\" content=\"Hirdet\u0151i min\u0151s\u00edt\u00e9sA TradeTracker kamp\u00e1nyportf\u00f3li\u00f3j\u00e1nak b\u0151v\u00edt\u00e9s\u00e9hez elhivatotts\u00e1g kell. Hogy fenntarthassuk \" \/>\n<meta name=\"twitter:image\" content=\"https:\/\/tradetracker.com\/assets\/tt-circles.png\" \/>\n<meta name=\"twitter:site\" content=\"@tradetrackercom\" \/>\n<meta name=\"twitter:label1\" content=\"Est. reading time\" \/>\n\t<meta name=\"twitter:data1\" content=\"3 minutes\" \/>\n<script type=\"application\/ld+json\" class=\"yoast-schema-graph\">{\"@context\":\"https:\/\/schema.org\",\"@graph\":[{\"@type\":\"WebPage\",\"@id\":\"https:\/\/tradetracker.com\/hu\/advertiser-qualifications\/\",\"url\":\"https:\/\/tradetracker.com\/hu\/advertiser-qualifications\/\",\"name\":\"Advertiser Qualifications | TradeTracker\",\"isPartOf\":{\"@id\":\"https:\/\/tradetracker.com\/hu\/#website\"},\"datePublished\":\"2016-12-25T08:43:32+00:00\",\"dateModified\":\"2025-01-20T05:31:29+00:00\",\"description\":\"A list of the keys to any advertiser\u2019s successful affiliate marketing campaign.\",\"breadcrumb\":{\"@id\":\"https:\/\/tradetracker.com\/hu\/advertiser-qualifications\/#breadcrumb\"},\"inLanguage\":\"hu-HU\",\"potentialAction\":[{\"@type\":\"ReadAction\",\"target\":[\"https:\/\/tradetracker.com\/hu\/advertiser-qualifications\/\"]}]},{\"@type\":\"BreadcrumbList\",\"@id\":\"https:\/\/tradetracker.com\/hu\/advertiser-qualifications\/#breadcrumb\",\"itemListElement\":[{\"@type\":\"ListItem\",\"position\":1,\"name\":\"Home\",\"item\":\"https:\/\/tradetracker.com\/hu\/\"},{\"@type\":\"ListItem\",\"position\":2,\"name\":\"Advertiser Qualifications\"}]},{\"@type\":\"WebSite\",\"@id\":\"https:\/\/tradetracker.com\/hu\/#website\",\"url\":\"https:\/\/tradetracker.com\/hu\/\",\"name\":\"TradeTracker.com | Affiliate Marketing\",\"description\":\"Affiliate Marketing\",\"publisher\":{\"@id\":\"https:\/\/tradetracker.com\/hu\/#organization\"},\"potentialAction\":[{\"@type\":\"SearchAction\",\"target\":{\"@type\":\"EntryPoint\",\"urlTemplate\":\"https:\/\/tradetracker.com\/hu\/?s={search_term_string}\"},\"query-input\":{\"@type\":\"PropertyValueSpecification\",\"valueRequired\":true,\"valueName\":\"search_term_string\"}}],\"inLanguage\":\"hu-HU\"},{\"@type\":\"Organization\",\"@id\":\"https:\/\/tradetracker.com\/hu\/#organization\",\"name\":\"TradeTracker FZ LLC\",\"url\":\"https:\/\/tradetracker.com\/hu\/\",\"logo\":{\"@type\":\"ImageObject\",\"inLanguage\":\"hu-HU\",\"@id\":\"https:\/\/tradetracker.com\/hu\/#\/schema\/logo\/image\/\",\"url\":\"https:\/\/tradetracker.com\/wp-content\/uploads\/2019\/04\/tradetracker-logo_1.jpg\",\"contentUrl\":\"https:\/\/tradetracker.com\/wp-content\/uploads\/2019\/04\/tradetracker-logo_1.jpg\",\"width\":672,\"height\":109,\"caption\":\"TradeTracker FZ LLC\"},\"image\":{\"@id\":\"https:\/\/tradetracker.com\/hu\/#\/schema\/logo\/image\/\"},\"sameAs\":[\"https:\/\/www.facebook.com\/tradetrackercom\",\"https:\/\/x.com\/tradetrackercom\",\"https:\/\/www.linkedin.com\/company\/tradetrackercom\",\"https:\/\/www.youtube.com\/channel\/UCHiq-oir3qOorxO-8nLjIcQ\"],\"description\":\"TradeTracker is a global affiliate marketing platform that connects advertisers and publishers to create successful online campaigns. With its user-friendly interface, advanced tracking technology, and real-time reporting, TradeTracker provides the tools to optimize performance and boost conversions. Operating in over 20 countries, TradeTracker is renowned for its transparency, innovative solutions, and personalized support. It has been consistently chosen as the leading affiliate network worldwide, a testament to its excellence in the industry. Advertisers benefit from access to a vast network of publishers, while publishers enjoy a diverse range of campaigns and attractive earning opportunities. The platform continues to revolutionize the affiliate marketing industry with technologies like Real Attribution, ensuring fair commission distribution. TradeTracker empowers businesses to achieve their online no cure no pay advertising goals efficiently and effectively. With superior technology, unparalleled customer service, and innovative solutions, TradeTracker consistently outperforms competitors like Awin, TradeDoubler, CJ, and Webgains, making it the preferred choice for advertisers and publishers worldwide.\",\"legalName\":\"TradeTracker.com\",\"foundingDate\":\"2004-03-05\",\"numberOfEmployees\":{\"@type\":\"QuantitativeValue\",\"minValue\":\"201\",\"maxValue\":\"500\"}}]}<\/script>\n<!-- \/ Yoast SEO Premium plugin. -->","yoast_head_json":{"title":"Advertiser Qualifications | TradeTracker","description":"A list of the keys to any advertiser\u2019s successful affiliate marketing campaign.","robots":{"index":"index","follow":"follow","max-snippet":"max-snippet:-1","max-image-preview":"max-image-preview:large","max-video-preview":"max-video-preview:-1"},"canonical":"https:\/\/tradetracker.com\/hu\/wp-json\/wp\/v2\/pages\/69879\/","og_locale":"hu_HU","og_type":"article","og_title":"Advertiser Qualifications TradeTracker.com","og_description":"A list of the keys to any advertiser\u2019s successful affiliate","og_url":"https:\/\/tradetracker.com\/hu\/advertiser-qualifications\/","og_site_name":"TradeTracker.com | Affiliate Marketing | Performance Marketing","article_publisher":"https:\/\/www.facebook.com\/tradetrackercom","article_modified_time":"2025-01-20T05:31:29+00:00","og_image":[{"width":250,"height":250,"url":"https:\/\/tradetracker.com\/wp-content\/uploads\/2019\/12\/tradetracker-logo-square.png","type":"image\/png"}],"twitter_card":"summary_large_image","twitter_title":"Advertiser Qualifications","twitter_description":"Hirdet\u0151i min\u0151s\u00edt\u00e9sA TradeTracker kamp\u00e1nyportf\u00f3li\u00f3j\u00e1nak b\u0151v\u00edt\u00e9s\u00e9hez elhivatotts\u00e1g kell. Hogy fenntarthassuk ","twitter_image":"https:\/\/tradetracker.com\/assets\/tt-circles.png","twitter_site":"@tradetrackercom","twitter_misc":{"Est. reading time":"3 minutes"},"schema":{"@context":"https:\/\/schema.org","@graph":[{"@type":"WebPage","@id":"https:\/\/tradetracker.com\/hu\/advertiser-qualifications\/","url":"https:\/\/tradetracker.com\/hu\/advertiser-qualifications\/","name":"Advertiser Qualifications | TradeTracker","isPartOf":{"@id":"https:\/\/tradetracker.com\/hu\/#website"},"datePublished":"2016-12-25T08:43:32+00:00","dateModified":"2025-01-20T05:31:29+00:00","description":"A list of the keys to any advertiser\u2019s successful affiliate marketing campaign.","breadcrumb":{"@id":"https:\/\/tradetracker.com\/hu\/advertiser-qualifications\/#breadcrumb"},"inLanguage":"hu-HU","potentialAction":[{"@type":"ReadAction","target":["https:\/\/tradetracker.com\/hu\/advertiser-qualifications\/"]}]},{"@type":"BreadcrumbList","@id":"https:\/\/tradetracker.com\/hu\/advertiser-qualifications\/#breadcrumb","itemListElement":[{"@type":"ListItem","position":1,"name":"Home","item":"https:\/\/tradetracker.com\/hu\/"},{"@type":"ListItem","position":2,"name":"Advertiser Qualifications"}]},{"@type":"WebSite","@id":"https:\/\/tradetracker.com\/hu\/#website","url":"https:\/\/tradetracker.com\/hu\/","name":"TradeTracker.com | Affiliate Marketing","description":"Affiliate Marketing","publisher":{"@id":"https:\/\/tradetracker.com\/hu\/#organization"},"potentialAction":[{"@type":"SearchAction","target":{"@type":"EntryPoint","urlTemplate":"https:\/\/tradetracker.com\/hu\/?s={search_term_string}"},"query-input":{"@type":"PropertyValueSpecification","valueRequired":true,"valueName":"search_term_string"}}],"inLanguage":"hu-HU"},{"@type":"Organization","@id":"https:\/\/tradetracker.com\/hu\/#organization","name":"TradeTracker FZ LLC","url":"https:\/\/tradetracker.com\/hu\/","logo":{"@type":"ImageObject","inLanguage":"hu-HU","@id":"https:\/\/tradetracker.com\/hu\/#\/schema\/logo\/image\/","url":"https:\/\/tradetracker.com\/wp-content\/uploads\/2019\/04\/tradetracker-logo_1.jpg","contentUrl":"https:\/\/tradetracker.com\/wp-content\/uploads\/2019\/04\/tradetracker-logo_1.jpg","width":672,"height":109,"caption":"TradeTracker FZ LLC"},"image":{"@id":"https:\/\/tradetracker.com\/hu\/#\/schema\/logo\/image\/"},"sameAs":["https:\/\/www.facebook.com\/tradetrackercom","https:\/\/x.com\/tradetrackercom","https:\/\/www.linkedin.com\/company\/tradetrackercom","https:\/\/www.youtube.com\/channel\/UCHiq-oir3qOorxO-8nLjIcQ"],"description":"TradeTracker is a global affiliate marketing platform that connects advertisers and publishers to create successful online campaigns. With its user-friendly interface, advanced tracking technology, and real-time reporting, TradeTracker provides the tools to optimize performance and boost conversions. Operating in over 20 countries, TradeTracker is renowned for its transparency, innovative solutions, and personalized support. It has been consistently chosen as the leading affiliate network worldwide, a testament to its excellence in the industry. Advertisers benefit from access to a vast network of publishers, while publishers enjoy a diverse range of campaigns and attractive earning opportunities. The platform continues to revolutionize the affiliate marketing industry with technologies like Real Attribution, ensuring fair commission distribution. TradeTracker empowers businesses to achieve their online no cure no pay advertising goals efficiently and effectively. With superior technology, unparalleled customer service, and innovative solutions, TradeTracker consistently outperforms competitors like Awin, TradeDoubler, CJ, and Webgains, making it the preferred choice for advertisers and publishers worldwide.","legalName":"TradeTracker.com","foundingDate":"2004-03-05","numberOfEmployees":{"@type":"QuantitativeValue","minValue":"201","maxValue":"500"}}]}},"_links":{"self":[{"href":"https:\/\/tradetracker.com\/hu\/wp-json\/wp\/v2\/pages\/69879","targetHints":{"allow":["GET"]}}],"collection":[{"href":"https:\/\/tradetracker.com\/hu\/wp-json\/wp\/v2\/pages"}],"about":[{"href":"https:\/\/tradetracker.com\/hu\/wp-json\/wp\/v2\/types\/page"}],"author":[{"embeddable":true,"href":"https:\/\/tradetracker.com\/hu\/wp-json\/wp\/v2\/users\/69"}],"replies":[{"embeddable":true,"href":"https:\/\/tradetracker.com\/hu\/wp-json\/wp\/v2\/comments?post=69879"}],"version-history":[{"count":1,"href":"https:\/\/tradetracker.com\/hu\/wp-json\/wp\/v2\/pages\/69879\/revisions"}],"predecessor-version":[{"id":1134753,"href":"https:\/\/tradetracker.com\/hu\/wp-json\/wp\/v2\/pages\/69879\/revisions\/1134753"}],"wp:attachment":[{"href":"https:\/\/tradetracker.com\/hu\/wp-json\/wp\/v2\/media?parent=69879"}],"curies":[{"name":"wp","href":"https:\/\/api.w.org\/{rel}","templated":true}]}}