{"id":69889,"date":"2016-12-12T11:52:36","date_gmt":"2016-12-12T11:52:36","guid":{"rendered":"https:\/\/tradetracker.com\/shopping\/"},"modified":"2020-12-17T11:21:32","modified_gmt":"2020-12-17T11:21:32","slug":"shopping","status":"publish","type":"page","link":"https:\/\/tradetracker.com\/hu\/advertisers\/shopping\/","title":{"rendered":"Shopping"},"content":{"rendered":"<div class=\"wpb-content-wrapper\"><p>[vc_row css=&#8221;.vc_custom_1607985093685{background-color: #f79737 !important;}&#8221; classes=&#8221;tt-single-industry tt-shopping&#8221;][vc_column]<div class=\"row\"><div class=\"vc_col-sm-12\"><div class=\" static-page-intro-text \" style=\"width: 75%\"><h1  style=\"color: #ffffff\" class=\"\">V\u00e1s\u00e1rl\u00e1s<\/h1><h2  style=\"color: #ffffff\" class=\"\">A megfelel\u0151 kiad\u00f3 \u00e9s hirdet\u0151 egy\u00fcttm\u0171k\u00f6d\u00e9se lehet\u0151v\u00e9 teszi, hogy a v\u00e1s\u00e1rl\u00f3knak olyan term\u00e9ket k\u00edn\u00e1ljunk, amire val\u00f3ban v\u00e1gynak, \u00e9s ez a leghat\u00e9konyabb m\u00f3dja az elad\u00e1sok n\u00f6vel\u00e9s\u00e9nek is. De \u00fcgyf\u00e9lkapcsolati csapatunk nem csak ebben seg\u00edt, hiszen mindent tudnak az online v\u00e1s\u00e1rl\u00e1s vil\u00e1g\u00e1r\u00f3l, \u00e9s k\u00e9szs\u00e9ggel seg\u00edtenek m\u00e9g jobban a c\u00e9lk\u00f6z\u00f6ns\u00e9g\u00e9hez igaztani kamp\u00e1ny\u00e1t.<\/h2><\/div>\r\n        <\/div>\r\n    <\/div>[\/vc_column][\/vc_row][vc_row][vc_column]<div class=\"row tt-industries-page\"><div class='vc_col-sm-3' id='sidebar'><h4 class=\"lined-section\">Industries<\/h4><div class=\"widget_nav_menu\"><ul class=\"menu\"><li><a class=\"industries-back\" href=\"https:\/\/tradetracker.com\/hu\/#section-industries\/\">\u2190 Back to Industry Home<\/a><\/li><li><a href='https:\/\/tradetracker.com\/hu\/advertisers\/finance\/' class=''>P\u00e9nz\u00fcgy<\/a><\/li><li><a href='https:\/\/tradetracker.com\/hu\/advertisers\/shopping\/' class='active'>V\u00e1s\u00e1rl\u00e1s<\/a><\/li><li><a href='https:\/\/tradetracker.com\/hu\/advertisers\/telecom\/' class=''>Telekommunik\u00e1ci\u00f3<\/a><\/li><li><a href='https:\/\/tradetracker.com\/hu\/advertisers\/services\/' class=''>Szolg\u00e1ltat\u00e1s<\/a><\/li><li><a href='https:\/\/tradetracker.com\/hu\/advertisers\/travel\/' class=''>Utaz\u00e1s<\/a><\/li><\/ul><\/div>\r\n    <\/div><div class=\"vc_col-sm-9\">\r\n                <div class=\"vc_col-sm-12\">\r\n                    <ul class=\"industry-list shopping\"><li><h2>Aj\u00e1nd\u00e9kok \u00e9s k\u00fcty\u00fck<\/h2><p>Egy kedves kis meglepet\u00e9s mindig j\u00f3 ponthoz vezet, partnereink k\u00edn\u00e1lat\u00e1ban pedig v\u00e1s\u00e1rl\u00f3i biztosan r\u00e1tal\u00e1lnak a legmegfelel\u0151bb aj\u00e1nd\u00e9kra, amivel mosolyt csalhatnak a m\u00e1sik arc\u00e1ra.<\/p><\/li><li><h2>\u00c1llatok<\/h2><p>N\u00e9gyl\u00e1b\u00fa kedvencek, v\u00edzi \u00e9l\u0151l\u00e9nyek, madarak \u00e9s az \u00e9l\u0151vil\u00e1g megannyi m\u00e1s csod\u00e1ja - \u00fcgyfeleinkn\u00e9l mindent megtal\u00e1l, \u00e9s ezt konzisztens online eredm\u00e9nyeikkel is bizony\u00edtani tudj\u00e1k!<\/p><\/li><li><h2>\u00c1ruh\u00e1zak<\/h2><p>A fizikai \u00fczlettel rendelkez\u0151 partnereink tiszt\u00e1ban vannak vele, az online vil\u00e1g mennyire fontos csatorn\u00e1ja az \u00e9rt\u00e9kes\u00edt\u00e9snek, \u00e9s annak, hogy v\u00e1s\u00e1rl\u00f3kat tudjanak csalogatni az \u00fczleteikbe.<\/p><\/li><li><h2>Aut\u00f3k, motorok \u00e9s  ker\u00e9kp\u00e1rok<\/h2><p>Ak\u00e1r \u00e1lmai aut\u00f3j\u00e1t keresi, ak\u00e1r csak szeretne eljutni A-b\u00f3l B-be, partnereinkn\u00e9l mindenki megtal\u00e1lja, amire csak sz\u00fcks\u00e9ge lehet az utakon.<\/p><\/li><li><h2>Bab\u00e1k \u00e9s gyerekek<\/h2><p>A korai \u00e9vek nagyon fontosak, \u00e9s mi olyan c\u00e9gekkel dolgozunk, akik minden sz\u00fcks\u00e9ges eszk\u00f6zt biztos\u00edtanak a sz\u00fcl\u0151k \u00e9let\u00e9nek megk\u00f6nny\u00edt\u00e9s\u00e9hez.<\/p><\/li><li><h2>Buli kell\u00e9kek<\/h2><p>\u00dcgyfeleinkn\u00e9l minden fontos kell\u00e9ket megtal\u00e1l, ami egy bulit buliv\u00e1 tesz, \u00e9s a h\u00e1zigazd\u00e1val szoros egy\u00fcttm\u0171k\u00f6d\u00e9sben biztos\u00edtj\u00e1k, hogy mindenki j\u00f3l \u00e9rezze mag\u00e1t az esem\u00e9nyen, ak\u00e1rmi iy legyen a t\u00e9ma.<\/p><\/li><li><h2>Csal\u00e1d<\/h2><p>A szeretteinkre sz\u00e1nt id\u0151 a legjobban elt\u00f6lt\u00f6tt id\u0151. Sz\u00e1mos \u00fcgyfel\u00fcnk, van aki minden fajta csal\u00e1d sz\u00e1m\u00e1ra eml\u00e9kezetes pillanatokat biztos\u00edt.<\/p><\/li><li><h2>Divat \u00e9s \u00e9kszer<\/h2><p>Kifinomult \u00edzl\u00e9s\u0171 \u00e9s halad\u00f3 szellem\u0171 st\u00edlusguruk haszn\u00e1lj\u00e1k a szolg\u00e1ltat\u00e1sunkat, hogy el\u00e9rhess\u00e9k azokat az ig\u00e9nyes v\u00e1s\u00e1rl\u00f3kat, akik az \u0151 term\u00e9keikkel szeretn\u00e9k ruhat\u00e1rukat teljess\u00e9 tenni.<\/p><\/li><li><h2>Eg\u00e9szs\u00e9g \u00e9s sz\u00e9ps\u00e9g\u00e1pol\u00e1s<\/h2><p>Platformunkon kereszt\u00fcl olyan partnereket \u00e9rhet el, akik mesterei az eg\u00e9szs\u00e9gtudatos \u00e9s megjelen\u00e9s\u00e9re ad\u00f3 k\u00f6z\u00f6ns\u00e9g v\u00e1s\u00e1rl\u00e1si szok\u00e1saink befoly\u00e1sol\u00e1s\u00e1ban.<\/p><\/li><li><h2>Egy\u00e9b<\/h2><p>A kiad\u00f3k ilyen sz\u00e9les sk\u00e1l\u00e1ja mellett neh\u00e9z lesz olyan ipar\u00e1gat tal\u00e1lnia, amit nem k\u00e9pvisel\u00fcnk. Soksz\u00edn\u0171 \u00fcgyf\u00e9lk\u00f6r\u00fcnk biztos\u00edtja, hogy helyzet\u00e9t\u0151l f\u00fcggetlen\u00fcl mindig tal\u00e1ljon egy sor olyan partnert, akivel \u00e9rdemes egy\u00fcttm\u0171k\u00f6dnie.<\/p><\/li><li><h2>\u00c9tel-ital<\/h2><p>Vend\u00e9gl\u00e1t\u00e1s, t\u00e1pl\u00e1l\u00e9kkieg\u00e9sz\u00edt\u0151k, \u00e9telrendel\u00e9s, bioterm\u00e9kek, alkohol, \u00e9s m\u00e9g sz\u00e1mtalan \u00ednyencfalat v\u00e1r azokra, akik partnereink szolg\u00e1ltat\u00e1sait veszik ig\u00e9nybe az emberi sz\u00fcks\u00e9gleteik lehet\u0151 leg\u00e9lvezetesebb kiel\u00e9g\u00edt\u00e9se \u00e9rdek\u00e9ben.<\/p><\/li><li><h2>Feln\u0151tt tartalom<\/h2><p>Olyan c\u00e9gek is helyet kapnak n\u00e1lunk, akik seg\u00edtenek egy kis izgalmat vinni a h\u00e1l\u00f3szob\u00e1ba, \u00e9s eljuttatjuk hirdet\u00e9seiket azoknak, akik k\u00e9nyelmesen \u00e9rzik magukat az otthoni intim k\u00f6rnyezetben.<\/p><\/li><li><h2>Haj\u00f3k \u00e9s v\u00edzi j\u00e1rm\u0171vek<\/h2><p>\u00dcgyfeleinkt\u0151l a v\u00edz szerelmesei mindent be tudnak szerezni online, ami v\u00edzi \u00e9lm\u00e9nyeiket olyan nagyszer\u0171v\u00e9 teszi, hogy mindig csak az \u00fajabb csobban\u00e1s j\u00e1r a fej\u00fckben.<\/p><\/li><li><h2>Hardver \u00e9s szoftver<\/h2><p>\u00dcgyf\u00e9lkapcsolati csapatunk szak\u00e9rt\u0151je annak, hogyan kell felkelteni az IT piac v\u00e1s\u00e1rl\u00f3inak \u00e9rdekl\u0151d\u00e9s\u00e9t.<\/p><\/li><li><h2>H\u00e1ztart\u00e1si g\u00e9pek<\/h2><p>Rengeteg embernek fontos a funkcion\u00e1lisan \u00e9s praktikusan kialak\u00edtott h\u00e1ztart\u00e1s, \u00e9s az olyan eszk\u00f6z\u00f6k, amik otthon\u00e1t val\u00f3ban k\u00e9nyelmess\u00e9 teszik. Mi \u00fagy fogjuk term\u00e9k\u00e9t k\u00edn\u00e1lni ennek a k\u00f6z\u00f6ns\u00e9gnek, mint egy ilyen otthon elengedhetetlen darabja.<\/p><\/li><li><h2>Hobbi \u00e9s szabad id\u0151<\/h2><p>Ember aki szenved\u00e9lyesen ki\u00e1ll amellett amit igaz\u00e1n \u00e9lvez. A h\u00e1l\u00f3zatunkkal nem neh\u00e9z felkelteni a figyelm\u00e9t \u00e9s b\u00e1tor\u00edtani, hogy adja hozz\u00e1 a k\u00e9pess\u00e9g\u00e9t \u00e9s n\u00f6velje az \u00e9lvezet\u00e9t.<\/p><\/li><li><h2>Iroda<\/h2><p>H\u00e1l\u00f3zatunk sz\u00e1mos olyan hat\u00e9kony egy\u00fcttm\u0171k\u00f6d\u00e9snek ad otthont, ami a profi munkak\u00f6rnyezet kialak\u00edt\u00e1s\u00e1hoz, \u00e9s lehet\u0151 leghat\u00e9konyabb m\u0171k\u00f6d\u00e9s\u00e9hez sz\u00fcks\u00e9ges term\u00e9keket \u00e9s szolg\u00e1ltat\u00e1sokat k\u00edn\u00e1lja a v\u00e1s\u00e1rl\u00f3knak.<\/p><\/li><li><h2>J\u00e1t\u00e9kok<\/h2><p>Nincs sok csod\u00e1latosabb dolog mint egy mosoly a gyermeke arc\u00e1n, \u00e9s ezt a mosolyt \u00e1ltal\u00e1ban a j\u00e1t\u00e9kokkal el\u0151 lehet csalogatni. Szoftver\u00fcnk seg\u00edts\u00e9g\u00e9vel olyan webhelyeken hirdethet, ahol garant\u00e1ltan megkapja a figyelmet, amire v\u00e1gyik.<\/p><\/li><li><h2>J\u00e1t\u00e9kok \u00e9s sz\u00f3rakoz\u00e1s<\/h2><p>Sz\u00e1mos v\u00e1llalkoz\u00e1ssal b\u00fcszk\u00e9lkedhet\u00fcnk sorainkban, amiknek a term\u00e9keivel \u00fcgyfelei pr\u00f3b\u00e1ra tehetik magukat, vagy m\u00e1sokkal is \u00f6sszem\u00e9rhetik \u00fcgyess\u00e9g\u00fcket egy felpezsd\u00edt\u0151, kellemes \u00e9lm\u00e9ny keret\u00e9ben.<\/p><\/li><li><h2>K\u00f6nyvek, h\u00edrlapok \u00e9s magazinok<\/h2><p>A v\u00e9gtelen k\u00f6nyvt\u00e1r: online partnereink minden irodalmi m\u0171vel \u00e9s \u00fajs\u00e1ggal rendelkeznek, amit csak el tud k\u00e9pzelni, \u00e9s folyamatosan az\u00e9rt dolgoznak, hogy \u00e9letre kelts\u00e9k fant\u00e1zi\u00e1nkat, \u00e9s seg\u00edtsenek naprak\u00e9szek, t\u00e1j\u00e9kozottak maradni.<\/p><\/li><li><h2>M\u0171v\u00e9szet \u00e9s \u00e9letm\u00f3d<\/h2><p>Az eszt\u00e9tika itt \u00f6sszegy\u0171jt\u00f6tt nagymesterei m\u00e9g a legunalmasabb sarokb\u00f3l is szemet gy\u00f6ny\u00f6rk\u00f6dtet\u0151 m\u0171alkot\u00e1st tudnak var\u00e1zsolni.<\/p><\/li><li><h2>Napi akci\u00f3k \u00e9s csoportos aj\u00e1nlatok<\/h2><p>Partnereinkn\u00e9l az internet legjobb aj\u00e1nlatai k\u00f6z\u00fcl lehet v\u00e1logatni, \u00edgy l\u00e1togat\u00f3i korrekt \u00e1ron v\u00e1s\u00e1rolhatnak \u00e9s sz\u00f3rakozhatnak.<\/p><\/li><li><h2>Otthon \u00e9s Kert<\/h2><p>Lehet\u0151s\u00e9get teremt\u00fcnk v\u00e1s\u00e1rl\u00f3ninak egy olyan \u00e9lett\u00e9r kialak\u00edt\u00e1s\u00e1ra, ami \u00e9ppoly kellemes bel\u00fcl, mint k\u00edv\u00fcl. \u00d6nnek ehhez nem kell m\u00e1st tennie, mint kihangs\u00falyozni term\u00e9kei val\u00f3di el\u0151nyeit, \u00e9s kapcsolatba l\u00e9pni egy olyan partnerrel, aki ismeri a c\u00e9lk\u00f6z\u00f6ns\u00e9ge motiv\u00e1ci\u00f3t.<\/p><\/li><li><h2>Zene \u00e9s vide\u00f3<\/h2><p>M\u00e9diaszolg\u00e1ltat\u00f3k\u00e9nt is nyugodtan t\u00e1maszkodjon r\u00e1nk k\u00f6z\u00f6ns\u00e9ge el\u00e9r\u00e9se \u00e9rdek\u00e9ben, csapatunk szorosan nyomon k\u00f6veti a legfrissebb trendeket, \u00e9s biztos\u00edtja, hogy online hirdet\u00e9sei kiemelkedjenek a t\u00f6megb\u0151l.<\/p><\/li><\/ul><\/div><\/div><\/div>[\/vc_column][\/vc_row]<\/p>\n<\/div>","protected":false},"excerpt":{"rendered":"<p>[vc_row css=&#8221;.vc_custom_1607985093685{background-color: #f79737 !important;}&#8221; classes=&#8221;tt-single-industry tt-shopping&#8221;][vc_column][\/vc_column][\/vc_row][vc_row][vc_column][\/vc_column][\/vc_row]<\/p>\n","protected":false},"author":69,"featured_media":0,"parent":69899,"menu_order":0,"comment_status":"closed","ping_status":"closed","template":"","meta":{"inline_featured_image":false,"_monsterinsights_skip_tracking":false,"_monsterinsights_sitenote_active":false,"_monsterinsights_sitenote_note":"","_monsterinsights_sitenote_category":0,"footnotes":""},"class_list":["post-69889","page","type-page","status-publish","hentry"],"yoast_head":"<!-- This site is optimized with the Yoast SEO Premium plugin v27.0 (Yoast SEO v27.0) - https:\/\/yoast.com\/product\/yoast-seo-premium-wordpress\/ -->\n<title>Shopping | Affiliate Marketing | TradeTracker<\/title>\n<meta name=\"description\" content=\"Segments of the shopping industry who use our affiliate marketing network for their online advertising.\" \/>\n<meta name=\"robots\" content=\"index, follow, max-snippet:-1, max-image-preview:large, max-video-preview:-1\" \/>\n<link rel=\"canonical\" href=\"https:\/\/tradetracker.com\/hu\/wp-json\/wp\/v2\/pages\/69889\/\" \/>\n<meta property=\"og:locale\" content=\"hu_HU\" \/>\n<meta property=\"og:type\" content=\"article\" \/>\n<meta property=\"og:title\" content=\"Shopping\" \/>\n<meta property=\"og:description\" content=\"Segments of the shopping industry who use our affiliate marketing network for their online advertising.\" \/>\n<meta property=\"og:url\" content=\"https:\/\/tradetracker.com\/hu\/advertisers\/shopping\/\" \/>\n<meta property=\"og:site_name\" content=\"TradeTracker.com | Affiliate Marketing | Performance Marketing\" \/>\n<meta property=\"article:publisher\" content=\"https:\/\/www.facebook.com\/tradetrackercom\" \/>\n<meta property=\"article:modified_time\" content=\"2020-12-17T11:21:32+00:00\" \/>\n<meta property=\"og:image\" content=\"https:\/\/tradetracker.com\/wp-content\/uploads\/2019\/12\/tradetracker-logo-square.png\" \/>\n\t<meta property=\"og:image:width\" content=\"250\" \/>\n\t<meta property=\"og:image:height\" content=\"250\" \/>\n\t<meta property=\"og:image:type\" content=\"image\/png\" \/>\n<meta name=\"twitter:card\" content=\"summary_large_image\" \/>\n<meta name=\"twitter:site\" content=\"@tradetrackercom\" \/>\n<meta name=\"twitter:label1\" content=\"Est. reading time\" \/>\n\t<meta name=\"twitter:data1\" content=\"1 minute\" \/>\n<script type=\"application\/ld+json\" class=\"yoast-schema-graph\">{\"@context\":\"https:\/\/schema.org\",\"@graph\":[{\"@type\":\"WebPage\",\"@id\":\"https:\/\/tradetracker.com\/hu\/advertisers\/shopping\/\",\"url\":\"https:\/\/tradetracker.com\/hu\/advertisers\/shopping\/\",\"name\":\"Shopping | Affiliate Marketing | TradeTracker\",\"isPartOf\":{\"@id\":\"https:\/\/tradetracker.com\/hu\/#website\"},\"datePublished\":\"2016-12-12T11:52:36+00:00\",\"dateModified\":\"2020-12-17T11:21:32+00:00\",\"description\":\"Segments of the shopping industry who use our affiliate marketing network for their online advertising.\",\"breadcrumb\":{\"@id\":\"https:\/\/tradetracker.com\/hu\/advertisers\/shopping\/#breadcrumb\"},\"inLanguage\":\"hu-HU\",\"potentialAction\":[{\"@type\":\"ReadAction\",\"target\":[\"https:\/\/tradetracker.com\/hu\/advertisers\/shopping\/\"]}]},{\"@type\":\"BreadcrumbList\",\"@id\":\"https:\/\/tradetracker.com\/hu\/advertisers\/shopping\/#breadcrumb\",\"itemListElement\":[{\"@type\":\"ListItem\",\"position\":1,\"name\":\"Home\",\"item\":\"https:\/\/tradetracker.com\/hu\/\"},{\"@type\":\"ListItem\",\"position\":2,\"name\":\"Advertisers\",\"item\":\"https:\/\/tradetracker.com\/hu\/advertisers\/\"},{\"@type\":\"ListItem\",\"position\":3,\"name\":\"Shopping\"}]},{\"@type\":\"WebSite\",\"@id\":\"https:\/\/tradetracker.com\/hu\/#website\",\"url\":\"https:\/\/tradetracker.com\/hu\/\",\"name\":\"TradeTracker.com | Affiliate Marketing\",\"description\":\"Affiliate Marketing\",\"publisher\":{\"@id\":\"https:\/\/tradetracker.com\/hu\/#organization\"},\"potentialAction\":[{\"@type\":\"SearchAction\",\"target\":{\"@type\":\"EntryPoint\",\"urlTemplate\":\"https:\/\/tradetracker.com\/hu\/?s={search_term_string}\"},\"query-input\":{\"@type\":\"PropertyValueSpecification\",\"valueRequired\":true,\"valueName\":\"search_term_string\"}}],\"inLanguage\":\"hu-HU\"},{\"@type\":\"Organization\",\"@id\":\"https:\/\/tradetracker.com\/hu\/#organization\",\"name\":\"TradeTracker FZ LLC\",\"url\":\"https:\/\/tradetracker.com\/hu\/\",\"logo\":{\"@type\":\"ImageObject\",\"inLanguage\":\"hu-HU\",\"@id\":\"https:\/\/tradetracker.com\/hu\/#\/schema\/logo\/image\/\",\"url\":\"https:\/\/tradetracker.com\/wp-content\/uploads\/2019\/04\/tradetracker-logo_1.jpg\",\"contentUrl\":\"https:\/\/tradetracker.com\/wp-content\/uploads\/2019\/04\/tradetracker-logo_1.jpg\",\"width\":672,\"height\":109,\"caption\":\"TradeTracker FZ LLC\"},\"image\":{\"@id\":\"https:\/\/tradetracker.com\/hu\/#\/schema\/logo\/image\/\"},\"sameAs\":[\"https:\/\/www.facebook.com\/tradetrackercom\",\"https:\/\/x.com\/tradetrackercom\",\"https:\/\/www.linkedin.com\/company\/tradetrackercom\",\"https:\/\/www.youtube.com\/channel\/UCHiq-oir3qOorxO-8nLjIcQ\"],\"description\":\"TradeTracker is a global affiliate marketing platform that connects advertisers and publishers to create successful online campaigns. With its user-friendly interface, advanced tracking technology, and real-time reporting, TradeTracker provides the tools to optimize performance and boost conversions. Operating in over 20 countries, TradeTracker is renowned for its transparency, innovative solutions, and personalized support. It has been consistently chosen as the leading affiliate network worldwide, a testament to its excellence in the industry. Advertisers benefit from access to a vast network of publishers, while publishers enjoy a diverse range of campaigns and attractive earning opportunities. The platform continues to revolutionize the affiliate marketing industry with technologies like Real Attribution, ensuring fair commission distribution. TradeTracker empowers businesses to achieve their online no cure no pay advertising goals efficiently and effectively. With superior technology, unparalleled customer service, and innovative solutions, TradeTracker consistently outperforms competitors like Awin, TradeDoubler, CJ, and Webgains, making it the preferred choice for advertisers and publishers worldwide.\",\"legalName\":\"TradeTracker.com\",\"foundingDate\":\"2004-03-05\",\"numberOfEmployees\":{\"@type\":\"QuantitativeValue\",\"minValue\":\"201\",\"maxValue\":\"500\"}}]}<\/script>\n<!-- \/ Yoast SEO Premium plugin. -->","yoast_head_json":{"title":"Shopping | Affiliate Marketing | TradeTracker","description":"Segments of the shopping industry who use our affiliate marketing network for their online advertising.","robots":{"index":"index","follow":"follow","max-snippet":"max-snippet:-1","max-image-preview":"max-image-preview:large","max-video-preview":"max-video-preview:-1"},"canonical":"https:\/\/tradetracker.com\/hu\/wp-json\/wp\/v2\/pages\/69889\/","og_locale":"hu_HU","og_type":"article","og_title":"Shopping","og_description":"Segments of the shopping industry who use our affiliate marketing network for their online advertising.","og_url":"https:\/\/tradetracker.com\/hu\/advertisers\/shopping\/","og_site_name":"TradeTracker.com | Affiliate Marketing | Performance Marketing","article_publisher":"https:\/\/www.facebook.com\/tradetrackercom","article_modified_time":"2020-12-17T11:21:32+00:00","og_image":[{"width":250,"height":250,"url":"https:\/\/tradetracker.com\/wp-content\/uploads\/2019\/12\/tradetracker-logo-square.png","type":"image\/png"}],"twitter_card":"summary_large_image","twitter_site":"@tradetrackercom","twitter_misc":{"Est. reading time":"1 minute"},"schema":{"@context":"https:\/\/schema.org","@graph":[{"@type":"WebPage","@id":"https:\/\/tradetracker.com\/hu\/advertisers\/shopping\/","url":"https:\/\/tradetracker.com\/hu\/advertisers\/shopping\/","name":"Shopping | Affiliate Marketing | TradeTracker","isPartOf":{"@id":"https:\/\/tradetracker.com\/hu\/#website"},"datePublished":"2016-12-12T11:52:36+00:00","dateModified":"2020-12-17T11:21:32+00:00","description":"Segments of the shopping industry who use our affiliate marketing network for their online advertising.","breadcrumb":{"@id":"https:\/\/tradetracker.com\/hu\/advertisers\/shopping\/#breadcrumb"},"inLanguage":"hu-HU","potentialAction":[{"@type":"ReadAction","target":["https:\/\/tradetracker.com\/hu\/advertisers\/shopping\/"]}]},{"@type":"BreadcrumbList","@id":"https:\/\/tradetracker.com\/hu\/advertisers\/shopping\/#breadcrumb","itemListElement":[{"@type":"ListItem","position":1,"name":"Home","item":"https:\/\/tradetracker.com\/hu\/"},{"@type":"ListItem","position":2,"name":"Advertisers","item":"https:\/\/tradetracker.com\/hu\/advertisers\/"},{"@type":"ListItem","position":3,"name":"Shopping"}]},{"@type":"WebSite","@id":"https:\/\/tradetracker.com\/hu\/#website","url":"https:\/\/tradetracker.com\/hu\/","name":"TradeTracker.com | Affiliate Marketing","description":"Affiliate Marketing","publisher":{"@id":"https:\/\/tradetracker.com\/hu\/#organization"},"potentialAction":[{"@type":"SearchAction","target":{"@type":"EntryPoint","urlTemplate":"https:\/\/tradetracker.com\/hu\/?s={search_term_string}"},"query-input":{"@type":"PropertyValueSpecification","valueRequired":true,"valueName":"search_term_string"}}],"inLanguage":"hu-HU"},{"@type":"Organization","@id":"https:\/\/tradetracker.com\/hu\/#organization","name":"TradeTracker FZ LLC","url":"https:\/\/tradetracker.com\/hu\/","logo":{"@type":"ImageObject","inLanguage":"hu-HU","@id":"https:\/\/tradetracker.com\/hu\/#\/schema\/logo\/image\/","url":"https:\/\/tradetracker.com\/wp-content\/uploads\/2019\/04\/tradetracker-logo_1.jpg","contentUrl":"https:\/\/tradetracker.com\/wp-content\/uploads\/2019\/04\/tradetracker-logo_1.jpg","width":672,"height":109,"caption":"TradeTracker FZ LLC"},"image":{"@id":"https:\/\/tradetracker.com\/hu\/#\/schema\/logo\/image\/"},"sameAs":["https:\/\/www.facebook.com\/tradetrackercom","https:\/\/x.com\/tradetrackercom","https:\/\/www.linkedin.com\/company\/tradetrackercom","https:\/\/www.youtube.com\/channel\/UCHiq-oir3qOorxO-8nLjIcQ"],"description":"TradeTracker is a global affiliate marketing platform that connects advertisers and publishers to create successful online campaigns. With its user-friendly interface, advanced tracking technology, and real-time reporting, TradeTracker provides the tools to optimize performance and boost conversions. Operating in over 20 countries, TradeTracker is renowned for its transparency, innovative solutions, and personalized support. It has been consistently chosen as the leading affiliate network worldwide, a testament to its excellence in the industry. Advertisers benefit from access to a vast network of publishers, while publishers enjoy a diverse range of campaigns and attractive earning opportunities. The platform continues to revolutionize the affiliate marketing industry with technologies like Real Attribution, ensuring fair commission distribution. TradeTracker empowers businesses to achieve their online no cure no pay advertising goals efficiently and effectively. With superior technology, unparalleled customer service, and innovative solutions, TradeTracker consistently outperforms competitors like Awin, TradeDoubler, CJ, and Webgains, making it the preferred choice for advertisers and publishers worldwide.","legalName":"TradeTracker.com","foundingDate":"2004-03-05","numberOfEmployees":{"@type":"QuantitativeValue","minValue":"201","maxValue":"500"}}]}},"_links":{"self":[{"href":"https:\/\/tradetracker.com\/hu\/wp-json\/wp\/v2\/pages\/69889","targetHints":{"allow":["GET"]}}],"collection":[{"href":"https:\/\/tradetracker.com\/hu\/wp-json\/wp\/v2\/pages"}],"about":[{"href":"https:\/\/tradetracker.com\/hu\/wp-json\/wp\/v2\/types\/page"}],"author":[{"embeddable":true,"href":"https:\/\/tradetracker.com\/hu\/wp-json\/wp\/v2\/users\/69"}],"replies":[{"embeddable":true,"href":"https:\/\/tradetracker.com\/hu\/wp-json\/wp\/v2\/comments?post=69889"}],"version-history":[{"count":0,"href":"https:\/\/tradetracker.com\/hu\/wp-json\/wp\/v2\/pages\/69889\/revisions"}],"up":[{"embeddable":true,"href":"https:\/\/tradetracker.com\/hu\/wp-json\/wp\/v2\/pages\/69899"}],"wp:attachment":[{"href":"https:\/\/tradetracker.com\/hu\/wp-json\/wp\/v2\/media?parent=69889"}],"curies":[{"name":"wp","href":"https:\/\/api.w.org\/{rel}","templated":true}]}}