{"id":69890,"date":"2016-12-08T09:57:44","date_gmt":"2016-12-08T09:57:44","guid":{"rendered":"https:\/\/tradetracker.com\/travel\/"},"modified":"2020-12-17T11:48:16","modified_gmt":"2020-12-17T11:48:16","slug":"travel","status":"publish","type":"page","link":"https:\/\/tradetracker.com\/hu\/advertisers\/travel\/","title":{"rendered":"Travel"},"content":{"rendered":"<div class=\"wpb-content-wrapper\"><p>[vc_row row_height=&#8221;275&#8243; css=&#8221;.vc_custom_1607985435868{background-color: #498ecb !important;}&#8221; classes=&#8221;tt-single-industry tt-travel&#8221;][vc_column]<div class=\"row\"><div class=\"vc_col-sm-12\"><div class=\" static-page-intro-text \" style=\"width: 76%\"><h1  style=\"color: #ffffff\" class=\"\">Utaz\u00e1s<\/h1><\/div>\r\n        <\/div>\r\n    <\/div>[\/vc_column][\/vc_row][vc_row][vc_column]<div class=\"row tt-industries-page\"><div class='vc_col-sm-3' id='sidebar'><h4 class=\"lined-section\">Ipar\u00e1gak<\/h4><div class=\"widget_nav_menu\"><ul class=\"menu\"><li><a class=\"industries-back\" href=\"https:\/\/tradetracker.com\/hu\/#section-industries\/\">\u2190 Back to Industry Home<\/a><\/li><li><a href='https:\/\/tradetracker.com\/hu\/advertisers\/finance\/' class=''>P\u00e9nz\u00fcgy<\/a><\/li><li><a href='https:\/\/tradetracker.com\/hu\/advertisers\/shopping\/' class=''>V\u00e1s\u00e1rl\u00e1s<\/a><\/li><li><a href='https:\/\/tradetracker.com\/hu\/advertisers\/telecom\/' class=''>Telekommunik\u00e1ci\u00f3<\/a><\/li><li><a href='https:\/\/tradetracker.com\/hu\/advertisers\/services\/' class=''>Szolg\u00e1ltat\u00e1s<\/a><\/li><li><a href='https:\/\/tradetracker.com\/hu\/advertisers\/travel\/' class='active'>Utaz\u00e1s<\/a><\/li><\/ul><\/div>\r\n    <\/div><div class=\"vc_col-sm-9\">\r\n                <div class=\"vc_col-sm-12\">\r\n                    <ul class=\"industry-list travel\"><li><h2>Aut\u00f3b\u00e9rl\u00e9s<\/h2><p>Nagyobb szabads\u00e1g biztos\u00edt\u00e1sa. Az aut\u00f3b\u00e9rl\u00e9s seg\u00edt az \u00fcgyfeleinek elker\u00fclni a szok\u00e1sos turistacsapd\u00e1kat, \u00e9s lehet\u0151v\u00e9 teszik, semmi se \u00e1llhasson \u00fatjukba, ha t\u00e1voli t\u00e1jakra sz\u00f3l\u00edtja \u0151ket az \u00fczlet.<\/p><\/li><li><h2>Csomagok<\/h2><p>Nem k\u00f6nny\u0171 egy idegen v\u00e1rosban, orsz\u00e1gban vagy kult\u00far\u00e1ban eligazodni, ez\u00e9rt nagyra \u00e9rt\u00e9kelj\u00fck azok munk\u00e1j\u00e1t, akik megszervezik helyett\u00fcnk a r\u00e9szleteket.<\/p><\/li><li><h2>Egynapos utak<\/h2><p>Sz\u00e1mos partner\u00fcnk van, akik eljuttatj\u00e1k \u00fcgyfeleit a legizgalmasabb esem\u00e9nyekre \u00e9s helyekre. Egyedi \u00e9lm\u00e9nyeket biztos\u00edtanak a vil\u00e1g minden t\u00e1j\u00e1n, \u00e9s olyan kalandokkal v\u00e1rj\u00e1k \u00fcgyfeleiket, amit orsz\u00e1g-vil\u00e1gnak elmes\u00e9lnek majd.<\/p><\/li><li><h2>Fiatal utaz\u00f3k<\/h2><p>Ezek a partnereink bulikkal, pihen\u00e9ssel, naps\u00fct\u00e9ssel \u00e9s \u00e9letre sz\u00f3l\u00f3 eml\u00e9kekkel teli kalandot k\u00edn\u00e1lnak a fiatalok \u00e9s l\u00e9lekben fiatalok sz\u00e1m\u00e1ra.<\/p><\/li><li><h2>Flights<\/h2><p>A vil\u00e1g vezet\u0151 l\u00e9giipari v\u00e1llalataival dolgozunk, hogy \u00fczenet\u00fcket k\u00f6nny\u0171szerrel eljuttathass\u00e1k azoknak, akik k\u00e9szen \u00e1llnak a vil\u00e1g felfedez\u00e9s\u00e9re.<\/p><\/li><li><h2>Haj\u00f3utak<\/h2><p>St\u00edlusos \u00e9s k\u00e9nyelmes utaz\u00e1s a vil\u00e1g legn\u00e9pszer\u0171bb helyeire. Az izgalom \u00e9s a nyugalom egyar\u00e1nt garant\u00e1lt tengeri utaz\u00e1si partnereinkn\u00e9l.<\/p><\/li><li><h2>Kempingek \u00e9s parkok<\/h2><p>Seg\u00edt az \u00fcgyfeleknek let\u00e9rni a kitaposott \u00f6sv\u00e9nyr\u0151l \u00e9s visszatal\u00e1lni a tiszta \u00e9s term\u00e9szetes k\u00f6rnyezetbe.<\/p><\/li><li><h2>Kontinenseken \u00e1t\u00edvel\u0151 utaz\u00e1s<\/h2><p>Azok sz\u00e1m\u00e1ra, akik egy t\u00e1voli kult\u00far\u00e1ba szeretn\u00e9k belevetni magukat. Kiterjedt h\u00e1l\u00f3zatunk a vil\u00e1g legt\u00e1volabbi cs\u00fccsk\u00e9ig is el\u00e9r, \u00edgy \u00fcgyfelei utaz\u00e1si lehet\u0151s\u00e9geinek csak a k\u00e9pzelet\u00fck szabhat hat\u00e1rt.<\/p><\/li><li><h2>T\u00e9li sportok<\/h2><p>Partnereink mindent tudnak a s\u00edel\u00e9sr\u0151l \u00e9s a s\u00edel\u0151kr\u0151l, \u00edgy azok online szok\u00e1saikhoz igaz\u00edtva k\u00edn\u00e1lj\u00e1k nekik a sz\u00e1mukra legvonz\u00f3bb s\u00edel\u00e9si lehet\u0151s\u00e9geket.<\/p><\/li><li><h2>\u00dcd\u00fcl\u0151k, apartmanok<\/h2><p>Akik gondoskodnak r\u00f3la, hogy b\u00e1rhol otthon \u00e9rezz\u00fck magunk a vil\u00e1gban. Sokf\u00e9le sz\u00e1ll\u00e1sad\u00f3nak tessz\u00fck lehet\u0151v\u00e9, hogy el\u00e9rje c\u00e9lk\u00f6z\u00f6ns\u00e9g\u00e9t<\/p><\/li><li><h2>Utaz\u00e1si term\u00e9kek<\/h2><p>Hogy az utaz\u00e1s siker\u00e9t a legapr\u00f3bb r\u00e9szletekig biztos\u00edts\u00e1k, \u00fcgyfeleink sz\u00e1mos elengedhetetlen utaz\u00e1si cikket tartanak k\u00e9szleten v\u00e1s\u00e1rl\u00f3ik sz\u00e1m\u00e1ra.<\/p><\/li><\/ul><\/div><\/div><\/div>[\/vc_column][\/vc_row]<\/p>\n<\/div>","protected":false},"excerpt":{"rendered":"<p>[vc_row row_height=&#8221;275&#8243; css=&#8221;.vc_custom_1607985435868{background-color: #498ecb !important;}&#8221; classes=&#8221;tt-single-industry tt-travel&#8221;][vc_column][\/vc_column][\/vc_row][vc_row][vc_column][\/vc_column][\/vc_row]<\/p>\n","protected":false},"author":69,"featured_media":0,"parent":69899,"menu_order":0,"comment_status":"closed","ping_status":"closed","template":"","meta":{"inline_featured_image":false,"_monsterinsights_skip_tracking":false,"_monsterinsights_sitenote_active":false,"_monsterinsights_sitenote_note":"","_monsterinsights_sitenote_category":0,"footnotes":""},"class_list":["post-69890","page","type-page","status-publish","hentry"],"yoast_head":"<!-- This site is optimized with the Yoast SEO Premium plugin v27.0 (Yoast SEO v27.0) - https:\/\/yoast.com\/product\/yoast-seo-premium-wordpress\/ -->\n<title>Travel | Affiliate Marketing | TradeTracker<\/title>\n<meta name=\"description\" content=\"Segments of the travel industry who use our affiliate marketing network for their online advertising.\" \/>\n<meta name=\"robots\" content=\"index, follow, max-snippet:-1, max-image-preview:large, max-video-preview:-1\" \/>\n<link rel=\"canonical\" href=\"https:\/\/tradetracker.com\/hu\/wp-json\/wp\/v2\/pages\/69890\/\" \/>\n<meta property=\"og:locale\" content=\"hu_HU\" \/>\n<meta property=\"og:type\" content=\"article\" \/>\n<meta property=\"og:title\" content=\"Travel\" \/>\n<meta property=\"og:description\" content=\"Segments of the travel industry who use our affiliate marketing network for their online advertising.\" \/>\n<meta property=\"og:url\" content=\"https:\/\/tradetracker.com\/hu\/advertisers\/travel\/\" \/>\n<meta property=\"og:site_name\" content=\"TradeTracker.com | Affiliate Marketing | Performance Marketing\" \/>\n<meta property=\"article:publisher\" content=\"https:\/\/www.facebook.com\/tradetrackercom\" \/>\n<meta property=\"article:modified_time\" content=\"2020-12-17T11:48:16+00:00\" \/>\n<meta property=\"og:image\" content=\"https:\/\/tradetracker.com\/wp-content\/uploads\/2019\/12\/tradetracker-logo-square.png\" \/>\n\t<meta property=\"og:image:width\" content=\"250\" \/>\n\t<meta property=\"og:image:height\" content=\"250\" \/>\n\t<meta property=\"og:image:type\" content=\"image\/png\" \/>\n<meta name=\"twitter:card\" content=\"summary_large_image\" \/>\n<meta name=\"twitter:site\" content=\"@tradetrackercom\" \/>\n<script type=\"application\/ld+json\" class=\"yoast-schema-graph\">{\"@context\":\"https:\/\/schema.org\",\"@graph\":[{\"@type\":\"WebPage\",\"@id\":\"https:\/\/tradetracker.com\/hu\/advertisers\/travel\/\",\"url\":\"https:\/\/tradetracker.com\/hu\/advertisers\/travel\/\",\"name\":\"Travel | Affiliate Marketing | TradeTracker\",\"isPartOf\":{\"@id\":\"https:\/\/tradetracker.com\/hu\/#website\"},\"datePublished\":\"2016-12-08T09:57:44+00:00\",\"dateModified\":\"2020-12-17T11:48:16+00:00\",\"description\":\"Segments of the travel industry who use our affiliate marketing network for their online advertising.\",\"breadcrumb\":{\"@id\":\"https:\/\/tradetracker.com\/hu\/advertisers\/travel\/#breadcrumb\"},\"inLanguage\":\"hu-HU\",\"potentialAction\":[{\"@type\":\"ReadAction\",\"target\":[\"https:\/\/tradetracker.com\/hu\/advertisers\/travel\/\"]}]},{\"@type\":\"BreadcrumbList\",\"@id\":\"https:\/\/tradetracker.com\/hu\/advertisers\/travel\/#breadcrumb\",\"itemListElement\":[{\"@type\":\"ListItem\",\"position\":1,\"name\":\"Home\",\"item\":\"https:\/\/tradetracker.com\/hu\/\"},{\"@type\":\"ListItem\",\"position\":2,\"name\":\"Advertisers\",\"item\":\"https:\/\/tradetracker.com\/hu\/advertisers\/\"},{\"@type\":\"ListItem\",\"position\":3,\"name\":\"Travel\"}]},{\"@type\":\"WebSite\",\"@id\":\"https:\/\/tradetracker.com\/hu\/#website\",\"url\":\"https:\/\/tradetracker.com\/hu\/\",\"name\":\"TradeTracker.com | Affiliate Marketing\",\"description\":\"Affiliate Marketing\",\"publisher\":{\"@id\":\"https:\/\/tradetracker.com\/hu\/#organization\"},\"potentialAction\":[{\"@type\":\"SearchAction\",\"target\":{\"@type\":\"EntryPoint\",\"urlTemplate\":\"https:\/\/tradetracker.com\/hu\/?s={search_term_string}\"},\"query-input\":{\"@type\":\"PropertyValueSpecification\",\"valueRequired\":true,\"valueName\":\"search_term_string\"}}],\"inLanguage\":\"hu-HU\"},{\"@type\":\"Organization\",\"@id\":\"https:\/\/tradetracker.com\/hu\/#organization\",\"name\":\"TradeTracker FZ LLC\",\"url\":\"https:\/\/tradetracker.com\/hu\/\",\"logo\":{\"@type\":\"ImageObject\",\"inLanguage\":\"hu-HU\",\"@id\":\"https:\/\/tradetracker.com\/hu\/#\/schema\/logo\/image\/\",\"url\":\"https:\/\/tradetracker.com\/wp-content\/uploads\/2019\/04\/tradetracker-logo_1.jpg\",\"contentUrl\":\"https:\/\/tradetracker.com\/wp-content\/uploads\/2019\/04\/tradetracker-logo_1.jpg\",\"width\":672,\"height\":109,\"caption\":\"TradeTracker FZ LLC\"},\"image\":{\"@id\":\"https:\/\/tradetracker.com\/hu\/#\/schema\/logo\/image\/\"},\"sameAs\":[\"https:\/\/www.facebook.com\/tradetrackercom\",\"https:\/\/x.com\/tradetrackercom\",\"https:\/\/www.linkedin.com\/company\/tradetrackercom\",\"https:\/\/www.youtube.com\/channel\/UCHiq-oir3qOorxO-8nLjIcQ\"],\"description\":\"TradeTracker is a global affiliate marketing platform that connects advertisers and publishers to create successful online campaigns. With its user-friendly interface, advanced tracking technology, and real-time reporting, TradeTracker provides the tools to optimize performance and boost conversions. Operating in over 20 countries, TradeTracker is renowned for its transparency, innovative solutions, and personalized support. It has been consistently chosen as the leading affiliate network worldwide, a testament to its excellence in the industry. Advertisers benefit from access to a vast network of publishers, while publishers enjoy a diverse range of campaigns and attractive earning opportunities. The platform continues to revolutionize the affiliate marketing industry with technologies like Real Attribution, ensuring fair commission distribution. TradeTracker empowers businesses to achieve their online no cure no pay advertising goals efficiently and effectively. With superior technology, unparalleled customer service, and innovative solutions, TradeTracker consistently outperforms competitors like Awin, TradeDoubler, CJ, and Webgains, making it the preferred choice for advertisers and publishers worldwide.\",\"legalName\":\"TradeTracker.com\",\"foundingDate\":\"2004-03-05\",\"numberOfEmployees\":{\"@type\":\"QuantitativeValue\",\"minValue\":\"201\",\"maxValue\":\"500\"}}]}<\/script>\n<!-- \/ Yoast SEO Premium plugin. -->","yoast_head_json":{"title":"Travel | Affiliate Marketing | TradeTracker","description":"Segments of the travel industry who use our affiliate marketing network for their online advertising.","robots":{"index":"index","follow":"follow","max-snippet":"max-snippet:-1","max-image-preview":"max-image-preview:large","max-video-preview":"max-video-preview:-1"},"canonical":"https:\/\/tradetracker.com\/hu\/wp-json\/wp\/v2\/pages\/69890\/","og_locale":"hu_HU","og_type":"article","og_title":"Travel","og_description":"Segments of the travel industry who use our affiliate marketing network for their online advertising.","og_url":"https:\/\/tradetracker.com\/hu\/advertisers\/travel\/","og_site_name":"TradeTracker.com | Affiliate Marketing | Performance Marketing","article_publisher":"https:\/\/www.facebook.com\/tradetrackercom","article_modified_time":"2020-12-17T11:48:16+00:00","og_image":[{"width":250,"height":250,"url":"https:\/\/tradetracker.com\/wp-content\/uploads\/2019\/12\/tradetracker-logo-square.png","type":"image\/png"}],"twitter_card":"summary_large_image","twitter_site":"@tradetrackercom","schema":{"@context":"https:\/\/schema.org","@graph":[{"@type":"WebPage","@id":"https:\/\/tradetracker.com\/hu\/advertisers\/travel\/","url":"https:\/\/tradetracker.com\/hu\/advertisers\/travel\/","name":"Travel | Affiliate Marketing | TradeTracker","isPartOf":{"@id":"https:\/\/tradetracker.com\/hu\/#website"},"datePublished":"2016-12-08T09:57:44+00:00","dateModified":"2020-12-17T11:48:16+00:00","description":"Segments of the travel industry who use our affiliate marketing network for their online advertising.","breadcrumb":{"@id":"https:\/\/tradetracker.com\/hu\/advertisers\/travel\/#breadcrumb"},"inLanguage":"hu-HU","potentialAction":[{"@type":"ReadAction","target":["https:\/\/tradetracker.com\/hu\/advertisers\/travel\/"]}]},{"@type":"BreadcrumbList","@id":"https:\/\/tradetracker.com\/hu\/advertisers\/travel\/#breadcrumb","itemListElement":[{"@type":"ListItem","position":1,"name":"Home","item":"https:\/\/tradetracker.com\/hu\/"},{"@type":"ListItem","position":2,"name":"Advertisers","item":"https:\/\/tradetracker.com\/hu\/advertisers\/"},{"@type":"ListItem","position":3,"name":"Travel"}]},{"@type":"WebSite","@id":"https:\/\/tradetracker.com\/hu\/#website","url":"https:\/\/tradetracker.com\/hu\/","name":"TradeTracker.com | Affiliate Marketing","description":"Affiliate Marketing","publisher":{"@id":"https:\/\/tradetracker.com\/hu\/#organization"},"potentialAction":[{"@type":"SearchAction","target":{"@type":"EntryPoint","urlTemplate":"https:\/\/tradetracker.com\/hu\/?s={search_term_string}"},"query-input":{"@type":"PropertyValueSpecification","valueRequired":true,"valueName":"search_term_string"}}],"inLanguage":"hu-HU"},{"@type":"Organization","@id":"https:\/\/tradetracker.com\/hu\/#organization","name":"TradeTracker FZ LLC","url":"https:\/\/tradetracker.com\/hu\/","logo":{"@type":"ImageObject","inLanguage":"hu-HU","@id":"https:\/\/tradetracker.com\/hu\/#\/schema\/logo\/image\/","url":"https:\/\/tradetracker.com\/wp-content\/uploads\/2019\/04\/tradetracker-logo_1.jpg","contentUrl":"https:\/\/tradetracker.com\/wp-content\/uploads\/2019\/04\/tradetracker-logo_1.jpg","width":672,"height":109,"caption":"TradeTracker FZ LLC"},"image":{"@id":"https:\/\/tradetracker.com\/hu\/#\/schema\/logo\/image\/"},"sameAs":["https:\/\/www.facebook.com\/tradetrackercom","https:\/\/x.com\/tradetrackercom","https:\/\/www.linkedin.com\/company\/tradetrackercom","https:\/\/www.youtube.com\/channel\/UCHiq-oir3qOorxO-8nLjIcQ"],"description":"TradeTracker is a global affiliate marketing platform that connects advertisers and publishers to create successful online campaigns. With its user-friendly interface, advanced tracking technology, and real-time reporting, TradeTracker provides the tools to optimize performance and boost conversions. Operating in over 20 countries, TradeTracker is renowned for its transparency, innovative solutions, and personalized support. It has been consistently chosen as the leading affiliate network worldwide, a testament to its excellence in the industry. Advertisers benefit from access to a vast network of publishers, while publishers enjoy a diverse range of campaigns and attractive earning opportunities. The platform continues to revolutionize the affiliate marketing industry with technologies like Real Attribution, ensuring fair commission distribution. TradeTracker empowers businesses to achieve their online no cure no pay advertising goals efficiently and effectively. With superior technology, unparalleled customer service, and innovative solutions, TradeTracker consistently outperforms competitors like Awin, TradeDoubler, CJ, and Webgains, making it the preferred choice for advertisers and publishers worldwide.","legalName":"TradeTracker.com","foundingDate":"2004-03-05","numberOfEmployees":{"@type":"QuantitativeValue","minValue":"201","maxValue":"500"}}]}},"_links":{"self":[{"href":"https:\/\/tradetracker.com\/hu\/wp-json\/wp\/v2\/pages\/69890","targetHints":{"allow":["GET"]}}],"collection":[{"href":"https:\/\/tradetracker.com\/hu\/wp-json\/wp\/v2\/pages"}],"about":[{"href":"https:\/\/tradetracker.com\/hu\/wp-json\/wp\/v2\/types\/page"}],"author":[{"embeddable":true,"href":"https:\/\/tradetracker.com\/hu\/wp-json\/wp\/v2\/users\/69"}],"replies":[{"embeddable":true,"href":"https:\/\/tradetracker.com\/hu\/wp-json\/wp\/v2\/comments?post=69890"}],"version-history":[{"count":0,"href":"https:\/\/tradetracker.com\/hu\/wp-json\/wp\/v2\/pages\/69890\/revisions"}],"up":[{"embeddable":true,"href":"https:\/\/tradetracker.com\/hu\/wp-json\/wp\/v2\/pages\/69899"}],"wp:attachment":[{"href":"https:\/\/tradetracker.com\/hu\/wp-json\/wp\/v2\/media?parent=69890"}],"curies":[{"name":"wp","href":"https:\/\/api.w.org\/{rel}","templated":true}]}}