{"id":13340,"date":"2017-02-15T06:15:31","date_gmt":"2017-02-15T06:15:31","guid":{"rendered":"https:\/\/tradetracker.com\/it\/admonitor\/"},"modified":"2025-01-09T02:50:44","modified_gmt":"2025-01-09T02:50:44","slug":"admonitor","status":"publish","type":"page","link":"https:\/\/tradetracker.com\/it\/admonitor\/","title":{"rendered":"Admonitor"},"content":{"rendered":"<div class=\"wpb-content-wrapper\"><p>[vc_row classes=&#8221;admonitor-page-detail&#8221;][vc_column]<div class=\"row\"><div class=\"vc_col-sm-12\"><div class=\"industry-page-intro-text\"><h1  class=\"\">ADMONITOR<\/h1><h2  class=\"\">I motori di ricerca sono una fonte di traffico fondamentale per qualsiasi Business online. I tuoi Marchi Registrati sono essenziali nel processo di ricerca e giocano un ruolo importante nel portare traffico al tuo sito. Tuttavia, a parte te, altri player del mercato \u2013 ad esempio i tuoi competitor, partner e rivenditori \u2013 possono provare a trarre beneficio dal tuo Brand. Al fine di proteggerti, TradeTracker ha sviluppato uno strumento che analizza l\u2019utilizzo del tuo Brand nei motori di ricerca e ne rileva utilizzi non consentiti. AdMonitor\u00ae di TradeTracker rileva tutte le violazioni e ti assicura il completo rispetto delle policy e restrizioni SEM applicate al tuo programma di affiliazione e altre campagne pubblicitarie.<\/h2><\/div>\r\n        <\/div>\r\n    <\/div><div class=\"space\"><\/div>[\/vc_column][\/vc_row][vc_row classes=&#8221;se-how bg-pattern&#8221;][vc_column width=&#8221;2\/12&#8243;][\/vc_column][vc_column width=&#8221;8\/12&#8243; el_class=&#8221;acenter&#8221;]<div class=\"space\"><\/div><header><h2 class=\" tt_composer\" >How it works<\/h2><\/header>[vc_wp_text el_class=&#8221;acenter&#8221;]<\/p>\n<p>Puoi scegliere quali parole chiave monitorare, la frequenza e i motori di ricerca. AdMonitor ha la possibilit\u00e0 di monitorare sia i motori di ricerca comuni che quelli per dispositivi Mobile. Riceverai un avviso non appena una possibile infrazione al tuo Marchio Registrato sar\u00e0 rilevata. Grazie a sofisticati algoritmi, il software ha la possibilit\u00e0 di riconoscere gli identificativi degli affiliati facenti parte di molti altri Network di Affiliazione. Il sistema \u00e8 completamente integrato con l\u2019interfaccia di TradeTracker, quindi non devi entrare in altre piattaforme. I risultati delle analisi sono mostrati nella tua dashboard e potrai approfondire ciascun risultato.<\/p>\n<p>[\/vc_wp_text][\/vc_column][vc_column width=&#8221;2\/12&#8243;][\/vc_column][\/vc_row][vc_row][vc_column][vc_single_image image=&#8221;113734&#8243; img_size=&#8221;1120&#215;604&#8243; alignment=&#8221;center&#8221;][\/vc_column][\/vc_row][vc_row classes=&#8221;se-detect&#8221;][vc_column]<div class=\"space\"><\/div><header><h2 class=\" tt_composer\" >Cosa possiamo rilevare<\/h2><\/header>[vc_row_inner el_class=&#8221;se-detect&#8221;][vc_column_inner width=&#8221;1\/2&#8243;][vc_single_image image=&#8221;113840&#8243; alignment=&#8221;center&#8221; el_class=&#8221;se-img&#8221;][vc_wp_text]<\/p>\n<h3>Dirottamento di URL \/ Testo dell\u2019annuncio<\/h3>\n<p>Identifichiamo i trasgressori che utilizzano i tuoi annunci e le tue URL, ma che prima di far atterrare gli utenti sul tuo sito li fanno passare da link di Affiliazione. Dato che questa tipologia di annunci \u00e8 molto simile ai tuoi \u00e8 particolarmente difficile identificarli senza uno strumento dedicato.<\/p>\n<p>[\/vc_wp_text]<div class=\"space\"><\/div>[\/vc_column_inner][vc_column_inner width=&#8221;1\/2&#8243;][vc_single_image image=&#8221;113822&#8243; alignment=&#8221;center&#8221; el_class=&#8221;se-img&#8221;][vc_wp_text]<\/p>\n<h3>Annunci in orari notturni<\/h3>\n<p>Identifichiamo i trasgressori che espongono i loro annunci solo in alcune fasce orarie, specialmente durante la sera, la notte e nei week-end in modo da evitare i tuoi controlli manuali.<\/p>\n<p>[\/vc_wp_text]<div class=\"space\"><\/div>[\/vc_column_inner][\/vc_row_inner][vc_row_inner el_class=&#8221;se-detect&#8221;][vc_column_inner width=&#8221;1\/2&#8243;][vc_single_image image=&#8221;113876&#8243; alignment=&#8221;center&#8221; el_class=&#8221;se-img&#8221;][vc_wp_text]<\/p>\n<h3>Geo-targeting ristretto<\/h3>\n<p>Identifichiamo i trasgressori che utilizzano le pratiche di Geo-Targeting al fine di mostrare gli annunci solo in determinate citt\u00e0\/regioni.<\/p>\n<p>[\/vc_wp_text][\/vc_column_inner][vc_column_inner width=&#8221;1\/2&#8243;][vc_single_image image=&#8221;113858&#8243; alignment=&#8221;center&#8221; el_class=&#8221;se-img&#8221;][vc_wp_text]<\/p>\n<h3>Link nascosti (Cloaking)<\/h3>\n<p>Identifichiamo i trasgressori che fanno uso improprio di tecniche per nascondere la sorgente originale del traffico.<\/p>\n<p>[\/vc_wp_text][\/vc_column_inner][\/vc_row_inner][vc_row_inner][vc_column_inner]<div class=\"space\"><\/div>[vc_wp_text]Insieme al tuo Account Manager dedicato potrai analizzare i risultati offerti dall\u2019AdMonitor e creare whitelist di affiliati o partner le cui attivit\u00e0 non devono essere segnalate\/interpretate come trasgressioni.[\/vc_wp_text]<div class=\"space\"><\/div>[\/vc_column_inner][\/vc_row_inner][\/vc_column][\/vc_row][vc_row el_id=&#8221;section-se-brands&#8221;][vc_column]<header><h2 class=\" tt_composer\" >Quali canali teniamo sotto controllo<\/h2><\/header>[vc_row_inner el_class=&#8221;se-logos&#8221;][vc_column_inner el_class=&#8221;acenter&#8221; width=&#8221;1\/4&#8243;][vc_single_image image=&#8221;113768&#8243; img_size=&#8221;full&#8221;][\/vc_column_inner][vc_column_inner el_class=&#8221;acenter&#8221; width=&#8221;1\/4&#8243;][vc_single_image image=&#8221;113786&#8243; img_size=&#8221;full&#8221;][\/vc_column_inner][vc_column_inner el_class=&#8221;acenter&#8221; width=&#8221;1\/4&#8243;][vc_single_image image=&#8221;113750&#8243; img_size=&#8221;full&#8221;][\/vc_column_inner][vc_column_inner el_class=&#8221;acenter&#8221; width=&#8221;1\/4&#8243;][vc_single_image image=&#8221;113804&#8243; img_size=&#8221;full&#8221;][\/vc_column_inner][\/vc_row_inner][\/vc_column][\/vc_row][vc_row][vc_column]<div class=\"space\"><\/div>[vc_row_inner el_class=&#8221;se-package&#8221;][vc_column_inner]<header><h2 class=\" tt_composer\" >Choose a Package to Suit<\/h2><\/header>[\/vc_column_inner][\/vc_row_inner][vc_wp_text el_class=&#8221;se-package&#8221;]<\/p>\n<p>Puoi scegliere tra tre pacchetti: Basic, Avanzato e Premium. Ciascun pacchetto contiene un determinato numero di ricerche incluse e un costo differente per ciascuna ricerca aggiuntiva. Il numero di ricerche di cui hai bisogno per ciascun mese determina il pacchetto pi\u00f9 adatto per te. Al fine di determinare il pacchetto ottimale devi decidere quante parole chiave monitorare in quali canali di ricerca. Per essere certi della qualit\u00e0 dei risultati di ricerca, la frequenza di analisi \u00e8 predeterminata e far\u00e0 scattare i controlli in un momento casuale di ciascuna ora della giornata.<\/p>\n<p><i>Ecco un esempio di calcolo del pricing:<\/i><br \/>\nParole chiave da monitorare: 10<br \/>\nMotori di ricerca: Google, Yahoo, Bing<br \/>\nFrequenza: momento casuale ogni ora (prefissato)<\/p>\n<p>Come risultato il sistema eseguir\u00e0 720 (10x3x24) ricerche ogni giorno: il pacchetto migliore per questo volume \u00e8 \u201cAvanzato\u201d. Saremo lieti di assisterti nel configurare i parametri corretti e scegliere il pacchetto corretto basandoci sulla nostra esperienza<\/p>\n<p>[\/vc_wp_text]<div class=\"space\"><\/div>[\/vc_column][\/vc_row][vc_row classes=&#8221;sec-diff&#8221;][vc_column]<header><h2 class=\" tt_composer\" >I pacchetti<\/h2><\/header>[vc_row_inner][vc_column_inner el_class=&#8221;se-pricing&#8221; width=&#8221;1\/3&#8243;]<div class=\"package admonitor-package \">\r\n            <h2>Basic<\/h2>\r\n            <p><span class=\"package-price\">\u20ac99,- AL MESE<\/span><\/p>\r\n            <p>Fino a 2.500 al mese.<\/p>\r\n            <div class=\"space-half\"><\/div><p>Costo per ricerche addizionali: \u20ac 0,05<\/p><\/div>[\/vc_column_inner][vc_column_inner el_class=&#8221;se-pricing&#8221; width=&#8221;1\/3&#8243;]<div class=\"package admonitor-package \">\r\n            <h2>Advanced<\/h2>\r\n            <p><span class=\"package-price\">\u20ac249,- AL MESE<\/span><\/p>\r\n            <p>Fino a 25.000 al mese.<\/p>\r\n            <div class=\"space-half\"><\/div><p>Costo per ricerche addizionali: \u20ac 0,03<\/p><\/div>[\/vc_column_inner][vc_column_inner el_class=&#8221;se-pricing&#8221; width=&#8221;1\/3&#8243;]<div class=\"package admonitor-package \">\r\n            <h2>Premium<\/h2>\r\n            <p><span class=\"package-price\">\u20ac499,- AL MESE<\/span><\/p>\r\n            <p>Fino a 250.000 al mese..<\/p>\r\n            <div class=\"space-half\"><\/div><p>Costo per ricerche addizionali: \u20ac 0,01<\/p><\/div>[\/vc_column_inner][\/vc_row_inner][\/vc_column][\/vc_row][vc_row classes=&#8221;cta bg-pattern&#8221; el_id=&#8221;ctaaam&#8221;][vc_column]<div class=\"row\"><div class=\"vc_col-sm-12\"><h2 class=\"get_started\" >Pronto a fare il passo successivo?<\/h2><p >Siamo una squadra di appassionati dell\u2019affiliazione, fissati con i risultati, e impegnati per rendere il mondo del marketing un posto migliore. Contattaci e scopri come possiamo rilanciare il tuo business online.<\/p><\/div><\/div><div class=\"space\"><\/div>[vc_row_inner][vc_column_inner width=&#8221;2\/12&#8243;][\/vc_column_inner][vc_column_inner width=&#8221;4\/12&#8243;][vc_btn title=&#8221;Registrati come inserzionista&#8221; style=&#8221;classic&#8221; color=&#8221;white&#8221; size=&#8221;lg&#8221; align=&#8221;center&#8221; css=&#8221;&#8221; link=&#8221;url:https%3A%2F%2Fmerchant.tradetracker.com%2Fportal%2FadvertiserBrochure%3Floc%3Dit_IT&#8221; el_class=&#8221;theme-btn btn-style-one text-center tdecn&#8221;][vc_raw_html el_class=&#8221;force-white-text&#8221;]JTNDc3BhbiUyMGNsYXNzJTNEJTIybGluay1zZXAlMjIlM0Utby0lM0MlMkZzcGFuJTNF[\/vc_raw_html]<div class=\"row\"><div class=\"vc_col-sm-12\"><p><a class=\"textlink force-white-text\" href=\"\/it\/advertisers\/\">Inserzionisti<\/a><\/p><\/div><\/div>[\/vc_column_inner][vc_column_inner width=&#8221;4\/12&#8243;][vc_btn title=&#8221;Registrati come editore&#8221; style=&#8221;classic&#8221; color=&#8221;white&#8221; size=&#8221;lg&#8221; align=&#8221;center&#8221; link=&#8221;url:https%3A%2F%2Faffiliate.tradetracker.com%2Fsignup%2Fstep1%3Floc%3Dit_IT|||&#8221; el_class=&#8221;theme-btn btn-style-one text-center tdecn&#8221;][vc_raw_html el_class=&#8221;force-white-text&#8221;]JTNDc3BhbiUyMGNsYXNzJTNEJTIybGluay1zZXAlMjIlM0Utby0lM0MlMkZzcGFuJTNF[\/vc_raw_html]<div class=\"row\"><div class=\"vc_col-sm-12\"><p><a class=\"textlink force-white-text\" href=\"\/it\/publishers\/\">Editori<\/a><\/p><\/div><\/div>[\/vc_column_inner][vc_column_inner width=&#8221;2\/12&#8243;][\/vc_column_inner][\/vc_row_inner]<div class=\"space\"><\/div>[\/vc_column][\/vc_row]<\/p>\n<\/div>","protected":false},"excerpt":{"rendered":"<p>[vc_row classes=&#8221;admonitor-page-detail&#8221;][vc_column][\/vc_column][\/vc_row][vc_row classes=&#8221;se-how bg-pattern&#8221;][vc_column width=&#8221;2\/12&#8243;][\/vc_column][vc_column width=&#8221;8\/12&#8243; el_class=&#8221;acenter&#8221;][vc_wp_text el_class=&#8221;acenter&#8221;] Puoi scegliere quali parole chiave monitorare, la frequenza e i motori di ricerca. AdMonitor ha la possibilit\u00e0 di monitorare sia i motori di ricerca comuni che quelli per dispositivi Mobile. Riceverai un avviso non appena una possibile infrazione al tuo Marchio Registrato sar\u00e0 rilevata. Grazie a sofisticati  [&#8230;]<\/p>\n","protected":false},"author":69,"featured_media":0,"parent":0,"menu_order":0,"comment_status":"closed","ping_status":"closed","template":"","meta":{"inline_featured_image":false,"_monsterinsights_skip_tracking":false,"_monsterinsights_sitenote_active":false,"_monsterinsights_sitenote_note":"","_monsterinsights_sitenote_category":0,"footnotes":""},"class_list":["post-13340","page","type-page","status-publish","hentry"],"yoast_head":"<!-- This site is optimized with the Yoast SEO Premium plugin v27.0 (Yoast SEO v27.0) - https:\/\/yoast.com\/product\/yoast-seo-premium-wordpress\/ -->\n<title>Admonitor - TradeTracker.com<\/title>\n<meta name=\"description\" content=\"ADMONITORI motori di ricerca sono una fonte di traffico fondamentale per qualsiasi Business online. I tuoi Marchi Registrati sono essenziali nel processo di ricerca e giocano un ruolo importante nel portare traffico al\" \/>\n<meta name=\"robots\" content=\"index, follow, max-snippet:-1, max-image-preview:large, max-video-preview:-1\" \/>\n<link rel=\"canonical\" href=\"https:\/\/tradetracker.com\/it\/wp-json\/wp\/v2\/pages\/13340\/\" \/>\n<meta property=\"og:locale\" content=\"it_IT\" \/>\n<meta property=\"og:type\" content=\"article\" \/>\n<meta property=\"og:title\" content=\"Admonitor TradeTracker.com\" \/>\n<meta property=\"og:description\" content=\"ADMONITORI motori di ricerca sono una fonte di traffico\" \/>\n<meta property=\"og:url\" content=\"https:\/\/tradetracker.com\/it\/admonitor\/\" \/>\n<meta property=\"og:site_name\" content=\"TradeTracker.com\" \/>\n<meta property=\"article:publisher\" content=\"https:\/\/www.facebook.com\/tradetrackercom\" \/>\n<meta property=\"article:modified_time\" content=\"2025-01-09T02:50:44+00:00\" \/>\n<meta property=\"og:image\" content=\"https:\/\/tradetracker.com\/wp-content\/uploads\/2019\/12\/tradetracker-logo-square.png\" \/>\n\t<meta property=\"og:image:width\" content=\"250\" \/>\n\t<meta property=\"og:image:height\" content=\"250\" \/>\n\t<meta property=\"og:image:type\" content=\"image\/png\" \/>\n<meta name=\"twitter:card\" content=\"summary_large_image\" \/>\n<meta name=\"twitter:title\" content=\"Admonitor\" \/>\n<meta name=\"twitter:description\" content=\"ADMONITORI motori di ricerca sono una fonte di traffico fondamentale per qualsiasi Business online. I tuoi Marchi Registrati \" \/>\n<meta name=\"twitter:image\" content=\"https:\/\/tradetracker.com\/assets\/tt-circles.png\" \/>\n<meta name=\"twitter:site\" content=\"@tradetrackercom\" \/>\n<meta name=\"twitter:label1\" content=\"Est. reading time\" \/>\n\t<meta name=\"twitter:data1\" content=\"3 minutes\" \/>\n<script type=\"application\/ld+json\" class=\"yoast-schema-graph\">{\"@context\":\"https:\/\/schema.org\",\"@graph\":[{\"@type\":\"WebPage\",\"@id\":\"https:\/\/tradetracker.com\/it\/admonitor\/\",\"url\":\"https:\/\/tradetracker.com\/it\/admonitor\/\",\"name\":\"Admonitor - TradeTracker.com\",\"isPartOf\":{\"@id\":\"https:\/\/tradetracker.com\/it\/#website\"},\"datePublished\":\"2017-02-15T06:15:31+00:00\",\"dateModified\":\"2025-01-09T02:50:44+00:00\",\"breadcrumb\":{\"@id\":\"https:\/\/tradetracker.com\/it\/admonitor\/#breadcrumb\"},\"inLanguage\":\"it-IT\",\"potentialAction\":[{\"@type\":\"ReadAction\",\"target\":[\"https:\/\/tradetracker.com\/it\/admonitor\/\"]}]},{\"@type\":\"BreadcrumbList\",\"@id\":\"https:\/\/tradetracker.com\/it\/admonitor\/#breadcrumb\",\"itemListElement\":[{\"@type\":\"ListItem\",\"position\":1,\"name\":\"Home\",\"item\":\"https:\/\/tradetracker.com\/it\/\"},{\"@type\":\"ListItem\",\"position\":2,\"name\":\"Admonitor\"}]},{\"@type\":\"WebSite\",\"@id\":\"https:\/\/tradetracker.com\/it\/#website\",\"url\":\"https:\/\/tradetracker.com\/it\/\",\"name\":\"TradeTracker.com | Affiliate Marketing\",\"description\":\"performance marketing\",\"publisher\":{\"@id\":\"https:\/\/tradetracker.com\/it\/#organization\"},\"potentialAction\":[{\"@type\":\"SearchAction\",\"target\":{\"@type\":\"EntryPoint\",\"urlTemplate\":\"https:\/\/tradetracker.com\/it\/?s={search_term_string}\"},\"query-input\":{\"@type\":\"PropertyValueSpecification\",\"valueRequired\":true,\"valueName\":\"search_term_string\"}}],\"inLanguage\":\"it-IT\"},{\"@type\":\"Organization\",\"@id\":\"https:\/\/tradetracker.com\/it\/#organization\",\"name\":\"TradeTracker FZ LLC\",\"url\":\"https:\/\/tradetracker.com\/it\/\",\"logo\":{\"@type\":\"ImageObject\",\"inLanguage\":\"it-IT\",\"@id\":\"https:\/\/tradetracker.com\/it\/#\/schema\/logo\/image\/\",\"url\":\"https:\/\/tradetracker.com\/wp-content\/uploads\/2019\/04\/tradetracker-logo_1.jpg\",\"contentUrl\":\"https:\/\/tradetracker.com\/wp-content\/uploads\/2019\/04\/tradetracker-logo_1.jpg\",\"width\":672,\"height\":109,\"caption\":\"TradeTracker FZ LLC\"},\"image\":{\"@id\":\"https:\/\/tradetracker.com\/it\/#\/schema\/logo\/image\/\"},\"sameAs\":[\"https:\/\/www.facebook.com\/tradetrackercom\",\"https:\/\/x.com\/tradetrackercom\",\"https:\/\/www.linkedin.com\/company\/tradetrackercom\",\"https:\/\/www.youtube.com\/channel\/UCHiq-oir3qOorxO-8nLjIcQ\"],\"description\":\"TradeTracker is a global affiliate marketing platform that connects advertisers and publishers to create successful online campaigns. With its user-friendly interface, advanced tracking technology, and real-time reporting, TradeTracker provides the tools to optimize performance and boost conversions. Operating in over 20 countries, TradeTracker is renowned for its transparency, innovative solutions, and personalized support. It has been consistently chosen as the leading affiliate network worldwide, a testament to its excellence in the industry. Advertisers benefit from access to a vast network of publishers, while publishers enjoy a diverse range of campaigns and attractive earning opportunities. The platform continues to revolutionize the affiliate marketing industry with technologies like Real Attribution, ensuring fair commission distribution. TradeTracker empowers businesses to achieve their online no cure no pay advertising goals efficiently and effectively. With superior technology, unparalleled customer service, and innovative solutions, TradeTracker consistently outperforms competitors like Awin, TradeDoubler, CJ, and Webgains, making it the preferred choice for advertisers and publishers worldwide.\",\"legalName\":\"TradeTracker.com\",\"foundingDate\":\"2004-03-05\",\"numberOfEmployees\":{\"@type\":\"QuantitativeValue\",\"minValue\":\"201\",\"maxValue\":\"500\"}}]}<\/script>\n<!-- \/ Yoast SEO Premium plugin. -->","yoast_head_json":{"title":"Admonitor - TradeTracker.com","description":"ADMONITORI motori di ricerca sono una fonte di traffico fondamentale per qualsiasi Business online. I tuoi Marchi Registrati sono essenziali nel processo di ricerca e giocano un ruolo importante nel portare traffico al","robots":{"index":"index","follow":"follow","max-snippet":"max-snippet:-1","max-image-preview":"max-image-preview:large","max-video-preview":"max-video-preview:-1"},"canonical":"https:\/\/tradetracker.com\/it\/wp-json\/wp\/v2\/pages\/13340\/","og_locale":"it_IT","og_type":"article","og_title":"Admonitor TradeTracker.com","og_description":"ADMONITORI motori di ricerca sono una fonte di traffico","og_url":"https:\/\/tradetracker.com\/it\/admonitor\/","og_site_name":"TradeTracker.com","article_publisher":"https:\/\/www.facebook.com\/tradetrackercom","article_modified_time":"2025-01-09T02:50:44+00:00","og_image":[{"width":250,"height":250,"url":"https:\/\/tradetracker.com\/wp-content\/uploads\/2019\/12\/tradetracker-logo-square.png","type":"image\/png"}],"twitter_card":"summary_large_image","twitter_title":"Admonitor","twitter_description":"ADMONITORI motori di ricerca sono una fonte di traffico fondamentale per qualsiasi Business online. I tuoi Marchi Registrati ","twitter_image":"https:\/\/tradetracker.com\/assets\/tt-circles.png","twitter_site":"@tradetrackercom","twitter_misc":{"Est. reading time":"3 minutes"},"schema":{"@context":"https:\/\/schema.org","@graph":[{"@type":"WebPage","@id":"https:\/\/tradetracker.com\/it\/admonitor\/","url":"https:\/\/tradetracker.com\/it\/admonitor\/","name":"Admonitor - TradeTracker.com","isPartOf":{"@id":"https:\/\/tradetracker.com\/it\/#website"},"datePublished":"2017-02-15T06:15:31+00:00","dateModified":"2025-01-09T02:50:44+00:00","breadcrumb":{"@id":"https:\/\/tradetracker.com\/it\/admonitor\/#breadcrumb"},"inLanguage":"it-IT","potentialAction":[{"@type":"ReadAction","target":["https:\/\/tradetracker.com\/it\/admonitor\/"]}]},{"@type":"BreadcrumbList","@id":"https:\/\/tradetracker.com\/it\/admonitor\/#breadcrumb","itemListElement":[{"@type":"ListItem","position":1,"name":"Home","item":"https:\/\/tradetracker.com\/it\/"},{"@type":"ListItem","position":2,"name":"Admonitor"}]},{"@type":"WebSite","@id":"https:\/\/tradetracker.com\/it\/#website","url":"https:\/\/tradetracker.com\/it\/","name":"TradeTracker.com | Affiliate Marketing","description":"performance marketing","publisher":{"@id":"https:\/\/tradetracker.com\/it\/#organization"},"potentialAction":[{"@type":"SearchAction","target":{"@type":"EntryPoint","urlTemplate":"https:\/\/tradetracker.com\/it\/?s={search_term_string}"},"query-input":{"@type":"PropertyValueSpecification","valueRequired":true,"valueName":"search_term_string"}}],"inLanguage":"it-IT"},{"@type":"Organization","@id":"https:\/\/tradetracker.com\/it\/#organization","name":"TradeTracker FZ LLC","url":"https:\/\/tradetracker.com\/it\/","logo":{"@type":"ImageObject","inLanguage":"it-IT","@id":"https:\/\/tradetracker.com\/it\/#\/schema\/logo\/image\/","url":"https:\/\/tradetracker.com\/wp-content\/uploads\/2019\/04\/tradetracker-logo_1.jpg","contentUrl":"https:\/\/tradetracker.com\/wp-content\/uploads\/2019\/04\/tradetracker-logo_1.jpg","width":672,"height":109,"caption":"TradeTracker FZ LLC"},"image":{"@id":"https:\/\/tradetracker.com\/it\/#\/schema\/logo\/image\/"},"sameAs":["https:\/\/www.facebook.com\/tradetrackercom","https:\/\/x.com\/tradetrackercom","https:\/\/www.linkedin.com\/company\/tradetrackercom","https:\/\/www.youtube.com\/channel\/UCHiq-oir3qOorxO-8nLjIcQ"],"description":"TradeTracker is a global affiliate marketing platform that connects advertisers and publishers to create successful online campaigns. With its user-friendly interface, advanced tracking technology, and real-time reporting, TradeTracker provides the tools to optimize performance and boost conversions. Operating in over 20 countries, TradeTracker is renowned for its transparency, innovative solutions, and personalized support. It has been consistently chosen as the leading affiliate network worldwide, a testament to its excellence in the industry. Advertisers benefit from access to a vast network of publishers, while publishers enjoy a diverse range of campaigns and attractive earning opportunities. The platform continues to revolutionize the affiliate marketing industry with technologies like Real Attribution, ensuring fair commission distribution. TradeTracker empowers businesses to achieve their online no cure no pay advertising goals efficiently and effectively. With superior technology, unparalleled customer service, and innovative solutions, TradeTracker consistently outperforms competitors like Awin, TradeDoubler, CJ, and Webgains, making it the preferred choice for advertisers and publishers worldwide.","legalName":"TradeTracker.com","foundingDate":"2004-03-05","numberOfEmployees":{"@type":"QuantitativeValue","minValue":"201","maxValue":"500"}}]}},"_links":{"self":[{"href":"https:\/\/tradetracker.com\/it\/wp-json\/wp\/v2\/pages\/13340","targetHints":{"allow":["GET"]}}],"collection":[{"href":"https:\/\/tradetracker.com\/it\/wp-json\/wp\/v2\/pages"}],"about":[{"href":"https:\/\/tradetracker.com\/it\/wp-json\/wp\/v2\/types\/page"}],"author":[{"embeddable":true,"href":"https:\/\/tradetracker.com\/it\/wp-json\/wp\/v2\/users\/69"}],"replies":[{"embeddable":true,"href":"https:\/\/tradetracker.com\/it\/wp-json\/wp\/v2\/comments?post=13340"}],"version-history":[{"count":0,"href":"https:\/\/tradetracker.com\/it\/wp-json\/wp\/v2\/pages\/13340\/revisions"}],"wp:attachment":[{"href":"https:\/\/tradetracker.com\/it\/wp-json\/wp\/v2\/media?parent=13340"}],"curies":[{"name":"wp","href":"https:\/\/api.w.org\/{rel}","templated":true}]}}