{"id":13475,"date":"2017-02-09T13:12:46","date_gmt":"2017-02-09T13:12:46","guid":{"rendered":"https:\/\/tradetracker.com\/it\/knowledge-centre\/for-publishers\/"},"modified":"2022-02-15T21:33:22","modified_gmt":"2022-02-15T21:33:22","slug":"for-publishers","status":"publish","type":"page","link":"https:\/\/tradetracker.com\/it\/knowledge-centre\/for-publishers\/","title":{"rendered":"For Publishers"},"content":{"rendered":"<div class=\"wpb-content-wrapper\"><p>[vc_row el_id=&#8221;kc-top&#8221; classes=&#8221;part-fullsection section-kc-topics bg-color10 bg-pattern full-width&#8221;][vc_column]<div class=\"row\"><div class=\"vc_col-sm-12\"><div class=\" static-page-intro-text \"><h1  style=\"color: #ffffff\" class=\"\">CENTRO INFORMAZIONI<\/h1><h2  style=\"color: #ffffff\" class=\"\">Comprendere i fondamenti di iniziare una campagna. Qui troverete un hub di informazioni volto a fornire una breve introduzione al marketing di affiliazione e la piattaforma di TradeTracker.<\/h2><\/div>\r\n        <\/div>\r\n    <\/div>[vc_wp_text]<\/p>\n<div id=\"kc-tab-wrap\">\n<ul>\n<li><a href=\"\/it\/knowledge-centre\/gdpr\/#for-advertiser\/\">Per inserzionisti<\/a><\/li>\n<li class=\"active\"><a href=\"\/it\/knowledge-centre\/for-publishers\/\">Per gli Editori<\/a><\/li>\n<li class=\"\"><a href=\"\/it\/knowledge-centre\/glossary\/\">Glossario<\/a><\/li>\n<li class=\"\"><a href=\"\/it\/knowledge-centre\/gdpr\/\">GDPR<\/a><\/li>\n<\/ul>\n<\/div>\n<p>[\/vc_wp_text][\/vc_column][\/vc_row][vc_row el_id=&#8221;kc-content&#8221;][vc_column]    <div class=\"row\">\r\n        <div class=\"vc_col-sm-12\">\r\n            <div class=\"space\"><\/div>\r\n            <ul class=\"toggle\">\r\n                                            <li class=\"kc-topic active\"><a class=\"tgg-title\">\r\n                                <div class=\"feature-less-text\">Less<\/div>Come posso ottenere un account TradeTracker?<\/a>\r\n                        \r\n                        <div class=\"tgg-content\">\r\n                            <p><p>La registrazione di un account editore \u00e8 gratuito. Una volta registrato, il tuo sito sar\u00e0 valutato da uno dei nostri responsabili publisher per l\u2019approvazione, dopo che sei stato approvato potrai iniziare a promuovere immediatamente gli inserzionisti. Inizia subito e <a href=\"https:\/\/affiliate.tradetracker.com\/signup\/step1?loc=it_IT\">creare un account<\/a>.<\/p>\n<\/p>\r\n                        <\/div>\r\n                        <\/li>\r\n                                                    <li class=\"kc-topic\"><a class=\"tgg-title\">\r\n                                <div class=\"feature-less-text\">Less<\/div>Come posso iniziare a monetizzare i miei contenuti?<\/a>\r\n                        \r\n                        <div class=\"tgg-content\">\r\n                            <p><p>La nostra piattaforma di marketing di affiliazione fornisce gli strumenti per inserire contenuti per brand conosciuti sul tuo sito web. La piattaforma consente di monitorare le performance e l\u2019efficacia dei materiali promozionali in maniera dettagliata, con ampie funzionalit\u00e0 di reporting che consente di reagire e di ottimizzare ulteriormente i vostri sforzi on-line.<\/p>\n<\/p>\r\n                        <\/div>\r\n                        <\/li>\r\n                                                    <li class=\"kc-topic\"><a class=\"tgg-title\">\r\n                                <div class=\"feature-less-text\">Less<\/div>Con quale frequenza vengo pagato?<\/a>\r\n                        \r\n                        <div class=\"tgg-content\">\r\n                            <p><p>Siamo consapevoli che per avere e mantenere un sito web di alto livello si richiede un sostegno finanziario. Ecco perch\u00e9 TradeTracker pagher\u00e0 la vostra commissione fino a 4 volte al mese. E \u2018anche possibile fare domanda per la nostra soluzione di pagamento veloce, che render\u00e0 le commissioni da pagare entro le ore successive all\u2019approvazione transazioni.<br \/>\nCome affiliato sei completamente controllato sui pagamenti e si pu\u00f2 cambiare la frequenza in qualsiasi momento.<br \/>\nMensile<br \/>\nDopo aver impostato i tuoi pagamenti mensili un vostro report di pagamento viene generato il 1 \u00b0 di ogni mese.<br \/>\nDue volte al mese<br \/>\nImpostare le commissioni a due volte al mese produrr\u00e0 un report di pagamento il 7 e il 21 di ogni mese.<br \/>\nQuattro volte al mese<br \/>\nSelezionare una frequenza di pagamento a quattro volte al mese significa che i vostri avvisi di pagamento saranno generati al 7 \u00b0, 14 \u00b0, 21 \u00b0 e 28 di ogni mese.<br \/>\nSe necessario, \u00e8 possibile mettere in pausa i versamenti abilitando l\u2019opzione \u201cIn attesa\u201d. Si pu\u00f2 anche aumentare l\u2019importo minimo di riscossione sui trasferimenti.<br \/>\nI pagamenti saranno effettuati subito dopo che i report di pagamento sono generati e pu\u00f2 essere effettuata comodamente con PayPal o un bonifico.<\/p>\n<\/p>\r\n                        <\/div>\r\n                        <\/li>\r\n                                                    <li class=\"kc-topic\"><a class=\"tgg-title\">\r\n                                <div class=\"feature-less-text\">Less<\/div>Cos\u2019\u00e8 il Super Fast Payment?<\/a>\r\n                        \r\n                        <div class=\"tgg-content\">\r\n                            <p><p>Accanto la nostra frequenza di pagamento di fino a quattro volte al mese, si potrebbe anche beneficiare della nostra procedura unica \u2018Super Fast payment\u2019 che render\u00e0 le commissioni di pagabili entro poche ore dall\u2019approvazione delle transazioni. Potrai discutere di questa funzionalit\u00e0 in modo approfondito con il tuo account manager.<\/p>\n<\/p>\r\n                        <\/div>\r\n                        <\/li>\r\n                                                    <li class=\"kc-topic\"><a class=\"tgg-title\">\r\n                                <div class=\"feature-less-text\">Less<\/div>Come fare domanda per pi\u00f9 paesi?<\/a>\r\n                        \r\n                        <div class=\"tgg-content\">\r\n                            <p><p>Se siete interessati a lavorare sugli inserzionisti attraverso il tuo sito da pi\u00f9 paesi \u00e8 possibile aggiungere il tuo sito a un altro paese TradeTracker dall\u2019interfaccia di affiliazione. Basta passare a Account -> I miei siti e fare clic su \u201cAggiungi nuovo sito\u201d collegamento. Si pu\u00f2 quindi scegliere il paese aggiuntivo che si desidera applicare per il tuo sito.<br \/>\nUna volta che la registrazione \u00e8 stata approvata si \u00e8 in grado di gestire le attivit\u00e0 di tale paese scegliendolo dal menu a tendina paese nella parte superiore dell\u2019interfaccia.<\/p>\n<\/p>\r\n                        <\/div>\r\n                        <\/li>\r\n                                                    <li class=\"kc-topic\"><a class=\"tgg-title\">\r\n                                <div class=\"feature-less-text\">Less<\/div>Posso personalizzare il mio tracking?<\/a>\r\n                        \r\n                        <div class=\"tgg-content\">\r\n                            <p><p>Si! A parte le nostre tecnologie avanzate nel tracciamento delle conversioni, abbiamo funzioni personalizzabili aggiuntive disponibili per la configurazione. Ad esempio, siamo in grado di collegare un riferimento unico (o subid) al tuo link o fornire un luogo di richiamo all\u2019interno dell\u2019interfaccia in modo che le conversioni siano inoltrate al proprio server per le statistiche. E \u2018anche possibile, su richiesta di inserire un third party tracking tag.<\/p>\n<\/p>\r\n                        <\/div>\r\n                        <\/li>\r\n                                                    <li class=\"kc-topic\"><a class=\"tgg-title\">\r\n                                <div class=\"feature-less-text\">Less<\/div>Avete una API disponibile?<\/a>\r\n                        \r\n                        <div class=\"tgg-content\">\r\n                            <p><p>S\u00ec! L\u2019Application Programming Interface (API o Web Service) consente di accedere alle funzioni e alle informazioni disponibili all\u2019interno del software, fornendo accesso programmatico ai dati del tuo account. Alcune caratteristiche di base API includono: il recupero di informazioni sull\u2019account, informazioni sulla campagna, le informazioni sulle transazioni, i dati di alimentazione del prodotto, informazioni di pagamento, materiale pubblicitario o una combinazione di queste cose per la generazione di rapporti personalizzati avanzati o che consentono di collegare il vostro software di statistiche.<br \/>\nI nostri servizi Web sono basati sul protocollo SOAP. Questo protocollo \u00e8 una specifica per lo scambio di informazioni strutturate tramite Web Services. L\u2019accesso al nostro API pu\u00f2 essere facilmente richiesto dal tuo account.<\/p>\n<\/p>\r\n                        <\/div>\r\n                        <\/li>\r\n                                                    <li class=\"kc-topic\"><a class=\"tgg-title\">\r\n                                <div class=\"feature-less-text\">Less<\/div>Quali creativit\u00e0 vengono offerte?<\/a>\r\n                        \r\n                        <div class=\"tgg-content\">\r\n                            <p><p>Si pu\u00f2 scegliere tra una vasta gamma di creativit\u00e0 da inserire nel tuo sito come link di testo, banner, feed, widget e codici buono \/ sconto. Per i banner \u00e8 possibile impostare un rotator che ottimizzer\u00e0 gli stessi automaticamente in base alle metriche chiave che fornite, come EPC.<\/p>\n<\/p>\r\n                        <\/div>\r\n                        <\/li>\r\n                                                    <li class=\"kc-topic\"><a class=\"tgg-title\">\r\n                                <div class=\"feature-less-text\">Less<\/div>Cosa posso fare con \u2018Page Tools\u2019?<\/a>\r\n                        \r\n                        <div class=\"tgg-content\">\r\n                            <p><p>Come affiliato avrai accesso ai Page tools di TradeTracker. Questi set di strumenti vi permetter\u00e0 di gestire rapidamente i contenuti sui vostri siti dall\u2019interfaccia TradeTracker.<br \/>\nSi pu\u00f2 semplicemente commutare la visibilit\u00e0 di funzioni come i widget (strumenti di confronto) e il nostro link replacer, che \u00e8 lo strumento perfetto per la generazione automatica di link di tracciamento in uscita per gli inserzionisti.<\/p>\n<\/p>\r\n                        <\/div>\r\n                        <\/li>\r\n                                                    <li class=\"kc-topic\"><a class=\"tgg-title\">\r\n                                <div class=\"feature-less-text\">Less<\/div>Cosa sono i Widget?<\/a>\r\n                        \r\n                        <div class=\"tgg-content\">\r\n                            <p><p>I widget sono moduli con contenuti generati dinamicamente che pu\u00f2 essere aggiunto al tuo sito web mettendo un semplice pezzo di codice. Il risultato \u00e8 un sofisticato motore di ricerca viaggi o uno strumento in cui gli articoli di moda possono essere confrontati.<br \/>\nTutti questi widget possono essere gestiti dalla sezione Strumenti di pagina nell\u2019interfaccia di affiliazione.<\/p>\n<\/p>\r\n                        <\/div>\r\n                        <\/li>\r\n                                                    <li class=\"kc-topic\"><a class=\"tgg-title\">\r\n                                <div class=\"feature-less-text\">Less<\/div>Posso avere maggiore aiuto?<\/a>\r\n                        \r\n                        <div class=\"tgg-content\">\r\n                            <p><p>Certamente! Con l\u2019obiettivo di fornire la migliore interfaccia software di affiliazione oggi disponibili. Quando ci siamo concentrati sulla facilit\u00e0 d\u2019uso, abbiamo creato qualcosa che aiuta i nostri clienti ad evitare qualsiasi confusione. Tuttavia, in un ambiente in rapido movimento come internet, le domande sono destinate a venire. Per fortuna, c\u2019\u00e8 un team di professionisti del settore qualificati a disposizione in attesa di aiutarti quando ti trovi in difficolt\u00e0.<\/p>\n<\/p>\r\n                        <\/div>\r\n                        <\/li>\r\n                                    <\/ul>\r\n            <div class=\"space\"><\/div>\r\n        <\/div>\r\n    <\/div>\r\n    [\/vc_column][\/vc_row]<\/p>\n<\/div>","protected":false},"excerpt":{"rendered":"<p>[vc_row el_id=&#8221;kc-top&#8221; classes=&#8221;part-fullsection section-kc-topics bg-color10 bg-pattern full-width&#8221;][vc_column][vc_wp_text] Per inserzionisti Per gli Editori Glossario GDPR [\/vc_wp_text][\/vc_column][\/vc_row][vc_row el_id=&#8221;kc-content&#8221;][vc_column][\/vc_column][\/vc_row]<\/p>\n","protected":false},"author":69,"featured_media":0,"parent":13460,"menu_order":0,"comment_status":"closed","ping_status":"closed","template":"","meta":{"inline_featured_image":false,"_monsterinsights_skip_tracking":false,"_monsterinsights_sitenote_active":false,"_monsterinsights_sitenote_note":"","_monsterinsights_sitenote_category":0,"footnotes":""},"class_list":["post-13475","page","type-page","status-publish","hentry"],"yoast_head":"<!-- This site is optimized with the Yoast SEO Premium plugin v27.0 (Yoast SEO v27.0) - https:\/\/yoast.com\/product\/yoast-seo-premium-wordpress\/ -->\n<title>For Publishers - TradeTracker.com<\/title>\n<meta name=\"description\" content=\"CENTRO INFORMAZIONI. Per gli Editori. Comprendere i fondamenti di iniziare una campagna. Qui troverete un hub di informazioni volto\" \/>\n<meta name=\"robots\" content=\"index, follow, max-snippet:-1, max-image-preview:large, max-video-preview:-1\" \/>\n<link rel=\"canonical\" href=\"https:\/\/tradetracker.com\/it\/wp-json\/wp\/v2\/pages\/13475\/\" \/>\n<meta property=\"og:locale\" content=\"it_IT\" \/>\n<meta property=\"og:type\" content=\"article\" \/>\n<meta property=\"og:title\" content=\"Posso avere maggiore aiuto? TradeTracker.com\" \/>\n<meta property=\"og:description\" content=\"CENTRO INFORMAZIONI. Per gli Editori. Comprendere i fondamenti di\" \/>\n<meta property=\"og:url\" content=\"https:\/\/tradetracker.com\/it\/knowledge-centre\/for-publishers\/\" \/>\n<meta property=\"og:site_name\" content=\"TradeTracker.com\" \/>\n<meta property=\"article:publisher\" content=\"https:\/\/www.facebook.com\/tradetrackercom\" \/>\n<meta property=\"article:modified_time\" content=\"2022-02-15T21:33:22+00:00\" \/>\n<meta property=\"og:image\" content=\"https:\/\/tradetracker.com\/wp-content\/uploads\/2019\/12\/tradetracker-logo-square.png\" \/>\n\t<meta property=\"og:image:width\" content=\"250\" \/>\n\t<meta property=\"og:image:height\" content=\"250\" \/>\n\t<meta property=\"og:image:type\" content=\"image\/png\" \/>\n<meta name=\"twitter:card\" content=\"summary_large_image\" \/>\n<meta name=\"twitter:title\" content=\"Posso avere maggiore aiuto?\" \/>\n<meta name=\"twitter:description\" content=\"Certamente! Con l\u2019obiettivo di fornire la migliore interfaccia software di affiliazione oggi disponibili. Quando ci siamo \" \/>\n<meta name=\"twitter:image\" content=\"https:\/\/tradetracker.com\/assets\/tt-circles.png\" \/>\n<meta name=\"twitter:site\" content=\"@tradetrackercom\" \/>\n<script type=\"application\/ld+json\" class=\"yoast-schema-graph\">{\"@context\":\"https:\/\/schema.org\",\"@graph\":[{\"@type\":\"WebPage\",\"@id\":\"https:\/\/tradetracker.com\/it\/knowledge-centre\/for-publishers\/\",\"url\":\"https:\/\/tradetracker.com\/it\/knowledge-centre\/for-publishers\/\",\"name\":\"For Publishers - TradeTracker.com\",\"isPartOf\":{\"@id\":\"https:\/\/tradetracker.com\/it\/#website\"},\"datePublished\":\"2017-02-09T13:12:46+00:00\",\"dateModified\":\"2022-02-15T21:33:22+00:00\",\"description\":\"CENTRO INFORMAZIONI. Per gli Editori. Comprendere i fondamenti di iniziare una campagna. Qui troverete un hub di informazioni volto\",\"breadcrumb\":{\"@id\":\"https:\/\/tradetracker.com\/it\/knowledge-centre\/for-publishers\/#breadcrumb\"},\"inLanguage\":\"it-IT\",\"potentialAction\":[{\"@type\":\"ReadAction\",\"target\":[\"https:\/\/tradetracker.com\/it\/knowledge-centre\/for-publishers\/\"]}]},{\"@type\":\"BreadcrumbList\",\"@id\":\"https:\/\/tradetracker.com\/it\/knowledge-centre\/for-publishers\/#breadcrumb\",\"itemListElement\":[{\"@type\":\"ListItem\",\"position\":1,\"name\":\"Home\",\"item\":\"https:\/\/tradetracker.com\/it\/\"},{\"@type\":\"ListItem\",\"position\":2,\"name\":\"Centro informazioni\",\"item\":\"https:\/\/tradetracker.com\/it\/knowledge-centre\/\"},{\"@type\":\"ListItem\",\"position\":3,\"name\":\"For Publishers\"}]},{\"@type\":\"WebSite\",\"@id\":\"https:\/\/tradetracker.com\/it\/#website\",\"url\":\"https:\/\/tradetracker.com\/it\/\",\"name\":\"TradeTracker.com | Affiliate Marketing\",\"description\":\"performance marketing\",\"publisher\":{\"@id\":\"https:\/\/tradetracker.com\/it\/#organization\"},\"potentialAction\":[{\"@type\":\"SearchAction\",\"target\":{\"@type\":\"EntryPoint\",\"urlTemplate\":\"https:\/\/tradetracker.com\/it\/?s={search_term_string}\"},\"query-input\":{\"@type\":\"PropertyValueSpecification\",\"valueRequired\":true,\"valueName\":\"search_term_string\"}}],\"inLanguage\":\"it-IT\"},{\"@type\":\"Organization\",\"@id\":\"https:\/\/tradetracker.com\/it\/#organization\",\"name\":\"TradeTracker FZ LLC\",\"url\":\"https:\/\/tradetracker.com\/it\/\",\"logo\":{\"@type\":\"ImageObject\",\"inLanguage\":\"it-IT\",\"@id\":\"https:\/\/tradetracker.com\/it\/#\/schema\/logo\/image\/\",\"url\":\"https:\/\/tradetracker.com\/wp-content\/uploads\/2019\/04\/tradetracker-logo_1.jpg\",\"contentUrl\":\"https:\/\/tradetracker.com\/wp-content\/uploads\/2019\/04\/tradetracker-logo_1.jpg\",\"width\":672,\"height\":109,\"caption\":\"TradeTracker FZ LLC\"},\"image\":{\"@id\":\"https:\/\/tradetracker.com\/it\/#\/schema\/logo\/image\/\"},\"sameAs\":[\"https:\/\/www.facebook.com\/tradetrackercom\",\"https:\/\/x.com\/tradetrackercom\",\"https:\/\/www.linkedin.com\/company\/tradetrackercom\",\"https:\/\/www.youtube.com\/channel\/UCHiq-oir3qOorxO-8nLjIcQ\"],\"description\":\"TradeTracker is a global affiliate marketing platform that connects advertisers and publishers to create successful online campaigns. With its user-friendly interface, advanced tracking technology, and real-time reporting, TradeTracker provides the tools to optimize performance and boost conversions. Operating in over 20 countries, TradeTracker is renowned for its transparency, innovative solutions, and personalized support. It has been consistently chosen as the leading affiliate network worldwide, a testament to its excellence in the industry. Advertisers benefit from access to a vast network of publishers, while publishers enjoy a diverse range of campaigns and attractive earning opportunities. The platform continues to revolutionize the affiliate marketing industry with technologies like Real Attribution, ensuring fair commission distribution. TradeTracker empowers businesses to achieve their online no cure no pay advertising goals efficiently and effectively. With superior technology, unparalleled customer service, and innovative solutions, TradeTracker consistently outperforms competitors like Awin, TradeDoubler, CJ, and Webgains, making it the preferred choice for advertisers and publishers worldwide.\",\"legalName\":\"TradeTracker.com\",\"foundingDate\":\"2004-03-05\",\"numberOfEmployees\":{\"@type\":\"QuantitativeValue\",\"minValue\":\"201\",\"maxValue\":\"500\"}}]}<\/script>\n<!-- \/ Yoast SEO Premium plugin. -->","yoast_head_json":{"title":"For Publishers - TradeTracker.com","description":"CENTRO INFORMAZIONI. Per gli Editori. Comprendere i fondamenti di iniziare una campagna. Qui troverete un hub di informazioni volto","robots":{"index":"index","follow":"follow","max-snippet":"max-snippet:-1","max-image-preview":"max-image-preview:large","max-video-preview":"max-video-preview:-1"},"canonical":"https:\/\/tradetracker.com\/it\/wp-json\/wp\/v2\/pages\/13475\/","og_locale":"it_IT","og_type":"article","og_title":"Posso avere maggiore aiuto? TradeTracker.com","og_description":"CENTRO INFORMAZIONI. Per gli Editori. Comprendere i fondamenti di","og_url":"https:\/\/tradetracker.com\/it\/knowledge-centre\/for-publishers\/","og_site_name":"TradeTracker.com","article_publisher":"https:\/\/www.facebook.com\/tradetrackercom","article_modified_time":"2022-02-15T21:33:22+00:00","og_image":[{"width":250,"height":250,"url":"https:\/\/tradetracker.com\/wp-content\/uploads\/2019\/12\/tradetracker-logo-square.png","type":"image\/png"}],"twitter_card":"summary_large_image","twitter_title":"Posso avere maggiore aiuto?","twitter_description":"Certamente! Con l\u2019obiettivo di fornire la migliore interfaccia software di affiliazione oggi disponibili. Quando ci siamo ","twitter_image":"https:\/\/tradetracker.com\/assets\/tt-circles.png","twitter_site":"@tradetrackercom","schema":{"@context":"https:\/\/schema.org","@graph":[{"@type":"WebPage","@id":"https:\/\/tradetracker.com\/it\/knowledge-centre\/for-publishers\/","url":"https:\/\/tradetracker.com\/it\/knowledge-centre\/for-publishers\/","name":"For Publishers - TradeTracker.com","isPartOf":{"@id":"https:\/\/tradetracker.com\/it\/#website"},"datePublished":"2017-02-09T13:12:46+00:00","dateModified":"2022-02-15T21:33:22+00:00","description":"CENTRO INFORMAZIONI. Per gli Editori. Comprendere i fondamenti di iniziare una campagna. Qui troverete un hub di informazioni volto","breadcrumb":{"@id":"https:\/\/tradetracker.com\/it\/knowledge-centre\/for-publishers\/#breadcrumb"},"inLanguage":"it-IT","potentialAction":[{"@type":"ReadAction","target":["https:\/\/tradetracker.com\/it\/knowledge-centre\/for-publishers\/"]}]},{"@type":"BreadcrumbList","@id":"https:\/\/tradetracker.com\/it\/knowledge-centre\/for-publishers\/#breadcrumb","itemListElement":[{"@type":"ListItem","position":1,"name":"Home","item":"https:\/\/tradetracker.com\/it\/"},{"@type":"ListItem","position":2,"name":"Centro informazioni","item":"https:\/\/tradetracker.com\/it\/knowledge-centre\/"},{"@type":"ListItem","position":3,"name":"For Publishers"}]},{"@type":"WebSite","@id":"https:\/\/tradetracker.com\/it\/#website","url":"https:\/\/tradetracker.com\/it\/","name":"TradeTracker.com | Affiliate Marketing","description":"performance marketing","publisher":{"@id":"https:\/\/tradetracker.com\/it\/#organization"},"potentialAction":[{"@type":"SearchAction","target":{"@type":"EntryPoint","urlTemplate":"https:\/\/tradetracker.com\/it\/?s={search_term_string}"},"query-input":{"@type":"PropertyValueSpecification","valueRequired":true,"valueName":"search_term_string"}}],"inLanguage":"it-IT"},{"@type":"Organization","@id":"https:\/\/tradetracker.com\/it\/#organization","name":"TradeTracker FZ LLC","url":"https:\/\/tradetracker.com\/it\/","logo":{"@type":"ImageObject","inLanguage":"it-IT","@id":"https:\/\/tradetracker.com\/it\/#\/schema\/logo\/image\/","url":"https:\/\/tradetracker.com\/wp-content\/uploads\/2019\/04\/tradetracker-logo_1.jpg","contentUrl":"https:\/\/tradetracker.com\/wp-content\/uploads\/2019\/04\/tradetracker-logo_1.jpg","width":672,"height":109,"caption":"TradeTracker FZ LLC"},"image":{"@id":"https:\/\/tradetracker.com\/it\/#\/schema\/logo\/image\/"},"sameAs":["https:\/\/www.facebook.com\/tradetrackercom","https:\/\/x.com\/tradetrackercom","https:\/\/www.linkedin.com\/company\/tradetrackercom","https:\/\/www.youtube.com\/channel\/UCHiq-oir3qOorxO-8nLjIcQ"],"description":"TradeTracker is a global affiliate marketing platform that connects advertisers and publishers to create successful online campaigns. With its user-friendly interface, advanced tracking technology, and real-time reporting, TradeTracker provides the tools to optimize performance and boost conversions. Operating in over 20 countries, TradeTracker is renowned for its transparency, innovative solutions, and personalized support. It has been consistently chosen as the leading affiliate network worldwide, a testament to its excellence in the industry. Advertisers benefit from access to a vast network of publishers, while publishers enjoy a diverse range of campaigns and attractive earning opportunities. The platform continues to revolutionize the affiliate marketing industry with technologies like Real Attribution, ensuring fair commission distribution. TradeTracker empowers businesses to achieve their online no cure no pay advertising goals efficiently and effectively. With superior technology, unparalleled customer service, and innovative solutions, TradeTracker consistently outperforms competitors like Awin, TradeDoubler, CJ, and Webgains, making it the preferred choice for advertisers and publishers worldwide.","legalName":"TradeTracker.com","foundingDate":"2004-03-05","numberOfEmployees":{"@type":"QuantitativeValue","minValue":"201","maxValue":"500"}}]}},"_links":{"self":[{"href":"https:\/\/tradetracker.com\/it\/wp-json\/wp\/v2\/pages\/13475","targetHints":{"allow":["GET"]}}],"collection":[{"href":"https:\/\/tradetracker.com\/it\/wp-json\/wp\/v2\/pages"}],"about":[{"href":"https:\/\/tradetracker.com\/it\/wp-json\/wp\/v2\/types\/page"}],"author":[{"embeddable":true,"href":"https:\/\/tradetracker.com\/it\/wp-json\/wp\/v2\/users\/69"}],"replies":[{"embeddable":true,"href":"https:\/\/tradetracker.com\/it\/wp-json\/wp\/v2\/comments?post=13475"}],"version-history":[{"count":0,"href":"https:\/\/tradetracker.com\/it\/wp-json\/wp\/v2\/pages\/13475\/revisions"}],"up":[{"embeddable":true,"href":"https:\/\/tradetracker.com\/it\/wp-json\/wp\/v2\/pages\/13460"}],"wp:attachment":[{"href":"https:\/\/tradetracker.com\/it\/wp-json\/wp\/v2\/media?parent=13475"}],"curies":[{"name":"wp","href":"https:\/\/api.w.org\/{rel}","templated":true}]}}