{"id":34937,"date":"2017-02-15T06:49:01","date_gmt":"2017-02-15T06:49:01","guid":{"rendered":"https:\/\/tradetracker.com\/servicios\/"},"modified":"2020-12-17T11:02:46","modified_gmt":"2020-12-17T11:02:46","slug":"servicios","status":"publish","type":"page","link":"https:\/\/tradetracker.com\/mx\/anunciantes\/servicios\/","title":{"rendered":"Services"},"content":{"rendered":"<div class=\"wpb-content-wrapper\"><p>[vc_row css=&#8221;.vc_custom_1607983736519{background-color: #6ebd44 !important;}&#8221; classes=&#8221;tt-single-industry tt-services&#8221;][vc_column]<div class=\"row\"><div class=\"vc_col-sm-12\"><div class=\" static-page-intro-text \" style=\"width: 75%\"><h1  style=\"color: #ffffff\" class=\"\">SERVICIOS<\/h1><h2  style=\"color: #ffffff\" class=\"\">Estamos muy orgullosos de contar con una red diversa de profesionales. Sea cual sea la campa\u00f1a que quieras poner en marcha, encontraremos a los socios que te ayudar\u00e1n a triunfar. Poseemos un equipo de expertos que son capaces de identificar eficazmente colaboradores clave dentro de nuestra red y que cumplan los requisitos para dar vida a tu campa\u00f1a.<\/h2><\/div>\r\n        <\/div>\r\n    <\/div>[\/vc_column][\/vc_row][vc_row][vc_column]<div class=\"row tt-industries-page\"><div class='vc_col-sm-3' id='sidebar'><h4 class=\"lined-section\">Industries<\/h4><div class=\"widget_nav_menu\"><ul class=\"menu\"><li><a class=\"industries-back\" href=\"https:\/\/tradetracker.com\/mx\/#section-industries\/\">\u2190 Back to Industry Home<\/a><\/li><li><a href='https:\/\/tradetracker.com\/mx\/anunciantes\/finanzas\/' class=''>Finanzas<\/a><\/li><li><a href='https:\/\/tradetracker.com\/mx\/anunciantes\/servicios\/' class='active'>Servicios<\/a><\/li><li><a href='https:\/\/tradetracker.com\/mx\/anunciantes\/compras\/' class=''>Comercial<\/a><\/li><li><a href='https:\/\/tradetracker.com\/mx\/anunciantes\/telecomunicaciones\/' class=''>Telecomunicaciones<\/a><\/li><li><a href='https:\/\/tradetracker.com\/mx\/anunciantes\/viajes\/' class=''>Viajes<\/a><\/li><\/ul><\/div>\r\n    <\/div><div class=\"vc_col-sm-9\">\r\n                <div class=\"vc_col-sm-12\">\r\n                    <ul class=\"industry-list servicios\"><li><h2>Contactos<\/h2><p>\u00a1Lo que necesitas es amor! Nos encanta que dos personas se conozcan, con suerte se enamoren y sean felices y coman perdices.<\/p><\/li><li><h2>Empleo, formaci\u00f3n y desarrollo profesional<\/h2><p>Dirigido a aquellas personas que est\u00e1n buscando dar el siguiente gran paso en su vida. Ponemos en contacto a empresas y consumidores a trav\u00e9s las v\u00edas de comercializaci\u00f3n adecuadas.<\/p><\/li><li><h2>Entretenimiento y tiempo libre<\/h2><p>Los organizadores de eventos necesitan sitios web que ofrezcan informaci\u00f3n a su p\u00fablico objetivo. Nosotros facilitamos que trabajen de forma conjunta y consigan incrementar la venta de entradas.<\/p><\/li><li><h2>Flores<\/h2><p>No hay nada mejor que un colorido ramo de flores para sacar una sonrisa a esa persona especial, y estamos encantados de formar parte de ello.<\/p><\/li><li><h2>Juegos de azar y loter\u00eda<\/h2><p>Los entusiantas de los juegos de azar disfrutan con la emoci\u00f3n de poder acertar el resultado de un juego, y nosotros contamos con una plataforma que permite a los proveedores de juegos de azar ofrecer sus mejores servicios a este tipo de p\u00fablico.<\/p><\/li><li><h2>Marketing por correo electr\u00f3nico<\/h2><p>Es el principal m\u00e9todo de contacto comercial, y la clave para mantener el contacto con tu lista de suscriptores.<\/p><\/li><li><h2>Nombres de dominio y alojamiento<\/h2><p>Encontrar un nombre atractivo y alojarlo en un servidor estable es esencial para cualquier sitio web. Nosotros mismos, como empresa que opera en internet, sabemos exactamente lo que hace falta para que los negocios online sean capaces de atraer la atenci\u00f3n.<\/p><\/li><li><h2>Organizaciones ben\u00e9ficas<\/h2><p>Nada nos da m\u00e1s satisfacci\u00f3n que ofrecer servicio a los que dedican su vida a ayudar a los m\u00e1s desfavorecidos. Nuestro equipo valora la oportunidad de poder ayudar a que una organizaci\u00f3n sin \u00e1nimo de lucro llegue a m\u00e1s gente, y siempre har\u00e1 ese esfuerzo adicional para ayudarles a conseguirlo. <\/p><\/li><li><h2>Servicios gratuitos y concursos<\/h2><p>\u201cPara ganar hay que participar\u201d es algo m\u00e1s que una frase hecha para aquellos que sue\u00f1an con llevarse el premio gordo, y nosotros tendemos puentes para que nuestros clientes puedan llegar a ellos.<\/p><\/li><li><h2>Servicios legales<\/h2><p>Proporcionamos herramientas para aquellos profesionales que se toman muy en serio la justicia y ayudan a la gente a solucionar situaciones dif\u00edciles.Proporcionamos herramientas para aquellos profesionales que se toman muy en serio la justicia y ayudan a la gente a solucionar situaciones dif\u00edciles.<\/p><\/li><li><h2>Servicios personales de internet<\/h2><p>Animamos a la gente a acceder a sus servicios con la facilidad y la flexibilidad que ofrece internet, independientemente de d\u00f3nde se encuentren. Nuestro servicio ayuda a los comercios aumentar su visibilidad y conectar con aquellos que lo necesitan.<\/p><\/li><li><h2>Servicios profesionales<\/h2><p>Facilitamos que expertos en determinados \u00e1mbitos profesionales puedan perfeccionar sus competencias para as\u00ed crecer y llegar al p\u00fablico que est\u00e1 buscando lo que ellos ofrecen.<\/p><\/li><\/ul><\/div><\/div><\/div>[\/vc_column][\/vc_row]<\/p>\n<\/div>","protected":false},"excerpt":{"rendered":"<p>[vc_row css=&#8221;.vc_custom_1607983736519{background-color: #6ebd44 !important;}&#8221; classes=&#8221;tt-single-industry tt-services&#8221;][vc_column][\/vc_column][\/vc_row][vc_row][vc_column][\/vc_column][\/vc_row]<\/p>\n","protected":false},"author":69,"featured_media":0,"parent":34959,"menu_order":0,"comment_status":"closed","ping_status":"closed","template":"","meta":{"inline_featured_image":false,"_monsterinsights_skip_tracking":false,"_monsterinsights_sitenote_active":false,"_monsterinsights_sitenote_note":"","_monsterinsights_sitenote_category":0,"footnotes":""},"class_list":["post-34937","page","type-page","status-publish","hentry"],"yoast_head":"<!-- This site is optimized with the Yoast SEO Premium plugin v27.0 (Yoast SEO v27.0) - https:\/\/yoast.com\/product\/yoast-seo-premium-wordpress\/ -->\n<title>Services - TradeTracker.com | Affiliate Marketing | Performance Marketing<\/title>\n<meta name=\"description\" content=\"Facilitamos que expertos en determinados \u00e1mbitos profesionales puedan perfeccionar sus competencias para as\u00ed crecer y llegar al p\u00fablico que est\u00e1 buscando lo que ellos ofrecen.\" \/>\n<meta name=\"robots\" content=\"index, follow, max-snippet:-1, max-image-preview:large, max-video-preview:-1\" \/>\n<link rel=\"canonical\" href=\"https:\/\/tradetracker.com\/mx\/wp-json\/wp\/v2\/pages\/34937\/\" \/>\n<meta property=\"og:locale\" content=\"es_ES\" \/>\n<meta property=\"og:type\" content=\"article\" \/>\n<meta property=\"og:title\" content=\"Services\" \/>\n<meta property=\"og:description\" content=\"[vc_row css=&#8221;.vc_custom_1607983736519{background-color: #6ebd44 !important;}&#8221; classes=&#8221;tt-single-industry tt-services&#8221;][vc_column][\/vc_column][\/vc_row][vc_row][vc_column][\/vc_column][\/vc_row]\" \/>\n<meta property=\"og:url\" content=\"https:\/\/tradetracker.com\/mx\/anunciantes\/servicios\/\" \/>\n<meta property=\"og:site_name\" content=\"TradeTracker.com | Affiliate Marketing | Performance Marketing\" \/>\n<meta property=\"article:publisher\" content=\"https:\/\/www.facebook.com\/tradetrackercom\" \/>\n<meta property=\"article:modified_time\" content=\"2020-12-17T11:02:46+00:00\" \/>\n<meta property=\"og:image\" content=\"https:\/\/tradetracker.com\/wp-content\/uploads\/2019\/12\/tradetracker-logo-square.png\" \/>\n\t<meta property=\"og:image:width\" content=\"250\" \/>\n\t<meta property=\"og:image:height\" content=\"250\" \/>\n\t<meta property=\"og:image:type\" content=\"image\/png\" \/>\n<meta name=\"twitter:card\" content=\"summary_large_image\" \/>\n<meta name=\"twitter:site\" content=\"@tradetrackercom\" \/>\n<meta name=\"twitter:label1\" content=\"Est. reading time\" \/>\n\t<meta name=\"twitter:data1\" content=\"1 minute\" \/>\n<script type=\"application\/ld+json\" class=\"yoast-schema-graph\">{\"@context\":\"https:\/\/schema.org\",\"@graph\":[{\"@type\":\"WebPage\",\"@id\":\"https:\/\/tradetracker.com\/mx\/anunciantes\/servicios\/\",\"url\":\"https:\/\/tradetracker.com\/mx\/anunciantes\/servicios\/\",\"name\":\"Services - TradeTracker.com | Affiliate Marketing | Performance Marketing\",\"isPartOf\":{\"@id\":\"https:\/\/tradetracker.com\/mx\/#website\"},\"datePublished\":\"2017-02-15T06:49:01+00:00\",\"dateModified\":\"2020-12-17T11:02:46+00:00\",\"breadcrumb\":{\"@id\":\"https:\/\/tradetracker.com\/mx\/anunciantes\/servicios\/#breadcrumb\"},\"inLanguage\":\"es-MX\",\"potentialAction\":[{\"@type\":\"ReadAction\",\"target\":[\"https:\/\/tradetracker.com\/mx\/anunciantes\/servicios\/\"]}]},{\"@type\":\"BreadcrumbList\",\"@id\":\"https:\/\/tradetracker.com\/mx\/anunciantes\/servicios\/#breadcrumb\",\"itemListElement\":[{\"@type\":\"ListItem\",\"position\":1,\"name\":\"Home\",\"item\":\"https:\/\/tradetracker.com\/mx\/\"},{\"@type\":\"ListItem\",\"position\":2,\"name\":\"Anunciantes\",\"item\":\"https:\/\/tradetracker.com\/mx\/anunciantes\/\"},{\"@type\":\"ListItem\",\"position\":3,\"name\":\"Services\"}]},{\"@type\":\"WebSite\",\"@id\":\"https:\/\/tradetracker.com\/mx\/#website\",\"url\":\"https:\/\/tradetracker.com\/mx\/\",\"name\":\"TradeTracker.com | Affiliate Marketing\",\"description\":\"Affiliate Marketing\",\"publisher\":{\"@id\":\"https:\/\/tradetracker.com\/mx\/#organization\"},\"potentialAction\":[{\"@type\":\"SearchAction\",\"target\":{\"@type\":\"EntryPoint\",\"urlTemplate\":\"https:\/\/tradetracker.com\/mx\/?s={search_term_string}\"},\"query-input\":{\"@type\":\"PropertyValueSpecification\",\"valueRequired\":true,\"valueName\":\"search_term_string\"}}],\"inLanguage\":\"es-MX\"},{\"@type\":\"Organization\",\"@id\":\"https:\/\/tradetracker.com\/mx\/#organization\",\"name\":\"TradeTracker FZ LLC\",\"url\":\"https:\/\/tradetracker.com\/mx\/\",\"logo\":{\"@type\":\"ImageObject\",\"inLanguage\":\"es-MX\",\"@id\":\"https:\/\/tradetracker.com\/mx\/#\/schema\/logo\/image\/\",\"url\":\"https:\/\/tradetracker.com\/wp-content\/uploads\/2019\/04\/tradetracker-logo_1.jpg\",\"contentUrl\":\"https:\/\/tradetracker.com\/wp-content\/uploads\/2019\/04\/tradetracker-logo_1.jpg\",\"width\":672,\"height\":109,\"caption\":\"TradeTracker FZ LLC\"},\"image\":{\"@id\":\"https:\/\/tradetracker.com\/mx\/#\/schema\/logo\/image\/\"},\"sameAs\":[\"https:\/\/www.facebook.com\/tradetrackercom\",\"https:\/\/x.com\/tradetrackercom\",\"https:\/\/www.linkedin.com\/company\/tradetrackercom\",\"https:\/\/www.youtube.com\/channel\/UCHiq-oir3qOorxO-8nLjIcQ\"],\"description\":\"TradeTracker is a global affiliate marketing platform that connects advertisers and publishers to create successful online campaigns. With its user-friendly interface, advanced tracking technology, and real-time reporting, TradeTracker provides the tools to optimize performance and boost conversions. Operating in over 20 countries, TradeTracker is renowned for its transparency, innovative solutions, and personalized support. It has been consistently chosen as the leading affiliate network worldwide, a testament to its excellence in the industry. Advertisers benefit from access to a vast network of publishers, while publishers enjoy a diverse range of campaigns and attractive earning opportunities. The platform continues to revolutionize the affiliate marketing industry with technologies like Real Attribution, ensuring fair commission distribution. TradeTracker empowers businesses to achieve their online no cure no pay advertising goals efficiently and effectively. With superior technology, unparalleled customer service, and innovative solutions, TradeTracker consistently outperforms competitors like Awin, TradeDoubler, CJ, and Webgains, making it the preferred choice for advertisers and publishers worldwide.\",\"legalName\":\"TradeTracker.com\",\"foundingDate\":\"2004-03-05\",\"numberOfEmployees\":{\"@type\":\"QuantitativeValue\",\"minValue\":\"201\",\"maxValue\":\"500\"}}]}<\/script>\n<!-- \/ Yoast SEO Premium plugin. -->","yoast_head_json":{"title":"Services - TradeTracker.com | Affiliate Marketing | Performance Marketing","description":"Facilitamos que expertos en determinados \u00e1mbitos profesionales puedan perfeccionar sus competencias para as\u00ed crecer y llegar al p\u00fablico que est\u00e1 buscando lo que ellos ofrecen.","robots":{"index":"index","follow":"follow","max-snippet":"max-snippet:-1","max-image-preview":"max-image-preview:large","max-video-preview":"max-video-preview:-1"},"canonical":"https:\/\/tradetracker.com\/mx\/wp-json\/wp\/v2\/pages\/34937\/","og_locale":"es_ES","og_type":"article","og_title":"Services","og_description":"[vc_row css=&#8221;.vc_custom_1607983736519{background-color: #6ebd44 !important;}&#8221; classes=&#8221;tt-single-industry tt-services&#8221;][vc_column][\/vc_column][\/vc_row][vc_row][vc_column][\/vc_column][\/vc_row]","og_url":"https:\/\/tradetracker.com\/mx\/anunciantes\/servicios\/","og_site_name":"TradeTracker.com | Affiliate Marketing | Performance Marketing","article_publisher":"https:\/\/www.facebook.com\/tradetrackercom","article_modified_time":"2020-12-17T11:02:46+00:00","og_image":[{"width":250,"height":250,"url":"https:\/\/tradetracker.com\/wp-content\/uploads\/2019\/12\/tradetracker-logo-square.png","type":"image\/png"}],"twitter_card":"summary_large_image","twitter_site":"@tradetrackercom","twitter_misc":{"Est. reading time":"1 minute"},"schema":{"@context":"https:\/\/schema.org","@graph":[{"@type":"WebPage","@id":"https:\/\/tradetracker.com\/mx\/anunciantes\/servicios\/","url":"https:\/\/tradetracker.com\/mx\/anunciantes\/servicios\/","name":"Services - TradeTracker.com | Affiliate Marketing | Performance Marketing","isPartOf":{"@id":"https:\/\/tradetracker.com\/mx\/#website"},"datePublished":"2017-02-15T06:49:01+00:00","dateModified":"2020-12-17T11:02:46+00:00","breadcrumb":{"@id":"https:\/\/tradetracker.com\/mx\/anunciantes\/servicios\/#breadcrumb"},"inLanguage":"es-MX","potentialAction":[{"@type":"ReadAction","target":["https:\/\/tradetracker.com\/mx\/anunciantes\/servicios\/"]}]},{"@type":"BreadcrumbList","@id":"https:\/\/tradetracker.com\/mx\/anunciantes\/servicios\/#breadcrumb","itemListElement":[{"@type":"ListItem","position":1,"name":"Home","item":"https:\/\/tradetracker.com\/mx\/"},{"@type":"ListItem","position":2,"name":"Anunciantes","item":"https:\/\/tradetracker.com\/mx\/anunciantes\/"},{"@type":"ListItem","position":3,"name":"Services"}]},{"@type":"WebSite","@id":"https:\/\/tradetracker.com\/mx\/#website","url":"https:\/\/tradetracker.com\/mx\/","name":"TradeTracker.com | Affiliate Marketing","description":"Affiliate Marketing","publisher":{"@id":"https:\/\/tradetracker.com\/mx\/#organization"},"potentialAction":[{"@type":"SearchAction","target":{"@type":"EntryPoint","urlTemplate":"https:\/\/tradetracker.com\/mx\/?s={search_term_string}"},"query-input":{"@type":"PropertyValueSpecification","valueRequired":true,"valueName":"search_term_string"}}],"inLanguage":"es-MX"},{"@type":"Organization","@id":"https:\/\/tradetracker.com\/mx\/#organization","name":"TradeTracker FZ LLC","url":"https:\/\/tradetracker.com\/mx\/","logo":{"@type":"ImageObject","inLanguage":"es-MX","@id":"https:\/\/tradetracker.com\/mx\/#\/schema\/logo\/image\/","url":"https:\/\/tradetracker.com\/wp-content\/uploads\/2019\/04\/tradetracker-logo_1.jpg","contentUrl":"https:\/\/tradetracker.com\/wp-content\/uploads\/2019\/04\/tradetracker-logo_1.jpg","width":672,"height":109,"caption":"TradeTracker FZ LLC"},"image":{"@id":"https:\/\/tradetracker.com\/mx\/#\/schema\/logo\/image\/"},"sameAs":["https:\/\/www.facebook.com\/tradetrackercom","https:\/\/x.com\/tradetrackercom","https:\/\/www.linkedin.com\/company\/tradetrackercom","https:\/\/www.youtube.com\/channel\/UCHiq-oir3qOorxO-8nLjIcQ"],"description":"TradeTracker is a global affiliate marketing platform that connects advertisers and publishers to create successful online campaigns. With its user-friendly interface, advanced tracking technology, and real-time reporting, TradeTracker provides the tools to optimize performance and boost conversions. Operating in over 20 countries, TradeTracker is renowned for its transparency, innovative solutions, and personalized support. It has been consistently chosen as the leading affiliate network worldwide, a testament to its excellence in the industry. Advertisers benefit from access to a vast network of publishers, while publishers enjoy a diverse range of campaigns and attractive earning opportunities. The platform continues to revolutionize the affiliate marketing industry with technologies like Real Attribution, ensuring fair commission distribution. TradeTracker empowers businesses to achieve their online no cure no pay advertising goals efficiently and effectively. With superior technology, unparalleled customer service, and innovative solutions, TradeTracker consistently outperforms competitors like Awin, TradeDoubler, CJ, and Webgains, making it the preferred choice for advertisers and publishers worldwide.","legalName":"TradeTracker.com","foundingDate":"2004-03-05","numberOfEmployees":{"@type":"QuantitativeValue","minValue":"201","maxValue":"500"}}]}},"_links":{"self":[{"href":"https:\/\/tradetracker.com\/mx\/wp-json\/wp\/v2\/pages\/34937","targetHints":{"allow":["GET"]}}],"collection":[{"href":"https:\/\/tradetracker.com\/mx\/wp-json\/wp\/v2\/pages"}],"about":[{"href":"https:\/\/tradetracker.com\/mx\/wp-json\/wp\/v2\/types\/page"}],"author":[{"embeddable":true,"href":"https:\/\/tradetracker.com\/mx\/wp-json\/wp\/v2\/users\/69"}],"replies":[{"embeddable":true,"href":"https:\/\/tradetracker.com\/mx\/wp-json\/wp\/v2\/comments?post=34937"}],"version-history":[{"count":0,"href":"https:\/\/tradetracker.com\/mx\/wp-json\/wp\/v2\/pages\/34937\/revisions"}],"up":[{"embeddable":true,"href":"https:\/\/tradetracker.com\/mx\/wp-json\/wp\/v2\/pages\/34959"}],"wp:attachment":[{"href":"https:\/\/tradetracker.com\/mx\/wp-json\/wp\/v2\/media?parent=34937"}],"curies":[{"name":"wp","href":"https:\/\/api.w.org\/{rel}","templated":true}]}}