{"id":34942,"date":"2017-02-09T13:12:46","date_gmt":"2017-02-09T13:12:46","guid":{"rendered":"https:\/\/tradetracker.com\/para-afiliados\/"},"modified":"2022-01-10T23:12:36","modified_gmt":"2022-01-10T23:12:36","slug":"para-afiliados","status":"publish","type":"page","link":"https:\/\/tradetracker.com\/mx\/centro-de-formacion\/para-afiliados\/","title":{"rendered":"For Publishers"},"content":{"rendered":"<div class=\"wpb-content-wrapper\"><p>[vc_row el_id=&#8221;kc-top&#8221; classes=&#8221;part-fullsection section-kc-topics bg-color10 bg-pattern full-width&#8221;][vc_column]<div class=\"row\"><div class=\"vc_col-sm-12\"><div class=\" static-page-intro-text \"><h1  style=\"color: #ffffff\" class=\"\">CENTRO DE FORMACI\u00d3N<\/h1><h2  style=\"color: #ffffff\" class=\"\">Descubre cu\u00e1les son los aspectos b\u00e1sicos a tener en cuenta para poner en marcha una campa\u00f1a. Aqu\u00ed encontrar\u00e1s informaci\u00f3n pensada para darte una breve introducci\u00f3n sobre el marketing de afiliaci\u00f3n y la plataforma TradeTracker.<\/h2><\/div>\r\n        <\/div>\r\n    <\/div>[vc_wp_text]<\/p>\n<div id=\"kc-tab-wrap\">\n<ul>\n<li><a href=\"\/mx\/centro-de-formacion\/gdpr\/#for-advertisers\/\">Para anunciantes<\/a><\/li>\n<li class=\"active\"><a href=\"\/mx\/centro-de-formacion\/para-afiliados\/\">Para afiliados<\/a><\/li>\n<li class=\"\"><a href=\"\/mx\/centro-de-formacion\/glosario\/\">Glosario<\/a><\/li>\n<li class=\"\"><a href=\"\/mx\/centro-de-formacion\/gdpr\/\">GDPR<\/a><\/li>\n<\/ul>\n<\/div>\n<p>[\/vc_wp_text][\/vc_column][\/vc_row][vc_row el_id=&#8221;kc-content&#8221;][vc_column]    <div class=\"row\">\r\n        <div class=\"vc_col-sm-12\">\r\n            <div class=\"space\"><\/div>\r\n            <ul class=\"toggle\">\r\n                                            <li class=\"kc-topic active\"><a class=\"tgg-title\">\r\n                                <div class=\"feature-less-text\">Less<\/div>\u00bfC\u00f3mo puedo obtener una cuenta TradeTracker?<\/a>\r\n                        \r\n                        <div class=\"tgg-content\">\r\n                            <p><p>El registro en una cuenta de afiliado es gratuito. Una vez registrado, tu sitio web ser\u00e1 evaluado por uno de nuestros gestores de afiliados para su aprobaci\u00f3n. Cuando tu sitio haya sido aprobado, puedes comenzar inmediatamente a promocionar a los anunciantes que decidas. Ponte en marcha y crea una cuenta de afiliado..<\/p>\n<\/p>\r\n                        <\/div>\r\n                        <\/li>\r\n                                                    <li class=\"kc-topic\"><a class=\"tgg-title\">\r\n                                <div class=\"feature-less-text\">Less<\/div>\u00bfQu\u00e9 es un widget?<\/a>\r\n                        \r\n                        <div class=\"tgg-content\">\r\n                            <p><p>Un widget es un m\u00f3dulo que incluye contenido generado din\u00e1micamente y que puede a\u00f1adirse a tu sitio web incluyendo un sencillo trozo de c\u00f3digo. El resultado es un sofisticado motor de b\u00fasqueda de vuelos, o una herramienta con la que comparar art\u00edculos de moda.<br \/>\nTodos los widgets se pueden controlar desde las herramientas de p\u00e1gina en la interfaz de afiliado.<\/p>\n<\/p>\r\n                        <\/div>\r\n                        <\/li>\r\n                                                    <li class=\"kc-topic\"><a class=\"tgg-title\">\r\n                                <div class=\"feature-less-text\">Less<\/div>\u00bfQu\u00e9 creatividades puedo elegir?<\/a>\r\n                        \r\n                        <div class=\"tgg-content\">\r\n                            <p><p>Tienes la posibilidad de elegir entre una gran variedad de creatividades para incluir en tu sitio web como enlaces de texto, banners, cat\u00e1logos de productos, widgets y c\u00f3digos\/cupones descuento. En el caso de los banners, puedes configurar un rotador que se optimizar\u00e1 autom\u00e1ticamente en funci\u00f3n de los criterios de medici\u00f3n que t\u00fa le indiques, como por ejemplo EPC.<\/p>\n<\/p>\r\n                        <\/div>\r\n                        <\/li>\r\n                                                    <li class=\"kc-topic\"><a class=\"tgg-title\">\r\n                                <div class=\"feature-less-text\">Less<\/div>\u00bfPuedo disponer de API?<\/a>\r\n                        \r\n                        <div class=\"tgg-content\">\r\n                            <p><p>\u00a1Desde luego! La interfaz de programaci\u00f3n de aplicaciones (API o Web Service) te permite tener acceso a funciones e informaci\u00f3n disponible en el software otorgando acceso program\u00e1tico a la informaci\u00f3n en tu cuenta. Algunas de las funciones b\u00e1sicas API son: obtener informaci\u00f3n de cuenta, informaci\u00f3n sobre campa\u00f1as, informaci\u00f3n sobre transacciones, datos de feeds de productos, informaci\u00f3n de pagos, material promocional o una combinaci\u00f3n de todas ellas mediante la generaci\u00f3n de informes personalizados avanzados o permiti\u00e9ndote conectar con tu propio software de estad\u00edsticas, entre otras cosas.<br \/>\nNuestros servicios web se basan en el protocolo SOAP. Este protocolo es una especificaci\u00f3n para el intercambio de informaci\u00f3n organizada mediante Web Services. Puedes solicitar acceso a API f\u00e1cilmente desde tu cuenta.<\/p>\n<\/p>\r\n                        <\/div>\r\n                        <\/li>\r\n                                                    <li class=\"kc-topic\"><a class=\"tgg-title\">\r\n                                <div class=\"feature-less-text\">Less<\/div>\u00bfPuedo personalizar mi seguimiento?<\/a>\r\n                        \r\n                        <div class=\"tgg-content\">\r\n                            <p><p>\u00a1Claro que puedes! Adem\u00e1s de nuestra avanzada tecnolog\u00eda de registro de conversiones, disponemos de funciones adicionales personalizables para que puedas configurarlas. Por ejemplo, puedes conectar una referencia (o subID) a tu enlace o facilitar una ubicaci\u00f3n de rellamada autom\u00e1tica (call-back) desde la interfaz para que las conversaciones se env\u00eden a tu propio servidor de estad\u00edsticas. Incluso es posible, si se solicita, colocar una etiqueta de seguimiento de terceros.<\/p>\n<\/p>\r\n                        <\/div>\r\n                        <\/li>\r\n                                                    <li class=\"kc-topic\"><a class=\"tgg-title\">\r\n                                <div class=\"feature-less-text\">Less<\/div>\u00bfQu\u00e9 es Super Fast Payment?<\/a>\r\n                        \r\n                        <div class=\"tgg-content\">\r\n                            <p><p>Adem\u00e1s de la posibilidad de periodicidad de pago en cuatro veces al mes, es posible que cumplas los requisitos para optar por nuestro exclusivo procedimiento Super Fast Payment, que har\u00e1 que recibas los pagos por tus comisiones en horas tras la aprobaci\u00f3n de las transacciones. Obten m\u00e1s informaci\u00f3n sobre esta funci\u00f3n a trav\u00e9s de tu gestor de cuenta.<\/p>\n<\/p>\r\n                        <\/div>\r\n                        <\/li>\r\n                                                    <li class=\"kc-topic\"><a class=\"tgg-title\">\r\n                                <div class=\"feature-less-text\">Less<\/div>\u00bfCon qu\u00e9 frecuencia recibo los pagos?<\/a>\r\n                        \r\n                        <div class=\"tgg-content\">\r\n                            <p><p>Somos conscientes de que tener y mantener un sitio web de calidad requiere ayuda econ\u00f3mica. Por ese motivo, TradeTracker te pagar\u00e1 tus comisiones hasta en 4 ocasiones al mes. Incluso es posible solicitar nuestro servicio Super Fast Payment, que sirve para que te pagemos tus comisiones en un plazo de horas tras su aprobaci\u00f3n.<br \/>\nComo afiliado, tienes control total sobre tus pagos, y puedes modificar la periodicidad en el momento que quieras.<br \/>\nMensualmente<br \/>\nSi configuras la periodicidad de tus pagos en mensual, tu aviso de pago se generar\u00e1 el primer d\u00eda de cada mes.<br \/>\nBimensual<br \/>\nSi configuras la periodicidad de tus pagos en bimensual, tus avisos de pago se generar\u00e1n los d\u00edas 7 y 21 de cada mes.<br \/>\nCuatro veces al mes<br \/>\nSi configuras la periodicidad de tus pagos en cuatro veces al mes, tus avisos de pago se generar\u00e1n los d\u00edas 7, 14, 21 y 28 de cada mes.<br \/>\nSi lo deseas, puedes poner los pagos en espera habilitando la opci\u00f3n On-hold. Tambi\u00e9n puedes incrementar la cantidad m\u00ednima de pago para reducir el n\u00famero de transferencias.<br \/>\nLos pagos se realizar\u00e1n poco despu\u00e9s de que se hayan generado los avisos de pago, y puedes optar por recibirlos a trav\u00e9s de PayPal o transferencia bancaria.<\/p>\n<\/p>\r\n                        <\/div>\r\n                        <\/li>\r\n                                                    <li class=\"kc-topic\"><a class=\"tgg-title\">\r\n                                <div class=\"feature-less-text\">Less<\/div>\u00bfC\u00f3mo puedo empezar a obtener ingresos con mi contenido?<\/a>\r\n                        \r\n                        <div class=\"tgg-content\">\r\n                            <p><p>Nuestra plataforma de marketing de afiliaci\u00f3n te ofrece las herramientas necesarias para albergar contenido de marcas reconocidas en tu sitio web. Adem\u00e1s, podr\u00e1s realizar un seguimiento detallado del rendimiento y efectividad del material promocional implementado, con funciones para elaborar amplios informes que te permitan reaccionar y posteriormente optimizar tu trabajo online.<\/p>\n<\/p>\r\n                        <\/div>\r\n                        <\/li>\r\n                                                    <li class=\"kc-topic\"><a class=\"tgg-title\">\r\n                                <div class=\"feature-less-text\">Less<\/div>\u00bfPuedo obtener m\u00e1s ayuda?<\/a>\r\n                        \r\n                        <div class=\"tgg-content\">\r\n                            <p><p>\u00a1Por supuesto! Cuando nos propusimos ofrecer el mejor software de afiliaci\u00f3n del mercado, nos centramos en la facilidad de uso, y creamos algo que ayuda a que nuestros clientes tengan las cosas claras. A pesar de ello, en un entorno en constante movimiento como internet, es l\u00f3gico que surjan preguntas. Afortunadamente, contamos con un equipo de profesionales expertos en la industria que est\u00e1n dispuestos a prestarte ayuda cuando lo necesites.<\/p>\n<\/p>\r\n                        <\/div>\r\n                        <\/li>\r\n                                                    <li class=\"kc-topic\"><a class=\"tgg-title\">\r\n                                <div class=\"feature-less-text\">Less<\/div>\u00bfQu\u00e9 puedo hacer con las Page Tools?<\/a>\r\n                        \r\n                        <div class=\"tgg-content\">\r\n                            <p><p>Como afiliado, tendr\u00e1s acceso a las herramientas de p\u00e1gina de TradeTracker. Este conjunto de herramientas te permitir\u00e1 gestionar r\u00e1pidamente el contenido de tus sitios web desde la interfaz de TradeTracker.<br \/>\nPuedes simplemente conmutar la visibilidad de funciones como los widgets (herramientas comparativas) y nuestro Link Replacer, que es la herramienta perfecta para generar de forma autom\u00e1tica enlaces salientes de seguimiento a anunciantes.<\/p>\n<\/p>\r\n                        <\/div>\r\n                        <\/li>\r\n                                                    <li class=\"kc-topic\"><a class=\"tgg-title\">\r\n                                <div class=\"feature-less-text\">Less<\/div>\u00bfC\u00f3mo solicito operar en varios pa\u00edses?<\/a>\r\n                        \r\n                        <div class=\"tgg-content\">\r\n                            <p><p>Se tienes inter\u00e9s en incluir en tu sitio anunciantes de varios pa\u00edses, puedes incluir tu sitio web en otro territorio TradeTracker a trav\u00e9s de tu interfaz de afiliado. Es sencillo, vete a Cuenta -&gt; Mis sitios y haz clic en el enlace A\u00f1adir nuevo sitio. Ahora podr\u00e1s elegir los territorios adicionales en los que quieras incluir tu sitio web.<br \/>\nUna vez se haya aprobado tu solicitud, podr\u00e1s gestionar tu actividad para ese territorio seleccion\u00e1ndolo desde el men\u00fa desplegable de pa\u00edses en la parte superior de la interfaz.<\/p>\n<\/p>\r\n                        <\/div>\r\n                        <\/li>\r\n                                    <\/ul>\r\n            <div class=\"space\"><\/div>\r\n        <\/div>\r\n    <\/div>\r\n    [\/vc_column][\/vc_row]<\/p>\n<\/div>","protected":false},"excerpt":{"rendered":"<p>[vc_row el_id=&#8221;kc-top&#8221; classes=&#8221;part-fullsection section-kc-topics bg-color10 bg-pattern full-width&#8221;][vc_column][vc_wp_text] Para anunciantes Para afiliados Glosario GDPR [\/vc_wp_text][\/vc_column][\/vc_row][vc_row el_id=&#8221;kc-content&#8221;][vc_column][\/vc_column][\/vc_row]<\/p>\n","protected":false},"author":69,"featured_media":0,"parent":34955,"menu_order":0,"comment_status":"closed","ping_status":"closed","template":"","meta":{"inline_featured_image":false,"_monsterinsights_skip_tracking":false,"_monsterinsights_sitenote_active":false,"_monsterinsights_sitenote_note":"","_monsterinsights_sitenote_category":0,"footnotes":""},"class_list":["post-34942","page","type-page","status-publish","hentry"],"yoast_head":"<!-- This site is optimized with the Yoast SEO Premium plugin v27.0 (Yoast SEO v27.0) - https:\/\/yoast.com\/product\/yoast-seo-premium-wordpress\/ -->\n<title>For Publishers - TradeTracker.com | Affiliate Marketing | Performance Marketing<\/title>\n<meta name=\"description\" content=\"Conoce los puntos b\u00e1sicos para activar una campa\u00f1a. Aqu\u00ed ver\u00e1s una breve introducci\u00f3n al marketing de afiliaci\u00f3n y la plataforma TradeTracker.\" \/>\n<meta name=\"robots\" content=\"index, follow, max-snippet:-1, max-image-preview:large, max-video-preview:-1\" \/>\n<link rel=\"canonical\" href=\"https:\/\/tradetracker.com\/mx\/wp-json\/wp\/v2\/pages\/34942\/\" \/>\n<meta property=\"og:locale\" content=\"es_ES\" \/>\n<meta property=\"og:type\" content=\"article\" \/>\n<meta property=\"og:title\" content=\"\u00bfC\u00f3mo solicito operar en varios pa\u00edses? TradeTracker.com\" \/>\n<meta property=\"og:description\" content=\"Conoce los puntos b\u00e1sicos para activar una campa\u00f1a. Aqu\u00ed\" \/>\n<meta property=\"og:url\" content=\"https:\/\/tradetracker.com\/mx\/centro-de-formacion\/para-afiliados\/\" \/>\n<meta property=\"og:site_name\" content=\"TradeTracker.com | Affiliate Marketing | Performance Marketing\" \/>\n<meta property=\"article:publisher\" content=\"https:\/\/www.facebook.com\/tradetrackercom\" \/>\n<meta property=\"article:modified_time\" content=\"2022-01-10T23:12:36+00:00\" \/>\n<meta property=\"og:image\" content=\"https:\/\/tradetracker.com\/wp-content\/uploads\/2019\/12\/tradetracker-logo-square.png\" \/>\n\t<meta property=\"og:image:width\" content=\"250\" \/>\n\t<meta property=\"og:image:height\" content=\"250\" \/>\n\t<meta property=\"og:image:type\" content=\"image\/png\" \/>\n<meta name=\"twitter:card\" content=\"summary_large_image\" \/>\n<meta name=\"twitter:title\" content=\"\u00bfC\u00f3mo solicito operar en varios pa\u00edses?\" \/>\n<meta name=\"twitter:description\" content=\"Se tienes inter\u00e9s en incluir en tu sitio anunciantes de varios pa\u00edses, puedes incluir tu sitio web en otro territorio \" \/>\n<meta name=\"twitter:image\" content=\"https:\/\/tradetracker.com\/assets\/tt-circles.png\" \/>\n<meta name=\"twitter:site\" content=\"@tradetrackercom\" \/>\n<meta name=\"twitter:label1\" content=\"Est. reading time\" \/>\n\t<meta name=\"twitter:data1\" content=\"1 minute\" \/>\n<script type=\"application\/ld+json\" class=\"yoast-schema-graph\">{\"@context\":\"https:\/\/schema.org\",\"@graph\":[{\"@type\":\"WebPage\",\"@id\":\"https:\/\/tradetracker.com\/mx\/centro-de-formacion\/para-afiliados\/\",\"url\":\"https:\/\/tradetracker.com\/mx\/centro-de-formacion\/para-afiliados\/\",\"name\":\"For Publishers - TradeTracker.com | Affiliate Marketing | Performance Marketing\",\"isPartOf\":{\"@id\":\"https:\/\/tradetracker.com\/mx\/#website\"},\"datePublished\":\"2017-02-09T13:12:46+00:00\",\"dateModified\":\"2022-01-10T23:12:36+00:00\",\"description\":\"Conoce los puntos b\u00e1sicos para activar una campa\u00f1a. Aqu\u00ed ver\u00e1s una breve introducci\u00f3n al marketing de afiliaci\u00f3n y la plataforma TradeTracker.\",\"breadcrumb\":{\"@id\":\"https:\/\/tradetracker.com\/mx\/centro-de-formacion\/para-afiliados\/#breadcrumb\"},\"inLanguage\":\"es-MX\",\"potentialAction\":[{\"@type\":\"ReadAction\",\"target\":[\"https:\/\/tradetracker.com\/mx\/centro-de-formacion\/para-afiliados\/\"]}]},{\"@type\":\"BreadcrumbList\",\"@id\":\"https:\/\/tradetracker.com\/mx\/centro-de-formacion\/para-afiliados\/#breadcrumb\",\"itemListElement\":[{\"@type\":\"ListItem\",\"position\":1,\"name\":\"Home\",\"item\":\"https:\/\/tradetracker.com\/mx\/\"},{\"@type\":\"ListItem\",\"position\":2,\"name\":\"Centro de Formaci\u00f3n\",\"item\":\"https:\/\/tradetracker.com\/mx\/centro-de-formacion\/\"},{\"@type\":\"ListItem\",\"position\":3,\"name\":\"For Publishers\"}]},{\"@type\":\"WebSite\",\"@id\":\"https:\/\/tradetracker.com\/mx\/#website\",\"url\":\"https:\/\/tradetracker.com\/mx\/\",\"name\":\"TradeTracker.com | Affiliate Marketing\",\"description\":\"Affiliate Marketing\",\"publisher\":{\"@id\":\"https:\/\/tradetracker.com\/mx\/#organization\"},\"potentialAction\":[{\"@type\":\"SearchAction\",\"target\":{\"@type\":\"EntryPoint\",\"urlTemplate\":\"https:\/\/tradetracker.com\/mx\/?s={search_term_string}\"},\"query-input\":{\"@type\":\"PropertyValueSpecification\",\"valueRequired\":true,\"valueName\":\"search_term_string\"}}],\"inLanguage\":\"es-MX\"},{\"@type\":\"Organization\",\"@id\":\"https:\/\/tradetracker.com\/mx\/#organization\",\"name\":\"TradeTracker FZ LLC\",\"url\":\"https:\/\/tradetracker.com\/mx\/\",\"logo\":{\"@type\":\"ImageObject\",\"inLanguage\":\"es-MX\",\"@id\":\"https:\/\/tradetracker.com\/mx\/#\/schema\/logo\/image\/\",\"url\":\"https:\/\/tradetracker.com\/wp-content\/uploads\/2019\/04\/tradetracker-logo_1.jpg\",\"contentUrl\":\"https:\/\/tradetracker.com\/wp-content\/uploads\/2019\/04\/tradetracker-logo_1.jpg\",\"width\":672,\"height\":109,\"caption\":\"TradeTracker FZ LLC\"},\"image\":{\"@id\":\"https:\/\/tradetracker.com\/mx\/#\/schema\/logo\/image\/\"},\"sameAs\":[\"https:\/\/www.facebook.com\/tradetrackercom\",\"https:\/\/x.com\/tradetrackercom\",\"https:\/\/www.linkedin.com\/company\/tradetrackercom\",\"https:\/\/www.youtube.com\/channel\/UCHiq-oir3qOorxO-8nLjIcQ\"],\"description\":\"TradeTracker is a global affiliate marketing platform that connects advertisers and publishers to create successful online campaigns. With its user-friendly interface, advanced tracking technology, and real-time reporting, TradeTracker provides the tools to optimize performance and boost conversions. Operating in over 20 countries, TradeTracker is renowned for its transparency, innovative solutions, and personalized support. It has been consistently chosen as the leading affiliate network worldwide, a testament to its excellence in the industry. Advertisers benefit from access to a vast network of publishers, while publishers enjoy a diverse range of campaigns and attractive earning opportunities. The platform continues to revolutionize the affiliate marketing industry with technologies like Real Attribution, ensuring fair commission distribution. TradeTracker empowers businesses to achieve their online no cure no pay advertising goals efficiently and effectively. With superior technology, unparalleled customer service, and innovative solutions, TradeTracker consistently outperforms competitors like Awin, TradeDoubler, CJ, and Webgains, making it the preferred choice for advertisers and publishers worldwide.\",\"legalName\":\"TradeTracker.com\",\"foundingDate\":\"2004-03-05\",\"numberOfEmployees\":{\"@type\":\"QuantitativeValue\",\"minValue\":\"201\",\"maxValue\":\"500\"}}]}<\/script>\n<!-- \/ Yoast SEO Premium plugin. -->","yoast_head_json":{"title":"For Publishers - TradeTracker.com | Affiliate Marketing | Performance Marketing","description":"Conoce los puntos b\u00e1sicos para activar una campa\u00f1a. Aqu\u00ed ver\u00e1s una breve introducci\u00f3n al marketing de afiliaci\u00f3n y la plataforma TradeTracker.","robots":{"index":"index","follow":"follow","max-snippet":"max-snippet:-1","max-image-preview":"max-image-preview:large","max-video-preview":"max-video-preview:-1"},"canonical":"https:\/\/tradetracker.com\/mx\/wp-json\/wp\/v2\/pages\/34942\/","og_locale":"es_ES","og_type":"article","og_title":"\u00bfC\u00f3mo solicito operar en varios pa\u00edses? TradeTracker.com","og_description":"Conoce los puntos b\u00e1sicos para activar una campa\u00f1a. Aqu\u00ed","og_url":"https:\/\/tradetracker.com\/mx\/centro-de-formacion\/para-afiliados\/","og_site_name":"TradeTracker.com | Affiliate Marketing | Performance Marketing","article_publisher":"https:\/\/www.facebook.com\/tradetrackercom","article_modified_time":"2022-01-10T23:12:36+00:00","og_image":[{"width":250,"height":250,"url":"https:\/\/tradetracker.com\/wp-content\/uploads\/2019\/12\/tradetracker-logo-square.png","type":"image\/png"}],"twitter_card":"summary_large_image","twitter_title":"\u00bfC\u00f3mo solicito operar en varios pa\u00edses?","twitter_description":"Se tienes inter\u00e9s en incluir en tu sitio anunciantes de varios pa\u00edses, puedes incluir tu sitio web en otro territorio ","twitter_image":"https:\/\/tradetracker.com\/assets\/tt-circles.png","twitter_site":"@tradetrackercom","twitter_misc":{"Est. reading time":"1 minute"},"schema":{"@context":"https:\/\/schema.org","@graph":[{"@type":"WebPage","@id":"https:\/\/tradetracker.com\/mx\/centro-de-formacion\/para-afiliados\/","url":"https:\/\/tradetracker.com\/mx\/centro-de-formacion\/para-afiliados\/","name":"For Publishers - TradeTracker.com | Affiliate Marketing | Performance Marketing","isPartOf":{"@id":"https:\/\/tradetracker.com\/mx\/#website"},"datePublished":"2017-02-09T13:12:46+00:00","dateModified":"2022-01-10T23:12:36+00:00","description":"Conoce los puntos b\u00e1sicos para activar una campa\u00f1a. Aqu\u00ed ver\u00e1s una breve introducci\u00f3n al marketing de afiliaci\u00f3n y la plataforma TradeTracker.","breadcrumb":{"@id":"https:\/\/tradetracker.com\/mx\/centro-de-formacion\/para-afiliados\/#breadcrumb"},"inLanguage":"es-MX","potentialAction":[{"@type":"ReadAction","target":["https:\/\/tradetracker.com\/mx\/centro-de-formacion\/para-afiliados\/"]}]},{"@type":"BreadcrumbList","@id":"https:\/\/tradetracker.com\/mx\/centro-de-formacion\/para-afiliados\/#breadcrumb","itemListElement":[{"@type":"ListItem","position":1,"name":"Home","item":"https:\/\/tradetracker.com\/mx\/"},{"@type":"ListItem","position":2,"name":"Centro de Formaci\u00f3n","item":"https:\/\/tradetracker.com\/mx\/centro-de-formacion\/"},{"@type":"ListItem","position":3,"name":"For Publishers"}]},{"@type":"WebSite","@id":"https:\/\/tradetracker.com\/mx\/#website","url":"https:\/\/tradetracker.com\/mx\/","name":"TradeTracker.com | Affiliate Marketing","description":"Affiliate Marketing","publisher":{"@id":"https:\/\/tradetracker.com\/mx\/#organization"},"potentialAction":[{"@type":"SearchAction","target":{"@type":"EntryPoint","urlTemplate":"https:\/\/tradetracker.com\/mx\/?s={search_term_string}"},"query-input":{"@type":"PropertyValueSpecification","valueRequired":true,"valueName":"search_term_string"}}],"inLanguage":"es-MX"},{"@type":"Organization","@id":"https:\/\/tradetracker.com\/mx\/#organization","name":"TradeTracker FZ LLC","url":"https:\/\/tradetracker.com\/mx\/","logo":{"@type":"ImageObject","inLanguage":"es-MX","@id":"https:\/\/tradetracker.com\/mx\/#\/schema\/logo\/image\/","url":"https:\/\/tradetracker.com\/wp-content\/uploads\/2019\/04\/tradetracker-logo_1.jpg","contentUrl":"https:\/\/tradetracker.com\/wp-content\/uploads\/2019\/04\/tradetracker-logo_1.jpg","width":672,"height":109,"caption":"TradeTracker FZ LLC"},"image":{"@id":"https:\/\/tradetracker.com\/mx\/#\/schema\/logo\/image\/"},"sameAs":["https:\/\/www.facebook.com\/tradetrackercom","https:\/\/x.com\/tradetrackercom","https:\/\/www.linkedin.com\/company\/tradetrackercom","https:\/\/www.youtube.com\/channel\/UCHiq-oir3qOorxO-8nLjIcQ"],"description":"TradeTracker is a global affiliate marketing platform that connects advertisers and publishers to create successful online campaigns. With its user-friendly interface, advanced tracking technology, and real-time reporting, TradeTracker provides the tools to optimize performance and boost conversions. Operating in over 20 countries, TradeTracker is renowned for its transparency, innovative solutions, and personalized support. It has been consistently chosen as the leading affiliate network worldwide, a testament to its excellence in the industry. Advertisers benefit from access to a vast network of publishers, while publishers enjoy a diverse range of campaigns and attractive earning opportunities. The platform continues to revolutionize the affiliate marketing industry with technologies like Real Attribution, ensuring fair commission distribution. TradeTracker empowers businesses to achieve their online no cure no pay advertising goals efficiently and effectively. With superior technology, unparalleled customer service, and innovative solutions, TradeTracker consistently outperforms competitors like Awin, TradeDoubler, CJ, and Webgains, making it the preferred choice for advertisers and publishers worldwide.","legalName":"TradeTracker.com","foundingDate":"2004-03-05","numberOfEmployees":{"@type":"QuantitativeValue","minValue":"201","maxValue":"500"}}]}},"_links":{"self":[{"href":"https:\/\/tradetracker.com\/mx\/wp-json\/wp\/v2\/pages\/34942","targetHints":{"allow":["GET"]}}],"collection":[{"href":"https:\/\/tradetracker.com\/mx\/wp-json\/wp\/v2\/pages"}],"about":[{"href":"https:\/\/tradetracker.com\/mx\/wp-json\/wp\/v2\/types\/page"}],"author":[{"embeddable":true,"href":"https:\/\/tradetracker.com\/mx\/wp-json\/wp\/v2\/users\/69"}],"replies":[{"embeddable":true,"href":"https:\/\/tradetracker.com\/mx\/wp-json\/wp\/v2\/comments?post=34942"}],"version-history":[{"count":0,"href":"https:\/\/tradetracker.com\/mx\/wp-json\/wp\/v2\/pages\/34942\/revisions"}],"up":[{"embeddable":true,"href":"https:\/\/tradetracker.com\/mx\/wp-json\/wp\/v2\/pages\/34955"}],"wp:attachment":[{"href":"https:\/\/tradetracker.com\/mx\/wp-json\/wp\/v2\/media?parent=34942"}],"curies":[{"name":"wp","href":"https:\/\/api.w.org\/{rel}","templated":true}]}}