{"id":13348,"date":"2017-02-15T06:15:31","date_gmt":"2017-02-15T06:15:31","guid":{"rendered":"https:\/\/tradetracker.com\/no\/admonitor\/"},"modified":"2025-01-09T02:52:02","modified_gmt":"2025-01-09T02:52:02","slug":"admonitor","status":"publish","type":"page","link":"https:\/\/tradetracker.com\/no\/admonitor\/","title":{"rendered":"Admonitor"},"content":{"rendered":"<div class=\"wpb-content-wrapper\"><p>[vc_row classes=&#8221;admonitor-page-detail&#8221;][vc_column]<div class=\"row\"><div class=\"vc_col-sm-12\"><div class=\"industry-page-intro-text\"><h1  class=\"\">ADMONITOR<\/h1><h2  class=\"\">S\u00f8kekanaler er viktige kilder for trafikk for nesten alle nettsteder og nettbutikker. Dine merkevarer er essensielle i s\u00f8keprosessen og spiller en viktig rolle i det \u00e5 skaffe trafikk til ditt nettsted. Men i tillegg til din egen markedsf\u00f8ring kan ogs\u00e5 andre akt\u00f8rer som konkurrenter, partnere og forhandlere pr\u00f8ve \u00e5 utnytte merkenavnet ditt. For \u00e5 beskytte ditt merkenavn har TradeTracker utviklet et verkt\u00f8y som overv\u00e5ker bruken av merkenavnet ditt p\u00e5 tvers av s\u00f8kekanaler og oppdager misbruk av merkenavnet i s\u00f8keannonser. TradeTrackers AdMonitor\u00ae avsl\u00f8rer eventuelle merkevarekrenkelser og gj\u00f8r at du kan sikre at SEM-begrensingene overholdes p\u00e5 dine affiliate og alle andre markedsf\u00f8ringskampanjer.<\/h2><\/div>\r\n        <\/div>\r\n    <\/div><div class=\"space\"><\/div>[\/vc_column][\/vc_row][vc_row classes=&#8221;se-how bg-pattern&#8221;][vc_column width=&#8221;2\/12&#8243;][\/vc_column][vc_column width=&#8221;8\/12&#8243; el_class=&#8221;acenter&#8221;]<div class=\"space\"><\/div><header><h2 class=\" tt_composer\" >Slik fungerer det<\/h2><\/header>[vc_wp_text el_class=&#8221;acenter&#8221;]<\/p>\n<p>Du bestemmer selv hvilke s\u00f8keord som skal overv\u00e5kes samt s\u00f8kefrekvens og s\u00f8kekanaler. AdMonitor er i stand til \u00e5 gjennomg\u00e5 b\u00e5de vanlige og mobile s\u00f8kekanaler. Du blir varslet n\u00e5r mulige merkevarekrenkelser som oppfyller dine varslingskriterier blir oppdaget. Ved hjelp av avanserte algoritmer er programvaren ogs\u00e5 i stand til \u00e5 finne ID-ene til affiliates fra mange andre affiliatenettverk som affiliates kj\u00f8rer kampanje gjennom. AdMonitor er ogs\u00e5 fullt integrert med programvaren til TradeTracker, noe som betyr at du ikke m\u00e5 logge inn i et annet system. Resultatene av s\u00f8kene vises p\u00e5 dashbordet og du kan naturligvis g\u00e5 enda dypere og se p\u00e5 hvert s\u00f8keresultat.<\/p>\n<p>[\/vc_wp_text][\/vc_column][vc_column width=&#8221;2\/12&#8243;][\/vc_column][\/vc_row][vc_row][vc_column][vc_single_image image=&#8221;113736&#8243; img_size=&#8221;1120&#215;604&#8243; alignment=&#8221;center&#8221;][\/vc_column][\/vc_row][vc_row classes=&#8221;se-detect&#8221;][vc_column]<div class=\"space\"><\/div><header><h2 class=\" tt_composer\" >Hva AdMonitor oppdager<\/h2><\/header>[vc_row_inner el_class=&#8221;se-detect&#8221;][vc_column_inner width=&#8221;1\/2&#8243;][vc_single_image image=&#8221;113842&#8243; alignment=&#8221;center&#8221; el_class=&#8221;se-img&#8221;][vc_wp_text]<\/p>\n<h3>Misbruk av URL eller annonsetekst<\/h3>\n<p>Vi identifiserer tilfeller hvor noen bruker din annonsetekst og visningsadresse, og sender kunden gjennom en affiliatelenke f\u00f8r de ender opp p\u00e5 ditt nettsted. Siden slike annonser ser ut som dine egne annonser er denne typen overtredelse vanskelig \u00e5 oppdage uten avansert programvare.<\/p>\n<p>[\/vc_wp_text]<div class=\"space\"><\/div>[\/vc_column_inner][vc_column_inner width=&#8221;1\/2&#8243;][vc_single_image image=&#8221;113824&#8243; alignment=&#8221;center&#8221; el_class=&#8221;se-img&#8221;][vc_wp_text]<\/p>\n<h3>Tidsbegrenset annonsering<\/h3>\n<p>Vi identifiserer tilfeller hvor noen begrenser visningen av annonsene til spesielle tidspunkt p\u00e5 dagen, spesielt kvelder og netter, samt i helger n\u00e5r det er mindre sannsynlig at du legger merke til disse annonsene.<\/p>\n<p>[\/vc_wp_text]<div class=\"space\"><\/div>[\/vc_column_inner][\/vc_row_inner][vc_row_inner el_class=&#8221;se-detect&#8221;][vc_column_inner width=&#8221;1\/2&#8243;][vc_single_image image=&#8221;113878&#8243; alignment=&#8221;center&#8221; el_class=&#8221;se-img&#8221;][vc_wp_text]<\/p>\n<h3>Omvendt geografisk m\u00e5lretting<\/h3>\n<p>Vi identifiserer tilfeller hvor noen bruker omvendt geografisk m\u00e5lretting basert p\u00e5 IP-adresse. Ved bruk av denne metoden vil en som misbruker merkenavnet ditt vise annonsene kun i bestemte byer og\/eller regioner.<\/p>\n<p>[\/vc_wp_text][\/vc_column_inner][vc_column_inner width=&#8221;1\/2&#8243;][vc_single_image image=&#8221;113860&#8243; alignment=&#8221;center&#8221; el_class=&#8221;se-img&#8221;][vc_wp_text]<\/p>\n<h3>Lenkemaskering<\/h3>\n<p>Vi identifiserer tilfeller med urettmessig bruk av en avledning for \u00e5 skjule eller kutte den opprinnelige trafikkilden.<\/p>\n<p>[\/vc_wp_text][\/vc_column_inner][\/vc_row_inner][vc_row_inner][vc_column_inner]<div class=\"space\"><\/div>[vc_wp_text]Sammen med din Account Manager kan du g\u00e5 gjennom resultatene av AdMonitor og opprette en hviteliste over affiliates eller andre partnere hvis aktivitet ikke b\u00f8r bli flagget\/tolkes som trusler.[\/vc_wp_text]<div class=\"space\"><\/div>[\/vc_column_inner][\/vc_row_inner][\/vc_column][\/vc_row][vc_row el_id=&#8221;section-se-brands&#8221;][vc_column]<header><h2 class=\" tt_composer\" >Hvilke s\u00f8kekanaler vi overv\u00e5ker<\/h2><\/header>[vc_row_inner el_class=&#8221;se-logos&#8221;][vc_column_inner el_class=&#8221;acenter&#8221; width=&#8221;1\/4&#8243;][vc_single_image image=&#8221;113770&#8243; img_size=&#8221;full&#8221;][\/vc_column_inner][vc_column_inner el_class=&#8221;acenter&#8221; width=&#8221;1\/4&#8243;][vc_single_image image=&#8221;113788&#8243; img_size=&#8221;full&#8221;][\/vc_column_inner][vc_column_inner el_class=&#8221;acenter&#8221; width=&#8221;1\/4&#8243;][vc_single_image image=&#8221;113752&#8243; img_size=&#8221;full&#8221;][\/vc_column_inner][vc_column_inner el_class=&#8221;acenter&#8221; width=&#8221;1\/4&#8243;][vc_single_image image=&#8221;113806&#8243; img_size=&#8221;full&#8221;][\/vc_column_inner][\/vc_row_inner][\/vc_column][\/vc_row][vc_row][vc_column]<div class=\"space\"><\/div>[vc_row_inner el_class=&#8221;se-package&#8221;][vc_column_inner]<header><h2 class=\" tt_composer\" >Velg pakken som passer deg<\/h2><\/header>[\/vc_column_inner][\/vc_row_inner][vc_wp_text el_class=&#8221;se-package&#8221;]<\/p>\n<p>Du kan velge mellom tre pakker: Basic, Advanced og Premium. Hver pakke inneholder et gitt antall inkluderte s\u00f8k samt kostnader for ytterligere s\u00f8k. Antall s\u00f8k du trenger per m\u00e5ned avgj\u00f8r hvilken pakke som er ideell for deg. For \u00e5 finne den riktige pakken m\u00e5 du f\u00f8rst bestemme hvor mange s\u00f8keord og hvilke kanaler du \u00f8nsker \u00e5 overv\u00e5ke. For \u00e5 sikre kvaliteten p\u00e5 resultatene er s\u00f8kefrekvensen satt til \u00e5 sjekke s\u00f8keordene p\u00e5 et tilfeldig tidspunkt hver time.<\/p>\n<p><i>Her er et enkelt eksempel:<\/i><br \/>\nAntall s\u00f8keord: 10<br \/>\nS\u00f8kemotorer: Google, Yahoo og Bing<br \/>\nS\u00f8kefrekvens: Et tilfeldig \u00f8yeblikk hver time (fast)<\/p>\n<p>Basert p\u00e5 dette vil vi gjennomf\u00f8re 720 (10 s\u00f8keord x 3 s\u00f8kemotorer x 24 timer) s\u00f8k per dag, noe som gj\u00f8r at pakken \u00abAdvanced\u00bb passer best for deg. Kontakt oss s\u00e5 hjelper vi deg med \u00e5 sette de riktige parameterne og velge riktig pakke basert p\u00e5 erfaringer og analyser av sammenligningsgrupper.<\/p>\n<p>[\/vc_wp_text]<div class=\"space\"><\/div>[\/vc_column][\/vc_row][vc_row classes=&#8221;sec-diff&#8221;][vc_column]<header><h2 class=\" tt_composer\" >De ulike pakkene v\u00e5re<\/h2><\/header>[vc_row_inner][vc_column_inner el_class=&#8221;se-pricing&#8221; width=&#8221;1\/3&#8243;]<div class=\"package admonitor-package \">\r\n            <h2>Basic<\/h2>\r\n            <p><span class=\"package-price\">799 KR PER M\u00c5NED<\/span><\/p>\r\n            <p>Opptil 2.500 s\u00f8k per m\u00e5ned.<\/p>\r\n            <div class=\"space-half\"><\/div><p>Kostnad per ekstra s\u00f8k: 0,40 kr<\/p><\/div>[\/vc_column_inner][vc_column_inner el_class=&#8221;se-pricing&#8221; width=&#8221;1\/3&#8243;]<div class=\"package admonitor-package \">\r\n            <h2>Advanced<\/h2>\r\n            <p><span class=\"package-price\">1.999 KR PER M\u00c5NED<\/span><\/p>\r\n            <p>Opptil 25.000 s\u00f8k per m\u00e5ned<\/p>\r\n            <div class=\"space-half\"><\/div><p>Kostnad per ekstra s\u00f8k: 0,30 kr<\/p><\/div>[\/vc_column_inner][vc_column_inner el_class=&#8221;se-pricing&#8221; width=&#8221;1\/3&#8243;]<div class=\"package admonitor-package \">\r\n            <h2>Premium<\/h2>\r\n            <p><span class=\"package-price\">3.999 KR PER M\u00c5NED<\/span><\/p>\r\n            <p>Opptil 250.000 s\u00f8k per m\u00e5ned<\/p>\r\n            <div class=\"space-half\"><\/div><p>Kostnad per ekstra s\u00f8k: 0,10 kr<\/p><\/div>[\/vc_column_inner][\/vc_row_inner][\/vc_column][\/vc_row][vc_row classes=&#8221;cta bg-pattern&#8221; el_id=&#8221;ctaaam&#8221;][vc_column]<div class=\"row\"><div class=\"vc_col-sm-12\"><h2 class=\"get_started\" >Er du klar til \u00e5 ta neste steg?<\/h2><p >Vi er et team som best\u00e5r av resultatdrevne affiliatejunkies som brenner for resultater og alltid er p\u00e5 utkikk etter \u00e5 gj\u00f8re markedsf\u00f8ringsverdenen til et bedre sted \u00e5 v\u00e6re. Ta kontakt s\u00e5 forteller vi gjerne hvordan vi kan hjelpe deg med \u00e5 komme i gang med affiliatemarkedsf\u00f8ring hos TradeTracker.<\/p><\/div><\/div><div class=\"space\"><\/div>[vc_row_inner][vc_column_inner width=&#8221;2\/12&#8243;][\/vc_column_inner][vc_column_inner el_class=&#8221;cta-block merchant no-bg-cta&#8221; width=&#8221;4\/12&#8243;][vc_btn title=&#8221;Registrer deg som annons\u00f8r&#8221; style=&#8221;classic&#8221; color=&#8221;white&#8221; size=&#8221;lg&#8221; align=&#8221;center&#8221; css=&#8221;&#8221; link=&#8221;url:https%3A%2F%2Fmerchant.tradetracker.com%2Fportal%2FadvertiserBrochure%3Floc%3Dnb_NO&#8221; el_class=&#8221;theme-btn btn-style-one text-center tdecn&#8221;][vc_raw_html el_class=&#8221;force-white-text&#8221;]JTNDc3BhbiUyMGNsYXNzJTNEJTIybGluay1zZXAlMjIlM0UtZWxsZXItJTNDJTJGc3BhbiUzRQ==[\/vc_raw_html]<div class=\"row\"><div class=\"vc_col-sm-12\"><p><a class=\"textlink force-white-text\" href=\"\/no\/advertisers\/\">Annnons\u00f8rer<\/a><\/p><\/div><\/div>[\/vc_column_inner][vc_column_inner el_class=&#8221;cta-block publisher no-bg-cta&#8221; width=&#8221;4\/12&#8243;][vc_btn title=&#8221;Registrer deg som publisher&#8221; style=&#8221;classic&#8221; color=&#8221;white&#8221; size=&#8221;lg&#8221; align=&#8221;center&#8221; link=&#8221;url:https%3A%2F%2Faffiliate.tradetracker.com%2Fsignup%2Fstep1%3Floc%3Dnb_NO|||&#8221; el_class=&#8221;theme-btn btn-style-one text-center tdecn&#8221;][vc_raw_html el_class=&#8221;force-white-text&#8221;]JTNDc3BhbiUyMGNsYXNzJTNEJTIybGluay1zZXAlMjIlM0UtZWxsZXItJTNDJTJGc3BhbiUzRQ==[\/vc_raw_html]<div class=\"row\"><div class=\"vc_col-sm-12\"><p><a class=\"textlink force-white-text\" href=\"\/no\/publishers\/\">Publishere<\/a><\/p><\/div><\/div>[\/vc_column_inner][vc_column_inner width=&#8221;2\/12&#8243;][\/vc_column_inner][\/vc_row_inner]<div class=\"space\"><\/div>[\/vc_column][\/vc_row]<\/p>\n<\/div>","protected":false},"excerpt":{"rendered":"<p>[vc_row classes=&#8221;admonitor-page-detail&#8221;][vc_column][\/vc_column][\/vc_row][vc_row classes=&#8221;se-how bg-pattern&#8221;][vc_column width=&#8221;2\/12&#8243;][\/vc_column][vc_column width=&#8221;8\/12&#8243; el_class=&#8221;acenter&#8221;][vc_wp_text el_class=&#8221;acenter&#8221;] Du bestemmer selv hvilke s\u00f8keord som skal overv\u00e5kes samt s\u00f8kefrekvens og s\u00f8kekanaler. AdMonitor er i stand til \u00e5 gjennomg\u00e5 b\u00e5de vanlige og mobile s\u00f8kekanaler. Du blir varslet n\u00e5r mulige merkevarekrenkelser som oppfyller dine varslingskriterier blir oppdaget. Ved hjelp av avanserte algoritmer er programvaren ogs\u00e5 i stand til  [&#8230;]<\/p>\n","protected":false},"author":69,"featured_media":0,"parent":0,"menu_order":0,"comment_status":"closed","ping_status":"closed","template":"","meta":{"inline_featured_image":false,"_monsterinsights_skip_tracking":false,"_monsterinsights_sitenote_active":false,"_monsterinsights_sitenote_note":"","_monsterinsights_sitenote_category":0,"footnotes":""},"class_list":["post-13348","page","type-page","status-publish","hentry"],"yoast_head":"<!-- This site is optimized with the Yoast SEO Premium plugin v27.0 (Yoast SEO v27.0) - https:\/\/yoast.com\/product\/yoast-seo-premium-wordpress\/ -->\n<title>Admonitor - TradeTracker.com | Affiliate Marketing | Performance Marketing<\/title>\n<meta name=\"description\" content=\"[vc_row classes=&quot;admonitor-page-detail&quot;][vc_column]ADMONITORS\u00f8kekanaler er viktige kilder for trafikk for nesten alle nettsteder og nettbutikker. Dine merkevarer er essensielle i s\u00f8keprosessen og spiller en viktig\" \/>\n<meta name=\"robots\" content=\"index, follow, max-snippet:-1, max-image-preview:large, max-video-preview:-1\" \/>\n<link rel=\"canonical\" href=\"https:\/\/tradetracker.com\/no\/wp-json\/wp\/v2\/pages\/13348\/\" \/>\n<meta property=\"og:locale\" content=\"en_US\" \/>\n<meta property=\"og:type\" content=\"article\" \/>\n<meta property=\"og:title\" content=\"Admonitor TradeTracker.com\" \/>\n<meta property=\"og:description\" content=\"[vc_row\" \/>\n<meta property=\"og:url\" content=\"https:\/\/tradetracker.com\/no\/admonitor\/\" \/>\n<meta property=\"og:site_name\" content=\"TradeTracker.com | Affiliate Marketing | Performance Marketing\" \/>\n<meta property=\"article:publisher\" content=\"https:\/\/www.facebook.com\/tradetrackercom\" \/>\n<meta property=\"article:modified_time\" content=\"2025-01-09T02:52:02+00:00\" \/>\n<meta property=\"og:image\" content=\"https:\/\/tradetracker.com\/wp-content\/uploads\/2019\/12\/tradetracker-logo-square.png\" \/>\n\t<meta property=\"og:image:width\" content=\"250\" \/>\n\t<meta property=\"og:image:height\" content=\"250\" \/>\n\t<meta property=\"og:image:type\" content=\"image\/png\" \/>\n<meta name=\"twitter:card\" content=\"summary_large_image\" \/>\n<meta name=\"twitter:title\" content=\"Admonitor\" \/>\n<meta name=\"twitter:description\" content=\"[vc_row classes=&quot;admonitor-page-detail&quot;][vc_column]ADMONITORS\u00f8kekanaler er viktige kilder for trafikk for nesten alle \" \/>\n<meta name=\"twitter:image\" content=\"https:\/\/tradetracker.com\/assets\/tt-circles.png\" \/>\n<meta name=\"twitter:site\" content=\"@tradetrackercom\" \/>\n<meta name=\"twitter:label1\" content=\"Est. reading time\" \/>\n\t<meta name=\"twitter:data1\" content=\"4 minutes\" \/>\n<script type=\"application\/ld+json\" class=\"yoast-schema-graph\">{\"@context\":\"https:\/\/schema.org\",\"@graph\":[{\"@type\":\"WebPage\",\"@id\":\"https:\/\/tradetracker.com\/no\/admonitor\/\",\"url\":\"https:\/\/tradetracker.com\/no\/admonitor\/\",\"name\":\"Admonitor - TradeTracker.com | Affiliate Marketing | Performance Marketing\",\"isPartOf\":{\"@id\":\"https:\/\/tradetracker.com\/no\/#website\"},\"datePublished\":\"2017-02-15T06:15:31+00:00\",\"dateModified\":\"2025-01-09T02:52:02+00:00\",\"breadcrumb\":{\"@id\":\"https:\/\/tradetracker.com\/no\/admonitor\/#breadcrumb\"},\"inLanguage\":\"nb-NO\",\"potentialAction\":[{\"@type\":\"ReadAction\",\"target\":[\"https:\/\/tradetracker.com\/no\/admonitor\/\"]}]},{\"@type\":\"BreadcrumbList\",\"@id\":\"https:\/\/tradetracker.com\/no\/admonitor\/#breadcrumb\",\"itemListElement\":[{\"@type\":\"ListItem\",\"position\":1,\"name\":\"Home\",\"item\":\"https:\/\/tradetracker.com\/no\/\"},{\"@type\":\"ListItem\",\"position\":2,\"name\":\"Admonitor\"}]},{\"@type\":\"WebSite\",\"@id\":\"https:\/\/tradetracker.com\/no\/#website\",\"url\":\"https:\/\/tradetracker.com\/no\/\",\"name\":\"TradeTracker.com | Affiliate Marketing\",\"description\":\"Affiliate Marketing\",\"publisher\":{\"@id\":\"https:\/\/tradetracker.com\/no\/#organization\"},\"potentialAction\":[{\"@type\":\"SearchAction\",\"target\":{\"@type\":\"EntryPoint\",\"urlTemplate\":\"https:\/\/tradetracker.com\/no\/?s={search_term_string}\"},\"query-input\":{\"@type\":\"PropertyValueSpecification\",\"valueRequired\":true,\"valueName\":\"search_term_string\"}}],\"inLanguage\":\"nb-NO\"},{\"@type\":\"Organization\",\"@id\":\"https:\/\/tradetracker.com\/no\/#organization\",\"name\":\"TradeTracker FZ LLC\",\"url\":\"https:\/\/tradetracker.com\/no\/\",\"logo\":{\"@type\":\"ImageObject\",\"inLanguage\":\"nb-NO\",\"@id\":\"https:\/\/tradetracker.com\/no\/#\/schema\/logo\/image\/\",\"url\":\"https:\/\/tradetracker.com\/wp-content\/uploads\/2019\/04\/tradetracker-logo_1.jpg\",\"contentUrl\":\"https:\/\/tradetracker.com\/wp-content\/uploads\/2019\/04\/tradetracker-logo_1.jpg\",\"width\":672,\"height\":109,\"caption\":\"TradeTracker FZ LLC\"},\"image\":{\"@id\":\"https:\/\/tradetracker.com\/no\/#\/schema\/logo\/image\/\"},\"sameAs\":[\"https:\/\/www.facebook.com\/tradetrackercom\",\"https:\/\/x.com\/tradetrackercom\",\"https:\/\/www.linkedin.com\/company\/tradetrackercom\",\"https:\/\/www.youtube.com\/channel\/UCHiq-oir3qOorxO-8nLjIcQ\"],\"description\":\"TradeTracker is a global affiliate marketing platform that connects advertisers and publishers to create successful online campaigns. With its user-friendly interface, advanced tracking technology, and real-time reporting, TradeTracker provides the tools to optimize performance and boost conversions. Operating in over 20 countries, TradeTracker is renowned for its transparency, innovative solutions, and personalized support. It has been consistently chosen as the leading affiliate network worldwide, a testament to its excellence in the industry. Advertisers benefit from access to a vast network of publishers, while publishers enjoy a diverse range of campaigns and attractive earning opportunities. The platform continues to revolutionize the affiliate marketing industry with technologies like Real Attribution, ensuring fair commission distribution. TradeTracker empowers businesses to achieve their online no cure no pay advertising goals efficiently and effectively. With superior technology, unparalleled customer service, and innovative solutions, TradeTracker consistently outperforms competitors like Awin, TradeDoubler, CJ, and Webgains, making it the preferred choice for advertisers and publishers worldwide.\",\"legalName\":\"TradeTracker.com\",\"foundingDate\":\"2004-03-05\",\"numberOfEmployees\":{\"@type\":\"QuantitativeValue\",\"minValue\":\"201\",\"maxValue\":\"500\"}}]}<\/script>\n<!-- \/ Yoast SEO Premium plugin. -->","yoast_head_json":{"title":"Admonitor - TradeTracker.com | Affiliate Marketing | Performance Marketing","description":"[vc_row classes=\"admonitor-page-detail\"][vc_column]ADMONITORS\u00f8kekanaler er viktige kilder for trafikk for nesten alle nettsteder og nettbutikker. Dine merkevarer er essensielle i s\u00f8keprosessen og spiller en viktig","robots":{"index":"index","follow":"follow","max-snippet":"max-snippet:-1","max-image-preview":"max-image-preview:large","max-video-preview":"max-video-preview:-1"},"canonical":"https:\/\/tradetracker.com\/no\/wp-json\/wp\/v2\/pages\/13348\/","og_locale":"en_US","og_type":"article","og_title":"Admonitor TradeTracker.com","og_description":"[vc_row","og_url":"https:\/\/tradetracker.com\/no\/admonitor\/","og_site_name":"TradeTracker.com | Affiliate Marketing | Performance Marketing","article_publisher":"https:\/\/www.facebook.com\/tradetrackercom","article_modified_time":"2025-01-09T02:52:02+00:00","og_image":[{"width":250,"height":250,"url":"https:\/\/tradetracker.com\/wp-content\/uploads\/2019\/12\/tradetracker-logo-square.png","type":"image\/png"}],"twitter_card":"summary_large_image","twitter_title":"Admonitor","twitter_description":"[vc_row classes=\"admonitor-page-detail\"][vc_column]ADMONITORS\u00f8kekanaler er viktige kilder for trafikk for nesten alle ","twitter_image":"https:\/\/tradetracker.com\/assets\/tt-circles.png","twitter_site":"@tradetrackercom","twitter_misc":{"Est. reading time":"4 minutes"},"schema":{"@context":"https:\/\/schema.org","@graph":[{"@type":"WebPage","@id":"https:\/\/tradetracker.com\/no\/admonitor\/","url":"https:\/\/tradetracker.com\/no\/admonitor\/","name":"Admonitor - TradeTracker.com | Affiliate Marketing | Performance Marketing","isPartOf":{"@id":"https:\/\/tradetracker.com\/no\/#website"},"datePublished":"2017-02-15T06:15:31+00:00","dateModified":"2025-01-09T02:52:02+00:00","breadcrumb":{"@id":"https:\/\/tradetracker.com\/no\/admonitor\/#breadcrumb"},"inLanguage":"nb-NO","potentialAction":[{"@type":"ReadAction","target":["https:\/\/tradetracker.com\/no\/admonitor\/"]}]},{"@type":"BreadcrumbList","@id":"https:\/\/tradetracker.com\/no\/admonitor\/#breadcrumb","itemListElement":[{"@type":"ListItem","position":1,"name":"Home","item":"https:\/\/tradetracker.com\/no\/"},{"@type":"ListItem","position":2,"name":"Admonitor"}]},{"@type":"WebSite","@id":"https:\/\/tradetracker.com\/no\/#website","url":"https:\/\/tradetracker.com\/no\/","name":"TradeTracker.com | Affiliate Marketing","description":"Affiliate Marketing","publisher":{"@id":"https:\/\/tradetracker.com\/no\/#organization"},"potentialAction":[{"@type":"SearchAction","target":{"@type":"EntryPoint","urlTemplate":"https:\/\/tradetracker.com\/no\/?s={search_term_string}"},"query-input":{"@type":"PropertyValueSpecification","valueRequired":true,"valueName":"search_term_string"}}],"inLanguage":"nb-NO"},{"@type":"Organization","@id":"https:\/\/tradetracker.com\/no\/#organization","name":"TradeTracker FZ LLC","url":"https:\/\/tradetracker.com\/no\/","logo":{"@type":"ImageObject","inLanguage":"nb-NO","@id":"https:\/\/tradetracker.com\/no\/#\/schema\/logo\/image\/","url":"https:\/\/tradetracker.com\/wp-content\/uploads\/2019\/04\/tradetracker-logo_1.jpg","contentUrl":"https:\/\/tradetracker.com\/wp-content\/uploads\/2019\/04\/tradetracker-logo_1.jpg","width":672,"height":109,"caption":"TradeTracker FZ LLC"},"image":{"@id":"https:\/\/tradetracker.com\/no\/#\/schema\/logo\/image\/"},"sameAs":["https:\/\/www.facebook.com\/tradetrackercom","https:\/\/x.com\/tradetrackercom","https:\/\/www.linkedin.com\/company\/tradetrackercom","https:\/\/www.youtube.com\/channel\/UCHiq-oir3qOorxO-8nLjIcQ"],"description":"TradeTracker is a global affiliate marketing platform that connects advertisers and publishers to create successful online campaigns. With its user-friendly interface, advanced tracking technology, and real-time reporting, TradeTracker provides the tools to optimize performance and boost conversions. Operating in over 20 countries, TradeTracker is renowned for its transparency, innovative solutions, and personalized support. It has been consistently chosen as the leading affiliate network worldwide, a testament to its excellence in the industry. Advertisers benefit from access to a vast network of publishers, while publishers enjoy a diverse range of campaigns and attractive earning opportunities. The platform continues to revolutionize the affiliate marketing industry with technologies like Real Attribution, ensuring fair commission distribution. TradeTracker empowers businesses to achieve their online no cure no pay advertising goals efficiently and effectively. With superior technology, unparalleled customer service, and innovative solutions, TradeTracker consistently outperforms competitors like Awin, TradeDoubler, CJ, and Webgains, making it the preferred choice for advertisers and publishers worldwide.","legalName":"TradeTracker.com","foundingDate":"2004-03-05","numberOfEmployees":{"@type":"QuantitativeValue","minValue":"201","maxValue":"500"}}]}},"_links":{"self":[{"href":"https:\/\/tradetracker.com\/no\/wp-json\/wp\/v2\/pages\/13348","targetHints":{"allow":["GET"]}}],"collection":[{"href":"https:\/\/tradetracker.com\/no\/wp-json\/wp\/v2\/pages"}],"about":[{"href":"https:\/\/tradetracker.com\/no\/wp-json\/wp\/v2\/types\/page"}],"author":[{"embeddable":true,"href":"https:\/\/tradetracker.com\/no\/wp-json\/wp\/v2\/users\/69"}],"replies":[{"embeddable":true,"href":"https:\/\/tradetracker.com\/no\/wp-json\/wp\/v2\/comments?post=13348"}],"version-history":[{"count":0,"href":"https:\/\/tradetracker.com\/no\/wp-json\/wp\/v2\/pages\/13348\/revisions"}],"wp:attachment":[{"href":"https:\/\/tradetracker.com\/no\/wp-json\/wp\/v2\/media?parent=13348"}],"curies":[{"name":"wp","href":"https:\/\/api.w.org\/{rel}","templated":true}]}}