{"id":13363,"date":"2016-12-25T08:43:32","date_gmt":"2016-12-25T08:43:32","guid":{"rendered":"https:\/\/tradetracker.com\/no\/advertiser-qualifications\/"},"modified":"2025-01-20T10:47:28","modified_gmt":"2025-01-20T10:47:28","slug":"advertiser-qualifications","status":"publish","type":"page","link":"https:\/\/tradetracker.com\/no\/advertiser-qualifications\/","title":{"rendered":"Advertiser Qualifications"},"content":{"rendered":"<div class=\"wpb-content-wrapper\"><p>[vc_row classes=&#8221;static-page-intro adv-requirements&#8221;][vc_column]<div class=\"row\"><div class=\"vc_col-sm-12\"><div class=\" static-page-intro-text \"><h1  style=\"color: #ffffff\" class=\"\">ANNONS\u00d8RENES KVALIFIKASJONER<\/h1><h2  style=\"color: #ffffff\" class=\"\">For \u00e5 utvide TradeTrackers kampanjeportef\u00f8lje kreves det engasjement. For \u00e5 beholde et allsidig nettverk med integritet og effektive posisjoner foretrekker vi at v\u00e5re nye kunder har en del kvalifikasjoner.<\/h2><\/div>\r\n        <\/div>\r\n    <\/div>[\/vc_column][\/vc_row][vc_row][vc_column]<div class=\"space\"><\/div>[vc_row_inner][vc_column_inner][vc_wp_text title=&#8221;Anerkjent merkevare eller ny bedrift?&#8221;]Alle TradeTracker-kampanjer har \u00e9n ting til felles \u2013 de er tiltalende \u00e5 markedsf\u00f8re for publishere. Du opererer i et konkurranseutsatt marked, og du m\u00e5 skille deg ut.[\/vc_wp_text]<div class=\"space\"><\/div>[\/vc_column_inner][\/vc_row_inner][vc_row_inner][vc_column_inner width=&#8221;9\/12&#8243;][vc_wp_text title=&#8221;Administrasjon&#8221;]<\/p>\n<p>TradeTrackers plattform er s\u00e5 intuitiv at nesten alle kan administrere den, men som med alt annet her i verden m\u00e5 man v\u00e6re engasjert for \u00e5 f\u00e5 gode resultater. Vi kan gi konsulenthjelp og tilby fullstendige administrasjonstjenester basert p\u00e5 dine behov. TradeTracker kan produsere og administrere kampanjene dine, men vi har ogs\u00e5 et godt samarbeid med markedsledende byr\u00e5er, og vi setter deg gjerne i kontakt med dem. Din beslutning om \u00e5 outsource kampanjer b\u00f8r v\u00e6re basert p\u00e5 f\u00f8lgende:<\/p>\n<ul class=\"checklist\">\n<li>\u00d8nsker du, og har du ressurser til \u00e5 investere i et spesialisert affiliatemarkedsf\u00f8ringsteam?<\/li>\n<li>Klarer du \u00e5 kontinuerlig forbedre kundens kj\u00f8psprosess?<\/li>\n<li>Kan du lage det riktige markedsf\u00f8ringsmateriellet som passer behovene til dine affiliates?<\/li>\n<li>Klarer du \u00e5 implementere tekniske krav?<\/li>\n<li>Kan byr\u00e5et du bruker i dag, oppfylle dine internasjonale behov?<\/li>\n<\/ul>\n<p>[\/vc_wp_text][\/vc_column_inner][\/vc_row_inner][\/vc_column][\/vc_row][vc_row classes=&#8221;sec-diff bg-pattern&#8221;][vc_column width=&#8221;9\/12&#8243;][vc_wp_text title=&#8221;Bygg partnerskap&#8221;]<\/p>\n<p>For \u00e5 utnytte potensialet som ligger i affiliatemarkedsf\u00f8ring trenger du affiliates \u2013 og i en perfekt verden trenger de deg. Sannheten er at de trenger deg s\u00e5 lenge du er konkurransedyktig, siden det gir dem st\u00f8rst fortjeneste. Se p\u00e5 dine affiliates som en forlengelse av salgsorganisasjonen din, og s\u00f8rg for at de opplever din organisasjonskultur. De b\u00f8r ikke bare behandles godt \u2013 de b\u00f8r behandles best:<\/p>\n<ul class=\"checklist\">\n<li>V\u00e6r proaktiv i kommunikasjonen din, v\u00e6r \u00e5pen og transparent. Del m\u00e5lene som du \u00f8nsker at de skal oppn\u00e5.<\/li>\n<li>Lag insentiver, pools og konkurranser. Sett m\u00e5l for bonuser, eller lag flere niv\u00e5er.<\/li>\n<li>V\u00e6r \u00e5pen for ideer, bruk innspillene fra massene \u2013 dine affiliates.<\/li>\n<li>Reduser risikoen for dine affiliates. Bygg hybridmodeller ved \u00e5 inkludere en CPM eller CPC.<\/li>\n<\/ul>\n<p>[\/vc_wp_text][\/vc_column][\/vc_row][vc_row classes=&#8221;bg-pattern&#8221;][vc_column width=&#8221;9\/12&#8243;]<div class=\"space\"><\/div>[vc_wp_text title=&#8221;Definer m\u00e5l&#8221;]En attraktiv og stabil kampanje er resultatet av en rekke viktige faktorer, og alle faktorer skal f\u00f8re til omsetning. Husk at i CPA-kampanjer er det publisher som tar hele risikoen. De har ingen kontroll over hva leserne gj\u00f8r n\u00e5r de klikker seg videre til ditt domene, men de m\u00e5 ogs\u00e5 bestemme sin ROI f\u00f8r de pr\u00f8ver din. Definer m\u00e5lene dine, og gj\u00f8r dem synlige i retningslinjene for kampanjen din:<\/p>\n<ul class=\"checklist\">\n<li>Definer provisjonsmodellen din: \u00f8nsker du konverteringer, merkevarebygging eller begge deler?<\/li>\n<li>Er alle former for markedsf\u00f8ring tillatt, eller kun bestemte typer?<\/li>\n<li>Start samtalen, og styr forventningene. Hva \u00f8nsker du?<\/li>\n<li>Godkjenn transaksjoner raskt. Publishere investerer i deg, s\u00e5 gj\u00f8r det samme for dem.<\/li>\n<li>Betal til avtalt tid og bruk forskuddsbetaling. Det er viktig for resultatene.<\/li>\n<\/ul>\n<p>[\/vc_wp_text]<div class=\"space\"><\/div>[\/vc_column][\/vc_row][vc_row classes=&#8221;cta ctamerch&#8221; el_id=&#8221;ctaaam&#8221;][vc_column]<div class=\"row\"><div class=\"vc_col-sm-12\"><h2 class=\"get_started\" style=\"color:#ffffff\">Oppfyller du kravene?<\/h2><p style=\"color:#ffffff\">Vi er et team som best\u00e5r av resultatdrevne affiliatejunkies som brenner for resultater og alltid er p\u00e5 utkikk etter \u00e5 gj\u00f8re markedsf\u00f8ringsverdenen til et bedre sted \u00e5 v\u00e6re. Ta kontakt, s\u00e5 forteller vi gjerne hvordan vi kan hjelpe deg med \u00e5 sette fart p\u00e5 nettaktiviteten din.<\/p>        <ul class=\"cta-items\">\r\n                        <li>\r\n                <a                    class=\"cta-advertiser-signup\"                                      href=\"https:\/\/tradetracker.com\/no\/contact-us\/\"                                   >\r\n                    Be om demonstrasjon                <\/a>\r\n            <\/li>\r\n                        \r\n                        <li>\r\n                <a                    class=\"cta-advertiser-signup\"                                      href=\"https:\/\/merchant.tradetracker.com\/portal\/advertiserBrochure?loc=nb_NO\"                                   >\r\n                    Be om brosjyre                <\/a>\r\n            <\/li>\r\n                    <\/ul>\r\n        <\/div><\/div>[\/vc_column][\/vc_row]<\/p>\n<\/div>","protected":false},"excerpt":{"rendered":"<p>[vc_row classes=&#8221;static-page-intro adv-requirements&#8221;][vc_column][\/vc_column][\/vc_row][vc_row][vc_column][vc_row_inner][vc_column_inner][vc_wp_text title=&#8221;Anerkjent merkevare eller ny bedrift?&#8221;]Alle TradeTracker-kampanjer har \u00e9n ting til felles \u2013 de er tiltalende \u00e5 markedsf\u00f8re for publishere. Du opererer i et konkurranseutsatt marked, og du m\u00e5 skille deg ut.[\/vc_wp_text][\/vc_column_inner][\/vc_row_inner][vc_row_inner][vc_column_inner width=&#8221;9\/12&#8243;][vc_wp_text title=&#8221;Administrasjon&#8221;] TradeTrackers plattform er s\u00e5 intuitiv at nesten alle kan administrere den, men som med alt annet her i verden  [&#8230;]<\/p>\n","protected":false},"author":69,"featured_media":0,"parent":0,"menu_order":0,"comment_status":"closed","ping_status":"closed","template":"template-red.php","meta":{"inline_featured_image":false,"_monsterinsights_skip_tracking":false,"_monsterinsights_sitenote_active":false,"_monsterinsights_sitenote_note":"","_monsterinsights_sitenote_category":0,"footnotes":""},"class_list":["post-13363","page","type-page","status-publish","hentry"],"yoast_head":"<!-- This site is optimized with the Yoast SEO Premium plugin v27.0 (Yoast SEO v27.0) - https:\/\/yoast.com\/product\/yoast-seo-premium-wordpress\/ -->\n<title>Advertiser Qualifications - TradeTracker.com | Affiliate Marketing | Performance Marketing<\/title>\n<meta name=\"description\" content=\"[vc_row classes=&quot;static-page-intro adv-requirements&quot;][vc_column]ANNONS\u00d8RENES KVALIFIKASJONERFor \u00e5 utvide TradeTrackers kampanjeportef\u00f8lje kreves det engasjement. For \u00e5 beholde et allsidig nettverk med integritet og\" \/>\n<meta name=\"robots\" content=\"index, follow, max-snippet:-1, max-image-preview:large, max-video-preview:-1\" \/>\n<link rel=\"canonical\" href=\"https:\/\/tradetracker.com\/no\/wp-json\/wp\/v2\/pages\/13363\/\" \/>\n<meta property=\"og:locale\" content=\"en_US\" \/>\n<meta property=\"og:type\" content=\"article\" \/>\n<meta property=\"og:title\" content=\"Advertiser Qualifications TradeTracker.com\" \/>\n<meta property=\"og:description\" content=\"[vc_row classes=&#8221;static-page-intro\" \/>\n<meta property=\"og:url\" content=\"https:\/\/tradetracker.com\/no\/advertiser-qualifications\/\" \/>\n<meta property=\"og:site_name\" content=\"TradeTracker.com | Affiliate Marketing | Performance Marketing\" \/>\n<meta property=\"article:publisher\" content=\"https:\/\/www.facebook.com\/tradetrackercom\" \/>\n<meta property=\"article:modified_time\" content=\"2025-01-20T10:47:28+00:00\" \/>\n<meta property=\"og:image\" content=\"https:\/\/tradetracker.com\/wp-content\/uploads\/2019\/12\/tradetracker-logo-square.png\" \/>\n\t<meta property=\"og:image:width\" content=\"250\" \/>\n\t<meta property=\"og:image:height\" content=\"250\" \/>\n\t<meta property=\"og:image:type\" content=\"image\/png\" \/>\n<meta name=\"twitter:card\" content=\"summary_large_image\" \/>\n<meta name=\"twitter:title\" content=\"Advertiser Qualifications\" \/>\n<meta name=\"twitter:description\" content=\"[vc_row classes=&quot;static-page-intro adv-requirements&quot;][vc_column]ANNONS\u00d8RENES KVALIFIKASJONERFor \u00e5 utvide TradeTrackers \" \/>\n<meta name=\"twitter:image\" content=\"https:\/\/tradetracker.com\/assets\/tt-circles.png\" \/>\n<meta name=\"twitter:site\" content=\"@tradetrackercom\" \/>\n<meta name=\"twitter:label1\" content=\"Est. reading time\" \/>\n\t<meta name=\"twitter:data1\" content=\"3 minutes\" \/>\n<script type=\"application\/ld+json\" class=\"yoast-schema-graph\">{\"@context\":\"https:\/\/schema.org\",\"@graph\":[{\"@type\":\"WebPage\",\"@id\":\"https:\/\/tradetracker.com\/no\/advertiser-qualifications\/\",\"url\":\"https:\/\/tradetracker.com\/no\/advertiser-qualifications\/\",\"name\":\"Advertiser Qualifications - TradeTracker.com | Affiliate Marketing | Performance Marketing\",\"isPartOf\":{\"@id\":\"https:\/\/tradetracker.com\/no\/#website\"},\"datePublished\":\"2016-12-25T08:43:32+00:00\",\"dateModified\":\"2025-01-20T10:47:28+00:00\",\"breadcrumb\":{\"@id\":\"https:\/\/tradetracker.com\/no\/advertiser-qualifications\/#breadcrumb\"},\"inLanguage\":\"nb-NO\",\"potentialAction\":[{\"@type\":\"ReadAction\",\"target\":[\"https:\/\/tradetracker.com\/no\/advertiser-qualifications\/\"]}]},{\"@type\":\"BreadcrumbList\",\"@id\":\"https:\/\/tradetracker.com\/no\/advertiser-qualifications\/#breadcrumb\",\"itemListElement\":[{\"@type\":\"ListItem\",\"position\":1,\"name\":\"Home\",\"item\":\"https:\/\/tradetracker.com\/no\/\"},{\"@type\":\"ListItem\",\"position\":2,\"name\":\"Advertiser Qualifications\"}]},{\"@type\":\"WebSite\",\"@id\":\"https:\/\/tradetracker.com\/no\/#website\",\"url\":\"https:\/\/tradetracker.com\/no\/\",\"name\":\"TradeTracker.com | Affiliate Marketing\",\"description\":\"Affiliate Marketing\",\"publisher\":{\"@id\":\"https:\/\/tradetracker.com\/no\/#organization\"},\"potentialAction\":[{\"@type\":\"SearchAction\",\"target\":{\"@type\":\"EntryPoint\",\"urlTemplate\":\"https:\/\/tradetracker.com\/no\/?s={search_term_string}\"},\"query-input\":{\"@type\":\"PropertyValueSpecification\",\"valueRequired\":true,\"valueName\":\"search_term_string\"}}],\"inLanguage\":\"nb-NO\"},{\"@type\":\"Organization\",\"@id\":\"https:\/\/tradetracker.com\/no\/#organization\",\"name\":\"TradeTracker FZ LLC\",\"url\":\"https:\/\/tradetracker.com\/no\/\",\"logo\":{\"@type\":\"ImageObject\",\"inLanguage\":\"nb-NO\",\"@id\":\"https:\/\/tradetracker.com\/no\/#\/schema\/logo\/image\/\",\"url\":\"https:\/\/tradetracker.com\/wp-content\/uploads\/2019\/04\/tradetracker-logo_1.jpg\",\"contentUrl\":\"https:\/\/tradetracker.com\/wp-content\/uploads\/2019\/04\/tradetracker-logo_1.jpg\",\"width\":672,\"height\":109,\"caption\":\"TradeTracker FZ LLC\"},\"image\":{\"@id\":\"https:\/\/tradetracker.com\/no\/#\/schema\/logo\/image\/\"},\"sameAs\":[\"https:\/\/www.facebook.com\/tradetrackercom\",\"https:\/\/x.com\/tradetrackercom\",\"https:\/\/www.linkedin.com\/company\/tradetrackercom\",\"https:\/\/www.youtube.com\/channel\/UCHiq-oir3qOorxO-8nLjIcQ\"],\"description\":\"TradeTracker is a global affiliate marketing platform that connects advertisers and publishers to create successful online campaigns. With its user-friendly interface, advanced tracking technology, and real-time reporting, TradeTracker provides the tools to optimize performance and boost conversions. Operating in over 20 countries, TradeTracker is renowned for its transparency, innovative solutions, and personalized support. It has been consistently chosen as the leading affiliate network worldwide, a testament to its excellence in the industry. Advertisers benefit from access to a vast network of publishers, while publishers enjoy a diverse range of campaigns and attractive earning opportunities. The platform continues to revolutionize the affiliate marketing industry with technologies like Real Attribution, ensuring fair commission distribution. TradeTracker empowers businesses to achieve their online no cure no pay advertising goals efficiently and effectively. With superior technology, unparalleled customer service, and innovative solutions, TradeTracker consistently outperforms competitors like Awin, TradeDoubler, CJ, and Webgains, making it the preferred choice for advertisers and publishers worldwide.\",\"legalName\":\"TradeTracker.com\",\"foundingDate\":\"2004-03-05\",\"numberOfEmployees\":{\"@type\":\"QuantitativeValue\",\"minValue\":\"201\",\"maxValue\":\"500\"}}]}<\/script>\n<!-- \/ Yoast SEO Premium plugin. -->","yoast_head_json":{"title":"Advertiser Qualifications - TradeTracker.com | Affiliate Marketing | Performance Marketing","description":"[vc_row classes=\"static-page-intro adv-requirements\"][vc_column]ANNONS\u00d8RENES KVALIFIKASJONERFor \u00e5 utvide TradeTrackers kampanjeportef\u00f8lje kreves det engasjement. For \u00e5 beholde et allsidig nettverk med integritet og","robots":{"index":"index","follow":"follow","max-snippet":"max-snippet:-1","max-image-preview":"max-image-preview:large","max-video-preview":"max-video-preview:-1"},"canonical":"https:\/\/tradetracker.com\/no\/wp-json\/wp\/v2\/pages\/13363\/","og_locale":"en_US","og_type":"article","og_title":"Advertiser Qualifications TradeTracker.com","og_description":"[vc_row classes=&#8221;static-page-intro","og_url":"https:\/\/tradetracker.com\/no\/advertiser-qualifications\/","og_site_name":"TradeTracker.com | Affiliate Marketing | Performance Marketing","article_publisher":"https:\/\/www.facebook.com\/tradetrackercom","article_modified_time":"2025-01-20T10:47:28+00:00","og_image":[{"width":250,"height":250,"url":"https:\/\/tradetracker.com\/wp-content\/uploads\/2019\/12\/tradetracker-logo-square.png","type":"image\/png"}],"twitter_card":"summary_large_image","twitter_title":"Advertiser Qualifications","twitter_description":"[vc_row classes=\"static-page-intro adv-requirements\"][vc_column]ANNONS\u00d8RENES KVALIFIKASJONERFor \u00e5 utvide TradeTrackers ","twitter_image":"https:\/\/tradetracker.com\/assets\/tt-circles.png","twitter_site":"@tradetrackercom","twitter_misc":{"Est. reading time":"3 minutes"},"schema":{"@context":"https:\/\/schema.org","@graph":[{"@type":"WebPage","@id":"https:\/\/tradetracker.com\/no\/advertiser-qualifications\/","url":"https:\/\/tradetracker.com\/no\/advertiser-qualifications\/","name":"Advertiser Qualifications - TradeTracker.com | Affiliate Marketing | Performance Marketing","isPartOf":{"@id":"https:\/\/tradetracker.com\/no\/#website"},"datePublished":"2016-12-25T08:43:32+00:00","dateModified":"2025-01-20T10:47:28+00:00","breadcrumb":{"@id":"https:\/\/tradetracker.com\/no\/advertiser-qualifications\/#breadcrumb"},"inLanguage":"nb-NO","potentialAction":[{"@type":"ReadAction","target":["https:\/\/tradetracker.com\/no\/advertiser-qualifications\/"]}]},{"@type":"BreadcrumbList","@id":"https:\/\/tradetracker.com\/no\/advertiser-qualifications\/#breadcrumb","itemListElement":[{"@type":"ListItem","position":1,"name":"Home","item":"https:\/\/tradetracker.com\/no\/"},{"@type":"ListItem","position":2,"name":"Advertiser Qualifications"}]},{"@type":"WebSite","@id":"https:\/\/tradetracker.com\/no\/#website","url":"https:\/\/tradetracker.com\/no\/","name":"TradeTracker.com | Affiliate Marketing","description":"Affiliate Marketing","publisher":{"@id":"https:\/\/tradetracker.com\/no\/#organization"},"potentialAction":[{"@type":"SearchAction","target":{"@type":"EntryPoint","urlTemplate":"https:\/\/tradetracker.com\/no\/?s={search_term_string}"},"query-input":{"@type":"PropertyValueSpecification","valueRequired":true,"valueName":"search_term_string"}}],"inLanguage":"nb-NO"},{"@type":"Organization","@id":"https:\/\/tradetracker.com\/no\/#organization","name":"TradeTracker FZ LLC","url":"https:\/\/tradetracker.com\/no\/","logo":{"@type":"ImageObject","inLanguage":"nb-NO","@id":"https:\/\/tradetracker.com\/no\/#\/schema\/logo\/image\/","url":"https:\/\/tradetracker.com\/wp-content\/uploads\/2019\/04\/tradetracker-logo_1.jpg","contentUrl":"https:\/\/tradetracker.com\/wp-content\/uploads\/2019\/04\/tradetracker-logo_1.jpg","width":672,"height":109,"caption":"TradeTracker FZ LLC"},"image":{"@id":"https:\/\/tradetracker.com\/no\/#\/schema\/logo\/image\/"},"sameAs":["https:\/\/www.facebook.com\/tradetrackercom","https:\/\/x.com\/tradetrackercom","https:\/\/www.linkedin.com\/company\/tradetrackercom","https:\/\/www.youtube.com\/channel\/UCHiq-oir3qOorxO-8nLjIcQ"],"description":"TradeTracker is a global affiliate marketing platform that connects advertisers and publishers to create successful online campaigns. With its user-friendly interface, advanced tracking technology, and real-time reporting, TradeTracker provides the tools to optimize performance and boost conversions. Operating in over 20 countries, TradeTracker is renowned for its transparency, innovative solutions, and personalized support. It has been consistently chosen as the leading affiliate network worldwide, a testament to its excellence in the industry. Advertisers benefit from access to a vast network of publishers, while publishers enjoy a diverse range of campaigns and attractive earning opportunities. The platform continues to revolutionize the affiliate marketing industry with technologies like Real Attribution, ensuring fair commission distribution. TradeTracker empowers businesses to achieve their online no cure no pay advertising goals efficiently and effectively. With superior technology, unparalleled customer service, and innovative solutions, TradeTracker consistently outperforms competitors like Awin, TradeDoubler, CJ, and Webgains, making it the preferred choice for advertisers and publishers worldwide.","legalName":"TradeTracker.com","foundingDate":"2004-03-05","numberOfEmployees":{"@type":"QuantitativeValue","minValue":"201","maxValue":"500"}}]}},"_links":{"self":[{"href":"https:\/\/tradetracker.com\/no\/wp-json\/wp\/v2\/pages\/13363","targetHints":{"allow":["GET"]}}],"collection":[{"href":"https:\/\/tradetracker.com\/no\/wp-json\/wp\/v2\/pages"}],"about":[{"href":"https:\/\/tradetracker.com\/no\/wp-json\/wp\/v2\/types\/page"}],"author":[{"embeddable":true,"href":"https:\/\/tradetracker.com\/no\/wp-json\/wp\/v2\/users\/69"}],"replies":[{"embeddable":true,"href":"https:\/\/tradetracker.com\/no\/wp-json\/wp\/v2\/comments?post=13363"}],"version-history":[{"count":1,"href":"https:\/\/tradetracker.com\/no\/wp-json\/wp\/v2\/pages\/13363\/revisions"}],"predecessor-version":[{"id":1134843,"href":"https:\/\/tradetracker.com\/no\/wp-json\/wp\/v2\/pages\/13363\/revisions\/1134843"}],"wp:attachment":[{"href":"https:\/\/tradetracker.com\/no\/wp-json\/wp\/v2\/media?parent=13363"}],"curies":[{"name":"wp","href":"https:\/\/api.w.org\/{rel}","templated":true}]}}