{"id":13483,"date":"2017-02-09T13:12:46","date_gmt":"2017-02-09T13:12:46","guid":{"rendered":"https:\/\/tradetracker.com\/no\/knowledge-centre\/for-publishers\/"},"modified":"2021-12-03T00:20:04","modified_gmt":"2021-12-03T00:20:04","slug":"for-publishers","status":"publish","type":"page","link":"https:\/\/tradetracker.com\/no\/knowledge-centre\/for-publishers\/","title":{"rendered":"For Publishers"},"content":{"rendered":"<div class=\"wpb-content-wrapper\"><p>[vc_row el_id=&#8221;kc-top&#8221; classes=&#8221;part-fullsection section-kc-topics bg-color10 bg-pattern full-width&#8221;][vc_column]<div class=\"row\"><div class=\"vc_col-sm-12\"><div class=\" static-page-intro-text \"><h1  style=\"color: #ffffff\" class=\"\">KUNNSKAPSSENTER<\/h1><h2  style=\"color: #ffffff\" class=\"\">Forst\u00e5 de grunnleggende elementene for \u00e5 starte en kampanje. Her finner du en informasjonsbase som gir deg en enkel innf\u00f8ring i affiliatemarkedsf\u00f8ring og TradeTrackers plattform.<\/h2><\/div>\r\n        <\/div>\r\n    <\/div>[vc_wp_text]<\/p>\n<div id=\"kc-tab-wrap\">\n<ul>\n<li class=\"\"><a href=\"\/no\/knowledge-centre\/gdpr\/#for-advertisers\/\">For annons\u00f8rer<\/a><\/li>\n<li class=\"active\"><a href=\"\/no\/knowledge-centre\/for-publishers\/\">For publishere<\/a><\/li>\n<li class=\"\"><a href=\"\/no\/knowledge-centre\/glossary\/\">Ordliste<\/a><\/li>\n<li class=\"\"><a href=\"\/no\/knowledge-centre\/gdpr\/\">GDPR<\/a><\/li>\n<\/ul>\n<\/div>\n<p>[\/vc_wp_text][\/vc_column][\/vc_row][vc_row el_id=&#8221;kc-content&#8221;][vc_column]    <div class=\"row\">\r\n        <div class=\"vc_col-sm-12\">\r\n            <div class=\"space\"><\/div>\r\n            <ul class=\"toggle\">\r\n                                            <li class=\"kc-topic active\"><a class=\"tgg-title\">\r\n                                <div class=\"feature-less-text\">Less<\/div>Hvordan oppretter jeg en TradeTracker-konto?<\/a>\r\n                        \r\n                        <div class=\"tgg-content\">\r\n                            <p><p>Det er gratis \u00e5 opprette en publisherkonto. N\u00e5r du har registrert deg, vil nettstedet ditt vurderes av en av v\u00e5re publisher managers. N\u00e5r du er godkjent kan du umiddelbart begynne \u00e5 finne de annons\u00f8rene du har lyst til \u00e5 samarbeide med. <a href=\"https:\/\/affiliate.tradetracker.com\/signup\/step1?loc=nb_NO\">Kom i gang og opprett en publisherkonto<\/a>.<\/p>\n<\/p>\r\n                        <\/div>\r\n                        <\/li>\r\n                                                    <li class=\"kc-topic\"><a class=\"tgg-title\">\r\n                                <div class=\"feature-less-text\">Less<\/div>Hvordan kan jeg tjene penger p\u00e5 innholdet mitt?<\/a>\r\n                        \r\n                        <div class=\"tgg-content\">\r\n                            <p><p>I v\u00e5r plattform for affiliatemarkedsf\u00f8ring f\u00e5r du verkt\u00f8yene du trenger for \u00e5 plassere innhold fra velkjente merkevarer p\u00e5 nettstedet ditt. Fra plattformen kan du enkelt se hvor effektivt markedsf\u00f8ringsmateriellet er, og du finner ogs\u00e5 avanserte rapporter slik at du kan endre og optimalisere synligheten.<\/p>\n<\/p>\r\n                        <\/div>\r\n                        <\/li>\r\n                                                    <li class=\"kc-topic\"><a class=\"tgg-title\">\r\n                                <div class=\"feature-less-text\">Less<\/div>Hvor ofte f\u00e5r jeg betalt?<\/a>\r\n                        \r\n                        <div class=\"tgg-content\">\r\n                            <p><p>Vi forst\u00e5r at du trenger penger for \u00e5 kunne opprettholde et godt nettsted. Derfor betaler TradeTracker provisjon inntil fire ganger i m\u00e5neden. Du kan ogs\u00e5 s\u00f8ke om v\u00e5r Super Fast Payment-l\u00f8sning. Da f\u00e5r du utbetalt provisjon bare noen timer etter at transaksjonen er godkjent.<br \/>\nSom affiliate har du fullstendig kontroll over utbetalingene dine, og du kan endre utbetalingsfrekvensen n\u00e5r du m\u00e5tte \u00f8nske.<br \/>\nM\u00e5nedlig<br \/>\nN\u00e5r du har valgt m\u00e5nedlig utbetaling, genereres utbetalingsvarselet den f\u00f8rste i hver m\u00e5ned.<br \/>\nTo ganger i m\u00e5neden<br \/>\nHvis du velger \u00e5 f\u00e5 utbetaling to ganger i m\u00e5neden, lages utbetalingsvarselet den 7. og 21. i hver m\u00e5ned.<br \/>\nFire ganger i m\u00e5neden<br \/>\nHvis du velger \u00e5 f\u00e5 utbetaling fire ganger i m\u00e5neden, lages utbetalingsvarselet den 7., 14., 21. og 28. i hver m\u00e5ned.<br \/>\nVed behov kan du sette utbetalinger p\u00e5 pause ved hjelp av pausefunksjonen. Du kan ogs\u00e5 \u00f8ke minstebel\u00f8pet for utbetaling for \u00e5 samle opp overf\u00f8ringer.<br \/>\nUtbetalinger gj\u00f8res kort tid etter betalingsvarselet genereres, og de kan enten utf\u00f8res via PayPal eller bankoverf\u00f8ring.<\/p>\n<\/p>\r\n                        <\/div>\r\n                        <\/li>\r\n                                                    <li class=\"kc-topic\"><a class=\"tgg-title\">\r\n                                <div class=\"feature-less-text\">Less<\/div>Hva er Super Fast Payment?<\/a>\r\n                        \r\n                        <div class=\"tgg-content\">\r\n                            <p><p>I tillegg til utbetaling inntil fire ganger i m\u00e5neden, kan det ogs\u00e5 hende at du er kvalifisert for v\u00e5r unike Super Fast Payment-l\u00f8sning. Da f\u00e5r du provisjonen bare noen timer etter at transaksjonen er godkjent. Dette kan du snakke med din account manager om.<\/p>\n<\/p>\r\n                        <\/div>\r\n                        <\/li>\r\n                                                    <li class=\"kc-topic\"><a class=\"tgg-title\">\r\n                                <div class=\"feature-less-text\">Less<\/div>Hvordan s\u00f8ker jeg for flere land?<\/a>\r\n                        \r\n                        <div class=\"tgg-content\">\r\n                            <p><p>Hvis du \u00f8nsker \u00e5 ha annons\u00f8rer fra flere land p\u00e5 nettstedet ditt kan du legge til nettstedet p\u00e5 et annet TradeTracker-omr\u00e5de fra ditt affiliategrensesnitt. G\u00e5 til Konto -> Mine nettsteder, og klikk p\u00e5 lenken \u00abLegg til nytt nettsted\u00bb. Deretter kan du velge hvilke land du vil s\u00f8ke p\u00e5.<br \/>\nN\u00e5r s\u00f8knaden er godkjent kan du administrere aktivitetene for det aktuelle landet ved \u00e5 velge det fra nedtrekksmenyen \u00f8verst i grensesnittet.<\/p>\n<\/p>\r\n                        <\/div>\r\n                        <\/li>\r\n                                                    <li class=\"kc-topic\"><a class=\"tgg-title\">\r\n                                <div class=\"feature-less-text\">Less<\/div>Kan jeg tilpasse sporingen min?<\/a>\r\n                        \r\n                        <div class=\"tgg-content\">\r\n                            <p><p>Ja, det kan du. I tillegg til v\u00e5r avanserte teknologi for registrering av konverteringer, har vi flere funksjoner som du kan tilpasse og bruke. For eksempel kan du legge ved en unik referanse (eller sub-ID) til lenkene, eller legge ved en callback-plassering i grensesnittet slik at konverteringene overf\u00f8res til din egen statistikkserver. P\u00e5 foresp\u00f8rsel kan du til og med inkludere en sporingstagg fra tredjepart.<\/p>\n<\/p>\r\n                        <\/div>\r\n                        <\/li>\r\n                                                    <li class=\"kc-topic\"><a class=\"tgg-title\">\r\n                                <div class=\"feature-less-text\">Less<\/div>Har dere et API?<\/a>\r\n                        \r\n                        <div class=\"tgg-content\">\r\n                            <p><p>Ja, det har vi. Med programmeringsgrensesnittet (API eller Web Service) f\u00e5r du tilgang til funksjoner og informasjon fra programvaren ved hjelp av programmatisk tilgang til informasjonen fra kontoen din. Noen av de grunnleggende API-funksjonene er: innhenting av kontoinformasjon, kampanjeinformasjon, transaksjonsinformasjon, produktfeedinformasjon, betalingsinformasjon, markedsf\u00f8ringsmateriell eller en kombinasjon av disse for blant annet \u00e5 f\u00e5 avanserte, skreddersydde rapporter eller for \u00e5 kunne koble til egen programvare for statistikk.<br \/>\nV\u00e5re tjenester er basert p\u00e5 SOAP-protokollen. Denne protokollen er en spesifikasjon for utveksling av strukturert informasjon via Web Services. Du kan be om \u00e5 f\u00e5 tilgang til API-et fra kontoen din.<\/p>\n<\/p>\r\n                        <\/div>\r\n                        <\/li>\r\n                                                    <li class=\"kc-topic\"><a class=\"tgg-title\">\r\n                                <div class=\"feature-less-text\">Less<\/div>Hvilke former for markedsf\u00f8ringsmateriell tilbyr dere?<\/a>\r\n                        \r\n                        <div class=\"tgg-content\">\r\n                            <p><p>Du kan velge blant en rekke markedsf\u00f8ringsmateriell til nettstedet ditt, for eksempel tekstlenker, bannerannonser, product feeds, widgets og kupong\/rabattkoder. For bannerannonser kan du sette opp en karusell som optimaliserer seg selv automatisk basert p\u00e5 n\u00f8kkelfaktorer som du oppgir, for eksempel EPC.<\/p>\n<\/p>\r\n                        <\/div>\r\n                        <\/li>\r\n                                                    <li class=\"kc-topic\"><a class=\"tgg-title\">\r\n                                <div class=\"feature-less-text\">Less<\/div>Hva kan jeg gj\u00f8re med \u00abPage Tools\u00bb?<\/a>\r\n                        \r\n                        <div class=\"tgg-content\">\r\n                            <p><p>Som affiliate f\u00e5r du tilgang til TradeTrackers Page Tools. Dette er et verkt\u00f8ysett som gj\u00f8r at du raskt kan administrere innhold p\u00e5 nettstedene dine fra TradeTrackers grensesnitt.<br \/>\nDu kan enkelt vise eller skjule funksjoner som widgets (sammenligningsverkt\u00f8y) og v\u00e5r Lenkeerstatter, som er det perfekte verkt\u00f8yet for automatisk generering av utg\u00e5ende sporingslenker til annons\u00f8rer.<\/p>\n<\/p>\r\n                        <\/div>\r\n                        <\/li>\r\n                                                    <li class=\"kc-topic\"><a class=\"tgg-title\">\r\n                                <div class=\"feature-less-text\">Less<\/div>Hva er widgets?<\/a>\r\n                        \r\n                        <div class=\"tgg-content\">\r\n                            <p><p>Widgets er moduler som inneholder dynamisk generert innhold. De kan legges inn p\u00e5 nettstedet ditt ved hjelp av en enkel, liten kode. Resultatet kan for eksempel v\u00e6re en sofistikert s\u00f8kemotor for reiser eller et verkt\u00f8y for \u00e5 sammenligne moteplagg.<br \/>\nAlle widgets kan administreres fra Page Tools-delen i affiliategrensesnittet.<\/p>\n<\/p>\r\n                        <\/div>\r\n                        <\/li>\r\n                                                    <li class=\"kc-topic\"><a class=\"tgg-title\">\r\n                                <div class=\"feature-less-text\">Less<\/div>Kan jeg f\u00e5 mer hjelp?<\/a>\r\n                        \r\n                        <div class=\"tgg-content\">\r\n                            <p><p>Naturligvis! V\u00e5rt m\u00e5l er \u00e5 levere markedets beste grensesnitt for affiliateprogramvare. Vi fokuserer p\u00e5 brukervennlighet, og vi har skapt noe som hjelper kundene v\u00e5re med \u00e5 unng\u00e5 forvirring. I et milj\u00f8 som er i rask endring, som Internett er, vil det dukke opp sp\u00f8rsm\u00e5l. Heldigvis har vi et profesjonelt team som gjerne hjelper deg n\u00e5r du st\u00e5r fast.<\/p>\n<\/p>\r\n                        <\/div>\r\n                        <\/li>\r\n                                    <\/ul>\r\n            <div class=\"space\"><\/div>\r\n        <\/div>\r\n    <\/div>\r\n    [\/vc_column][\/vc_row]<\/p>\n<\/div>","protected":false},"excerpt":{"rendered":"<p>[vc_row el_id=&#8221;kc-top&#8221; classes=&#8221;part-fullsection section-kc-topics bg-color10 bg-pattern full-width&#8221;][vc_column][vc_wp_text] For annons\u00f8rer For publishere Ordliste GDPR [\/vc_wp_text][\/vc_column][\/vc_row][vc_row el_id=&#8221;kc-content&#8221;][vc_column][\/vc_column][\/vc_row]<\/p>\n","protected":false},"author":69,"featured_media":0,"parent":13468,"menu_order":0,"comment_status":"closed","ping_status":"closed","template":"","meta":{"inline_featured_image":false,"_monsterinsights_skip_tracking":false,"_monsterinsights_sitenote_active":false,"_monsterinsights_sitenote_note":"","_monsterinsights_sitenote_category":0,"footnotes":""},"class_list":["post-13483","page","type-page","status-publish","hentry"],"yoast_head":"<!-- This site is optimized with the Yoast SEO Premium plugin v27.0 (Yoast SEO v27.0) - https:\/\/yoast.com\/product\/yoast-seo-premium-wordpress\/ -->\n<title>For Publishers - TradeTracker.com | Affiliate Marketing | Performance Marketing<\/title>\n<meta name=\"description\" content=\"Kunskapssenter for publisister. L\u00e6r hvordan man oppretter en konto og kan starte \u00e5 tjene penger. Her f\u00e5r du en enkel innf\u00f8ring.\" \/>\n<meta name=\"robots\" content=\"index, follow, max-snippet:-1, max-image-preview:large, max-video-preview:-1\" \/>\n<link rel=\"canonical\" href=\"https:\/\/tradetracker.com\/no\/wp-json\/wp\/v2\/pages\/13483\/\" \/>\n<meta property=\"og:locale\" content=\"en_US\" \/>\n<meta property=\"og:type\" content=\"article\" \/>\n<meta property=\"og:title\" content=\"Kan jeg f\u00e5 mer hjelp? TradeTracker.com\" \/>\n<meta property=\"og:description\" content=\"Kunskapssenter for publisister. L\u00e6r hvordan man oppretter en\" \/>\n<meta property=\"og:url\" content=\"https:\/\/tradetracker.com\/no\/knowledge-centre\/for-publishers\/\" \/>\n<meta property=\"og:site_name\" content=\"TradeTracker.com | Affiliate Marketing | Performance Marketing\" \/>\n<meta property=\"article:publisher\" content=\"https:\/\/www.facebook.com\/tradetrackercom\" \/>\n<meta property=\"article:modified_time\" content=\"2021-12-03T00:20:04+00:00\" \/>\n<meta property=\"og:image\" content=\"https:\/\/tradetracker.com\/wp-content\/uploads\/2019\/12\/tradetracker-logo-square.png\" \/>\n\t<meta property=\"og:image:width\" content=\"250\" \/>\n\t<meta property=\"og:image:height\" content=\"250\" \/>\n\t<meta property=\"og:image:type\" content=\"image\/png\" \/>\n<meta name=\"twitter:card\" content=\"summary_large_image\" \/>\n<meta name=\"twitter:title\" content=\"Kan jeg f\u00e5 mer hjelp?\" \/>\n<meta name=\"twitter:description\" content=\"Naturligvis! V\u00e5rt m\u00e5l er \u00e5 levere markedets beste grensesnitt for affiliateprogramvare. Vi fokuserer p\u00e5 brukervennlighet,\" \/>\n<meta name=\"twitter:image\" content=\"https:\/\/tradetracker.com\/assets\/tt-circles.png\" \/>\n<meta name=\"twitter:site\" content=\"@tradetrackercom\" \/>\n<script type=\"application\/ld+json\" class=\"yoast-schema-graph\">{\"@context\":\"https:\/\/schema.org\",\"@graph\":[{\"@type\":\"WebPage\",\"@id\":\"https:\/\/tradetracker.com\/no\/knowledge-centre\/for-publishers\/\",\"url\":\"https:\/\/tradetracker.com\/no\/knowledge-centre\/for-publishers\/\",\"name\":\"For Publishers - TradeTracker.com | Affiliate Marketing | Performance Marketing\",\"isPartOf\":{\"@id\":\"https:\/\/tradetracker.com\/no\/#website\"},\"datePublished\":\"2017-02-09T13:12:46+00:00\",\"dateModified\":\"2021-12-03T00:20:04+00:00\",\"description\":\"Kunskapssenter for publisister. L\u00e6r hvordan man oppretter en konto og kan starte \u00e5 tjene penger. Her f\u00e5r du en enkel innf\u00f8ring.\",\"breadcrumb\":{\"@id\":\"https:\/\/tradetracker.com\/no\/knowledge-centre\/for-publishers\/#breadcrumb\"},\"inLanguage\":\"nb-NO\",\"potentialAction\":[{\"@type\":\"ReadAction\",\"target\":[\"https:\/\/tradetracker.com\/no\/knowledge-centre\/for-publishers\/\"]}]},{\"@type\":\"BreadcrumbList\",\"@id\":\"https:\/\/tradetracker.com\/no\/knowledge-centre\/for-publishers\/#breadcrumb\",\"itemListElement\":[{\"@type\":\"ListItem\",\"position\":1,\"name\":\"Home\",\"item\":\"https:\/\/tradetracker.com\/no\/\"},{\"@type\":\"ListItem\",\"position\":2,\"name\":\"Knowledge Center\",\"item\":\"https:\/\/tradetracker.com\/no\/knowledge-centre\/\"},{\"@type\":\"ListItem\",\"position\":3,\"name\":\"For Publishers\"}]},{\"@type\":\"WebSite\",\"@id\":\"https:\/\/tradetracker.com\/no\/#website\",\"url\":\"https:\/\/tradetracker.com\/no\/\",\"name\":\"TradeTracker.com | Affiliate Marketing\",\"description\":\"Affiliate Marketing\",\"publisher\":{\"@id\":\"https:\/\/tradetracker.com\/no\/#organization\"},\"potentialAction\":[{\"@type\":\"SearchAction\",\"target\":{\"@type\":\"EntryPoint\",\"urlTemplate\":\"https:\/\/tradetracker.com\/no\/?s={search_term_string}\"},\"query-input\":{\"@type\":\"PropertyValueSpecification\",\"valueRequired\":true,\"valueName\":\"search_term_string\"}}],\"inLanguage\":\"nb-NO\"},{\"@type\":\"Organization\",\"@id\":\"https:\/\/tradetracker.com\/no\/#organization\",\"name\":\"TradeTracker FZ LLC\",\"url\":\"https:\/\/tradetracker.com\/no\/\",\"logo\":{\"@type\":\"ImageObject\",\"inLanguage\":\"nb-NO\",\"@id\":\"https:\/\/tradetracker.com\/no\/#\/schema\/logo\/image\/\",\"url\":\"https:\/\/tradetracker.com\/wp-content\/uploads\/2019\/04\/tradetracker-logo_1.jpg\",\"contentUrl\":\"https:\/\/tradetracker.com\/wp-content\/uploads\/2019\/04\/tradetracker-logo_1.jpg\",\"width\":672,\"height\":109,\"caption\":\"TradeTracker FZ LLC\"},\"image\":{\"@id\":\"https:\/\/tradetracker.com\/no\/#\/schema\/logo\/image\/\"},\"sameAs\":[\"https:\/\/www.facebook.com\/tradetrackercom\",\"https:\/\/x.com\/tradetrackercom\",\"https:\/\/www.linkedin.com\/company\/tradetrackercom\",\"https:\/\/www.youtube.com\/channel\/UCHiq-oir3qOorxO-8nLjIcQ\"],\"description\":\"TradeTracker is a global affiliate marketing platform that connects advertisers and publishers to create successful online campaigns. With its user-friendly interface, advanced tracking technology, and real-time reporting, TradeTracker provides the tools to optimize performance and boost conversions. Operating in over 20 countries, TradeTracker is renowned for its transparency, innovative solutions, and personalized support. It has been consistently chosen as the leading affiliate network worldwide, a testament to its excellence in the industry. Advertisers benefit from access to a vast network of publishers, while publishers enjoy a diverse range of campaigns and attractive earning opportunities. The platform continues to revolutionize the affiliate marketing industry with technologies like Real Attribution, ensuring fair commission distribution. TradeTracker empowers businesses to achieve their online no cure no pay advertising goals efficiently and effectively. With superior technology, unparalleled customer service, and innovative solutions, TradeTracker consistently outperforms competitors like Awin, TradeDoubler, CJ, and Webgains, making it the preferred choice for advertisers and publishers worldwide.\",\"legalName\":\"TradeTracker.com\",\"foundingDate\":\"2004-03-05\",\"numberOfEmployees\":{\"@type\":\"QuantitativeValue\",\"minValue\":\"201\",\"maxValue\":\"500\"}}]}<\/script>\n<!-- \/ Yoast SEO Premium plugin. -->","yoast_head_json":{"title":"For Publishers - TradeTracker.com | Affiliate Marketing | Performance Marketing","description":"Kunskapssenter for publisister. L\u00e6r hvordan man oppretter en konto og kan starte \u00e5 tjene penger. Her f\u00e5r du en enkel innf\u00f8ring.","robots":{"index":"index","follow":"follow","max-snippet":"max-snippet:-1","max-image-preview":"max-image-preview:large","max-video-preview":"max-video-preview:-1"},"canonical":"https:\/\/tradetracker.com\/no\/wp-json\/wp\/v2\/pages\/13483\/","og_locale":"en_US","og_type":"article","og_title":"Kan jeg f\u00e5 mer hjelp? TradeTracker.com","og_description":"Kunskapssenter for publisister. L\u00e6r hvordan man oppretter en","og_url":"https:\/\/tradetracker.com\/no\/knowledge-centre\/for-publishers\/","og_site_name":"TradeTracker.com | Affiliate Marketing | Performance Marketing","article_publisher":"https:\/\/www.facebook.com\/tradetrackercom","article_modified_time":"2021-12-03T00:20:04+00:00","og_image":[{"width":250,"height":250,"url":"https:\/\/tradetracker.com\/wp-content\/uploads\/2019\/12\/tradetracker-logo-square.png","type":"image\/png"}],"twitter_card":"summary_large_image","twitter_title":"Kan jeg f\u00e5 mer hjelp?","twitter_description":"Naturligvis! V\u00e5rt m\u00e5l er \u00e5 levere markedets beste grensesnitt for affiliateprogramvare. Vi fokuserer p\u00e5 brukervennlighet,","twitter_image":"https:\/\/tradetracker.com\/assets\/tt-circles.png","twitter_site":"@tradetrackercom","schema":{"@context":"https:\/\/schema.org","@graph":[{"@type":"WebPage","@id":"https:\/\/tradetracker.com\/no\/knowledge-centre\/for-publishers\/","url":"https:\/\/tradetracker.com\/no\/knowledge-centre\/for-publishers\/","name":"For Publishers - TradeTracker.com | Affiliate Marketing | Performance Marketing","isPartOf":{"@id":"https:\/\/tradetracker.com\/no\/#website"},"datePublished":"2017-02-09T13:12:46+00:00","dateModified":"2021-12-03T00:20:04+00:00","description":"Kunskapssenter for publisister. L\u00e6r hvordan man oppretter en konto og kan starte \u00e5 tjene penger. Her f\u00e5r du en enkel innf\u00f8ring.","breadcrumb":{"@id":"https:\/\/tradetracker.com\/no\/knowledge-centre\/for-publishers\/#breadcrumb"},"inLanguage":"nb-NO","potentialAction":[{"@type":"ReadAction","target":["https:\/\/tradetracker.com\/no\/knowledge-centre\/for-publishers\/"]}]},{"@type":"BreadcrumbList","@id":"https:\/\/tradetracker.com\/no\/knowledge-centre\/for-publishers\/#breadcrumb","itemListElement":[{"@type":"ListItem","position":1,"name":"Home","item":"https:\/\/tradetracker.com\/no\/"},{"@type":"ListItem","position":2,"name":"Knowledge Center","item":"https:\/\/tradetracker.com\/no\/knowledge-centre\/"},{"@type":"ListItem","position":3,"name":"For Publishers"}]},{"@type":"WebSite","@id":"https:\/\/tradetracker.com\/no\/#website","url":"https:\/\/tradetracker.com\/no\/","name":"TradeTracker.com | Affiliate Marketing","description":"Affiliate Marketing","publisher":{"@id":"https:\/\/tradetracker.com\/no\/#organization"},"potentialAction":[{"@type":"SearchAction","target":{"@type":"EntryPoint","urlTemplate":"https:\/\/tradetracker.com\/no\/?s={search_term_string}"},"query-input":{"@type":"PropertyValueSpecification","valueRequired":true,"valueName":"search_term_string"}}],"inLanguage":"nb-NO"},{"@type":"Organization","@id":"https:\/\/tradetracker.com\/no\/#organization","name":"TradeTracker FZ LLC","url":"https:\/\/tradetracker.com\/no\/","logo":{"@type":"ImageObject","inLanguage":"nb-NO","@id":"https:\/\/tradetracker.com\/no\/#\/schema\/logo\/image\/","url":"https:\/\/tradetracker.com\/wp-content\/uploads\/2019\/04\/tradetracker-logo_1.jpg","contentUrl":"https:\/\/tradetracker.com\/wp-content\/uploads\/2019\/04\/tradetracker-logo_1.jpg","width":672,"height":109,"caption":"TradeTracker FZ LLC"},"image":{"@id":"https:\/\/tradetracker.com\/no\/#\/schema\/logo\/image\/"},"sameAs":["https:\/\/www.facebook.com\/tradetrackercom","https:\/\/x.com\/tradetrackercom","https:\/\/www.linkedin.com\/company\/tradetrackercom","https:\/\/www.youtube.com\/channel\/UCHiq-oir3qOorxO-8nLjIcQ"],"description":"TradeTracker is a global affiliate marketing platform that connects advertisers and publishers to create successful online campaigns. With its user-friendly interface, advanced tracking technology, and real-time reporting, TradeTracker provides the tools to optimize performance and boost conversions. Operating in over 20 countries, TradeTracker is renowned for its transparency, innovative solutions, and personalized support. It has been consistently chosen as the leading affiliate network worldwide, a testament to its excellence in the industry. Advertisers benefit from access to a vast network of publishers, while publishers enjoy a diverse range of campaigns and attractive earning opportunities. The platform continues to revolutionize the affiliate marketing industry with technologies like Real Attribution, ensuring fair commission distribution. TradeTracker empowers businesses to achieve their online no cure no pay advertising goals efficiently and effectively. With superior technology, unparalleled customer service, and innovative solutions, TradeTracker consistently outperforms competitors like Awin, TradeDoubler, CJ, and Webgains, making it the preferred choice for advertisers and publishers worldwide.","legalName":"TradeTracker.com","foundingDate":"2004-03-05","numberOfEmployees":{"@type":"QuantitativeValue","minValue":"201","maxValue":"500"}}]}},"_links":{"self":[{"href":"https:\/\/tradetracker.com\/no\/wp-json\/wp\/v2\/pages\/13483","targetHints":{"allow":["GET"]}}],"collection":[{"href":"https:\/\/tradetracker.com\/no\/wp-json\/wp\/v2\/pages"}],"about":[{"href":"https:\/\/tradetracker.com\/no\/wp-json\/wp\/v2\/types\/page"}],"author":[{"embeddable":true,"href":"https:\/\/tradetracker.com\/no\/wp-json\/wp\/v2\/users\/69"}],"replies":[{"embeddable":true,"href":"https:\/\/tradetracker.com\/no\/wp-json\/wp\/v2\/comments?post=13483"}],"version-history":[{"count":0,"href":"https:\/\/tradetracker.com\/no\/wp-json\/wp\/v2\/pages\/13483\/revisions"}],"up":[{"embeddable":true,"href":"https:\/\/tradetracker.com\/no\/wp-json\/wp\/v2\/pages\/13468"}],"wp:attachment":[{"href":"https:\/\/tradetracker.com\/no\/wp-json\/wp\/v2\/media?parent=13483"}],"curies":[{"name":"wp","href":"https:\/\/api.w.org\/{rel}","templated":true}]}}