{"id":13558,"date":"2016-12-19T13:34:20","date_gmt":"2016-12-19T13:34:20","guid":{"rendered":"https:\/\/tradetracker.com\/no\/privacy-policy\/"},"modified":"2020-12-31T16:33:51","modified_gmt":"2020-12-31T16:33:51","slug":"privacy-policy","status":"publish","type":"page","link":"https:\/\/tradetracker.com\/no\/privacy-policy\/","title":{"rendered":"Privacy Policy"},"content":{"rendered":"<div class=\"wpb-content-wrapper\"><p>[vc_row classes=&#8221;static-page-intro short privacy-page&#8221;][vc_column]<div class=\"row\"><div class=\"vc_col-sm-12\"><div class=\" static-page-intro-text \"><h1  style=\"color: #ffffff\" class=\"\">PERSONVERNERKL\u00c6RING<\/h1><\/div>\r\n        <\/div>\r\n    <\/div>[\/vc_column][\/vc_row][vc_row][vc_column]<div class=\"space\"><\/div>[vc_wp_text]Personvern er viktig for oss i TradeTracker. For bedre personvern vil vi forklare hvordan vi bruker informasjon, og hvilke muligheter du har for \u00e5 p\u00e5virke hvordan personlig informasjon hentes inn, brukes og offentliggj\u00f8res. For \u00e5 gj\u00f8re det enkelt \u00e5 finne denne erkl\u00e6ringen har vi lagt den ut p\u00e5 nettstedet v\u00e5rt. <a href=\"https:\/\/tradetracker.com\/privacy-policy\/\">tradetracker.com\/privacy-policy\/<\/a> Den er ogs\u00e5 inkludert alle steder der vi ber om informasjon som kan identifisere deg.<\/p>\n<h3>Informasjonen vi samler inn<\/h3>\n<p>TradeTracker samler inn mye informasjon for \u00e5 kunne arbeide mer effektivt og tilby de beste produktene, tjenestene og opplevelsene. Vi samler inn informasjon n\u00e5r du registrerer deg, logger deg p\u00e5 og n\u00e5r du bruker v\u00e5re nettsteder og tjenester. I enkelte tilfeller henter vi ogs\u00e5 inn informasjon fra andre bedrifter. Informasjonen samles inn p\u00e5 forskjellige m\u00e5ter, blant annet fra skjemaer p\u00e5 nett, teknologi som for eksempel <a href=\"\/no\/privacy-policy\/how-we-use-cookies\/\">informasjonskapsler<\/a>, nettlogging og programvare p\u00e5 datamaskinen din eller andre enheter.<\/p>\n<h3>Slik bruker vi informasjon om deg<\/h3>\n<p>TradeTracker bruker informasjonen til \u00e5 drive, forbedre og tilpasse produktene og tjenestene vi tilbyr. Vi kan bruke informasjonen til \u00e5 kommunisere med deg, for eksempel for \u00e5 informere deg om kontoen din og sikkerhetsoppdateringer. Vi kan ogs\u00e5 bruke informasjonen for \u00e5 s\u00f8rge for at du ser relevante annonser p\u00e5 annonsest\u00f8ttede tjenester.<\/p>\n<h3>Grunnen til at vi deler informasjon om deg<\/h3>\n<p>Bortsett fra unntakene som beskrives i denne personvernerkl\u00e6ringen, vil vi aldri dele informasjon om deg med tredjepart uten din godkjenning.<\/p>\n<h3>F\u00e5 tilgang til informasjon om deg<\/h3>\n<p>Enkelte TradeTracker-tjenester lar deg vise eller redigere personlig informasjon. For \u00e5 forhindre at andre f\u00e5r se din informasjon, vil du f\u00f8rst bli bedt om \u00e5 logge deg p\u00e5. Tilgangen til informasjonen avhenger av hvilke nettsteder eller tjenester du har brukt.<\/p>\n<h3>Kommunikasjonsvalg<\/h3>\n<p>Du kan stoppe fremtidige e-poster fra TradeTracker-nettsteder og -tjenester ved hjelp av instruksjonene i e-posten du mottar. Det kan ogs\u00e5 hende at du f\u00e5r muligheten til \u00e5 gj\u00f8re egne valg om hvordan du \u00f8nsker \u00e5 f\u00e5 e-poster, telefonsamtaler og post fra enkelte TradeTracker-nettsteder eller tjenester.<\/p>\n<h3>TradeTracker-konto<\/h3>\n<p>TradeTracker-kontoen lar deg logge deg p\u00e5 TradeTrackers produkter, nettsteder og tjenester. N\u00e5r du oppretter en TradeTracker-konto, blir du bedt om \u00e5 oppgi informasjon om deg selv. N\u00e5r du logger deg p\u00e5 et nettsted eller en tjeneste ved hjelp av TradeTracker-kontoen din, samler vi inn informasjon for \u00e5 bekrefte identiteten din p\u00e5 vegne av nettstedet eller tjenesten for \u00e5 beskytte deg mot kontomisbruk og for \u00e5 beskytte TradeTrackers kontotjeneste. Vi sender ogs\u00e5 ikke-personlig informasjon til et nettsted eller en tjeneste n\u00e5r du har logget deg p\u00e5 ved hjelp av din TradeTracker-konto.[\/vc_wp_text][\/vc_column][\/vc_row][vc_row][vc_column]<div class=\"space\"><\/div>[\/vc_column][\/vc_row]<\/p>\n<\/div>","protected":false},"excerpt":{"rendered":"<p>[vc_row classes=&#8221;static-page-intro short privacy-page&#8221;][vc_column][\/vc_column][\/vc_row][vc_row][vc_column][vc_wp_text]Personvern er viktig for oss i TradeTracker. For bedre personvern vil vi forklare hvordan vi bruker informasjon, og hvilke muligheter du har for \u00e5 p\u00e5virke hvordan personlig informasjon hentes inn, brukes og offentliggj\u00f8res. For \u00e5 gj\u00f8re det enkelt \u00e5 finne denne erkl\u00e6ringen har vi lagt den ut p\u00e5 nettstedet v\u00e5rt. tradetracker.com\/privacy-policy\/ Den  [&#8230;]<\/p>\n","protected":false},"author":69,"featured_media":0,"parent":0,"menu_order":0,"comment_status":"closed","ping_status":"closed","template":"template-privacy-page.php","meta":{"inline_featured_image":false,"_monsterinsights_skip_tracking":false,"_monsterinsights_sitenote_active":false,"_monsterinsights_sitenote_note":"","_monsterinsights_sitenote_category":0,"footnotes":""},"class_list":["post-13558","page","type-page","status-publish","hentry"],"yoast_head":"<!-- This site is optimized with the Yoast SEO Premium plugin v27.0 (Yoast SEO v27.0) - https:\/\/yoast.com\/product\/yoast-seo-premium-wordpress\/ -->\n<title>Privacy Policy - TradeTracker.com | Affiliate Marketing | Performance Marketing<\/title>\n<meta name=\"description\" content=\"PERSONVERNERKL\u00c6RING Personvern er viktig for oss i TradeTracker. For bedre personvern vil vi forklare hvordan vi bruker informasjon, og hvilke muligheter du har for \u00e5 p\u00e5virke hvordan personlig informasjon hentes inn,\" \/>\n<meta name=\"robots\" content=\"index, follow, max-snippet:-1, max-image-preview:large, max-video-preview:-1\" \/>\n<link rel=\"canonical\" href=\"https:\/\/tradetracker.com\/no\/wp-json\/wp\/v2\/pages\/13558\/\" \/>\n<meta property=\"og:locale\" content=\"en_US\" \/>\n<meta property=\"og:type\" content=\"article\" \/>\n<meta property=\"og:title\" content=\"Privacy Policy TradeTracker.com\" \/>\n<meta property=\"og:description\" content=\"PERSONVERNERKL\u00c6RING Personvern er viktig for oss i TradeTracker.\" \/>\n<meta property=\"og:url\" content=\"https:\/\/tradetracker.com\/no\/privacy-policy\/\" \/>\n<meta property=\"og:site_name\" content=\"TradeTracker.com | Affiliate Marketing | Performance Marketing\" \/>\n<meta property=\"article:publisher\" content=\"https:\/\/www.facebook.com\/tradetrackercom\" \/>\n<meta property=\"article:modified_time\" content=\"2020-12-31T16:33:51+00:00\" \/>\n<meta property=\"og:image\" content=\"https:\/\/tradetracker.com\/wp-content\/uploads\/2019\/12\/tradetracker-logo-square.png\" \/>\n\t<meta property=\"og:image:width\" content=\"250\" \/>\n\t<meta property=\"og:image:height\" content=\"250\" \/>\n\t<meta property=\"og:image:type\" content=\"image\/png\" \/>\n<meta name=\"twitter:card\" content=\"summary_large_image\" \/>\n<meta name=\"twitter:title\" content=\"Privacy Policy\" \/>\n<meta name=\"twitter:description\" content=\"PERSONVERNERKL\u00c6RING Personvern er viktig for oss i TradeTracker. For bedre personvern vil vi forklare hvordan vi bruker \" \/>\n<meta name=\"twitter:image\" content=\"https:\/\/tradetracker.com\/assets\/tt-circles.png\" \/>\n<meta name=\"twitter:site\" content=\"@tradetrackercom\" \/>\n<meta name=\"twitter:label1\" content=\"Est. reading time\" \/>\n\t<meta name=\"twitter:data1\" content=\"2 minutes\" \/>\n<script type=\"application\/ld+json\" class=\"yoast-schema-graph\">{\"@context\":\"https:\/\/schema.org\",\"@graph\":[{\"@type\":\"WebPage\",\"@id\":\"https:\/\/tradetracker.com\/no\/privacy-policy\/\",\"url\":\"https:\/\/tradetracker.com\/no\/privacy-policy\/\",\"name\":\"Privacy Policy - TradeTracker.com | Affiliate Marketing | Performance Marketing\",\"isPartOf\":{\"@id\":\"https:\/\/tradetracker.com\/no\/#website\"},\"datePublished\":\"2016-12-19T13:34:20+00:00\",\"dateModified\":\"2020-12-31T16:33:51+00:00\",\"breadcrumb\":{\"@id\":\"https:\/\/tradetracker.com\/no\/privacy-policy\/#breadcrumb\"},\"inLanguage\":\"nb-NO\",\"potentialAction\":[{\"@type\":\"ReadAction\",\"target\":[\"https:\/\/tradetracker.com\/no\/privacy-policy\/\"]}]},{\"@type\":\"BreadcrumbList\",\"@id\":\"https:\/\/tradetracker.com\/no\/privacy-policy\/#breadcrumb\",\"itemListElement\":[{\"@type\":\"ListItem\",\"position\":1,\"name\":\"Home\",\"item\":\"https:\/\/tradetracker.com\/no\/\"},{\"@type\":\"ListItem\",\"position\":2,\"name\":\"Privacy Policy\"}]},{\"@type\":\"WebSite\",\"@id\":\"https:\/\/tradetracker.com\/no\/#website\",\"url\":\"https:\/\/tradetracker.com\/no\/\",\"name\":\"TradeTracker.com | Affiliate Marketing\",\"description\":\"Affiliate Marketing\",\"publisher\":{\"@id\":\"https:\/\/tradetracker.com\/no\/#organization\"},\"potentialAction\":[{\"@type\":\"SearchAction\",\"target\":{\"@type\":\"EntryPoint\",\"urlTemplate\":\"https:\/\/tradetracker.com\/no\/?s={search_term_string}\"},\"query-input\":{\"@type\":\"PropertyValueSpecification\",\"valueRequired\":true,\"valueName\":\"search_term_string\"}}],\"inLanguage\":\"nb-NO\"},{\"@type\":\"Organization\",\"@id\":\"https:\/\/tradetracker.com\/no\/#organization\",\"name\":\"TradeTracker FZ LLC\",\"url\":\"https:\/\/tradetracker.com\/no\/\",\"logo\":{\"@type\":\"ImageObject\",\"inLanguage\":\"nb-NO\",\"@id\":\"https:\/\/tradetracker.com\/no\/#\/schema\/logo\/image\/\",\"url\":\"https:\/\/tradetracker.com\/wp-content\/uploads\/2019\/04\/tradetracker-logo_1.jpg\",\"contentUrl\":\"https:\/\/tradetracker.com\/wp-content\/uploads\/2019\/04\/tradetracker-logo_1.jpg\",\"width\":672,\"height\":109,\"caption\":\"TradeTracker FZ LLC\"},\"image\":{\"@id\":\"https:\/\/tradetracker.com\/no\/#\/schema\/logo\/image\/\"},\"sameAs\":[\"https:\/\/www.facebook.com\/tradetrackercom\",\"https:\/\/x.com\/tradetrackercom\",\"https:\/\/www.linkedin.com\/company\/tradetrackercom\",\"https:\/\/www.youtube.com\/channel\/UCHiq-oir3qOorxO-8nLjIcQ\"],\"description\":\"TradeTracker is a global affiliate marketing platform that connects advertisers and publishers to create successful online campaigns. With its user-friendly interface, advanced tracking technology, and real-time reporting, TradeTracker provides the tools to optimize performance and boost conversions. Operating in over 20 countries, TradeTracker is renowned for its transparency, innovative solutions, and personalized support. It has been consistently chosen as the leading affiliate network worldwide, a testament to its excellence in the industry. Advertisers benefit from access to a vast network of publishers, while publishers enjoy a diverse range of campaigns and attractive earning opportunities. The platform continues to revolutionize the affiliate marketing industry with technologies like Real Attribution, ensuring fair commission distribution. TradeTracker empowers businesses to achieve their online no cure no pay advertising goals efficiently and effectively. With superior technology, unparalleled customer service, and innovative solutions, TradeTracker consistently outperforms competitors like Awin, TradeDoubler, CJ, and Webgains, making it the preferred choice for advertisers and publishers worldwide.\",\"legalName\":\"TradeTracker.com\",\"foundingDate\":\"2004-03-05\",\"numberOfEmployees\":{\"@type\":\"QuantitativeValue\",\"minValue\":\"201\",\"maxValue\":\"500\"}}]}<\/script>\n<!-- \/ Yoast SEO Premium plugin. -->","yoast_head_json":{"title":"Privacy Policy - TradeTracker.com | Affiliate Marketing | Performance Marketing","description":"PERSONVERNERKL\u00c6RING Personvern er viktig for oss i TradeTracker. For bedre personvern vil vi forklare hvordan vi bruker informasjon, og hvilke muligheter du har for \u00e5 p\u00e5virke hvordan personlig informasjon hentes inn,","robots":{"index":"index","follow":"follow","max-snippet":"max-snippet:-1","max-image-preview":"max-image-preview:large","max-video-preview":"max-video-preview:-1"},"canonical":"https:\/\/tradetracker.com\/no\/wp-json\/wp\/v2\/pages\/13558\/","og_locale":"en_US","og_type":"article","og_title":"Privacy Policy TradeTracker.com","og_description":"PERSONVERNERKL\u00c6RING Personvern er viktig for oss i TradeTracker.","og_url":"https:\/\/tradetracker.com\/no\/privacy-policy\/","og_site_name":"TradeTracker.com | Affiliate Marketing | Performance Marketing","article_publisher":"https:\/\/www.facebook.com\/tradetrackercom","article_modified_time":"2020-12-31T16:33:51+00:00","og_image":[{"width":250,"height":250,"url":"https:\/\/tradetracker.com\/wp-content\/uploads\/2019\/12\/tradetracker-logo-square.png","type":"image\/png"}],"twitter_card":"summary_large_image","twitter_title":"Privacy Policy","twitter_description":"PERSONVERNERKL\u00c6RING Personvern er viktig for oss i TradeTracker. For bedre personvern vil vi forklare hvordan vi bruker ","twitter_image":"https:\/\/tradetracker.com\/assets\/tt-circles.png","twitter_site":"@tradetrackercom","twitter_misc":{"Est. reading time":"2 minutes"},"schema":{"@context":"https:\/\/schema.org","@graph":[{"@type":"WebPage","@id":"https:\/\/tradetracker.com\/no\/privacy-policy\/","url":"https:\/\/tradetracker.com\/no\/privacy-policy\/","name":"Privacy Policy - TradeTracker.com | Affiliate Marketing | Performance Marketing","isPartOf":{"@id":"https:\/\/tradetracker.com\/no\/#website"},"datePublished":"2016-12-19T13:34:20+00:00","dateModified":"2020-12-31T16:33:51+00:00","breadcrumb":{"@id":"https:\/\/tradetracker.com\/no\/privacy-policy\/#breadcrumb"},"inLanguage":"nb-NO","potentialAction":[{"@type":"ReadAction","target":["https:\/\/tradetracker.com\/no\/privacy-policy\/"]}]},{"@type":"BreadcrumbList","@id":"https:\/\/tradetracker.com\/no\/privacy-policy\/#breadcrumb","itemListElement":[{"@type":"ListItem","position":1,"name":"Home","item":"https:\/\/tradetracker.com\/no\/"},{"@type":"ListItem","position":2,"name":"Privacy Policy"}]},{"@type":"WebSite","@id":"https:\/\/tradetracker.com\/no\/#website","url":"https:\/\/tradetracker.com\/no\/","name":"TradeTracker.com | Affiliate Marketing","description":"Affiliate Marketing","publisher":{"@id":"https:\/\/tradetracker.com\/no\/#organization"},"potentialAction":[{"@type":"SearchAction","target":{"@type":"EntryPoint","urlTemplate":"https:\/\/tradetracker.com\/no\/?s={search_term_string}"},"query-input":{"@type":"PropertyValueSpecification","valueRequired":true,"valueName":"search_term_string"}}],"inLanguage":"nb-NO"},{"@type":"Organization","@id":"https:\/\/tradetracker.com\/no\/#organization","name":"TradeTracker FZ LLC","url":"https:\/\/tradetracker.com\/no\/","logo":{"@type":"ImageObject","inLanguage":"nb-NO","@id":"https:\/\/tradetracker.com\/no\/#\/schema\/logo\/image\/","url":"https:\/\/tradetracker.com\/wp-content\/uploads\/2019\/04\/tradetracker-logo_1.jpg","contentUrl":"https:\/\/tradetracker.com\/wp-content\/uploads\/2019\/04\/tradetracker-logo_1.jpg","width":672,"height":109,"caption":"TradeTracker FZ LLC"},"image":{"@id":"https:\/\/tradetracker.com\/no\/#\/schema\/logo\/image\/"},"sameAs":["https:\/\/www.facebook.com\/tradetrackercom","https:\/\/x.com\/tradetrackercom","https:\/\/www.linkedin.com\/company\/tradetrackercom","https:\/\/www.youtube.com\/channel\/UCHiq-oir3qOorxO-8nLjIcQ"],"description":"TradeTracker is a global affiliate marketing platform that connects advertisers and publishers to create successful online campaigns. With its user-friendly interface, advanced tracking technology, and real-time reporting, TradeTracker provides the tools to optimize performance and boost conversions. Operating in over 20 countries, TradeTracker is renowned for its transparency, innovative solutions, and personalized support. It has been consistently chosen as the leading affiliate network worldwide, a testament to its excellence in the industry. Advertisers benefit from access to a vast network of publishers, while publishers enjoy a diverse range of campaigns and attractive earning opportunities. The platform continues to revolutionize the affiliate marketing industry with technologies like Real Attribution, ensuring fair commission distribution. TradeTracker empowers businesses to achieve their online no cure no pay advertising goals efficiently and effectively. With superior technology, unparalleled customer service, and innovative solutions, TradeTracker consistently outperforms competitors like Awin, TradeDoubler, CJ, and Webgains, making it the preferred choice for advertisers and publishers worldwide.","legalName":"TradeTracker.com","foundingDate":"2004-03-05","numberOfEmployees":{"@type":"QuantitativeValue","minValue":"201","maxValue":"500"}}]}},"_links":{"self":[{"href":"https:\/\/tradetracker.com\/no\/wp-json\/wp\/v2\/pages\/13558","targetHints":{"allow":["GET"]}}],"collection":[{"href":"https:\/\/tradetracker.com\/no\/wp-json\/wp\/v2\/pages"}],"about":[{"href":"https:\/\/tradetracker.com\/no\/wp-json\/wp\/v2\/types\/page"}],"author":[{"embeddable":true,"href":"https:\/\/tradetracker.com\/no\/wp-json\/wp\/v2\/users\/69"}],"replies":[{"embeddable":true,"href":"https:\/\/tradetracker.com\/no\/wp-json\/wp\/v2\/comments?post=13558"}],"version-history":[{"count":0,"href":"https:\/\/tradetracker.com\/no\/wp-json\/wp\/v2\/pages\/13558\/revisions"}],"wp:attachment":[{"href":"https:\/\/tradetracker.com\/no\/wp-json\/wp\/v2\/media?parent=13558"}],"curies":[{"name":"wp","href":"https:\/\/api.w.org\/{rel}","templated":true}]}}