{"id":13573,"date":"2016-12-25T09:57:41","date_gmt":"2016-12-25T09:57:41","guid":{"rendered":"https:\/\/tradetracker.com\/no\/publisher-qualifications\/"},"modified":"2022-01-28T12:02:10","modified_gmt":"2022-01-28T12:02:10","slug":"publisher-qualifications","status":"publish","type":"page","link":"https:\/\/tradetracker.com\/no\/publisher-qualifications\/","title":{"rendered":"Publisher Qualifications"},"content":{"rendered":"<div class=\"wpb-content-wrapper\"><p>[vc_row classes=&#8221; static-page-intro pub-requirements&#8221;][vc_column]<div class=\"row\"><div class=\"vc_col-sm-12\"><div class=\" static-page-intro-text \"><h1  style=\"color: #ffffff\" class=\"\">PUBLISHERS KVALIFIKASJONER<\/h1><h2  style=\"color: #ffffff\" class=\"\">For \u00e5 sikre at nettverket v\u00e5rt beholder integriteten sin, har vi definert noen kvalifikasjoner som v\u00e5re nye medlemmer m\u00e5 ha.<br \/>\nHer lister vi opp hovedkvalifikasjonene som sikrer at du kan samarbeide med TradeTracker. Hvis du oppfyller disse kravene, er du nesten i m\u00e5l.<\/h2><\/div>\r\n        <\/div>\r\n    <\/div>[\/vc_column][\/vc_row][vc_row classes=&#8221;bg-pattern&#8221;][vc_column]<div class=\"space\"><\/div>[vc_raw_html]JTNDcCUyMGNsYXNzJTNEJTIyaGVhZGxpbmUtcGFyYWdyYXBoJTIyJTNFVHJhZGVUcmFja2VyJTIwJUMzJUI4bnNrZXIlMjAlQzMlQTUlMjBzYW1hcmJlaWRlJTIwbWVkJTIwYWxsZSUyMHNlcmklQzMlQjhzZSUyMHB1Ymxpc2hlcmUlMkMlMjBmcmElMjBkZSUyMHNvbSUyMG5ldHRvcHAlMjBoYXIlMjBzdGFydGV0JTIwb3BwJTJDJTIwdGlsJTIwZXJmYXJuZSUyMGZ1bGx0aWRzYWZmaWxpYXRlcyUyMHAlQzMlQTUlMjBiZWRyaWZ0c25pdiVDMyVBNS4lMjBGb3IlMjAlQzMlQTUlMjBibGklMjBlbiUyMHB1Ymxpc2hlciUyMHNvbSUyMGFubm9ucyVDMyVCOHJlciUyMCVDMyVCOG5za2VyJTIwJUMzJUE1JTIwc2FtYXJiZWlkZSUyMG1lZCUyQyUyMG0lQzMlQTUlMjBkdSUyMG9wcGZ5bGxlJTIwZiVDMyVCOGxnZW5kZSUzQSUzQyUyRnAlM0U=[\/vc_raw_html]<div class=\"space\"><\/div>[vc_row_inner][vc_column_inner width=&#8221;1\/3&#8243;][vc_wp_text title=&#8221;Tilfredsstille et behov&#8221;]N\u00e5r du arbeider mot et m\u00e5l, tilfredsstiller du dine bes\u00f8kendes behov. S\u00f8rg for at du har et aktivt nettsted, en database eller en aktiv kanal p\u00e5 sosiale medier som stadig genererer nytt innhold. N\u00e5r du utvider synligheten din, og n\u00e5r ditt publikum er av en bestemt type med \u00f8nskede egenskaper, kan du fortsette \u00e5 fokusere p\u00e5 \u00e5 utvikle innholdet de \u00f8nsker seg og som de forventer \u00e5 finne n\u00e5r de bes\u00f8ker ditt nettsted. F\u00f8rst da kan du finne aktuelle kampanjer som gir resultater. Du er en entrepren\u00f8r med en visjon, og du jobber hardt for \u00e5 n\u00e5 m\u00e5let ditt.[\/vc_wp_text][\/vc_column_inner][vc_column_inner width=&#8221;1\/3&#8243;][vc_wp_text title=&#8221;En m\u00e5lrettet tiln\u00e6rming&#8221;]\u201cN\u00e5r du har definert behovene du skal tilfredsstille, enten det er \u00e5 gi informasjon til reisende, skrive produktanmeldelser eller markedsf\u00f8re et internasjonalt produkt, m\u00e5 du svare p\u00e5 disse sp\u00f8rsm\u00e5lene: Hvem er m\u00e5lgruppen din? Hva \u00f8nsker du \u00e5 kommunisere? Hvor finner dine bes\u00f8kende innholdet ditt? Hvordan skal de bruke innholdet ditt? Hva er planen din for \u00e5 f\u00e5 dem til \u00e5 komme tilbake? Du lager en forretningsplan, og den er basert p\u00e5 kontinuerlig og inkrementell utvikling. Du er i en konkurranseorientert bransje, s\u00e5 du m\u00e5 s\u00f8rge for at du ikke mister fremdriften.\u201d[\/vc_wp_text][\/vc_column_inner][vc_column_inner width=&#8221;1\/3&#8243;][vc_wp_text title=&#8221;Behovet for mer&#8221;]<\/p>\n<p>Forbrukernes behov er i stadig endring, og det samme er publishingbransjen. Det konstante behovet for innhold i et milj\u00f8 som er i rask endring, og behovet for nye nisjer og nye muligheter, gj\u00f8r at hvis du f\u00f8lger de samme skrittene mot suksess, f\u00e5r du verkt\u00f8yene du trenger for \u00e5 bli en vellykket TradeTracker-affiliate og nettentrepren\u00f8r. Tenk stort og profesjonelt, og vis dine bes\u00f8kende konseptene dine p\u00e5 samme m\u00e5te. De forventer et str\u00f8mlinjeformet milj\u00f8 basert p\u00e5 deres daglige internettbruk \u2013 ikke skuff dem.<br \/>\nDin profesjonelle holdning vil bel\u00f8nnes, og du blir en anerkjent publisher.<\/p>\n<p>[\/vc_wp_text][\/vc_column_inner][\/vc_row_inner][\/vc_column][\/vc_row][vc_row classes=&#8221;cta ctamerch&#8221; el_id=&#8221;pubcta&#8221;][vc_column]<div class=\"row\"><div class=\"vc_col-sm-12\"><h2 class=\"get_started\" style=\"color:#ffffff\">Er du klar til \u00e5 ta det neste steget?<\/h2><p style=\"color:#ffffff\">Vi er et team som best\u00e5r av resultatdrevne affiliatejunkies som brenner for resultater og alltid er p\u00e5 utkikk etter \u00e5 gj\u00f8re markedsf\u00f8ringsverdenen til et bedre sted \u00e5 v\u00e6re. Ta kontakt, s\u00e5 hjelper vi deg gjerne med \u00e5 lage en plan som er l\u00f8nnsom for deg. <\/p>        <ul class=\"cta-items\">\r\n                        <li>\r\n                <a                    class=\"cta-advertiser-signup\"                                      href=\"https:\/\/affiliate.tradetracker.com\/signup\/step1?loc=nb_NO\"                                   >\r\n                    Meld deg p\u00e5 n\u00e5                <\/a>\r\n            <\/li>\r\n                        \r\n                        <li>\r\n                <a                    class=\"cta-advertiser-signup\"                                      href=\"\/no\/publishers\/\"                                   >\r\n                    Publishere                <\/a>\r\n            <\/li>\r\n                    <\/ul>\r\n        <\/div><\/div>[\/vc_column][\/vc_row]<\/p>\n<\/div>","protected":false},"excerpt":{"rendered":"<p>[vc_row classes=&#8221; static-page-intro pub-requirements&#8221;][vc_column][\/vc_column][\/vc_row][vc_row classes=&#8221;bg-pattern&#8221;][vc_column][vc_raw_html]JTNDcCUyMGNsYXNzJTNEJTIyaGVhZGxpbmUtcGFyYWdyYXBoJTIyJTNFVHJhZGVUcmFja2VyJTIwJUMzJUI4bnNrZXIlMjAlQzMlQTUlMjBzYW1hcmJlaWRlJTIwbWVkJTIwYWxsZSUyMHNlcmklQzMlQjhzZSUyMHB1Ymxpc2hlcmUlMkMlMjBmcmElMjBkZSUyMHNvbSUyMG5ldHRvcHAlMjBoYXIlMjBzdGFydGV0JTIwb3BwJTJDJTIwdGlsJTIwZXJmYXJuZSUyMGZ1bGx0aWRzYWZmaWxpYXRlcyUyMHAlQzMlQTUlMjBiZWRyaWZ0c25pdiVDMyVBNS4lMjBGb3IlMjAlQzMlQTUlMjBibGklMjBlbiUyMHB1Ymxpc2hlciUyMHNvbSUyMGFubm9ucyVDMyVCOHJlciUyMCVDMyVCOG5za2VyJTIwJUMzJUE1JTIwc2FtYXJiZWlkZSUyMG1lZCUyQyUyMG0lQzMlQTUlMjBkdSUyMG9wcGZ5bGxlJTIwZiVDMyVCOGxnZW5kZSUzQSUzQyUyRnAlM0U=[\/vc_raw_html][vc_row_inner][vc_column_inner width=&#8221;1\/3&#8243;][vc_wp_text title=&#8221;Tilfredsstille et behov&#8221;]N\u00e5r du arbeider mot et m\u00e5l, tilfredsstiller du dine bes\u00f8kendes behov. S\u00f8rg for at du har et aktivt nettsted, en database eller en aktiv kanal p\u00e5 sosiale medier som stadig genererer nytt innhold. N\u00e5r du utvider synligheten din, og n\u00e5r ditt publikum er av en bestemt type  [&#8230;]<\/p>\n","protected":false},"author":69,"featured_media":0,"parent":0,"menu_order":0,"comment_status":"closed","ping_status":"closed","template":"","meta":{"inline_featured_image":false,"_monsterinsights_skip_tracking":false,"_monsterinsights_sitenote_active":false,"_monsterinsights_sitenote_note":"","_monsterinsights_sitenote_category":0,"footnotes":""},"class_list":["post-13573","page","type-page","status-publish","hentry"],"yoast_head":"<!-- This site is optimized with the Yoast SEO Premium plugin v27.0 (Yoast SEO v27.0) - https:\/\/yoast.com\/product\/yoast-seo-premium-wordpress\/ -->\n<title>Publisher Qualifications - TradeTracker.com | Affiliate Marketing | Performance Marketing<\/title>\n<meta name=\"description\" content=\"PUBLISHERS KVALIFIKASJONERFor \u00e5 sikre at nettverket v\u00e5rt beholder integriteten sin, har vi definert noen kvalifikasjoner som v\u00e5re nye medlemmer m\u00e5 ha. Her lister vi opp hovedkvalifikasjonene som sikrer at du kan\" \/>\n<meta name=\"robots\" content=\"index, follow, max-snippet:-1, max-image-preview:large, max-video-preview:-1\" \/>\n<link rel=\"canonical\" href=\"https:\/\/tradetracker.com\/no\/wp-json\/wp\/v2\/pages\/13573\/\" \/>\n<meta property=\"og:locale\" content=\"en_US\" \/>\n<meta property=\"og:type\" content=\"article\" \/>\n<meta property=\"og:title\" content=\"Publisher Qualifications TradeTracker.com\" \/>\n<meta property=\"og:description\" content=\"PUBLISHERS KVALIFIKASJONERFor \u00e5 sikre at nettverket v\u00e5rt\" \/>\n<meta property=\"og:url\" content=\"https:\/\/tradetracker.com\/no\/publisher-qualifications\/\" \/>\n<meta property=\"og:site_name\" content=\"TradeTracker.com | Affiliate Marketing | Performance Marketing\" \/>\n<meta property=\"article:publisher\" content=\"https:\/\/www.facebook.com\/tradetrackercom\" \/>\n<meta property=\"article:modified_time\" content=\"2022-01-28T12:02:10+00:00\" \/>\n<meta property=\"og:image\" content=\"https:\/\/tradetracker.com\/wp-content\/uploads\/2019\/12\/tradetracker-logo-square.png\" \/>\n\t<meta property=\"og:image:width\" content=\"250\" \/>\n\t<meta property=\"og:image:height\" content=\"250\" \/>\n\t<meta property=\"og:image:type\" content=\"image\/png\" \/>\n<meta name=\"twitter:card\" content=\"summary_large_image\" \/>\n<meta name=\"twitter:title\" content=\"Publisher Qualifications\" \/>\n<meta name=\"twitter:description\" content=\"PUBLISHERS KVALIFIKASJONERFor \u00e5 sikre at nettverket v\u00e5rt beholder integriteten sin, har vi definert noen kvalifikasjoner \" \/>\n<meta name=\"twitter:image\" content=\"https:\/\/tradetracker.com\/assets\/tt-circles.png\" \/>\n<meta name=\"twitter:site\" content=\"@tradetrackercom\" \/>\n<meta name=\"twitter:label1\" content=\"Est. reading time\" \/>\n\t<meta name=\"twitter:data1\" content=\"3 minutes\" \/>\n<script type=\"application\/ld+json\" class=\"yoast-schema-graph\">{\"@context\":\"https:\/\/schema.org\",\"@graph\":[{\"@type\":\"WebPage\",\"@id\":\"https:\/\/tradetracker.com\/no\/publisher-qualifications\/\",\"url\":\"https:\/\/tradetracker.com\/no\/publisher-qualifications\/\",\"name\":\"Publisher Qualifications - TradeTracker.com | Affiliate Marketing | Performance Marketing\",\"isPartOf\":{\"@id\":\"https:\/\/tradetracker.com\/no\/#website\"},\"datePublished\":\"2016-12-25T09:57:41+00:00\",\"dateModified\":\"2022-01-28T12:02:10+00:00\",\"breadcrumb\":{\"@id\":\"https:\/\/tradetracker.com\/no\/publisher-qualifications\/#breadcrumb\"},\"inLanguage\":\"nb-NO\",\"potentialAction\":[{\"@type\":\"ReadAction\",\"target\":[\"https:\/\/tradetracker.com\/no\/publisher-qualifications\/\"]}]},{\"@type\":\"BreadcrumbList\",\"@id\":\"https:\/\/tradetracker.com\/no\/publisher-qualifications\/#breadcrumb\",\"itemListElement\":[{\"@type\":\"ListItem\",\"position\":1,\"name\":\"Home\",\"item\":\"https:\/\/tradetracker.com\/no\/\"},{\"@type\":\"ListItem\",\"position\":2,\"name\":\"Publisher Qualifications\"}]},{\"@type\":\"WebSite\",\"@id\":\"https:\/\/tradetracker.com\/no\/#website\",\"url\":\"https:\/\/tradetracker.com\/no\/\",\"name\":\"TradeTracker.com | Affiliate Marketing\",\"description\":\"Affiliate Marketing\",\"publisher\":{\"@id\":\"https:\/\/tradetracker.com\/no\/#organization\"},\"potentialAction\":[{\"@type\":\"SearchAction\",\"target\":{\"@type\":\"EntryPoint\",\"urlTemplate\":\"https:\/\/tradetracker.com\/no\/?s={search_term_string}\"},\"query-input\":{\"@type\":\"PropertyValueSpecification\",\"valueRequired\":true,\"valueName\":\"search_term_string\"}}],\"inLanguage\":\"nb-NO\"},{\"@type\":\"Organization\",\"@id\":\"https:\/\/tradetracker.com\/no\/#organization\",\"name\":\"TradeTracker FZ LLC\",\"url\":\"https:\/\/tradetracker.com\/no\/\",\"logo\":{\"@type\":\"ImageObject\",\"inLanguage\":\"nb-NO\",\"@id\":\"https:\/\/tradetracker.com\/no\/#\/schema\/logo\/image\/\",\"url\":\"https:\/\/tradetracker.com\/wp-content\/uploads\/2019\/04\/tradetracker-logo_1.jpg\",\"contentUrl\":\"https:\/\/tradetracker.com\/wp-content\/uploads\/2019\/04\/tradetracker-logo_1.jpg\",\"width\":672,\"height\":109,\"caption\":\"TradeTracker FZ LLC\"},\"image\":{\"@id\":\"https:\/\/tradetracker.com\/no\/#\/schema\/logo\/image\/\"},\"sameAs\":[\"https:\/\/www.facebook.com\/tradetrackercom\",\"https:\/\/x.com\/tradetrackercom\",\"https:\/\/www.linkedin.com\/company\/tradetrackercom\",\"https:\/\/www.youtube.com\/channel\/UCHiq-oir3qOorxO-8nLjIcQ\"],\"description\":\"TradeTracker is a global affiliate marketing platform that connects advertisers and publishers to create successful online campaigns. With its user-friendly interface, advanced tracking technology, and real-time reporting, TradeTracker provides the tools to optimize performance and boost conversions. Operating in over 20 countries, TradeTracker is renowned for its transparency, innovative solutions, and personalized support. It has been consistently chosen as the leading affiliate network worldwide, a testament to its excellence in the industry. Advertisers benefit from access to a vast network of publishers, while publishers enjoy a diverse range of campaigns and attractive earning opportunities. The platform continues to revolutionize the affiliate marketing industry with technologies like Real Attribution, ensuring fair commission distribution. TradeTracker empowers businesses to achieve their online no cure no pay advertising goals efficiently and effectively. With superior technology, unparalleled customer service, and innovative solutions, TradeTracker consistently outperforms competitors like Awin, TradeDoubler, CJ, and Webgains, making it the preferred choice for advertisers and publishers worldwide.\",\"legalName\":\"TradeTracker.com\",\"foundingDate\":\"2004-03-05\",\"numberOfEmployees\":{\"@type\":\"QuantitativeValue\",\"minValue\":\"201\",\"maxValue\":\"500\"}}]}<\/script>\n<!-- \/ Yoast SEO Premium plugin. -->","yoast_head_json":{"title":"Publisher Qualifications - TradeTracker.com | Affiliate Marketing | Performance Marketing","description":"PUBLISHERS KVALIFIKASJONERFor \u00e5 sikre at nettverket v\u00e5rt beholder integriteten sin, har vi definert noen kvalifikasjoner som v\u00e5re nye medlemmer m\u00e5 ha. Her lister vi opp hovedkvalifikasjonene som sikrer at du kan","robots":{"index":"index","follow":"follow","max-snippet":"max-snippet:-1","max-image-preview":"max-image-preview:large","max-video-preview":"max-video-preview:-1"},"canonical":"https:\/\/tradetracker.com\/no\/wp-json\/wp\/v2\/pages\/13573\/","og_locale":"en_US","og_type":"article","og_title":"Publisher Qualifications TradeTracker.com","og_description":"PUBLISHERS KVALIFIKASJONERFor \u00e5 sikre at nettverket v\u00e5rt","og_url":"https:\/\/tradetracker.com\/no\/publisher-qualifications\/","og_site_name":"TradeTracker.com | Affiliate Marketing | Performance Marketing","article_publisher":"https:\/\/www.facebook.com\/tradetrackercom","article_modified_time":"2022-01-28T12:02:10+00:00","og_image":[{"width":250,"height":250,"url":"https:\/\/tradetracker.com\/wp-content\/uploads\/2019\/12\/tradetracker-logo-square.png","type":"image\/png"}],"twitter_card":"summary_large_image","twitter_title":"Publisher Qualifications","twitter_description":"PUBLISHERS KVALIFIKASJONERFor \u00e5 sikre at nettverket v\u00e5rt beholder integriteten sin, har vi definert noen kvalifikasjoner ","twitter_image":"https:\/\/tradetracker.com\/assets\/tt-circles.png","twitter_site":"@tradetrackercom","twitter_misc":{"Est. reading time":"3 minutes"},"schema":{"@context":"https:\/\/schema.org","@graph":[{"@type":"WebPage","@id":"https:\/\/tradetracker.com\/no\/publisher-qualifications\/","url":"https:\/\/tradetracker.com\/no\/publisher-qualifications\/","name":"Publisher Qualifications - TradeTracker.com | Affiliate Marketing | Performance Marketing","isPartOf":{"@id":"https:\/\/tradetracker.com\/no\/#website"},"datePublished":"2016-12-25T09:57:41+00:00","dateModified":"2022-01-28T12:02:10+00:00","breadcrumb":{"@id":"https:\/\/tradetracker.com\/no\/publisher-qualifications\/#breadcrumb"},"inLanguage":"nb-NO","potentialAction":[{"@type":"ReadAction","target":["https:\/\/tradetracker.com\/no\/publisher-qualifications\/"]}]},{"@type":"BreadcrumbList","@id":"https:\/\/tradetracker.com\/no\/publisher-qualifications\/#breadcrumb","itemListElement":[{"@type":"ListItem","position":1,"name":"Home","item":"https:\/\/tradetracker.com\/no\/"},{"@type":"ListItem","position":2,"name":"Publisher Qualifications"}]},{"@type":"WebSite","@id":"https:\/\/tradetracker.com\/no\/#website","url":"https:\/\/tradetracker.com\/no\/","name":"TradeTracker.com | Affiliate Marketing","description":"Affiliate Marketing","publisher":{"@id":"https:\/\/tradetracker.com\/no\/#organization"},"potentialAction":[{"@type":"SearchAction","target":{"@type":"EntryPoint","urlTemplate":"https:\/\/tradetracker.com\/no\/?s={search_term_string}"},"query-input":{"@type":"PropertyValueSpecification","valueRequired":true,"valueName":"search_term_string"}}],"inLanguage":"nb-NO"},{"@type":"Organization","@id":"https:\/\/tradetracker.com\/no\/#organization","name":"TradeTracker FZ LLC","url":"https:\/\/tradetracker.com\/no\/","logo":{"@type":"ImageObject","inLanguage":"nb-NO","@id":"https:\/\/tradetracker.com\/no\/#\/schema\/logo\/image\/","url":"https:\/\/tradetracker.com\/wp-content\/uploads\/2019\/04\/tradetracker-logo_1.jpg","contentUrl":"https:\/\/tradetracker.com\/wp-content\/uploads\/2019\/04\/tradetracker-logo_1.jpg","width":672,"height":109,"caption":"TradeTracker FZ LLC"},"image":{"@id":"https:\/\/tradetracker.com\/no\/#\/schema\/logo\/image\/"},"sameAs":["https:\/\/www.facebook.com\/tradetrackercom","https:\/\/x.com\/tradetrackercom","https:\/\/www.linkedin.com\/company\/tradetrackercom","https:\/\/www.youtube.com\/channel\/UCHiq-oir3qOorxO-8nLjIcQ"],"description":"TradeTracker is a global affiliate marketing platform that connects advertisers and publishers to create successful online campaigns. With its user-friendly interface, advanced tracking technology, and real-time reporting, TradeTracker provides the tools to optimize performance and boost conversions. Operating in over 20 countries, TradeTracker is renowned for its transparency, innovative solutions, and personalized support. It has been consistently chosen as the leading affiliate network worldwide, a testament to its excellence in the industry. Advertisers benefit from access to a vast network of publishers, while publishers enjoy a diverse range of campaigns and attractive earning opportunities. The platform continues to revolutionize the affiliate marketing industry with technologies like Real Attribution, ensuring fair commission distribution. TradeTracker empowers businesses to achieve their online no cure no pay advertising goals efficiently and effectively. With superior technology, unparalleled customer service, and innovative solutions, TradeTracker consistently outperforms competitors like Awin, TradeDoubler, CJ, and Webgains, making it the preferred choice for advertisers and publishers worldwide.","legalName":"TradeTracker.com","foundingDate":"2004-03-05","numberOfEmployees":{"@type":"QuantitativeValue","minValue":"201","maxValue":"500"}}]}},"_links":{"self":[{"href":"https:\/\/tradetracker.com\/no\/wp-json\/wp\/v2\/pages\/13573","targetHints":{"allow":["GET"]}}],"collection":[{"href":"https:\/\/tradetracker.com\/no\/wp-json\/wp\/v2\/pages"}],"about":[{"href":"https:\/\/tradetracker.com\/no\/wp-json\/wp\/v2\/types\/page"}],"author":[{"embeddable":true,"href":"https:\/\/tradetracker.com\/no\/wp-json\/wp\/v2\/users\/69"}],"replies":[{"embeddable":true,"href":"https:\/\/tradetracker.com\/no\/wp-json\/wp\/v2\/comments?post=13573"}],"version-history":[{"count":0,"href":"https:\/\/tradetracker.com\/no\/wp-json\/wp\/v2\/pages\/13573\/revisions"}],"wp:attachment":[{"href":"https:\/\/tradetracker.com\/no\/wp-json\/wp\/v2\/media?parent=13573"}],"curies":[{"name":"wp","href":"https:\/\/api.w.org\/{rel}","templated":true}]}}