{"id":13603,"date":"2016-12-19T10:06:41","date_gmt":"2016-12-19T10:06:41","guid":{"rendered":"https:\/\/tradetracker.com\/no\/terms-of-use\/"},"modified":"2020-12-31T16:20:38","modified_gmt":"2020-12-31T16:20:38","slug":"terms-of-use","status":"publish","type":"page","link":"https:\/\/tradetracker.com\/no\/terms-of-use\/","title":{"rendered":"Terms of Use"},"content":{"rendered":"<div class=\"wpb-content-wrapper\"><p>[vc_row classes=&#8221;static-page-intro short terms-page&#8221;][vc_column]<div class=\"row\"><div class=\"vc_col-sm-12\"><div class=\" static-page-intro-text \"><h1  style=\"color: #ffffff\" class=\"\">BRUKERVILK\u00c5R TRADETRACKER.COM<\/h1><\/div>\r\n        <\/div>\r\n    <\/div>[\/vc_column][\/vc_row][vc_row][vc_column]<div class=\"space\"><\/div><div class=\"row\"><div class=\"vc_col-sm-3\"><h2 class=\"lined-section\"><span><span>1. Om TradeTracker.com<\/h2><\/div><div class=\"vc_col-sm-9\"><p>\nTradeTracker.com f\u00f8rer sammen de beste og smarteste i nettsamfunnet slik at de kan samarbeide for \u00e5 n\u00e5 et felles m\u00e5l om \u00e5 forbedre sin resultatbaserte markedsf\u00f8ring.\nTradeTracker bygger opp et nettverk for b\u00e5de annons\u00f8rer og publishere ved \u00e5 lage en plattform som tilbyr sanntidsinformasjon som er b\u00e5de forst\u00e5elig og transparent. P\u00e5 den m\u00e5ten styrkes annons\u00f8renes mulighet til \u00e5 fatte de riktige beslutningene om markedsf\u00f8ring. Gjennom et spesialisert account manager-team som overv\u00e5ker spesifikke bransjer, sikrer TradeTracker en skreddersydd og presis tiln\u00e6rming til bransjene tjenester, reise, telekommunikasjon, shopping og finans.\nTradeTracker har kontorer i 18 land og over 150 ansatte over hele verden, noe som gir firmaet den st\u00f8rste globale dekningen og tilstedev\u00e6relse i veldig mange markeder. Medarbeiderne behersker mange spr\u00e5k og arbeider mange steder i verden for \u00e5 gi brukere en god opplevelse selv n\u00e5r de \u00f8nsker \u00e5 operere i store, internasjonale nettverk.\n<\/p><\/div><\/div><div class=\"space\"><\/div><div class=\"row\"><div class=\"vc_col-sm-3\"><h2 class=\"lined-section\"><span><span>2. Innledning<\/h2><\/div><div class=\"vc_col-sm-9\"><p>\nLes disse vilk\u00e5rene for bruk av nettstedet f\u00f8r du bruker det. Disse vilk\u00e5rene for bruk av nettstedet styrer din tilgang til, og din bruk av nettstedet. Du har kun lov til \u00e5 bruke nettstedet i henhold til disse vilk\u00e5rene. Hvis du ikke godtar alle vilk\u00e5rene, skal du ikke bruke nettstedet. Ved \u00e5 bruke nettstedet, godtar du vilk\u00e5rene.\n<\/p><\/div><\/div><div class=\"space\"><\/div><div class=\"row\"><div class=\"vc_col-sm-3\"><h2 class=\"lined-section\"><span><span>3. Elektronisk kommunikasjon<\/h2><\/div><div class=\"vc_col-sm-9\"><p>\nDu godtar at vi kan kommunisere med deg ved hjelp av e-post eller ved hjelp av meldinger p\u00e5 nettstedet. Du godtar at alle avtaler, meldinger, opplysninger og annen kommunikasjon som vi sender deg elektronisk, oppfyller juridiske krav om at slik kommunikasjon m\u00e5 skje skriftlig.\n<\/p><\/div><\/div><div class=\"space\"><\/div><div class=\"row\"><div class=\"vc_col-sm-3\"><h2 class=\"lined-section\"><span><span>4. Brukerens forpliktelser<\/h2><\/div><div class=\"vc_col-sm-9\"><p>\nDu bekrefter f\u00f8lgende:\nAt du er 18 \u00e5r eller eldre.\nAt  du har myndighet til \u00e5 forplikte et firma juridisk hvis du representerer et firma.\nAt du vil overholde alle gjeldende nasjonale og internasjonale lover og regler knyttet til din bruk av nettstedet.\n<\/p><\/div><\/div><div class=\"space\"><\/div><div class=\"row\"><div class=\"vc_col-sm-3\"><h2 class=\"lined-section\"><span><span>5. Opphavsrett<\/h2><\/div><div class=\"vc_col-sm-9\"><p>\nAlt innhold som ligger p\u00e5, eller gj\u00f8res tilgjengelig gjennom nettstedet, samt tjenestene som TradeTracker.com (TradeTracker) tilbyr, beskyttes av opphavsrett, varemerker og andre propriet\u00e6re rettigheter (herunder men ikke avgrenset til immaterielle rettigheter). Det er forbudt \u00e5 kopiere, distribuere, bruke eller publisere hele eller deler av nettstedet med unntak av det som beskrives under \u00abBegrenset bruksrett\u00bb nedenfor.\n\n<\/p><\/div><\/div><div class=\"space\"><\/div><div class=\"row\"><div class=\"vc_col-sm-3\"><h2 class=\"lined-section\"><span><span>6. Begrenset bruksrett<\/h2><\/div><div class=\"vc_col-sm-9\"><p>\nN\u00e5r du overholder vilk\u00e5rene, gir TradeTracker deg begrenset, ikke-eksklusiv, personlig rett til \u00e5 f\u00e5 tilgang til og bruke TradeTrackers nettsted p\u00e5 en personlig og ikke-kommersiell m\u00e5te. Retten kan ikke overf\u00f8res til tredjepart.\n<\/p><\/div><\/div><div class=\"space\"><\/div><div class=\"row\"><div class=\"vc_col-sm-3\"><h2 class=\"lined-section\"><span><span>7. Endringer<\/h2><\/div><div class=\"vc_col-sm-9\"><p>\nTradeTracker kan revidere og oppdatere vilk\u00e5rene n\u00e5r som helst uten ytterligere forvarsel. Ved \u00e5 fortsette \u00e5 bruke nettstedet etter at vilk\u00e5rene er endret, godtar du endringene. TradeTracker forbeholder seg retten til \u00e5 endre, utvide, slette eller oppdatere alle deler av nettstedet uten ytterligere forvarsel.\n<\/p><\/div><\/div><div class=\"space\"><\/div><div class=\"row\"><div class=\"vc_col-sm-3\"><h2 class=\"lined-section\"><span><span>8. Personvern og informasjonskapsler<\/h2><\/div><div class=\"vc_col-sm-9\"><p>\nTradeTrackers retningslinjer for personvern styrer bruk av informasjon som hentes inn fra eller tilgjengeliggj\u00f8res av deg ved bruk av nettstedet eller tjenester, inkludert informasjonskapsler. Du godtar at slik informasjon som samles inn p\u00e5 bakgrunn av tjenestene du bruker, kan brukes. Dette inkluderer overf\u00f8ring av slik informasjon til andre land hvor lovverket ikke n\u00f8dvendigvis gir samme beskyttelse som lovene i ditt land. Les hele personvernerkl\u00e6ringen her.\n<\/p><\/div><\/div><div class=\"space\"><\/div><div class=\"row\"><div class=\"vc_col-sm-3\"><h2 class=\"lined-section\"><span><span>9. Begrensninger<\/h2><\/div><div class=\"vc_col-sm-9\"><p>\nI tillegg til begrensningene som ligger i disse vilk\u00e5rene, forplikter du deg til ikke \u00e5 gj\u00f8re f\u00f8lgende:\nbruke eller f\u00e5 tilgang til informasjon, tjenester eller programvare gjennom nettstedet p\u00e5 m\u00e5ter som TradeTracker ikke har tillatt.\nbruke eller f\u00e5 tilgang til nettstedet eller TradeTrackers tjenester p\u00e5 m\u00e5ter som p\u00e5virker ytelsen eller funksjonaliteten til TradeTrackers nettsted eller tjenester.\nskjule opphavet til informasjonen som tilgjengeliggj\u00f8res ved \u00e5 bruke nettstedet.\noppgi eller laste opp informasjon til nettstedet som inneholder virus eller andre programmeringsrutiner som kan skade, forstyrre, fange opp eller styre andre systemer.\nbruke en robot, spider, scraper eller annen automatisert m\u00e5te for \u00e5 f\u00e5 tilgang til nettstedet eller tjenester.\nbryte eller omg\u00e5 lover, tredjeparts rettigheter eller retningslinjer.\n<\/p><\/div><\/div><div class=\"space\"><\/div><div class=\"row\"><div class=\"vc_col-sm-3\"><h2 class=\"lined-section\"><span><span>10. Innsending av innhold<\/h2><\/div><div class=\"vc_col-sm-9\"><p>\nTradeTracker tar ikke imot ideer, konsepter, nye tjenester, materiell eller annen informasjon (\u00abinnhold\u00bb). Hvis du sender slikt innhold, eller hvis TradeTracker mottar det, gir du TradeTracker en ikke-eksklusiv, global og ugjenkallelig rett til \u00e5 bruke, opphavsbeskytte og p\u00e5 andre m\u00e5ter ta eierskap over innholdet. I tillegg kan TradeTracker overf\u00f8re rettighetene til tredjepart. I den utstrekning loven tillater det, fraskriver du deg herved alle rettigheter i forhold til innholdet du har sendt. Du godtar at du ikke har krav p\u00e5 kompensasjon for bruk av innholdet ditt.\n<\/p><\/div><\/div><div class=\"space\"><\/div><div class=\"row\"><div class=\"vc_col-sm-3\"><h2 class=\"lined-section\"><span><span>11. Lenker<\/h2><\/div><div class=\"vc_col-sm-9\"><p>\nNettstedet kan ha lenker til tredjepart. Slike lenker er kun inkludert for din bekvemmelighet, de er ikke ment som oppfordringer. TradeTracker kan ikke holdes ansvarlig for innhold hos tredjepart, og firmaet hverken administrerer eller overv\u00e5ker slike nettsteder. Hvis du velger \u00e5 f\u00f8lge en lenke til tredjepart, gj\u00f8r du det p\u00e5 eget ansvar. TradeTracker g\u00e5r ikke god for at innholdet, programvaren, tjenesten eller applikasjonen hos tredjepart er korrekt, n\u00f8yaktig, har god ytelse eller holder h\u00f8y kvalitet.\n<\/p><\/div><\/div><div class=\"space\"><\/div><div class=\"row\"><div class=\"vc_col-sm-3\"><h2 class=\"lined-section\"><span><span>12. Erstatningsplikt<\/h2><\/div><div class=\"vc_col-sm-9\"><p>\nDu godtar \u00e5 forsvare og holde TradeTracker, firmaets aksjon\u00e6rer, direkt\u00f8rer, ledere, ansatte, agenter, representanter, publishers og annons\u00f8rer skadesl\u00f8se mot alle handlinger, krav eller rettslige skritt, inkludert personlig erstatningsansvar, skadeserstatning, tap eller skader, samt alle kostnader og rimelige advokatutgifter knyttet til din bruk av nettstedet eller brudd p\u00e5 disse vilk\u00e5rene.\n<\/p><\/div><\/div><div class=\"space\"><\/div><div class=\"row\"><div class=\"vc_col-sm-3\"><h2 class=\"lined-section\"><span><span>13. Ansvarsfraskrivelse<\/h2><\/div><div class=\"vc_col-sm-9\"><p>\nTradeTracker g\u00e5r p\u00e5 ingen m\u00e5te god for n\u00f8yaktgheten, p\u00e5liteligheten eller komplettheten til innhold, informasjon, programvare, tekst, grafikk, lenker eller kommunikasjon som finnes p\u00e5 nettstedet eller som gj\u00f8res tilgjengelig ved bruk av nettstedet, og garanterer heller ikke at driften av nettstedet er feilfri eller uten forstyrrelser. TradeTracker garanterer ikke at problemer blir rettet opp eller at nettstedet eller nettstedets servere ikke inneholder virus eller annet skadelig innhold. All internettkommunikasjon kan f\u00f8re til at nettstedet utsettes for skadede data, datainnsamling, nedetid og forsinkelser. Nettstedet kan v\u00e6re utilgjengelig som f\u00f8lge av reparasjoner, vedlikehold eller utviklingsarbeid. Du godtar at du bruker nettstedet p\u00e5 eget ansvar. I den utstrekning loven tillater det, fraskriver vi oss alt ansvar, inkludert erstatningskrav som f\u00f8lge av fors\u00f8mmelse, for tap og skader som skyldes at man har basert seg p\u00e5 materialet p\u00e5 dette nettstedet eller p\u00e5 bruken av nettstedet.\n<\/p><\/div><\/div><div class=\"space\"><\/div><div class=\"row\"><div class=\"vc_col-sm-3\"><h2 class=\"lined-section\"><span><span>14. Ansvarsbegrensning<\/h2><\/div><div class=\"vc_col-sm-9\"><p>\nI den utstrekning loven tillater det, vil TradeTracker, firmaets ledere, ansatte, affiliates, nettstedseiere og annons\u00f8rer holdes skadesl\u00f8se for alt tap og alle skader, b\u00e5de direkte, indirekte, tilfeldige, konkrete, avledede eller representative, herunder men ikke begrenset til tap eller skader som f\u00f8rer til tapt omsetning, goodwill, oppdrag, muligheter, informasjon eller annet immaterielt tap som oppst\u00e5r p\u00e5 grunn av, eller i tilknytning til bruk av dette nettstedet eller TradeTrackers tjenester.\n<\/p><\/div><\/div><div class=\"space\"><\/div><div class=\"row\"><div class=\"vc_col-sm-3\"><h2 class=\"lined-section\"><span><span>15. Samsvar<\/h2><\/div><div class=\"vc_col-sm-9\"><p>\nAll bruk av TradeTrackers nettsted eller tjenester skal v\u00e6re i samsvar med alle gjeldende lover og regler, og slik bruk m\u00e5 ikke v\u00e6re negativ for TradeTrackers omd\u00f8mme eller drift. Du m\u00e5 ikke gj\u00f8re noe som kan f\u00f8re til at TradeTracker bryter lover eller regler som gjelder for firmaet.\n<\/p><\/div><\/div><div class=\"space\"><\/div><div class=\"row\"><div class=\"vc_col-sm-3\"><h2 class=\"lined-section\"><span><span>16. Gjeldende lovverk og domsmyndighet<\/h2><\/div><div class=\"vc_col-sm-9\"><p>\nDisse brukervilk\u00e5rene er underlagt lovverket i De forente arabiske emirater slik det er gyldig i Dubai.\nAlle konflikter eller uenigheter som oppst\u00e5r p\u00e5 grunn av brukervilk\u00e5renes utforming, innhold, tolkning, mortifikasjon, terminering eller ugyldiggj\u00f8ring, eller konflikter eller uenigheter som er knyttet til dem p\u00e5 noen m\u00e5te, skal henvises til og avgj\u00f8res ved bindende megling som angitt nedenfor, under reglene for megling for Dubai International Finance Centre \u2013 London Court of International Arbitration (\u00abLCIA\u00bb), hvis regler anses som innlemmet ved \u00e5 v\u00e6re henvist til i denne klausulen. Det skal kun v\u00e6re \u00e9n megler. Partene skal fors\u00f8ke \u00e5 bli enige om en megler som skal nomineres til LCIA-domstolen for utvelgelse. Hvis partene i meglingen ikke blir enige om en megler innen 30 dager fra foresp\u00f8rselen ble overlevert til mottakeren (eller kortere eller lengre periode som bestemt av LCIA-domstolen), skal LCIA-domstolen utpeke en megler. Meglingen skal gjennomf\u00f8res ved Dubai International Arbitration Centre i Dubai i De forente arabiske emirater. Meglingen skal gjennomf\u00f8res p\u00e5 engelsk, og dommen skal felles p\u00e5 engelsk. De foreg\u00e5ende bestemmelsene i denne klausulen ugyldiggj\u00f8r ikke TradeTrackers rett til midlertidig avhjelp n\u00e5r som helst, fra en hvilken som helst domsmyndighet (uavhengig av om en megler er oppnevnt), og TradeTracker kan ikke anklages for \u00e5 ha brutt meglingen eller p\u00e5virket meglerens myndighet ved \u00e5 gj\u00f8re det.\n\n<\/p><\/div><\/div><div class=\"space\"><\/div><div class=\"row\"><div class=\"vc_col-sm-3\"><h2 class=\"lined-section\"><span><span>17. Generelt<\/h2><\/div><div class=\"vc_col-sm-9\"><p>\nHvis en domstol med egnet domsmyndighet vurderer en eller flere av bestemmelsene i disse vilk\u00e5rene som ugyldige eller at de ikke kan h\u00e5ndheves, vil det ikke p\u00e5virke de andre bestemmelsene i vilk\u00e5rene.\nHvis en av partene ikke overholder vilk\u00e5rene, og den andre parten ikke handler p\u00e5 grunnlag av det, fraskriver ikke parten seg retten til \u00e5 handle senere.\nHvis noen av vilk\u00e5rene fraskrives, skal det ikke tolkes som en fremtidig fraskrivelse av hverken enkelte eller alle vilk\u00e5r.\n\n<\/p><\/div><\/div><div class=\"space\"><\/div>[\/vc_column][\/vc_row]<\/p>\n<\/div>","protected":false},"excerpt":{"rendered":"<p>[vc_row classes=&#8221;static-page-intro short terms-page&#8221;][vc_column][\/vc_column][\/vc_row][vc_row][vc_column][\/vc_column][\/vc_row]<\/p>\n","protected":false},"author":69,"featured_media":0,"parent":0,"menu_order":0,"comment_status":"closed","ping_status":"closed","template":"template-red.php","meta":{"inline_featured_image":false,"_monsterinsights_skip_tracking":false,"_monsterinsights_sitenote_active":false,"_monsterinsights_sitenote_note":"","_monsterinsights_sitenote_category":0,"footnotes":""},"class_list":["post-13603","page","type-page","status-publish","hentry"],"yoast_head":"<!-- This site is optimized with the Yoast SEO Premium plugin v27.0 (Yoast SEO v27.0) - https:\/\/yoast.com\/product\/yoast-seo-premium-wordpress\/ -->\n<title>Terms of Use - TradeTracker.com | Affiliate Marketing | Performance Marketing<\/title>\n<meta name=\"description\" content=\"[vc_row classes=&quot;static-page-intro short terms-page&quot;][vc_column]BRUKERVILK\u00c5R TRADETRACKER.COM [\/vc_column][\/vc_row][vc_row][vc_column]1. Om TradeTracker.com\nTradeTracker.com f\u00f8rer sammen de beste og smarteste i\" \/>\n<meta name=\"robots\" content=\"index, follow, max-snippet:-1, max-image-preview:large, max-video-preview:-1\" \/>\n<link rel=\"canonical\" href=\"https:\/\/tradetracker.com\/no\/wp-json\/wp\/v2\/pages\/13603\/\" \/>\n<meta property=\"og:locale\" content=\"en_US\" \/>\n<meta property=\"og:type\" content=\"article\" \/>\n<meta property=\"og:title\" content=\"Terms of Use TradeTracker.com\" \/>\n<meta property=\"og:description\" content=\"[vc_row classes=&#8221;static-page-intro short\" \/>\n<meta property=\"og:url\" content=\"https:\/\/tradetracker.com\/no\/terms-of-use\/\" \/>\n<meta property=\"og:site_name\" content=\"TradeTracker.com | Affiliate Marketing | Performance Marketing\" \/>\n<meta property=\"article:publisher\" content=\"https:\/\/www.facebook.com\/tradetrackercom\" \/>\n<meta property=\"article:modified_time\" content=\"2020-12-31T16:20:38+00:00\" \/>\n<meta property=\"og:image\" content=\"https:\/\/tradetracker.com\/wp-content\/uploads\/2019\/12\/tradetracker-logo-square.png\" \/>\n\t<meta property=\"og:image:width\" content=\"250\" \/>\n\t<meta property=\"og:image:height\" content=\"250\" \/>\n\t<meta property=\"og:image:type\" content=\"image\/png\" \/>\n<meta name=\"twitter:card\" content=\"summary_large_image\" \/>\n<meta name=\"twitter:title\" content=\"Terms of Use\" \/>\n<meta name=\"twitter:description\" content=\"[vc_row classes=&quot;static-page-intro short terms-page&quot;][vc_column]BRUKERVILK\u00c5R TRADETRACKER.COM \" \/>\n<meta name=\"twitter:image\" content=\"https:\/\/tradetracker.com\/assets\/tt-circles.png\" \/>\n<meta name=\"twitter:site\" content=\"@tradetrackercom\" \/>\n<script type=\"application\/ld+json\" class=\"yoast-schema-graph\">{\"@context\":\"https:\/\/schema.org\",\"@graph\":[{\"@type\":\"WebPage\",\"@id\":\"https:\/\/tradetracker.com\/no\/terms-of-use\/\",\"url\":\"https:\/\/tradetracker.com\/no\/terms-of-use\/\",\"name\":\"Terms of Use - TradeTracker.com | Affiliate Marketing | Performance Marketing\",\"isPartOf\":{\"@id\":\"https:\/\/tradetracker.com\/no\/#website\"},\"datePublished\":\"2016-12-19T10:06:41+00:00\",\"dateModified\":\"2020-12-31T16:20:38+00:00\",\"breadcrumb\":{\"@id\":\"https:\/\/tradetracker.com\/no\/terms-of-use\/#breadcrumb\"},\"inLanguage\":\"nb-NO\",\"potentialAction\":[{\"@type\":\"ReadAction\",\"target\":[\"https:\/\/tradetracker.com\/no\/terms-of-use\/\"]}]},{\"@type\":\"BreadcrumbList\",\"@id\":\"https:\/\/tradetracker.com\/no\/terms-of-use\/#breadcrumb\",\"itemListElement\":[{\"@type\":\"ListItem\",\"position\":1,\"name\":\"Home\",\"item\":\"https:\/\/tradetracker.com\/no\/\"},{\"@type\":\"ListItem\",\"position\":2,\"name\":\"Terms of Use\"}]},{\"@type\":\"WebSite\",\"@id\":\"https:\/\/tradetracker.com\/no\/#website\",\"url\":\"https:\/\/tradetracker.com\/no\/\",\"name\":\"TradeTracker.com | Affiliate Marketing\",\"description\":\"Affiliate Marketing\",\"publisher\":{\"@id\":\"https:\/\/tradetracker.com\/no\/#organization\"},\"potentialAction\":[{\"@type\":\"SearchAction\",\"target\":{\"@type\":\"EntryPoint\",\"urlTemplate\":\"https:\/\/tradetracker.com\/no\/?s={search_term_string}\"},\"query-input\":{\"@type\":\"PropertyValueSpecification\",\"valueRequired\":true,\"valueName\":\"search_term_string\"}}],\"inLanguage\":\"nb-NO\"},{\"@type\":\"Organization\",\"@id\":\"https:\/\/tradetracker.com\/no\/#organization\",\"name\":\"TradeTracker FZ LLC\",\"url\":\"https:\/\/tradetracker.com\/no\/\",\"logo\":{\"@type\":\"ImageObject\",\"inLanguage\":\"nb-NO\",\"@id\":\"https:\/\/tradetracker.com\/no\/#\/schema\/logo\/image\/\",\"url\":\"https:\/\/tradetracker.com\/wp-content\/uploads\/2019\/04\/tradetracker-logo_1.jpg\",\"contentUrl\":\"https:\/\/tradetracker.com\/wp-content\/uploads\/2019\/04\/tradetracker-logo_1.jpg\",\"width\":672,\"height\":109,\"caption\":\"TradeTracker FZ LLC\"},\"image\":{\"@id\":\"https:\/\/tradetracker.com\/no\/#\/schema\/logo\/image\/\"},\"sameAs\":[\"https:\/\/www.facebook.com\/tradetrackercom\",\"https:\/\/x.com\/tradetrackercom\",\"https:\/\/www.linkedin.com\/company\/tradetrackercom\",\"https:\/\/www.youtube.com\/channel\/UCHiq-oir3qOorxO-8nLjIcQ\"],\"description\":\"TradeTracker is a global affiliate marketing platform that connects advertisers and publishers to create successful online campaigns. With its user-friendly interface, advanced tracking technology, and real-time reporting, TradeTracker provides the tools to optimize performance and boost conversions. Operating in over 20 countries, TradeTracker is renowned for its transparency, innovative solutions, and personalized support. It has been consistently chosen as the leading affiliate network worldwide, a testament to its excellence in the industry. Advertisers benefit from access to a vast network of publishers, while publishers enjoy a diverse range of campaigns and attractive earning opportunities. The platform continues to revolutionize the affiliate marketing industry with technologies like Real Attribution, ensuring fair commission distribution. TradeTracker empowers businesses to achieve their online no cure no pay advertising goals efficiently and effectively. With superior technology, unparalleled customer service, and innovative solutions, TradeTracker consistently outperforms competitors like Awin, TradeDoubler, CJ, and Webgains, making it the preferred choice for advertisers and publishers worldwide.\",\"legalName\":\"TradeTracker.com\",\"foundingDate\":\"2004-03-05\",\"numberOfEmployees\":{\"@type\":\"QuantitativeValue\",\"minValue\":\"201\",\"maxValue\":\"500\"}}]}<\/script>\n<!-- \/ Yoast SEO Premium plugin. -->","yoast_head_json":{"title":"Terms of Use - TradeTracker.com | Affiliate Marketing | Performance Marketing","description":"[vc_row classes=\"static-page-intro short terms-page\"][vc_column]BRUKERVILK\u00c5R TRADETRACKER.COM [\/vc_column][\/vc_row][vc_row][vc_column]1. Om TradeTracker.com\nTradeTracker.com f\u00f8rer sammen de beste og smarteste i","robots":{"index":"index","follow":"follow","max-snippet":"max-snippet:-1","max-image-preview":"max-image-preview:large","max-video-preview":"max-video-preview:-1"},"canonical":"https:\/\/tradetracker.com\/no\/wp-json\/wp\/v2\/pages\/13603\/","og_locale":"en_US","og_type":"article","og_title":"Terms of Use TradeTracker.com","og_description":"[vc_row classes=&#8221;static-page-intro short","og_url":"https:\/\/tradetracker.com\/no\/terms-of-use\/","og_site_name":"TradeTracker.com | Affiliate Marketing | Performance Marketing","article_publisher":"https:\/\/www.facebook.com\/tradetrackercom","article_modified_time":"2020-12-31T16:20:38+00:00","og_image":[{"width":250,"height":250,"url":"https:\/\/tradetracker.com\/wp-content\/uploads\/2019\/12\/tradetracker-logo-square.png","type":"image\/png"}],"twitter_card":"summary_large_image","twitter_title":"Terms of Use","twitter_description":"[vc_row classes=\"static-page-intro short terms-page\"][vc_column]BRUKERVILK\u00c5R TRADETRACKER.COM ","twitter_image":"https:\/\/tradetracker.com\/assets\/tt-circles.png","twitter_site":"@tradetrackercom","schema":{"@context":"https:\/\/schema.org","@graph":[{"@type":"WebPage","@id":"https:\/\/tradetracker.com\/no\/terms-of-use\/","url":"https:\/\/tradetracker.com\/no\/terms-of-use\/","name":"Terms of Use - TradeTracker.com | Affiliate Marketing | Performance Marketing","isPartOf":{"@id":"https:\/\/tradetracker.com\/no\/#website"},"datePublished":"2016-12-19T10:06:41+00:00","dateModified":"2020-12-31T16:20:38+00:00","breadcrumb":{"@id":"https:\/\/tradetracker.com\/no\/terms-of-use\/#breadcrumb"},"inLanguage":"nb-NO","potentialAction":[{"@type":"ReadAction","target":["https:\/\/tradetracker.com\/no\/terms-of-use\/"]}]},{"@type":"BreadcrumbList","@id":"https:\/\/tradetracker.com\/no\/terms-of-use\/#breadcrumb","itemListElement":[{"@type":"ListItem","position":1,"name":"Home","item":"https:\/\/tradetracker.com\/no\/"},{"@type":"ListItem","position":2,"name":"Terms of Use"}]},{"@type":"WebSite","@id":"https:\/\/tradetracker.com\/no\/#website","url":"https:\/\/tradetracker.com\/no\/","name":"TradeTracker.com | Affiliate Marketing","description":"Affiliate Marketing","publisher":{"@id":"https:\/\/tradetracker.com\/no\/#organization"},"potentialAction":[{"@type":"SearchAction","target":{"@type":"EntryPoint","urlTemplate":"https:\/\/tradetracker.com\/no\/?s={search_term_string}"},"query-input":{"@type":"PropertyValueSpecification","valueRequired":true,"valueName":"search_term_string"}}],"inLanguage":"nb-NO"},{"@type":"Organization","@id":"https:\/\/tradetracker.com\/no\/#organization","name":"TradeTracker FZ LLC","url":"https:\/\/tradetracker.com\/no\/","logo":{"@type":"ImageObject","inLanguage":"nb-NO","@id":"https:\/\/tradetracker.com\/no\/#\/schema\/logo\/image\/","url":"https:\/\/tradetracker.com\/wp-content\/uploads\/2019\/04\/tradetracker-logo_1.jpg","contentUrl":"https:\/\/tradetracker.com\/wp-content\/uploads\/2019\/04\/tradetracker-logo_1.jpg","width":672,"height":109,"caption":"TradeTracker FZ LLC"},"image":{"@id":"https:\/\/tradetracker.com\/no\/#\/schema\/logo\/image\/"},"sameAs":["https:\/\/www.facebook.com\/tradetrackercom","https:\/\/x.com\/tradetrackercom","https:\/\/www.linkedin.com\/company\/tradetrackercom","https:\/\/www.youtube.com\/channel\/UCHiq-oir3qOorxO-8nLjIcQ"],"description":"TradeTracker is a global affiliate marketing platform that connects advertisers and publishers to create successful online campaigns. With its user-friendly interface, advanced tracking technology, and real-time reporting, TradeTracker provides the tools to optimize performance and boost conversions. Operating in over 20 countries, TradeTracker is renowned for its transparency, innovative solutions, and personalized support. It has been consistently chosen as the leading affiliate network worldwide, a testament to its excellence in the industry. Advertisers benefit from access to a vast network of publishers, while publishers enjoy a diverse range of campaigns and attractive earning opportunities. The platform continues to revolutionize the affiliate marketing industry with technologies like Real Attribution, ensuring fair commission distribution. TradeTracker empowers businesses to achieve their online no cure no pay advertising goals efficiently and effectively. With superior technology, unparalleled customer service, and innovative solutions, TradeTracker consistently outperforms competitors like Awin, TradeDoubler, CJ, and Webgains, making it the preferred choice for advertisers and publishers worldwide.","legalName":"TradeTracker.com","foundingDate":"2004-03-05","numberOfEmployees":{"@type":"QuantitativeValue","minValue":"201","maxValue":"500"}}]}},"_links":{"self":[{"href":"https:\/\/tradetracker.com\/no\/wp-json\/wp\/v2\/pages\/13603","targetHints":{"allow":["GET"]}}],"collection":[{"href":"https:\/\/tradetracker.com\/no\/wp-json\/wp\/v2\/pages"}],"about":[{"href":"https:\/\/tradetracker.com\/no\/wp-json\/wp\/v2\/types\/page"}],"author":[{"embeddable":true,"href":"https:\/\/tradetracker.com\/no\/wp-json\/wp\/v2\/users\/69"}],"replies":[{"embeddable":true,"href":"https:\/\/tradetracker.com\/no\/wp-json\/wp\/v2\/comments?post=13603"}],"version-history":[{"count":0,"href":"https:\/\/tradetracker.com\/no\/wp-json\/wp\/v2\/pages\/13603\/revisions"}],"wp:attachment":[{"href":"https:\/\/tradetracker.com\/no\/wp-json\/wp\/v2\/media?parent=13603"}],"curies":[{"name":"wp","href":"https:\/\/api.w.org\/{rel}","templated":true}]}}