{"id":26231,"date":"2016-12-19T13:01:32","date_gmt":"2016-12-19T13:01:32","guid":{"rendered":"https:\/\/tradetracker.com\/no\/code-of-conduct\/"},"modified":"2020-12-31T16:03:14","modified_gmt":"2020-12-31T16:03:14","slug":"code-of-conduct","status":"publish","type":"page","link":"https:\/\/tradetracker.com\/no\/code-of-conduct\/","title":{"rendered":"Code of Conduct"},"content":{"rendered":"<div class=\"wpb-content-wrapper\"><p>[vc_row classes=&#8221;static-page-intro short coc-page&#8221;][vc_column]<div class=\"row\"><div class=\"vc_col-sm-12\"><div class=\" static-page-intro-text \"><h1  style=\"color: #ffffff\" class=\"\">REGLER FOR GOD FORRETNINGSSKIKK<\/h1><\/div>\r\n        <\/div>\r\n    <\/div>[\/vc_column][\/vc_row][vc_row][vc_column]<div class=\"space\"><\/div>[\/vc_column][\/vc_row][vc_row][vc_column][vc_wp_text]I et marked hvor integritet er en n\u00f8kkelfaktor for \u00e5 lykkes, driver ansatte i TradeTracker.com virksomhet med best mulig transparens, etikk, lederskap og samarbeid for \u00e5 maksimere verdien for v\u00e5re aksjon\u00e6rer. Vi er bevisst p\u00e5 p\u00e5virkningskraften v\u00e5r stilling har i det \u00f8konomiske systemet, og vi forst\u00e5r ansvaret v\u00e5rt. Vi overholder lovverket, og vi forventer at partnerne v\u00e5re gj\u00f8r det samme.[\/vc_wp_text][\/vc_column][\/vc_row][vc_row][vc_column]<div class=\"space\"><\/div><div class=\"row\"><div class=\"vc_col-sm-3\"><h2 class=\"lined-section\"><span><span>1. TradeTracker.com \u2013 regler for god forretningsskikk<\/h2><\/div><div class=\"vc_col-sm-9\"><p>\nTradeTrackers regler for god forretningsskikk er en veiledning basert p\u00e5 v\u00e5rt syn p\u00e5 hvordan nettmarkedsf\u00f8ring skal gjennomf\u00f8res, og har som m\u00e5l \u00e5 bidra til et b\u00e6rekraftig forhold mellom annons\u00f8rer og publishere. Reglene skal brukes som grunnlag for god forretningsskikk. Internettmarkedsf\u00f8ring er i stadig endring, og det er ogs\u00e5 teknologi, fremgangsm\u00e5ter og teknikker. Derfor vil reglene endres og tilpasses slik at bransjestandarder er i tr\u00e5d med v\u00e5re verdier og v\u00e5rt syn.\nM\u00e5let med disse reglene er \u00e5 s\u00f8rge for at alle som jobber i TradeTracker-nettverket, b\u00e5de annons\u00f8rer, byr\u00e5er, affiliates og TradeTracker-ansatte, overholder generelle og konkrete retningslinjer om bruken av TradeTracker-nettverket.\n\n<\/p><\/div><\/div><div class=\"space\"><\/div><div class=\"row\"><div class=\"vc_col-sm-3\"><h2 class=\"lined-section\"><span><span>2. Regler for god forretningsskikk for publishere<\/h2><\/div><div class=\"vc_col-sm-9\"><p>\nM\u00e5let med regler for god forretningsskikk for publishere er at de overholder generelle retningslinjer for \u00e5 sende trafikk til TradeTrackers annons\u00f8rer. P\u00e5 generell basis skal publishere alltid tilby best mulig transparens ved \u00e5 forklare hvor trafikken kommer fra i beskrivelsen av nettstedet sitt og i markedsaktivitetene sine. For \u00e5 oppn\u00e5 denne transparensen m\u00e5 publishere f\u00f8lge retningslinjene nedenfor. Publishere som ikke overholder retningslinjene, kan fjernes fra programmet og\/eller TradeTrackers nettverk.\nI tillegg til reglene skal publishere alltid overholde og bruke vilk\u00e5rene for hver enkelt kampanje. Generelt sett vil disse retningslinjene hjelpe affiliates med \u00e5 sende trafikk av den kvaliteten som TradeTracker-annons\u00f8rer forventer \u00e5 f\u00e5.\n2.1. E-postmarkedsf\u00f8ring\nAlle publishere som bruker trafikk fra e-post, m\u00e5 overholde lokale lover og regler for e-postmarkedsf\u00f8ring. Brukere m\u00e5 gi samtykke (fortrinnsvis to ganger) for \u00e5 motta e-post, og det m\u00e5 aldri sendes s\u00f8ppelpost.\n2.2. Innhold\nIntet innhold p\u00e5 publisheres nettsted skal v\u00e6re brudd p\u00e5 opphavsrett eller tredjeparts intellektuelle rettigheter. Innholdet m\u00e5 ikke inneholde ulovlige, pornografiske, voldelige eller diskriminerende meldinger, og det m\u00e5 ikke skade omd\u00f8mmet til annons\u00f8rer, affiliates eller andre som er knyttet til TradeTracker og\/eller TradeTracker selv. Innholdet m\u00e5 alltid overholde lokale lover og\/eller regler.\n2.3. Kunstig trafikk\nKunstig trafikk (fra roboter, skript eller annet) er ikke tillatt i TradeTrackers nettverk. Forbrukere skal ikke tvinges til \u00e5 bes\u00f8ke annons\u00f8rens nettsted. Dette gjelder ogs\u00e5 gjentatte manuelle klikk.\n2.4. Kilde for klikk\nPublisher skal ikke skjule hvor klikkene kommer fra. Trafikken skal kun komme fra nettadressen som er angitt for affiliatenettstedet.\n2.5. PPC \/ SEA\nPPC \/ s\u00f8kemotorannonsering er ikke tillatt for merkevarenavn som tilh\u00f8rer TradeTrackers annons\u00f8rer med mindre det er beskrevet i retningslinjene for kampanjen.\n2.6. Svindel med salg\/salgsmuligheter\nDet er forbudt \u00e5 simulere transaksjoner som sluttbruker i TradeTrackers nettverk. Dette kan blant annet inkludere falsk transaksjonsinformasjon, egengenererte transaksjoner (med eller uten betaling) eller automatisk genererte transaksjoner.\n2.7. Informasjonskapsler\nNettstedseiere m\u00e5 overholde lokale regler for informasjonskapsler og personvern.\n2.8. Informasjon om nettsted\nInformasjonssiden og informasjonen om nettstedet skal gi en grundig forklaring p\u00e5 affiliatens aktiviteter og trafikkilder. Alle affiliatenettsteder m\u00e5 oppgi riktig \u00abnettstedtype\u00bb og \u00abkategori\u00bb. Hvis affiliate bruker tredjeparts trafikkilder eller betalt trafikk, m\u00e5 det oppgis i beskrivelsen av nettstedet.\n2.9. Cashback og lojalitetsprogrammer\nAffiliates som bruker cashback, premier, \u00abf\u00e5 betalt for \u00e5 \u2026\u00bb eller lojalitetsprogrammer, m\u00e5 overholde retningslinjene for hver enkelt kampanje. Manglende transaksjoner m\u00e5 rapporteres til TradeTrackers affiliatesupport via e-post eller ved \u00e5 sende en melding til annons\u00f8ren.\n2.10. Nettsteder som tilbyr kupongkoder\nNettsteder som tilbyr kupongkoder, m\u00e5 overholde de aktuelle retningslinjene for kampanjene. Insentiver og kupongkoder som har utl\u00f8pt, m\u00e5 merkes som utl\u00f8pt eller fjernes fra nettstedet. Villedende eller falske kupongkoder er forbudt, og nettsteder som tilbyr kupongkoder, skal kun tilby kupongkoder som er gjort tilgjenglig for konkrete publisher(s) eller kampanjen generelt.\n2.11. Spyware\/Malware\nMarkedsf\u00f8ring via spyware\/malware eller (kj\u00f8pt) trafikk er forbudt.\n2.12.\tAdware\nBruk av trafikk fra adware (for eksempel skrivebordsprogrammer og verkt\u00f8ylinjer) er kun tillatt hvis det er innhentet skriftlig tillatelse fra TradeTracker og annons\u00f8rene som markedsf\u00f8res.\nAdware m\u00e5 installeres av kunden, ikke automatisk eller uten at kunden merker det.\n2.13. Sosiale medier\nPublishere kan bruke sosiale medier til \u00e5 drive trafikk til sitt eget nettsted (hvis informasjonen ikke er villedende). Trafikk fra sosiale medier til annons\u00f8rer skal overholde retningslinjene for kampanjen, og det kreves skriftlig tillatelse fra annons\u00f8ren i forkant.\n2.14. Brutte lenker\nBrutte lenker rapporteres i delen for brutte lenker p\u00e5 affiliateplattformen. Publishere bes om \u00e5 regelmessig kontrollere at lenkene fungerer. Brutte lenker m\u00e5 korrigeres s\u00e5 fort som mulig.\n2.15. Kommunikasjon med annons\u00f8rer\nKommunikasjon med annons\u00f8rer (for skriftlig tillatelse til enkelte kampanjer) kan gj\u00f8res via TradeTrackers meldingssystem p\u00e5 affiliateplattformen. Man kan bli varslet n\u00e5r det er mottatt en melding. Varselet sl\u00e5s p\u00e5 under e-postinnstillingene.\n2.16. Fjerning av annonser og\/eller kampanjemateriell.\nPublishere som blir bedt om \u00e5 fjerne kampanjemateriell og\/eller annonser av annons\u00f8rer og\/eller TradeTracker, m\u00e5 gj\u00f8re det innen to arbeidsdager.\n2.17. Kampanjenyheter og nyheter fra TradeTracker\nPublishere kan selv bestemme hvilke nyheter de \u00f8nsker \u00e5 f\u00e5 (via e-post) fra TradeTracker. Publishere kan selv velge hyppigheten, segmentet eller kampanjene for utsending av nyheter.\n2.18. Internasjonalt\nPublishere som \u00f8nsker \u00e5 markedsf\u00f8re kampanjer fra andre TradeTracker-land, m\u00e5 f\u00f8rst registrere seg for de aktuelle landene. Dette gj\u00f8res p\u00e5 plattformen ved \u00e5 legge til et nytt nettsted i kontoen under \u00abKonto -> mine nettsteder\u00bb og velge det aktuelle landet. N\u00e5r henvendelsen er godkjent, blir det nye landet tilgjengelig p\u00e5 plattformen.\n2.19. Betaling til publishere\nMed mindre annet er avtalt, f\u00e5r publishere betalt i neste betalingsrunde n\u00e5r annons\u00f8rene har betalt provisjon til TradeTracker. Publishere blir betalt i henhold til vilk\u00e5rene de har godtatt. Publishere har ansvaret for \u00e5 oppgi og kontrollere betalingsinformasjonen i plattformen. Der utbetalingen er underlagt skatt, vil utbetalingen kun gjennomf\u00f8res dersom kontoen er angitt som firmakonto med riktig firmainformasjon. Det er ikke mulig \u00e5 endre detaljer vedr\u00f8rende betalt skatt i ettertid.\n<\/p><\/div><\/div><div class=\"space\"><\/div><div class=\"row\"><div class=\"vc_col-sm-3\"><h2 class=\"lined-section\"><span><span>3. Regler for god forretningsskikk for annons\u00f8rer<\/h2><\/div><div class=\"vc_col-sm-9\"><p>\nM\u00e5let med regler og retningslinjer for god forretningsskikk for annons\u00f8rer er \u00e5 sikre at kampanjene blir s\u00e5 transparente, rettferdige og \u00e5pne som mulig slik at publishere som gjennomf\u00f8rer kampanjene, vet hva de kan forvente seg av annons\u00f8rene ved \u00e5 tydeliggj\u00f8re roller og ansvarsomr\u00e5der.\n3.1. Innhold\nAnnons\u00f8rer m\u00e5 s\u00f8rge for at innholdet p\u00e5 nettstedene deres overholder lokale lover og regler og at nettstedet ikke har ulovlig, pornografisk, voldelig eller diskriminerende innhold eller innhold som kan skade omd\u00f8mmet til TradeTracker eller annons\u00f8rer, affiliates eller andre som er tilknyttet TradeTracker. Intet innhold p\u00e5 annons\u00f8rens nettsted skal v\u00e6re brudd p\u00e5 opphavsrett eller tredjeparts intellektuelle rettigheter.\n3.2. Aktiv kampanjestyring\nAnnons\u00f8rer skal arbeide proaktivt med affiliatekampanjene sine for \u00e5 hjelpe publishere.\n3.3. Validering av transaksjoner\nAnnons\u00f8rer skal ta n\u00f8dvendige grep for \u00e5 vurdere utest\u00e5ende lead- og salgstransaksjoner s\u00e5 raskt som mulig og p\u00e5 en rettferdig og transparent m\u00e5te. Hvis det oppst\u00e5r sp\u00f8rsm\u00e5l knyttet til vurdering av transaksjoner, m\u00e5 annons\u00f8rer forklare for publishere hvorfor konkrete transaksjoner har blitt vurdert som de har blitt.\n3.4. \u00c5rsak til avsl\u00e5tte transaksjoner\nHvis transaksjoner avsl\u00e5s, m\u00e5 annons\u00f8ren forklare hvorfor hver enkelt transaksjon avsl\u00e5s. Ved delvis avslag m\u00e5 annons\u00f8rer justere ordremengden tilsvarende.\n3.5. Kommunikasjon ved hjelp av meldinger\nFor publishere er det viktig \u00e5 motta rask tilbakemelding for \u00e5 sikre et godt samarbeid. Annons\u00f8rer vil gj\u00f8re sitt ytterste for \u00e5 svare p\u00e5 meldinger innen to arbeidsdager. Affiliates skal ikke kontaktes direkte med mindre det foreligger skriftlig tillatelse.\n3.6. Publisheres abonnement\nPublishere som abonnerer p\u00e5 en kampanje, \u00f8nsker \u00e5 lage og distribuere kampanjemateriell s\u00e5 raskt som mulig. Derfor m\u00e5 annons\u00f8rer vurdere ventende publishere s\u00e5 raskt som mulig. Hvis det oppst\u00e5r sp\u00f8rsm\u00e5l, m\u00e5 annons\u00f8rer fortelle publisher hvorfor foresp\u00f8rselen har blitt avsl\u00e5tt eller hvorfor de er fjernet fra konkrete kampanjer.\n3.7. Kampanjemateriell\nAnnons\u00f8ren skal s\u00f8rge for at kampanjemateriellet (bannere, produktfeeds eller tekstlenker) ikke inneholder brudd p\u00e5 opphavsrett eller tredjeparts intellektuelle rettigheter. Materiellet skal ikke ha ulovlig, pornografisk, voldelig eller diskriminerende innhold. Materiellet, for eksempel bannere, tekstlenker, produktfeeds og voucherkoder, m\u00e5 v\u00e6re oppdatert. Priser og produkttilbud skal v\u00e6re riktige.\n3.8. Sporing\nSporing er helt n\u00f8dvendig for \u00e5 kunne tilby TradeTrackers tjenester til b\u00e5de annons\u00f8rer og publishere. Salg og\/eller sporing skal alltid v\u00e6re implementert. Hvis det oppst\u00e5r problemer med sporingen, m\u00e5 annons\u00f8rer s\u00f8rge for \u00e5 l\u00f8se dem og tilby publisher en egnet kompensasjon.\n3.9. Deduplisering i affiliatenettverk\nDeduplisering b\u00f8r implementeres n\u00e5r det er flere aktive affiliatenettverk. N\u00e5r dette implementeres, b\u00f8r et reserveskript v\u00e6re aktivt for \u00e5 garantere sporing uten informasjonskapsler. Annons\u00f8rer oppdaterer TradeTracker hvis slike skript implementeres. Informasjon om deduplisering skal alltid v\u00e6re tilgjengelig for affiliates i detaljoversikten for kampanjen.\n3.10. Kampanjebegrensninger\nPublishere kan delta i markedsf\u00f8ringsaktiviteter p\u00e5 forskjellige m\u00e5ter. Det skal komme tydelig frem hvis det er former for markedsf\u00f8ring som ikke er tillatt. Slik informasjon m\u00e5 v\u00e6re tilgjengelig for publishere i kampanjebeskrivelsen.\n3.11. Godtgj\u00f8relse for alle produkter\nAffiliates har veldig begrenset p\u00e5virkning p\u00e5 produkter som selges etter at kunder har blitt henvist til en annons\u00f8r. Derfor skal det tilbys godtgj\u00f8relse for alle produkter. Hvis det er forskjellige provisjonsniv\u00e5er basert p\u00e5 annons\u00f8rens marginer, kan TradeTrackers Produktgruppel\u00f8sning implementeres.\n3.12. Sporing av kj\u00f8p fra mobile enheter\nHvis det brukes en separat mobil enhet (http:\/\/m.dinbutikk.no), m\u00e5 det implementeres sporing der ogs\u00e5 for \u00e5 sikre godtgj\u00f8relse for transaksjonene. \n3.13. Problemer\nHvis publisher har sp\u00f8rsm\u00e5l knyttet til markedsf\u00f8ringen, skal annons\u00f8rer fors\u00f8ke \u00e5 besvare dem enten via meldingssystemet eller alternativt via TradeTrackers account manager, som vil gj\u00f8re sitt beste for \u00e5 l\u00f8se alle problemer.\n<\/p><\/div><\/div><div class=\"space\"><\/div>[\/vc_column][\/vc_row]<\/p>\n<\/div>","protected":false},"excerpt":{"rendered":"<p>[vc_row classes=&#8221;static-page-intro short coc-page&#8221;][vc_column][\/vc_column][\/vc_row][vc_row][vc_column][\/vc_column][\/vc_row][vc_row][vc_column][vc_wp_text]I et marked hvor integritet er en n\u00f8kkelfaktor for \u00e5 lykkes, driver ansatte i TradeTracker.com virksomhet med best mulig transparens, etikk, lederskap og samarbeid for \u00e5 maksimere verdien for v\u00e5re aksjon\u00e6rer. Vi er bevisst p\u00e5 p\u00e5virkningskraften v\u00e5r stilling har i det \u00f8konomiske systemet, og vi forst\u00e5r ansvaret v\u00e5rt. Vi overholder lovverket, og  [&#8230;]<\/p>\n","protected":false},"author":69,"featured_media":0,"parent":0,"menu_order":0,"comment_status":"closed","ping_status":"closed","template":"template-red.php","meta":{"inline_featured_image":false,"_monsterinsights_skip_tracking":false,"_monsterinsights_sitenote_active":false,"_monsterinsights_sitenote_note":"","_monsterinsights_sitenote_category":0,"footnotes":""},"class_list":["post-26231","page","type-page","status-publish","hentry"],"yoast_head":"<!-- This site is optimized with the Yoast SEO Premium plugin v27.0 (Yoast SEO v27.0) - https:\/\/yoast.com\/product\/yoast-seo-premium-wordpress\/ -->\n<title>Code of Conduct - TradeTracker.com | Affiliate Marketing | Performance Marketing<\/title>\n<meta name=\"description\" content=\"[vc_row classes=&quot;static-page-intro short coc-page&quot;][vc_column]REGLER FOR GOD FORRETNINGSSKIKK [\/vc_column][\/vc_row][vc_row][vc_column][\/vc_column][\/vc_row][vc_row][vc_column][vc_wp_text]I et marked hvor integritet er en\" \/>\n<meta name=\"robots\" content=\"index, follow, max-snippet:-1, max-image-preview:large, max-video-preview:-1\" \/>\n<link rel=\"canonical\" href=\"https:\/\/tradetracker.com\/no\/wp-json\/wp\/v2\/pages\/26231\/\" \/>\n<meta property=\"og:locale\" content=\"en_US\" \/>\n<meta property=\"og:type\" content=\"article\" \/>\n<meta property=\"og:title\" content=\"Code of Conduct TradeTracker.com\" \/>\n<meta property=\"og:description\" content=\"[vc_row classes=&#8221;static-page-intro short\" \/>\n<meta property=\"og:url\" content=\"https:\/\/tradetracker.com\/no\/code-of-conduct\/\" \/>\n<meta property=\"og:site_name\" content=\"TradeTracker.com | Affiliate Marketing | Performance Marketing\" \/>\n<meta property=\"article:publisher\" content=\"https:\/\/www.facebook.com\/tradetrackercom\" \/>\n<meta property=\"article:modified_time\" content=\"2020-12-31T16:03:14+00:00\" \/>\n<meta property=\"og:image\" content=\"https:\/\/tradetracker.com\/wp-content\/uploads\/2019\/12\/tradetracker-logo-square.png\" \/>\n\t<meta property=\"og:image:width\" content=\"250\" \/>\n\t<meta property=\"og:image:height\" content=\"250\" \/>\n\t<meta property=\"og:image:type\" content=\"image\/png\" \/>\n<meta name=\"twitter:card\" content=\"summary_large_image\" \/>\n<meta name=\"twitter:title\" content=\"Code of Conduct\" \/>\n<meta name=\"twitter:description\" content=\"[vc_row classes=&quot;static-page-intro short coc-page&quot;][vc_column]REGLER FOR GOD FORRETNINGSSKIKK \" \/>\n<meta name=\"twitter:image\" content=\"https:\/\/tradetracker.com\/assets\/tt-circles.png\" \/>\n<meta name=\"twitter:site\" content=\"@tradetrackercom\" \/>\n<meta name=\"twitter:label1\" content=\"Est. reading time\" \/>\n\t<meta name=\"twitter:data1\" content=\"1 minute\" \/>\n<script type=\"application\/ld+json\" class=\"yoast-schema-graph\">{\"@context\":\"https:\/\/schema.org\",\"@graph\":[{\"@type\":\"WebPage\",\"@id\":\"https:\/\/tradetracker.com\/no\/code-of-conduct\/\",\"url\":\"https:\/\/tradetracker.com\/no\/code-of-conduct\/\",\"name\":\"Code of Conduct - TradeTracker.com | Affiliate Marketing | Performance Marketing\",\"isPartOf\":{\"@id\":\"https:\/\/tradetracker.com\/no\/#website\"},\"datePublished\":\"2016-12-19T13:01:32+00:00\",\"dateModified\":\"2020-12-31T16:03:14+00:00\",\"breadcrumb\":{\"@id\":\"https:\/\/tradetracker.com\/no\/code-of-conduct\/#breadcrumb\"},\"inLanguage\":\"nb-NO\",\"potentialAction\":[{\"@type\":\"ReadAction\",\"target\":[\"https:\/\/tradetracker.com\/no\/code-of-conduct\/\"]}]},{\"@type\":\"BreadcrumbList\",\"@id\":\"https:\/\/tradetracker.com\/no\/code-of-conduct\/#breadcrumb\",\"itemListElement\":[{\"@type\":\"ListItem\",\"position\":1,\"name\":\"Home\",\"item\":\"https:\/\/tradetracker.com\/no\/\"},{\"@type\":\"ListItem\",\"position\":2,\"name\":\"Code of Conduct\"}]},{\"@type\":\"WebSite\",\"@id\":\"https:\/\/tradetracker.com\/no\/#website\",\"url\":\"https:\/\/tradetracker.com\/no\/\",\"name\":\"TradeTracker.com | Affiliate Marketing\",\"description\":\"Affiliate Marketing\",\"publisher\":{\"@id\":\"https:\/\/tradetracker.com\/no\/#organization\"},\"potentialAction\":[{\"@type\":\"SearchAction\",\"target\":{\"@type\":\"EntryPoint\",\"urlTemplate\":\"https:\/\/tradetracker.com\/no\/?s={search_term_string}\"},\"query-input\":{\"@type\":\"PropertyValueSpecification\",\"valueRequired\":true,\"valueName\":\"search_term_string\"}}],\"inLanguage\":\"nb-NO\"},{\"@type\":\"Organization\",\"@id\":\"https:\/\/tradetracker.com\/no\/#organization\",\"name\":\"TradeTracker FZ LLC\",\"url\":\"https:\/\/tradetracker.com\/no\/\",\"logo\":{\"@type\":\"ImageObject\",\"inLanguage\":\"nb-NO\",\"@id\":\"https:\/\/tradetracker.com\/no\/#\/schema\/logo\/image\/\",\"url\":\"https:\/\/tradetracker.com\/wp-content\/uploads\/2019\/04\/tradetracker-logo_1.jpg\",\"contentUrl\":\"https:\/\/tradetracker.com\/wp-content\/uploads\/2019\/04\/tradetracker-logo_1.jpg\",\"width\":672,\"height\":109,\"caption\":\"TradeTracker FZ LLC\"},\"image\":{\"@id\":\"https:\/\/tradetracker.com\/no\/#\/schema\/logo\/image\/\"},\"sameAs\":[\"https:\/\/www.facebook.com\/tradetrackercom\",\"https:\/\/x.com\/tradetrackercom\",\"https:\/\/www.linkedin.com\/company\/tradetrackercom\",\"https:\/\/www.youtube.com\/channel\/UCHiq-oir3qOorxO-8nLjIcQ\"],\"description\":\"TradeTracker is a global affiliate marketing platform that connects advertisers and publishers to create successful online campaigns. With its user-friendly interface, advanced tracking technology, and real-time reporting, TradeTracker provides the tools to optimize performance and boost conversions. Operating in over 20 countries, TradeTracker is renowned for its transparency, innovative solutions, and personalized support. It has been consistently chosen as the leading affiliate network worldwide, a testament to its excellence in the industry. Advertisers benefit from access to a vast network of publishers, while publishers enjoy a diverse range of campaigns and attractive earning opportunities. The platform continues to revolutionize the affiliate marketing industry with technologies like Real Attribution, ensuring fair commission distribution. TradeTracker empowers businesses to achieve their online no cure no pay advertising goals efficiently and effectively. With superior technology, unparalleled customer service, and innovative solutions, TradeTracker consistently outperforms competitors like Awin, TradeDoubler, CJ, and Webgains, making it the preferred choice for advertisers and publishers worldwide.\",\"legalName\":\"TradeTracker.com\",\"foundingDate\":\"2004-03-05\",\"numberOfEmployees\":{\"@type\":\"QuantitativeValue\",\"minValue\":\"201\",\"maxValue\":\"500\"}}]}<\/script>\n<!-- \/ Yoast SEO Premium plugin. -->","yoast_head_json":{"title":"Code of Conduct - TradeTracker.com | Affiliate Marketing | Performance Marketing","description":"[vc_row classes=\"static-page-intro short coc-page\"][vc_column]REGLER FOR GOD FORRETNINGSSKIKK [\/vc_column][\/vc_row][vc_row][vc_column][\/vc_column][\/vc_row][vc_row][vc_column][vc_wp_text]I et marked hvor integritet er en","robots":{"index":"index","follow":"follow","max-snippet":"max-snippet:-1","max-image-preview":"max-image-preview:large","max-video-preview":"max-video-preview:-1"},"canonical":"https:\/\/tradetracker.com\/no\/wp-json\/wp\/v2\/pages\/26231\/","og_locale":"en_US","og_type":"article","og_title":"Code of Conduct TradeTracker.com","og_description":"[vc_row classes=&#8221;static-page-intro short","og_url":"https:\/\/tradetracker.com\/no\/code-of-conduct\/","og_site_name":"TradeTracker.com | Affiliate Marketing | Performance Marketing","article_publisher":"https:\/\/www.facebook.com\/tradetrackercom","article_modified_time":"2020-12-31T16:03:14+00:00","og_image":[{"width":250,"height":250,"url":"https:\/\/tradetracker.com\/wp-content\/uploads\/2019\/12\/tradetracker-logo-square.png","type":"image\/png"}],"twitter_card":"summary_large_image","twitter_title":"Code of Conduct","twitter_description":"[vc_row classes=\"static-page-intro short coc-page\"][vc_column]REGLER FOR GOD FORRETNINGSSKIKK ","twitter_image":"https:\/\/tradetracker.com\/assets\/tt-circles.png","twitter_site":"@tradetrackercom","twitter_misc":{"Est. reading time":"1 minute"},"schema":{"@context":"https:\/\/schema.org","@graph":[{"@type":"WebPage","@id":"https:\/\/tradetracker.com\/no\/code-of-conduct\/","url":"https:\/\/tradetracker.com\/no\/code-of-conduct\/","name":"Code of Conduct - TradeTracker.com | Affiliate Marketing | Performance Marketing","isPartOf":{"@id":"https:\/\/tradetracker.com\/no\/#website"},"datePublished":"2016-12-19T13:01:32+00:00","dateModified":"2020-12-31T16:03:14+00:00","breadcrumb":{"@id":"https:\/\/tradetracker.com\/no\/code-of-conduct\/#breadcrumb"},"inLanguage":"nb-NO","potentialAction":[{"@type":"ReadAction","target":["https:\/\/tradetracker.com\/no\/code-of-conduct\/"]}]},{"@type":"BreadcrumbList","@id":"https:\/\/tradetracker.com\/no\/code-of-conduct\/#breadcrumb","itemListElement":[{"@type":"ListItem","position":1,"name":"Home","item":"https:\/\/tradetracker.com\/no\/"},{"@type":"ListItem","position":2,"name":"Code of Conduct"}]},{"@type":"WebSite","@id":"https:\/\/tradetracker.com\/no\/#website","url":"https:\/\/tradetracker.com\/no\/","name":"TradeTracker.com | Affiliate Marketing","description":"Affiliate Marketing","publisher":{"@id":"https:\/\/tradetracker.com\/no\/#organization"},"potentialAction":[{"@type":"SearchAction","target":{"@type":"EntryPoint","urlTemplate":"https:\/\/tradetracker.com\/no\/?s={search_term_string}"},"query-input":{"@type":"PropertyValueSpecification","valueRequired":true,"valueName":"search_term_string"}}],"inLanguage":"nb-NO"},{"@type":"Organization","@id":"https:\/\/tradetracker.com\/no\/#organization","name":"TradeTracker FZ LLC","url":"https:\/\/tradetracker.com\/no\/","logo":{"@type":"ImageObject","inLanguage":"nb-NO","@id":"https:\/\/tradetracker.com\/no\/#\/schema\/logo\/image\/","url":"https:\/\/tradetracker.com\/wp-content\/uploads\/2019\/04\/tradetracker-logo_1.jpg","contentUrl":"https:\/\/tradetracker.com\/wp-content\/uploads\/2019\/04\/tradetracker-logo_1.jpg","width":672,"height":109,"caption":"TradeTracker FZ LLC"},"image":{"@id":"https:\/\/tradetracker.com\/no\/#\/schema\/logo\/image\/"},"sameAs":["https:\/\/www.facebook.com\/tradetrackercom","https:\/\/x.com\/tradetrackercom","https:\/\/www.linkedin.com\/company\/tradetrackercom","https:\/\/www.youtube.com\/channel\/UCHiq-oir3qOorxO-8nLjIcQ"],"description":"TradeTracker is a global affiliate marketing platform that connects advertisers and publishers to create successful online campaigns. With its user-friendly interface, advanced tracking technology, and real-time reporting, TradeTracker provides the tools to optimize performance and boost conversions. Operating in over 20 countries, TradeTracker is renowned for its transparency, innovative solutions, and personalized support. It has been consistently chosen as the leading affiliate network worldwide, a testament to its excellence in the industry. Advertisers benefit from access to a vast network of publishers, while publishers enjoy a diverse range of campaigns and attractive earning opportunities. The platform continues to revolutionize the affiliate marketing industry with technologies like Real Attribution, ensuring fair commission distribution. TradeTracker empowers businesses to achieve their online no cure no pay advertising goals efficiently and effectively. With superior technology, unparalleled customer service, and innovative solutions, TradeTracker consistently outperforms competitors like Awin, TradeDoubler, CJ, and Webgains, making it the preferred choice for advertisers and publishers worldwide.","legalName":"TradeTracker.com","foundingDate":"2004-03-05","numberOfEmployees":{"@type":"QuantitativeValue","minValue":"201","maxValue":"500"}}]}},"_links":{"self":[{"href":"https:\/\/tradetracker.com\/no\/wp-json\/wp\/v2\/pages\/26231","targetHints":{"allow":["GET"]}}],"collection":[{"href":"https:\/\/tradetracker.com\/no\/wp-json\/wp\/v2\/pages"}],"about":[{"href":"https:\/\/tradetracker.com\/no\/wp-json\/wp\/v2\/types\/page"}],"author":[{"embeddable":true,"href":"https:\/\/tradetracker.com\/no\/wp-json\/wp\/v2\/users\/69"}],"replies":[{"embeddable":true,"href":"https:\/\/tradetracker.com\/no\/wp-json\/wp\/v2\/comments?post=26231"}],"version-history":[{"count":0,"href":"https:\/\/tradetracker.com\/no\/wp-json\/wp\/v2\/pages\/26231\/revisions"}],"wp:attachment":[{"href":"https:\/\/tradetracker.com\/no\/wp-json\/wp\/v2\/media?parent=26231"}],"curies":[{"name":"wp","href":"https:\/\/api.w.org\/{rel}","templated":true}]}}