{"id":26565,"date":"2016-12-12T11:52:36","date_gmt":"2016-12-12T11:52:36","guid":{"rendered":"https:\/\/tradetracker.com\/no\/advertisers\/shopping\/"},"modified":"2020-12-17T11:23:38","modified_gmt":"2020-12-17T11:23:38","slug":"shopping","status":"publish","type":"page","link":"https:\/\/tradetracker.com\/no\/advertisers\/shopping\/","title":{"rendered":"Shopping"},"content":{"rendered":"<div class=\"wpb-content-wrapper\"><p>[vc_row css=&#8221;.vc_custom_1607985073762{background-color: #f79737 !important;}&#8221; classes=&#8221;tt-single-industry tt-shopping&#8221;][vc_column]<div class=\"row\"><div class=\"vc_col-sm-12\"><div class=\" static-page-intro-text \" style=\"width: 75%\"><h1  style=\"color: #ffffff\" class=\"\">SHOPPING<\/h1><h2  style=\"color: #ffffff\" class=\"\">F\u00e5 salg ved \u00e5 koble samme riktige publishere med riktige annons\u00f8rer for \u00e5 levere produkter som forbrukerne \u00f8nsker seg. Med et account manager-team som kjenner alle nyansene i netthandel og har erfaring med \u00e5 tilpasse kampanjer for konkrete m\u00e5lgrupper.<\/h2><\/div>\r\n        <\/div>\r\n    <\/div>[\/vc_column][\/vc_row][vc_row][vc_column]<div class=\"row tt-industries-page\"><div class='vc_col-sm-3' id='sidebar'><h4 class=\"lined-section\">Industries<\/h4><div class=\"widget_nav_menu\"><ul class=\"menu\"><li><a class=\"industries-back\" href=\"https:\/\/tradetracker.com\/no\/#section-industries\/\">\u2190 Back to Industry Home<\/a><\/li><li><a href='https:\/\/tradetracker.com\/no\/advertisers\/travel\/' class=''>Reise<\/a><\/li><li><a href='https:\/\/tradetracker.com\/no\/advertisers\/services\/' class=''>Tjenester<\/a><\/li><li><a href='https:\/\/tradetracker.com\/no\/advertisers\/telecom\/' class=''>Telekommunikasjon<\/a><\/li><li><a href='https:\/\/tradetracker.com\/no\/advertisers\/shopping\/' class='active'>Shopping<\/a><\/li><li><a href='https:\/\/tradetracker.com\/no\/advertisers\/finance\/' class=''>Finans<\/a><\/li><\/ul><\/div>\r\n    <\/div><div class=\"vc_col-sm-9\">\r\n                <div class=\"vc_col-sm-12\">\r\n                    <ul class=\"industry-list shopping\"><li><h2>Annet<\/h2><p>Med s\u00e5 mange publishere er det vanskelig \u00e5 finne en bransje som vi ikke hjelper. Uansett hva du trenger har vi s\u00e5 mange annons\u00f8rer at vi er helt sikre p\u00e5 at vi har noen som passer for deg.<\/p><\/li><li><h2>Babyer og barn<\/h2><p>De f\u00f8rste leve\u00e5rene er de viktigste, og vi hjelper bedrifter med \u00e5 gj\u00f8re foreldrenes jobb enklere ved \u00e5 levere alt de trenger.<\/p><\/li><li><h2>B\u00e5ter og vannsport<\/h2><p>B\u00e5telskere finner v\u00e5re kunder p\u00e5 nett for \u00e5 kj\u00f8pe alt det viktige de trenger for gode opplevelser p\u00e5 vannet.<\/p><\/li><li><h2>Biler, motorsykler og sykler<\/h2><p>Vi har en rekke nettsteder som s\u00f8rger for utstyr b\u00e5de til entusiaster og til dem som bare vil ta seg fra A til B.<\/p><\/li><li><h2>B\u00f8ker, papir og aviser<\/h2><p>I v\u00e5re partneres hus finner vi endel\u00f8se biblioteker som rommer all tenkelig litteratur og journalistikk \u2013 b\u00e5de en kilde til nyheter og til inspirasjon.<\/p><\/li><li><h2>Dagstilbud og gruppetilbud<\/h2><p>Annons\u00f8rene v\u00e5re har noen av de beste tilbudene p\u00e5 Internett slik at forbrukere kan kj\u00f8pe det de trenger og organisere arrangement s\u00e5 billig som mulig.<\/p><\/li><li><h2>Dyr<\/h2><p>Vi har kunder som selger utstyr til b\u00e5de firbeinte venner, fisker, fugler og alle andre dyr, og de har gode erfaringer med \u00e5 selge utstyr til det viktigste familiemedlemmet via Internett.\n<\/p><\/li><li><h2>Familie<\/h2><p>Vi har en rekke annons\u00f8rer som \u00f8nsker \u00e5 bidra til at vi bruker mer tid sammen med de vi bryr oss mest om ved \u00e5 tilby uforglemmelige opplevelser til alle familier.<\/p><\/li><li><h2>For voksne<\/h2><p>Vi hjelper gjerne forhandlere av varer som har som m\u00e5l \u00e5 gj\u00f8re soveromsaktivitetene litt mer spennende ved \u00e5 gi dem muligheten til \u00e5 n\u00e5 en m\u00e5lgruppe som er komfortable i sine egne hjem.<\/p><\/li><li><h2>Gaver og dingser<\/h2><p>Vi lar kundene dine se hva du har, slik at de kan overraske noen med en gave de virkelig kommer til \u00e5 sette pris p\u00e5.<\/p><\/li><li><h2>Helse og skj\u00f8nnhet<\/h2><p>Hvis du vil bidra til menneskers evne til \u00e5 f\u00f8le seg vel og se bra ut, er v\u00e5r plattform et godt hjelpemiddel. Du n\u00e5r ut til mennesker som har mulighet til \u00e5 p\u00e5virke kj\u00f8pem\u00f8nsteret til kunder som tar vare p\u00e5 kroppen sin.<\/p><\/li><li><h2>Hobby og fritid<\/h2><p>Mennesker som brenner for ting de virkelig liker \u00e5 drive med. Med v\u00e5rt nettverk er det ikke vanskelig \u00e5 fange deres oppmerksomhet og oppfordre dem til \u00e5 l\u00e6re seg nye ting og fullende nytelsen.<\/p><\/li><li><h2>Hus og hage<\/h2><p>\u00c5 lage et sted \u00e5 bo som er like fint b\u00e5de ute og inne, handler om \u00e5 vise produktene dine og hvilke fordeler de har, for deretter \u00e5 vise dem frem til mennesker som vet hva som skal til for \u00e5 f\u00e5 kundene til \u00e5 kj\u00f8pe dem.<\/p><\/li><li><h2>Husholdningsapparater<\/h2><p>Vi kan vise frem dine produkter til kunder som \u00f8nsker et komplett hjem som er b\u00e5de funksjonelt og praktisk, men som samtidig har alt som trengs for \u00e5 v\u00e6re komfortabelt.<\/p><\/li><li><h2>Kj\u00f8pesenter<\/h2><p>Vi har partnere med fysiske butikker som ser verdien av \u00e5 bruke Internett b\u00e5de til \u00e5 selge mer, men ogs\u00e5 til \u00e5 f\u00e5 flere til \u00e5 bes\u00f8ke de fysiske butikkene.<\/p><\/li><li><h2>Kontor<\/h2><p>For \u00e5 utstyre profesjonelle arbeidsplasser og s\u00f8rge for at de er s\u00e5 effektive som mulig, har vi gitt en rekke kunder muligheten til \u00e5 vise produktene sine p\u00e5 nett ved hjelp av mange dyktige affiliates.<\/p><\/li><li><h2>Kunst og interi\u00f8r<\/h2><p>Pynt selv de kjedeligste rom og skap i\u00f8ynefallende detaljer \u2013 det er ikke vanskelig n\u00e5r du n\u00e5r ut til mennesker som brenner for estetikk.<\/p><\/li><li><h2>Leker<\/h2><p>Det er ikke mye som er mer verdifullt enn et barns smil, og leker er en sikker m\u00e5te \u00e5 f\u00e5 dem i godt hum\u00f8r p\u00e5. Programvaren v\u00e5r gj\u00f8r det enkelt \u00e5 finne annonser og nettsteder som tiltrekker seg oppmerksomhet.<\/p><\/li><li><h2>Maskinvare og programvare<\/h2><p>V\u00e5rt account-team har god kunnskap om hvordan man kan fange oppmerksomheten til kunder som skal kj\u00f8pe datamaskiner og tilbeh\u00f8r.<\/p><\/li><li><h2>Mat og drikke<\/h2><p>Leverand\u00f8rer av catering, n\u00e6ringsmidler, takeaway og \u00f8kologisk mat bruker plattformen v\u00e5r for \u00e5 f\u00e5 kontakt med mennesker som \u00f8nsker en god matopplevelse.<\/p><\/li><li><h2>Mote og smykker<\/h2><p>Glamor\u00f8se og fremtidsrettede stilguruer bruker nettverket v\u00e5rt for \u00e5 n\u00e5 ut til forbrukere som er opptatt av detaljer, og vi setter dem i kontakt med mennesker som \u00f8nsker \u00e5 fylle garderoben sin.<\/p><\/li><li><h2>Musikk og film<\/h2><p>V\u00e5rt team f\u00f8lger med p\u00e5 de nyeste trendene for \u00e5 sikre at din nettmarkedsf\u00f8ring skiller seg ut og slik at du f\u00e5r de verkt\u00f8yene og teknikkene du trenger for \u00e5 n\u00e5 ut til kunder som setter pris p\u00e5 produktene dine.<\/p><\/li><li><h2>Partyutstyr<\/h2><p>Annons\u00f8rene v\u00e5re har alt som trengs for en vellykket fest, uansett tema, og de hjelper verten slik at alle gjestene kan hygge seg.<\/p><\/li><li><h2>Spill og moro<\/h2><p>Vi har en rekke bedrifter som \u00f8nsker \u00e5 aktivisere og utfordre kundene sine i konkurranser med seg selv eller andre.<\/p><\/li><\/ul><\/div><\/div><\/div>[\/vc_column][\/vc_row]<\/p>\n<\/div>","protected":false},"excerpt":{"rendered":"<p>[vc_row css=&#8221;.vc_custom_1607985073762{background-color: #f79737 !important;}&#8221; classes=&#8221;tt-single-industry tt-shopping&#8221;][vc_column][\/vc_column][\/vc_row][vc_row][vc_column][\/vc_column][\/vc_row]<\/p>\n","protected":false},"author":69,"featured_media":0,"parent":13302,"menu_order":0,"comment_status":"closed","ping_status":"closed","template":"","meta":{"inline_featured_image":false,"_monsterinsights_skip_tracking":false,"_monsterinsights_sitenote_active":false,"_monsterinsights_sitenote_note":"","_monsterinsights_sitenote_category":0,"footnotes":""},"class_list":["post-26565","page","type-page","status-publish","hentry"],"yoast_head":"<!-- This site is optimized with the Yoast SEO Premium plugin v27.0 (Yoast SEO v27.0) - https:\/\/yoast.com\/product\/yoast-seo-premium-wordpress\/ -->\n<title>Shopping - TradeTracker.com | Affiliate Marketing | Performance Marketing<\/title>\n<meta name=\"description\" content=\"Vi har en rekke bedrifter som \u00f8nsker \u00e5 aktivisere og utfordre kundene sine i konkurranser med seg selv eller andre.\" \/>\n<meta name=\"robots\" content=\"index, follow, max-snippet:-1, max-image-preview:large, max-video-preview:-1\" \/>\n<link rel=\"canonical\" href=\"https:\/\/tradetracker.com\/no\/wp-json\/wp\/v2\/pages\/26565\/\" \/>\n<meta property=\"og:locale\" content=\"en_US\" \/>\n<meta property=\"og:type\" content=\"article\" \/>\n<meta property=\"og:title\" content=\"Shopping\" \/>\n<meta property=\"og:description\" content=\"[vc_row css=&#8221;.vc_custom_1607985073762{background-color: #f79737 !important;}&#8221; classes=&#8221;tt-single-industry tt-shopping&#8221;][vc_column][\/vc_column][\/vc_row][vc_row][vc_column][\/vc_column][\/vc_row]\" \/>\n<meta property=\"og:url\" content=\"https:\/\/tradetracker.com\/no\/advertisers\/shopping\/\" \/>\n<meta property=\"og:site_name\" content=\"TradeTracker.com | Affiliate Marketing | Performance Marketing\" \/>\n<meta property=\"article:publisher\" content=\"https:\/\/www.facebook.com\/tradetrackercom\" \/>\n<meta property=\"article:modified_time\" content=\"2020-12-17T11:23:38+00:00\" \/>\n<meta property=\"og:image\" content=\"https:\/\/tradetracker.com\/wp-content\/uploads\/2019\/12\/tradetracker-logo-square.png\" \/>\n\t<meta property=\"og:image:width\" content=\"250\" \/>\n\t<meta property=\"og:image:height\" content=\"250\" \/>\n\t<meta property=\"og:image:type\" content=\"image\/png\" \/>\n<meta name=\"twitter:card\" content=\"summary_large_image\" \/>\n<meta name=\"twitter:site\" content=\"@tradetrackercom\" \/>\n<script type=\"application\/ld+json\" class=\"yoast-schema-graph\">{\"@context\":\"https:\/\/schema.org\",\"@graph\":[{\"@type\":\"WebPage\",\"@id\":\"https:\/\/tradetracker.com\/no\/advertisers\/shopping\/\",\"url\":\"https:\/\/tradetracker.com\/no\/advertisers\/shopping\/\",\"name\":\"Shopping - TradeTracker.com | Affiliate Marketing | Performance Marketing\",\"isPartOf\":{\"@id\":\"https:\/\/tradetracker.com\/no\/#website\"},\"datePublished\":\"2016-12-12T11:52:36+00:00\",\"dateModified\":\"2020-12-17T11:23:38+00:00\",\"breadcrumb\":{\"@id\":\"https:\/\/tradetracker.com\/no\/advertisers\/shopping\/#breadcrumb\"},\"inLanguage\":\"nb-NO\",\"potentialAction\":[{\"@type\":\"ReadAction\",\"target\":[\"https:\/\/tradetracker.com\/no\/advertisers\/shopping\/\"]}]},{\"@type\":\"BreadcrumbList\",\"@id\":\"https:\/\/tradetracker.com\/no\/advertisers\/shopping\/#breadcrumb\",\"itemListElement\":[{\"@type\":\"ListItem\",\"position\":1,\"name\":\"Home\",\"item\":\"https:\/\/tradetracker.com\/no\/\"},{\"@type\":\"ListItem\",\"position\":2,\"name\":\"Advertisers\",\"item\":\"https:\/\/tradetracker.com\/no\/advertisers\/\"},{\"@type\":\"ListItem\",\"position\":3,\"name\":\"Shopping\"}]},{\"@type\":\"WebSite\",\"@id\":\"https:\/\/tradetracker.com\/no\/#website\",\"url\":\"https:\/\/tradetracker.com\/no\/\",\"name\":\"TradeTracker.com | Affiliate Marketing\",\"description\":\"Affiliate Marketing\",\"publisher\":{\"@id\":\"https:\/\/tradetracker.com\/no\/#organization\"},\"potentialAction\":[{\"@type\":\"SearchAction\",\"target\":{\"@type\":\"EntryPoint\",\"urlTemplate\":\"https:\/\/tradetracker.com\/no\/?s={search_term_string}\"},\"query-input\":{\"@type\":\"PropertyValueSpecification\",\"valueRequired\":true,\"valueName\":\"search_term_string\"}}],\"inLanguage\":\"nb-NO\"},{\"@type\":\"Organization\",\"@id\":\"https:\/\/tradetracker.com\/no\/#organization\",\"name\":\"TradeTracker FZ LLC\",\"url\":\"https:\/\/tradetracker.com\/no\/\",\"logo\":{\"@type\":\"ImageObject\",\"inLanguage\":\"nb-NO\",\"@id\":\"https:\/\/tradetracker.com\/no\/#\/schema\/logo\/image\/\",\"url\":\"https:\/\/tradetracker.com\/wp-content\/uploads\/2019\/04\/tradetracker-logo_1.jpg\",\"contentUrl\":\"https:\/\/tradetracker.com\/wp-content\/uploads\/2019\/04\/tradetracker-logo_1.jpg\",\"width\":672,\"height\":109,\"caption\":\"TradeTracker FZ LLC\"},\"image\":{\"@id\":\"https:\/\/tradetracker.com\/no\/#\/schema\/logo\/image\/\"},\"sameAs\":[\"https:\/\/www.facebook.com\/tradetrackercom\",\"https:\/\/x.com\/tradetrackercom\",\"https:\/\/www.linkedin.com\/company\/tradetrackercom\",\"https:\/\/www.youtube.com\/channel\/UCHiq-oir3qOorxO-8nLjIcQ\"],\"description\":\"TradeTracker is a global affiliate marketing platform that connects advertisers and publishers to create successful online campaigns. With its user-friendly interface, advanced tracking technology, and real-time reporting, TradeTracker provides the tools to optimize performance and boost conversions. Operating in over 20 countries, TradeTracker is renowned for its transparency, innovative solutions, and personalized support. It has been consistently chosen as the leading affiliate network worldwide, a testament to its excellence in the industry. Advertisers benefit from access to a vast network of publishers, while publishers enjoy a diverse range of campaigns and attractive earning opportunities. The platform continues to revolutionize the affiliate marketing industry with technologies like Real Attribution, ensuring fair commission distribution. TradeTracker empowers businesses to achieve their online no cure no pay advertising goals efficiently and effectively. With superior technology, unparalleled customer service, and innovative solutions, TradeTracker consistently outperforms competitors like Awin, TradeDoubler, CJ, and Webgains, making it the preferred choice for advertisers and publishers worldwide.\",\"legalName\":\"TradeTracker.com\",\"foundingDate\":\"2004-03-05\",\"numberOfEmployees\":{\"@type\":\"QuantitativeValue\",\"minValue\":\"201\",\"maxValue\":\"500\"}}]}<\/script>\n<!-- \/ Yoast SEO Premium plugin. -->","yoast_head_json":{"title":"Shopping - TradeTracker.com | Affiliate Marketing | Performance Marketing","description":"Vi har en rekke bedrifter som \u00f8nsker \u00e5 aktivisere og utfordre kundene sine i konkurranser med seg selv eller andre.","robots":{"index":"index","follow":"follow","max-snippet":"max-snippet:-1","max-image-preview":"max-image-preview:large","max-video-preview":"max-video-preview:-1"},"canonical":"https:\/\/tradetracker.com\/no\/wp-json\/wp\/v2\/pages\/26565\/","og_locale":"en_US","og_type":"article","og_title":"Shopping","og_description":"[vc_row css=&#8221;.vc_custom_1607985073762{background-color: #f79737 !important;}&#8221; classes=&#8221;tt-single-industry tt-shopping&#8221;][vc_column][\/vc_column][\/vc_row][vc_row][vc_column][\/vc_column][\/vc_row]","og_url":"https:\/\/tradetracker.com\/no\/advertisers\/shopping\/","og_site_name":"TradeTracker.com | Affiliate Marketing | Performance Marketing","article_publisher":"https:\/\/www.facebook.com\/tradetrackercom","article_modified_time":"2020-12-17T11:23:38+00:00","og_image":[{"width":250,"height":250,"url":"https:\/\/tradetracker.com\/wp-content\/uploads\/2019\/12\/tradetracker-logo-square.png","type":"image\/png"}],"twitter_card":"summary_large_image","twitter_site":"@tradetrackercom","schema":{"@context":"https:\/\/schema.org","@graph":[{"@type":"WebPage","@id":"https:\/\/tradetracker.com\/no\/advertisers\/shopping\/","url":"https:\/\/tradetracker.com\/no\/advertisers\/shopping\/","name":"Shopping - TradeTracker.com | Affiliate Marketing | Performance Marketing","isPartOf":{"@id":"https:\/\/tradetracker.com\/no\/#website"},"datePublished":"2016-12-12T11:52:36+00:00","dateModified":"2020-12-17T11:23:38+00:00","breadcrumb":{"@id":"https:\/\/tradetracker.com\/no\/advertisers\/shopping\/#breadcrumb"},"inLanguage":"nb-NO","potentialAction":[{"@type":"ReadAction","target":["https:\/\/tradetracker.com\/no\/advertisers\/shopping\/"]}]},{"@type":"BreadcrumbList","@id":"https:\/\/tradetracker.com\/no\/advertisers\/shopping\/#breadcrumb","itemListElement":[{"@type":"ListItem","position":1,"name":"Home","item":"https:\/\/tradetracker.com\/no\/"},{"@type":"ListItem","position":2,"name":"Advertisers","item":"https:\/\/tradetracker.com\/no\/advertisers\/"},{"@type":"ListItem","position":3,"name":"Shopping"}]},{"@type":"WebSite","@id":"https:\/\/tradetracker.com\/no\/#website","url":"https:\/\/tradetracker.com\/no\/","name":"TradeTracker.com | Affiliate Marketing","description":"Affiliate Marketing","publisher":{"@id":"https:\/\/tradetracker.com\/no\/#organization"},"potentialAction":[{"@type":"SearchAction","target":{"@type":"EntryPoint","urlTemplate":"https:\/\/tradetracker.com\/no\/?s={search_term_string}"},"query-input":{"@type":"PropertyValueSpecification","valueRequired":true,"valueName":"search_term_string"}}],"inLanguage":"nb-NO"},{"@type":"Organization","@id":"https:\/\/tradetracker.com\/no\/#organization","name":"TradeTracker FZ LLC","url":"https:\/\/tradetracker.com\/no\/","logo":{"@type":"ImageObject","inLanguage":"nb-NO","@id":"https:\/\/tradetracker.com\/no\/#\/schema\/logo\/image\/","url":"https:\/\/tradetracker.com\/wp-content\/uploads\/2019\/04\/tradetracker-logo_1.jpg","contentUrl":"https:\/\/tradetracker.com\/wp-content\/uploads\/2019\/04\/tradetracker-logo_1.jpg","width":672,"height":109,"caption":"TradeTracker FZ LLC"},"image":{"@id":"https:\/\/tradetracker.com\/no\/#\/schema\/logo\/image\/"},"sameAs":["https:\/\/www.facebook.com\/tradetrackercom","https:\/\/x.com\/tradetrackercom","https:\/\/www.linkedin.com\/company\/tradetrackercom","https:\/\/www.youtube.com\/channel\/UCHiq-oir3qOorxO-8nLjIcQ"],"description":"TradeTracker is a global affiliate marketing platform that connects advertisers and publishers to create successful online campaigns. With its user-friendly interface, advanced tracking technology, and real-time reporting, TradeTracker provides the tools to optimize performance and boost conversions. Operating in over 20 countries, TradeTracker is renowned for its transparency, innovative solutions, and personalized support. It has been consistently chosen as the leading affiliate network worldwide, a testament to its excellence in the industry. Advertisers benefit from access to a vast network of publishers, while publishers enjoy a diverse range of campaigns and attractive earning opportunities. The platform continues to revolutionize the affiliate marketing industry with technologies like Real Attribution, ensuring fair commission distribution. TradeTracker empowers businesses to achieve their online no cure no pay advertising goals efficiently and effectively. With superior technology, unparalleled customer service, and innovative solutions, TradeTracker consistently outperforms competitors like Awin, TradeDoubler, CJ, and Webgains, making it the preferred choice for advertisers and publishers worldwide.","legalName":"TradeTracker.com","foundingDate":"2004-03-05","numberOfEmployees":{"@type":"QuantitativeValue","minValue":"201","maxValue":"500"}}]}},"_links":{"self":[{"href":"https:\/\/tradetracker.com\/no\/wp-json\/wp\/v2\/pages\/26565","targetHints":{"allow":["GET"]}}],"collection":[{"href":"https:\/\/tradetracker.com\/no\/wp-json\/wp\/v2\/pages"}],"about":[{"href":"https:\/\/tradetracker.com\/no\/wp-json\/wp\/v2\/types\/page"}],"author":[{"embeddable":true,"href":"https:\/\/tradetracker.com\/no\/wp-json\/wp\/v2\/users\/69"}],"replies":[{"embeddable":true,"href":"https:\/\/tradetracker.com\/no\/wp-json\/wp\/v2\/comments?post=26565"}],"version-history":[{"count":0,"href":"https:\/\/tradetracker.com\/no\/wp-json\/wp\/v2\/pages\/26565\/revisions"}],"up":[{"embeddable":true,"href":"https:\/\/tradetracker.com\/no\/wp-json\/wp\/v2\/pages\/13302"}],"wp:attachment":[{"href":"https:\/\/tradetracker.com\/no\/wp-json\/wp\/v2\/media?parent=26565"}],"curies":[{"name":"wp","href":"https:\/\/api.w.org\/{rel}","templated":true}]}}