{"id":1117398,"date":"2022-11-27T11:16:58","date_gmt":"2022-11-27T11:16:58","guid":{"rendered":"https:\/\/tradetracker.com\/contact-us\/"},"modified":"2022-11-27T20:00:42","modified_gmt":"2022-11-27T20:00:42","slug":"contact-us","status":"publish","type":"page","link":"https:\/\/tradetracker.com\/pl\/contact-us\/","title":{"rendered":"Contact us"},"content":{"rendered":"<div class=\"wpb-content-wrapper\"><p>[vc_row classes=&#8221;static-page-intro contact-page bg-pattern&#8221;][vc_column]<div class=\"row\"><div class=\"vc_col-sm-12\"><div class=\" static-page-intro-text \"><h1  class=\"\">Contact<\/h1><\/div>\r\n        <\/div>\r\n    <\/div>[\/vc_column][\/vc_row][vc_row][vc_column]<div class=\"space\"><\/div>[vc_wp_text]<\/p>\n<p class=\"headline-paragraph\">Biznes w dzisiejszych czasach rozwija si\u0119 globalnie. Jako sie\u0107 afiliacyjna maj\u0105ca dost\u0119p do plac\u00f3wek w 27 krajach Europy i rozwijaj\u0105ca si\u0119 na poziomie \u015bwiatowym, TradeTracker jest idealnym partnerem dla Twojej firmy, je\u015bli my\u015blisz o mi\u0119dzynarodowej ekspansji.<\/p>\n<p>Je\u017celi potrzebujesz wyceny kampanii, chcia\u0142by\u015b porozmawia\u0107 na temat rozwi\u0105za\u0144, kt\u00f3re mo\u017cemy Ci zaoferowa\u0107 lub chcesz dowiedzie\u0107 si\u0119 troch\u0119 wi\u0119cej na temat TradeTracker, zadzwo\u0144! Eksperci w Europie i na Bliskim Wschodzie s\u0105 gotowi by odpowiedzie\u0107 na wszystkie Twoje pytania. TradeTracker jest ju\u017c partnerem wielu z najwi\u0119kszych \u015bwiatowych marek. R\u00f3wnie\u017c Tobie jeste\u015bmy w stanie zapewni\u0107 dost\u0119p do wszystkich najwa\u017cniejszych rynk\u00f3w Europejskich oraz kana\u0142\u00f3w marketingu online.[\/vc_wp_text][\/vc_column][\/vc_row][vc_row el_id=&#8221;tt-sec-menu&#8221;][vc_column][vc_raw_html]JTIwJTIwJTIwJTIwJTNDZGl2JTIwY2xhc3MlM0QlMjJzY3MtYmFjayUyMHBhcnQtZnVsbHNlY3Rpb24lMjB0dC1zZWMtbWVudSUyMiUzRSUwQSUyMCUyMCUyMCUyMCUyMCUyMCUyMCUyMCUzQ2RpdiUyMGNsYXNzJTNEJTIycm93JTIwc2NzLWJhY2stdGV4dCUyMiUzRSUwQSUyMCUyMCUyMCUyMCUyMCUyMCUyMCUyMCUyMCUyMCUyMCUyMCUzQ2ElMjBjbGFzcyUzRCUyMmFjdGl2ZSUyMiUyMGhyZWYlM0QlMjIlMkZwbCUyRmNvbnRhY3QtdXMlMkYlMjIlM0VDb250YWN0JTNDJTJGYSUzRSUwQSUyMCUyMCUyMCUyMCUyMCUyMCUyMCUyMCUyMCUyMCUyMCUyMCUzQ2ElMjBjbGFzcyUzRCUyMiUyMiUyMGhyZWYlM0QlMjIlMkZwbCUyRm9mZmljZXMlMkYlMjIlM0VPZmZpY2VzJTNDJTJGYSUzRSUwQSUyMCUyMCUyMCUyMCUyMCUyMCUyMCUyMCUzQyUyRmRpdiUzRSUwQSUyMCUyMCUyMCUyMCUzQyUyRmRpdiUzRQ==[\/vc_raw_html][\/vc_column][\/vc_row][vc_row css=&#8221;.vc_custom_1669563339201{background-color: #f7f7f7 !important;}&#8221;][vc_column]<div class=\"space\"><\/div>[vc_wp_text]\n<div class=\"wpcf7 no-js\" id=\"wpcf7-f1117496-o1\" lang=\"en-US\" dir=\"ltr\" data-wpcf7-id=\"1117496\">\n<div class=\"screen-reader-response\"><p role=\"status\" aria-live=\"polite\" aria-atomic=\"true\"><\/p> <ul><\/ul><\/div>\n<form action=\"\/pl\/wp-json\/wp\/v2\/pages\/1117398#wpcf7-f1117496-o1\" method=\"post\" class=\"wpcf7-form init\" aria-label=\"Contact form\" novalidate=\"novalidate\" data-status=\"init\">\n<fieldset class=\"hidden-fields-container\"><input type=\"hidden\" name=\"_wpcf7\" value=\"1117496\" \/><input type=\"hidden\" name=\"_wpcf7_version\" value=\"6.1.5\" \/><input type=\"hidden\" name=\"_wpcf7_locale\" value=\"en_US\" \/><input type=\"hidden\" name=\"_wpcf7_unit_tag\" value=\"wpcf7-f1117496-o1\" \/><input type=\"hidden\" name=\"_wpcf7_container_post\" value=\"0\" \/><input type=\"hidden\" name=\"_wpcf7_posted_data_hash\" value=\"\" \/>\n<\/fieldset>\n<div>\n\n<div class=\"row\">\n<div class=\"form-field vc_col-sm-6\">\n<label>Imi\u0119\n    <span class=\"wpcf7-form-control-wrap\" data-name=\"your-first-name\"><input size=\"40\" maxlength=\"400\" class=\"wpcf7-form-control wpcf7-text wpcf7-validates-as-required\" aria-required=\"true\" aria-invalid=\"false\" value=\"\" type=\"text\" name=\"your-first-name\" \/><\/span> <\/label>\n<\/div>\n\n<div class=\"form-field vc_col-sm-6 last_column\">\n<label>Nazwisko\n    <span class=\"wpcf7-form-control-wrap\" data-name=\"your-last-name\"><input size=\"40\" maxlength=\"400\" class=\"wpcf7-form-control wpcf7-text wpcf7-validates-as-required\" aria-required=\"true\" aria-invalid=\"false\" value=\"\" type=\"text\" name=\"your-last-name\" \/><\/span> <\/label>\n<\/div><\/div>\n<div class=\"space\"><\/div>\n<div class=\"form-field\">\n<label> Telefon\n<span class=\"wpcf7-form-control-wrap\" data-name=\"tel\"><input size=\"40\" maxlength=\"400\" class=\"wpcf7-form-control wpcf7-tel wpcf7-text wpcf7-validates-as-tel\" aria-invalid=\"false\" value=\"\" type=\"tel\" name=\"tel\" \/><\/span> <\/label>\n<\/div>\n<div class=\"space\"><\/div>\n<div class=\"form-field\">\n<label> E-mail\n    <span class=\"wpcf7-form-control-wrap\" data-name=\"email\"><input size=\"40\" maxlength=\"400\" class=\"wpcf7-form-control wpcf7-email wpcf7-validates-as-required wpcf7-text wpcf7-validates-as-email\" aria-required=\"true\" aria-invalid=\"false\" value=\"\" type=\"email\" name=\"email\" \/><\/span> <\/label>\n<\/div>\n<div class=\"space\"><\/div>\n<div class=\"form-field\">\n<label>Message\n    <span class=\"wpcf7-form-control-wrap\" data-name=\"msg\"><textarea cols=\"40\" rows=\"10\" maxlength=\"2000\" class=\"wpcf7-form-control wpcf7-textarea wpcf7-validates-as-required\" aria-required=\"true\" aria-invalid=\"false\" name=\"msg\"><\/textarea><\/span> <\/label>\n<\/div>\n<div class=\"space\"><\/div>\n<div class=\"form-field\">\n<span class=\"wpcf7-form-control-wrap\" data-name=\"email-update\"><span class=\"wpcf7-form-control wpcf7-acceptance\"><span class=\"wpcf7-list-item\"><label><input type=\"checkbox\" name=\"email-update\" value=\"1\" aria-invalid=\"false\" \/><span class=\"wpcf7-list-item-label\">Zgadzam si\u0119 polityka prywatno\u015bci <a href=\"https:\/\/tradetracker.com\/pl\/privacy-policy\/\" target=\"_blank\">Polityka prywatno\u015bci<\/a><\/span><\/label><\/span><\/span><\/span>\n<\/div>\n<div class=\"space\"><\/div>\n<div>\n<input class=\"wpcf7-form-control wpcf7-submit has-spinner form-btn form-btn-style-two\" type=\"submit\" value=\"Wys\u0142a\u0107\" \/>\n<\/div>\n\n<\/div>\n<div class=\"vc_col-sm-2\"><\/div><\/div><div class=\"wpcf7-response-output\" aria-hidden=\"true\"><\/div>\n<\/form>\n<\/div>\n[\/vc_wp_text]<div class=\"space\"><\/div>[\/vc_column][\/vc_row]<\/p>\n<\/div>","protected":false},"excerpt":{"rendered":"<p>[vc_row classes=&#8221;static-page-intro contact-page bg-pattern&#8221;][vc_column][\/vc_column][\/vc_row][vc_row][vc_column][vc_wp_text] Biznes w dzisiejszych czasach rozwija si\u0119 globalnie. Jako sie\u0107 afiliacyjna maj\u0105ca dost\u0119p do plac\u00f3wek w krajach Europy i rozwijaj\u0105ca si\u0119 na poziomie \u015bwiatowym, TradeTracker jest idealnym partnerem dla Twojej firmy, je\u015bli my\u015blisz o mi\u0119dzynarodowej ekspansji. Je\u017celi potrzebujesz wyceny kampanii, chcia\u0142by\u015b porozmawia\u0107 na temat rozwi\u0105za\u0144, kt\u00f3re mo\u017cemy Ci zaoferowa\u0107 lub chcesz dowiedzie\u0107  [&#8230;]<\/p>\n","protected":false},"author":69,"featured_media":0,"parent":0,"menu_order":0,"comment_status":"closed","ping_status":"closed","template":"","meta":{"inline_featured_image":false,"_monsterinsights_skip_tracking":false,"_monsterinsights_sitenote_active":false,"_monsterinsights_sitenote_note":"","_monsterinsights_sitenote_category":0,"footnotes":""},"class_list":["post-1117398","page","type-page","status-publish","hentry"],"yoast_head":"<!-- This site is optimized with the Yoast SEO Premium plugin v27.0 (Yoast SEO v27.0) - https:\/\/yoast.com\/product\/yoast-seo-premium-wordpress\/ -->\n<title>Contact us - TradeTracker.com | Affiliate Marketing | Performance Marketing<\/title>\n<meta name=\"description\" content=\"[vc_row classes=&quot;static-page-intro contact-page bg-pattern&quot;][vc_column]Contact [\/vc_column][\/vc_row][vc_row][vc_column][vc_wp_text] Biznes w dzisiejszych czasach rozwija si\u0119 globalnie. Jako sie\u0107 afiliacyjna maj\u0105ca\" \/>\n<meta name=\"robots\" content=\"index, follow, max-snippet:-1, max-image-preview:large, max-video-preview:-1\" \/>\n<link rel=\"canonical\" href=\"https:\/\/tradetracker.com\/pl\/wp-json\/wp\/v2\/pages\/1117398\/\" \/>\n<meta property=\"og:locale\" content=\"pl_PL\" \/>\n<meta property=\"og:type\" content=\"article\" \/>\n<meta property=\"og:title\" content=\"Contact us TradeTracker.com\" \/>\n<meta property=\"og:description\" content=\"[vc_row classes=&#8221;static-page-intro contact-page\" \/>\n<meta property=\"og:url\" content=\"https:\/\/tradetracker.com\/pl\/contact-us\/\" \/>\n<meta property=\"og:site_name\" content=\"TradeTracker.com | Affiliate Marketing | Performance Marketing\" \/>\n<meta property=\"article:publisher\" content=\"https:\/\/www.facebook.com\/tradetrackercom\" \/>\n<meta property=\"article:modified_time\" content=\"2022-11-27T20:00:42+00:00\" \/>\n<meta property=\"og:image\" content=\"https:\/\/tradetracker.com\/wp-content\/uploads\/2019\/12\/tradetracker-logo-square.png\" \/>\n\t<meta property=\"og:image:width\" content=\"250\" \/>\n\t<meta property=\"og:image:height\" content=\"250\" \/>\n\t<meta property=\"og:image:type\" content=\"image\/png\" \/>\n<meta name=\"twitter:card\" content=\"summary_large_image\" \/>\n<meta name=\"twitter:title\" content=\"Contact us\" \/>\n<meta name=\"twitter:description\" content=\"[vc_row classes=&quot;static-page-intro contact-page bg-pattern&quot;][vc_column]Contact \" \/>\n<meta name=\"twitter:image\" content=\"https:\/\/tradetracker.com\/assets\/tt-circles.png\" \/>\n<meta name=\"twitter:site\" content=\"@tradetrackercom\" \/>\n<meta name=\"twitter:label1\" content=\"Est. reading time\" \/>\n\t<meta name=\"twitter:data1\" content=\"1 minute\" \/>\n<script type=\"application\/ld+json\" class=\"yoast-schema-graph\">{\"@context\":\"https:\/\/schema.org\",\"@graph\":[{\"@type\":\"WebPage\",\"@id\":\"https:\/\/tradetracker.com\/pl\/contact-us\/\",\"url\":\"https:\/\/tradetracker.com\/pl\/contact-us\/\",\"name\":\"Contact us - TradeTracker.com | Affiliate Marketing | Performance Marketing\",\"isPartOf\":{\"@id\":\"https:\/\/tradetracker.com\/pl\/#website\"},\"datePublished\":\"2022-11-27T11:16:58+00:00\",\"dateModified\":\"2022-11-27T20:00:42+00:00\",\"breadcrumb\":{\"@id\":\"https:\/\/tradetracker.com\/pl\/contact-us\/#breadcrumb\"},\"inLanguage\":\"pl-PL\",\"potentialAction\":[{\"@type\":\"ReadAction\",\"target\":[\"https:\/\/tradetracker.com\/pl\/contact-us\/\"]}]},{\"@type\":\"BreadcrumbList\",\"@id\":\"https:\/\/tradetracker.com\/pl\/contact-us\/#breadcrumb\",\"itemListElement\":[{\"@type\":\"ListItem\",\"position\":1,\"name\":\"Home\",\"item\":\"https:\/\/tradetracker.com\/pl\/\"},{\"@type\":\"ListItem\",\"position\":2,\"name\":\"Contact us\"}]},{\"@type\":\"WebSite\",\"@id\":\"https:\/\/tradetracker.com\/pl\/#website\",\"url\":\"https:\/\/tradetracker.com\/pl\/\",\"name\":\"TradeTracker.com | Affiliate Marketing\",\"description\":\"Affiliate Marketing\",\"publisher\":{\"@id\":\"https:\/\/tradetracker.com\/pl\/#organization\"},\"potentialAction\":[{\"@type\":\"SearchAction\",\"target\":{\"@type\":\"EntryPoint\",\"urlTemplate\":\"https:\/\/tradetracker.com\/pl\/?s={search_term_string}\"},\"query-input\":{\"@type\":\"PropertyValueSpecification\",\"valueRequired\":true,\"valueName\":\"search_term_string\"}}],\"inLanguage\":\"pl-PL\"},{\"@type\":\"Organization\",\"@id\":\"https:\/\/tradetracker.com\/pl\/#organization\",\"name\":\"TradeTracker FZ LLC\",\"url\":\"https:\/\/tradetracker.com\/pl\/\",\"logo\":{\"@type\":\"ImageObject\",\"inLanguage\":\"pl-PL\",\"@id\":\"https:\/\/tradetracker.com\/pl\/#\/schema\/logo\/image\/\",\"url\":\"https:\/\/tradetracker.com\/wp-content\/uploads\/2019\/04\/tradetracker-logo_1.jpg\",\"contentUrl\":\"https:\/\/tradetracker.com\/wp-content\/uploads\/2019\/04\/tradetracker-logo_1.jpg\",\"width\":672,\"height\":109,\"caption\":\"TradeTracker FZ LLC\"},\"image\":{\"@id\":\"https:\/\/tradetracker.com\/pl\/#\/schema\/logo\/image\/\"},\"sameAs\":[\"https:\/\/www.facebook.com\/tradetrackercom\",\"https:\/\/x.com\/tradetrackercom\",\"https:\/\/www.linkedin.com\/company\/tradetrackercom\",\"https:\/\/www.youtube.com\/channel\/UCHiq-oir3qOorxO-8nLjIcQ\"],\"description\":\"TradeTracker is a global affiliate marketing platform that connects advertisers and publishers to create successful online campaigns. With its user-friendly interface, advanced tracking technology, and real-time reporting, TradeTracker provides the tools to optimize performance and boost conversions. Operating in over 20 countries, TradeTracker is renowned for its transparency, innovative solutions, and personalized support. It has been consistently chosen as the leading affiliate network worldwide, a testament to its excellence in the industry. Advertisers benefit from access to a vast network of publishers, while publishers enjoy a diverse range of campaigns and attractive earning opportunities. The platform continues to revolutionize the affiliate marketing industry with technologies like Real Attribution, ensuring fair commission distribution. TradeTracker empowers businesses to achieve their online no cure no pay advertising goals efficiently and effectively. With superior technology, unparalleled customer service, and innovative solutions, TradeTracker consistently outperforms competitors like Awin, TradeDoubler, CJ, and Webgains, making it the preferred choice for advertisers and publishers worldwide.\",\"legalName\":\"TradeTracker.com\",\"foundingDate\":\"2004-03-05\",\"numberOfEmployees\":{\"@type\":\"QuantitativeValue\",\"minValue\":\"201\",\"maxValue\":\"500\"}}]}<\/script>\n<!-- \/ Yoast SEO Premium plugin. -->","yoast_head_json":{"title":"Contact us - TradeTracker.com | Affiliate Marketing | Performance Marketing","description":"[vc_row classes=\"static-page-intro contact-page bg-pattern\"][vc_column]Contact [\/vc_column][\/vc_row][vc_row][vc_column][vc_wp_text] Biznes w dzisiejszych czasach rozwija si\u0119 globalnie. Jako sie\u0107 afiliacyjna maj\u0105ca","robots":{"index":"index","follow":"follow","max-snippet":"max-snippet:-1","max-image-preview":"max-image-preview:large","max-video-preview":"max-video-preview:-1"},"canonical":"https:\/\/tradetracker.com\/pl\/wp-json\/wp\/v2\/pages\/1117398\/","og_locale":"pl_PL","og_type":"article","og_title":"Contact us TradeTracker.com","og_description":"[vc_row classes=&#8221;static-page-intro contact-page","og_url":"https:\/\/tradetracker.com\/pl\/contact-us\/","og_site_name":"TradeTracker.com | Affiliate Marketing | Performance Marketing","article_publisher":"https:\/\/www.facebook.com\/tradetrackercom","article_modified_time":"2022-11-27T20:00:42+00:00","og_image":[{"width":250,"height":250,"url":"https:\/\/tradetracker.com\/wp-content\/uploads\/2019\/12\/tradetracker-logo-square.png","type":"image\/png"}],"twitter_card":"summary_large_image","twitter_title":"Contact us","twitter_description":"[vc_row classes=\"static-page-intro contact-page bg-pattern\"][vc_column]Contact ","twitter_image":"https:\/\/tradetracker.com\/assets\/tt-circles.png","twitter_site":"@tradetrackercom","twitter_misc":{"Est. reading time":"1 minute"},"schema":{"@context":"https:\/\/schema.org","@graph":[{"@type":"WebPage","@id":"https:\/\/tradetracker.com\/pl\/contact-us\/","url":"https:\/\/tradetracker.com\/pl\/contact-us\/","name":"Contact us - TradeTracker.com | Affiliate Marketing | Performance Marketing","isPartOf":{"@id":"https:\/\/tradetracker.com\/pl\/#website"},"datePublished":"2022-11-27T11:16:58+00:00","dateModified":"2022-11-27T20:00:42+00:00","breadcrumb":{"@id":"https:\/\/tradetracker.com\/pl\/contact-us\/#breadcrumb"},"inLanguage":"pl-PL","potentialAction":[{"@type":"ReadAction","target":["https:\/\/tradetracker.com\/pl\/contact-us\/"]}]},{"@type":"BreadcrumbList","@id":"https:\/\/tradetracker.com\/pl\/contact-us\/#breadcrumb","itemListElement":[{"@type":"ListItem","position":1,"name":"Home","item":"https:\/\/tradetracker.com\/pl\/"},{"@type":"ListItem","position":2,"name":"Contact us"}]},{"@type":"WebSite","@id":"https:\/\/tradetracker.com\/pl\/#website","url":"https:\/\/tradetracker.com\/pl\/","name":"TradeTracker.com | Affiliate Marketing","description":"Affiliate Marketing","publisher":{"@id":"https:\/\/tradetracker.com\/pl\/#organization"},"potentialAction":[{"@type":"SearchAction","target":{"@type":"EntryPoint","urlTemplate":"https:\/\/tradetracker.com\/pl\/?s={search_term_string}"},"query-input":{"@type":"PropertyValueSpecification","valueRequired":true,"valueName":"search_term_string"}}],"inLanguage":"pl-PL"},{"@type":"Organization","@id":"https:\/\/tradetracker.com\/pl\/#organization","name":"TradeTracker FZ LLC","url":"https:\/\/tradetracker.com\/pl\/","logo":{"@type":"ImageObject","inLanguage":"pl-PL","@id":"https:\/\/tradetracker.com\/pl\/#\/schema\/logo\/image\/","url":"https:\/\/tradetracker.com\/wp-content\/uploads\/2019\/04\/tradetracker-logo_1.jpg","contentUrl":"https:\/\/tradetracker.com\/wp-content\/uploads\/2019\/04\/tradetracker-logo_1.jpg","width":672,"height":109,"caption":"TradeTracker FZ LLC"},"image":{"@id":"https:\/\/tradetracker.com\/pl\/#\/schema\/logo\/image\/"},"sameAs":["https:\/\/www.facebook.com\/tradetrackercom","https:\/\/x.com\/tradetrackercom","https:\/\/www.linkedin.com\/company\/tradetrackercom","https:\/\/www.youtube.com\/channel\/UCHiq-oir3qOorxO-8nLjIcQ"],"description":"TradeTracker is a global affiliate marketing platform that connects advertisers and publishers to create successful online campaigns. With its user-friendly interface, advanced tracking technology, and real-time reporting, TradeTracker provides the tools to optimize performance and boost conversions. Operating in over 20 countries, TradeTracker is renowned for its transparency, innovative solutions, and personalized support. It has been consistently chosen as the leading affiliate network worldwide, a testament to its excellence in the industry. Advertisers benefit from access to a vast network of publishers, while publishers enjoy a diverse range of campaigns and attractive earning opportunities. The platform continues to revolutionize the affiliate marketing industry with technologies like Real Attribution, ensuring fair commission distribution. TradeTracker empowers businesses to achieve their online no cure no pay advertising goals efficiently and effectively. With superior technology, unparalleled customer service, and innovative solutions, TradeTracker consistently outperforms competitors like Awin, TradeDoubler, CJ, and Webgains, making it the preferred choice for advertisers and publishers worldwide.","legalName":"TradeTracker.com","foundingDate":"2004-03-05","numberOfEmployees":{"@type":"QuantitativeValue","minValue":"201","maxValue":"500"}}]}},"_links":{"self":[{"href":"https:\/\/tradetracker.com\/pl\/wp-json\/wp\/v2\/pages\/1117398","targetHints":{"allow":["GET"]}}],"collection":[{"href":"https:\/\/tradetracker.com\/pl\/wp-json\/wp\/v2\/pages"}],"about":[{"href":"https:\/\/tradetracker.com\/pl\/wp-json\/wp\/v2\/types\/page"}],"author":[{"embeddable":true,"href":"https:\/\/tradetracker.com\/pl\/wp-json\/wp\/v2\/users\/69"}],"replies":[{"embeddable":true,"href":"https:\/\/tradetracker.com\/pl\/wp-json\/wp\/v2\/comments?post=1117398"}],"version-history":[{"count":0,"href":"https:\/\/tradetracker.com\/pl\/wp-json\/wp\/v2\/pages\/1117398\/revisions"}],"wp:attachment":[{"href":"https:\/\/tradetracker.com\/pl\/wp-json\/wp\/v2\/media?parent=1117398"}],"curies":[{"name":"wp","href":"https:\/\/api.w.org\/{rel}","templated":true}]}}