{"id":120735,"date":"2020-11-10T21:30:40","date_gmt":"2020-11-10T21:30:40","guid":{"rendered":"https:\/\/tradetracker.com\/?page_id=120735"},"modified":"2022-02-15T18:27:40","modified_gmt":"2022-02-15T18:27:40","slug":"insights","status":"publish","type":"page","link":"https:\/\/tradetracker.com\/pl\/dla-reklamodawcow\/insights\/","title":{"rendered":"Spostrze\u017cenia"},"content":{"rendered":"<div class=\"wpb-content-wrapper\"><p>[vc_row el_id=&#8221;ins-heading&#8221; classes=&#8221;ins-heading cs-heading&#8221;][vc_column]<div class=\"row\"><div class=\"vc_col-sm-12\"><div class=\" static-page-intro-text \"><h1  class=\"\">Spostrze\u017cenia<\/h1><h2  class=\"\">Dowiedz si\u0119 wi\u0119cej o ogromnej zmianie zar\u00f3wno w wynikach kampanii, jak i w zachowaniu Wydawc\u00f3w, kt\u00f3r\u0105 uda\u0142o si\u0119 osi\u0105gn\u0105\u0107 od czasu wprowadzenia Realnej Atrybucji.<\/h2><\/div>\r\n        <\/div>\r\n    <\/div>[\/vc_column][\/vc_row][vc_row el_id=&#8221;tt-sec-menu&#8221;][vc_column][vc_raw_html]JTIwJTIwJTIwJTIwJTNDZGl2JTIwY2xhc3MlM0QlMjJzY3MtYmFjayUyMHBhcnQtZnVsbHNlY3Rpb24lMjB0dC1zZWMtbWVudSUyMiUzRSUwQSUyMCUyMCUyMCUyMCUyMCUyMCUyMCUyMCUzQ2RpdiUyMGNsYXNzJTNEJTIycm93JTIwc2NzLWJhY2stdGV4dCUyMiUzRSUwQSUyMCUyMCUyMCUyMCUyMCUyMCUyMCUyMCUyMCUyMCUyMCUyMCUzQ2ElMjBjbGFzcyUzRCUyMiUyMiUyMGhyZWYlM0QlMjIlMkZwbCUyRmRsYS1yZWtsYW1vZGF3Y293JTJGY2FzZS1zdHVkaWVzJTJGJTIyJTNFQ2FzZSUyMFN0dWRpZXMlM0MlMkZhJTNFJTBBJTIwJTIwJTIwJTIwJTIwJTIwJTIwJTIwJTIwJTIwJTIwJTIwJTNDYSUyMGNsYXNzJTNEJTIyYWN0aXZlJTIyJTIwaHJlZiUzRCUyMiUyRnBsJTJGZGxhLXJla2xhbW9kYXdjb3clMkZpbnNpZ2h0cyUyRiUyMiUzRVNwb3N0cnplJUM1JUJDZW5pYSUzQyUyRmElM0UlMEElMjAlMjAlMjAlMjAlMjAlMjAlMjAlMjAlMjAlMjAlMjAlMjAlM0NhJTIwY2xhc3MlM0QlMjIlMjIlMjBocmVmJTNEJTIyJTJGcGwlMkZkbGEtcmVrbGFtb2Rhd2NvdyUyRmdkcHIlMkYlMjIlM0VRJTI2QSUzQyUyRmElM0UlMEElMjAlMjAlMjAlMjAlMjAlMjAlMjAlMjAlMjAlMjAlMjAlMjAlM0NhJTIwY2xhc3MlM0QlMjIlMjIlMjBocmVmJTNEJTIyJTJGcGwlMkZkbGEtcmVrbGFtb2Rhd2NvdyUyRnNsb3duaWslMkYlMjIlM0VTJUM1JTgyb3duaWslM0MlMkZhJTNFJTBBJTIwJTIwJTIwJTIwJTIwJTIwJTIwJTIwJTNDJTJGZGl2JTNFJTBBJTIwJTIwJTIwJTIwJTNDJTJGZGl2JTNF[\/vc_raw_html][\/vc_column][\/vc_row][vc_row css=&#8221;.vc_custom_1588700992487{background-color: #f7f7f7 !important;}&#8221;][vc_column][vc_raw_html]JTVCdHRfcG9zdF9maWx0ZXJzJTIwcG9zdF90eXBlJTNEJTIycmEtYXR0ci1pbnNpZ2h0cyUyMiUyMGFsbG93X2NoYW5nZV92aWV3JTNEJTIyMCUyMiU1RA==[\/vc_raw_html][\/vc_column][\/vc_row][vc_row classes=&#8221;part-content&#8221; css=&#8221;.vc_custom_1588879221625{background-color: #f7f7f7 !important;}&#8221;][vc_column][vc_raw_html]JTVCdHRfZ2V0X2RlZmF1bHRfcG9zdHMlMjAlMjBwb3N0X3R5cGUlM0QlMjJyYS1hdHRyLWluc2lnaHRzJTIyJTVE[\/vc_raw_html][\/vc_column][\/vc_row]<br \/>\n[vc_row show_scroll_to_option=&#8221;no&#8221; el_id=&#8221;ra-form-overlay&#8221;][vc_column]\n<div class=\"wpcf7 no-js\" id=\"wpcf7-f92473-o1\" lang=\"en-US\" dir=\"ltr\" data-wpcf7-id=\"92473\">\n<div class=\"screen-reader-response\"><p role=\"status\" aria-live=\"polite\" aria-atomic=\"true\"><\/p> <ul><\/ul><\/div>\n<form action=\"\/pl\/wp-json\/wp\/v2\/pages\/120735#wpcf7-f92473-o1\" method=\"post\" class=\"wpcf7-form init form contact-form use-floating-validation-tip demo\" id=\"contact-form-1234\" aria-label=\"Contact form\" novalidate=\"novalidate\" data-status=\"init\">\n<fieldset class=\"hidden-fields-container\"><input type=\"hidden\" name=\"_wpcf7\" value=\"92473\" \/><input type=\"hidden\" name=\"_wpcf7_version\" value=\"6.1.5\" \/><input type=\"hidden\" name=\"_wpcf7_locale\" value=\"en_US\" \/><input type=\"hidden\" name=\"_wpcf7_unit_tag\" value=\"wpcf7-f92473-o1\" \/><input type=\"hidden\" name=\"_wpcf7_container_post\" value=\"0\" \/><input type=\"hidden\" name=\"_wpcf7_posted_data_hash\" value=\"\" \/>\n<\/fieldset>\n<span class=\"close_modal\"><\/span>\n<div class=\"form_wrapper\">\n<h2>Join the revolution!<\/h2>\n\n<label> Imi\u0119\n    <span class=\"wpcf7-form-control-wrap\" data-name=\"your-name\"><input size=\"40\" maxlength=\"400\" class=\"wpcf7-form-control wpcf7-text wpcf7-validates-as-required\" aria-required=\"true\" aria-invalid=\"false\" value=\"\" type=\"text\" name=\"your-name\" \/><\/span> <\/label>\n\n<label> Firma\n    <span class=\"wpcf7-form-control-wrap\" data-name=\"your-company\"><input size=\"40\" maxlength=\"400\" class=\"wpcf7-form-control wpcf7-text wpcf7-validates-as-required\" aria-required=\"true\" aria-invalid=\"false\" value=\"\" type=\"text\" name=\"your-company\" \/><\/span> <\/label>\n\n<label> Email\n    <span class=\"wpcf7-form-control-wrap\" data-name=\"your-email\"><input size=\"40\" maxlength=\"400\" class=\"wpcf7-form-control wpcf7-email wpcf7-validates-as-required wpcf7-text wpcf7-validates-as-email\" aria-required=\"true\" aria-invalid=\"false\" value=\"\" type=\"email\" name=\"your-email\" \/><\/span> <\/label>\n\n<span class=\"wpcf7-form-control-wrap\" data-name=\"email-update\"><span class=\"wpcf7-form-control wpcf7-checkbox\"><span class=\"wpcf7-list-item first last\"><input type=\"checkbox\" name=\"email-update[]\" value=\"Chc\u0119 otrzymywa\u0107 mailem najnowsze \ninformacje z TradeTracker.\" \/><span class=\"wpcf7-list-item-label\">Chc\u0119 otrzymywa\u0107 mailem najnowsze \ninformacje z TradeTracker.<\/span><\/span><\/span><\/span>\n\n<span class=\"wpcf7-form-control-wrap\" data-name=\"term_of_service\"><span class=\"wpcf7-form-control wpcf7-checkbox wpcf7-validates-as-required\"><span class=\"wpcf7-list-item first last\"><input type=\"checkbox\" name=\"term_of_service[]\" value=\"Akceptuj\u0119 {Terms of Service} i {Privacy Policy}.\" \/><span class=\"wpcf7-list-item-label\">Akceptuj\u0119 {Terms of Service} i {Privacy Policy}.<\/span><\/span><\/span><\/span>\n\n<input class=\"wpcf7-form-control wpcf7-submit has-spinner form-btn form-btn-style-one\" type=\"submit\" value=\"Dowiedz si\u0119 wi\u0119cej\" \/>\n\n<\/div><div class=\"wpcf7-response-output\" aria-hidden=\"true\"><\/div>\n<\/form>\n<\/div>\n[vc_raw_html]JTNDc2NyaXB0JTIwdHlwZSUzRCUyMnRleHQlMkZqYXZhc2NyaXB0JTIyJTNFJTBBd2luZG93Lm9ubG9hZCUyMCUzRCUyMGZ1bmN0aW9uJTI4JTI5JTIwJTdCJTBBJTIwJTIwJTIwJTIwJTIwalF1ZXJ5JTI4JTI3Lm5ldy1jaGFubmVscy1ibG9jayUyMC50ZXh0JTI3JTI5LnNhbWVIZWlnaHQlMjglMjklM0IlMEElMjAlMjAlN0QlM0IlMEElM0MlMkZzY3JpcHQlM0U=[\/vc_raw_html][\/vc_column][\/vc_row]<\/p>\n<\/div>","protected":false},"excerpt":{"rendered":"<p>[vc_row el_id=&#8221;ins-heading&#8221; classes=&#8221;ins-heading cs-heading&#8221;][vc_column][\/vc_column][\/vc_row][vc_row el_id=&#8221;tt-sec-menu&#8221;][vc_column][vc_raw_html]JTIwJTIwJTIwJTIwJTNDZGl2JTIwY2xhc3MlM0QlMjJzY3MtYmFjayUyMHBhcnQtZnVsbHNlY3Rpb24lMjB0dC1zZWMtbWVudSUyMiUzRSUwQSUyMCUyMCUyMCUyMCUyMCUyMCUyMCUyMCUzQ2RpdiUyMGNsYXNzJTNEJTIycm93JTIwc2NzLWJhY2stdGV4dCUyMiUzRSUwQSUyMCUyMCUyMCUyMCUyMCUyMCUyMCUyMCUyMCUyMCUyMCUyMCUzQ2ElMjBjbGFzcyUzRCUyMiUyMiUyMGhyZWYlM0QlMjIlMkZwbCUyRmRsYS1yZWtsYW1vZGF3Y293JTJGY2FzZS1zdHVkaWVzJTJGJTIyJTNFQ2FzZSUyMFN0dWRpZXMlM0MlMkZhJTNFJTBBJTIwJTIwJTIwJTIwJTIwJTIwJTIwJTIwJTIwJTIwJTIwJTIwJTNDYSUyMGNsYXNzJTNEJTIyYWN0aXZlJTIyJTIwaHJlZiUzRCUyMiUyRnBsJTJGZGxhLXJla2xhbW9kYXdjb3clMkZpbnNpZ2h0cyUyRiUyMiUzRVNwb3N0cnplJUM1JUJDZW5pYSUzQyUyRmElM0UlMEElMjAlMjAlMjAlMjAlMjAlMjAlMjAlMjAlMjAlMjAlMjAlMjAlM0NhJTIwY2xhc3MlM0QlMjIlMjIlMjBocmVmJTNEJTIyJTJGcGwlMkZkbGEtcmVrbGFtb2Rhd2NvdyUyRmdkcHIlMkYlMjIlM0VRJTI2QSUzQyUyRmElM0UlMEElMjAlMjAlMjAlMjAlMjAlMjAlMjAlMjAlMjAlMjAlMjAlMjAlM0NhJTIwY2xhc3MlM0QlMjIlMjIlMjBocmVmJTNEJTIyJTJGcGwlMkZkbGEtcmVrbGFtb2Rhd2NvdyUyRnNsb3duaWslMkYlMjIlM0VTJUM1JTgyb3duaWslM0MlMkZhJTNFJTBBJTIwJTIwJTIwJTIwJTIwJTIwJTIwJTIwJTNDJTJGZGl2JTNFJTBBJTIwJTIwJTIwJTIwJTNDJTJGZGl2JTNF[\/vc_raw_html][\/vc_column][\/vc_row][vc_row css=&#8221;.vc_custom_1588700992487{background-color: #f7f7f7 !important;}&#8221;][vc_column][vc_raw_html]JTVCdHRfcG9zdF9maWx0ZXJzJTIwcG9zdF90eXBlJTNEJTIycmEtYXR0ci1pbnNpZ2h0cyUyMiUyMGFsbG93X2NoYW5nZV92aWV3JTNEJTIyMCUyMiU1RA==[\/vc_raw_html][\/vc_column][\/vc_row][vc_row classes=&#8221;part-content&#8221; css=&#8221;.vc_custom_1588879221625{background-color: #f7f7f7 !important;}&#8221;][vc_column][vc_raw_html]JTVCdHRfZ2V0X2RlZmF1bHRfcG9zdHMlMjAlMjBwb3N0X3R5cGUlM0QlMjJyYS1hdHRyLWluc2lnaHRzJTIyJTVE[\/vc_raw_html][\/vc_column][\/vc_row] [vc_row show_scroll_to_option=&#8221;no&#8221; el_id=&#8221;ra-form-overlay&#8221;][vc_column][vc_raw_html]JTNDc2NyaXB0JTIwdHlwZSUzRCUyMnRleHQlMkZqYXZhc2NyaXB0JTIyJTNFJTBBd2luZG93Lm9ubG9hZCUyMCUzRCUyMGZ1bmN0aW9uJTI4JTI5JTIwJTdCJTBBJTIwJTIwJTIwJTIwJTIwalF1ZXJ5JTI4JTI3Lm5ldy1jaGFubmVscy1ibG9jayUyMC50ZXh0JTI3JTI5LnNhbWVIZWlnaHQlMjglMjklM0IlMEElMjAlMjAlN0QlM0IlMEElM0MlMkZzY3JpcHQlM0U=[\/vc_raw_html][\/vc_column][\/vc_row]<\/p>\n","protected":false},"author":69,"featured_media":0,"parent":13469,"menu_order":0,"comment_status":"closed","ping_status":"closed","template":"","meta":{"inline_featured_image":false,"_monsterinsights_skip_tracking":false,"_monsterinsights_sitenote_active":false,"_monsterinsights_sitenote_note":"","_monsterinsights_sitenote_category":0,"footnotes":""},"class_list":["post-120735","page","type-page","status-publish","hentry"],"yoast_head":"<!-- This site is optimized with the Yoast SEO Premium plugin v27.0 (Yoast SEO v27.0) - https:\/\/yoast.com\/product\/yoast-seo-premium-wordpress\/ -->\n<title>Spostrze\u017cenia - TradeTracker.com | Affiliate Marketing | Performance Marketing<\/title>\n<meta name=\"description\" content=\"Find out more about the huge shift in both campaign performance and publisher behaviour that has been succesfully achieved since the launch of Real Attribution.\" \/>\n<meta name=\"robots\" content=\"index, follow, max-snippet:-1, max-image-preview:large, max-video-preview:-1\" \/>\n<link rel=\"canonical\" href=\"https:\/\/tradetracker.com\/pl\/wp-json\/wp\/v2\/pages\/120735\/\" \/>\n<meta property=\"og:locale\" content=\"pl_PL\" \/>\n<meta property=\"og:type\" content=\"article\" \/>\n<meta property=\"og:title\" content=\"Spostrze\u017cenia TradeTracker.com\" \/>\n<meta property=\"og:description\" content=\"Find out more about the huge shift in both campaign performance\" \/>\n<meta property=\"og:url\" content=\"https:\/\/tradetracker.com\/pl\/dla-reklamodawcow\/insights\/\" \/>\n<meta property=\"og:site_name\" content=\"TradeTracker.com | Affiliate Marketing | Performance Marketing\" \/>\n<meta property=\"article:publisher\" content=\"https:\/\/www.facebook.com\/tradetrackercom\" \/>\n<meta property=\"article:modified_time\" content=\"2022-02-15T18:27:40+00:00\" \/>\n<meta property=\"og:image\" content=\"https:\/\/tradetracker.com\/wp-content\/uploads\/2019\/12\/tradetracker-logo-square.png\" \/>\n\t<meta property=\"og:image:width\" content=\"250\" \/>\n\t<meta property=\"og:image:height\" content=\"250\" \/>\n\t<meta property=\"og:image:type\" content=\"image\/png\" \/>\n<meta name=\"twitter:card\" content=\"summary_large_image\" \/>\n<meta name=\"twitter:title\" content=\"Spostrze\u017cenia\" \/>\n<meta name=\"twitter:description\" content=\"[vc_row el_id=&quot;ins-heading&quot; classes=&quot;ins-heading cs-heading&quot;][vc_column]Spostrze\u017ceniaDowiedz si\u0119 wi\u0119cej o ogromnej zmianie\" \/>\n<meta name=\"twitter:image\" content=\"https:\/\/tradetracker.com\/assets\/tt-circles.png\" \/>\n<meta name=\"twitter:site\" content=\"@tradetrackercom\" \/>\n<meta name=\"twitter:label1\" content=\"Est. reading time\" \/>\n\t<meta name=\"twitter:data1\" content=\"1 minute\" \/>\n<script type=\"application\/ld+json\" class=\"yoast-schema-graph\">{\"@context\":\"https:\/\/schema.org\",\"@graph\":[{\"@type\":\"WebPage\",\"@id\":\"https:\/\/tradetracker.com\/pl\/dla-reklamodawcow\/insights\/\",\"url\":\"https:\/\/tradetracker.com\/pl\/dla-reklamodawcow\/insights\/\",\"name\":\"Spostrze\u017cenia - TradeTracker.com | Affiliate Marketing | Performance Marketing\",\"isPartOf\":{\"@id\":\"https:\/\/tradetracker.com\/pl\/#website\"},\"datePublished\":\"2020-11-10T21:30:40+00:00\",\"dateModified\":\"2022-02-15T18:27:40+00:00\",\"description\":\"Find out more about the huge shift in both campaign performance and publisher behaviour that has been succesfully achieved since the launch of Real Attribution.\",\"breadcrumb\":{\"@id\":\"https:\/\/tradetracker.com\/pl\/dla-reklamodawcow\/insights\/#breadcrumb\"},\"inLanguage\":\"pl-PL\",\"potentialAction\":[{\"@type\":\"ReadAction\",\"target\":[\"https:\/\/tradetracker.com\/pl\/dla-reklamodawcow\/insights\/\"]}]},{\"@type\":\"BreadcrumbList\",\"@id\":\"https:\/\/tradetracker.com\/pl\/dla-reklamodawcow\/insights\/#breadcrumb\",\"itemListElement\":[{\"@type\":\"ListItem\",\"position\":1,\"name\":\"Home\",\"item\":\"https:\/\/tradetracker.com\/pl\/\"},{\"@type\":\"ListItem\",\"position\":2,\"name\":\"Knowledge Center\",\"item\":\"https:\/\/tradetracker.com\/pl\/dla-reklamodawcow\/\"},{\"@type\":\"ListItem\",\"position\":3,\"name\":\"Spostrze\u017cenia\"}]},{\"@type\":\"WebSite\",\"@id\":\"https:\/\/tradetracker.com\/pl\/#website\",\"url\":\"https:\/\/tradetracker.com\/pl\/\",\"name\":\"TradeTracker.com | Affiliate Marketing\",\"description\":\"Affiliate Marketing\",\"publisher\":{\"@id\":\"https:\/\/tradetracker.com\/pl\/#organization\"},\"potentialAction\":[{\"@type\":\"SearchAction\",\"target\":{\"@type\":\"EntryPoint\",\"urlTemplate\":\"https:\/\/tradetracker.com\/pl\/?s={search_term_string}\"},\"query-input\":{\"@type\":\"PropertyValueSpecification\",\"valueRequired\":true,\"valueName\":\"search_term_string\"}}],\"inLanguage\":\"pl-PL\"},{\"@type\":\"Organization\",\"@id\":\"https:\/\/tradetracker.com\/pl\/#organization\",\"name\":\"TradeTracker FZ LLC\",\"url\":\"https:\/\/tradetracker.com\/pl\/\",\"logo\":{\"@type\":\"ImageObject\",\"inLanguage\":\"pl-PL\",\"@id\":\"https:\/\/tradetracker.com\/pl\/#\/schema\/logo\/image\/\",\"url\":\"https:\/\/tradetracker.com\/wp-content\/uploads\/2019\/04\/tradetracker-logo_1.jpg\",\"contentUrl\":\"https:\/\/tradetracker.com\/wp-content\/uploads\/2019\/04\/tradetracker-logo_1.jpg\",\"width\":672,\"height\":109,\"caption\":\"TradeTracker FZ LLC\"},\"image\":{\"@id\":\"https:\/\/tradetracker.com\/pl\/#\/schema\/logo\/image\/\"},\"sameAs\":[\"https:\/\/www.facebook.com\/tradetrackercom\",\"https:\/\/x.com\/tradetrackercom\",\"https:\/\/www.linkedin.com\/company\/tradetrackercom\",\"https:\/\/www.youtube.com\/channel\/UCHiq-oir3qOorxO-8nLjIcQ\"],\"description\":\"TradeTracker is a global affiliate marketing platform that connects advertisers and publishers to create successful online campaigns. With its user-friendly interface, advanced tracking technology, and real-time reporting, TradeTracker provides the tools to optimize performance and boost conversions. Operating in over 20 countries, TradeTracker is renowned for its transparency, innovative solutions, and personalized support. It has been consistently chosen as the leading affiliate network worldwide, a testament to its excellence in the industry. Advertisers benefit from access to a vast network of publishers, while publishers enjoy a diverse range of campaigns and attractive earning opportunities. The platform continues to revolutionize the affiliate marketing industry with technologies like Real Attribution, ensuring fair commission distribution. TradeTracker empowers businesses to achieve their online no cure no pay advertising goals efficiently and effectively. With superior technology, unparalleled customer service, and innovative solutions, TradeTracker consistently outperforms competitors like Awin, TradeDoubler, CJ, and Webgains, making it the preferred choice for advertisers and publishers worldwide.\",\"legalName\":\"TradeTracker.com\",\"foundingDate\":\"2004-03-05\",\"numberOfEmployees\":{\"@type\":\"QuantitativeValue\",\"minValue\":\"201\",\"maxValue\":\"500\"}}]}<\/script>\n<!-- \/ Yoast SEO Premium plugin. -->","yoast_head_json":{"title":"Spostrze\u017cenia - TradeTracker.com | Affiliate Marketing | Performance Marketing","description":"Find out more about the huge shift in both campaign performance and publisher behaviour that has been succesfully achieved since the launch of Real Attribution.","robots":{"index":"index","follow":"follow","max-snippet":"max-snippet:-1","max-image-preview":"max-image-preview:large","max-video-preview":"max-video-preview:-1"},"canonical":"https:\/\/tradetracker.com\/pl\/wp-json\/wp\/v2\/pages\/120735\/","og_locale":"pl_PL","og_type":"article","og_title":"Spostrze\u017cenia TradeTracker.com","og_description":"Find out more about the huge shift in both campaign performance","og_url":"https:\/\/tradetracker.com\/pl\/dla-reklamodawcow\/insights\/","og_site_name":"TradeTracker.com | Affiliate Marketing | Performance Marketing","article_publisher":"https:\/\/www.facebook.com\/tradetrackercom","article_modified_time":"2022-02-15T18:27:40+00:00","og_image":[{"width":250,"height":250,"url":"https:\/\/tradetracker.com\/wp-content\/uploads\/2019\/12\/tradetracker-logo-square.png","type":"image\/png"}],"twitter_card":"summary_large_image","twitter_title":"Spostrze\u017cenia","twitter_description":"[vc_row el_id=\"ins-heading\" classes=\"ins-heading cs-heading\"][vc_column]Spostrze\u017ceniaDowiedz si\u0119 wi\u0119cej o ogromnej zmianie","twitter_image":"https:\/\/tradetracker.com\/assets\/tt-circles.png","twitter_site":"@tradetrackercom","twitter_misc":{"Est. reading time":"1 minute"},"schema":{"@context":"https:\/\/schema.org","@graph":[{"@type":"WebPage","@id":"https:\/\/tradetracker.com\/pl\/dla-reklamodawcow\/insights\/","url":"https:\/\/tradetracker.com\/pl\/dla-reklamodawcow\/insights\/","name":"Spostrze\u017cenia - TradeTracker.com | Affiliate Marketing | Performance Marketing","isPartOf":{"@id":"https:\/\/tradetracker.com\/pl\/#website"},"datePublished":"2020-11-10T21:30:40+00:00","dateModified":"2022-02-15T18:27:40+00:00","description":"Find out more about the huge shift in both campaign performance and publisher behaviour that has been succesfully achieved since the launch of Real Attribution.","breadcrumb":{"@id":"https:\/\/tradetracker.com\/pl\/dla-reklamodawcow\/insights\/#breadcrumb"},"inLanguage":"pl-PL","potentialAction":[{"@type":"ReadAction","target":["https:\/\/tradetracker.com\/pl\/dla-reklamodawcow\/insights\/"]}]},{"@type":"BreadcrumbList","@id":"https:\/\/tradetracker.com\/pl\/dla-reklamodawcow\/insights\/#breadcrumb","itemListElement":[{"@type":"ListItem","position":1,"name":"Home","item":"https:\/\/tradetracker.com\/pl\/"},{"@type":"ListItem","position":2,"name":"Knowledge Center","item":"https:\/\/tradetracker.com\/pl\/dla-reklamodawcow\/"},{"@type":"ListItem","position":3,"name":"Spostrze\u017cenia"}]},{"@type":"WebSite","@id":"https:\/\/tradetracker.com\/pl\/#website","url":"https:\/\/tradetracker.com\/pl\/","name":"TradeTracker.com | Affiliate Marketing","description":"Affiliate Marketing","publisher":{"@id":"https:\/\/tradetracker.com\/pl\/#organization"},"potentialAction":[{"@type":"SearchAction","target":{"@type":"EntryPoint","urlTemplate":"https:\/\/tradetracker.com\/pl\/?s={search_term_string}"},"query-input":{"@type":"PropertyValueSpecification","valueRequired":true,"valueName":"search_term_string"}}],"inLanguage":"pl-PL"},{"@type":"Organization","@id":"https:\/\/tradetracker.com\/pl\/#organization","name":"TradeTracker FZ LLC","url":"https:\/\/tradetracker.com\/pl\/","logo":{"@type":"ImageObject","inLanguage":"pl-PL","@id":"https:\/\/tradetracker.com\/pl\/#\/schema\/logo\/image\/","url":"https:\/\/tradetracker.com\/wp-content\/uploads\/2019\/04\/tradetracker-logo_1.jpg","contentUrl":"https:\/\/tradetracker.com\/wp-content\/uploads\/2019\/04\/tradetracker-logo_1.jpg","width":672,"height":109,"caption":"TradeTracker FZ LLC"},"image":{"@id":"https:\/\/tradetracker.com\/pl\/#\/schema\/logo\/image\/"},"sameAs":["https:\/\/www.facebook.com\/tradetrackercom","https:\/\/x.com\/tradetrackercom","https:\/\/www.linkedin.com\/company\/tradetrackercom","https:\/\/www.youtube.com\/channel\/UCHiq-oir3qOorxO-8nLjIcQ"],"description":"TradeTracker is a global affiliate marketing platform that connects advertisers and publishers to create successful online campaigns. With its user-friendly interface, advanced tracking technology, and real-time reporting, TradeTracker provides the tools to optimize performance and boost conversions. Operating in over 20 countries, TradeTracker is renowned for its transparency, innovative solutions, and personalized support. It has been consistently chosen as the leading affiliate network worldwide, a testament to its excellence in the industry. Advertisers benefit from access to a vast network of publishers, while publishers enjoy a diverse range of campaigns and attractive earning opportunities. The platform continues to revolutionize the affiliate marketing industry with technologies like Real Attribution, ensuring fair commission distribution. TradeTracker empowers businesses to achieve their online no cure no pay advertising goals efficiently and effectively. With superior technology, unparalleled customer service, and innovative solutions, TradeTracker consistently outperforms competitors like Awin, TradeDoubler, CJ, and Webgains, making it the preferred choice for advertisers and publishers worldwide.","legalName":"TradeTracker.com","foundingDate":"2004-03-05","numberOfEmployees":{"@type":"QuantitativeValue","minValue":"201","maxValue":"500"}}]}},"_links":{"self":[{"href":"https:\/\/tradetracker.com\/pl\/wp-json\/wp\/v2\/pages\/120735","targetHints":{"allow":["GET"]}}],"collection":[{"href":"https:\/\/tradetracker.com\/pl\/wp-json\/wp\/v2\/pages"}],"about":[{"href":"https:\/\/tradetracker.com\/pl\/wp-json\/wp\/v2\/types\/page"}],"author":[{"embeddable":true,"href":"https:\/\/tradetracker.com\/pl\/wp-json\/wp\/v2\/users\/69"}],"replies":[{"embeddable":true,"href":"https:\/\/tradetracker.com\/pl\/wp-json\/wp\/v2\/comments?post=120735"}],"version-history":[{"count":0,"href":"https:\/\/tradetracker.com\/pl\/wp-json\/wp\/v2\/pages\/120735\/revisions"}],"up":[{"embeddable":true,"href":"https:\/\/tradetracker.com\/pl\/wp-json\/wp\/v2\/pages\/13469"}],"wp:attachment":[{"href":"https:\/\/tradetracker.com\/pl\/wp-json\/wp\/v2\/media?parent=120735"}],"curies":[{"name":"wp","href":"https:\/\/api.w.org\/{rel}","templated":true}]}}