{"id":13349,"date":"2017-02-15T06:15:31","date_gmt":"2017-02-15T06:15:31","guid":{"rendered":"https:\/\/tradetracker.com\/pl\/admonitor\/"},"modified":"2025-01-09T02:53:30","modified_gmt":"2025-01-09T02:53:30","slug":"admonitor","status":"publish","type":"page","link":"https:\/\/tradetracker.com\/pl\/admonitor\/","title":{"rendered":"Admonitor"},"content":{"rendered":"<div class=\"wpb-content-wrapper\"><p>[vc_row classes=&#8221;admonitor-page-detail&#8221;][vc_column]<div class=\"row\"><div class=\"vc_col-sm-12\"><div class=\"industry-page-intro-text\"><h1  class=\"\">Admonitor<\/h1><h2  class=\"\">Dzia\u0142ania promocyjne w wyszukiwarkach s\u0105 wa\u017cnym \u017ar\u00f3d\u0142em ruchu dla niemal ka\u017cdej strony internetowej i biznesu online. Kluczow\u0105 rol\u0119 w procesie wyszukiwania odgrywaj\u0105 s\u0142owa brandowe, kt\u00f3re mog\u0105 by\u0107 wykorzystywane r\u00f3wnie\u017c przez Twoich konkurent\u00f3w i partner\u00f3w. Aby chroni\u0107 Twoj\u0105 mark\u0119, TradeTracker opracowa\u0142 narz\u0119dzie monitoruj\u0105ce wykorzystanie brandu i wykrywaj\u0105ce nadu\u017cycia w wyszukiwarkach. TradeTracker AdMonitor \u00ae pozwala na optymalizacj\u0119 koszt\u00f3w kampanii w wyszukiwarkach poprzez weryfikacj\u0119 zgodno\u015bci prowadzonych dzia\u0142a\u0144 afiliacyjnych z wytycznymi dotycz\u0105cymi SEM.<\/h2><\/div>\r\n        <\/div>\r\n    <\/div><div class=\"space\"><\/div>[\/vc_column][\/vc_row][vc_row classes=&#8221;se-how bg-pattern&#8221;][vc_column width=&#8221;2\/12&#8243;][\/vc_column][vc_column width=&#8221;8\/12&#8243; el_class=&#8221;acenter&#8221;]<div class=\"space\"><\/div><header><h2 class=\" tt_composer\" >Jak to dzia\u0142a<\/h2><\/header>[vc_wp_text el_class=&#8221;acenter&#8221;]<\/p>\n<p>AdMonitor pozwala na zdefiniowanie s\u0142\u00f3w kluczowych i cz\u0119stotliwo\u015bci wyszukiwania zar\u00f3wno w przegl\u0105darkach tradycyjnych jak i kanale mobilnym. System alert\u00f3w, w oparciu o zaawansowane algorytmy, informuje o potencjalnych nadu\u017cyciach z dok\u0142adno\u015bci\u0105 do ID wydawcy w sieciach partnerskich, w kt\u00f3rych prowadzisz dzia\u0142ania. AdMonitor jest integraln\u0105 cz\u0119\u015bci\u0105 panelu Reklamodawcy TradeTracker, co pozwala na wygodny podgl\u0105d listy nadu\u017cy\u0107 przy ka\u017cdym logowaniu do konta Reklamodawcy.<\/p>\n<p>[\/vc_wp_text][\/vc_column][vc_column width=&#8221;2\/12&#8243;][\/vc_column][\/vc_row][vc_row][vc_column][vc_single_image image=&#8221;113737&#8243; img_size=&#8221;1120&#215;604&#8243; alignment=&#8221;center&#8221;][\/vc_column][\/vc_row][vc_row classes=&#8221;se-detect&#8221;][vc_column]<div class=\"space\"><\/div><header><h2 class=\" tt_composer\" >Co wykrywamy<\/h2><\/header>[vc_row_inner el_class=&#8221;se-detect&#8221;][vc_column_inner width=&#8221;1\/2&#8243;][vc_single_image image=&#8221;113843&#8243; alignment=&#8221;center&#8221; el_class=&#8221;se-img&#8221;][vc_wp_text]<\/p>\n<h3>Bezprawne wykorzystywanie URL<\/h3>\n<p>AdMonitor wskazuje wydawc\u00f3w, kt\u00f3rzy nielegalnie wykorzystuj\u0105 Twoje teksty reklamowe i adres URL do generowania przychodu poprzez niedozwolone dzia\u0142ania reklamowe. Identyfikacja tego typu nadu\u017cy\u0107 jest bardzo trudna do wykrycia bez zaawansowanego oprogramowania.<\/p>\n<p>[\/vc_wp_text]<div class=\"space\"><\/div>[\/vc_column_inner][vc_column_inner width=&#8221;1\/2&#8243;][vc_single_image image=&#8221;113825&#8243; alignment=&#8221;center&#8221; el_class=&#8221;se-img&#8221;][vc_wp_text]<\/p>\n<h3>Emisja w okre\u015blonych godzinach<\/h3>\n<p>AdMonitor pozwala identyfikowa\u0107 wydawc\u00f3w, kt\u00f3rzy ograniczaj\u0105 wy\u015bwietlanie reklam do okre\u015blonych przedzia\u0142\u00f3w czasowych, zw\u0142aszcza godzin wieczornych, nocnych i w weekendy, kiedy prawdopodobie\u0144stwo wykrycia nadu\u017cy\u0107 poprzez tradycyjny monitoring jest mniejsze.<\/p>\n<p>[\/vc_wp_text]<div class=\"space\"><\/div>[\/vc_column_inner][\/vc_row_inner][vc_row_inner el_class=&#8221;se-detect&#8221;][vc_column_inner width=&#8221;1\/2&#8243;][vc_single_image image=&#8221;113879&#8243; alignment=&#8221;center&#8221; el_class=&#8221;se-img&#8221;][vc_wp_text]<\/p>\n<h3>Odwr\u00f3cone geotargetowanie<\/h3>\n<p>AdMonitor identyfikuje wydawc\u00f3w, kt\u00f3rzy korzystaj\u0105 z odwr\u00f3conego geotargetowania (IP). Metoda ta pozwala na wy\u015bwietlanie reklam w wybranych miastach\/regionach, co r\u00f3wnie\u017c utrudnia wykrycie bez automatycznego monitoringu.<\/p>\n<p>[\/vc_wp_text][\/vc_column_inner][vc_column_inner width=&#8221;1\/2&#8243;][vc_single_image image=&#8221;113861&#8243; alignment=&#8221;center&#8221; el_class=&#8221;se-img&#8221;][vc_wp_text]<\/p>\n<h3>Maskowanie link\u00f3w<\/h3>\n<p>Narz\u0119dzie AdMonitor wykrywa afiliant\u00f3w, kt\u00f3rzy niew\u0142a\u015bciwe wykorzystuj\u0105 przekierowania w celu ukrycia faktycznego \u017ar\u00f3d\u0142a klikni\u0119cia.<\/p>\n<p>[\/vc_wp_text][\/vc_column_inner][\/vc_row_inner][vc_row_inner][vc_column_inner]<div class=\"space\"><\/div>[vc_wp_text]Mo\u017cliwe jest zdefiniowanie, wsp\u00f3lnie z Account Managerem, listy wydawc\u00f3w\/afiliant\u00f3w posiadaj\u0105cych zezwolenie na wykorzystywanie Twoich s\u0142\u00f3w brandowych, URL-i i tekst\u00f3w reklamowych.[\/vc_wp_text]<div class=\"space\"><\/div>[\/vc_column_inner][\/vc_row_inner][\/vc_column][\/vc_row][vc_row el_id=&#8221;section-se-brands&#8221;][vc_column]<header><h2 class=\" tt_composer\" >Jakie kana\u0142y wyszukiwania monitorujemy<\/h2><\/header>[vc_row_inner el_class=&#8221;se-logos&#8221;][vc_column_inner el_class=&#8221;acenter&#8221; width=&#8221;1\/4&#8243;][vc_single_image image=&#8221;113771&#8243; img_size=&#8221;full&#8221;][\/vc_column_inner][vc_column_inner el_class=&#8221;acenter&#8221; width=&#8221;1\/4&#8243;][vc_single_image image=&#8221;113789&#8243; img_size=&#8221;full&#8221;][\/vc_column_inner][vc_column_inner el_class=&#8221;acenter&#8221; width=&#8221;1\/4&#8243;][vc_single_image image=&#8221;113753&#8243; img_size=&#8221;full&#8221;][\/vc_column_inner][vc_column_inner el_class=&#8221;acenter&#8221; width=&#8221;1\/4&#8243;][vc_single_image image=&#8221;113807&#8243; img_size=&#8221;full&#8221;][\/vc_column_inner][\/vc_row_inner][\/vc_column][\/vc_row][vc_row][vc_column]<div class=\"space\"><\/div>[vc_row_inner el_class=&#8221;se-package&#8221;][vc_column_inner]<header><h2 class=\" tt_composer\" >Choose a Package to Suit<\/h2><\/header>[\/vc_column_inner][\/vc_row_inner][vc_wp_text el_class=&#8221;se-package&#8221;]<\/p>\n<p>To find a package that will cover your searches is a question of understanding your keywords, online presence and how thorough you\u2019d like to be. As we commit searches on every hour of the day, all you need to do is identify the number of keywords you need following and over how many different search engines.<\/p>\n<p><i>Kr\u00f3tki przyk\u0142ad kalkulacji koszt\u00f3w:<\/i><br \/>\nIlo\u015b\u0107 s\u0142\u00f3w kluczowych: 10<br \/>\nWyszukiwarki: Google, Yahoo, Bing<br \/>\nCz\u0119stotliwo\u015b\u0107 wyszukiwa\u0144: losowy moment w ci\u0105gu ka\u017cdej godziny.<\/p>\n<p>W efekcie AdMonitor przeprowadzi 720 wyszukiwa\u0144 (10 x 3 x 24) w ci\u0105gu dnia, co oznacza \u017ce optymalny pakiet w tym przypadku to pakiet \u201cZaawansowany\u201d.<br \/>\nZ przyjemno\u015bci\u0105 pomo\u017cemy Ci dobra\u0107 odpowiednie parametry i wybra\u0107 w\u0142a\u015bciwy pakiet bazuj\u0105c na naszym do\u015bwiadczeniu i analizie grupy por\u00f3wnawczej.<\/p>\n<p>[\/vc_wp_text]<div class=\"space\"><\/div>[\/vc_column][\/vc_row][vc_row classes=&#8221;sec-diff&#8221;][vc_column]<header><h2 class=\" tt_composer\" >Packages and Pricing<\/h2><\/header>[vc_row_inner][vc_column_inner el_class=&#8221;se-pricing&#8221; width=&#8221;1\/3&#8243;]<div class=\"package admonitor-package \">\r\n            <h2>Podstawowy<\/h2>\r\n            <p><span class=\"package-price\">399 PLN MIESI\u0118CZNIE<\/span><\/p>\r\n            <p>Do 2 500 na miesi\u0105c.<\/p>\r\n            <div class=\"space-half\"><\/div><p>Koszt za dodatkowe wyszukiwania: 0,20 PLN.<\/p><\/div>[\/vc_column_inner][vc_column_inner el_class=&#8221;se-pricing&#8221; width=&#8221;1\/3&#8243;]<div class=\"package admonitor-package \">\r\n            <h2>Zaawansowany<\/h2>\r\n            <p><span class=\"package-price\">999 PLN MIESI\u0118CZNIE<\/span><\/p>\r\n            <p>Do 25 000 na miesi\u0105c.<\/p>\r\n            <div class=\"space-half\"><\/div><p>Koszt za dodatkowe wyszukiwania: 0,10 PLN<\/p><\/div>[\/vc_column_inner][vc_column_inner el_class=&#8221;se-pricing&#8221; width=&#8221;1\/3&#8243;]<div class=\"package admonitor-package \">\r\n            <h2>Premium<\/h2>\r\n            <p><span class=\"package-price\">1999 PLN MIESI\u0118CZNIE<\/span><\/p>\r\n            <p>Do 250 000 na miesi\u0105c.<\/p>\r\n            <div class=\"space-half\"><\/div><p>Koszt za dodatkowe wyszukiwania: 0,05 PLN.<\/p><\/div>[\/vc_column_inner][\/vc_row_inner][\/vc_column][\/vc_row][vc_row classes=&#8221;cta bg-pattern&#8221; el_id=&#8221;ctaaam&#8221;][vc_column]<div class=\"row\"><div class=\"vc_col-sm-12\"><h2 class=\"get_started\" >Gotowy na kolejny krok?<\/h2><p >Dla naszego zespo\u0142u najwa\u017cniejszy jest Tw\u00f3j wynik. Skontaktuj si\u0119 z nami i sprawd\u017a jak mo\u017cemy pom\u00f3c Ci go osi\u0105gn\u0105\u0107.<\/p><\/div><\/div><div class=\"space\"><\/div>[vc_row_inner][vc_column_inner width=&#8221;2\/12&#8243;][\/vc_column_inner][vc_column_inner el_class=&#8221;cta-block merchant no-bg-cta&#8221; width=&#8221;4\/12&#8243;][vc_btn title=&#8221;Zarejestruj si\u0119 jako reklamodawca&#8221; style=&#8221;classic&#8221; color=&#8221;white&#8221; size=&#8221;lg&#8221; align=&#8221;center&#8221; css=&#8221;&#8221; link=&#8221;url:https%3A%2F%2Fmerchant.tradetracker.com%2Fportal%2FadvertiserBrochure%3Floc%3Dpl_PL&#8221; el_class=&#8221;theme-btn btn-style-one text-center tdecn&#8221;][vc_raw_html el_class=&#8221;force-white-text&#8221;]JTNDc3BhbiUyMGNsYXNzJTNEJTIybGluay1zZXAlMjIlM0UtbHViLSUzQyUyRnNwYW4lM0U=[\/vc_raw_html]<div class=\"row\"><div class=\"vc_col-sm-12\"><p><a class=\"textlink force-white-text\" href=\"\/pl\/reklamodawcy\/\">Reklamodawcy<\/a><\/p><\/div><\/div>[\/vc_column_inner][vc_column_inner el_class=&#8221;cta-block publisher no-bg-cta&#8221; width=&#8221;4\/12&#8243;][vc_btn title=&#8221;Zarejestruj si\u0119 jako wydawca&#8221; style=&#8221;classic&#8221; color=&#8221;white&#8221; size=&#8221;lg&#8221; align=&#8221;center&#8221; link=&#8221;url:https%3A%2F%2Faffiliate.tradetracker.com%2Fsignup%2Fstep1%3Floc%3Dpl_PL|title:Publisher%20signup||&#8221; el_class=&#8221;theme-btn btn-style-one text-center tdecn&#8221;][vc_raw_html el_class=&#8221;force-white-text&#8221;]JTNDc3BhbiUyMGNsYXNzJTNEJTIybGluay1zZXAlMjIlM0UtbHViLSUzQyUyRnNwYW4lM0U=[\/vc_raw_html]<div class=\"row\"><div class=\"vc_col-sm-12\"><p><a class=\"textlink force-white-text\" href=\"\/pl\/wydawcy\/\">Wydawcy<\/a><\/p><\/div><\/div>[\/vc_column_inner][vc_column_inner width=&#8221;2\/12&#8243;][\/vc_column_inner][\/vc_row_inner]<div class=\"space\"><\/div>[\/vc_column][\/vc_row]<\/p>\n<\/div>","protected":false},"excerpt":{"rendered":"<p>[vc_row classes=&#8221;admonitor-page-detail&#8221;][vc_column][\/vc_column][\/vc_row][vc_row classes=&#8221;se-how bg-pattern&#8221;][vc_column width=&#8221;2\/12&#8243;][\/vc_column][vc_column width=&#8221;8\/12&#8243; el_class=&#8221;acenter&#8221;][vc_wp_text el_class=&#8221;acenter&#8221;] AdMonitor pozwala na zdefiniowanie s\u0142\u00f3w kluczowych i cz\u0119stotliwo\u015bci wyszukiwania zar\u00f3wno w przegl\u0105darkach tradycyjnych jak i kanale mobilnym. System alert\u00f3w, w oparciu o zaawansowane algorytmy, informuje o potencjalnych nadu\u017cyciach z dok\u0142adno\u015bci\u0105 do ID wydawcy w sieciach partnerskich, w kt\u00f3rych prowadzisz dzia\u0142ania. AdMonitor jest integraln\u0105 cz\u0119\u015bci\u0105 panelu Reklamodawcy TradeTracker,  [&#8230;]<\/p>\n","protected":false},"author":69,"featured_media":0,"parent":0,"menu_order":0,"comment_status":"closed","ping_status":"closed","template":"","meta":{"inline_featured_image":false,"_monsterinsights_skip_tracking":false,"_monsterinsights_sitenote_active":false,"_monsterinsights_sitenote_note":"","_monsterinsights_sitenote_category":0,"footnotes":""},"class_list":["post-13349","page","type-page","status-publish","hentry"],"yoast_head":"<!-- This site is optimized with the Yoast SEO Premium plugin v27.0 (Yoast SEO v27.0) - https:\/\/yoast.com\/product\/yoast-seo-premium-wordpress\/ -->\n<title>Admonitor - TradeTracker.com | Affiliate Marketing | Performance Marketing<\/title>\n<meta name=\"description\" content=\"[vc_row classes=&quot;admonitor-page-detail&quot;][vc_column]AdmonitorDzia\u0142ania promocyjne w wyszukiwarkach s\u0105 wa\u017cnym \u017ar\u00f3d\u0142em ruchu dla niemal ka\u017cdej strony internetowej i biznesu online. Kluczow\u0105 rol\u0119 w procesie\" \/>\n<meta name=\"robots\" content=\"index, follow, max-snippet:-1, max-image-preview:large, max-video-preview:-1\" \/>\n<link rel=\"canonical\" href=\"https:\/\/tradetracker.com\/pl\/wp-json\/wp\/v2\/pages\/13349\/\" \/>\n<meta property=\"og:locale\" content=\"pl_PL\" \/>\n<meta property=\"og:type\" content=\"article\" \/>\n<meta property=\"og:title\" content=\"Admonitor TradeTracker.com\" \/>\n<meta property=\"og:description\" content=\"[vc_row\" \/>\n<meta property=\"og:url\" content=\"https:\/\/tradetracker.com\/pl\/admonitor\/\" \/>\n<meta property=\"og:site_name\" content=\"TradeTracker.com | Affiliate Marketing | Performance Marketing\" \/>\n<meta property=\"article:publisher\" content=\"https:\/\/www.facebook.com\/tradetrackercom\" \/>\n<meta property=\"article:modified_time\" content=\"2025-01-09T02:53:30+00:00\" \/>\n<meta property=\"og:image\" content=\"https:\/\/tradetracker.com\/wp-content\/uploads\/2019\/12\/tradetracker-logo-square.png\" \/>\n\t<meta property=\"og:image:width\" content=\"250\" \/>\n\t<meta property=\"og:image:height\" content=\"250\" \/>\n\t<meta property=\"og:image:type\" content=\"image\/png\" \/>\n<meta name=\"twitter:card\" content=\"summary_large_image\" \/>\n<meta name=\"twitter:title\" content=\"Admonitor\" \/>\n<meta name=\"twitter:description\" content=\"[vc_row classes=&quot;admonitor-page-detail&quot;][vc_column]AdmonitorDzia\u0142ania promocyjne w wyszukiwarkach s\u0105 wa\u017cnym \u017ar\u00f3d\u0142em \" \/>\n<meta name=\"twitter:image\" content=\"https:\/\/tradetracker.com\/assets\/tt-circles.png\" \/>\n<meta name=\"twitter:site\" content=\"@tradetrackercom\" \/>\n<meta name=\"twitter:label1\" content=\"Est. reading time\" \/>\n\t<meta name=\"twitter:data1\" content=\"3 minutes\" \/>\n<script type=\"application\/ld+json\" class=\"yoast-schema-graph\">{\"@context\":\"https:\/\/schema.org\",\"@graph\":[{\"@type\":\"WebPage\",\"@id\":\"https:\/\/tradetracker.com\/pl\/admonitor\/\",\"url\":\"https:\/\/tradetracker.com\/pl\/admonitor\/\",\"name\":\"Admonitor - TradeTracker.com | Affiliate Marketing | Performance Marketing\",\"isPartOf\":{\"@id\":\"https:\/\/tradetracker.com\/pl\/#website\"},\"datePublished\":\"2017-02-15T06:15:31+00:00\",\"dateModified\":\"2025-01-09T02:53:30+00:00\",\"breadcrumb\":{\"@id\":\"https:\/\/tradetracker.com\/pl\/admonitor\/#breadcrumb\"},\"inLanguage\":\"pl-PL\",\"potentialAction\":[{\"@type\":\"ReadAction\",\"target\":[\"https:\/\/tradetracker.com\/pl\/admonitor\/\"]}]},{\"@type\":\"BreadcrumbList\",\"@id\":\"https:\/\/tradetracker.com\/pl\/admonitor\/#breadcrumb\",\"itemListElement\":[{\"@type\":\"ListItem\",\"position\":1,\"name\":\"Home\",\"item\":\"https:\/\/tradetracker.com\/pl\/\"},{\"@type\":\"ListItem\",\"position\":2,\"name\":\"Admonitor\"}]},{\"@type\":\"WebSite\",\"@id\":\"https:\/\/tradetracker.com\/pl\/#website\",\"url\":\"https:\/\/tradetracker.com\/pl\/\",\"name\":\"TradeTracker.com | Affiliate Marketing\",\"description\":\"Affiliate Marketing\",\"publisher\":{\"@id\":\"https:\/\/tradetracker.com\/pl\/#organization\"},\"potentialAction\":[{\"@type\":\"SearchAction\",\"target\":{\"@type\":\"EntryPoint\",\"urlTemplate\":\"https:\/\/tradetracker.com\/pl\/?s={search_term_string}\"},\"query-input\":{\"@type\":\"PropertyValueSpecification\",\"valueRequired\":true,\"valueName\":\"search_term_string\"}}],\"inLanguage\":\"pl-PL\"},{\"@type\":\"Organization\",\"@id\":\"https:\/\/tradetracker.com\/pl\/#organization\",\"name\":\"TradeTracker FZ LLC\",\"url\":\"https:\/\/tradetracker.com\/pl\/\",\"logo\":{\"@type\":\"ImageObject\",\"inLanguage\":\"pl-PL\",\"@id\":\"https:\/\/tradetracker.com\/pl\/#\/schema\/logo\/image\/\",\"url\":\"https:\/\/tradetracker.com\/wp-content\/uploads\/2019\/04\/tradetracker-logo_1.jpg\",\"contentUrl\":\"https:\/\/tradetracker.com\/wp-content\/uploads\/2019\/04\/tradetracker-logo_1.jpg\",\"width\":672,\"height\":109,\"caption\":\"TradeTracker FZ LLC\"},\"image\":{\"@id\":\"https:\/\/tradetracker.com\/pl\/#\/schema\/logo\/image\/\"},\"sameAs\":[\"https:\/\/www.facebook.com\/tradetrackercom\",\"https:\/\/x.com\/tradetrackercom\",\"https:\/\/www.linkedin.com\/company\/tradetrackercom\",\"https:\/\/www.youtube.com\/channel\/UCHiq-oir3qOorxO-8nLjIcQ\"],\"description\":\"TradeTracker is a global affiliate marketing platform that connects advertisers and publishers to create successful online campaigns. With its user-friendly interface, advanced tracking technology, and real-time reporting, TradeTracker provides the tools to optimize performance and boost conversions. Operating in over 20 countries, TradeTracker is renowned for its transparency, innovative solutions, and personalized support. It has been consistently chosen as the leading affiliate network worldwide, a testament to its excellence in the industry. Advertisers benefit from access to a vast network of publishers, while publishers enjoy a diverse range of campaigns and attractive earning opportunities. The platform continues to revolutionize the affiliate marketing industry with technologies like Real Attribution, ensuring fair commission distribution. TradeTracker empowers businesses to achieve their online no cure no pay advertising goals efficiently and effectively. With superior technology, unparalleled customer service, and innovative solutions, TradeTracker consistently outperforms competitors like Awin, TradeDoubler, CJ, and Webgains, making it the preferred choice for advertisers and publishers worldwide.\",\"legalName\":\"TradeTracker.com\",\"foundingDate\":\"2004-03-05\",\"numberOfEmployees\":{\"@type\":\"QuantitativeValue\",\"minValue\":\"201\",\"maxValue\":\"500\"}}]}<\/script>\n<!-- \/ Yoast SEO Premium plugin. -->","yoast_head_json":{"title":"Admonitor - TradeTracker.com | Affiliate Marketing | Performance Marketing","description":"[vc_row classes=\"admonitor-page-detail\"][vc_column]AdmonitorDzia\u0142ania promocyjne w wyszukiwarkach s\u0105 wa\u017cnym \u017ar\u00f3d\u0142em ruchu dla niemal ka\u017cdej strony internetowej i biznesu online. Kluczow\u0105 rol\u0119 w procesie","robots":{"index":"index","follow":"follow","max-snippet":"max-snippet:-1","max-image-preview":"max-image-preview:large","max-video-preview":"max-video-preview:-1"},"canonical":"https:\/\/tradetracker.com\/pl\/wp-json\/wp\/v2\/pages\/13349\/","og_locale":"pl_PL","og_type":"article","og_title":"Admonitor TradeTracker.com","og_description":"[vc_row","og_url":"https:\/\/tradetracker.com\/pl\/admonitor\/","og_site_name":"TradeTracker.com | Affiliate Marketing | Performance Marketing","article_publisher":"https:\/\/www.facebook.com\/tradetrackercom","article_modified_time":"2025-01-09T02:53:30+00:00","og_image":[{"width":250,"height":250,"url":"https:\/\/tradetracker.com\/wp-content\/uploads\/2019\/12\/tradetracker-logo-square.png","type":"image\/png"}],"twitter_card":"summary_large_image","twitter_title":"Admonitor","twitter_description":"[vc_row classes=\"admonitor-page-detail\"][vc_column]AdmonitorDzia\u0142ania promocyjne w wyszukiwarkach s\u0105 wa\u017cnym \u017ar\u00f3d\u0142em ","twitter_image":"https:\/\/tradetracker.com\/assets\/tt-circles.png","twitter_site":"@tradetrackercom","twitter_misc":{"Est. reading time":"3 minutes"},"schema":{"@context":"https:\/\/schema.org","@graph":[{"@type":"WebPage","@id":"https:\/\/tradetracker.com\/pl\/admonitor\/","url":"https:\/\/tradetracker.com\/pl\/admonitor\/","name":"Admonitor - TradeTracker.com | Affiliate Marketing | Performance Marketing","isPartOf":{"@id":"https:\/\/tradetracker.com\/pl\/#website"},"datePublished":"2017-02-15T06:15:31+00:00","dateModified":"2025-01-09T02:53:30+00:00","breadcrumb":{"@id":"https:\/\/tradetracker.com\/pl\/admonitor\/#breadcrumb"},"inLanguage":"pl-PL","potentialAction":[{"@type":"ReadAction","target":["https:\/\/tradetracker.com\/pl\/admonitor\/"]}]},{"@type":"BreadcrumbList","@id":"https:\/\/tradetracker.com\/pl\/admonitor\/#breadcrumb","itemListElement":[{"@type":"ListItem","position":1,"name":"Home","item":"https:\/\/tradetracker.com\/pl\/"},{"@type":"ListItem","position":2,"name":"Admonitor"}]},{"@type":"WebSite","@id":"https:\/\/tradetracker.com\/pl\/#website","url":"https:\/\/tradetracker.com\/pl\/","name":"TradeTracker.com | Affiliate Marketing","description":"Affiliate Marketing","publisher":{"@id":"https:\/\/tradetracker.com\/pl\/#organization"},"potentialAction":[{"@type":"SearchAction","target":{"@type":"EntryPoint","urlTemplate":"https:\/\/tradetracker.com\/pl\/?s={search_term_string}"},"query-input":{"@type":"PropertyValueSpecification","valueRequired":true,"valueName":"search_term_string"}}],"inLanguage":"pl-PL"},{"@type":"Organization","@id":"https:\/\/tradetracker.com\/pl\/#organization","name":"TradeTracker FZ LLC","url":"https:\/\/tradetracker.com\/pl\/","logo":{"@type":"ImageObject","inLanguage":"pl-PL","@id":"https:\/\/tradetracker.com\/pl\/#\/schema\/logo\/image\/","url":"https:\/\/tradetracker.com\/wp-content\/uploads\/2019\/04\/tradetracker-logo_1.jpg","contentUrl":"https:\/\/tradetracker.com\/wp-content\/uploads\/2019\/04\/tradetracker-logo_1.jpg","width":672,"height":109,"caption":"TradeTracker FZ LLC"},"image":{"@id":"https:\/\/tradetracker.com\/pl\/#\/schema\/logo\/image\/"},"sameAs":["https:\/\/www.facebook.com\/tradetrackercom","https:\/\/x.com\/tradetrackercom","https:\/\/www.linkedin.com\/company\/tradetrackercom","https:\/\/www.youtube.com\/channel\/UCHiq-oir3qOorxO-8nLjIcQ"],"description":"TradeTracker is a global affiliate marketing platform that connects advertisers and publishers to create successful online campaigns. With its user-friendly interface, advanced tracking technology, and real-time reporting, TradeTracker provides the tools to optimize performance and boost conversions. Operating in over 20 countries, TradeTracker is renowned for its transparency, innovative solutions, and personalized support. It has been consistently chosen as the leading affiliate network worldwide, a testament to its excellence in the industry. Advertisers benefit from access to a vast network of publishers, while publishers enjoy a diverse range of campaigns and attractive earning opportunities. The platform continues to revolutionize the affiliate marketing industry with technologies like Real Attribution, ensuring fair commission distribution. TradeTracker empowers businesses to achieve their online no cure no pay advertising goals efficiently and effectively. With superior technology, unparalleled customer service, and innovative solutions, TradeTracker consistently outperforms competitors like Awin, TradeDoubler, CJ, and Webgains, making it the preferred choice for advertisers and publishers worldwide.","legalName":"TradeTracker.com","foundingDate":"2004-03-05","numberOfEmployees":{"@type":"QuantitativeValue","minValue":"201","maxValue":"500"}}]}},"_links":{"self":[{"href":"https:\/\/tradetracker.com\/pl\/wp-json\/wp\/v2\/pages\/13349","targetHints":{"allow":["GET"]}}],"collection":[{"href":"https:\/\/tradetracker.com\/pl\/wp-json\/wp\/v2\/pages"}],"about":[{"href":"https:\/\/tradetracker.com\/pl\/wp-json\/wp\/v2\/types\/page"}],"author":[{"embeddable":true,"href":"https:\/\/tradetracker.com\/pl\/wp-json\/wp\/v2\/users\/69"}],"replies":[{"embeddable":true,"href":"https:\/\/tradetracker.com\/pl\/wp-json\/wp\/v2\/comments?post=13349"}],"version-history":[{"count":0,"href":"https:\/\/tradetracker.com\/pl\/wp-json\/wp\/v2\/pages\/13349\/revisions"}],"wp:attachment":[{"href":"https:\/\/tradetracker.com\/pl\/wp-json\/wp\/v2\/media?parent=13349"}],"curies":[{"name":"wp","href":"https:\/\/api.w.org\/{rel}","templated":true}]}}