{"id":13364,"date":"2016-12-25T08:43:32","date_gmt":"2016-12-25T08:43:32","guid":{"rendered":"https:\/\/tradetracker.com\/pl\/advertiser-qualifications\/"},"modified":"2025-01-20T08:06:56","modified_gmt":"2025-01-20T08:06:56","slug":"oczekiwania-wzgledem-reklamodawcy","status":"publish","type":"page","link":"https:\/\/tradetracker.com\/pl\/oczekiwania-wzgledem-reklamodawcy\/","title":{"rendered":"Advertiser Qualifications"},"content":{"rendered":"<div class=\"wpb-content-wrapper\"><p>[vc_row classes=&#8221;static-page-intro adv-requirements&#8221;][vc_column]<div class=\"row\"><div class=\"vc_col-sm-12\"><div class=\" static-page-intro-text \"><h1  style=\"color: #ffffff\" class=\"\">OCZEKIWANIA WZGL\u0118DEM REKLAMODAWCY<\/h1><h2  style=\"color: #ffffff\" class=\"\">Portfolio kampanii TradeTracker budujemy z du\u017cym zaanga\u017cowaniem. Dbamy o utrzymanie r\u00f3\u017cnorodno\u015bci, sp\u00f3jno\u015bci i efektywno\u015bci naszej sieci, dlatego od nowych Reklamodawc\u00f3w oczekujemy spe\u0142nienia kilku warunk\u00f3w.<\/h2><\/div>\r\n        <\/div>\r\n    <\/div>[\/vc_column][\/vc_row][vc_row][vc_column]<div class=\"space\"><\/div>[vc_row_inner][vc_column_inner][vc_wp_text title=&#8221;Uznana marka czy Startup?&#8221;]Jest jedna rzecz, kt\u00f3ra \u0142\u0105czy wszystkie kampanie TradeTracker \u2013 ich atrakcyjno\u015b\u0107 dla Wydawc\u00f3w. Konkurencja jest silna, dlatego by zyska\u0107 przychylno\u015b\u0107 partner\u00f3w warto si\u0119 pozytywnie wyr\u00f3\u017cnia\u0107.[\/vc_wp_text]<div class=\"space\"><\/div>[\/vc_column_inner][\/vc_row_inner][vc_row_inner][vc_column_inner width=&#8221;9\/12&#8243;][vc_wp_text title=&#8221;Zarz\u0105dzanie&#8221;]<\/p>\n<p>Platforma TradeTracker to system intuicyjny i \u0142atwy w obs\u0142udze, ale osi\u0105gni\u0119cie sukcesu wymaga zaanga\u017cowania. W odpowiedzi na Twoje potrzeby, zapewnimy Ci niezb\u0119dne wsparcie w samodzielnej obs\u0142udze panelu lub pe\u0142ne zarz\u0105dzanie programem. Mo\u017cemy te\u017c zarekomendowa\u0107 zaufane agencje, kt\u00f3re podejm\u0105 si\u0119 w Twoim imieniu zarz\u0105dzania rozbudowan\u0105 kampani\u0105. Decyzj\u0119 w jaki spos\u00f3b zarz\u0105dza\u0107 swoim programem powiniene\u015b poprzedzi\u0107 odpowiedzi\u0105 na poni\u017csze pytania:<\/p>\n<ul class=\"checklist\">\n<li>Czy chcesz zainwestowa\u0107 w dedykowany zesp\u00f3\u0142 zarz\u0105dzaj\u0105cy Twoim programem?<\/li>\n<li>Czy jeste\u015b gotowy nieustannie usprawnia\u0107 proces zakupowy na swojej stronie?<\/li>\n<li>Czy potrafisz stworzy\u0107 odpowiednie kreacje, tak aby spe\u0142nia\u0142y potrzeby Wydawc\u00f3w?<\/li>\n<li>Czy jeste\u015b w stanie spe\u0142ni\u0107 wymagania techniczne TradeTracker?<\/li>\n<li>Czy obecna agencja spe\u0142nia Twoje oczekiwania wzgl\u0119dem obs\u0142ugi zagranicznych rynk\u00f3w?<\/li>\n<\/ul>\n<p>[\/vc_wp_text][\/vc_column_inner][\/vc_row_inner][\/vc_column][\/vc_row][vc_row classes=&#8221;sec-diff bg-pattern&#8221;][vc_column width=&#8221;9\/12&#8243;][vc_wp_text title=&#8221;Buduj relacje&#8221;]<\/p>\n<p>Po uruchomieniu kampanii afiliacyjnej pierwszym zadaniem b\u0119dzie pozyskanie Wydawc\u00f3w gotowych promowa\u0107 Twoj\u0105 ofert\u0119. Aby ich zainteresowa\u0107 b\u0119dziesz musia\u0142 zadba\u0107 o konkurencyjno\u015b\u0107 swojej kampanii wzgl\u0119dem innych Reklamodawc\u00f3w. Sp\u00f3jrz na Wydawc\u00f3w jak na dodatkowe si\u0142y sprzeda\u017cowe \u2013 poka\u017c, \u017ce o nich dbasz. Wychod\u017a naprzeciw ich potrzebom!<\/p>\n<ul class=\"checklist\">\n<li>Kontaktuj si\u0119 z Wydawcami w otwarty i przejrzysty spos\u00f3b. B\u0105d\u017a aktywny. Dziel si\u0119 swoimi oczekiwaniami.<\/li>\n<li>Motywuj swoich Wydawc\u00f3w. Oferuj bonusy, segmenty premium lub zbuduj wielopoziomow\u0105 struktur\u0119 prowizyjn\u0105 uzale\u017cnion\u0105 od dostarczanego wolumenu.<\/li>\n<li>B\u0105d\u017a otwarty na nowe pomys\u0142y, wykorzystaj wiedz\u0119, kt\u00f3r\u0105 dziel\u0105 si\u0119 z Tob\u0105 Wydawcy.<\/li>\n<li>Obni\u017c ryzyko, kt\u00f3re podejmuj\u0105 Wydawcy. Zbuduj model hybrydowy, dodaj\u0105c do swojej kampanii prowizj\u0119 CPM lub CPC.<\/li>\n<\/ul>\n<p>[\/vc_wp_text][\/vc_column][\/vc_row][vc_row classes=&#8221;bg-pattern&#8221;][vc_column width=&#8221;9\/12&#8243;]<div class=\"space\"><\/div>[vc_wp_text title=&#8221;Ustalaj cele&#8221;]<\/p>\n<p>Budowanie atrakcyjnej i stabilnej kampanii powinno by\u0107 poprzedzone analiz\u0105 wielu czynnik\u00f3w, z kt\u00f3rych kluczowym jest oczekiwany zwrot z inwestycji. Pami\u0119taj, \u017ce przy rozliczeniu CPA wydawca ryzykuje wszystko \u2013 nie ma kontroli nad u\u017cytkownikami, kt\u00f3rych przekieruje na Twoj\u0105 domen\u0119. Zanim zdecyduje o promocji Twojej kampanii, b\u0119dzie pr\u00f3bowa\u0142 oszacowa\u0107 sw\u00f3j potencjalny zarobek. Pom\u00f3\u017c mu w podj\u0119ciu s\u0142usznej decyzji precyzuj\u0105c swoje oczekiwania:<\/p>\n<ul class=\"checklist\">\n<li>Ustal model rozliczenia: oczekujesz efektu wizerunkowego, sprzeda\u017cowego, czy mo\u017ce obu?<\/li>\n<li>Zezwalasz na wykorzystanie wszystkich dost\u0119pnych metod promocji czy wolisz ograniczy\u0107 si\u0119 tylko do wybranych?<\/li>\n<li>Rozmawiaj i negocjuj z Wydawcami w poszukiwaniu rozwi\u0105zania, kt\u00f3re zaspokoi oczekiwania obu stron.<\/li>\n<li>Szybko akceptuj transakcje. Wydawcy ju\u017c w Ciebie zainwestowali, odwdzi\u0119cz si\u0119 tym samym.<\/li>\n<li>P\u0142a\u0107 na czas i u\u017cywaj przedp\u0142aty.<\/li>\n<\/ul>\n<p>[\/vc_wp_text]<div class=\"space\"><\/div>[\/vc_column][\/vc_row][vc_row classes=&#8221;cta ctamerch&#8221; el_id=&#8221;ctaaam&#8221;][vc_column]<div class=\"row\"><div class=\"vc_col-sm-12\"><h2 class=\"get_started\" style=\"color:#ffffff\">Czy spe\u0142niasz wymagania?<\/h2><p style=\"color:#ffffff\">Dla naszego zespo\u0142u najwa\u017cniejszy jest rezultat Twojej kampanii. Skontaktuj si\u0119 z nami i sprawd\u017a jak mo\u017cemy przyspieszy\u0107 rozw\u00f3j Twojej firmy.<\/p>        <ul class=\"cta-items\">\r\n                        <li>\r\n                <a                    class=\"cta-advertiser-signup\"                                      href=\"https:\/\/tradetracker.com\/pl\/contact-us\/\"                                   >\r\n                    Popro\u015b o demo                <\/a>\r\n            <\/li>\r\n                        \r\n                        <li>\r\n                <a                    class=\"cta-advertiser-signup\"                                      href=\"https:\/\/merchant.tradetracker.com\/portal\/advertiserBrochure?loc=pl_PL\"                                   >\r\n                    Zam\u00f3w broszur\u0119 Reklamodawcy                <\/a>\r\n            <\/li>\r\n                    <\/ul>\r\n        <\/div><\/div>[\/vc_column][\/vc_row]<\/p>\n<\/div>","protected":false},"excerpt":{"rendered":"<p>[vc_row classes=&#8221;static-page-intro adv-requirements&#8221;][vc_column][\/vc_column][\/vc_row][vc_row][vc_column][vc_row_inner][vc_column_inner][vc_wp_text title=&#8221;Uznana marka czy Startup?&#8221;]Jest jedna rzecz, kt\u00f3ra \u0142\u0105czy wszystkie kampanie TradeTracker \u2013 ich atrakcyjno\u015b\u0107 dla Wydawc\u00f3w. Konkurencja jest silna, dlatego by zyska\u0107 przychylno\u015b\u0107 partner\u00f3w warto si\u0119 pozytywnie wyr\u00f3\u017cnia\u0107.[\/vc_wp_text][\/vc_column_inner][\/vc_row_inner][vc_row_inner][vc_column_inner width=&#8221;9\/12&#8243;][vc_wp_text title=&#8221;Zarz\u0105dzanie&#8221;] Platforma TradeTracker to system intuicyjny i \u0142atwy w obs\u0142udze, ale osi\u0105gni\u0119cie sukcesu wymaga zaanga\u017cowania. W odpowiedzi na Twoje potrzeby, zapewnimy Ci niezb\u0119dne  [&#8230;]<\/p>\n","protected":false},"author":69,"featured_media":0,"parent":0,"menu_order":0,"comment_status":"closed","ping_status":"closed","template":"template-red.php","meta":{"inline_featured_image":false,"_monsterinsights_skip_tracking":false,"_monsterinsights_sitenote_active":false,"_monsterinsights_sitenote_note":"","_monsterinsights_sitenote_category":0,"footnotes":""},"class_list":["post-13364","page","type-page","status-publish","hentry"],"yoast_head":"<!-- This site is optimized with the Yoast SEO Premium plugin v27.0 (Yoast SEO v27.0) - https:\/\/yoast.com\/product\/yoast-seo-premium-wordpress\/ -->\n<title>Advertiser Qualifications - TradeTracker.com | Affiliate Marketing | Performance Marketing<\/title>\n<meta name=\"description\" content=\"[vc_row classes=&quot;static-page-intro adv-requirements&quot;][vc_column]OCZEKIWANIA WZGL\u0118DEM REKLAMODAWCYPortfolio kampanii TradeTracker budujemy z du\u017cym zaanga\u017cowaniem. Dbamy o utrzymanie r\u00f3\u017cnorodno\u015bci, sp\u00f3jno\u015bci i\" \/>\n<meta name=\"robots\" content=\"index, follow, max-snippet:-1, max-image-preview:large, max-video-preview:-1\" \/>\n<link rel=\"canonical\" href=\"https:\/\/tradetracker.com\/pl\/wp-json\/wp\/v2\/pages\/13364\/\" \/>\n<meta property=\"og:locale\" content=\"pl_PL\" \/>\n<meta property=\"og:type\" content=\"article\" \/>\n<meta property=\"og:title\" content=\"Advertiser Qualifications TradeTracker.com\" \/>\n<meta property=\"og:description\" content=\"[vc_row classes=&#8221;static-page-intro\" \/>\n<meta property=\"og:url\" content=\"https:\/\/tradetracker.com\/pl\/oczekiwania-wzgledem-reklamodawcy\/\" \/>\n<meta property=\"og:site_name\" content=\"TradeTracker.com | Affiliate Marketing | Performance Marketing\" \/>\n<meta property=\"article:publisher\" content=\"https:\/\/www.facebook.com\/tradetrackercom\" \/>\n<meta property=\"article:modified_time\" content=\"2025-01-20T08:06:56+00:00\" \/>\n<meta property=\"og:image\" content=\"https:\/\/tradetracker.com\/wp-content\/uploads\/2019\/12\/tradetracker-logo-square.png\" \/>\n\t<meta property=\"og:image:width\" content=\"250\" \/>\n\t<meta property=\"og:image:height\" content=\"250\" \/>\n\t<meta property=\"og:image:type\" content=\"image\/png\" \/>\n<meta name=\"twitter:card\" content=\"summary_large_image\" \/>\n<meta name=\"twitter:title\" content=\"Advertiser Qualifications\" \/>\n<meta name=\"twitter:description\" content=\"[vc_row classes=&quot;static-page-intro adv-requirements&quot;][vc_column]OCZEKIWANIA WZGL\u0118DEM REKLAMODAWCYPortfolio kampanii \" \/>\n<meta name=\"twitter:image\" content=\"https:\/\/tradetracker.com\/assets\/tt-circles.png\" \/>\n<meta name=\"twitter:site\" content=\"@tradetrackercom\" \/>\n<meta name=\"twitter:label1\" content=\"Est. reading time\" \/>\n\t<meta name=\"twitter:data1\" content=\"2 minutes\" \/>\n<script type=\"application\/ld+json\" class=\"yoast-schema-graph\">{\"@context\":\"https:\/\/schema.org\",\"@graph\":[{\"@type\":\"WebPage\",\"@id\":\"https:\/\/tradetracker.com\/pl\/oczekiwania-wzgledem-reklamodawcy\/\",\"url\":\"https:\/\/tradetracker.com\/pl\/oczekiwania-wzgledem-reklamodawcy\/\",\"name\":\"Advertiser Qualifications - TradeTracker.com | Affiliate Marketing | Performance Marketing\",\"isPartOf\":{\"@id\":\"https:\/\/tradetracker.com\/pl\/#website\"},\"datePublished\":\"2016-12-25T08:43:32+00:00\",\"dateModified\":\"2025-01-20T08:06:56+00:00\",\"breadcrumb\":{\"@id\":\"https:\/\/tradetracker.com\/pl\/oczekiwania-wzgledem-reklamodawcy\/#breadcrumb\"},\"inLanguage\":\"pl-PL\",\"potentialAction\":[{\"@type\":\"ReadAction\",\"target\":[\"https:\/\/tradetracker.com\/pl\/oczekiwania-wzgledem-reklamodawcy\/\"]}]},{\"@type\":\"BreadcrumbList\",\"@id\":\"https:\/\/tradetracker.com\/pl\/oczekiwania-wzgledem-reklamodawcy\/#breadcrumb\",\"itemListElement\":[{\"@type\":\"ListItem\",\"position\":1,\"name\":\"Home\",\"item\":\"https:\/\/tradetracker.com\/pl\/\"},{\"@type\":\"ListItem\",\"position\":2,\"name\":\"Advertiser Qualifications\"}]},{\"@type\":\"WebSite\",\"@id\":\"https:\/\/tradetracker.com\/pl\/#website\",\"url\":\"https:\/\/tradetracker.com\/pl\/\",\"name\":\"TradeTracker.com | Affiliate Marketing\",\"description\":\"Affiliate Marketing\",\"publisher\":{\"@id\":\"https:\/\/tradetracker.com\/pl\/#organization\"},\"potentialAction\":[{\"@type\":\"SearchAction\",\"target\":{\"@type\":\"EntryPoint\",\"urlTemplate\":\"https:\/\/tradetracker.com\/pl\/?s={search_term_string}\"},\"query-input\":{\"@type\":\"PropertyValueSpecification\",\"valueRequired\":true,\"valueName\":\"search_term_string\"}}],\"inLanguage\":\"pl-PL\"},{\"@type\":\"Organization\",\"@id\":\"https:\/\/tradetracker.com\/pl\/#organization\",\"name\":\"TradeTracker FZ LLC\",\"url\":\"https:\/\/tradetracker.com\/pl\/\",\"logo\":{\"@type\":\"ImageObject\",\"inLanguage\":\"pl-PL\",\"@id\":\"https:\/\/tradetracker.com\/pl\/#\/schema\/logo\/image\/\",\"url\":\"https:\/\/tradetracker.com\/wp-content\/uploads\/2019\/04\/tradetracker-logo_1.jpg\",\"contentUrl\":\"https:\/\/tradetracker.com\/wp-content\/uploads\/2019\/04\/tradetracker-logo_1.jpg\",\"width\":672,\"height\":109,\"caption\":\"TradeTracker FZ LLC\"},\"image\":{\"@id\":\"https:\/\/tradetracker.com\/pl\/#\/schema\/logo\/image\/\"},\"sameAs\":[\"https:\/\/www.facebook.com\/tradetrackercom\",\"https:\/\/x.com\/tradetrackercom\",\"https:\/\/www.linkedin.com\/company\/tradetrackercom\",\"https:\/\/www.youtube.com\/channel\/UCHiq-oir3qOorxO-8nLjIcQ\"],\"description\":\"TradeTracker is a global affiliate marketing platform that connects advertisers and publishers to create successful online campaigns. With its user-friendly interface, advanced tracking technology, and real-time reporting, TradeTracker provides the tools to optimize performance and boost conversions. Operating in over 20 countries, TradeTracker is renowned for its transparency, innovative solutions, and personalized support. It has been consistently chosen as the leading affiliate network worldwide, a testament to its excellence in the industry. Advertisers benefit from access to a vast network of publishers, while publishers enjoy a diverse range of campaigns and attractive earning opportunities. The platform continues to revolutionize the affiliate marketing industry with technologies like Real Attribution, ensuring fair commission distribution. TradeTracker empowers businesses to achieve their online no cure no pay advertising goals efficiently and effectively. With superior technology, unparalleled customer service, and innovative solutions, TradeTracker consistently outperforms competitors like Awin, TradeDoubler, CJ, and Webgains, making it the preferred choice for advertisers and publishers worldwide.\",\"legalName\":\"TradeTracker.com\",\"foundingDate\":\"2004-03-05\",\"numberOfEmployees\":{\"@type\":\"QuantitativeValue\",\"minValue\":\"201\",\"maxValue\":\"500\"}}]}<\/script>\n<!-- \/ Yoast SEO Premium plugin. -->","yoast_head_json":{"title":"Advertiser Qualifications - TradeTracker.com | Affiliate Marketing | Performance Marketing","description":"[vc_row classes=\"static-page-intro adv-requirements\"][vc_column]OCZEKIWANIA WZGL\u0118DEM REKLAMODAWCYPortfolio kampanii TradeTracker budujemy z du\u017cym zaanga\u017cowaniem. Dbamy o utrzymanie r\u00f3\u017cnorodno\u015bci, sp\u00f3jno\u015bci i","robots":{"index":"index","follow":"follow","max-snippet":"max-snippet:-1","max-image-preview":"max-image-preview:large","max-video-preview":"max-video-preview:-1"},"canonical":"https:\/\/tradetracker.com\/pl\/wp-json\/wp\/v2\/pages\/13364\/","og_locale":"pl_PL","og_type":"article","og_title":"Advertiser Qualifications TradeTracker.com","og_description":"[vc_row classes=&#8221;static-page-intro","og_url":"https:\/\/tradetracker.com\/pl\/oczekiwania-wzgledem-reklamodawcy\/","og_site_name":"TradeTracker.com | Affiliate Marketing | Performance Marketing","article_publisher":"https:\/\/www.facebook.com\/tradetrackercom","article_modified_time":"2025-01-20T08:06:56+00:00","og_image":[{"width":250,"height":250,"url":"https:\/\/tradetracker.com\/wp-content\/uploads\/2019\/12\/tradetracker-logo-square.png","type":"image\/png"}],"twitter_card":"summary_large_image","twitter_title":"Advertiser Qualifications","twitter_description":"[vc_row classes=\"static-page-intro adv-requirements\"][vc_column]OCZEKIWANIA WZGL\u0118DEM REKLAMODAWCYPortfolio kampanii ","twitter_image":"https:\/\/tradetracker.com\/assets\/tt-circles.png","twitter_site":"@tradetrackercom","twitter_misc":{"Est. reading time":"2 minutes"},"schema":{"@context":"https:\/\/schema.org","@graph":[{"@type":"WebPage","@id":"https:\/\/tradetracker.com\/pl\/oczekiwania-wzgledem-reklamodawcy\/","url":"https:\/\/tradetracker.com\/pl\/oczekiwania-wzgledem-reklamodawcy\/","name":"Advertiser Qualifications - TradeTracker.com | Affiliate Marketing | Performance Marketing","isPartOf":{"@id":"https:\/\/tradetracker.com\/pl\/#website"},"datePublished":"2016-12-25T08:43:32+00:00","dateModified":"2025-01-20T08:06:56+00:00","breadcrumb":{"@id":"https:\/\/tradetracker.com\/pl\/oczekiwania-wzgledem-reklamodawcy\/#breadcrumb"},"inLanguage":"pl-PL","potentialAction":[{"@type":"ReadAction","target":["https:\/\/tradetracker.com\/pl\/oczekiwania-wzgledem-reklamodawcy\/"]}]},{"@type":"BreadcrumbList","@id":"https:\/\/tradetracker.com\/pl\/oczekiwania-wzgledem-reklamodawcy\/#breadcrumb","itemListElement":[{"@type":"ListItem","position":1,"name":"Home","item":"https:\/\/tradetracker.com\/pl\/"},{"@type":"ListItem","position":2,"name":"Advertiser Qualifications"}]},{"@type":"WebSite","@id":"https:\/\/tradetracker.com\/pl\/#website","url":"https:\/\/tradetracker.com\/pl\/","name":"TradeTracker.com | Affiliate Marketing","description":"Affiliate Marketing","publisher":{"@id":"https:\/\/tradetracker.com\/pl\/#organization"},"potentialAction":[{"@type":"SearchAction","target":{"@type":"EntryPoint","urlTemplate":"https:\/\/tradetracker.com\/pl\/?s={search_term_string}"},"query-input":{"@type":"PropertyValueSpecification","valueRequired":true,"valueName":"search_term_string"}}],"inLanguage":"pl-PL"},{"@type":"Organization","@id":"https:\/\/tradetracker.com\/pl\/#organization","name":"TradeTracker FZ LLC","url":"https:\/\/tradetracker.com\/pl\/","logo":{"@type":"ImageObject","inLanguage":"pl-PL","@id":"https:\/\/tradetracker.com\/pl\/#\/schema\/logo\/image\/","url":"https:\/\/tradetracker.com\/wp-content\/uploads\/2019\/04\/tradetracker-logo_1.jpg","contentUrl":"https:\/\/tradetracker.com\/wp-content\/uploads\/2019\/04\/tradetracker-logo_1.jpg","width":672,"height":109,"caption":"TradeTracker FZ LLC"},"image":{"@id":"https:\/\/tradetracker.com\/pl\/#\/schema\/logo\/image\/"},"sameAs":["https:\/\/www.facebook.com\/tradetrackercom","https:\/\/x.com\/tradetrackercom","https:\/\/www.linkedin.com\/company\/tradetrackercom","https:\/\/www.youtube.com\/channel\/UCHiq-oir3qOorxO-8nLjIcQ"],"description":"TradeTracker is a global affiliate marketing platform that connects advertisers and publishers to create successful online campaigns. With its user-friendly interface, advanced tracking technology, and real-time reporting, TradeTracker provides the tools to optimize performance and boost conversions. Operating in over 20 countries, TradeTracker is renowned for its transparency, innovative solutions, and personalized support. It has been consistently chosen as the leading affiliate network worldwide, a testament to its excellence in the industry. Advertisers benefit from access to a vast network of publishers, while publishers enjoy a diverse range of campaigns and attractive earning opportunities. The platform continues to revolutionize the affiliate marketing industry with technologies like Real Attribution, ensuring fair commission distribution. TradeTracker empowers businesses to achieve their online no cure no pay advertising goals efficiently and effectively. With superior technology, unparalleled customer service, and innovative solutions, TradeTracker consistently outperforms competitors like Awin, TradeDoubler, CJ, and Webgains, making it the preferred choice for advertisers and publishers worldwide.","legalName":"TradeTracker.com","foundingDate":"2004-03-05","numberOfEmployees":{"@type":"QuantitativeValue","minValue":"201","maxValue":"500"}}]}},"_links":{"self":[{"href":"https:\/\/tradetracker.com\/pl\/wp-json\/wp\/v2\/pages\/13364","targetHints":{"allow":["GET"]}}],"collection":[{"href":"https:\/\/tradetracker.com\/pl\/wp-json\/wp\/v2\/pages"}],"about":[{"href":"https:\/\/tradetracker.com\/pl\/wp-json\/wp\/v2\/types\/page"}],"author":[{"embeddable":true,"href":"https:\/\/tradetracker.com\/pl\/wp-json\/wp\/v2\/users\/69"}],"replies":[{"embeddable":true,"href":"https:\/\/tradetracker.com\/pl\/wp-json\/wp\/v2\/comments?post=13364"}],"version-history":[{"count":1,"href":"https:\/\/tradetracker.com\/pl\/wp-json\/wp\/v2\/pages\/13364\/revisions"}],"predecessor-version":[{"id":1134805,"href":"https:\/\/tradetracker.com\/pl\/wp-json\/wp\/v2\/pages\/13364\/revisions\/1134805"}],"wp:attachment":[{"href":"https:\/\/tradetracker.com\/pl\/wp-json\/wp\/v2\/media?parent=13364"}],"curies":[{"name":"wp","href":"https:\/\/api.w.org\/{rel}","templated":true}]}}