{"id":13484,"date":"2017-02-09T13:12:46","date_gmt":"2017-02-09T13:12:46","guid":{"rendered":"https:\/\/tradetracker.com\/pl\/knowledge-centre\/for-publishers\/"},"modified":"2022-02-15T21:58:05","modified_gmt":"2022-02-15T21:58:05","slug":"dla-wydawcow","status":"publish","type":"page","link":"https:\/\/tradetracker.com\/pl\/dla-reklamodawcow\/dla-wydawcow\/","title":{"rendered":"For Publishers"},"content":{"rendered":"<div class=\"wpb-content-wrapper\"><p>[vc_row el_id=&#8221;kc-top&#8221; classes=&#8221;part-fullsection section-kc-topics bg-color10 bg-pattern full-width&#8221;][vc_column]<div class=\"row\"><div class=\"vc_col-sm-12\"><div class=\" static-page-intro-text \"><h1  style=\"color: #ffffff\" class=\"\">CENTRUM WIEDZY<\/h1><h2  style=\"color: #ffffff\" class=\"\">Dowiedz si\u0119 jak uruchomi\u0107 kampani\u0119 krok po kroku \u2013 znajdziesz tu podstawowe informacj\u0119 na temat marketingu afiliacyjnego oraz samej platformy TradeTracker.<\/h2><\/div>\r\n        <\/div>\r\n    <\/div>[vc_wp_text]<\/p>\n<div id=\"kc-tab-wrap\">\n<ul>\n<li class=\"\"><a href=\"\/pl\/dla-reklamodawcow\/gdpr\/#for-advertisers\/\">Dla Reklamodawc\u00f3w<\/a><\/li>\n<li class=\"active\"><a href=\"\/pl\/dla-reklamodawcow\/dla-wydawcow\/\">Dla Wydawc\u00f3w<\/a><\/li>\n<li class=\"\"><a href=\"\/pl\/dla-reklamodawcow\/slownik\/\">S\u0142ownik<\/a><\/li>\n<li class=\"\"><a href=\"\/pl\/dla-reklamodawcow\/gdpr\/\">GDPR<\/a><\/li>\n<\/ul>\n<\/div>\n<p>[\/vc_wp_text][\/vc_column][\/vc_row][vc_row el_id=&#8221;kc-content&#8221;][vc_column]    <div class=\"row\">\r\n        <div class=\"vc_col-sm-12\">\r\n            <div class=\"space\"><\/div>\r\n            <ul class=\"toggle\">\r\n                                            <li class=\"kc-topic active\"><a class=\"tgg-title\">\r\n                                <div class=\"feature-less-text\">Less<\/div>Jak za\u0142o\u017cy\u0107 konto TradeTracker?<\/a>\r\n                        \r\n                        <div class=\"tgg-content\">\r\n                            <p><p>Za\u0142o\u017cenie konta Wydawcy jest darmowe. Kiedy si\u0119 zarejestrujesz, Twoja witryna zostanie oceniona przez naszego Publisher Managera, a po zaakceptowaniu b\u0119dziesz m\u00f3g\u0142 od razu rozpocz\u0105\u0107 promocj\u0119 wybranych kampanii. <a href=\"https:\/\/affiliate.tradetracker.com\/signup\/step1?loc=pl_PL\">Za\u0142\u00f3\u017c konto Wydawcy ju\u017c teraz<\/a>.<\/p>\n<\/p>\r\n                        <\/div>\r\n                        <\/li>\r\n                                                    <li class=\"kc-topic\"><a class=\"tgg-title\">\r\n                                <div class=\"feature-less-text\">Less<\/div>Jak zacz\u0105\u0107 zarabia\u0107 na witrynie?<\/a>\r\n                        \r\n                        <div class=\"tgg-content\">\r\n                            <p><p>Nasza platforma dostarcza Ci wszystkie narz\u0119dzia, kt\u00f3rych potrzebujesz aby zamieszcza\u0107 na swojej witrynie materia\u0142y promocyjne znanych marek. Pozwala na dok\u0142adne monitorowanie efektywno\u015bci kampanii, kt\u00f3re promujesz, a dzi\u0119ki rozbudowanym raportom mo\u017cesz szybko reagowa\u0107 i optymalizowa\u0107 spos\u00f3b promocji danej kampanii.<\/p>\n<\/p>\r\n                        <\/div>\r\n                        <\/li>\r\n                                                    <li class=\"kc-topic\"><a class=\"tgg-title\">\r\n                                <div class=\"feature-less-text\">Less<\/div>Jak cz\u0119sto b\u0119d\u0119 otrzymywa\u0107 wynagrodzenie?<\/a>\r\n                        \r\n                        <div class=\"tgg-content\">\r\n                            <p><p>Rozumiemy, \u017ce do utrzymania jako\u015bciowej witryny niezb\u0119dne s\u0105 \u015brodki. Dlatego TradeTracker wyp\u0142aca Wydawcom prowizje a\u017c do 4 razy w miesi\u0105cu. Dla Wydawc\u00f3w premium udost\u0119pniona jest opcja Super Fast Payment \u2013 naszego innowacyjnego rozwi\u0105zania, kt\u00f3re pozwala na wyp\u0142at\u0119 \u015brodk\u00f3w w ci\u0105gu kilkudziesi\u0119ciu godzin od zaakceptowania transakcji.<br \/>\nJako Wydawca masz pe\u0142n\u0105 kontrol\u0119 nad swoimi p\u0142atno\u015bciami i w ka\u017cdej chwili mo\u017cesz zmieni\u0107 cz\u0119stotliwo\u015b\u0107 wyp\u0142at.<br \/>\nMiesi\u0119czne<br \/>\nJe\u015bli ustawisz miesi\u0119czne p\u0142atno\u015bci, Twoje faktury b\u0119d\u0105 generowane 7-go dnia ka\u017cdego miesi\u0105ca.<br \/>\nDwa razy w miesi\u0105cu<br \/>\nUstawienie p\u0142atno\u015bci dwa razy w miesi\u0105cu sprawi, \u017ce faktury b\u0119d\u0105 generowane 7-ego i 21-ego ka\u017cdego miesi\u0105ca.<br \/>\nCztery razy w miesi\u0105cu<br \/>\nWyb\u00f3r cz\u0119stotliwo\u015bci p\u0142atno\u015bci cztery razy w miesi\u0105cu oznacza, \u017ce Twoje faktury b\u0119d\u0105 generowane 7-ego, 14-ego, 21-ego i 28-ego ka\u017cdego miesi\u0105ca.<br \/>\nJe\u017celi zajdzie taka potrzeba, mo\u017cesz wstrzyma\u0107 wyp\u0142aty poprzez u\u017cycie opcji \u201cWstrzymaj\u201d. Mo\u017cesz tak\u017ce zwi\u0119kszy\u0107 minimaln\u0105 wyp\u0142acaln\u0105 kwot\u0119 aby zahamowa\u0107 wyp\u0142aty.<br \/>\nNale\u017cno\u015b\u0107 zostanie wyp\u0142acona w kr\u00f3tkim czasie po wygenerowaniu dokumentu do faktury- wyp\u0142aty realizowane s\u0105 wg daty zap\u0142aty umieszczonej na fakturze\/rachunku, kt\u00f3ry do nas dostarczysz.<\/p>\n<\/p>\r\n                        <\/div>\r\n                        <\/li>\r\n                                                    <li class=\"kc-topic\"><a class=\"tgg-title\">\r\n                                <div class=\"feature-less-text\">Less<\/div>Czym jest Super Fast Payment?<\/a>\r\n                        \r\n                        <div class=\"tgg-content\">\r\n                            <p><p>Opr\u00f3cz  cz\u0119stego otrzymywania wynagrodzenia mo\u017cesz r\u00f3wnie\u017c zakwalifikowa\u0107 si\u0119 do naszej procedury \u201cSuper Fast Payment\u201d, dzi\u0119ki kt\u00f3rej \u015brodki b\u0119d\u0105 Ci wyp\u0142acane ju\u017c w ci\u0105gu kilkudziesi\u0119ciu godzin od zaakceptowania transakcji.<\/p>\n<\/p>\r\n                        <\/div>\r\n                        <\/li>\r\n                                                    <li class=\"kc-topic\"><a class=\"tgg-title\">\r\n                                <div class=\"feature-less-text\">Less<\/div>Jak emitowa\u0107 kampanie z r\u00f3\u017cnych kraj\u00f3w?<\/a>\r\n                        \r\n                        <div class=\"tgg-content\">\r\n                            <p><p>Je\u017celi jeste\u015b zainteresowany promocj\u0105 kampanii z r\u00f3\u017cnych kraj\u00f3w, mo\u017cesz doda\u0107 swoj\u0105 witryn\u0119 do innego kraju, w kt\u00f3rym dzia\u0142a TradeTracker z poziomu panelu Wydawcy. Przejd\u017a do Konto -> Moje strony i kliknij w Dodaj now\u0105 stron\u0119. W\u00f3wczas b\u0119dziesz m\u00f3g\u0142 obra\u0107 kraj, w kt\u00f3rym chcesz zg\u0142osi\u0107 si\u0119 jako Wydawca.<br \/>\nKiedy zostaniesz zaakceptowany w danym kraju, b\u0119dziesz m\u00f3g\u0142 zarz\u0105dza\u0107 swoimi dzia\u0142aniami dla danego terytorium poprzez wybranie go z listy kraj\u00f3w na g\u00f3rze panelu.<\/p>\n<\/p>\r\n                        <\/div>\r\n                        <\/li>\r\n                                                    <li class=\"kc-topic\"><a class=\"tgg-title\">\r\n                                <div class=\"feature-less-text\">Less<\/div>Czy mog\u0119 personalizowa\u0107 m\u00f3j tracking?<\/a>\r\n                        \r\n                        <div class=\"tgg-content\">\r\n                            <p><p>Tak! Opr\u00f3cz naszej zaawansowanej technologii rejestrowania konwersji, mo\u017cesz dowolnie konfigurowa\u0107 dodatkowe funkcje oprogramowania. Mo\u017cesz na przyk\u0142ad doda\u0107 unikalny odno\u015bnik (subID) do swojego linku lub po\u0142\u0105czy\u0107 si\u0119 z oprogramowaniem, tak aby zarejestrowane konwersje by\u0142y automatycznie przekazywane do Twojego serwera statystycznego. Mo\u017cliwe jest nawet umieszczenie tagu trackuj\u0105cego jednostek trzecich.<\/p>\n<\/p>\r\n                        <\/div>\r\n                        <\/li>\r\n                                                    <li class=\"kc-topic\"><a class=\"tgg-title\">\r\n                                <div class=\"feature-less-text\">Less<\/div>Czy udost\u0119pniacie API?<\/a>\r\n                        \r\n                        <div class=\"tgg-content\">\r\n                            <p><p>Tak! Application Programming Interface (zwany API lub Web Service) pozwala Ci na dost\u0119p do funkcji i informacji dost\u0119pnych wewn\u0105trz oprogramowania poprzez dostarczenie programowego dost\u0119pu do danych na Twoim koncie. Podstawowe w\u0142a\u015bciwo\u015bci API to mi\u0119dzy innymi: odzyskiwanie danych konta, product feed\u00f3w, informacji na temat kampanii, transakcji, p\u0142atno\u015bci, materia\u0142\u00f3w promocyjnych lub dowolnego po\u0142\u0105czenia powy\u017cszych poprzez generowanie zaawansowanych spersonalizowanych raport\u00f3w i umo\u017cliwienie po\u0142\u0105czenia z Twoja technologi\u0105\/oprogramowaniem zliczaj\u0105cym.<br \/>\nNasze us\u0142ugi internetowe s\u0105 oparte na protokole SOAP. Protok\u00f3\u0142 ten jest instrukcj\u0105 wymiany informacji poprzez Web Services. Mo\u017cesz poprosi\u0107 o dost\u0119p do API z poziomu swojego konta.<\/p>\n<\/p>\r\n                        <\/div>\r\n                        <\/li>\r\n                                                    <li class=\"kc-topic\"><a class=\"tgg-title\">\r\n                                <div class=\"feature-less-text\">Less<\/div>Jakie materia\u0142y promocyjne s\u0105 dost\u0119pne?<\/a>\r\n                        \r\n                        <div class=\"tgg-content\">\r\n                            <p><p>Mo\u017cesz wybiera\u0107 z szerokiej gamy materia\u0142\u00f3w promocyjnych takich jak linki tekstowe, banery, product feedy, widgety i kody rabatowe. Mo\u017cesz stworzy\u0107 pul\u0119 reklamow\u0105 z baner\u00f3w, kt\u00f3ra b\u0119dzie optymalizowa\u0107 si\u0119 automatycznie na podstawie wybranych przez ciebie wska\u017anik\u00f3w takich jak eCPC.<\/p>\n<\/p>\r\n                        <\/div>\r\n                        <\/li>\r\n                                                    <li class=\"kc-topic\"><a class=\"tgg-title\">\r\n                                <div class=\"feature-less-text\">Less<\/div>Co mog\u0119 zrobi\u0107 z \u2018Page Tools\u2019?<\/a>\r\n                        \r\n                        <div class=\"tgg-content\">\r\n                            <p><p>Jako Wydawca b\u0119dziesz mie\u0107 dost\u0119p do TradeTracker Page Tools. Ten zbi\u00f3r narz\u0119dzi pozwoli Ci na szybkie zarz\u0105dzanie tre\u015bci\u0105 na Twoich witrynach z poziomu panelu TradeTracker.<br \/>\nW prosty spos\u00f3b mo\u017cesz korzysta\u0107 z ca\u0142ej gamy r\u00f3\u017cnych funkcji takich jak widgety (narz\u0119dzia por\u00f3wnawcze) i naszego narz\u0119dzia wymiany link\u00f3w, kt\u00f3re s\u0142u\u017cy do automatycznego generowania wychodz\u0105cych link\u00f3w \u015bledz\u0105cych do Reklamodawc\u00f3w.<\/p>\n<\/p>\r\n                        <\/div>\r\n                        <\/li>\r\n                                                    <li class=\"kc-topic\"><a class=\"tgg-title\">\r\n                                <div class=\"feature-less-text\">Less<\/div>Czym s\u0105 Widgety?<\/a>\r\n                        \r\n                        <div class=\"tgg-content\">\r\n                            <p><p>Widgety to modu\u0142y zawieraj\u0105ce dynamicznie generowan\u0105 tre\u015b\u0107, kt\u00f3re mo\u017cesz doda\u0107 do swojej witryny poprzez zamieszczenie prostego kodu. W efekcie otrzymujesz zaawansowan\u0105 wyszukiwark\u0119 turystyczn\u0105\/finansow\u0105 lub narz\u0119dzie, dzi\u0119ki kt\u00f3remu mo\u017cna por\u00f3wnywa\u0107 artyku\u0142y modowe.<br \/>\nWszystkimi Widgetami mo\u017cna zarz\u0105dza\u0107 w zak\u0142adce Page Tools w panelu Wydawcy.<\/p>\n<\/p>\r\n                        <\/div>\r\n                        <\/li>\r\n                                                    <li class=\"kc-topic\"><a class=\"tgg-title\">\r\n                                <div class=\"feature-less-text\">Less<\/div>Nadal potrzebujesz pomocy?<\/a>\r\n                        \r\n                        <div class=\"tgg-content\">\r\n                            <p><p>\u017baden problem! Nasze oprogramowanie jest najlepszym oprogramowaniem afiliacyjnym na rynku i ch\u0119tnie podzielimy si\u0119 wiedz\u0105 i nasza opini\u0105. Dysponujemy wykwalifikowanym zespo\u0142em, kt\u00f3ry bez problemu odpowie na wszelkie w\u0105tpliwo\u015bci.<\/p>\n<\/p>\r\n                        <\/div>\r\n                        <\/li>\r\n                                    <\/ul>\r\n            <div class=\"space\"><\/div>\r\n        <\/div>\r\n    <\/div>\r\n    [\/vc_column][\/vc_row]<\/p>\n<\/div>","protected":false},"excerpt":{"rendered":"<p>[vc_row el_id=&#8221;kc-top&#8221; classes=&#8221;part-fullsection section-kc-topics bg-color10 bg-pattern full-width&#8221;][vc_column][vc_wp_text] Dla Reklamodawc\u00f3w Dla Wydawc\u00f3w S\u0142ownik GDPR [\/vc_wp_text][\/vc_column][\/vc_row][vc_row el_id=&#8221;kc-content&#8221;][vc_column][\/vc_column][\/vc_row]<\/p>\n","protected":false},"author":69,"featured_media":0,"parent":13469,"menu_order":0,"comment_status":"closed","ping_status":"closed","template":"","meta":{"inline_featured_image":false,"_monsterinsights_skip_tracking":false,"_monsterinsights_sitenote_active":false,"_monsterinsights_sitenote_note":"","_monsterinsights_sitenote_category":0,"footnotes":""},"class_list":["post-13484","page","type-page","status-publish","hentry"],"yoast_head":"<!-- This site is optimized with the Yoast SEO Premium plugin v27.0 (Yoast SEO v27.0) - https:\/\/yoast.com\/product\/yoast-seo-premium-wordpress\/ -->\n<title>For Publishers - TradeTracker.com | Affiliate Marketing | Performance Marketing<\/title>\n<meta name=\"description\" content=\"CENTRUM WIEDZY. Dla Wydawc\u00f3w. Dowiedz si\u0119 jak uruchomi\u0107 kampani\u0119 krok po kroku \u2013 znajdziesz tu podstawowe informacj\u0119 na temat marketingu\" \/>\n<meta name=\"robots\" content=\"index, follow, max-snippet:-1, max-image-preview:large, max-video-preview:-1\" \/>\n<link rel=\"canonical\" href=\"https:\/\/tradetracker.com\/pl\/wp-json\/wp\/v2\/pages\/13484\/\" \/>\n<meta property=\"og:locale\" content=\"pl_PL\" \/>\n<meta property=\"og:type\" content=\"article\" \/>\n<meta property=\"og:title\" content=\"Nadal potrzebujesz pomocy? TradeTracker.com\" \/>\n<meta property=\"og:description\" content=\"CENTRUM WIEDZY. Dla Wydawc\u00f3w. Dowiedz si\u0119 jak uruchomi\u0107\" \/>\n<meta property=\"og:url\" content=\"https:\/\/tradetracker.com\/pl\/dla-reklamodawcow\/dla-wydawcow\/\" \/>\n<meta property=\"og:site_name\" content=\"TradeTracker.com | Affiliate Marketing | Performance Marketing\" \/>\n<meta property=\"article:publisher\" content=\"https:\/\/www.facebook.com\/tradetrackercom\" \/>\n<meta property=\"article:modified_time\" content=\"2022-02-15T21:58:05+00:00\" \/>\n<meta property=\"og:image\" content=\"https:\/\/tradetracker.com\/wp-content\/uploads\/2019\/12\/tradetracker-logo-square.png\" \/>\n\t<meta property=\"og:image:width\" content=\"250\" \/>\n\t<meta property=\"og:image:height\" content=\"250\" \/>\n\t<meta property=\"og:image:type\" content=\"image\/png\" \/>\n<meta name=\"twitter:card\" content=\"summary_large_image\" \/>\n<meta name=\"twitter:title\" content=\"Nadal potrzebujesz pomocy?\" \/>\n<meta name=\"twitter:description\" content=\"\u017baden problem! Nasze oprogramowanie jest najlepszym oprogramowaniem afiliacyjnym na rynku i ch\u0119tnie podzielimy si\u0119 wiedz\u0105\" \/>\n<meta name=\"twitter:image\" content=\"https:\/\/tradetracker.com\/assets\/tt-circles.png\" \/>\n<meta name=\"twitter:site\" content=\"@tradetrackercom\" \/>\n<script type=\"application\/ld+json\" class=\"yoast-schema-graph\">{\"@context\":\"https:\/\/schema.org\",\"@graph\":[{\"@type\":\"WebPage\",\"@id\":\"https:\/\/tradetracker.com\/pl\/dla-reklamodawcow\/dla-wydawcow\/\",\"url\":\"https:\/\/tradetracker.com\/pl\/dla-reklamodawcow\/dla-wydawcow\/\",\"name\":\"For Publishers - TradeTracker.com | Affiliate Marketing | Performance Marketing\",\"isPartOf\":{\"@id\":\"https:\/\/tradetracker.com\/pl\/#website\"},\"datePublished\":\"2017-02-09T13:12:46+00:00\",\"dateModified\":\"2022-02-15T21:58:05+00:00\",\"description\":\"CENTRUM WIEDZY. Dla Wydawc\u00f3w. Dowiedz si\u0119 jak uruchomi\u0107 kampani\u0119 krok po kroku \u2013 znajdziesz tu podstawowe informacj\u0119 na temat marketingu\",\"breadcrumb\":{\"@id\":\"https:\/\/tradetracker.com\/pl\/dla-reklamodawcow\/dla-wydawcow\/#breadcrumb\"},\"inLanguage\":\"pl-PL\",\"potentialAction\":[{\"@type\":\"ReadAction\",\"target\":[\"https:\/\/tradetracker.com\/pl\/dla-reklamodawcow\/dla-wydawcow\/\"]}]},{\"@type\":\"BreadcrumbList\",\"@id\":\"https:\/\/tradetracker.com\/pl\/dla-reklamodawcow\/dla-wydawcow\/#breadcrumb\",\"itemListElement\":[{\"@type\":\"ListItem\",\"position\":1,\"name\":\"Home\",\"item\":\"https:\/\/tradetracker.com\/pl\/\"},{\"@type\":\"ListItem\",\"position\":2,\"name\":\"Knowledge Center\",\"item\":\"https:\/\/tradetracker.com\/pl\/dla-reklamodawcow\/\"},{\"@type\":\"ListItem\",\"position\":3,\"name\":\"For Publishers\"}]},{\"@type\":\"WebSite\",\"@id\":\"https:\/\/tradetracker.com\/pl\/#website\",\"url\":\"https:\/\/tradetracker.com\/pl\/\",\"name\":\"TradeTracker.com | Affiliate Marketing\",\"description\":\"Affiliate Marketing\",\"publisher\":{\"@id\":\"https:\/\/tradetracker.com\/pl\/#organization\"},\"potentialAction\":[{\"@type\":\"SearchAction\",\"target\":{\"@type\":\"EntryPoint\",\"urlTemplate\":\"https:\/\/tradetracker.com\/pl\/?s={search_term_string}\"},\"query-input\":{\"@type\":\"PropertyValueSpecification\",\"valueRequired\":true,\"valueName\":\"search_term_string\"}}],\"inLanguage\":\"pl-PL\"},{\"@type\":\"Organization\",\"@id\":\"https:\/\/tradetracker.com\/pl\/#organization\",\"name\":\"TradeTracker FZ LLC\",\"url\":\"https:\/\/tradetracker.com\/pl\/\",\"logo\":{\"@type\":\"ImageObject\",\"inLanguage\":\"pl-PL\",\"@id\":\"https:\/\/tradetracker.com\/pl\/#\/schema\/logo\/image\/\",\"url\":\"https:\/\/tradetracker.com\/wp-content\/uploads\/2019\/04\/tradetracker-logo_1.jpg\",\"contentUrl\":\"https:\/\/tradetracker.com\/wp-content\/uploads\/2019\/04\/tradetracker-logo_1.jpg\",\"width\":672,\"height\":109,\"caption\":\"TradeTracker FZ LLC\"},\"image\":{\"@id\":\"https:\/\/tradetracker.com\/pl\/#\/schema\/logo\/image\/\"},\"sameAs\":[\"https:\/\/www.facebook.com\/tradetrackercom\",\"https:\/\/x.com\/tradetrackercom\",\"https:\/\/www.linkedin.com\/company\/tradetrackercom\",\"https:\/\/www.youtube.com\/channel\/UCHiq-oir3qOorxO-8nLjIcQ\"],\"description\":\"TradeTracker is a global affiliate marketing platform that connects advertisers and publishers to create successful online campaigns. With its user-friendly interface, advanced tracking technology, and real-time reporting, TradeTracker provides the tools to optimize performance and boost conversions. Operating in over 20 countries, TradeTracker is renowned for its transparency, innovative solutions, and personalized support. It has been consistently chosen as the leading affiliate network worldwide, a testament to its excellence in the industry. Advertisers benefit from access to a vast network of publishers, while publishers enjoy a diverse range of campaigns and attractive earning opportunities. The platform continues to revolutionize the affiliate marketing industry with technologies like Real Attribution, ensuring fair commission distribution. TradeTracker empowers businesses to achieve their online no cure no pay advertising goals efficiently and effectively. With superior technology, unparalleled customer service, and innovative solutions, TradeTracker consistently outperforms competitors like Awin, TradeDoubler, CJ, and Webgains, making it the preferred choice for advertisers and publishers worldwide.\",\"legalName\":\"TradeTracker.com\",\"foundingDate\":\"2004-03-05\",\"numberOfEmployees\":{\"@type\":\"QuantitativeValue\",\"minValue\":\"201\",\"maxValue\":\"500\"}}]}<\/script>\n<!-- \/ Yoast SEO Premium plugin. -->","yoast_head_json":{"title":"For Publishers - TradeTracker.com | Affiliate Marketing | Performance Marketing","description":"CENTRUM WIEDZY. Dla Wydawc\u00f3w. Dowiedz si\u0119 jak uruchomi\u0107 kampani\u0119 krok po kroku \u2013 znajdziesz tu podstawowe informacj\u0119 na temat marketingu","robots":{"index":"index","follow":"follow","max-snippet":"max-snippet:-1","max-image-preview":"max-image-preview:large","max-video-preview":"max-video-preview:-1"},"canonical":"https:\/\/tradetracker.com\/pl\/wp-json\/wp\/v2\/pages\/13484\/","og_locale":"pl_PL","og_type":"article","og_title":"Nadal potrzebujesz pomocy? TradeTracker.com","og_description":"CENTRUM WIEDZY. Dla Wydawc\u00f3w. Dowiedz si\u0119 jak uruchomi\u0107","og_url":"https:\/\/tradetracker.com\/pl\/dla-reklamodawcow\/dla-wydawcow\/","og_site_name":"TradeTracker.com | Affiliate Marketing | Performance Marketing","article_publisher":"https:\/\/www.facebook.com\/tradetrackercom","article_modified_time":"2022-02-15T21:58:05+00:00","og_image":[{"width":250,"height":250,"url":"https:\/\/tradetracker.com\/wp-content\/uploads\/2019\/12\/tradetracker-logo-square.png","type":"image\/png"}],"twitter_card":"summary_large_image","twitter_title":"Nadal potrzebujesz pomocy?","twitter_description":"\u017baden problem! Nasze oprogramowanie jest najlepszym oprogramowaniem afiliacyjnym na rynku i ch\u0119tnie podzielimy si\u0119 wiedz\u0105","twitter_image":"https:\/\/tradetracker.com\/assets\/tt-circles.png","twitter_site":"@tradetrackercom","schema":{"@context":"https:\/\/schema.org","@graph":[{"@type":"WebPage","@id":"https:\/\/tradetracker.com\/pl\/dla-reklamodawcow\/dla-wydawcow\/","url":"https:\/\/tradetracker.com\/pl\/dla-reklamodawcow\/dla-wydawcow\/","name":"For Publishers - TradeTracker.com | Affiliate Marketing | Performance Marketing","isPartOf":{"@id":"https:\/\/tradetracker.com\/pl\/#website"},"datePublished":"2017-02-09T13:12:46+00:00","dateModified":"2022-02-15T21:58:05+00:00","description":"CENTRUM WIEDZY. Dla Wydawc\u00f3w. Dowiedz si\u0119 jak uruchomi\u0107 kampani\u0119 krok po kroku \u2013 znajdziesz tu podstawowe informacj\u0119 na temat marketingu","breadcrumb":{"@id":"https:\/\/tradetracker.com\/pl\/dla-reklamodawcow\/dla-wydawcow\/#breadcrumb"},"inLanguage":"pl-PL","potentialAction":[{"@type":"ReadAction","target":["https:\/\/tradetracker.com\/pl\/dla-reklamodawcow\/dla-wydawcow\/"]}]},{"@type":"BreadcrumbList","@id":"https:\/\/tradetracker.com\/pl\/dla-reklamodawcow\/dla-wydawcow\/#breadcrumb","itemListElement":[{"@type":"ListItem","position":1,"name":"Home","item":"https:\/\/tradetracker.com\/pl\/"},{"@type":"ListItem","position":2,"name":"Knowledge Center","item":"https:\/\/tradetracker.com\/pl\/dla-reklamodawcow\/"},{"@type":"ListItem","position":3,"name":"For Publishers"}]},{"@type":"WebSite","@id":"https:\/\/tradetracker.com\/pl\/#website","url":"https:\/\/tradetracker.com\/pl\/","name":"TradeTracker.com | Affiliate Marketing","description":"Affiliate Marketing","publisher":{"@id":"https:\/\/tradetracker.com\/pl\/#organization"},"potentialAction":[{"@type":"SearchAction","target":{"@type":"EntryPoint","urlTemplate":"https:\/\/tradetracker.com\/pl\/?s={search_term_string}"},"query-input":{"@type":"PropertyValueSpecification","valueRequired":true,"valueName":"search_term_string"}}],"inLanguage":"pl-PL"},{"@type":"Organization","@id":"https:\/\/tradetracker.com\/pl\/#organization","name":"TradeTracker FZ LLC","url":"https:\/\/tradetracker.com\/pl\/","logo":{"@type":"ImageObject","inLanguage":"pl-PL","@id":"https:\/\/tradetracker.com\/pl\/#\/schema\/logo\/image\/","url":"https:\/\/tradetracker.com\/wp-content\/uploads\/2019\/04\/tradetracker-logo_1.jpg","contentUrl":"https:\/\/tradetracker.com\/wp-content\/uploads\/2019\/04\/tradetracker-logo_1.jpg","width":672,"height":109,"caption":"TradeTracker FZ LLC"},"image":{"@id":"https:\/\/tradetracker.com\/pl\/#\/schema\/logo\/image\/"},"sameAs":["https:\/\/www.facebook.com\/tradetrackercom","https:\/\/x.com\/tradetrackercom","https:\/\/www.linkedin.com\/company\/tradetrackercom","https:\/\/www.youtube.com\/channel\/UCHiq-oir3qOorxO-8nLjIcQ"],"description":"TradeTracker is a global affiliate marketing platform that connects advertisers and publishers to create successful online campaigns. With its user-friendly interface, advanced tracking technology, and real-time reporting, TradeTracker provides the tools to optimize performance and boost conversions. Operating in over 20 countries, TradeTracker is renowned for its transparency, innovative solutions, and personalized support. It has been consistently chosen as the leading affiliate network worldwide, a testament to its excellence in the industry. Advertisers benefit from access to a vast network of publishers, while publishers enjoy a diverse range of campaigns and attractive earning opportunities. The platform continues to revolutionize the affiliate marketing industry with technologies like Real Attribution, ensuring fair commission distribution. TradeTracker empowers businesses to achieve their online no cure no pay advertising goals efficiently and effectively. With superior technology, unparalleled customer service, and innovative solutions, TradeTracker consistently outperforms competitors like Awin, TradeDoubler, CJ, and Webgains, making it the preferred choice for advertisers and publishers worldwide.","legalName":"TradeTracker.com","foundingDate":"2004-03-05","numberOfEmployees":{"@type":"QuantitativeValue","minValue":"201","maxValue":"500"}}]}},"_links":{"self":[{"href":"https:\/\/tradetracker.com\/pl\/wp-json\/wp\/v2\/pages\/13484","targetHints":{"allow":["GET"]}}],"collection":[{"href":"https:\/\/tradetracker.com\/pl\/wp-json\/wp\/v2\/pages"}],"about":[{"href":"https:\/\/tradetracker.com\/pl\/wp-json\/wp\/v2\/types\/page"}],"author":[{"embeddable":true,"href":"https:\/\/tradetracker.com\/pl\/wp-json\/wp\/v2\/users\/69"}],"replies":[{"embeddable":true,"href":"https:\/\/tradetracker.com\/pl\/wp-json\/wp\/v2\/comments?post=13484"}],"version-history":[{"count":0,"href":"https:\/\/tradetracker.com\/pl\/wp-json\/wp\/v2\/pages\/13484\/revisions"}],"up":[{"embeddable":true,"href":"https:\/\/tradetracker.com\/pl\/wp-json\/wp\/v2\/pages\/13469"}],"wp:attachment":[{"href":"https:\/\/tradetracker.com\/pl\/wp-json\/wp\/v2\/media?parent=13484"}],"curies":[{"name":"wp","href":"https:\/\/api.w.org\/{rel}","templated":true}]}}