{"id":13574,"date":"2016-12-25T09:57:41","date_gmt":"2016-12-25T09:57:41","guid":{"rendered":"https:\/\/tradetracker.com\/pl\/publisher-qualifications\/"},"modified":"2021-12-09T16:38:28","modified_gmt":"2021-12-09T16:38:28","slug":"oczekiwania-wzgledem-wydawcow","status":"publish","type":"page","link":"https:\/\/tradetracker.com\/pl\/oczekiwania-wzgledem-wydawcow\/","title":{"rendered":"Publisher Qualifications"},"content":{"rendered":"<div class=\"wpb-content-wrapper\"><p>[vc_row classes=&#8221; static-page-intro pub-requirements&#8221;][vc_column]<div class=\"row\"><div class=\"vc_col-sm-12\"><div class=\" static-page-intro-text \"><h1  style=\"color: #ffffff\" class=\"\">OCZEKIWANIA WZGL\u0118DEM WYDAWCY<\/h1><h2  style=\"color: #ffffff\" class=\"\">Jako\u015b\u0107 naszej sieci jest dla nas bardzo wa\u017cna, dlatego nowym Wydawcom stawiamy okre\u015blone wymagania.<br \/>\nSprawd\u017a czy spe\u0142niasz nasze oczekiwania wzgl\u0119dem nowych partner\u00f3w w sieci TradeTracker.<\/h2><\/div>\r\n        <\/div>\r\n    <\/div>[\/vc_column][\/vc_row][vc_row classes=&#8221;bg-pattern&#8221;][vc_column]<div class=\"space\"><\/div>[vc_raw_html]JTNDcCUyMGNsYXNzJTNEJTIyaGVhZGxpbmUtcGFyYWdyYXBoJTIyJTNFSmVzdGUlQzUlOUJteSUyMG90d2FyY2klMjBuYSUyMHdzcCVDMyVCMyVDNSU4MnByYWMlQzQlOTklMjB6JTIwV3lkYXdjYW1pJTIwemUlMjB3c3p5c3RraWNoJTIwa2F0ZWdvcmlpLiUyMElkZWFsbnklMjBwYXJ0bmVyJTIwZGxhJTIwbmFzenljaCUyMFJla2xhbW9kYXdjJUMzJUIzdyUyMHBvd2luaWVuJTIwc3BlJUM1JTgybmlhJUM0JTg3JTIwbmklQzUlQkNlaiUyMHd5bWllbmlvbmUlMjBwb3N0dWxhdHklM0ElM0MlMkZwJTNF[\/vc_raw_html]<div class=\"space\"><\/div>[vc_row_inner][vc_column_inner width=&#8221;1\/3&#8243;][vc_wp_text title=&#8221;Odpowiadaj na potrzeby&#8221;]Upewnij si\u0119, \u017ce Twoja witryna, baza danych oraz konta w social mediach s\u0105 aktywne, a wpisy aktualne. Wraz z rozwojem Twojej witryny lepiej poznasz swoich u\u017cytkownik\u00f3w, ich potrzeby i preferencje. Dzi\u0119ki temu \u0142atwiej b\u0119dzie Ci dopasowa\u0107 najlepiej konwertuj\u0105ce kampanie.[\/vc_wp_text][\/vc_column_inner][vc_column_inner width=&#8221;1\/3&#8243;][vc_wp_text title=&#8221;Odpowiednie podej\u015bcie&#8221;]Je\u015bli chcesz \u017ceby Twoja witryna sta\u0142a si\u0119 atrakcyjna w oczach potencjalnych Reklamodawc\u00f3w, zadaj sobie najpierw klika pyta\u0144. Kim jest Twoja grupa docelowa? Jakie tre\u015bci chcesz komunikowa\u0107 na stronie? Jak chcesz \u017ceby by\u0142y one konsumowane? Co zamierzasz robi\u0107 \u017ceby u\u017cytkownicy powracali na Twoj\u0105 stron\u0119? Stw\u00f3rz sobie mini media plan i postaraj si\u0119 wyr\u00f3\u017cni\u0107 na tle innych.[\/vc_wp_text][\/vc_column_inner][vc_column_inner width=&#8221;1\/3&#8243;][vc_wp_text title=&#8221;Rozwijaj si\u0119 z nami&#8221;]<\/p>\n<p>Stale zmieniaj\u0105ce si\u0119 potrzeby konsument\u00f3w i ci\u0105g\u0142e zapotrzebowanie na nowe tre\u015bci wymuszaj\u0105 na Wydawcach nieustanne poszukiwanie i testowanie nowych rozwi\u0105za\u0144. Dostosuj si\u0119 do potrzeb swoich u\u017cytkownik\u00f3w.<br \/>\nWdra\u017caj innowacyjne narz\u0119dzia i b\u0105d\u017a wzorem dla innych Wydawc\u00f3w.<\/p>\n<p>[\/vc_wp_text][\/vc_column_inner][\/vc_row_inner][\/vc_column][\/vc_row][vc_row classes=&#8221;cta ctamerch&#8221; el_id=&#8221;pubcta&#8221;][vc_column]<div class=\"row\"><div class=\"vc_col-sm-12\"><h2 class=\"get_started\" style=\"color:#ffffff\">Czy jeste\u015b gotowy na kolejny krok?<\/h2><p style=\"color:#ffffff\">Dla naszego zespo\u0142u najwa\u017cniejszy jest Tw\u00f3j wynik. Skontaktuj si\u0119 z nami i sprawd\u017a jak mo\u017cemy Ci pom\u00f3c. <\/p>        <ul class=\"cta-items\">\r\n                        <li>\r\n                <a                    class=\"cta-advertiser-signup\"                                      href=\"https:\/\/affiliate.tradetracker.com\/signup\/step1?loc=pl_PL\"                                   >\r\n                    Zarejestruj si\u0119                <\/a>\r\n            <\/li>\r\n                        \r\n                        <li>\r\n                <a                    class=\"cta-advertiser-signup\"                                      href=\"\/pl\/wydawcy\/\"                                   >\r\n                    Czytaj wi\u0119cej                <\/a>\r\n            <\/li>\r\n                    <\/ul>\r\n        <\/div><\/div>[\/vc_column][\/vc_row]<\/p>\n<\/div>","protected":false},"excerpt":{"rendered":"<p>[vc_row classes=&#8221; static-page-intro pub-requirements&#8221;][vc_column][\/vc_column][\/vc_row][vc_row classes=&#8221;bg-pattern&#8221;][vc_column][vc_raw_html]JTNDcCUyMGNsYXNzJTNEJTIyaGVhZGxpbmUtcGFyYWdyYXBoJTIyJTNFSmVzdGUlQzUlOUJteSUyMG90d2FyY2klMjBuYSUyMHdzcCVDMyVCMyVDNSU4MnByYWMlQzQlOTklMjB6JTIwV3lkYXdjYW1pJTIwemUlMjB3c3p5c3RraWNoJTIwa2F0ZWdvcmlpLiUyMElkZWFsbnklMjBwYXJ0bmVyJTIwZGxhJTIwbmFzenljaCUyMFJla2xhbW9kYXdjJUMzJUIzdyUyMHBvd2luaWVuJTIwc3BlJUM1JTgybmlhJUM0JTg3JTIwbmklQzUlQkNlaiUyMHd5bWllbmlvbmUlMjBwb3N0dWxhdHklM0ElM0MlMkZwJTNF[\/vc_raw_html][vc_row_inner][vc_column_inner width=&#8221;1\/3&#8243;][vc_wp_text title=&#8221;Odpowiadaj na potrzeby&#8221;]Upewnij si\u0119, \u017ce Twoja witryna, baza danych oraz konta w social mediach s\u0105 aktywne, a wpisy aktualne. Wraz z rozwojem Twojej witryny lepiej poznasz swoich u\u017cytkownik\u00f3w, ich potrzeby i preferencje. Dzi\u0119ki temu \u0142atwiej b\u0119dzie Ci dopasowa\u0107 najlepiej konwertuj\u0105ce kampanie.[\/vc_wp_text][\/vc_column_inner][vc_column_inner width=&#8221;1\/3&#8243;][vc_wp_text title=&#8221;Odpowiednie podej\u015bcie&#8221;]Je\u015bli chcesz \u017ceby Twoja witryna sta\u0142a  [&#8230;]<\/p>\n","protected":false},"author":69,"featured_media":0,"parent":0,"menu_order":0,"comment_status":"closed","ping_status":"closed","template":"","meta":{"inline_featured_image":false,"_monsterinsights_skip_tracking":false,"_monsterinsights_sitenote_active":false,"_monsterinsights_sitenote_note":"","_monsterinsights_sitenote_category":0,"footnotes":""},"class_list":["post-13574","page","type-page","status-publish","hentry"],"yoast_head":"<!-- This site is optimized with the Yoast SEO Premium plugin v27.0 (Yoast SEO v27.0) - https:\/\/yoast.com\/product\/yoast-seo-premium-wordpress\/ -->\n<title>Publisher Qualifications - TradeTracker.com | Affiliate Marketing | Performance Marketing<\/title>\n<meta name=\"description\" content=\"[vc_row classes=&quot; static-page-intro pub-requirements&quot;][vc_column]OCZEKIWANIA WZGL\u0118DEM WYDAWCYJako\u015b\u0107 naszej sieci jest dla nas bardzo wa\u017cna, dlatego nowym Wydawcom stawiamy okre\u015blone wymagania. Sprawd\u017a czy\" \/>\n<meta name=\"robots\" content=\"index, follow, max-snippet:-1, max-image-preview:large, max-video-preview:-1\" \/>\n<link rel=\"canonical\" href=\"https:\/\/tradetracker.com\/pl\/wp-json\/wp\/v2\/pages\/13574\/\" \/>\n<meta property=\"og:locale\" content=\"pl_PL\" \/>\n<meta property=\"og:type\" content=\"article\" \/>\n<meta property=\"og:title\" content=\"Publisher Qualifications TradeTracker.com\" \/>\n<meta property=\"og:description\" content=\"[vc_row classes=&#8221; static-page-intro\" \/>\n<meta property=\"og:url\" content=\"https:\/\/tradetracker.com\/pl\/oczekiwania-wzgledem-wydawcow\/\" \/>\n<meta property=\"og:site_name\" content=\"TradeTracker.com | Affiliate Marketing | Performance Marketing\" \/>\n<meta property=\"article:publisher\" content=\"https:\/\/www.facebook.com\/tradetrackercom\" \/>\n<meta property=\"article:modified_time\" content=\"2021-12-09T16:38:28+00:00\" \/>\n<meta property=\"og:image\" content=\"https:\/\/tradetracker.com\/wp-content\/uploads\/2019\/12\/tradetracker-logo-square.png\" \/>\n\t<meta property=\"og:image:width\" content=\"250\" \/>\n\t<meta property=\"og:image:height\" content=\"250\" \/>\n\t<meta property=\"og:image:type\" content=\"image\/png\" \/>\n<meta name=\"twitter:card\" content=\"summary_large_image\" \/>\n<meta name=\"twitter:title\" content=\"Publisher Qualifications\" \/>\n<meta name=\"twitter:description\" content=\"[vc_row classes=&quot; static-page-intro pub-requirements&quot;][vc_column]OCZEKIWANIA WZGL\u0118DEM WYDAWCYJako\u015b\u0107 naszej sieci jest dla \" \/>\n<meta name=\"twitter:image\" content=\"https:\/\/tradetracker.com\/assets\/tt-circles.png\" \/>\n<meta name=\"twitter:site\" content=\"@tradetrackercom\" \/>\n<meta name=\"twitter:label1\" content=\"Est. reading time\" \/>\n\t<meta name=\"twitter:data1\" content=\"2 minutes\" \/>\n<script type=\"application\/ld+json\" class=\"yoast-schema-graph\">{\"@context\":\"https:\/\/schema.org\",\"@graph\":[{\"@type\":\"WebPage\",\"@id\":\"https:\/\/tradetracker.com\/pl\/oczekiwania-wzgledem-wydawcow\/\",\"url\":\"https:\/\/tradetracker.com\/pl\/oczekiwania-wzgledem-wydawcow\/\",\"name\":\"Publisher Qualifications - TradeTracker.com | Affiliate Marketing | Performance Marketing\",\"isPartOf\":{\"@id\":\"https:\/\/tradetracker.com\/pl\/#website\"},\"datePublished\":\"2016-12-25T09:57:41+00:00\",\"dateModified\":\"2021-12-09T16:38:28+00:00\",\"breadcrumb\":{\"@id\":\"https:\/\/tradetracker.com\/pl\/oczekiwania-wzgledem-wydawcow\/#breadcrumb\"},\"inLanguage\":\"pl-PL\",\"potentialAction\":[{\"@type\":\"ReadAction\",\"target\":[\"https:\/\/tradetracker.com\/pl\/oczekiwania-wzgledem-wydawcow\/\"]}]},{\"@type\":\"BreadcrumbList\",\"@id\":\"https:\/\/tradetracker.com\/pl\/oczekiwania-wzgledem-wydawcow\/#breadcrumb\",\"itemListElement\":[{\"@type\":\"ListItem\",\"position\":1,\"name\":\"Home\",\"item\":\"https:\/\/tradetracker.com\/pl\/\"},{\"@type\":\"ListItem\",\"position\":2,\"name\":\"Publisher Qualifications\"}]},{\"@type\":\"WebSite\",\"@id\":\"https:\/\/tradetracker.com\/pl\/#website\",\"url\":\"https:\/\/tradetracker.com\/pl\/\",\"name\":\"TradeTracker.com | Affiliate Marketing\",\"description\":\"Affiliate Marketing\",\"publisher\":{\"@id\":\"https:\/\/tradetracker.com\/pl\/#organization\"},\"potentialAction\":[{\"@type\":\"SearchAction\",\"target\":{\"@type\":\"EntryPoint\",\"urlTemplate\":\"https:\/\/tradetracker.com\/pl\/?s={search_term_string}\"},\"query-input\":{\"@type\":\"PropertyValueSpecification\",\"valueRequired\":true,\"valueName\":\"search_term_string\"}}],\"inLanguage\":\"pl-PL\"},{\"@type\":\"Organization\",\"@id\":\"https:\/\/tradetracker.com\/pl\/#organization\",\"name\":\"TradeTracker FZ LLC\",\"url\":\"https:\/\/tradetracker.com\/pl\/\",\"logo\":{\"@type\":\"ImageObject\",\"inLanguage\":\"pl-PL\",\"@id\":\"https:\/\/tradetracker.com\/pl\/#\/schema\/logo\/image\/\",\"url\":\"https:\/\/tradetracker.com\/wp-content\/uploads\/2019\/04\/tradetracker-logo_1.jpg\",\"contentUrl\":\"https:\/\/tradetracker.com\/wp-content\/uploads\/2019\/04\/tradetracker-logo_1.jpg\",\"width\":672,\"height\":109,\"caption\":\"TradeTracker FZ LLC\"},\"image\":{\"@id\":\"https:\/\/tradetracker.com\/pl\/#\/schema\/logo\/image\/\"},\"sameAs\":[\"https:\/\/www.facebook.com\/tradetrackercom\",\"https:\/\/x.com\/tradetrackercom\",\"https:\/\/www.linkedin.com\/company\/tradetrackercom\",\"https:\/\/www.youtube.com\/channel\/UCHiq-oir3qOorxO-8nLjIcQ\"],\"description\":\"TradeTracker is a global affiliate marketing platform that connects advertisers and publishers to create successful online campaigns. With its user-friendly interface, advanced tracking technology, and real-time reporting, TradeTracker provides the tools to optimize performance and boost conversions. Operating in over 20 countries, TradeTracker is renowned for its transparency, innovative solutions, and personalized support. It has been consistently chosen as the leading affiliate network worldwide, a testament to its excellence in the industry. Advertisers benefit from access to a vast network of publishers, while publishers enjoy a diverse range of campaigns and attractive earning opportunities. The platform continues to revolutionize the affiliate marketing industry with technologies like Real Attribution, ensuring fair commission distribution. TradeTracker empowers businesses to achieve their online no cure no pay advertising goals efficiently and effectively. With superior technology, unparalleled customer service, and innovative solutions, TradeTracker consistently outperforms competitors like Awin, TradeDoubler, CJ, and Webgains, making it the preferred choice for advertisers and publishers worldwide.\",\"legalName\":\"TradeTracker.com\",\"foundingDate\":\"2004-03-05\",\"numberOfEmployees\":{\"@type\":\"QuantitativeValue\",\"minValue\":\"201\",\"maxValue\":\"500\"}}]}<\/script>\n<!-- \/ Yoast SEO Premium plugin. -->","yoast_head_json":{"title":"Publisher Qualifications - TradeTracker.com | Affiliate Marketing | Performance Marketing","description":"[vc_row classes=\" static-page-intro pub-requirements\"][vc_column]OCZEKIWANIA WZGL\u0118DEM WYDAWCYJako\u015b\u0107 naszej sieci jest dla nas bardzo wa\u017cna, dlatego nowym Wydawcom stawiamy okre\u015blone wymagania. Sprawd\u017a czy","robots":{"index":"index","follow":"follow","max-snippet":"max-snippet:-1","max-image-preview":"max-image-preview:large","max-video-preview":"max-video-preview:-1"},"canonical":"https:\/\/tradetracker.com\/pl\/wp-json\/wp\/v2\/pages\/13574\/","og_locale":"pl_PL","og_type":"article","og_title":"Publisher Qualifications TradeTracker.com","og_description":"[vc_row classes=&#8221; static-page-intro","og_url":"https:\/\/tradetracker.com\/pl\/oczekiwania-wzgledem-wydawcow\/","og_site_name":"TradeTracker.com | Affiliate Marketing | Performance Marketing","article_publisher":"https:\/\/www.facebook.com\/tradetrackercom","article_modified_time":"2021-12-09T16:38:28+00:00","og_image":[{"width":250,"height":250,"url":"https:\/\/tradetracker.com\/wp-content\/uploads\/2019\/12\/tradetracker-logo-square.png","type":"image\/png"}],"twitter_card":"summary_large_image","twitter_title":"Publisher Qualifications","twitter_description":"[vc_row classes=\" static-page-intro pub-requirements\"][vc_column]OCZEKIWANIA WZGL\u0118DEM WYDAWCYJako\u015b\u0107 naszej sieci jest dla ","twitter_image":"https:\/\/tradetracker.com\/assets\/tt-circles.png","twitter_site":"@tradetrackercom","twitter_misc":{"Est. reading time":"2 minutes"},"schema":{"@context":"https:\/\/schema.org","@graph":[{"@type":"WebPage","@id":"https:\/\/tradetracker.com\/pl\/oczekiwania-wzgledem-wydawcow\/","url":"https:\/\/tradetracker.com\/pl\/oczekiwania-wzgledem-wydawcow\/","name":"Publisher Qualifications - TradeTracker.com | Affiliate Marketing | Performance Marketing","isPartOf":{"@id":"https:\/\/tradetracker.com\/pl\/#website"},"datePublished":"2016-12-25T09:57:41+00:00","dateModified":"2021-12-09T16:38:28+00:00","breadcrumb":{"@id":"https:\/\/tradetracker.com\/pl\/oczekiwania-wzgledem-wydawcow\/#breadcrumb"},"inLanguage":"pl-PL","potentialAction":[{"@type":"ReadAction","target":["https:\/\/tradetracker.com\/pl\/oczekiwania-wzgledem-wydawcow\/"]}]},{"@type":"BreadcrumbList","@id":"https:\/\/tradetracker.com\/pl\/oczekiwania-wzgledem-wydawcow\/#breadcrumb","itemListElement":[{"@type":"ListItem","position":1,"name":"Home","item":"https:\/\/tradetracker.com\/pl\/"},{"@type":"ListItem","position":2,"name":"Publisher Qualifications"}]},{"@type":"WebSite","@id":"https:\/\/tradetracker.com\/pl\/#website","url":"https:\/\/tradetracker.com\/pl\/","name":"TradeTracker.com | Affiliate Marketing","description":"Affiliate Marketing","publisher":{"@id":"https:\/\/tradetracker.com\/pl\/#organization"},"potentialAction":[{"@type":"SearchAction","target":{"@type":"EntryPoint","urlTemplate":"https:\/\/tradetracker.com\/pl\/?s={search_term_string}"},"query-input":{"@type":"PropertyValueSpecification","valueRequired":true,"valueName":"search_term_string"}}],"inLanguage":"pl-PL"},{"@type":"Organization","@id":"https:\/\/tradetracker.com\/pl\/#organization","name":"TradeTracker FZ LLC","url":"https:\/\/tradetracker.com\/pl\/","logo":{"@type":"ImageObject","inLanguage":"pl-PL","@id":"https:\/\/tradetracker.com\/pl\/#\/schema\/logo\/image\/","url":"https:\/\/tradetracker.com\/wp-content\/uploads\/2019\/04\/tradetracker-logo_1.jpg","contentUrl":"https:\/\/tradetracker.com\/wp-content\/uploads\/2019\/04\/tradetracker-logo_1.jpg","width":672,"height":109,"caption":"TradeTracker FZ LLC"},"image":{"@id":"https:\/\/tradetracker.com\/pl\/#\/schema\/logo\/image\/"},"sameAs":["https:\/\/www.facebook.com\/tradetrackercom","https:\/\/x.com\/tradetrackercom","https:\/\/www.linkedin.com\/company\/tradetrackercom","https:\/\/www.youtube.com\/channel\/UCHiq-oir3qOorxO-8nLjIcQ"],"description":"TradeTracker is a global affiliate marketing platform that connects advertisers and publishers to create successful online campaigns. With its user-friendly interface, advanced tracking technology, and real-time reporting, TradeTracker provides the tools to optimize performance and boost conversions. Operating in over 20 countries, TradeTracker is renowned for its transparency, innovative solutions, and personalized support. It has been consistently chosen as the leading affiliate network worldwide, a testament to its excellence in the industry. Advertisers benefit from access to a vast network of publishers, while publishers enjoy a diverse range of campaigns and attractive earning opportunities. The platform continues to revolutionize the affiliate marketing industry with technologies like Real Attribution, ensuring fair commission distribution. TradeTracker empowers businesses to achieve their online no cure no pay advertising goals efficiently and effectively. With superior technology, unparalleled customer service, and innovative solutions, TradeTracker consistently outperforms competitors like Awin, TradeDoubler, CJ, and Webgains, making it the preferred choice for advertisers and publishers worldwide.","legalName":"TradeTracker.com","foundingDate":"2004-03-05","numberOfEmployees":{"@type":"QuantitativeValue","minValue":"201","maxValue":"500"}}]}},"_links":{"self":[{"href":"https:\/\/tradetracker.com\/pl\/wp-json\/wp\/v2\/pages\/13574","targetHints":{"allow":["GET"]}}],"collection":[{"href":"https:\/\/tradetracker.com\/pl\/wp-json\/wp\/v2\/pages"}],"about":[{"href":"https:\/\/tradetracker.com\/pl\/wp-json\/wp\/v2\/types\/page"}],"author":[{"embeddable":true,"href":"https:\/\/tradetracker.com\/pl\/wp-json\/wp\/v2\/users\/69"}],"replies":[{"embeddable":true,"href":"https:\/\/tradetracker.com\/pl\/wp-json\/wp\/v2\/comments?post=13574"}],"version-history":[{"count":0,"href":"https:\/\/tradetracker.com\/pl\/wp-json\/wp\/v2\/pages\/13574\/revisions"}],"wp:attachment":[{"href":"https:\/\/tradetracker.com\/pl\/wp-json\/wp\/v2\/media?parent=13574"}],"curies":[{"name":"wp","href":"https:\/\/api.w.org\/{rel}","templated":true}]}}