{"id":13604,"date":"2016-12-19T10:06:41","date_gmt":"2016-12-19T10:06:41","guid":{"rendered":"https:\/\/tradetracker.com\/pl\/terms-of-use\/"},"modified":"2020-12-31T16:20:54","modified_gmt":"2020-12-31T16:20:54","slug":"terms-of-use","status":"publish","type":"page","link":"https:\/\/tradetracker.com\/pl\/terms-of-use\/","title":{"rendered":"Terms of Use"},"content":{"rendered":"<div class=\"wpb-content-wrapper\"><p>[vc_row classes=&#8221;static-page-intro short terms-page&#8221;][vc_column]<div class=\"row\"><div class=\"vc_col-sm-12\"><div class=\" static-page-intro-text \"><h1  style=\"color: #ffffff\" class=\"\">WARUNKI KORZYSTANIA Z SERWISU TRADETRACKER.COM<\/h1><\/div>\r\n        <\/div>\r\n    <\/div>[\/vc_column][\/vc_row][vc_row][vc_column]<div class=\"space\"><\/div><div class=\"row\"><div class=\"vc_col-sm-3\"><h2 class=\"lined-section\"><span><span>1. O TradeTracker.com<\/h2><\/div><div class=\"vc_col-sm-9\"><p>\nTradeTracker reprezentuje to co najlepsze w performance marketingu \u2013 partnerskie podej\u015bcie w d\u0105\u017ceniu do osi\u0105gni\u0119cia wyznaczonych cel\u00f3w.\nTradeTracker oferuje platform\u0119, dzi\u0119ki kt\u00f3rej zar\u00f3wno Reklamodawcy jak i Wydawcy maj\u0105 dost\u0119p do przejrzystych danych, aktualizowanych w czasie rzeczywistym, co pomaga im podejmowa\u0107 trafne decyzje marketingowe. Profesjonalny zesp\u00f3\u0142 specjalist\u00f3w TradeTracker zapewnia indywidualne podej\u015bcie do kampanii z wielu bran\u017c np: Us\u0142ugi, Podr\u00f3\u017ce, Telekomunikacja, Zakupy,Finanse.\nTradeTracker posiada obecnie biura w 19 krajach i zatrudnia ponad 150 os\u00f3b na ca\u0142ym \u015bwiecie. Dzi\u0119ki lokalnym oddzia\u0142om na wielu rynkach oferujemy najwi\u0119kszy globalny zasi\u0119g, zapewniaj\u0105c p\u0142ynn\u0105 komunikacj\u0119.\n<\/p><\/div><\/div><div class=\"space\"><\/div><div class=\"row\"><div class=\"vc_col-sm-3\"><h2 class=\"lined-section\"><span><span>2. Wst\u0119p<\/h2><\/div><div class=\"vc_col-sm-9\"><p>\nProsimy o uwa\u017cne zapoznanie si\u0119 z regulaminem korzystania strony. Je\u017celi nie akceptujesz regulaminu w ca\u0142o\u015bci, nie korzystaj z witryny. Poprzez korzystanie z witryny zgadzasz si\u0119 na warunki zawarte w regulaminie.\n<\/p><\/div><\/div><div class=\"space\"><\/div><div class=\"row\"><div class=\"vc_col-sm-3\"><h2 class=\"lined-section\"><span><span>3. Komunikacja<\/h2><\/div><div class=\"vc_col-sm-9\"><p>\nWyra\u017casz zgod\u0119 na kontakt drog\u0105 mailow\u0105 lub poprzez powiadomienia wewn\u0105trz witryny. Akceptujesz fakt, \u017ce wszystkie umowy, powiadomienia i inne komunikaty przekazywane drog\u0105 elektroniczn\u0105 spe\u0142niaj\u0105 wymagania prawne dotycz\u0105ce potwierdzenia pisemnego.\n<\/p><\/div><\/div><div class=\"space\"><\/div><div class=\"row\"><div class=\"vc_col-sm-3\"><h2 class=\"lined-section\"><span><span>4. Zobowi\u0105zania U\u017cytkownika<\/h2><\/div><div class=\"vc_col-sm-9\"><p>\nO\u015bwiadczasz i gwarantujesz \u017ce:\nJeste\u015b osob\u0105 pe\u0142noletni\u0105;\nJe\u017celi reprezentujesz firm\u0119, posiadasz wymagane pe\u0142nomocnictwo do reprezentowania jej;\nZobowi\u0105zujesz si\u0119 przestrzega\u0107 wszelkie obowi\u0105zuj\u0105ce regulacje krajowe i mi\u0119dzynarodowe odnosz\u0105ce si\u0119 do korzystania z witryn internetowych.\n<\/p><\/div><\/div><div class=\"space\"><\/div><div class=\"row\"><div class=\"vc_col-sm-3\"><h2 class=\"lined-section\"><span><span>5. Prawa Autorskie<\/h2><\/div><div class=\"vc_col-sm-9\"><p>\nInformacje zawarte na stronie lub udost\u0119pnione przez us\u0142ugi TradeTracker.com (\u201cTradeTracker\u201d) chronione s\u0105 na mocy prawa autorskiego, patent\u00f3w oraz praw w\u0142asno\u015bci (w\u0142\u0105cznie z w\u0142asno\u015bci\u0105 intelektualn\u0105). Kopiowanie, redystrybucja, u\u017cycie lub publikacja jakielkolwiek cz\u0119\u015bci witryny jest surowo zabronione, z wyj\u0105tkiem przypadk\u00f3w dozwolonych w \u201cOgraniczonym prawie do korzystania\u201d dost\u0119pnym poni\u017cej.\n<\/p><\/div><\/div><div class=\"space\"><\/div><div class=\"row\"><div class=\"vc_col-sm-3\"><h2 class=\"lined-section\"><span><span>6. Ograniczone prawo do korzystania<\/h2><\/div><div class=\"vc_col-sm-9\"><p>\nZgodnie z przestrzeganiem niniejszych warunk\u00f3w, TradeTracker udziela ograniczonej, niewy\u0142\u0105cznej, niezbywalnej i niepodlegaj\u0105cej podlicencjonowaniu, licencji na korzystanie z witryny TradeTracker w celach niehandlowych.\n<\/p><\/div><\/div><div class=\"space\"><\/div><div class=\"row\"><div class=\"vc_col-sm-3\"><h2 class=\"lined-section\"><span><span>7. Modyfikacje<\/h2><\/div><div class=\"vc_col-sm-9\"><p>\nTradeTracker mo\u017ce bez uprzedzenia i w dowolnym czasie zmodyfikowa\u0107 niniejsze warunki. Dalsze korzystanie z witryny po wprowadzonych modyfikacjach zostanie uznane za wyra\u017cenie zgody na niniejsze modyfikacje. Ka\u017cdy aspekt witryny mo\u017ce zosta\u0107 zmieniony, uzupe\u0142niony, usuni\u0119ty lub zaktualizowany bez uprzedzenia wedle w\u0142asnego uznania TradeTracker.\n<\/p><\/div><\/div><div class=\"space\"><\/div><div class=\"row\"><div class=\"vc_col-sm-3\"><h2 class=\"lined-section\"><span><span>8. Polityka prywatno\u015bci i pliki cookie<\/h2><\/div><div class=\"vc_col-sm-9\"><p>\nPolityka Prywatno\u015bci TradeTracker reguluje wykorzystanie informacji zebranych za po\u015brednictwem witryny lub us\u0142ug \u015bwiadczonych przez firm\u0119, w\u0142\u0105cznie z u\u017cyciem plik\u00f3w cookie. Wyra\u017casz zgod\u0119 na wykorzystanie niniejszych informacji, w\u0142\u0105cznie z przesy\u0142aniem ich do innych kraj\u00f3w w kt\u00f3rych prawo mo\u017ce nie zapewnia\u0107 takiego samego poziomu ochrony co prawo twojego kraju. Zapoznaj si\u0119 z pe\u0142n\u0105 Polityk\u0105 Prywatno\u015bci tutaj.\n<\/p><\/div><\/div><div class=\"space\"><\/div><div class=\"row\"><div class=\"vc_col-sm-3\"><h2 class=\"lined-section\"><span><span>9. Restrykcje<\/h2><\/div><div class=\"vc_col-sm-9\"><p>\nDodatkowo o\u015bwiadczasz, \u017ce nie b\u0119dziesz:\nu\u017cywa\u0107 lub przegl\u0105da\u0107 informacji, us\u0142ug lub oprogramowania udost\u0119pnionego na stronie w spos\u00f3b inny ni\u017c wyra\u017anie dozwolony przez TradeTracker;\nu\u017cywa\u0107 lub przegl\u0105da\u0107 witryny lub us\u0142ug \u015bwiadczonych przez TradeTracker w spos\u00f3b, kt\u00f3ry niekorzystnie wp\u0142ywa na efektywno\u015b\u0107 lub funkcjonowanie witryny lub us\u0142ug \u015bwiadczonych przez TradeTracker;\nukrywa\u0107 \u017ar\u00f3d\u0142a informacji uzyskanych poprzez korzystanie z witryny;\nzamieszcza\u0107 lub przesy\u0142a\u0107 do witryny danych zawieraj\u0105cych wirusy lub inne oprogramowanie kt\u00f3rego celem jest niszczenie, przechwycanie, zarz\u0105dzanie lub wp\u0142ywanie na system;\nu\u017cywa\u0107 zautomatyzowanych \u015brodk\u00f3w, kt\u00f3rych celem jest uzyskanie dost\u0119pu do witryny lub us\u0142ug z jakiegokolwiek powodu;\nnarusza\u0107 lub obchodzi\u0107 jakiekolwiek przepisy, prawa os\u00f3b trzecich lub regulacje.\n<\/p><\/div><\/div><div class=\"space\"><\/div><div class=\"row\"><div class=\"vc_col-sm-3\"><h2 class=\"lined-section\"><span><span>10. Publikowane tre\u015bci<\/h2><\/div><div class=\"vc_col-sm-9\"><p>\nTradeTracker nie godzi sie na zamieszczanie tre\u015bci w postaci koncepcji, nowych us\u0142ug, materia\u0142\u00f3w lub jakichkolwiek innych informacji. W sytuacji gdy wspomniane tre\u015bci s\u0105 przez Ciebie rozpowszechniane i\/lub dostarczone firmie TradeTracker udzielasz nam niewy\u0142\u0105cznego, globalnego, nieodwo\u0142alnego, podlegaj\u0105cemu podlicencjonowaniu prawa do korzystania z praw autorskich i innych praw w\u0142asno\u015bci intelektualnej. W zakresie dopuszczonym przepisami prawa, niniejszym zrzekasz si\u0119 wszelkich praw moralnych zwi\u0105zanych z tre\u015bciami przez ciebie dostarczonymi. Potwierdzasz \u017ce nie b\u0119dziesz domaga\u0142 si\u0119 od TradeTracker jakiegokolwiek wynagrodzenia za korzystanie z twoich tre\u015bci.\n<\/p><\/div><\/div><div class=\"space\"><\/div><div class=\"row\"><div class=\"vc_col-sm-3\"><h2 class=\"lined-section\"><span><span>11. Linki<\/h2><\/div><div class=\"vc_col-sm-9\"><p>\nStrona mo\u017ce zawiera\u0107 linki podmiot\u00f3w trzecich. Linki te umieszczone s\u0105 wy\u0142\u0105cznie dla wygody u\u017cytkownika i nie stanowi\u0105 ze strony firmy wyrazu aprobaty lub rekomendacji. TradeTracker nie kontroluje ani nie monitoruje zawarto\u015bci tych witryn, jak r\u00f3wnie\u017c nie ponosi za nie odpowiedzialno\u015bci. TradeTracker nie gwarantuje poprawno\u015bci i jako\u015bci tre\u015bci, oprogramowania, us\u0142ugi lub aplikacji znalezionych na podlinkowanych witrynach.\n<\/p><\/div><\/div><div class=\"space\"><\/div><div class=\"row\"><div class=\"vc_col-sm-3\"><h2 class=\"lined-section\"><span><span>12. Odszkodowanie<\/h2><\/div><div class=\"vc_col-sm-9\"><p>\nZobowi\u0105zujesz si\u0119 zabezpieczy\u0107 firm\u0119 TradeTracker, jej udzia\u0142owc\u00f3w, dyrektor\u00f3w, pracownik\u00f3w, reprezentant\u00f3w, wydawc\u00f3w i reklamodawc\u00f3w przed jakimikolwiek kosztami post\u0119powania, roszczeniami, post\u0119powaniem lub pozwem, w tym r\u00f3wnie\u017c roszczeniami z tytu\u0142u odpowiedzialno\u015bci cywilnej, odszkodowa\u0144 za naruszenia, jak i r\u00f3wnie\u017c wszelkimi kosztami oraz honorariami prawnik\u00f3w zwi\u0105zanymi lub wynikaj\u0105cymi z korzystania z witryny lub naruszenia niniejszego regulaminu.\n<\/p><\/div><\/div><div class=\"space\"><\/div><div class=\"row\"><div class=\"vc_col-sm-3\"><h2 class=\"lined-section\"><span><span>13. Klauzula<\/h2><\/div><div class=\"vc_col-sm-9\"><p>\nTradeTracker nie udziela \u017cadnych gwarancji co do wiarygodno\u015bci i kompletno\u015bci tre\u015bci, informacji, oprogramowania, tekstu, grafik, link\u00f3w lub komunikacji dostarczonej poprzez u\u017cywanie strony. Nie udziela r\u00f3wnie\u017c zapewnie\u0144, \u017ce operowanie stron\u0105 b\u0119dzie odbywa\u0142o si\u0119 bez \u017cadnych b\u0142\u0119d\u00f3w i przeszk\u00f3d. TradeTracker nie udziela \u017cadnych gwarancji, \u017ce b\u0142\u0119dy zostan\u0105 poprawione, ani \u017ce witryna lub jej serwery b\u0119d\u0105 wolne od wirus\u00f3w lub innych szkodliwych program\u00f3w. Charakter komunikacji internetowej sprawia, \u017ce witryna mo\u017ce by\u0107 podatna na utrat\u0119 danych, przechwycenie, niedost\u0119pno\u015b\u0107 i op\u00f3\u017anienia. Witryna mo\u017ce by\u0107 niedost\u0119pna przez prace konserwacyjne lub deweloperskie. Wyra\u017casz zgod\u0119 na korzystanie z witryny na w\u0142asn\u0105 odpowiedzialno\u015b\u0107. W zakresie dopuszczonym przepisami prawa, TradeTracker zrzeka si\u0119 wszelkiej odpowiedzialno\u015bci, w\u0142\u0105czaj\u0105c odpowiedzialno\u015b\u0107 za zaniedbanie, utrat\u0119 lub szkody poniesione przez poleganie na materia\u0142ach dost\u0119pnych na witrynie lub przez korzystanie z witryny.\n<\/p><\/div><\/div><div class=\"space\"><\/div><div class=\"row\"><div class=\"vc_col-sm-3\"><h2 class=\"lined-section\"><span><span>14. Ograniczenie odpowiedzialno\u015bci<\/h2><\/div><div class=\"vc_col-sm-9\"><p>\nW zakresie dopuszczonym przepisami prawa, TradeTracker, jego pracownicy, partnerzy, wydawcy i reklamodawcy nie ponosz\u0105 odpowiedzialno\u015bci za jakiekolwiek straty lub szkody bezpo\u015brednie, po\u015brednie, uboczne, specjalne lub wynikowe, w tym straty lub szkody wynikaj\u0105ce z utraconych korzy\u015bci, warto\u015bci firmy, dzia\u0142alno\u015bci gospodarczej, mo\u017cliwo\u015bci, danych lub innych niematerialnych strat wynikaj\u0105cych lub powi\u0105zanych z korzystaniem z witryny lub us\u0142ug \u015bwiadczonych przez TradeTracker.\n<\/p><\/div><\/div><div class=\"space\"><\/div><div class=\"row\"><div class=\"vc_col-sm-3\"><h2 class=\"lined-section\"><span><span>15. Zgodno\u015b\u0107 z prawem<\/h2><\/div><div class=\"vc_col-sm-9\"><p>\nKorzystanie z witryny i us\u0142ug TradeTracker powinno pozostawa\u0107 w zgodzie ze wszelkimi obowi\u0105zuj\u0105cymi przepisami i regulacjami i nie powinno negatywnie wp\u0142ywa\u0107 na reputacj\u0119 lub funkcjonowanie firmy. O\u015bwiadczasz, \u017ce nie b\u0119dziesz podejmowa\u0107 dzia\u0142a\u0144 kt\u00f3re mog\u0142yby spowodowa\u0107 naruszenie przez TradeTracker jakichkolwiek przepis\u00f3w lub regulacji go obowi\u0105zuj\u0105cych.\n<\/p><\/div><\/div><div class=\"space\"><\/div><div class=\"row\"><div class=\"vc_col-sm-3\"><h2 class=\"lined-section\"><span><span>16. Obowi\u0105zuj\u0105ce prawo i jurysdykcja<\/h2><\/div><div class=\"vc_col-sm-9\"><p>\nThis terms of use will be governed by the laws of the United Arab Emirates as applicable in Dubai.\nAny dispute or difference arising out of the formation, performance, interpretation, nullification, termination or invalidation of the terms of use or arising there from or related there to in any manner whatsoever, shall be referred to and finally settled by binding arbitration as set out below, under the Arbitration Rules of the Dubai International Finance Centre \u2013 London Court of International Arbitration (\u201cLCIA\u201d), which rules (\u201cRules\u201d) are deemed to be incorporated by reference into this clause. The number of arbitrators shall be one. The parties to arbitration shall seek to agree on a sole arbitrator to be nominated to the LCIA court for appointment. If the parties to the arbitration fail to nominate a sole arbitrator within 30 days from the date of the service of the request upon the respondent (or such greater or lesser period as may be fixed bythe LCIA Court), the sole arbitrator shall be appointed by the LCIA Court. The seat or legal place of arbitration shall be Dubai International Arbitration Centre in Dubai, UAE. The arbitration proceedings shall be conducted in the English language and the award shall be in English. The foregoing provisions of this clause are without prejudice to the right of TradeTracker to seek interim relief at any time from any court of competent jurisdiction. (whether or not an arbitrator has been appointed) and TradeTracker shall not be deemed to have breached this arbitration agreement or infringed the powers of the arbitrator for having done so.\n<\/p><\/div><\/div><div class=\"space\"><\/div><div class=\"row\"><div class=\"vc_col-sm-3\"><h2 class=\"lined-section\"><span><span>17. Og\u00f3lne<\/h2><\/div><div class=\"vc_col-sm-9\"><p>\nJe\u017celi jakiekolwiek postanowienie niniejszego Regulaminu zostanie uznane za niezgodne z prawem lub niewi\u0105\u017c\u0105ce, nie b\u0119dzie to mia\u0142o wp\u0142ywu na obowi\u0105zywanie pozosta\u0142ych postanowie\u0144 Regulaminu.\nZaniechanie przez stron\u0119 egzekwowania kt\u00f3regokolwiek z postanowie\u0144 niniejszej Umowy nie b\u0119dzie uwa\u017cane za zrzeczenie si\u0119 przez stron\u0119 prawa do egzekwowania tego lub innego postanowienia w przysz\u0142o\u015bci.\n\u017badne zrzeczenie si\u0119 kt\u00f3regokolwiek z niniejszych Warunk\u00f3w u\u017cytkowania nie mo\u017ce by\u0107 uwa\u017cane za zrzeczenie si\u0119 w przysz\u0142o\u015bci lub trwale tego, ani \u017cadnego innego warunku. \n<\/p><\/div><\/div><div class=\"space\"><\/div>[\/vc_column][\/vc_row]<\/p>\n<\/div>","protected":false},"excerpt":{"rendered":"<p>[vc_row classes=&#8221;static-page-intro short terms-page&#8221;][vc_column][\/vc_column][\/vc_row][vc_row][vc_column][\/vc_column][\/vc_row]<\/p>\n","protected":false},"author":69,"featured_media":0,"parent":0,"menu_order":0,"comment_status":"closed","ping_status":"closed","template":"template-red.php","meta":{"inline_featured_image":false,"_monsterinsights_skip_tracking":false,"_monsterinsights_sitenote_active":false,"_monsterinsights_sitenote_note":"","_monsterinsights_sitenote_category":0,"footnotes":""},"class_list":["post-13604","page","type-page","status-publish","hentry"],"yoast_head":"<!-- This site is optimized with the Yoast SEO Premium plugin v27.0 (Yoast SEO v27.0) - https:\/\/yoast.com\/product\/yoast-seo-premium-wordpress\/ -->\n<title>Terms of Use - TradeTracker.com | Affiliate Marketing | Performance Marketing<\/title>\n<meta name=\"description\" content=\"[vc_row classes=&quot;static-page-intro short terms-page&quot;][vc_column]WARUNKI KORZYSTANIA Z SERWISU TRADETRACKER.COM [\/vc_column][\/vc_row][vc_row][vc_column]1. O TradeTracker.com\nTradeTracker reprezentuje to co najlepsze w\" \/>\n<meta name=\"robots\" content=\"index, follow, max-snippet:-1, max-image-preview:large, max-video-preview:-1\" \/>\n<link rel=\"canonical\" href=\"https:\/\/tradetracker.com\/pl\/wp-json\/wp\/v2\/pages\/13604\/\" \/>\n<meta property=\"og:locale\" content=\"pl_PL\" \/>\n<meta property=\"og:type\" content=\"article\" \/>\n<meta property=\"og:title\" content=\"Terms of Use TradeTracker.com\" \/>\n<meta property=\"og:description\" content=\"[vc_row classes=&#8221;static-page-intro short\" \/>\n<meta property=\"og:url\" content=\"https:\/\/tradetracker.com\/pl\/terms-of-use\/\" \/>\n<meta property=\"og:site_name\" content=\"TradeTracker.com | Affiliate Marketing | Performance Marketing\" \/>\n<meta property=\"article:publisher\" content=\"https:\/\/www.facebook.com\/tradetrackercom\" \/>\n<meta property=\"article:modified_time\" content=\"2020-12-31T16:20:54+00:00\" \/>\n<meta property=\"og:image\" content=\"https:\/\/tradetracker.com\/wp-content\/uploads\/2019\/12\/tradetracker-logo-square.png\" \/>\n\t<meta property=\"og:image:width\" content=\"250\" \/>\n\t<meta property=\"og:image:height\" content=\"250\" \/>\n\t<meta property=\"og:image:type\" content=\"image\/png\" \/>\n<meta name=\"twitter:card\" content=\"summary_large_image\" \/>\n<meta name=\"twitter:title\" content=\"Terms of Use\" \/>\n<meta name=\"twitter:description\" content=\"[vc_row classes=&quot;static-page-intro short terms-page&quot;][vc_column]WARUNKI KORZYSTANIA Z SERWISU TRADETRACKER.COM \" \/>\n<meta name=\"twitter:image\" content=\"https:\/\/tradetracker.com\/assets\/tt-circles.png\" \/>\n<meta name=\"twitter:site\" content=\"@tradetrackercom\" \/>\n<script type=\"application\/ld+json\" class=\"yoast-schema-graph\">{\"@context\":\"https:\/\/schema.org\",\"@graph\":[{\"@type\":\"WebPage\",\"@id\":\"https:\/\/tradetracker.com\/pl\/terms-of-use\/\",\"url\":\"https:\/\/tradetracker.com\/pl\/terms-of-use\/\",\"name\":\"Terms of Use - TradeTracker.com | Affiliate Marketing | Performance Marketing\",\"isPartOf\":{\"@id\":\"https:\/\/tradetracker.com\/pl\/#website\"},\"datePublished\":\"2016-12-19T10:06:41+00:00\",\"dateModified\":\"2020-12-31T16:20:54+00:00\",\"breadcrumb\":{\"@id\":\"https:\/\/tradetracker.com\/pl\/terms-of-use\/#breadcrumb\"},\"inLanguage\":\"pl-PL\",\"potentialAction\":[{\"@type\":\"ReadAction\",\"target\":[\"https:\/\/tradetracker.com\/pl\/terms-of-use\/\"]}]},{\"@type\":\"BreadcrumbList\",\"@id\":\"https:\/\/tradetracker.com\/pl\/terms-of-use\/#breadcrumb\",\"itemListElement\":[{\"@type\":\"ListItem\",\"position\":1,\"name\":\"Home\",\"item\":\"https:\/\/tradetracker.com\/pl\/\"},{\"@type\":\"ListItem\",\"position\":2,\"name\":\"Terms of Use\"}]},{\"@type\":\"WebSite\",\"@id\":\"https:\/\/tradetracker.com\/pl\/#website\",\"url\":\"https:\/\/tradetracker.com\/pl\/\",\"name\":\"TradeTracker.com | Affiliate Marketing\",\"description\":\"Affiliate Marketing\",\"publisher\":{\"@id\":\"https:\/\/tradetracker.com\/pl\/#organization\"},\"potentialAction\":[{\"@type\":\"SearchAction\",\"target\":{\"@type\":\"EntryPoint\",\"urlTemplate\":\"https:\/\/tradetracker.com\/pl\/?s={search_term_string}\"},\"query-input\":{\"@type\":\"PropertyValueSpecification\",\"valueRequired\":true,\"valueName\":\"search_term_string\"}}],\"inLanguage\":\"pl-PL\"},{\"@type\":\"Organization\",\"@id\":\"https:\/\/tradetracker.com\/pl\/#organization\",\"name\":\"TradeTracker FZ LLC\",\"url\":\"https:\/\/tradetracker.com\/pl\/\",\"logo\":{\"@type\":\"ImageObject\",\"inLanguage\":\"pl-PL\",\"@id\":\"https:\/\/tradetracker.com\/pl\/#\/schema\/logo\/image\/\",\"url\":\"https:\/\/tradetracker.com\/wp-content\/uploads\/2019\/04\/tradetracker-logo_1.jpg\",\"contentUrl\":\"https:\/\/tradetracker.com\/wp-content\/uploads\/2019\/04\/tradetracker-logo_1.jpg\",\"width\":672,\"height\":109,\"caption\":\"TradeTracker FZ LLC\"},\"image\":{\"@id\":\"https:\/\/tradetracker.com\/pl\/#\/schema\/logo\/image\/\"},\"sameAs\":[\"https:\/\/www.facebook.com\/tradetrackercom\",\"https:\/\/x.com\/tradetrackercom\",\"https:\/\/www.linkedin.com\/company\/tradetrackercom\",\"https:\/\/www.youtube.com\/channel\/UCHiq-oir3qOorxO-8nLjIcQ\"],\"description\":\"TradeTracker is a global affiliate marketing platform that connects advertisers and publishers to create successful online campaigns. With its user-friendly interface, advanced tracking technology, and real-time reporting, TradeTracker provides the tools to optimize performance and boost conversions. Operating in over 20 countries, TradeTracker is renowned for its transparency, innovative solutions, and personalized support. It has been consistently chosen as the leading affiliate network worldwide, a testament to its excellence in the industry. Advertisers benefit from access to a vast network of publishers, while publishers enjoy a diverse range of campaigns and attractive earning opportunities. The platform continues to revolutionize the affiliate marketing industry with technologies like Real Attribution, ensuring fair commission distribution. TradeTracker empowers businesses to achieve their online no cure no pay advertising goals efficiently and effectively. With superior technology, unparalleled customer service, and innovative solutions, TradeTracker consistently outperforms competitors like Awin, TradeDoubler, CJ, and Webgains, making it the preferred choice for advertisers and publishers worldwide.\",\"legalName\":\"TradeTracker.com\",\"foundingDate\":\"2004-03-05\",\"numberOfEmployees\":{\"@type\":\"QuantitativeValue\",\"minValue\":\"201\",\"maxValue\":\"500\"}}]}<\/script>\n<!-- \/ Yoast SEO Premium plugin. -->","yoast_head_json":{"title":"Terms of Use - TradeTracker.com | Affiliate Marketing | Performance Marketing","description":"[vc_row classes=\"static-page-intro short terms-page\"][vc_column]WARUNKI KORZYSTANIA Z SERWISU TRADETRACKER.COM [\/vc_column][\/vc_row][vc_row][vc_column]1. O TradeTracker.com\nTradeTracker reprezentuje to co najlepsze w","robots":{"index":"index","follow":"follow","max-snippet":"max-snippet:-1","max-image-preview":"max-image-preview:large","max-video-preview":"max-video-preview:-1"},"canonical":"https:\/\/tradetracker.com\/pl\/wp-json\/wp\/v2\/pages\/13604\/","og_locale":"pl_PL","og_type":"article","og_title":"Terms of Use TradeTracker.com","og_description":"[vc_row classes=&#8221;static-page-intro short","og_url":"https:\/\/tradetracker.com\/pl\/terms-of-use\/","og_site_name":"TradeTracker.com | Affiliate Marketing | Performance Marketing","article_publisher":"https:\/\/www.facebook.com\/tradetrackercom","article_modified_time":"2020-12-31T16:20:54+00:00","og_image":[{"width":250,"height":250,"url":"https:\/\/tradetracker.com\/wp-content\/uploads\/2019\/12\/tradetracker-logo-square.png","type":"image\/png"}],"twitter_card":"summary_large_image","twitter_title":"Terms of Use","twitter_description":"[vc_row classes=\"static-page-intro short terms-page\"][vc_column]WARUNKI KORZYSTANIA Z SERWISU TRADETRACKER.COM ","twitter_image":"https:\/\/tradetracker.com\/assets\/tt-circles.png","twitter_site":"@tradetrackercom","schema":{"@context":"https:\/\/schema.org","@graph":[{"@type":"WebPage","@id":"https:\/\/tradetracker.com\/pl\/terms-of-use\/","url":"https:\/\/tradetracker.com\/pl\/terms-of-use\/","name":"Terms of Use - TradeTracker.com | Affiliate Marketing | Performance Marketing","isPartOf":{"@id":"https:\/\/tradetracker.com\/pl\/#website"},"datePublished":"2016-12-19T10:06:41+00:00","dateModified":"2020-12-31T16:20:54+00:00","breadcrumb":{"@id":"https:\/\/tradetracker.com\/pl\/terms-of-use\/#breadcrumb"},"inLanguage":"pl-PL","potentialAction":[{"@type":"ReadAction","target":["https:\/\/tradetracker.com\/pl\/terms-of-use\/"]}]},{"@type":"BreadcrumbList","@id":"https:\/\/tradetracker.com\/pl\/terms-of-use\/#breadcrumb","itemListElement":[{"@type":"ListItem","position":1,"name":"Home","item":"https:\/\/tradetracker.com\/pl\/"},{"@type":"ListItem","position":2,"name":"Terms of Use"}]},{"@type":"WebSite","@id":"https:\/\/tradetracker.com\/pl\/#website","url":"https:\/\/tradetracker.com\/pl\/","name":"TradeTracker.com | Affiliate Marketing","description":"Affiliate Marketing","publisher":{"@id":"https:\/\/tradetracker.com\/pl\/#organization"},"potentialAction":[{"@type":"SearchAction","target":{"@type":"EntryPoint","urlTemplate":"https:\/\/tradetracker.com\/pl\/?s={search_term_string}"},"query-input":{"@type":"PropertyValueSpecification","valueRequired":true,"valueName":"search_term_string"}}],"inLanguage":"pl-PL"},{"@type":"Organization","@id":"https:\/\/tradetracker.com\/pl\/#organization","name":"TradeTracker FZ LLC","url":"https:\/\/tradetracker.com\/pl\/","logo":{"@type":"ImageObject","inLanguage":"pl-PL","@id":"https:\/\/tradetracker.com\/pl\/#\/schema\/logo\/image\/","url":"https:\/\/tradetracker.com\/wp-content\/uploads\/2019\/04\/tradetracker-logo_1.jpg","contentUrl":"https:\/\/tradetracker.com\/wp-content\/uploads\/2019\/04\/tradetracker-logo_1.jpg","width":672,"height":109,"caption":"TradeTracker FZ LLC"},"image":{"@id":"https:\/\/tradetracker.com\/pl\/#\/schema\/logo\/image\/"},"sameAs":["https:\/\/www.facebook.com\/tradetrackercom","https:\/\/x.com\/tradetrackercom","https:\/\/www.linkedin.com\/company\/tradetrackercom","https:\/\/www.youtube.com\/channel\/UCHiq-oir3qOorxO-8nLjIcQ"],"description":"TradeTracker is a global affiliate marketing platform that connects advertisers and publishers to create successful online campaigns. With its user-friendly interface, advanced tracking technology, and real-time reporting, TradeTracker provides the tools to optimize performance and boost conversions. Operating in over 20 countries, TradeTracker is renowned for its transparency, innovative solutions, and personalized support. It has been consistently chosen as the leading affiliate network worldwide, a testament to its excellence in the industry. Advertisers benefit from access to a vast network of publishers, while publishers enjoy a diverse range of campaigns and attractive earning opportunities. The platform continues to revolutionize the affiliate marketing industry with technologies like Real Attribution, ensuring fair commission distribution. TradeTracker empowers businesses to achieve their online no cure no pay advertising goals efficiently and effectively. With superior technology, unparalleled customer service, and innovative solutions, TradeTracker consistently outperforms competitors like Awin, TradeDoubler, CJ, and Webgains, making it the preferred choice for advertisers and publishers worldwide.","legalName":"TradeTracker.com","foundingDate":"2004-03-05","numberOfEmployees":{"@type":"QuantitativeValue","minValue":"201","maxValue":"500"}}]}},"_links":{"self":[{"href":"https:\/\/tradetracker.com\/pl\/wp-json\/wp\/v2\/pages\/13604","targetHints":{"allow":["GET"]}}],"collection":[{"href":"https:\/\/tradetracker.com\/pl\/wp-json\/wp\/v2\/pages"}],"about":[{"href":"https:\/\/tradetracker.com\/pl\/wp-json\/wp\/v2\/types\/page"}],"author":[{"embeddable":true,"href":"https:\/\/tradetracker.com\/pl\/wp-json\/wp\/v2\/users\/69"}],"replies":[{"embeddable":true,"href":"https:\/\/tradetracker.com\/pl\/wp-json\/wp\/v2\/comments?post=13604"}],"version-history":[{"count":0,"href":"https:\/\/tradetracker.com\/pl\/wp-json\/wp\/v2\/pages\/13604\/revisions"}],"wp:attachment":[{"href":"https:\/\/tradetracker.com\/pl\/wp-json\/wp\/v2\/media?parent=13604"}],"curies":[{"name":"wp","href":"https:\/\/api.w.org\/{rel}","templated":true}]}}