{"id":26566,"date":"2016-12-12T11:52:36","date_gmt":"2016-12-12T11:52:36","guid":{"rendered":"https:\/\/tradetracker.com\/pl\/reklamodawcy\/shopping\/"},"modified":"2020-12-17T11:25:39","modified_gmt":"2020-12-17T11:25:39","slug":"zakupy","status":"publish","type":"page","link":"https:\/\/tradetracker.com\/pl\/reklamodawcy\/zakupy\/","title":{"rendered":"Shopping"},"content":{"rendered":"<div class=\"wpb-content-wrapper\"><p>[vc_row css=&#8221;.vc_custom_1607985001608{background-color: #f79737 !important;}&#8221; classes=&#8221;tt-single-industry tt-shopping&#8221;][vc_column]<div class=\"row\"><div class=\"vc_col-sm-12\"><div class=\" static-page-intro-text \" style=\"width: 75%\"><h1  style=\"color: #ffffff\" class=\"\">ZAKUPY<\/h1><h2  style=\"color: #ffffff\" class=\"\">Generujemy sprzeda\u017c online poprzez \u0142\u0105czenie odpowiednich Wydawc\u00f3w i Reklamodawc\u00f3w w celu dostarczenia u\u017cytkownikom produkt\u00f3w, kt\u00f3rych potrzebuj\u0105. Nasz do\u015bwiadczony zesp\u00f3\u0142 potrafi elastycznie dostosowa\u0107 narz\u0119dzia do grupy docelowej.<\/h2><\/div>\r\n        <\/div>\r\n    <\/div>[\/vc_column][\/vc_row][vc_row][vc_column]<div class=\"row tt-industries-page\"><div class='vc_col-sm-3' id='sidebar'><h4 class=\"lined-section\">Industries<\/h4><div class=\"widget_nav_menu\"><ul class=\"menu\"><li><a class=\"industries-back\" href=\"https:\/\/tradetracker.com\/pl\/#section-industries\/\">\u2190 Back to Industry Home<\/a><\/li><li><a href='https:\/\/tradetracker.com\/pl\/reklamodawcy\/podroze\/' class=''>Podr\u00f3\u017ce<\/a><\/li><li><a href='https:\/\/tradetracker.com\/pl\/reklamodawcy\/uslugi\/' class=''>Us\u0142ugi<\/a><\/li><li><a href='https:\/\/tradetracker.com\/pl\/reklamodawcy\/telekomunikacja\/' class=''>Telekomunikacja<\/a><\/li><li><a href='https:\/\/tradetracker.com\/pl\/reklamodawcy\/zakupy\/' class='active'>Zakupy<\/a><\/li><li><a href='https:\/\/tradetracker.com\/pl\/reklamodawcy\/finanse\/' class=''>Finanse<\/a><\/li><\/ul><\/div>\r\n    <\/div><div class=\"vc_col-sm-9\">\r\n                <div class=\"vc_col-sm-12\">\r\n                    <ul class=\"industry-list zakupy\"><li><h2>Akcesoria na przyj\u0119cia<\/h2><p>Asortyment naszych sklep\u00f3w z akcesoriami do organizacji imprez sprawi, \u017ce ka\u017cda impreza b\u0119dzie udana.<\/p><\/li><li><h2>Biura<\/h2><p>Klientom zaopatruj\u0105cym biura dajemy dost\u0119p do grona wyspecjalizowanych Wydawc\u00f3w. <\/p><\/li><li><h2>Dom i ogr\u00f3d<\/h2><p>Chcesz zainspirowa\u0107 swoimi produktami u\u017cytkownik\u00f3w urz\u0105dzaj\u0105cych swoje mieszkania i domy? W naszych programach promujemy produkty zar\u00f3wno poprzez komunikacj\u0119 graficzn\u0105, jak i kontekstowe dopasowanie do praktycznych porad z kategorii Dom i Ogr\u00f3d.<\/p><\/li><li><h2>Doro\u015bli<\/h2><p>Wychodzimy naprzeciw potrzebom tych, kt\u00f3rzy oferuj\u0105 w sieci gad\u017cety erotyczne i pomagamy im dotrze\u0107 do w\u0142a\u015bciwej grupy docelowej.<\/p><\/li><li><h2>Dzieci<\/h2><p>Aktywna grupa rodzic\u00f3w poszukuje w internecie nie tylko niezb\u0119dnych produkt\u00f3w, ale r\u00f3wnie\u017c wszelkich gad\u017cet\u00f3w u\u0142atwiaj\u0105cych funkcjonowanie rodziny w r\u00f3\u017cnych obszarach. Potrafimy do niej dotrze\u0107 i zaprezentowa\u0107 Twoj\u0105 ofert\u0119.<\/p><\/li><li><h2>Gry i zabawy<\/h2><p>Wsp\u00f3\u0142pracujemy z producentami i dystrybutorami gier, kt\u00f3rzy poszukuj\u0105 w internecie zaanga\u017cowanych u\u017cytkownik\u00f3w. <\/p><\/li><li><h2>Hobby i czas wolny<\/h2><p>Szukasz ludzi pe\u0142nych pasji i zainteresowa\u0144? Pomo\u017cemy Ci ich znale\u017a\u0107 i przekona\u0107 do skorzystania z Twojej oferty.<\/p><\/li><li><h2>Inne<\/h2><p>Dzi\u0119ki dobrym relacjom z Wydawcami z r\u00f3\u017cnych kategorii, nie istnieje bran\u017ca, kt\u00f3rej nie byliby\u015bmy w stanie obs\u0142u\u017cy\u0107. Niezale\u017cnie od oferty zawsze znajdziemy partnera zainteresowanego wsp\u00f3\u0142prac\u0105.<\/p><\/li><li><h2>Jedzenie i napoje<\/h2><p>Catering, od\u017cywianie, jedzenie na wynos, produkty ekologiczne, alkohol i nie tylko\u2026 Dystrybutorzy produkt\u00f3w spo\u017cywczych korzystaj\u0105 z naszej platformy by odnale\u017a\u0107 tych, kt\u00f3rych podniebienia nie da si\u0119 \u0142atwo zadowoli\u0107.\/li><\/p><\/li><li><h2>Ksi\u0105\u017cki, gazety i czasopisma<\/h2><p>U naszych partner\u00f3w u\u017cytkownicy znajd\u0105 pe\u0142n\u0105 ofert\u0119 pozycji idealnych do swoich biblioteczek \u2013 najnowsze pozycje b\u0119d\u0105ce nie tylko \u017ar\u00f3d\u0142em wiedzy, ale r\u00f3wnie\u017c ciekawych inspiracji.<\/p><\/li><li><h2>Moda i bi\u017cuteria<\/h2><p>Bran\u017ca modowa wykorzystuje nasz\u0105 sie\u0107 by dotrze\u0107 do os\u00f3b, dla kt\u00f3rych uzupe\u0142nianie garderoby online to codzienno\u015b\u0107. Os\u00f3b, kt\u00f3re kupuj\u0105 przez internet ze wzgl\u0119du na ni\u017csze ceny i szerszy asortyment.<\/p><\/li><li><h2>Muzyka i film<\/h2><p>Zapewniamy dystrybutorom tre\u015bci multimedialnych dost\u0119p do szerokiego targetu. Nasz zesp\u00f3\u0142 zna si\u0119 na najnowszych trendach i zadba o to \u017ceby Twoja reklama wyr\u00f3\u017cnia\u0142a si\u0119 na tle konkurencji.<\/p><\/li><li><h2>Oferty i zakupy grupowe<\/h2><p>Internauci to poszukiwacze okazji. Dlatego wsp\u00f3lnie z naszymi Klientami komunikujemy unikalne promocje i specjalne oferty rabatowe, zach\u0119caj\u0105ce  do zakup\u00f3w online. <\/p><\/li><li><h2>Podzespo\u0142y i oprogramowanie<\/h2><p>Nasi account managerowie doskonale wiedz\u0105 jak promowa\u0107 komputery i akcesoria, \u017ceby zainteresowa\u0107 grup\u0119 decyzyjn\u0105 i opiniotw\u00f3rcz\u0105.<\/p><\/li><li><h2>Rodzina<\/h2><p>Dbamy o to \u017ceby czas, kt\u00f3ry sp\u0119dzasz z najbli\u017cszymi by\u0142 pe\u0142ny wspania\u0142ych chwil. Oferta naszych Klient\u00f3w dostarcza niezapomniane wra\u017cenia dla ka\u017cdej rodziny.<\/p><\/li><li><h2>Samochody, motory i rowery<\/h2><p>Dzi\u0119ki bogatemu portfolio witryn motoryzacyjnych docieramy do szerokiej grupy entuzjast\u00f3w kierownicy. Dzi\u0119ki temu sprzeda\u017c online akcesori\u00f3w z tej bran\u017cy ro\u015bnie bardzo dynamicznie.<\/p><\/li><li><h2>Sklepy<\/h2><p>Nasi partnerzy wiedz\u0105, \u017ce internet daje nie tylko mo\u017cliwo\u015b\u0107 generowania sprzeda\u017cy online, ale r\u00f3wnie\u017c ma bezpo\u015bredni wp\u0142yw na zwi\u0119kszenie liczby Klient\u00f3w w sklepach stacjonarnych.<\/p><\/li><li><h2>Sprz\u0119t AGD<\/h2><p>Docieramy z ofert\u0105  sprz\u0119tu AGD do u\u017cytkownik\u00f3w poszukuj\u0105cych najnowszych trend\u00f3w i dbaj\u0105cych o funkcjonalno\u015b\u0107 w swoich domach.<\/p><\/li><li><h2>Sprz\u0119t wodny<\/h2><p>Mi\u0142o\u015bnicy sport\u00f3w wodnych szukaja w ofercie naszych klient\u00f3w produkt\u00f3w niezb\u0119dnych do tego, aby w pe\u0142ni cieszy\u0107 si\u0119 swoim hobby.<\/p><\/li><li><h2>Sztuka i styl \u017cycia<\/h2><p>Tw\u00f3rcom wyj\u0105tkowych dzie\u0142 sztuki i akcesori\u00f3w dekoracyjnych pomagamy dotrze\u0107 do u\u017cytkownik\u00f3w podzielaj\u0105cych ich estetyczny zmys\u0142.<\/p><\/li><li><h2>Upominki i gad\u017cety<\/h2><p>Kto z nas nie lubi obdarowywa\u0107 innych wyj\u0105tkowymi prezentami? Umo\u017cliwiamy u\u017cytkownikom dost\u0119p do szerokiej oferty sklep\u00f3w, dzi\u0119ki czemu zawsze znajd\u0105 odpowiedni\u0105 inspiracj\u0119.<\/p><\/li><li><h2>Zabawki<\/h2><p>Nie ma nic wspanialszego od u\u015bmiechu na twarzy dziecka. Szerok\u0105 ofert\u0119 sklep\u00f3w z zabawkami targetujemy do m\u0142odych konsument\u00f3w i ich rodzic\u00f3w, tak aby zaspokoi\u0107 nawet najbardziej wymagaj\u0105ce gusta.<\/p><\/li><li><h2>Zdrowie i uroda<\/h2><p>U\u017cytkownicy dbaj\u0105cy o swoje zdrowie i wygl\u0105d szukaj\u0105 w internecie sposob\u00f3w rozwi\u0105zania r\u00f3\u017cnych problem\u00f3w, niedoskona\u0142o\u015bci, opinii na temat konkretnych produkt\u00f3w. Dlatego staramy si\u0119 dotrze\u0107 z ofert\u0105 naszych Klient\u00f3w do opiniotw\u00f3rczych bloger\u00f3w i innych serwis\u00f3w z dobrze dopasowan\u0105 tre\u015bci\u0105.<\/p><\/li><li><h2>Zwierz\u0119ta<\/h2><p>Czworono\u017cni przyjaciele, wodni mieszka\u0144cy, gryzonie i ca\u0142a reszta \u2013 to w\u0142a\u015bnie dla nich stworzona zosta\u0142a oferta naszych Klient\u00f3w, kt\u00f3rzy odnosz\u0105 sukcesy dostarczaj\u0105c produkty niezb\u0119dne naszym ma\u0142ym przyjacio\u0142om.<\/p><\/li><\/ul><\/div><\/div><\/div>[\/vc_column][\/vc_row]<\/p>\n<\/div>","protected":false},"excerpt":{"rendered":"<p>[vc_row css=&#8221;.vc_custom_1607985001608{background-color: #f79737 !important;}&#8221; classes=&#8221;tt-single-industry tt-shopping&#8221;][vc_column][\/vc_column][\/vc_row][vc_row][vc_column][\/vc_column][\/vc_row]<\/p>\n","protected":false},"author":69,"featured_media":0,"parent":13303,"menu_order":0,"comment_status":"closed","ping_status":"closed","template":"","meta":{"inline_featured_image":false,"_monsterinsights_skip_tracking":false,"_monsterinsights_sitenote_active":false,"_monsterinsights_sitenote_note":"","_monsterinsights_sitenote_category":0,"footnotes":""},"class_list":["post-26566","page","type-page","status-publish","hentry"],"yoast_head":"<!-- This site is optimized with the Yoast SEO Premium plugin v27.0 (Yoast SEO v27.0) - https:\/\/yoast.com\/product\/yoast-seo-premium-wordpress\/ -->\n<title>Shopping - TradeTracker.com | Affiliate Marketing | Performance Marketing<\/title>\n<meta name=\"description\" content=\"ZAKUPYGenerujemy sprzeda\u017c online poprzez \u0142\u0105czenie odpowiednich Wydawc\u00f3w i Reklamodawc\u00f3w w celu dostarczenia u\u017cytkownikom produkt\u00f3w, kt\u00f3rych potrzebuj\u0105. Nasz do\u015bwiadczony zesp\u00f3\u0142 potrafi elastycznie dostosowa\u0107\" \/>\n<meta name=\"robots\" content=\"index, follow, max-snippet:-1, max-image-preview:large, max-video-preview:-1\" \/>\n<link rel=\"canonical\" href=\"https:\/\/tradetracker.com\/pl\/wp-json\/wp\/v2\/pages\/26566\/\" \/>\n<meta property=\"og:locale\" content=\"pl_PL\" \/>\n<meta property=\"og:type\" content=\"article\" \/>\n<meta property=\"og:title\" content=\"Shopping\" \/>\n<meta property=\"og:description\" content=\"[vc_row css=&#8221;.vc_custom_1607985001608{background-color: #f79737 !important;}&#8221; classes=&#8221;tt-single-industry tt-shopping&#8221;][vc_column][\/vc_column][\/vc_row][vc_row][vc_column][\/vc_column][\/vc_row]\" \/>\n<meta property=\"og:url\" content=\"https:\/\/tradetracker.com\/pl\/reklamodawcy\/zakupy\/\" \/>\n<meta property=\"og:site_name\" content=\"TradeTracker.com | Affiliate Marketing | Performance Marketing\" \/>\n<meta property=\"article:publisher\" content=\"https:\/\/www.facebook.com\/tradetrackercom\" \/>\n<meta property=\"article:modified_time\" content=\"2020-12-17T11:25:39+00:00\" \/>\n<meta property=\"og:image\" content=\"https:\/\/tradetracker.com\/wp-content\/uploads\/2019\/12\/tradetracker-logo-square.png\" \/>\n\t<meta property=\"og:image:width\" content=\"250\" \/>\n\t<meta property=\"og:image:height\" content=\"250\" \/>\n\t<meta property=\"og:image:type\" content=\"image\/png\" \/>\n<meta name=\"twitter:card\" content=\"summary_large_image\" \/>\n<meta name=\"twitter:site\" content=\"@tradetrackercom\" \/>\n<script type=\"application\/ld+json\" class=\"yoast-schema-graph\">{\"@context\":\"https:\/\/schema.org\",\"@graph\":[{\"@type\":\"WebPage\",\"@id\":\"https:\/\/tradetracker.com\/pl\/reklamodawcy\/zakupy\/\",\"url\":\"https:\/\/tradetracker.com\/pl\/reklamodawcy\/zakupy\/\",\"name\":\"Shopping - TradeTracker.com | Affiliate Marketing | Performance Marketing\",\"isPartOf\":{\"@id\":\"https:\/\/tradetracker.com\/pl\/#website\"},\"datePublished\":\"2016-12-12T11:52:36+00:00\",\"dateModified\":\"2020-12-17T11:25:39+00:00\",\"breadcrumb\":{\"@id\":\"https:\/\/tradetracker.com\/pl\/reklamodawcy\/zakupy\/#breadcrumb\"},\"inLanguage\":\"pl-PL\",\"potentialAction\":[{\"@type\":\"ReadAction\",\"target\":[\"https:\/\/tradetracker.com\/pl\/reklamodawcy\/zakupy\/\"]}]},{\"@type\":\"BreadcrumbList\",\"@id\":\"https:\/\/tradetracker.com\/pl\/reklamodawcy\/zakupy\/#breadcrumb\",\"itemListElement\":[{\"@type\":\"ListItem\",\"position\":1,\"name\":\"Home\",\"item\":\"https:\/\/tradetracker.com\/pl\/\"},{\"@type\":\"ListItem\",\"position\":2,\"name\":\"Advertisers\",\"item\":\"https:\/\/tradetracker.com\/pl\/reklamodawcy\/\"},{\"@type\":\"ListItem\",\"position\":3,\"name\":\"Shopping\"}]},{\"@type\":\"WebSite\",\"@id\":\"https:\/\/tradetracker.com\/pl\/#website\",\"url\":\"https:\/\/tradetracker.com\/pl\/\",\"name\":\"TradeTracker.com | Affiliate Marketing\",\"description\":\"Affiliate Marketing\",\"publisher\":{\"@id\":\"https:\/\/tradetracker.com\/pl\/#organization\"},\"potentialAction\":[{\"@type\":\"SearchAction\",\"target\":{\"@type\":\"EntryPoint\",\"urlTemplate\":\"https:\/\/tradetracker.com\/pl\/?s={search_term_string}\"},\"query-input\":{\"@type\":\"PropertyValueSpecification\",\"valueRequired\":true,\"valueName\":\"search_term_string\"}}],\"inLanguage\":\"pl-PL\"},{\"@type\":\"Organization\",\"@id\":\"https:\/\/tradetracker.com\/pl\/#organization\",\"name\":\"TradeTracker FZ LLC\",\"url\":\"https:\/\/tradetracker.com\/pl\/\",\"logo\":{\"@type\":\"ImageObject\",\"inLanguage\":\"pl-PL\",\"@id\":\"https:\/\/tradetracker.com\/pl\/#\/schema\/logo\/image\/\",\"url\":\"https:\/\/tradetracker.com\/wp-content\/uploads\/2019\/04\/tradetracker-logo_1.jpg\",\"contentUrl\":\"https:\/\/tradetracker.com\/wp-content\/uploads\/2019\/04\/tradetracker-logo_1.jpg\",\"width\":672,\"height\":109,\"caption\":\"TradeTracker FZ LLC\"},\"image\":{\"@id\":\"https:\/\/tradetracker.com\/pl\/#\/schema\/logo\/image\/\"},\"sameAs\":[\"https:\/\/www.facebook.com\/tradetrackercom\",\"https:\/\/x.com\/tradetrackercom\",\"https:\/\/www.linkedin.com\/company\/tradetrackercom\",\"https:\/\/www.youtube.com\/channel\/UCHiq-oir3qOorxO-8nLjIcQ\"],\"description\":\"TradeTracker is a global affiliate marketing platform that connects advertisers and publishers to create successful online campaigns. With its user-friendly interface, advanced tracking technology, and real-time reporting, TradeTracker provides the tools to optimize performance and boost conversions. Operating in over 20 countries, TradeTracker is renowned for its transparency, innovative solutions, and personalized support. It has been consistently chosen as the leading affiliate network worldwide, a testament to its excellence in the industry. Advertisers benefit from access to a vast network of publishers, while publishers enjoy a diverse range of campaigns and attractive earning opportunities. The platform continues to revolutionize the affiliate marketing industry with technologies like Real Attribution, ensuring fair commission distribution. TradeTracker empowers businesses to achieve their online no cure no pay advertising goals efficiently and effectively. With superior technology, unparalleled customer service, and innovative solutions, TradeTracker consistently outperforms competitors like Awin, TradeDoubler, CJ, and Webgains, making it the preferred choice for advertisers and publishers worldwide.\",\"legalName\":\"TradeTracker.com\",\"foundingDate\":\"2004-03-05\",\"numberOfEmployees\":{\"@type\":\"QuantitativeValue\",\"minValue\":\"201\",\"maxValue\":\"500\"}}]}<\/script>\n<!-- \/ Yoast SEO Premium plugin. -->","yoast_head_json":{"title":"Shopping - TradeTracker.com | Affiliate Marketing | Performance Marketing","description":"ZAKUPYGenerujemy sprzeda\u017c online poprzez \u0142\u0105czenie odpowiednich Wydawc\u00f3w i Reklamodawc\u00f3w w celu dostarczenia u\u017cytkownikom produkt\u00f3w, kt\u00f3rych potrzebuj\u0105. Nasz do\u015bwiadczony zesp\u00f3\u0142 potrafi elastycznie dostosowa\u0107","robots":{"index":"index","follow":"follow","max-snippet":"max-snippet:-1","max-image-preview":"max-image-preview:large","max-video-preview":"max-video-preview:-1"},"canonical":"https:\/\/tradetracker.com\/pl\/wp-json\/wp\/v2\/pages\/26566\/","og_locale":"pl_PL","og_type":"article","og_title":"Shopping","og_description":"[vc_row css=&#8221;.vc_custom_1607985001608{background-color: #f79737 !important;}&#8221; classes=&#8221;tt-single-industry tt-shopping&#8221;][vc_column][\/vc_column][\/vc_row][vc_row][vc_column][\/vc_column][\/vc_row]","og_url":"https:\/\/tradetracker.com\/pl\/reklamodawcy\/zakupy\/","og_site_name":"TradeTracker.com | Affiliate Marketing | Performance Marketing","article_publisher":"https:\/\/www.facebook.com\/tradetrackercom","article_modified_time":"2020-12-17T11:25:39+00:00","og_image":[{"width":250,"height":250,"url":"https:\/\/tradetracker.com\/wp-content\/uploads\/2019\/12\/tradetracker-logo-square.png","type":"image\/png"}],"twitter_card":"summary_large_image","twitter_site":"@tradetrackercom","schema":{"@context":"https:\/\/schema.org","@graph":[{"@type":"WebPage","@id":"https:\/\/tradetracker.com\/pl\/reklamodawcy\/zakupy\/","url":"https:\/\/tradetracker.com\/pl\/reklamodawcy\/zakupy\/","name":"Shopping - TradeTracker.com | Affiliate Marketing | Performance Marketing","isPartOf":{"@id":"https:\/\/tradetracker.com\/pl\/#website"},"datePublished":"2016-12-12T11:52:36+00:00","dateModified":"2020-12-17T11:25:39+00:00","breadcrumb":{"@id":"https:\/\/tradetracker.com\/pl\/reklamodawcy\/zakupy\/#breadcrumb"},"inLanguage":"pl-PL","potentialAction":[{"@type":"ReadAction","target":["https:\/\/tradetracker.com\/pl\/reklamodawcy\/zakupy\/"]}]},{"@type":"BreadcrumbList","@id":"https:\/\/tradetracker.com\/pl\/reklamodawcy\/zakupy\/#breadcrumb","itemListElement":[{"@type":"ListItem","position":1,"name":"Home","item":"https:\/\/tradetracker.com\/pl\/"},{"@type":"ListItem","position":2,"name":"Advertisers","item":"https:\/\/tradetracker.com\/pl\/reklamodawcy\/"},{"@type":"ListItem","position":3,"name":"Shopping"}]},{"@type":"WebSite","@id":"https:\/\/tradetracker.com\/pl\/#website","url":"https:\/\/tradetracker.com\/pl\/","name":"TradeTracker.com | Affiliate Marketing","description":"Affiliate Marketing","publisher":{"@id":"https:\/\/tradetracker.com\/pl\/#organization"},"potentialAction":[{"@type":"SearchAction","target":{"@type":"EntryPoint","urlTemplate":"https:\/\/tradetracker.com\/pl\/?s={search_term_string}"},"query-input":{"@type":"PropertyValueSpecification","valueRequired":true,"valueName":"search_term_string"}}],"inLanguage":"pl-PL"},{"@type":"Organization","@id":"https:\/\/tradetracker.com\/pl\/#organization","name":"TradeTracker FZ LLC","url":"https:\/\/tradetracker.com\/pl\/","logo":{"@type":"ImageObject","inLanguage":"pl-PL","@id":"https:\/\/tradetracker.com\/pl\/#\/schema\/logo\/image\/","url":"https:\/\/tradetracker.com\/wp-content\/uploads\/2019\/04\/tradetracker-logo_1.jpg","contentUrl":"https:\/\/tradetracker.com\/wp-content\/uploads\/2019\/04\/tradetracker-logo_1.jpg","width":672,"height":109,"caption":"TradeTracker FZ LLC"},"image":{"@id":"https:\/\/tradetracker.com\/pl\/#\/schema\/logo\/image\/"},"sameAs":["https:\/\/www.facebook.com\/tradetrackercom","https:\/\/x.com\/tradetrackercom","https:\/\/www.linkedin.com\/company\/tradetrackercom","https:\/\/www.youtube.com\/channel\/UCHiq-oir3qOorxO-8nLjIcQ"],"description":"TradeTracker is a global affiliate marketing platform that connects advertisers and publishers to create successful online campaigns. With its user-friendly interface, advanced tracking technology, and real-time reporting, TradeTracker provides the tools to optimize performance and boost conversions. Operating in over 20 countries, TradeTracker is renowned for its transparency, innovative solutions, and personalized support. It has been consistently chosen as the leading affiliate network worldwide, a testament to its excellence in the industry. Advertisers benefit from access to a vast network of publishers, while publishers enjoy a diverse range of campaigns and attractive earning opportunities. The platform continues to revolutionize the affiliate marketing industry with technologies like Real Attribution, ensuring fair commission distribution. TradeTracker empowers businesses to achieve their online no cure no pay advertising goals efficiently and effectively. With superior technology, unparalleled customer service, and innovative solutions, TradeTracker consistently outperforms competitors like Awin, TradeDoubler, CJ, and Webgains, making it the preferred choice for advertisers and publishers worldwide.","legalName":"TradeTracker.com","foundingDate":"2004-03-05","numberOfEmployees":{"@type":"QuantitativeValue","minValue":"201","maxValue":"500"}}]}},"_links":{"self":[{"href":"https:\/\/tradetracker.com\/pl\/wp-json\/wp\/v2\/pages\/26566","targetHints":{"allow":["GET"]}}],"collection":[{"href":"https:\/\/tradetracker.com\/pl\/wp-json\/wp\/v2\/pages"}],"about":[{"href":"https:\/\/tradetracker.com\/pl\/wp-json\/wp\/v2\/types\/page"}],"author":[{"embeddable":true,"href":"https:\/\/tradetracker.com\/pl\/wp-json\/wp\/v2\/users\/69"}],"replies":[{"embeddable":true,"href":"https:\/\/tradetracker.com\/pl\/wp-json\/wp\/v2\/comments?post=26566"}],"version-history":[{"count":0,"href":"https:\/\/tradetracker.com\/pl\/wp-json\/wp\/v2\/pages\/26566\/revisions"}],"up":[{"embeddable":true,"href":"https:\/\/tradetracker.com\/pl\/wp-json\/wp\/v2\/pages\/13303"}],"wp:attachment":[{"href":"https:\/\/tradetracker.com\/pl\/wp-json\/wp\/v2\/media?parent=26566"}],"curies":[{"name":"wp","href":"https:\/\/api.w.org\/{rel}","templated":true}]}}