{"id":30624,"date":"2017-02-15T06:57:59","date_gmt":"2017-02-15T06:57:59","guid":{"rendered":"https:\/\/tradetracker.com\/pl\/privacy-policy\/how-we-use-cookies\/"},"modified":"2020-01-20T14:13:37","modified_gmt":"2020-01-20T14:13:37","slug":"jak-korzystamy-z-cookies","status":"publish","type":"page","link":"https:\/\/tradetracker.com\/pl\/privacy-policy\/jak-korzystamy-z-cookies\/","title":{"rendered":"How we use cookies"},"content":{"rendered":"<div class=\"wpb-content-wrapper\"><p>[vc_row classes=&#8221;static-page-intro short cookies-page bg-pattern full-width&#8221; css=&#8221;.vc_custom_1488803387462{background-image: url(https:\/\/tradetracker.com\/wp-content\/uploads\/2016\/12\/books.png?id=358) !important;}&#8221;][vc_column]<div class=\"row\"><div class=\"vc_col-sm-12\"><div class=\" static-page-intro-text \"><h1  class=\"\">JAK U\u017bYWAMY PLIK\u00d3W COOKIE<\/h1><\/div>\r\n        <\/div>\r\n    <\/div>[\/vc_column][\/vc_row][vc_row][vc_column]<div class=\"space\"><\/div>[vc_wp_text]<\/p>\n<p>Pliki cookie to niewielkie pliki tekstowe przechowywane na Twoim komputerze. Zawieraj\u0105 mi\u0119dzy innymi dane dotycz\u0105ce logowania lub ustawienia Twoich preferencji na wybranych witrynach. Dost\u0119p do tych danych mo\u017cesz uzyska\u0107 poprzez w\u0142asn\u0105 przegl\u0105dark\u0119.<\/p>\n<h3>Pliki cookie konta u\u017cytkownika<\/h3>\n<p>Pliki cookie u\u017cywane wewn\u0105trz domeny TradeTracker s\u0105 powi\u0105zane z Twoim kontem. Wi\u0119kszo\u015b\u0107 z nich jest niezb\u0119dna do prawid\u0142owego funkcjonowania Twojego panelu i nie s\u0105 w nich przechowywane \u017cadne dane osobowe. Poni\u017cej znajduje si\u0119 tabela, w kt\u00f3rej wyszczeg\u00f3lnione s\u0105 informacje zawarte w plikach cookie u\u017cywanych wewn\u0105trz naszej domeny.<\/p>\n<h3>Ciasteczka konta<\/h3>\n<p>Ciasteczka u\u017cywane przez domen\u0119 TradeTracker s\u0105 zwi\u0105zane z Twoim kontem TradeTracker. Wi\u0119kszo\u015b\u0107 z nich jest potrzebna aby Twoje konto funkcjonowa\u0142o prawid\u0142owo. Nie przechowujemy \u017cadnych prywatnych informacji w tych ciasteczkach. Poni\u017cej znajduje si\u0119 szczeg\u00f3\u0142owa tabela zawieraj\u0105ca informacje dla ka\u017cdego ciasteczka u\u017cywanego g\u0142\u00f3wnie przez domen\u0119 &#8220;tradetracker.com&#8221;.<\/p>\n<p>[\/vc_wp_text]<div class=\"space\"><\/div><div class=\"table-content color1 table-center table-striped\">\r\n\t\t\t<table>\r\n\t\t\t\t<tbody><tr><th>Name<\/th>\r\n        <th>Type<\/th>\r\n        <th> Description<\/th>\r\n        <th>Expires<\/th><\/tr><tr><td>TT_allowCookies<\/td><td>Functional (1st party)<\/td><td>Dzi\u0119ki temu ciasteczku, przechowywane s\u0105 informacj\u0119 dotycz\u0105ce preferencji u\u017cytkownika wzgl\u0119dem danej strony. W tym ciasteczku nie s\u0105 przechowywane \u017cadne prywatne informacje.<\/td><td>Po 2 roku.<\/td><\/tr><tr><td>ttagency_*<\/td><td>Functional (1st party)<\/td><td>Kiedy agencja pomy\u015blnie zaloguje si\u0119 do naszego oprogramowania, poszczeg\u00f3lne zakodowane w\u0142a\u015bciwo\u015bci u\u017cytkownika s\u0105 przechowywane w tym ciasteczku. W tym ciasteczku nie s\u0105 przechowywane \u017cadne prywatne informacje.<\/td><td>No koniec sesji, chyba \u017ce by\u0142a odznaczona opcja \"Pami\u0119taj mnie\", wtedy ciasteczko wygasa po 2 roku<\/td><\/tr><tr><td>ttuser_*<\/td><td>Functional (1st party)<\/td><td>Kiedy wydawca lub reklamodawca pomy\u015blnie zaloguje si\u0119 do naszego oprogramowania, poszczeg\u00f3lne zakodowane w\u0142a\u015bciwo\u015bci u\u017cytkownika s\u0105 przechowywane w tym ciasteczku. W tym ciasteczku nie s\u0105 przechowywane \u017cadne prywatne informacje.<\/td><td>No koniec sesji, chyba \u017ce by\u0142a odznaczona opcja \"Pami\u0119taj mnie\", wtedy ciasteczko wygasa po 2 roku<\/td><\/tr><tr><td>xmlhttp<\/td><td>Functional (1st party)<\/td><td>U\u017cywane do okre\u015blenia czy XMLHTTP jest dozwolone na urz\u0105dzeniu u\u017cytkownika, jest to potrzebne do dzia\u0142ania okre\u015blonych funkcjonalno\u015bci oprogramowania. W tym ciasteczku nie s\u0105 przechowywane \u017cadne prywatne informacje.<\/td><td>Na ko\u0144cu sesji<\/td><\/tr><tr><td>affiliateSiteIDs<\/td><td>Functional (1st party)<\/td><td>Strony wydawcy, kt\u00f3re u\u017cytkownik chce za\u0142adowa\u0107 w sekcji prywatnego oprogramowania. W tym ciasteczku nie s\u0105 przechowywane \u017cadne prywatne informacje.<\/td><td>Po 1 miesi\u0105c.<\/td><\/tr><tr><td>campaignIDs<\/td><td>Functional (1st party)<\/td><td>Strony reklamodawcy, kt\u00f3re u\u017cytkownik chce za\u0142adowa\u0107 w sekcji prywatnego oprogramowania. W tym ciasteczku nie s\u0105 przechowywane \u017cadne prywatne informacje.<\/td><td>Po 1 miesi\u0105c.<\/td><\/tr><tr><td>companyID<\/td><td>Functional (1st party)<\/td><td>Kraje, kt\u00f3re u\u017cytkownik chce za\u0142adowa\u0107 w sekcji prywatnego oprogramowania. W tym ciasteczku nie s\u0105 przechowywane \u017cadne prywatne informacje.<\/td><td>Po 1 miesi\u0105c.<\/td><\/tr><tr><td>locale_*<\/td><td>Functional (1st party)<\/td><td>W tym ciasteczku przechowywana jest decyzja odno\u015bnie wyboru j\u0119zyka przez u\u017cytkownika. W tym ciasteczku nie s\u0105 przechowywane \u017cadne prywatne informacje.<\/td><td>Po 1 miesi\u0105c.<\/td><\/tr><\/tbody><\/table><\/div>\r\n\t\t<div class=\"space\"><\/div>[vc_wp_text]<\/p>\n<h3>Ciasteczka mierz\u0105ce<\/h3>\n<p>TradeTracker oferuje us\u0142ugi kt\u00f3re wymagaj\u0105 mierzenia ruchu i wydajno\u015bci jednej strony (wydawcy) dla innej (reklamodawcy). Jako regularny odwiedzaj\u0105cy online, nie b\u0119dziesz bezpo\u015brednio po\u0142\u0105czony z tymi ciasteczkami. TradeTracker u\u017cywa ciasteczek aby upewni\u0107 si\u0119, \u017ce do prawid\u0142owej strony internetowej przypisane s\u0105 prawid\u0142owe statystyki. W tych ciasteczkach przechowywane s\u0105 niewykrywalne i nieprywatne informacje na temat odwiedzaj\u0105cego. Odsy\u0142aj\u0105cy wydawca mo\u017ce by\u0107 p\u00f3\u017aniej nagrodzony za wygenerowany ruch.<\/p>\n<p>Liczne us\u0142ugi internetowe s\u0105 nadal darmowe poniewa\u017c strony te zostaj\u0105 nagradzane za wygenerowany ruch. Wi\u0119kszo\u015b\u0107 u\u017cytkownik\u00f3w internetu preferuje taki spos\u00f3b u\u017cytkowania internetu zamiast konieczno\u015bci p\u0142acenia za ka\u017cd\u0105 us\u0142ug\u0119. Poni\u017cej znajduje si\u0119 szczeg\u00f3\u0142owa tabela zawieraj\u0105ca informacje na temat ka\u017cdego ciasteczka mierz\u0105cego u\u017cywanego g\u0142\u00f3wnie przez domen\u0119 &#8220;tradetracker.com&#8221;.<\/p>\n<p>[\/vc_wp_text]<div class=\"space\"><\/div><div class=\"table-content color1 table-center table-striped\">\r\n\t\t\t<table>\r\n\t\t\t\t<tbody><tr><th>Name<\/th>\r\n        <th>Type<\/th>\r\n        <th> Description<\/th>\r\n        <th>Expires<\/th><\/tr><tr><td>_pk_*<\/td><td>Non-functional (1st party)<\/td><td>W tych ciasteczkach przechowywane s\u0105 dane Piwik Analytics, kt\u00f3re s\u0105 stosowane do analizy ruchu na naszych w\u0142asnych stronach. W tych ciasteczkach nie s\u0105 przechowywane \u017cadne prywatne informacje.<\/td><td>Po 2 roku<\/td><\/tr><tr><td>pi*<\/td><td>Non-functional (3rd party)<\/td><td>Wykorzystywane dla kampanii stosuj\u0105cych post impression. W tym ciasteczku nie s\u0105 przechowywane \u017cadne prywatne informacje.<\/td><td>W zale\u017cno\u015bci od sytuacji, maksymalnie 100 dnia.<\/td><\/tr><tr><td>__tdat*<\/td><td>Non-functional (3rd party)<\/td><td>W przypadku przekierowania przez link afiliacyjny, ciasteczko przechowuje informacje o stronie wydawcy, materia\u0142ach promocyjnych, oraz dodatkowych zmiennych nadanych przez wydawc\u0119, \u017ceby umo\u017cliwi\u0107 p\u00f3\u017aniejsze przypisanie prowizji wydawcy. W tym ciasteczku nie s\u0105 przechowywane \u017cadne prywatne informacje.<\/td><td>W zale\u017cno\u015bci od sytuacji, maksymalnie 365 dnia<\/td><\/tr><tr><td>__bctdat<\/td><td>Non-functional (3rd party)<\/td><td>Informacje powi\u0105zane z klikni\u0119ciem. W tym ciasteczku nie s\u0105 przechowywane \u017cadne prywatne informacje<\/td><td>Na ko\u0144cu sesji<\/td><\/tr><\/tbody><\/table><\/div>\r\n\t\t<div class=\"space\"><\/div>[vc_wp_text]<\/p>\n<h3>Usuwanie ciasteczek<\/h3>\n<p>W naszych ciasteczkach nie s\u0105 przechowywane \u017cadne prywatne informacje umo\u017cliwiaj\u0105ce identyfikacj\u0119. Jednak\u017ce je\u015bli chcesz usun\u0105\u0107 ciasteczka mo\u017cesz zrobi\u0107 to poprzez zmienienie ustawie\u0144 swojej wyszukiwarki. Ciasteczka powi\u0105zane z Twoim kontem TradeTracker i analiz\u0105 mog\u0105 zosta\u0107 skasowane poprzez wyszukanie ciasteczek ustawionych na domenie tradetracker.com. Ciasteczka mierz\u0105ce ustawione s\u0105 na domenie tradetracker.net.<\/p>\n<p>Je\u017celi chcesz przeszukiwa\u0107 internet bez konieczno\u015bci radzenia sobie z ciasteczkami, mo\u017cesz rozwa\u017cy\u0107 ustawienie &#8220;Sesji Prywatnej&#8221; w swojej wyszukiwarce. Pami\u0119taj jednak, \u017ce b\u0119dziesz musia\u0142 logowa\u0107 si\u0119 na ka\u017cdej stronie ponownie po zamkni\u0119ciu danej &#8220;Sesji Prywatnej&#8221;.<\/p>\n<h3>\u015aledz\u0105ce pliki cookie<\/h3>\n<p>TradeTracker oferuje us\u0142ugi, kt\u00f3re wymagaj\u0105 ci\u0105g\u0142ego monitorowania ruchu z witryny Wydawcy do witryny Reklamodawcy. Aby upewni\u0107 si\u0119, \u017ce wszystkie statystyki s\u0105 przypisane do odpowiednich witryn, TradeTracker u\u017cywa plik\u00f3w cookie, wewn\u0105trz kt\u00f3rych przechowywane s\u0105 niewykrywalne dane dotycz\u0105ce u\u017cytkownika. Pliki te s\u0142u\u017c\u0105 p\u00f3\u017aniej do zidentyfikowania Wydawcy, kt\u00f3ry powinien otrzyma\u0107 wynagrodzenie za dan\u0105 transakcj\u0119.<\/p>\n<p>Wiele us\u0142ug dost\u0119pnych w internecie jest bezp\u0142atnych poniewa\u017c witryny otrzymuj\u0105 wynagrodzenie za ruch przes\u0142any na strony Reklamodawc\u00f3w. Poni\u017cej znajduje si\u0119 tabela, w kt\u00f3rej wyszczeg\u00f3lnione s\u0105 informacje zawarte w plikach cookie u\u017cywanych wewn\u0105trz naszej domeny.<\/p>\n<h3>Usuwanie plik\u00f3w cookie<\/h3>\n<p>Pliki cookie nie przechowuj\u0105 \u017cadnych danych osobowych. Je\u015bli jednak mimo to chcesz usun\u0105\u0107 pliki cookie, mo\u017cesz to zrobi\u0107 w zak\u0142adce Ustawienia w swojej przegl\u0105darce. Pliki cookie zwi\u0105zane z Twoim kontem TradeTracker przechowywane s\u0105 w domenie tradetracker.com, natomiast \u015bledz\u0105ce pliki cookie przechowywane s\u0105 w domenie tradetracker.net.<\/p>\n<p>Je\u017celi w przysz\u0142o\u015bci chcia\u0142by\u015b przegl\u0105da\u0107 internet bez ingerencji plik\u00f3w cookie, mo\u017cesz skorzysta\u0107 z opcji \u201cincognito\u201d w przegl\u0105darce. Pami\u0119taj jednak, \u017ce po zamkni\u0119ciu sesji \u201cincognito\u201d b\u0119dziesz musia\u0142 zalogowa\u0107 si\u0119 ponownie.<\/p>\n<p><a href=\"http:\/\/wszystkoociasteczkach.pl\/\" target=\"_blank\" rel=\"noopener noreferrer nofollow\" class=\"external\">Wi\u0119cej informacji na temat plik\u00f3w cookie znajdziesz tutaj.<\/a><\/p>\n<p>[\/vc_wp_text]<div class=\"space\"><\/div>[\/vc_column][\/vc_row]<\/p>\n<\/div>","protected":false},"excerpt":{"rendered":"<p>[vc_row classes=&#8221;static-page-intro short cookies-page bg-pattern full-width&#8221; css=&#8221;.vc_custom_1488803387462{background-image: url(https:\/\/tradetracker.com\/wp-content\/uploads\/2016\/12\/books.png?id=358) !important;}&#8221;][vc_column][\/vc_column][\/vc_row][vc_row][vc_column][vc_wp_text] Pliki cookie to niewielkie pliki tekstowe przechowywane na Twoim komputerze. Zawieraj\u0105 mi\u0119dzy innymi dane dotycz\u0105ce logowania lub ustawienia Twoich preferencji na wybranych witrynach. Dost\u0119p do tych danych mo\u017cesz uzyska\u0107 poprzez w\u0142asn\u0105 przegl\u0105dark\u0119. Pliki cookie konta u\u017cytkownika Pliki cookie u\u017cywane wewn\u0105trz domeny TradeTracker s\u0105 powi\u0105zane z Twoim  [&#8230;]<\/p>\n","protected":false},"author":69,"featured_media":0,"parent":13559,"menu_order":0,"comment_status":"closed","ping_status":"closed","template":"template-privacy-page.php","meta":{"inline_featured_image":false,"_monsterinsights_skip_tracking":false,"_monsterinsights_sitenote_active":false,"_monsterinsights_sitenote_note":"","_monsterinsights_sitenote_category":0,"footnotes":""},"class_list":["post-30624","page","type-page","status-publish","hentry"],"yoast_head":"<!-- This site is optimized with the Yoast SEO Premium plugin v27.0 (Yoast SEO v27.0) - https:\/\/yoast.com\/product\/yoast-seo-premium-wordpress\/ -->\n<title>How we use cookies - TradeTracker.com | Affiliate Marketing | Performance Marketing<\/title>\n<meta name=\"description\" content=\"[vc_row classes=&quot;static-page-intro short cookies-page bg-pattern full-width&quot; css=&quot;.vc_custom_1488803387462{background-image: url(https:\/\/tradetracker.com\/wp-content\/uploads\/2016\/12\/books.png?id=358)\" \/>\n<meta name=\"robots\" content=\"index, follow, max-snippet:-1, max-image-preview:large, max-video-preview:-1\" \/>\n<link rel=\"canonical\" href=\"https:\/\/tradetracker.com\/pl\/wp-json\/wp\/v2\/pages\/30624\/\" \/>\n<meta property=\"og:locale\" content=\"pl_PL\" \/>\n<meta property=\"og:type\" content=\"article\" \/>\n<meta property=\"og:title\" content=\"How we use cookies TradeTracker.com\" \/>\n<meta property=\"og:description\" content=\"[vc_row classes=&#8221;static-page-intro short cookies-page\" \/>\n<meta property=\"og:url\" content=\"https:\/\/tradetracker.com\/pl\/privacy-policy\/jak-korzystamy-z-cookies\/\" \/>\n<meta property=\"og:site_name\" content=\"TradeTracker.com | Affiliate Marketing | Performance Marketing\" \/>\n<meta property=\"article:publisher\" content=\"https:\/\/www.facebook.com\/tradetrackercom\" \/>\n<meta property=\"article:modified_time\" content=\"2020-01-20T14:13:37+00:00\" \/>\n<meta property=\"og:image\" content=\"https:\/\/tradetracker.com\/wp-content\/uploads\/2019\/12\/tradetracker-logo-square.png\" \/>\n\t<meta property=\"og:image:width\" content=\"250\" \/>\n\t<meta property=\"og:image:height\" content=\"250\" \/>\n\t<meta property=\"og:image:type\" content=\"image\/png\" \/>\n<meta name=\"twitter:card\" content=\"summary_large_image\" \/>\n<meta name=\"twitter:title\" content=\"How we use cookies\" \/>\n<meta name=\"twitter:description\" content=\"[vc_row classes=&quot;static-page-intro short cookies-page bg-pattern full-width&quot; css=&quot;.vc_custom_1488803387462{background-image: \" \/>\n<meta name=\"twitter:image\" content=\"https:\/\/tradetracker.com\/assets\/tt-circles.png\" \/>\n<meta name=\"twitter:site\" content=\"@tradetrackercom\" \/>\n<meta name=\"twitter:label1\" content=\"Est. reading time\" \/>\n\t<meta name=\"twitter:data1\" content=\"4 minutes\" \/>\n<script type=\"application\/ld+json\" class=\"yoast-schema-graph\">{\"@context\":\"https:\/\/schema.org\",\"@graph\":[{\"@type\":\"WebPage\",\"@id\":\"https:\/\/tradetracker.com\/pl\/privacy-policy\/jak-korzystamy-z-cookies\/\",\"url\":\"https:\/\/tradetracker.com\/pl\/privacy-policy\/jak-korzystamy-z-cookies\/\",\"name\":\"How we use cookies - TradeTracker.com | Affiliate Marketing | Performance Marketing\",\"isPartOf\":{\"@id\":\"https:\/\/tradetracker.com\/pl\/#website\"},\"datePublished\":\"2017-02-15T06:57:59+00:00\",\"dateModified\":\"2020-01-20T14:13:37+00:00\",\"breadcrumb\":{\"@id\":\"https:\/\/tradetracker.com\/pl\/privacy-policy\/jak-korzystamy-z-cookies\/#breadcrumb\"},\"inLanguage\":\"pl-PL\",\"potentialAction\":[{\"@type\":\"ReadAction\",\"target\":[\"https:\/\/tradetracker.com\/pl\/privacy-policy\/jak-korzystamy-z-cookies\/\"]}]},{\"@type\":\"BreadcrumbList\",\"@id\":\"https:\/\/tradetracker.com\/pl\/privacy-policy\/jak-korzystamy-z-cookies\/#breadcrumb\",\"itemListElement\":[{\"@type\":\"ListItem\",\"position\":1,\"name\":\"Home\",\"item\":\"https:\/\/tradetracker.com\/pl\/\"},{\"@type\":\"ListItem\",\"position\":2,\"name\":\"Privacy Policy\",\"item\":\"https:\/\/tradetracker.com\/pl\/privacy-policy\/\"},{\"@type\":\"ListItem\",\"position\":3,\"name\":\"How we use cookies\"}]},{\"@type\":\"WebSite\",\"@id\":\"https:\/\/tradetracker.com\/pl\/#website\",\"url\":\"https:\/\/tradetracker.com\/pl\/\",\"name\":\"TradeTracker.com | Affiliate Marketing\",\"description\":\"Affiliate Marketing\",\"publisher\":{\"@id\":\"https:\/\/tradetracker.com\/pl\/#organization\"},\"potentialAction\":[{\"@type\":\"SearchAction\",\"target\":{\"@type\":\"EntryPoint\",\"urlTemplate\":\"https:\/\/tradetracker.com\/pl\/?s={search_term_string}\"},\"query-input\":{\"@type\":\"PropertyValueSpecification\",\"valueRequired\":true,\"valueName\":\"search_term_string\"}}],\"inLanguage\":\"pl-PL\"},{\"@type\":\"Organization\",\"@id\":\"https:\/\/tradetracker.com\/pl\/#organization\",\"name\":\"TradeTracker FZ LLC\",\"url\":\"https:\/\/tradetracker.com\/pl\/\",\"logo\":{\"@type\":\"ImageObject\",\"inLanguage\":\"pl-PL\",\"@id\":\"https:\/\/tradetracker.com\/pl\/#\/schema\/logo\/image\/\",\"url\":\"https:\/\/tradetracker.com\/wp-content\/uploads\/2019\/04\/tradetracker-logo_1.jpg\",\"contentUrl\":\"https:\/\/tradetracker.com\/wp-content\/uploads\/2019\/04\/tradetracker-logo_1.jpg\",\"width\":672,\"height\":109,\"caption\":\"TradeTracker FZ LLC\"},\"image\":{\"@id\":\"https:\/\/tradetracker.com\/pl\/#\/schema\/logo\/image\/\"},\"sameAs\":[\"https:\/\/www.facebook.com\/tradetrackercom\",\"https:\/\/x.com\/tradetrackercom\",\"https:\/\/www.linkedin.com\/company\/tradetrackercom\",\"https:\/\/www.youtube.com\/channel\/UCHiq-oir3qOorxO-8nLjIcQ\"],\"description\":\"TradeTracker is a global affiliate marketing platform that connects advertisers and publishers to create successful online campaigns. With its user-friendly interface, advanced tracking technology, and real-time reporting, TradeTracker provides the tools to optimize performance and boost conversions. Operating in over 20 countries, TradeTracker is renowned for its transparency, innovative solutions, and personalized support. It has been consistently chosen as the leading affiliate network worldwide, a testament to its excellence in the industry. Advertisers benefit from access to a vast network of publishers, while publishers enjoy a diverse range of campaigns and attractive earning opportunities. The platform continues to revolutionize the affiliate marketing industry with technologies like Real Attribution, ensuring fair commission distribution. TradeTracker empowers businesses to achieve their online no cure no pay advertising goals efficiently and effectively. With superior technology, unparalleled customer service, and innovative solutions, TradeTracker consistently outperforms competitors like Awin, TradeDoubler, CJ, and Webgains, making it the preferred choice for advertisers and publishers worldwide.\",\"legalName\":\"TradeTracker.com\",\"foundingDate\":\"2004-03-05\",\"numberOfEmployees\":{\"@type\":\"QuantitativeValue\",\"minValue\":\"201\",\"maxValue\":\"500\"}}]}<\/script>\n<!-- \/ Yoast SEO Premium plugin. -->","yoast_head_json":{"title":"How we use cookies - TradeTracker.com | Affiliate Marketing | Performance Marketing","description":"[vc_row classes=\"static-page-intro short cookies-page bg-pattern full-width\" css=\".vc_custom_1488803387462{background-image: url(https:\/\/tradetracker.com\/wp-content\/uploads\/2016\/12\/books.png?id=358)","robots":{"index":"index","follow":"follow","max-snippet":"max-snippet:-1","max-image-preview":"max-image-preview:large","max-video-preview":"max-video-preview:-1"},"canonical":"https:\/\/tradetracker.com\/pl\/wp-json\/wp\/v2\/pages\/30624\/","og_locale":"pl_PL","og_type":"article","og_title":"How we use cookies TradeTracker.com","og_description":"[vc_row classes=&#8221;static-page-intro short cookies-page","og_url":"https:\/\/tradetracker.com\/pl\/privacy-policy\/jak-korzystamy-z-cookies\/","og_site_name":"TradeTracker.com | Affiliate Marketing | Performance Marketing","article_publisher":"https:\/\/www.facebook.com\/tradetrackercom","article_modified_time":"2020-01-20T14:13:37+00:00","og_image":[{"width":250,"height":250,"url":"https:\/\/tradetracker.com\/wp-content\/uploads\/2019\/12\/tradetracker-logo-square.png","type":"image\/png"}],"twitter_card":"summary_large_image","twitter_title":"How we use cookies","twitter_description":"[vc_row classes=\"static-page-intro short cookies-page bg-pattern full-width\" css=\".vc_custom_1488803387462{background-image: ","twitter_image":"https:\/\/tradetracker.com\/assets\/tt-circles.png","twitter_site":"@tradetrackercom","twitter_misc":{"Est. reading time":"4 minutes"},"schema":{"@context":"https:\/\/schema.org","@graph":[{"@type":"WebPage","@id":"https:\/\/tradetracker.com\/pl\/privacy-policy\/jak-korzystamy-z-cookies\/","url":"https:\/\/tradetracker.com\/pl\/privacy-policy\/jak-korzystamy-z-cookies\/","name":"How we use cookies - TradeTracker.com | Affiliate Marketing | Performance Marketing","isPartOf":{"@id":"https:\/\/tradetracker.com\/pl\/#website"},"datePublished":"2017-02-15T06:57:59+00:00","dateModified":"2020-01-20T14:13:37+00:00","breadcrumb":{"@id":"https:\/\/tradetracker.com\/pl\/privacy-policy\/jak-korzystamy-z-cookies\/#breadcrumb"},"inLanguage":"pl-PL","potentialAction":[{"@type":"ReadAction","target":["https:\/\/tradetracker.com\/pl\/privacy-policy\/jak-korzystamy-z-cookies\/"]}]},{"@type":"BreadcrumbList","@id":"https:\/\/tradetracker.com\/pl\/privacy-policy\/jak-korzystamy-z-cookies\/#breadcrumb","itemListElement":[{"@type":"ListItem","position":1,"name":"Home","item":"https:\/\/tradetracker.com\/pl\/"},{"@type":"ListItem","position":2,"name":"Privacy Policy","item":"https:\/\/tradetracker.com\/pl\/privacy-policy\/"},{"@type":"ListItem","position":3,"name":"How we use cookies"}]},{"@type":"WebSite","@id":"https:\/\/tradetracker.com\/pl\/#website","url":"https:\/\/tradetracker.com\/pl\/","name":"TradeTracker.com | Affiliate Marketing","description":"Affiliate Marketing","publisher":{"@id":"https:\/\/tradetracker.com\/pl\/#organization"},"potentialAction":[{"@type":"SearchAction","target":{"@type":"EntryPoint","urlTemplate":"https:\/\/tradetracker.com\/pl\/?s={search_term_string}"},"query-input":{"@type":"PropertyValueSpecification","valueRequired":true,"valueName":"search_term_string"}}],"inLanguage":"pl-PL"},{"@type":"Organization","@id":"https:\/\/tradetracker.com\/pl\/#organization","name":"TradeTracker FZ LLC","url":"https:\/\/tradetracker.com\/pl\/","logo":{"@type":"ImageObject","inLanguage":"pl-PL","@id":"https:\/\/tradetracker.com\/pl\/#\/schema\/logo\/image\/","url":"https:\/\/tradetracker.com\/wp-content\/uploads\/2019\/04\/tradetracker-logo_1.jpg","contentUrl":"https:\/\/tradetracker.com\/wp-content\/uploads\/2019\/04\/tradetracker-logo_1.jpg","width":672,"height":109,"caption":"TradeTracker FZ LLC"},"image":{"@id":"https:\/\/tradetracker.com\/pl\/#\/schema\/logo\/image\/"},"sameAs":["https:\/\/www.facebook.com\/tradetrackercom","https:\/\/x.com\/tradetrackercom","https:\/\/www.linkedin.com\/company\/tradetrackercom","https:\/\/www.youtube.com\/channel\/UCHiq-oir3qOorxO-8nLjIcQ"],"description":"TradeTracker is a global affiliate marketing platform that connects advertisers and publishers to create successful online campaigns. With its user-friendly interface, advanced tracking technology, and real-time reporting, TradeTracker provides the tools to optimize performance and boost conversions. Operating in over 20 countries, TradeTracker is renowned for its transparency, innovative solutions, and personalized support. It has been consistently chosen as the leading affiliate network worldwide, a testament to its excellence in the industry. Advertisers benefit from access to a vast network of publishers, while publishers enjoy a diverse range of campaigns and attractive earning opportunities. The platform continues to revolutionize the affiliate marketing industry with technologies like Real Attribution, ensuring fair commission distribution. TradeTracker empowers businesses to achieve their online no cure no pay advertising goals efficiently and effectively. With superior technology, unparalleled customer service, and innovative solutions, TradeTracker consistently outperforms competitors like Awin, TradeDoubler, CJ, and Webgains, making it the preferred choice for advertisers and publishers worldwide.","legalName":"TradeTracker.com","foundingDate":"2004-03-05","numberOfEmployees":{"@type":"QuantitativeValue","minValue":"201","maxValue":"500"}}]}},"_links":{"self":[{"href":"https:\/\/tradetracker.com\/pl\/wp-json\/wp\/v2\/pages\/30624","targetHints":{"allow":["GET"]}}],"collection":[{"href":"https:\/\/tradetracker.com\/pl\/wp-json\/wp\/v2\/pages"}],"about":[{"href":"https:\/\/tradetracker.com\/pl\/wp-json\/wp\/v2\/types\/page"}],"author":[{"embeddable":true,"href":"https:\/\/tradetracker.com\/pl\/wp-json\/wp\/v2\/users\/69"}],"replies":[{"embeddable":true,"href":"https:\/\/tradetracker.com\/pl\/wp-json\/wp\/v2\/comments?post=30624"}],"version-history":[{"count":0,"href":"https:\/\/tradetracker.com\/pl\/wp-json\/wp\/v2\/pages\/30624\/revisions"}],"up":[{"embeddable":true,"href":"https:\/\/tradetracker.com\/pl\/wp-json\/wp\/v2\/pages\/13559"}],"wp:attachment":[{"href":"https:\/\/tradetracker.com\/pl\/wp-json\/wp\/v2\/media?parent=30624"}],"curies":[{"name":"wp","href":"https:\/\/api.w.org\/{rel}","templated":true}]}}