{"id":120789,"date":"2020-11-10T21:29:23","date_gmt":"2020-11-10T21:29:23","guid":{"rendered":"https:\/\/tradetracker.com\/?page_id=120789"},"modified":"2022-02-22T22:16:41","modified_gmt":"2022-02-22T22:16:41","slug":"events","status":"publish","type":"page","link":"https:\/\/tradetracker.com\/pt\/events\/","title":{"rendered":"Events"},"content":{"rendered":"<div class=\"wpb-content-wrapper\"><p>[vc_row row_markup=&#8221;div&#8221; classes=&#8221;events-heading cs-heading&#8221; el_id=&#8221;events-heading&#8221;][vc_column]<div class=\"row\"><div class=\"vc_col-sm-12\"><div class=\" static-page-intro-text \"><h1  class=\"\">Eventos<\/h1><h2  class=\"\">Encontre as \u00faltimas not\u00edcias no Marketing de Desempenho, dicas e truques sobre como melhorar seu marketing de afiliados, an\u00e1lises detalhadas dos t\u00f3picos por nossos l\u00edderes de opini\u00e3o e vislumbre a vida dentro da TradeTracker ao redor do mundo.<\/h2><\/div>\r\n        <\/div>\r\n    <\/div>[\/vc_column][\/vc_row][vc_row el_id=&#8221;tt-sec-menu&#8221;][vc_column][vc_raw_html]JTIwJTIwJTIwJTIwJTNDZGl2JTIwY2xhc3MlM0QlMjJzY3MtYmFjayUyMHBhcnQtZnVsbHNlY3Rpb24lMjB0dC1zZWMtbWVudSUyMiUzRSUwQSUyMCUyMCUyMCUyMCUyMCUyMCUyMCUyMCUzQ2RpdiUyMGNsYXNzJTNEJTIycm93JTIwc2NzLWJhY2stdGV4dCUyMiUzRSUwQSUyMCUyMCUyMCUyMCUyMCUyMCUyMCUyMCUyMCUyMCUyMCUyMCUzQ2ElMjBjbGFzcyUzRCUyMiUyMiUyMGhyZWYlM0QlMjIlMkZwdCUyRm5ld3MlMkYlMjIlM0VOb3ZpZGFkZXMlM0MlMkZhJTNFJTBBJTIwJTIwJTIwJTIwJTIwJTIwJTIwJTIwJTIwJTIwJTIwJTIwJTNDYSUyMGNsYXNzJTNEJTIyJTIyJTIwaHJlZiUzRCUyMiUyRnB0JTJGYmxvZyUyRiUyMiUzRUJsb2clM0MlMkZhJTNFJTBBJTIwJTIwJTIwJTIwJTIwJTIwJTIwJTIwJTIwJTIwJTIwJTIwJTNDYSUyMGNsYXNzJTNEJTIyYWN0aXZlJTIyJTIwaHJlZiUzRCUyMiUyRnB0JTJGZXZlbnRzJTJGJTIyJTNFRXZlbnRvcyUzQyUyRmElM0UlMEElMjAlMjAlMjAlMjAlMjAlMjAlMjAlMjAlMjAlMjAlMjAlMjAlM0NhJTIwY2xhc3MlM0QlMjIlMjIlMjBocmVmJTNEJTIyJTJGcHQlMkZ2aWRlb3MlMkYlMjIlM0VWaWRlb3MlM0MlMkZhJTNFJTBBJTIwJTIwJTIwJTIwJTIwJTIwJTIwJTIwJTNDJTJGZGl2JTNFJTBBJTIwJTIwJTIwJTIwJTNDJTJGZGl2JTNF[\/vc_raw_html][\/vc_column][\/vc_row][vc_row css=&#8221;.vc_custom_1591365763276{background-color: #f7f7f7 !important;}&#8221; el_id=&#8221;events-heading-content&#8221;][vc_column][vc_row_inner][vc_column_inner][vc_raw_html]JTVCdHRfcG9zdF9maWx0ZXJzJTIwcG9zdF90eXBlJTNEJTIyZXZlbnQlMjIlMjBkZWZhdWx0X3ZpZXclM0QlMjJsaXN0JTIyJTVE[\/vc_raw_html][\/vc_column_inner][\/vc_row_inner][vc_row_inner][vc_column_inner width=&#8221;2\/3&#8243; el_id=&#8221;tt-events-articles&#8221;][vc_raw_html]JTVCdHRfZ2V0X2RlZmF1bHRfcG9zdHMlMjBwb3N0X3R5cGUlM0QlMjJldmVudCUyMiUyMHBvc3RzX3Blcl9wYWdlJTNEJTIyNiUyMiUyMGRlZmF1bHRfdmlldyUzRCUyMmxpc3QlMjIlNUQ=[\/vc_raw_html][\/vc_column_inner][vc_column_inner width=&#8221;1\/3&#8243; el_id=&#8221;tt_events_sidebar&#8221;][vc_raw_html]JTVCdHRfZXZlbnRzX3NpZGViYXIlNUQ=[\/vc_raw_html][\/vc_column_inner][\/vc_row_inner][vc_raw_html]JTNDc2NyaXB0JTIwdHlwZSUzRCUyMnRleHQlMkZqYXZhc2NyaXB0JTIyJTNFJTBBJTIwJTIwJTIwJTIwZnVuY3Rpb24lMjBpbml0TWFwcyUyOCUyOSUyMCU3QiUwQSUyMCUyMCUyMCUyMCUyMCUyMCUyMCUyMGpRdWVyeSUyOCUyMi50dC1ldmVudC1tYXAlMjIlMjkuZWFjaCUyOGZ1bmN0aW9uJTI4JTI5JTdCJTBBJTIwJTIwJTIwJTIwJTIwJTIwJTIwJTIwJTIwJTIwJTIwJTIwdmFyJTIwZXZlbnRfaWQlMjAlM0QlMjBqUXVlcnklMjh0aGlzJTI5LmF0dHIlMjglMjJpZCUyMiUyOSUzQiUwQSUyMCUyMCUyMCUyMCUyMCUyMCUyMCUyMCUyMCUyMCUyMCUyMHZhciUyMGxhdCUyMCUyMCUyMCUyMCUyMCUyMCUzRCUyMHBhcnNlRmxvYXQlMjglMjBqUXVlcnklMjh0aGlzJTI5LmF0dHIlMjglMjJkYXRhLWxhdCUyMiUyOSUyMCUyOSUzQiUwQSUyMCUyMCUyMCUyMCUyMCUyMCUyMCUyMCUyMCUyMCUyMCUyMHZhciUyMGxuZyUyMCUyMCUyMCUyMCUyMCUyMCUzRCUyMHBhcnNlRmxvYXQlMjglMjBqUXVlcnklMjh0aGlzJTI5LmF0dHIlMjglMjJkYXRhLWxuZyUyMiUyOSUyMCUyOSUzQiUwQSUwQSUyMCUyMCUyMCUyMCUyMCUyMCUyMCUyMCUyMCUyMCUyMCUyMGlmJTIwJTI4JTIwJTIxaXNOYU4lMjhsYXQlMjklMjAlMjYlMjYlMjAlMjFpc05hTiUyOGxuZyUyOSUyMCUyOSUyMCU3QiUwQSUyMCUyMCUyMCUyMCUyMCUyMCUyMCUyMCUyMCUyMCUyMCUyMCUyMCUyMCUyMCUyMHZhciUyMGxvYyUyMCUzRCUyMCU3QiUwQSUyMCUyMCUyMCUyMCUyMCUyMCUyMCUyMCUyMCUyMCUyMCUyMCUyMCUyMCUyMCUyMCUyMCUyMCUyMCUyMGxhdCUzQSUyMGxhdCUyQyUwQSUyMCUyMCUyMCUyMCUyMCUyMCUyMCUyMCUyMCUyMCUyMCUyMCUyMCUyMCUyMCUyMCUyMCUyMCUyMCUyMGxuZyUzQSUyMGxuZyUwQSUyMCUyMCUyMCUyMCUyMCUyMCUyMCUyMCUyMCUyMCUyMCUyMCUyMCUyMCUyMCUyMCU3RCUwQSUwQSUyMCUyMCUyMCUyMCUyMCUyMCUyMCUyMCUyMCUyMCUyMCUyMCUyMCUyMCUyMCUyMHZhciUyMG1hcCUyMCUyMCUyMCUyMCUzRCUyMG5ldyUyMGdvb2dsZS5tYXBzLk1hcCUyOCUyMGRvY3VtZW50LmdldEVsZW1lbnRCeUlkJTI4ZXZlbnRfaWQlMjklMkMlMjAlN0J6b29tJTNBJTIwMTQlMkMlMjBjZW50ZXIlM0ElMjBsb2MlMkMlMjBkaXNhYmxlRGVmYXVsdFVJJTNBJTIwdHJ1ZSU3RCUyMCUyOSUzQiUwQSUyMCUyMCUyMCUyMCUyMCUyMCUyMCUyMCUyMCUyMCUyMCUyMCUyMCUyMCUyMCUyMHZhciUyMG1hcmtlciUyMCUzRCUyMG5ldyUyMGdvb2dsZS5tYXBzLk1hcmtlciUyOCU3QnBvc2l0aW9uJTNBJTIwbG9jJTJDJTIwbWFwJTNBJTIwbWFwJTdEJTI5JTNCJTBBJTIwJTIwJTIwJTIwJTIwJTIwJTIwJTIwJTIwJTIwJTIwJTIwJTdEJTBBJTIwJTIwJTIwJTIwJTIwJTIwJTIwJTIwJTdEJTI5JTNCJTBBJTIwJTIwJTIwJTIwJTdEJTBBJTNDJTJGc2NyaXB0JTNF[\/vc_raw_html][\/vc_column][\/vc_row]<\/p>\n<\/div>","protected":false},"excerpt":{"rendered":"<p>[vc_row row_markup=&#8221;div&#8221; classes=&#8221;events-heading cs-heading&#8221; el_id=&#8221;events-heading&#8221;][vc_column][\/vc_column][\/vc_row][vc_row el_id=&#8221;tt-sec-menu&#8221;][vc_column][vc_raw_html]JTIwJTIwJTIwJTIwJTNDZGl2JTIwY2xhc3MlM0QlMjJzY3MtYmFjayUyMHBhcnQtZnVsbHNlY3Rpb24lMjB0dC1zZWMtbWVudSUyMiUzRSUwQSUyMCUyMCUyMCUyMCUyMCUyMCUyMCUyMCUzQ2RpdiUyMGNsYXNzJTNEJTIycm93JTIwc2NzLWJhY2stdGV4dCUyMiUzRSUwQSUyMCUyMCUyMCUyMCUyMCUyMCUyMCUyMCUyMCUyMCUyMCUyMCUzQ2ElMjBjbGFzcyUzRCUyMiUyMiUyMGhyZWYlM0QlMjIlMkZwdCUyRm5ld3MlMkYlMjIlM0VOb3ZpZGFkZXMlM0MlMkZhJTNFJTBBJTIwJTIwJTIwJTIwJTIwJTIwJTIwJTIwJTIwJTIwJTIwJTIwJTNDYSUyMGNsYXNzJTNEJTIyJTIyJTIwaHJlZiUzRCUyMiUyRnB0JTJGYmxvZyUyRiUyMiUzRUJsb2clM0MlMkZhJTNFJTBBJTIwJTIwJTIwJTIwJTIwJTIwJTIwJTIwJTIwJTIwJTIwJTIwJTNDYSUyMGNsYXNzJTNEJTIyYWN0aXZlJTIyJTIwaHJlZiUzRCUyMiUyRnB0JTJGZXZlbnRzJTJGJTIyJTNFRXZlbnRvcyUzQyUyRmElM0UlMEElMjAlMjAlMjAlMjAlMjAlMjAlMjAlMjAlMjAlMjAlMjAlMjAlM0NhJTIwY2xhc3MlM0QlMjIlMjIlMjBocmVmJTNEJTIyJTJGcHQlMkZ2aWRlb3MlMkYlMjIlM0VWaWRlb3MlM0MlMkZhJTNFJTBBJTIwJTIwJTIwJTIwJTIwJTIwJTIwJTIwJTNDJTJGZGl2JTNFJTBBJTIwJTIwJTIwJTIwJTNDJTJGZGl2JTNF[\/vc_raw_html][\/vc_column][\/vc_row][vc_row css=&#8221;.vc_custom_1591365763276{background-color: #f7f7f7 !important;}&#8221; el_id=&#8221;events-heading-content&#8221;][vc_column][vc_row_inner][vc_column_inner][vc_raw_html]JTVCdHRfcG9zdF9maWx0ZXJzJTIwcG9zdF90eXBlJTNEJTIyZXZlbnQlMjIlMjBkZWZhdWx0X3ZpZXclM0QlMjJsaXN0JTIyJTVE[\/vc_raw_html][\/vc_column_inner][\/vc_row_inner][vc_row_inner][vc_column_inner width=&#8221;2\/3&#8243; el_id=&#8221;tt-events-articles&#8221;][vc_raw_html]JTVCdHRfZ2V0X2RlZmF1bHRfcG9zdHMlMjBwb3N0X3R5cGUlM0QlMjJldmVudCUyMiUyMHBvc3RzX3Blcl9wYWdlJTNEJTIyNiUyMiUyMGRlZmF1bHRfdmlldyUzRCUyMmxpc3QlMjIlNUQ=[\/vc_raw_html][\/vc_column_inner][vc_column_inner width=&#8221;1\/3&#8243; el_id=&#8221;tt_events_sidebar&#8221;][vc_raw_html]JTVCdHRfZXZlbnRzX3NpZGViYXIlNUQ=[\/vc_raw_html][\/vc_column_inner][\/vc_row_inner][vc_raw_html]JTNDc2NyaXB0JTIwdHlwZSUzRCUyMnRleHQlMkZqYXZhc2NyaXB0JTIyJTNFJTBBJTIwJTIwJTIwJTIwZnVuY3Rpb24lMjBpbml0TWFwcyUyOCUyOSUyMCU3QiUwQSUyMCUyMCUyMCUyMCUyMCUyMCUyMCUyMGpRdWVyeSUyOCUyMi50dC1ldmVudC1tYXAlMjIlMjkuZWFjaCUyOGZ1bmN0aW9uJTI4JTI5JTdCJTBBJTIwJTIwJTIwJTIwJTIwJTIwJTIwJTIwJTIwJTIwJTIwJTIwdmFyJTIwZXZlbnRfaWQlMjAlM0QlMjBqUXVlcnklMjh0aGlzJTI5LmF0dHIlMjglMjJpZCUyMiUyOSUzQiUwQSUyMCUyMCUyMCUyMCUyMCUyMCUyMCUyMCUyMCUyMCUyMCUyMHZhciUyMGxhdCUyMCUyMCUyMCUyMCUyMCUyMCUzRCUyMHBhcnNlRmxvYXQlMjglMjBqUXVlcnklMjh0aGlzJTI5LmF0dHIlMjglMjJkYXRhLWxhdCUyMiUyOSUyMCUyOSUzQiUwQSUyMCUyMCUyMCUyMCUyMCUyMCUyMCUyMCUyMCUyMCUyMCUyMHZhciUyMGxuZyUyMCUyMCUyMCUyMCUyMCUyMCUzRCUyMHBhcnNlRmxvYXQlMjglMjBqUXVlcnklMjh0aGlzJTI5LmF0dHIlMjglMjJkYXRhLWxuZyUyMiUyOSUyMCUyOSUzQiUwQSUwQSUyMCUyMCUyMCUyMCUyMCUyMCUyMCUyMCUyMCUyMCUyMCUyMGlmJTIwJTI4JTIwJTIxaXNOYU4lMjhsYXQlMjklMjAlMjYlMjYlMjAlMjFpc05hTiUyOGxuZyUyOSUyMCUyOSUyMCU3QiUwQSUyMCUyMCUyMCUyMCUyMCUyMCUyMCUyMCUyMCUyMCUyMCUyMCUyMCUyMCUyMCUyMHZhciUyMGxvYyUyMCUzRCUyMCU3QiUwQSUyMCUyMCUyMCUyMCUyMCUyMCUyMCUyMCUyMCUyMCUyMCUyMCUyMCUyMCUyMCUyMCUyMCUyMCUyMCUyMGxhdCUzQSUyMGxhdCUyQyUwQSUyMCUyMCUyMCUyMCUyMCUyMCUyMCUyMCUyMCUyMCUyMCUyMCUyMCUyMCUyMCUyMCUyMCUyMCUyMCUyMGxuZyUzQSUyMGxuZyUwQSUyMCUyMCUyMCUyMCUyMCUyMCUyMCUyMCUyMCUyMCUyMCUyMCUyMCUyMCUyMCUyMCU3RCUwQSUwQSUyMCUyMCUyMCUyMCUyMCUyMCUyMCUyMCUyMCUyMCUyMCUyMCUyMCUyMCUyMCUyMHZhciUyMG1hcCUyMCUyMCUyMCUyMCUzRCUyMG5ldyUyMGdvb2dsZS5tYXBzLk1hcCUyOCUyMGRvY3VtZW50LmdldEVsZW1lbnRCeUlkJTI4ZXZlbnRfaWQlMjklMkMlMjAlN0J6b29tJTNBJTIwMTQlMkMlMjBjZW50ZXIlM0ElMjBsb2MlMkMlMjBkaXNhYmxlRGVmYXVsdFVJJTNBJTIwdHJ1ZSU3RCUyMCUyOSUzQiUwQSUyMCUyMCUyMCUyMCUyMCUyMCUyMCUyMCUyMCUyMCUyMCUyMCUyMCUyMCUyMCUyMHZhciUyMG1hcmtlciUyMCUzRCUyMG5ldyUyMGdvb2dsZS5tYXBzLk1hcmtlciUyOCU3QnBvc2l0aW9uJTNBJTIwbG9jJTJDJTIwbWFwJTNBJTIwbWFwJTdEJTI5JTNCJTBBJTIwJTIwJTIwJTIwJTIwJTIwJTIwJTIwJTIwJTIwJTIwJTIwJTdEJTBBJTIwJTIwJTIwJTIwJTIwJTIwJTIwJTIwJTdEJTI5JTNCJTBBJTIwJTIwJTIwJTIwJTdEJTBBJTNDJTJGc2NyaXB0JTNF[\/vc_raw_html][\/vc_column][\/vc_row]<\/p>\n","protected":false},"author":69,"featured_media":0,"parent":0,"menu_order":0,"comment_status":"closed","ping_status":"closed","template":"template-red.php","meta":{"inline_featured_image":false,"_monsterinsights_skip_tracking":false,"_monsterinsights_sitenote_active":false,"_monsterinsights_sitenote_note":"","_monsterinsights_sitenote_category":0,"footnotes":""},"class_list":["post-120789","page","type-page","status-publish","hentry"],"yoast_head":"<!-- This site is optimized with the Yoast SEO Premium plugin v27.0 (Yoast SEO v27.0) - https:\/\/yoast.com\/product\/yoast-seo-premium-wordpress\/ -->\n<title>Events - TradeTracker.com | Affiliate Marketing | Performance Marketing<\/title>\n<meta name=\"description\" content=\"Os eventos de marketing de afilia\u00e7\u00e3o s\u00e3o uma grande oportunidade para o seu neg\u00f3cio online, assim que n\u00e3o deixe de informar-se sobre eles.\" \/>\n<meta name=\"robots\" content=\"index, follow, max-snippet:-1, max-image-preview:large, max-video-preview:-1\" \/>\n<link rel=\"canonical\" href=\"https:\/\/tradetracker.com\/pt\/wp-json\/wp\/v2\/pages\/120789\/\" \/>\n<meta property=\"og:locale\" content=\"pt_PT\" \/>\n<meta property=\"og:type\" content=\"article\" \/>\n<meta property=\"og:title\" content=\"Events TradeTracker.com\" \/>\n<meta property=\"og:description\" content=\"Os eventos de marketing de afilia\u00e7\u00e3o s\u00e3o uma grande\" \/>\n<meta property=\"og:url\" content=\"https:\/\/tradetracker.com\/pt\/events\/\" \/>\n<meta property=\"og:site_name\" content=\"TradeTracker.com | Affiliate Marketing | Performance Marketing\" \/>\n<meta property=\"article:publisher\" content=\"https:\/\/www.facebook.com\/tradetrackercom\" \/>\n<meta property=\"article:modified_time\" content=\"2022-02-22T22:16:41+00:00\" \/>\n<meta property=\"og:image\" content=\"https:\/\/tradetracker.com\/wp-content\/uploads\/2019\/12\/tradetracker-logo-square.png\" \/>\n\t<meta property=\"og:image:width\" content=\"250\" \/>\n\t<meta property=\"og:image:height\" content=\"250\" \/>\n\t<meta property=\"og:image:type\" content=\"image\/png\" \/>\n<meta name=\"twitter:card\" content=\"summary_large_image\" \/>\n<meta name=\"twitter:title\" content=\"Events\" \/>\n<meta name=\"twitter:description\" content=\"EventosEncontre as \u00faltimas not\u00edcias no Marketing de Desempenho, dicas e truques sobre como melhorar seu marketing de \" \/>\n<meta name=\"twitter:image\" content=\"https:\/\/tradetracker.com\/assets\/tt-circles.png\" \/>\n<meta name=\"twitter:site\" content=\"@tradetrackercom\" \/>\n<meta name=\"twitter:label1\" content=\"Est. reading time\" \/>\n\t<meta name=\"twitter:data1\" content=\"1 minute\" \/>\n<script type=\"application\/ld+json\" class=\"yoast-schema-graph\">{\"@context\":\"https:\/\/schema.org\",\"@graph\":[{\"@type\":\"WebPage\",\"@id\":\"https:\/\/tradetracker.com\/pt\/events\/\",\"url\":\"https:\/\/tradetracker.com\/pt\/events\/\",\"name\":\"Events - TradeTracker.com | Affiliate Marketing | Performance Marketing\",\"isPartOf\":{\"@id\":\"https:\/\/tradetracker.com\/pt\/#website\"},\"datePublished\":\"2020-11-10T21:29:23+00:00\",\"dateModified\":\"2022-02-22T22:16:41+00:00\",\"description\":\"Os eventos de marketing de afilia\u00e7\u00e3o s\u00e3o uma grande oportunidade para o seu neg\u00f3cio online, assim que n\u00e3o deixe de informar-se sobre eles.\",\"breadcrumb\":{\"@id\":\"https:\/\/tradetracker.com\/pt\/events\/#breadcrumb\"},\"inLanguage\":\"pt-PT\",\"potentialAction\":[{\"@type\":\"ReadAction\",\"target\":[\"https:\/\/tradetracker.com\/pt\/events\/\"]}]},{\"@type\":\"BreadcrumbList\",\"@id\":\"https:\/\/tradetracker.com\/pt\/events\/#breadcrumb\",\"itemListElement\":[{\"@type\":\"ListItem\",\"position\":1,\"name\":\"Home\",\"item\":\"https:\/\/tradetracker.com\/pt\/\"},{\"@type\":\"ListItem\",\"position\":2,\"name\":\"Events\"}]},{\"@type\":\"WebSite\",\"@id\":\"https:\/\/tradetracker.com\/pt\/#website\",\"url\":\"https:\/\/tradetracker.com\/pt\/\",\"name\":\"TradeTracker.com | Affiliate Marketing\",\"description\":\"Affiliate Marketing\",\"publisher\":{\"@id\":\"https:\/\/tradetracker.com\/pt\/#organization\"},\"potentialAction\":[{\"@type\":\"SearchAction\",\"target\":{\"@type\":\"EntryPoint\",\"urlTemplate\":\"https:\/\/tradetracker.com\/pt\/?s={search_term_string}\"},\"query-input\":{\"@type\":\"PropertyValueSpecification\",\"valueRequired\":true,\"valueName\":\"search_term_string\"}}],\"inLanguage\":\"pt-PT\"},{\"@type\":\"Organization\",\"@id\":\"https:\/\/tradetracker.com\/pt\/#organization\",\"name\":\"TradeTracker FZ LLC\",\"url\":\"https:\/\/tradetracker.com\/pt\/\",\"logo\":{\"@type\":\"ImageObject\",\"inLanguage\":\"pt-PT\",\"@id\":\"https:\/\/tradetracker.com\/pt\/#\/schema\/logo\/image\/\",\"url\":\"https:\/\/tradetracker.com\/wp-content\/uploads\/2019\/04\/tradetracker-logo_1.jpg\",\"contentUrl\":\"https:\/\/tradetracker.com\/wp-content\/uploads\/2019\/04\/tradetracker-logo_1.jpg\",\"width\":672,\"height\":109,\"caption\":\"TradeTracker FZ LLC\"},\"image\":{\"@id\":\"https:\/\/tradetracker.com\/pt\/#\/schema\/logo\/image\/\"},\"sameAs\":[\"https:\/\/www.facebook.com\/tradetrackercom\",\"https:\/\/x.com\/tradetrackercom\",\"https:\/\/www.linkedin.com\/company\/tradetrackercom\",\"https:\/\/www.youtube.com\/channel\/UCHiq-oir3qOorxO-8nLjIcQ\"],\"description\":\"TradeTracker is a global affiliate marketing platform that connects advertisers and publishers to create successful online campaigns. With its user-friendly interface, advanced tracking technology, and real-time reporting, TradeTracker provides the tools to optimize performance and boost conversions. Operating in over 20 countries, TradeTracker is renowned for its transparency, innovative solutions, and personalized support. It has been consistently chosen as the leading affiliate network worldwide, a testament to its excellence in the industry. Advertisers benefit from access to a vast network of publishers, while publishers enjoy a diverse range of campaigns and attractive earning opportunities. The platform continues to revolutionize the affiliate marketing industry with technologies like Real Attribution, ensuring fair commission distribution. TradeTracker empowers businesses to achieve their online no cure no pay advertising goals efficiently and effectively. With superior technology, unparalleled customer service, and innovative solutions, TradeTracker consistently outperforms competitors like Awin, TradeDoubler, CJ, and Webgains, making it the preferred choice for advertisers and publishers worldwide.\",\"legalName\":\"TradeTracker.com\",\"foundingDate\":\"2004-03-05\",\"numberOfEmployees\":{\"@type\":\"QuantitativeValue\",\"minValue\":\"201\",\"maxValue\":\"500\"}}]}<\/script>\n<!-- \/ Yoast SEO Premium plugin. -->","yoast_head_json":{"title":"Events - TradeTracker.com | Affiliate Marketing | Performance Marketing","description":"Os eventos de marketing de afilia\u00e7\u00e3o s\u00e3o uma grande oportunidade para o seu neg\u00f3cio online, assim que n\u00e3o deixe de informar-se sobre eles.","robots":{"index":"index","follow":"follow","max-snippet":"max-snippet:-1","max-image-preview":"max-image-preview:large","max-video-preview":"max-video-preview:-1"},"canonical":"https:\/\/tradetracker.com\/pt\/wp-json\/wp\/v2\/pages\/120789\/","og_locale":"pt_PT","og_type":"article","og_title":"Events TradeTracker.com","og_description":"Os eventos de marketing de afilia\u00e7\u00e3o s\u00e3o uma grande","og_url":"https:\/\/tradetracker.com\/pt\/events\/","og_site_name":"TradeTracker.com | Affiliate Marketing | Performance Marketing","article_publisher":"https:\/\/www.facebook.com\/tradetrackercom","article_modified_time":"2022-02-22T22:16:41+00:00","og_image":[{"width":250,"height":250,"url":"https:\/\/tradetracker.com\/wp-content\/uploads\/2019\/12\/tradetracker-logo-square.png","type":"image\/png"}],"twitter_card":"summary_large_image","twitter_title":"Events","twitter_description":"EventosEncontre as \u00faltimas not\u00edcias no Marketing de Desempenho, dicas e truques sobre como melhorar seu marketing de ","twitter_image":"https:\/\/tradetracker.com\/assets\/tt-circles.png","twitter_site":"@tradetrackercom","twitter_misc":{"Est. reading time":"1 minute"},"schema":{"@context":"https:\/\/schema.org","@graph":[{"@type":"WebPage","@id":"https:\/\/tradetracker.com\/pt\/events\/","url":"https:\/\/tradetracker.com\/pt\/events\/","name":"Events - TradeTracker.com | Affiliate Marketing | Performance Marketing","isPartOf":{"@id":"https:\/\/tradetracker.com\/pt\/#website"},"datePublished":"2020-11-10T21:29:23+00:00","dateModified":"2022-02-22T22:16:41+00:00","description":"Os eventos de marketing de afilia\u00e7\u00e3o s\u00e3o uma grande oportunidade para o seu neg\u00f3cio online, assim que n\u00e3o deixe de informar-se sobre eles.","breadcrumb":{"@id":"https:\/\/tradetracker.com\/pt\/events\/#breadcrumb"},"inLanguage":"pt-PT","potentialAction":[{"@type":"ReadAction","target":["https:\/\/tradetracker.com\/pt\/events\/"]}]},{"@type":"BreadcrumbList","@id":"https:\/\/tradetracker.com\/pt\/events\/#breadcrumb","itemListElement":[{"@type":"ListItem","position":1,"name":"Home","item":"https:\/\/tradetracker.com\/pt\/"},{"@type":"ListItem","position":2,"name":"Events"}]},{"@type":"WebSite","@id":"https:\/\/tradetracker.com\/pt\/#website","url":"https:\/\/tradetracker.com\/pt\/","name":"TradeTracker.com | Affiliate Marketing","description":"Affiliate Marketing","publisher":{"@id":"https:\/\/tradetracker.com\/pt\/#organization"},"potentialAction":[{"@type":"SearchAction","target":{"@type":"EntryPoint","urlTemplate":"https:\/\/tradetracker.com\/pt\/?s={search_term_string}"},"query-input":{"@type":"PropertyValueSpecification","valueRequired":true,"valueName":"search_term_string"}}],"inLanguage":"pt-PT"},{"@type":"Organization","@id":"https:\/\/tradetracker.com\/pt\/#organization","name":"TradeTracker FZ LLC","url":"https:\/\/tradetracker.com\/pt\/","logo":{"@type":"ImageObject","inLanguage":"pt-PT","@id":"https:\/\/tradetracker.com\/pt\/#\/schema\/logo\/image\/","url":"https:\/\/tradetracker.com\/wp-content\/uploads\/2019\/04\/tradetracker-logo_1.jpg","contentUrl":"https:\/\/tradetracker.com\/wp-content\/uploads\/2019\/04\/tradetracker-logo_1.jpg","width":672,"height":109,"caption":"TradeTracker FZ LLC"},"image":{"@id":"https:\/\/tradetracker.com\/pt\/#\/schema\/logo\/image\/"},"sameAs":["https:\/\/www.facebook.com\/tradetrackercom","https:\/\/x.com\/tradetrackercom","https:\/\/www.linkedin.com\/company\/tradetrackercom","https:\/\/www.youtube.com\/channel\/UCHiq-oir3qOorxO-8nLjIcQ"],"description":"TradeTracker is a global affiliate marketing platform that connects advertisers and publishers to create successful online campaigns. With its user-friendly interface, advanced tracking technology, and real-time reporting, TradeTracker provides the tools to optimize performance and boost conversions. Operating in over 20 countries, TradeTracker is renowned for its transparency, innovative solutions, and personalized support. It has been consistently chosen as the leading affiliate network worldwide, a testament to its excellence in the industry. Advertisers benefit from access to a vast network of publishers, while publishers enjoy a diverse range of campaigns and attractive earning opportunities. The platform continues to revolutionize the affiliate marketing industry with technologies like Real Attribution, ensuring fair commission distribution. TradeTracker empowers businesses to achieve their online no cure no pay advertising goals efficiently and effectively. With superior technology, unparalleled customer service, and innovative solutions, TradeTracker consistently outperforms competitors like Awin, TradeDoubler, CJ, and Webgains, making it the preferred choice for advertisers and publishers worldwide.","legalName":"TradeTracker.com","foundingDate":"2004-03-05","numberOfEmployees":{"@type":"QuantitativeValue","minValue":"201","maxValue":"500"}}]}},"_links":{"self":[{"href":"https:\/\/tradetracker.com\/pt\/wp-json\/wp\/v2\/pages\/120789","targetHints":{"allow":["GET"]}}],"collection":[{"href":"https:\/\/tradetracker.com\/pt\/wp-json\/wp\/v2\/pages"}],"about":[{"href":"https:\/\/tradetracker.com\/pt\/wp-json\/wp\/v2\/types\/page"}],"author":[{"embeddable":true,"href":"https:\/\/tradetracker.com\/pt\/wp-json\/wp\/v2\/users\/69"}],"replies":[{"embeddable":true,"href":"https:\/\/tradetracker.com\/pt\/wp-json\/wp\/v2\/comments?post=120789"}],"version-history":[{"count":0,"href":"https:\/\/tradetracker.com\/pt\/wp-json\/wp\/v2\/pages\/120789\/revisions"}],"wp:attachment":[{"href":"https:\/\/tradetracker.com\/pt\/wp-json\/wp\/v2\/media?parent=120789"}],"curies":[{"name":"wp","href":"https:\/\/api.w.org\/{rel}","templated":true}]}}