{"id":52141,"date":"2017-02-15T06:53:27","date_gmt":"2017-02-15T06:53:27","guid":{"rendered":"https:\/\/tradetracker.com\/tracking-caminho-conversao\/"},"modified":"2025-01-17T12:15:14","modified_gmt":"2025-01-17T12:15:14","slug":"tracking-caminho-conversao","status":"publish","type":"page","link":"https:\/\/tradetracker.com\/pt\/tracking-caminho-conversao\/","title":{"rendered":"Rastreamento da Rota de Convers\u00e3o"},"content":{"rendered":"<div class=\"wpb-content-wrapper\"><p>[vc_row classes=&#8221;admonitor-page-detail cpt-page-detail&#8221;][vc_column]<div class=\"row\"><div class=\"vc_col-sm-12\"><div class=\"industry-page-intro-text\"><h1  class=\"\">RASTREAMENTO DA ROTA DE CONVERS\u00c3O<\/h1><h2  class=\"hide-mobile\">Entender a rota do consumidor e como ela \u00e9 influenciada pelos afiliados pode ser revelador e ao mesmo tempo, desafiador. Mergulhe na rota de convers\u00e3o e analise as interac\u00e7\u00f5es dos seus clientes com os afiliados antes da convers\u00e3o ser realizada, seja ela uma venda ou um lead. N\u00e3o importa o canal usado pelo afiliado, de blogs \u00e0 sites de compara\u00e7\u00e3o de pre\u00e7o, mobile ou desktop, ser\u00e1 capaz de analisar o caminho completo para incentivar o afiliado a melhorar seu potencial e atingir suas metas.<\/h2><\/div>\r\n        <\/div>\r\n    <\/div>[\/vc_column][\/vc_row][vc_row classes=&#8221;bg-pattern&#8221;][vc_column][vc_row_inner][vc_column_inner width=&#8221;2\/12&#8243;][\/vc_column_inner][vc_column_inner el_class=&#8221;acenter&#8221; width=&#8221;8\/12&#8243;]<div class=\"space\"><\/div><header><h2 class=\" tt_composer\" >Como funciona o Rastreamento da Rota de Convers\u00e3o<\/h2><\/header>[vc_wp_text]Em um mercado onde o modelo &#8220;last click&#8221; \u00e9 predominante, muito esfor\u00e7o \u00e9 feito pelos afiliados para chegar a esta posi\u00e7\u00e3o no &#8220;funil&#8221; de compra. Entretanto, mais de 95% das transac\u00e7\u00f5es envolvem mais de um afiliado a promover a sua campanha. Tradicionalmente, o afiliado respons\u00e1vel pelo &#8220;last click&#8221; \u00e9 recompensado com uma comiss\u00e3o e apresentado no seu relat\u00f3rio de transac\u00e7\u00f5es.<\/p>\n<p>O &#8220;Conversion Path Tracking&#8221; (Rastreamento da Rota de Convers\u00e3o) traz uma mudan\u00e7a no princ\u00edpio acima e fornece tanto aos anunciantes como aos afiliados, insights completos sobre todos os pontos de contacto envolvidos em uma convers\u00e3o. Esse abordagem transparente d\u00e1 aos utilizadores mais informa\u00e7\u00f5es sobre as suas posi\u00e7\u00f5es e permite que afiliados e anunciantes, juntos, possam aperfei\u00e7oar suas estrat\u00e9gias com o intuito de agregar valor \u00e0 campanha. Enquanto os anunciantes t\u00eam acesso a detalhes de quais afiliados est\u00e3o envolvidos e quais posi\u00e7\u00f5es ocupam na rota do consumidor, os afiliados podem optimizar o que j\u00e1 conhecem, para alcan\u00e7ar os resultados desejados.[\/vc_wp_text][\/vc_column_inner][vc_column_inner width=&#8221;2\/12&#8243;][\/vc_column_inner][\/vc_row_inner][vc_row_inner][vc_column_inner][vc_single_image image=&#8221;171450&#8243; img_size=&#8221;1024&#215;582&#8243; alignment=&#8221;center&#8221;]<div class=\"space\"><\/div>[\/vc_column_inner][\/vc_row_inner][\/vc_column][\/vc_row][vc_row css=&#8221;.vc_custom_1488976434515{background-color: #f3f6fa !important;}&#8221;][vc_column]<div class=\"space\"><\/div><header><h2 class=\" tt_composer\" >Use o Rastreamento da Rota de Convers\u00e3o em seu benef\u00edcio<\/h2><\/header><div class=\"space\"><\/div>[vc_row_inner][vc_column_inner width=&#8221;2\/12&#8243;][\/vc_column_inner][vc_column_inner el_class=&#8221;acenter&#8221; width=&#8221;3\/12&#8243;]<header><h2 class=\" tt_composer\" >Anunciantes<\/h2><\/header>[vc_wp_text]Conversion Path Tracking ajuda a identificar afiliados que s\u00e3o frequentemente negligenciados quanto aos esfor\u00e7os que levam a uma convers\u00e3o. Por meio da otimiza\u00e7\u00e3o do modelo de recompensa para esses publishers espec\u00edficos, mais tr\u00e1fego vir\u00e1 deles, o que resultar\u00e1, direta ou indiretamente em mais transa\u00e7\u00f5es.[\/vc_wp_text][\/vc_column_inner][vc_column_inner width=&#8221;2\/12&#8243;]<div class=\"customer-devider hide-mobile\"><\/div>\r\n                    <style>\r\n                    .customer-devider {\r\n                    background:#e9e9e9; \r\n                    min-height: 250px;\r\n                    }\r\n                    <\/style>[\/vc_column_inner][vc_column_inner el_class=&#8221;acenter&#8221; width=&#8221;3\/12&#8243;]<header><h2 class=\" tt_composer\" >Publishers<\/h2><\/header>[vc_wp_text]Obtenha insights revolucion\u00e1rios no envolvimento de qualquer afiliado relevante na jornada do consumidor e compare com suas pr\u00f3prias conquistas. Explore onde voc\u00ea se encontra diante da competi\u00e7\u00e3o e otimize seu approach para atingir o resultado m\u00e1ximo das suas campanhas.[\/vc_wp_text][\/vc_column_inner][vc_column_inner width=&#8221;2\/12&#8243;][\/vc_column_inner][\/vc_row_inner]<div class=\"space\"><\/div>[\/vc_column][\/vc_row][vc_row classes=&#8221;cta neutral bg-pattern&#8221; css=&#8221;.vc_custom_1488976583993{background-image: url(https:\/\/tradetracker.com\/wp-content\/uploads\/2017\/02\/CPT-cta.jpg?id=30460) !important;}&#8221;][vc_column]<div class=\"row\"><div class=\"vc_col-sm-12\"><h2 class=\"get_started\" >Pronto para unir-se \u00e0 revolu\u00e7\u00e3o?<\/h2>        <ul class=\"cta-items\">\r\n                        <li>\r\n                <a                    class=\"cta-advertiser-signup\"                                      href=\"https:\/\/tradetracker.com\/pt\/contact-us\/\"                                   >\r\n                    Entre em contacto                <\/a>\r\n            <\/li>\r\n                        \r\n                        <li>\r\n                <a                    class=\"cta-advertiser-signup\"                                      href=\"https:\/\/tradetracker.com\/wp-content\/uploads\/2017\/03\/CPT_brochure_UK.pdf\"                   target=\"_blank\"                >\r\n                    Descarregar Folheto                <\/a>\r\n            <\/li>\r\n                    <\/ul>\r\n        <\/div><\/div>[\/vc_column][\/vc_row]<\/p>\n<\/div>","protected":false},"excerpt":{"rendered":"<p>[vc_row classes=&#8221;admonitor-page-detail cpt-page-detail&#8221;][vc_column][\/vc_column][\/vc_row][vc_row classes=&#8221;bg-pattern&#8221;][vc_column][vc_row_inner][vc_column_inner width=&#8221;2\/12&#8243;][\/vc_column_inner][vc_column_inner el_class=&#8221;acenter&#8221; width=&#8221;8\/12&#8243;][vc_wp_text]Em um mercado onde o modelo &#8220;last click&#8221; \u00e9 predominante, muito esfor\u00e7o \u00e9 feito pelos afiliados para chegar a esta posi\u00e7\u00e3o no &#8220;funil&#8221; de compra. Entretanto, mais de 95% das transac\u00e7\u00f5es envolvem mais de um afiliado a promover a sua campanha. Tradicionalmente, o afiliado respons\u00e1vel pelo &#8220;last click&#8221; \u00e9  [&#8230;]<\/p>\n","protected":false},"author":69,"featured_media":0,"parent":0,"menu_order":0,"comment_status":"closed","ping_status":"closed","template":"","meta":{"inline_featured_image":false,"_monsterinsights_skip_tracking":false,"_monsterinsights_sitenote_active":false,"_monsterinsights_sitenote_note":"","_monsterinsights_sitenote_category":0,"footnotes":""},"class_list":["post-52141","page","type-page","status-publish","hentry"],"yoast_head":"<!-- This site is optimized with the Yoast SEO Premium plugin v27.0 (Yoast SEO v27.0) - https:\/\/yoast.com\/product\/yoast-seo-premium-wordpress\/ -->\n<title>Conversion Path Tracking | TradeTracker.com<\/title>\n<meta name=\"description\" content=\"Conversion Path Tracking brings change to this principle and provides merchants and affiliates full insight to all Touch Points involved in the transaction.\" \/>\n<meta name=\"robots\" content=\"index, follow, max-snippet:-1, max-image-preview:large, max-video-preview:-1\" \/>\n<link rel=\"canonical\" href=\"https:\/\/tradetracker.com\/pt\/wp-json\/wp\/v2\/pages\/52141\/\" \/>\n<meta property=\"og:locale\" content=\"pt_PT\" \/>\n<meta property=\"og:type\" content=\"article\" \/>\n<meta property=\"og:title\" content=\"Rastreamento da Rota de Convers\u00e3o TradeTracker.com\" \/>\n<meta property=\"og:description\" content=\"Conversion Path Tracking brings change to this principle and\" \/>\n<meta property=\"og:url\" content=\"https:\/\/tradetracker.com\/pt\/tracking-caminho-conversao\/\" \/>\n<meta property=\"og:site_name\" content=\"TradeTracker.com | Affiliate Marketing | Performance Marketing\" \/>\n<meta property=\"article:publisher\" content=\"https:\/\/www.facebook.com\/tradetrackercom\" \/>\n<meta property=\"article:modified_time\" content=\"2025-01-17T12:15:14+00:00\" \/>\n<meta property=\"og:image\" content=\"https:\/\/tradetracker.com\/wp-content\/uploads\/2019\/12\/tradetracker-logo-square.png\" \/>\n\t<meta property=\"og:image:width\" content=\"250\" \/>\n\t<meta property=\"og:image:height\" content=\"250\" \/>\n\t<meta property=\"og:image:type\" content=\"image\/png\" \/>\n<meta name=\"twitter:card\" content=\"summary_large_image\" \/>\n<meta name=\"twitter:title\" content=\"Rastreamento da Rota de Convers\u00e3o\" \/>\n<meta name=\"twitter:description\" content=\"[vc_row classes=&quot;admonitor-page-detail cpt-page-detail&quot;][vc_column]RASTREAMENTO DA ROTA DE CONVERS\u00c3OEntender a rota do \" \/>\n<meta name=\"twitter:image\" content=\"https:\/\/tradetracker.com\/assets\/tt-circles.png\" \/>\n<meta name=\"twitter:site\" content=\"@tradetrackercom\" \/>\n<meta name=\"twitter:label1\" content=\"Est. reading time\" \/>\n\t<meta name=\"twitter:data1\" content=\"2 minutes\" \/>\n<script type=\"application\/ld+json\" class=\"yoast-schema-graph\">{\"@context\":\"https:\/\/schema.org\",\"@graph\":[{\"@type\":\"WebPage\",\"@id\":\"https:\/\/tradetracker.com\/pt\/tracking-caminho-conversao\/\",\"url\":\"https:\/\/tradetracker.com\/pt\/tracking-caminho-conversao\/\",\"name\":\"Conversion Path Tracking | TradeTracker.com\",\"isPartOf\":{\"@id\":\"https:\/\/tradetracker.com\/pt\/#website\"},\"datePublished\":\"2017-02-15T06:53:27+00:00\",\"dateModified\":\"2025-01-17T12:15:14+00:00\",\"description\":\"Conversion Path Tracking brings change to this principle and provides merchants and affiliates full insight to all Touch Points involved in the transaction.\",\"breadcrumb\":{\"@id\":\"https:\/\/tradetracker.com\/pt\/tracking-caminho-conversao\/#breadcrumb\"},\"inLanguage\":\"pt-PT\",\"potentialAction\":[{\"@type\":\"ReadAction\",\"target\":[\"https:\/\/tradetracker.com\/pt\/tracking-caminho-conversao\/\"]}]},{\"@type\":\"BreadcrumbList\",\"@id\":\"https:\/\/tradetracker.com\/pt\/tracking-caminho-conversao\/#breadcrumb\",\"itemListElement\":[{\"@type\":\"ListItem\",\"position\":1,\"name\":\"Home\",\"item\":\"https:\/\/tradetracker.com\/pt\/\"},{\"@type\":\"ListItem\",\"position\":2,\"name\":\"Rastreamento da Rota de Convers\u00e3o\"}]},{\"@type\":\"WebSite\",\"@id\":\"https:\/\/tradetracker.com\/pt\/#website\",\"url\":\"https:\/\/tradetracker.com\/pt\/\",\"name\":\"TradeTracker.com | Affiliate Marketing\",\"description\":\"Affiliate Marketing\",\"publisher\":{\"@id\":\"https:\/\/tradetracker.com\/pt\/#organization\"},\"potentialAction\":[{\"@type\":\"SearchAction\",\"target\":{\"@type\":\"EntryPoint\",\"urlTemplate\":\"https:\/\/tradetracker.com\/pt\/?s={search_term_string}\"},\"query-input\":{\"@type\":\"PropertyValueSpecification\",\"valueRequired\":true,\"valueName\":\"search_term_string\"}}],\"inLanguage\":\"pt-PT\"},{\"@type\":\"Organization\",\"@id\":\"https:\/\/tradetracker.com\/pt\/#organization\",\"name\":\"TradeTracker FZ LLC\",\"url\":\"https:\/\/tradetracker.com\/pt\/\",\"logo\":{\"@type\":\"ImageObject\",\"inLanguage\":\"pt-PT\",\"@id\":\"https:\/\/tradetracker.com\/pt\/#\/schema\/logo\/image\/\",\"url\":\"https:\/\/tradetracker.com\/wp-content\/uploads\/2019\/04\/tradetracker-logo_1.jpg\",\"contentUrl\":\"https:\/\/tradetracker.com\/wp-content\/uploads\/2019\/04\/tradetracker-logo_1.jpg\",\"width\":672,\"height\":109,\"caption\":\"TradeTracker FZ LLC\"},\"image\":{\"@id\":\"https:\/\/tradetracker.com\/pt\/#\/schema\/logo\/image\/\"},\"sameAs\":[\"https:\/\/www.facebook.com\/tradetrackercom\",\"https:\/\/x.com\/tradetrackercom\",\"https:\/\/www.linkedin.com\/company\/tradetrackercom\",\"https:\/\/www.youtube.com\/channel\/UCHiq-oir3qOorxO-8nLjIcQ\"],\"description\":\"TradeTracker is a global affiliate marketing platform that connects advertisers and publishers to create successful online campaigns. With its user-friendly interface, advanced tracking technology, and real-time reporting, TradeTracker provides the tools to optimize performance and boost conversions. Operating in over 20 countries, TradeTracker is renowned for its transparency, innovative solutions, and personalized support. It has been consistently chosen as the leading affiliate network worldwide, a testament to its excellence in the industry. Advertisers benefit from access to a vast network of publishers, while publishers enjoy a diverse range of campaigns and attractive earning opportunities. The platform continues to revolutionize the affiliate marketing industry with technologies like Real Attribution, ensuring fair commission distribution. TradeTracker empowers businesses to achieve their online no cure no pay advertising goals efficiently and effectively. With superior technology, unparalleled customer service, and innovative solutions, TradeTracker consistently outperforms competitors like Awin, TradeDoubler, CJ, and Webgains, making it the preferred choice for advertisers and publishers worldwide.\",\"legalName\":\"TradeTracker.com\",\"foundingDate\":\"2004-03-05\",\"numberOfEmployees\":{\"@type\":\"QuantitativeValue\",\"minValue\":\"201\",\"maxValue\":\"500\"}}]}<\/script>\n<!-- \/ Yoast SEO Premium plugin. -->","yoast_head_json":{"title":"Conversion Path Tracking | TradeTracker.com","description":"Conversion Path Tracking brings change to this principle and provides merchants and affiliates full insight to all Touch Points involved in the transaction.","robots":{"index":"index","follow":"follow","max-snippet":"max-snippet:-1","max-image-preview":"max-image-preview:large","max-video-preview":"max-video-preview:-1"},"canonical":"https:\/\/tradetracker.com\/pt\/wp-json\/wp\/v2\/pages\/52141\/","og_locale":"pt_PT","og_type":"article","og_title":"Rastreamento da Rota de Convers\u00e3o TradeTracker.com","og_description":"Conversion Path Tracking brings change to this principle and","og_url":"https:\/\/tradetracker.com\/pt\/tracking-caminho-conversao\/","og_site_name":"TradeTracker.com | Affiliate Marketing | Performance Marketing","article_publisher":"https:\/\/www.facebook.com\/tradetrackercom","article_modified_time":"2025-01-17T12:15:14+00:00","og_image":[{"width":250,"height":250,"url":"https:\/\/tradetracker.com\/wp-content\/uploads\/2019\/12\/tradetracker-logo-square.png","type":"image\/png"}],"twitter_card":"summary_large_image","twitter_title":"Rastreamento da Rota de Convers\u00e3o","twitter_description":"[vc_row classes=\"admonitor-page-detail cpt-page-detail\"][vc_column]RASTREAMENTO DA ROTA DE CONVERS\u00c3OEntender a rota do ","twitter_image":"https:\/\/tradetracker.com\/assets\/tt-circles.png","twitter_site":"@tradetrackercom","twitter_misc":{"Est. reading time":"2 minutes"},"schema":{"@context":"https:\/\/schema.org","@graph":[{"@type":"WebPage","@id":"https:\/\/tradetracker.com\/pt\/tracking-caminho-conversao\/","url":"https:\/\/tradetracker.com\/pt\/tracking-caminho-conversao\/","name":"Conversion Path Tracking | TradeTracker.com","isPartOf":{"@id":"https:\/\/tradetracker.com\/pt\/#website"},"datePublished":"2017-02-15T06:53:27+00:00","dateModified":"2025-01-17T12:15:14+00:00","description":"Conversion Path Tracking brings change to this principle and provides merchants and affiliates full insight to all Touch Points involved in the transaction.","breadcrumb":{"@id":"https:\/\/tradetracker.com\/pt\/tracking-caminho-conversao\/#breadcrumb"},"inLanguage":"pt-PT","potentialAction":[{"@type":"ReadAction","target":["https:\/\/tradetracker.com\/pt\/tracking-caminho-conversao\/"]}]},{"@type":"BreadcrumbList","@id":"https:\/\/tradetracker.com\/pt\/tracking-caminho-conversao\/#breadcrumb","itemListElement":[{"@type":"ListItem","position":1,"name":"Home","item":"https:\/\/tradetracker.com\/pt\/"},{"@type":"ListItem","position":2,"name":"Rastreamento da Rota de Convers\u00e3o"}]},{"@type":"WebSite","@id":"https:\/\/tradetracker.com\/pt\/#website","url":"https:\/\/tradetracker.com\/pt\/","name":"TradeTracker.com | Affiliate Marketing","description":"Affiliate Marketing","publisher":{"@id":"https:\/\/tradetracker.com\/pt\/#organization"},"potentialAction":[{"@type":"SearchAction","target":{"@type":"EntryPoint","urlTemplate":"https:\/\/tradetracker.com\/pt\/?s={search_term_string}"},"query-input":{"@type":"PropertyValueSpecification","valueRequired":true,"valueName":"search_term_string"}}],"inLanguage":"pt-PT"},{"@type":"Organization","@id":"https:\/\/tradetracker.com\/pt\/#organization","name":"TradeTracker FZ LLC","url":"https:\/\/tradetracker.com\/pt\/","logo":{"@type":"ImageObject","inLanguage":"pt-PT","@id":"https:\/\/tradetracker.com\/pt\/#\/schema\/logo\/image\/","url":"https:\/\/tradetracker.com\/wp-content\/uploads\/2019\/04\/tradetracker-logo_1.jpg","contentUrl":"https:\/\/tradetracker.com\/wp-content\/uploads\/2019\/04\/tradetracker-logo_1.jpg","width":672,"height":109,"caption":"TradeTracker FZ LLC"},"image":{"@id":"https:\/\/tradetracker.com\/pt\/#\/schema\/logo\/image\/"},"sameAs":["https:\/\/www.facebook.com\/tradetrackercom","https:\/\/x.com\/tradetrackercom","https:\/\/www.linkedin.com\/company\/tradetrackercom","https:\/\/www.youtube.com\/channel\/UCHiq-oir3qOorxO-8nLjIcQ"],"description":"TradeTracker is a global affiliate marketing platform that connects advertisers and publishers to create successful online campaigns. With its user-friendly interface, advanced tracking technology, and real-time reporting, TradeTracker provides the tools to optimize performance and boost conversions. Operating in over 20 countries, TradeTracker is renowned for its transparency, innovative solutions, and personalized support. It has been consistently chosen as the leading affiliate network worldwide, a testament to its excellence in the industry. Advertisers benefit from access to a vast network of publishers, while publishers enjoy a diverse range of campaigns and attractive earning opportunities. The platform continues to revolutionize the affiliate marketing industry with technologies like Real Attribution, ensuring fair commission distribution. TradeTracker empowers businesses to achieve their online no cure no pay advertising goals efficiently and effectively. With superior technology, unparalleled customer service, and innovative solutions, TradeTracker consistently outperforms competitors like Awin, TradeDoubler, CJ, and Webgains, making it the preferred choice for advertisers and publishers worldwide.","legalName":"TradeTracker.com","foundingDate":"2004-03-05","numberOfEmployees":{"@type":"QuantitativeValue","minValue":"201","maxValue":"500"}}]}},"_links":{"self":[{"href":"https:\/\/tradetracker.com\/pt\/wp-json\/wp\/v2\/pages\/52141","targetHints":{"allow":["GET"]}}],"collection":[{"href":"https:\/\/tradetracker.com\/pt\/wp-json\/wp\/v2\/pages"}],"about":[{"href":"https:\/\/tradetracker.com\/pt\/wp-json\/wp\/v2\/types\/page"}],"author":[{"embeddable":true,"href":"https:\/\/tradetracker.com\/pt\/wp-json\/wp\/v2\/users\/69"}],"replies":[{"embeddable":true,"href":"https:\/\/tradetracker.com\/pt\/wp-json\/wp\/v2\/comments?post=52141"}],"version-history":[{"count":3,"href":"https:\/\/tradetracker.com\/pt\/wp-json\/wp\/v2\/pages\/52141\/revisions"}],"predecessor-version":[{"id":1134665,"href":"https:\/\/tradetracker.com\/pt\/wp-json\/wp\/v2\/pages\/52141\/revisions\/1134665"}],"wp:attachment":[{"href":"https:\/\/tradetracker.com\/pt\/wp-json\/wp\/v2\/media?parent=52141"}],"curies":[{"name":"wp","href":"https:\/\/api.w.org\/{rel}","templated":true}]}}