{"id":52144,"date":"2017-02-15T06:49:01","date_gmt":"2017-02-15T06:49:01","guid":{"rendered":"https:\/\/tradetracker.com\/servicos\/"},"modified":"2020-12-14T22:12:05","modified_gmt":"2020-12-14T22:12:05","slug":"servicos","status":"publish","type":"page","link":"https:\/\/tradetracker.com\/pt\/anunciantes\/servicos\/","title":{"rendered":"Servi\u00e7os"},"content":{"rendered":"<div class=\"wpb-content-wrapper\"><p>[vc_row css=&#8221;.vc_custom_1607983921143{background-color: #6ebd44 !important;}&#8221; classes=&#8221;tt-single-industry tt-services&#8221;][vc_column]<div class=\"row\"><div class=\"vc_col-sm-12\"><div class=\" static-page-intro-text \" style=\"width: 75%\"><h1  style=\"color: #ffffff\" class=\"\">Servi\u00e7os<\/h1><h2  style=\"color: #ffffff\" class=\"\">Temos muito orgulho de contar com uma diversificada rede de profissionais. Seja qual for a campanha, teremos um conjunto de parceiros que s\u00e3o perfeitos para o seu sucesso.<br \/>\nTamb\u00e9m contamos com uma equipa de profissionais especializados e eficazes na identifica\u00e7\u00e3o de colaboradores-chave dentro da nossa rede, que est\u00e3o preparados para dar vida \u00e0 sua campanha.<\/h2><\/div>\r\n        <\/div>\r\n    <\/div>[\/vc_column][\/vc_row][vc_row][vc_column]<div class=\"row tt-industries-page\"><div class='vc_col-sm-3' id='sidebar'><h4 class=\"lined-section\">Sectores<\/h4><div class=\"widget_nav_menu\"><ul class=\"menu\"><li><a class=\"industries-back\" href=\"https:\/\/tradetracker.com\/pt\/#section-industries\/\">\u2190 Back to Industry Home<\/a><\/li><li><a href='https:\/\/tradetracker.com\/pt\/anunciantes\/compras\/' class=''>Compras<\/a><\/li><li><a href='https:\/\/tradetracker.com\/pt\/anunciantes\/financeiro\/' class=''>Finan\u00e7as<\/a><\/li><li><a href='https:\/\/tradetracker.com\/pt\/anunciantes\/servicos\/' class='active'>Servi\u00e7os<\/a><\/li><li><a href='https:\/\/tradetracker.com\/pt\/anunciantes\/telecomunicacoes\/' class=''>Telecom<\/a><\/li><li><a href='https:\/\/tradetracker.com\/pt\/anunciantes\/viagens\/' class=''>Viagens<\/a><\/li><\/ul><\/div>\r\n    <\/div><div class=\"vc_col-sm-9\">\r\n                <div class=\"vc_col-sm-12\">\r\n                    <ul class=\"industry-list servicos\"><li><h2>E-mail Marketing<\/h2><p>O principal meio de contacto comercial e uma chave para manter comunica\u00e7\u00e3o com sua lista de subscritores.<\/p><\/li><li><h2>Emprego, Educa\u00e7\u00e3o e Carreira<\/h2><p>Dirigido a quem procura dar o pr\u00f3ximo grande passo em sua vida. Apresentamos as empresas que est\u00e3o dispostas a prestar assist\u00eancia e as vias para apoiar aos seus clientes.<\/p><\/li><li><h2>Encontros<\/h2><p>Em nome do amor, sempre procuramos ajudar aos solteiros, na tentativa de junt\u00e1-los com a esperan\u00e7a de surgir algum romance e que vivam felizmente!<\/p><\/li><li><h2>Entretenimento e Lazer<\/h2><p>Disponibilizamos eventos que conectam sites de informa\u00e7\u00f5es ao p\u00fablico desejado. Essa parceria permite a realiza\u00e7\u00e3o das vendas das suas entradas.<\/p><\/li><li><h2>Flores<\/h2><p>Nada pode iluminar mais um dia, do que um ramalhete colorido para colocar um sorriso naquele rosto de pessoas especiais e \u00e9 para n\u00f3s, \u00e9 uma grande satisfa\u00e7\u00e3o fazer parte desse momento.<\/p><\/li><li><h2>Institui\u00e7\u00f5es de Caridade<\/h2><p>Nada d\u00e1-nos mais satisfa\u00e7\u00e3o do que oferecer servi\u00e7o aos que dedicam suas vidas para ajudar aos mais desfavorecidos. Nossa equipa valoriza a oportunidade de apoiar uma organiza\u00e7\u00e3o sem fins lucrativos a alcan\u00e7ar mais pessoas e sempre far\u00e1 esse esfor\u00e7o extra, para ajud\u00e1-las a consegu\u00ed-lo.<\/p><\/li><li><h2>Jogos e Loteria<\/h2><p>Os entusiastas dos jogos de azar disfrutam com a emo\u00e7\u00e3o de poder acertar o resultado de um jogo. N\u00f3s contamos com uma plataforma que permite aos provedores desse tipo de jogos, oferecer seus melhores servi\u00e7os para este tipo de p\u00fablico.<\/p><\/li><li><h2>Legal<\/h2><p>Habilitamos os servi\u00e7os profissionais que tomam a justi\u00e7a social muito a s\u00e9rio e ajudam \u00e0s pessoas a sairem dessas situa\u00e7\u00f5es dif\u00edceis.<\/p><\/li><li><h2>Nomes de Dom\u00ednio e Hospedagem<\/h2><p>Fundamental para qualquer site \u00e9 garantir um nome cativante e hosped\u00e1-lo com um servidor est\u00e1vel. Como empresa on-line, sabemos exactamente o que fazem os neg\u00f3cios na Internet deixarem a sua marca na mente do p\u00fablico.<\/p><\/li><li><h2>Servi\u00e7os Gratuitos e Concursos de Pr\u00eamios<\/h2><p>\"Para ganhar, tem que participar\", \u00e9 algo mais que uma frase feita para aqueles que esperam atingir o jackpot! N\u00f3s constru\u00edmos as pontes para alcan\u00e7ar o caminho dos seus sonhos.<\/p><\/li><li><h2>Servi\u00e7os Pessoais na Internet<\/h2><p>Incentivar as pessoas a acessar seus servi\u00e7os com a facilidade e flexibilidade da Internet, com a capacidade de faz\u00ea-lo, n\u00e3o importa sua situa\u00e7\u00e3o. Nosso servi\u00e7o ajuda as empresas a conectarem-se e destacarem para aqueles que precisam delas.<\/p><\/li><li><h2>Servi\u00e7os Profissionais<\/h2><p>Fornecemos a capacidade dos especialistas ramificarem-se e alcan\u00e7arem o seu p\u00fablico-alvo. N\u00f3s os ajudamos a aprimorar suas habilidades para apresentarem-se a pessoas que precisam dos seus servi\u00e7os.<\/p><\/li><\/ul><\/div><\/div><\/div>[\/vc_column][\/vc_row]<\/p>\n<\/div>","protected":false},"excerpt":{"rendered":"<p>[vc_row css=&#8221;.vc_custom_1607983921143{background-color: #6ebd44 !important;}&#8221; classes=&#8221;tt-single-industry tt-services&#8221;][vc_column][\/vc_column][\/vc_row][vc_row][vc_column][\/vc_column][\/vc_row]<\/p>\n","protected":false},"author":69,"featured_media":0,"parent":52167,"menu_order":0,"comment_status":"closed","ping_status":"closed","template":"","meta":{"inline_featured_image":false,"_monsterinsights_skip_tracking":false,"_monsterinsights_sitenote_active":false,"_monsterinsights_sitenote_note":"","_monsterinsights_sitenote_category":0,"footnotes":""},"class_list":["post-52144","page","type-page","status-publish","hentry"],"yoast_head":"<!-- This site is optimized with the Yoast SEO Premium plugin v27.0 (Yoast SEO v27.0) - https:\/\/yoast.com\/product\/yoast-seo-premium-wordpress\/ -->\n<title>Servi\u00e7os | Marketing de Performance e Afilia\u00e7\u00e3o | TradeTracker<\/title>\n<meta name=\"description\" content=\"Aqui, vai encontrar segmentos do setor de Servi\u00e7os que usam nossa Plataforma de Desempenho para afiliados de Marketing online.\" \/>\n<meta name=\"robots\" content=\"index, follow, max-snippet:-1, max-image-preview:large, max-video-preview:-1\" \/>\n<link rel=\"canonical\" href=\"https:\/\/tradetracker.com\/pt\/wp-json\/wp\/v2\/pages\/52144\/\" \/>\n<meta property=\"og:locale\" content=\"pt_PT\" \/>\n<meta property=\"og:type\" content=\"article\" \/>\n<meta property=\"og:title\" content=\"Servi\u00e7os\" \/>\n<meta property=\"og:description\" content=\"Aqui, vai encontrar segmentos do setor de Servi\u00e7os que usam nossa Plataforma de Desempenho para afiliados de Marketing online.\" \/>\n<meta property=\"og:url\" content=\"https:\/\/tradetracker.com\/pt\/anunciantes\/servicos\/\" \/>\n<meta property=\"og:site_name\" content=\"TradeTracker.com | Affiliate Marketing | Performance Marketing\" \/>\n<meta property=\"article:publisher\" content=\"https:\/\/www.facebook.com\/tradetrackercom\" \/>\n<meta property=\"article:modified_time\" content=\"2020-12-14T22:12:05+00:00\" \/>\n<meta property=\"og:image\" content=\"https:\/\/tradetracker.com\/wp-content\/uploads\/2019\/12\/tradetracker-logo-square.png\" \/>\n\t<meta property=\"og:image:width\" content=\"250\" \/>\n\t<meta property=\"og:image:height\" content=\"250\" \/>\n\t<meta property=\"og:image:type\" content=\"image\/png\" \/>\n<meta name=\"twitter:card\" content=\"summary_large_image\" \/>\n<meta name=\"twitter:site\" content=\"@tradetrackercom\" \/>\n<meta name=\"twitter:label1\" content=\"Est. reading time\" \/>\n\t<meta name=\"twitter:data1\" content=\"1 minute\" \/>\n<script type=\"application\/ld+json\" class=\"yoast-schema-graph\">{\"@context\":\"https:\/\/schema.org\",\"@graph\":[{\"@type\":\"WebPage\",\"@id\":\"https:\/\/tradetracker.com\/pt\/anunciantes\/servicos\/\",\"url\":\"https:\/\/tradetracker.com\/pt\/anunciantes\/servicos\/\",\"name\":\"Servi\u00e7os | Marketing de Performance e Afilia\u00e7\u00e3o | TradeTracker\",\"isPartOf\":{\"@id\":\"https:\/\/tradetracker.com\/pt\/#website\"},\"datePublished\":\"2017-02-15T06:49:01+00:00\",\"dateModified\":\"2020-12-14T22:12:05+00:00\",\"description\":\"Aqui, vai encontrar segmentos do setor de Servi\u00e7os que usam nossa Plataforma de Desempenho para afiliados de Marketing online.\",\"breadcrumb\":{\"@id\":\"https:\/\/tradetracker.com\/pt\/anunciantes\/servicos\/#breadcrumb\"},\"inLanguage\":\"pt-PT\",\"potentialAction\":[{\"@type\":\"ReadAction\",\"target\":[\"https:\/\/tradetracker.com\/pt\/anunciantes\/servicos\/\"]}]},{\"@type\":\"BreadcrumbList\",\"@id\":\"https:\/\/tradetracker.com\/pt\/anunciantes\/servicos\/#breadcrumb\",\"itemListElement\":[{\"@type\":\"ListItem\",\"position\":1,\"name\":\"Home\",\"item\":\"https:\/\/tradetracker.com\/pt\/\"},{\"@type\":\"ListItem\",\"position\":2,\"name\":\"Anunciantes\",\"item\":\"https:\/\/tradetracker.com\/pt\/anunciantes\/\"},{\"@type\":\"ListItem\",\"position\":3,\"name\":\"Servi\u00e7os\"}]},{\"@type\":\"WebSite\",\"@id\":\"https:\/\/tradetracker.com\/pt\/#website\",\"url\":\"https:\/\/tradetracker.com\/pt\/\",\"name\":\"TradeTracker.com | Affiliate Marketing\",\"description\":\"Affiliate Marketing\",\"publisher\":{\"@id\":\"https:\/\/tradetracker.com\/pt\/#organization\"},\"potentialAction\":[{\"@type\":\"SearchAction\",\"target\":{\"@type\":\"EntryPoint\",\"urlTemplate\":\"https:\/\/tradetracker.com\/pt\/?s={search_term_string}\"},\"query-input\":{\"@type\":\"PropertyValueSpecification\",\"valueRequired\":true,\"valueName\":\"search_term_string\"}}],\"inLanguage\":\"pt-PT\"},{\"@type\":\"Organization\",\"@id\":\"https:\/\/tradetracker.com\/pt\/#organization\",\"name\":\"TradeTracker FZ LLC\",\"url\":\"https:\/\/tradetracker.com\/pt\/\",\"logo\":{\"@type\":\"ImageObject\",\"inLanguage\":\"pt-PT\",\"@id\":\"https:\/\/tradetracker.com\/pt\/#\/schema\/logo\/image\/\",\"url\":\"https:\/\/tradetracker.com\/wp-content\/uploads\/2019\/04\/tradetracker-logo_1.jpg\",\"contentUrl\":\"https:\/\/tradetracker.com\/wp-content\/uploads\/2019\/04\/tradetracker-logo_1.jpg\",\"width\":672,\"height\":109,\"caption\":\"TradeTracker FZ LLC\"},\"image\":{\"@id\":\"https:\/\/tradetracker.com\/pt\/#\/schema\/logo\/image\/\"},\"sameAs\":[\"https:\/\/www.facebook.com\/tradetrackercom\",\"https:\/\/x.com\/tradetrackercom\",\"https:\/\/www.linkedin.com\/company\/tradetrackercom\",\"https:\/\/www.youtube.com\/channel\/UCHiq-oir3qOorxO-8nLjIcQ\"],\"description\":\"TradeTracker is a global affiliate marketing platform that connects advertisers and publishers to create successful online campaigns. With its user-friendly interface, advanced tracking technology, and real-time reporting, TradeTracker provides the tools to optimize performance and boost conversions. Operating in over 20 countries, TradeTracker is renowned for its transparency, innovative solutions, and personalized support. It has been consistently chosen as the leading affiliate network worldwide, a testament to its excellence in the industry. Advertisers benefit from access to a vast network of publishers, while publishers enjoy a diverse range of campaigns and attractive earning opportunities. The platform continues to revolutionize the affiliate marketing industry with technologies like Real Attribution, ensuring fair commission distribution. TradeTracker empowers businesses to achieve their online no cure no pay advertising goals efficiently and effectively. With superior technology, unparalleled customer service, and innovative solutions, TradeTracker consistently outperforms competitors like Awin, TradeDoubler, CJ, and Webgains, making it the preferred choice for advertisers and publishers worldwide.\",\"legalName\":\"TradeTracker.com\",\"foundingDate\":\"2004-03-05\",\"numberOfEmployees\":{\"@type\":\"QuantitativeValue\",\"minValue\":\"201\",\"maxValue\":\"500\"}}]}<\/script>\n<!-- \/ Yoast SEO Premium plugin. -->","yoast_head_json":{"title":"Servi\u00e7os | Marketing de Performance e Afilia\u00e7\u00e3o | TradeTracker","description":"Aqui, vai encontrar segmentos do setor de Servi\u00e7os que usam nossa Plataforma de Desempenho para afiliados de Marketing online.","robots":{"index":"index","follow":"follow","max-snippet":"max-snippet:-1","max-image-preview":"max-image-preview:large","max-video-preview":"max-video-preview:-1"},"canonical":"https:\/\/tradetracker.com\/pt\/wp-json\/wp\/v2\/pages\/52144\/","og_locale":"pt_PT","og_type":"article","og_title":"Servi\u00e7os","og_description":"Aqui, vai encontrar segmentos do setor de Servi\u00e7os que usam nossa Plataforma de Desempenho para afiliados de Marketing online.","og_url":"https:\/\/tradetracker.com\/pt\/anunciantes\/servicos\/","og_site_name":"TradeTracker.com | Affiliate Marketing | Performance Marketing","article_publisher":"https:\/\/www.facebook.com\/tradetrackercom","article_modified_time":"2020-12-14T22:12:05+00:00","og_image":[{"width":250,"height":250,"url":"https:\/\/tradetracker.com\/wp-content\/uploads\/2019\/12\/tradetracker-logo-square.png","type":"image\/png"}],"twitter_card":"summary_large_image","twitter_site":"@tradetrackercom","twitter_misc":{"Est. reading time":"1 minute"},"schema":{"@context":"https:\/\/schema.org","@graph":[{"@type":"WebPage","@id":"https:\/\/tradetracker.com\/pt\/anunciantes\/servicos\/","url":"https:\/\/tradetracker.com\/pt\/anunciantes\/servicos\/","name":"Servi\u00e7os | Marketing de Performance e Afilia\u00e7\u00e3o | TradeTracker","isPartOf":{"@id":"https:\/\/tradetracker.com\/pt\/#website"},"datePublished":"2017-02-15T06:49:01+00:00","dateModified":"2020-12-14T22:12:05+00:00","description":"Aqui, vai encontrar segmentos do setor de Servi\u00e7os que usam nossa Plataforma de Desempenho para afiliados de Marketing online.","breadcrumb":{"@id":"https:\/\/tradetracker.com\/pt\/anunciantes\/servicos\/#breadcrumb"},"inLanguage":"pt-PT","potentialAction":[{"@type":"ReadAction","target":["https:\/\/tradetracker.com\/pt\/anunciantes\/servicos\/"]}]},{"@type":"BreadcrumbList","@id":"https:\/\/tradetracker.com\/pt\/anunciantes\/servicos\/#breadcrumb","itemListElement":[{"@type":"ListItem","position":1,"name":"Home","item":"https:\/\/tradetracker.com\/pt\/"},{"@type":"ListItem","position":2,"name":"Anunciantes","item":"https:\/\/tradetracker.com\/pt\/anunciantes\/"},{"@type":"ListItem","position":3,"name":"Servi\u00e7os"}]},{"@type":"WebSite","@id":"https:\/\/tradetracker.com\/pt\/#website","url":"https:\/\/tradetracker.com\/pt\/","name":"TradeTracker.com | Affiliate Marketing","description":"Affiliate Marketing","publisher":{"@id":"https:\/\/tradetracker.com\/pt\/#organization"},"potentialAction":[{"@type":"SearchAction","target":{"@type":"EntryPoint","urlTemplate":"https:\/\/tradetracker.com\/pt\/?s={search_term_string}"},"query-input":{"@type":"PropertyValueSpecification","valueRequired":true,"valueName":"search_term_string"}}],"inLanguage":"pt-PT"},{"@type":"Organization","@id":"https:\/\/tradetracker.com\/pt\/#organization","name":"TradeTracker FZ LLC","url":"https:\/\/tradetracker.com\/pt\/","logo":{"@type":"ImageObject","inLanguage":"pt-PT","@id":"https:\/\/tradetracker.com\/pt\/#\/schema\/logo\/image\/","url":"https:\/\/tradetracker.com\/wp-content\/uploads\/2019\/04\/tradetracker-logo_1.jpg","contentUrl":"https:\/\/tradetracker.com\/wp-content\/uploads\/2019\/04\/tradetracker-logo_1.jpg","width":672,"height":109,"caption":"TradeTracker FZ LLC"},"image":{"@id":"https:\/\/tradetracker.com\/pt\/#\/schema\/logo\/image\/"},"sameAs":["https:\/\/www.facebook.com\/tradetrackercom","https:\/\/x.com\/tradetrackercom","https:\/\/www.linkedin.com\/company\/tradetrackercom","https:\/\/www.youtube.com\/channel\/UCHiq-oir3qOorxO-8nLjIcQ"],"description":"TradeTracker is a global affiliate marketing platform that connects advertisers and publishers to create successful online campaigns. With its user-friendly interface, advanced tracking technology, and real-time reporting, TradeTracker provides the tools to optimize performance and boost conversions. Operating in over 20 countries, TradeTracker is renowned for its transparency, innovative solutions, and personalized support. It has been consistently chosen as the leading affiliate network worldwide, a testament to its excellence in the industry. Advertisers benefit from access to a vast network of publishers, while publishers enjoy a diverse range of campaigns and attractive earning opportunities. The platform continues to revolutionize the affiliate marketing industry with technologies like Real Attribution, ensuring fair commission distribution. TradeTracker empowers businesses to achieve their online no cure no pay advertising goals efficiently and effectively. With superior technology, unparalleled customer service, and innovative solutions, TradeTracker consistently outperforms competitors like Awin, TradeDoubler, CJ, and Webgains, making it the preferred choice for advertisers and publishers worldwide.","legalName":"TradeTracker.com","foundingDate":"2004-03-05","numberOfEmployees":{"@type":"QuantitativeValue","minValue":"201","maxValue":"500"}}]}},"_links":{"self":[{"href":"https:\/\/tradetracker.com\/pt\/wp-json\/wp\/v2\/pages\/52144","targetHints":{"allow":["GET"]}}],"collection":[{"href":"https:\/\/tradetracker.com\/pt\/wp-json\/wp\/v2\/pages"}],"about":[{"href":"https:\/\/tradetracker.com\/pt\/wp-json\/wp\/v2\/types\/page"}],"author":[{"embeddable":true,"href":"https:\/\/tradetracker.com\/pt\/wp-json\/wp\/v2\/users\/69"}],"replies":[{"embeddable":true,"href":"https:\/\/tradetracker.com\/pt\/wp-json\/wp\/v2\/comments?post=52144"}],"version-history":[{"count":0,"href":"https:\/\/tradetracker.com\/pt\/wp-json\/wp\/v2\/pages\/52144\/revisions"}],"up":[{"embeddable":true,"href":"https:\/\/tradetracker.com\/pt\/wp-json\/wp\/v2\/pages\/52167"}],"wp:attachment":[{"href":"https:\/\/tradetracker.com\/pt\/wp-json\/wp\/v2\/media?parent=52144"}],"curies":[{"name":"wp","href":"https:\/\/api.w.org\/{rel}","templated":true}]}}