{"id":52145,"date":"2017-02-15T06:15:31","date_gmt":"2017-02-15T06:15:31","guid":{"rendered":"https:\/\/tradetracker.com\/admonitor\/"},"modified":"2025-01-09T02:57:59","modified_gmt":"2025-01-09T02:57:59","slug":"admonitor","status":"publish","type":"page","link":"https:\/\/tradetracker.com\/pt\/admonitor\/","title":{"rendered":"AdMonitor"},"content":{"rendered":"<div class=\"wpb-content-wrapper\"><p>[vc_row classes=&#8221;admonitor-page-detail&#8221;][vc_column]<div class=\"row\"><div class=\"vc_col-sm-12\"><div class=\"industry-page-intro-text\"><h1  class=\"\">AdMonitor<\/h1><h2  class=\"\">Suas marcas comerciais s\u00e3o indispens\u00e1veis no processo de busca e desempenham um papel importante na dire\u00e7\u00e3o do tr\u00e1fego para seu site, mas al\u00e9m de si, outros players do mercado, como concorrentes, parceiros e revendedores, tentam lucrar com sua marca. Para proteg\u00ea-la, a TradeTracker desenvolveu uma ferramenta que monitora o uso da sua marca em canais de busca e detecta o abuso da mesma, em an\u00fancios de pesquisa.<\/h2><\/div>\r\n        <\/div>\r\n    <\/div><div class=\"space\"><\/div>[\/vc_column][\/vc_row][vc_row classes=&#8221;se-how bg-pattern&#8221;][vc_column width=&#8221;2\/12&#8243;][\/vc_column][vc_column width=&#8221;8\/12&#8243; el_class=&#8221;acenter&#8221;]<div class=\"space\"><\/div><header><h2 class=\" tt_composer\" >Como funciona<\/h2><\/header>[vc_wp_text el_class=&#8221;acenter&#8221;]Pode determinar quais palavras-chave devem ser monitoradas, bem como os canais de pesquisa. O AdMonitor \u00e9 capaz de rastrear os canais de pesquisa regular e m\u00f3vel. Receber\u00e1 um alerta sempre que poss\u00edvel, quando as infra\u00e7\u00f5es de marca registrada forem detectadas, seguindo os seus crit\u00e9rios estabelecidos. Com a ajuda de algoritmos sofisticados, o software tamb\u00e9m pode encontrar as IDs de afiliados de muitas outras redes e que estejam a executar sua campanha. O AdMonitor tamb\u00e9m est\u00e1 totalmente integrado na interface TradeTracker, o que significa que n\u00e3o precisar\u00e1 fazer login em outro sistema. Os resultados das pesquisas s\u00e3o exibidos em seu painel de controle e poder\u00e1 detalh\u00e1-lo para ter uma vis\u00e3o mais aproximada de cada resultado de pesquisa.[\/vc_wp_text][\/vc_column][vc_column width=&#8221;2\/12&#8243;][\/vc_column][\/vc_row][vc_row][vc_column][vc_single_image image=&#8221;113739&#8243; img_size=&#8221;1120&#215;604&#8243; alignment=&#8221;center&#8221;][\/vc_column][\/vc_row][vc_row classes=&#8221;se-detect&#8221;][vc_column]<div class=\"space\"><\/div><header><h2 class=\" tt_composer\" >O que detectamos<\/h2><\/header>[vc_row_inner el_class=&#8221;se-detect&#8221;][vc_column_inner width=&#8221;1\/2&#8243;][vc_single_image image=&#8221;113845&#8243; alignment=&#8221;center&#8221; el_class=&#8221;se-img&#8221;][vc_wp_text]<\/p>\n<h3>Apropria\u00e7\u00e3o de URL \/An\u00fancio<\/h3>\n<p>Identificamos infratores que usam o seu an\u00fancio de texto e o URL de visualiza\u00e7\u00e3o, por\u00e9m antes que os visitantes entrem no seu site, eles s\u00e3o redirecionados atrav\u00e9s de links de tracking que n\u00e3o s\u00e3o os seus. Como esses an\u00fancios t\u00eam semelhan\u00e7a com seus pr\u00f3prios an\u00fancios, esse tipo de viola\u00e7\u00e3o \u00e9 particularmente dif\u00edcil de detectar sem um software sofisticado.[\/vc_wp_text]<div class=\"space\"><\/div>[\/vc_column_inner][vc_column_inner width=&#8221;1\/2&#8243;][vc_single_image image=&#8221;113827&#8243; alignment=&#8221;center&#8221; el_class=&#8221;se-img&#8221;][vc_wp_text]<\/p>\n<h3>\u00a0Segmenta\u00e7\u00e3o Hor\u00e1ria<\/h3>\n<p>Identificamos infratores que restringem a exibi\u00e7\u00e3o dos seus an\u00fancios em determinadas horas do dia, especialmente durante as noites e fins de semana, pois \u00e9 menos prov\u00e1vel que voc\u00ea veja esses an\u00fancios[\/vc_wp_text]<div class=\"space\"><\/div>[\/vc_column_inner][\/vc_row_inner][vc_row_inner el_class=&#8221;se-detect&#8221;][vc_column_inner width=&#8221;1\/2&#8243;][vc_single_image image=&#8221;113881&#8243; alignment=&#8221;center&#8221; el_class=&#8221;se-img&#8221;][vc_wp_text]<\/p>\n<h3>Segmenta\u00e7\u00e3o Geogr\u00e1fica<\/h3>\n<p>Identificamos infratores que usam IP-Geo-Targeting reverso. Ao usar este m\u00e9todo, um infrator tentar\u00e1 exibir o an\u00fancio em determinadas cidades e\/ou regi\u00f5es especificadas.[\/vc_wp_text][\/vc_column_inner][vc_column_inner width=&#8221;1\/2&#8243;][vc_single_image image=&#8221;113863&#8243; alignment=&#8221;center&#8221; el_class=&#8221;se-img&#8221;][vc_wp_text]<\/p>\n<h3>Link \u00e0 paisana<\/h3>\n<p>Identificamos infratores que fazem uso indevido de uma divers\u00e3o, para esconder a fonte original de tr\u00e1fego (capa). Juntamente com o seu Account Manager, poder\u00e1 analisar os resultados de monitoramento da marca e criar listas brancas de afiliados ou outros parceiros cujas atividades n\u00e3o devem ser sinalizadas ou interpretadas como amea\u00e7as.[\/vc_wp_text][\/vc_column_inner][\/vc_row_inner][vc_row_inner][vc_column_inner]<div class=\"space\"><\/div>[vc_wp_text]Consulte com o seu Account Manager, ele te ajudar\u00e1 a formular a melhor estrat\u00e9gia ao revisar seus resultados e tamb\u00e9m a compilar listas de afiliados que n\u00e3o devem ser marcados como amea\u00e7as.[\/vc_wp_text]<div class=\"space\"><\/div>[\/vc_column_inner][\/vc_row_inner][\/vc_column][\/vc_row][vc_row el_id=&#8221;section-se-brands&#8221;][vc_column]<header><h2 class=\" tt_composer\" >Quais motores de busca monitoramos?<\/h2><\/header>[vc_row_inner el_class=&#8221;se-logos&#8221;][vc_column_inner el_class=&#8221;acenter&#8221; width=&#8221;1\/4&#8243;][vc_single_image image=&#8221;113773&#8243; img_size=&#8221;full&#8221;][\/vc_column_inner][vc_column_inner el_class=&#8221;acenter&#8221; width=&#8221;1\/4&#8243;][vc_single_image image=&#8221;113791&#8243; img_size=&#8221;full&#8221;][\/vc_column_inner][vc_column_inner el_class=&#8221;acenter&#8221; width=&#8221;1\/4&#8243;][vc_single_image image=&#8221;113755&#8243; img_size=&#8221;full&#8221;][\/vc_column_inner][vc_column_inner el_class=&#8221;acenter&#8221; width=&#8221;1\/4&#8243;][vc_single_image image=&#8221;113809&#8243; img_size=&#8221;full&#8221;][\/vc_column_inner][\/vc_row_inner][\/vc_column][\/vc_row][vc_row][vc_column]<div class=\"space\"><\/div>[vc_row_inner el_class=&#8221;se-package&#8221;][vc_column_inner]<header><h2 class=\" tt_composer\" >Pacotes \u00e0 sua escolha<\/h2><\/header>[\/vc_column_inner][\/vc_row_inner][vc_wp_text el_class=&#8221;se-package&#8221;]Encontrar o pacote com a abrang\u00eancia necess\u00e1ria para as suas pesquisas, \u00e9 uma quest\u00e3o de entender suas palavras-chave, a presen\u00e7a on-line e qu\u00e3o completo gostaria que fosse a procura. \u00c0 medida que realizamos pesquisas a cada hora do dia, tudo o que precisa fazer \u00e9 identificar o n\u00famero de palavras-chave que deseja seguir e sobre quantos motores de busca diferentes.<\/p>\n<p>Por exemplo:<br \/>\nSe quiser seguir <strong>10 palavras-chave<\/strong>, em <strong>3 motores de busca<\/strong> e durante <strong>24 horas ao dia<\/strong>.<\/p>\n<p>Ent\u00e3o, a quantidade total resultaria em\u00a0<strong>720 pesquisas (10 x 3 x 24) por dia<\/strong>, de maneira que a nossa recomenda\u00e7\u00e3o, seria contratar o pacote &#8220;Avan\u00e7ado&#8221;, durante um m\u00eas completo.<\/p>\n<p>O que \u00e9 fant\u00e1stico, \u00e9 que nunca est\u00e1 limitado e tem a flexibilidade de ajustar para cima ou para baixo, dependendo da situa\u00e7\u00e3o em que estiver. Sinta-se \u00e0 vontade para consultar ao seu Account Manager e pedir ajuda na sele\u00e7\u00e3o do pacote certo para a sua situa\u00e7\u00e3o, bem como, na configura\u00e7\u00e3o dos seus par\u00e2metros.[\/vc_wp_text]<div class=\"space\"><\/div>[\/vc_column][\/vc_row][vc_row classes=&#8221;sec-diff&#8221;][vc_column]<header><h2 class=\" tt_composer\" >Pacotes e Pre\u00e7os<\/h2><\/header>[vc_row_inner][vc_column_inner el_class=&#8221;se-pricing&#8221; width=&#8221;1\/3&#8243;]<div class=\"package admonitor-package \">\r\n            <h2>Plano B\u00e1sico<\/h2>\r\n            <p><span class=\"package-price\">R$ 375,00\/m\u00eas<\/span><\/p>\r\n            <p>At\u00e9 2.500 pesquisas inclu\u00eddas por m\u00eas.<\/p>\r\n            <div class=\"space-half\"><\/div><p>Custo por pesquisa adicional: R$ 0,20<\/p><\/div>[\/vc_column_inner][vc_column_inner el_class=&#8221;se-pricing&#8221; width=&#8221;1\/3&#8243;]<div class=\"package admonitor-package \">\r\n            <h2>Plano Avan\u00e7ado<\/h2>\r\n            <p><span class=\"package-price\">R$ 1000,00\/m\u00eas<\/span><\/p>\r\n            <p>At\u00e9 25.000 pesquisas inclu\u00eddas por m\u00eas.<\/p>\r\n            <div class=\"space-half\"><\/div><p>Custo por pesquisa adicional: R$ 0,12<\/p><\/div>[\/vc_column_inner][vc_column_inner el_class=&#8221;se-pricing&#8221; width=&#8221;1\/3&#8243;]<div class=\"package admonitor-package \">\r\n            <h2>Plano Premium<\/h2>\r\n            <p><span class=\"package-price\">R$ 1.850,00\/m\u00eas<\/span><\/p>\r\n            <p>At\u00e9 250.000 pesquisas inclu\u00eddas por m\u00eas.<\/p>\r\n            <div class=\"space-half\"><\/div><p>Custo por pesquisa adicional: R$ 0,04<\/p><\/div>[\/vc_column_inner][\/vc_row_inner][\/vc_column][\/vc_row][vc_row classes=&#8221;cta bg-pattern&#8221; el_id=&#8221;ctaaam&#8221;][vc_column]<div class=\"row\"><div class=\"vc_col-sm-12\"><h2 class=\"get_started\" >Atreve-se a dar o pr\u00f3ximo passo?<\/h2><p >Somos uma equipa de entusiastas do Marketing de Desempenho e de Afilia\u00e7\u00e3o, orientados a resultados, comprometidos com a performance e sempre a buscar que o mundo da publicidade seja um lugar melhor. Entre em contacto connosco e descubra como podemos ajudar-lhe a desenvolver uma estrat\u00e9gia rent\u00e1vel para o seu neg\u00f3cio on-line.<\/p><\/div><\/div><div class=\"space\"><\/div>[vc_row_inner][vc_column_inner width=&#8221;2\/12&#8243;][\/vc_column_inner][vc_column_inner width=&#8221;4\/12&#8243;][vc_btn title=&#8221;Inscreva-se como anunciante&#8221; style=&#8221;classic&#8221; color=&#8221;white&#8221; size=&#8221;lg&#8221; align=&#8221;center&#8221; css=&#8221;&#8221; link=&#8221;url:https%3A%2F%2Fmerchant.tradetracker.com%2Fportal%2FadvertiserBrochure%3Floc%3Dpt_PT&#8221; el_class=&#8221;theme-btn btn-style-one text-center tdecn&#8221;][vc_raw_html el_class=&#8221;force-white-text&#8221;]JTNDc3BhbiUyMGNsYXNzJTNEJTIybGluay1zZXAlMjIlM0Utb3UtJTNDJTJGc3BhbiUzRQ==[\/vc_raw_html]<div class=\"row\"><div class=\"vc_col-sm-12\"><p><a class=\"textlink force-white-text\" href=\"\/pt\/anunciantes\/\">Anunciantes<\/a><\/p><\/div><\/div>[\/vc_column_inner][vc_column_inner width=&#8221;4\/12&#8243;][vc_btn title=&#8221;Inscreva-se como editor&#8221; style=&#8221;classic&#8221; color=&#8221;white&#8221; size=&#8221;lg&#8221; align=&#8221;center&#8221; link=&#8221;url:https%3A%2F%2Faffiliate.tradetracker.com%2Fsignup%2Fstep1%3Floc%3Dnl_NL|||&#8221; el_class=&#8221;theme-btn btn-style-one text-center tdecn&#8221;][vc_raw_html el_class=&#8221;force-white-text&#8221;]JTNDc3BhbiUyMGNsYXNzJTNEJTIybGluay1zZXAlMjIlM0Utb3UtJTNDJTJGc3BhbiUzRQ==[\/vc_raw_html]<div class=\"row\"><div class=\"vc_col-sm-12\"><p><a class=\"textlink force-white-text\" href=\"\/pt\/publishers\/\">Publishers<\/a><\/p><\/div><\/div>[\/vc_column_inner][vc_column_inner width=&#8221;2\/12&#8243;][\/vc_column_inner][\/vc_row_inner]<div class=\"space\"><\/div>[\/vc_column][\/vc_row]<\/p>\n<\/div>","protected":false},"excerpt":{"rendered":"<p>[vc_row classes=&#8221;admonitor-page-detail&#8221;][vc_column][\/vc_column][\/vc_row][vc_row classes=&#8221;se-how bg-pattern&#8221;][vc_column width=&#8221;2\/12&#8243;][\/vc_column][vc_column width=&#8221;8\/12&#8243; el_class=&#8221;acenter&#8221;][vc_wp_text el_class=&#8221;acenter&#8221;]Pode determinar quais palavras-chave devem ser monitoradas, bem como os canais de pesquisa. O AdMonitor \u00e9 capaz de rastrear os canais de pesquisa regular e m\u00f3vel. Receber\u00e1 um alerta sempre que poss\u00edvel, quando as infra\u00e7\u00f5es de marca registrada forem detectadas, seguindo os seus crit\u00e9rios estabelecidos. Com a ajuda  [&#8230;]<\/p>\n","protected":false},"author":69,"featured_media":0,"parent":0,"menu_order":0,"comment_status":"closed","ping_status":"closed","template":"","meta":{"inline_featured_image":false,"_monsterinsights_skip_tracking":false,"_monsterinsights_sitenote_active":false,"_monsterinsights_sitenote_note":"","_monsterinsights_sitenote_category":0,"footnotes":""},"class_list":["post-52145","page","type-page","status-publish","hentry"],"yoast_head":"<!-- This site is optimized with the Yoast SEO Premium plugin v27.0 (Yoast SEO v27.0) - https:\/\/yoast.com\/product\/yoast-seo-premium-wordpress\/ -->\n<title>AdMonitor - a sua marca em boas m\u00e3os | TradeTracker<\/title>\n<meta name=\"description\" content=\"Proteja sua marca com esta ferramenta \u00fatil e que varre os mecanismos de busca online, para detectar qualquer uso inadequado do seu nome.\" \/>\n<meta name=\"robots\" content=\"index, follow, max-snippet:-1, max-image-preview:large, max-video-preview:-1\" \/>\n<link rel=\"canonical\" href=\"https:\/\/tradetracker.com\/pt\/wp-json\/wp\/v2\/pages\/52145\/\" \/>\n<meta property=\"og:locale\" content=\"pt_PT\" \/>\n<meta property=\"og:type\" content=\"article\" \/>\n<meta property=\"og:title\" content=\"AdMonitor TradeTracker.com\" \/>\n<meta property=\"og:description\" content=\"Proteja sua marca com esta ferramenta \u00fatil e que varre os\" \/>\n<meta property=\"og:url\" content=\"https:\/\/tradetracker.com\/pt\/admonitor\/\" \/>\n<meta property=\"og:site_name\" content=\"TradeTracker.com | Affiliate Marketing | Performance Marketing\" \/>\n<meta property=\"article:publisher\" content=\"https:\/\/www.facebook.com\/tradetrackercom\" \/>\n<meta property=\"article:modified_time\" content=\"2025-01-09T02:57:59+00:00\" \/>\n<meta property=\"og:image\" content=\"https:\/\/tradetracker.com\/wp-content\/uploads\/2019\/12\/tradetracker-logo-square.png\" \/>\n\t<meta property=\"og:image:width\" content=\"250\" \/>\n\t<meta property=\"og:image:height\" content=\"250\" \/>\n\t<meta property=\"og:image:type\" content=\"image\/png\" \/>\n<meta name=\"twitter:card\" content=\"summary_large_image\" \/>\n<meta name=\"twitter:title\" content=\"AdMonitor\" \/>\n<meta name=\"twitter:description\" content=\"[vc_row classes=&quot;admonitor-page-detail&quot;][vc_column]AdMonitorSuas marcas comerciais s\u00e3o indispens\u00e1veis no processo de busca \" \/>\n<meta name=\"twitter:image\" content=\"https:\/\/tradetracker.com\/assets\/tt-circles.png\" \/>\n<meta name=\"twitter:site\" content=\"@tradetrackercom\" \/>\n<meta name=\"twitter:label1\" content=\"Est. reading time\" \/>\n\t<meta name=\"twitter:data1\" content=\"6 minutes\" \/>\n<script type=\"application\/ld+json\" class=\"yoast-schema-graph\">{\"@context\":\"https:\/\/schema.org\",\"@graph\":[{\"@type\":\"WebPage\",\"@id\":\"https:\/\/tradetracker.com\/pt\/admonitor\/\",\"url\":\"https:\/\/tradetracker.com\/pt\/admonitor\/\",\"name\":\"AdMonitor - a sua marca em boas m\u00e3os | TradeTracker\",\"isPartOf\":{\"@id\":\"https:\/\/tradetracker.com\/pt\/#website\"},\"datePublished\":\"2017-02-15T06:15:31+00:00\",\"dateModified\":\"2025-01-09T02:57:59+00:00\",\"description\":\"Proteja sua marca com esta ferramenta \u00fatil e que varre os mecanismos de busca online, para detectar qualquer uso inadequado do seu nome.\",\"breadcrumb\":{\"@id\":\"https:\/\/tradetracker.com\/pt\/admonitor\/#breadcrumb\"},\"inLanguage\":\"pt-PT\",\"potentialAction\":[{\"@type\":\"ReadAction\",\"target\":[\"https:\/\/tradetracker.com\/pt\/admonitor\/\"]}]},{\"@type\":\"BreadcrumbList\",\"@id\":\"https:\/\/tradetracker.com\/pt\/admonitor\/#breadcrumb\",\"itemListElement\":[{\"@type\":\"ListItem\",\"position\":1,\"name\":\"Home\",\"item\":\"https:\/\/tradetracker.com\/pt\/\"},{\"@type\":\"ListItem\",\"position\":2,\"name\":\"AdMonitor\"}]},{\"@type\":\"WebSite\",\"@id\":\"https:\/\/tradetracker.com\/pt\/#website\",\"url\":\"https:\/\/tradetracker.com\/pt\/\",\"name\":\"TradeTracker.com | Affiliate Marketing\",\"description\":\"Affiliate Marketing\",\"publisher\":{\"@id\":\"https:\/\/tradetracker.com\/pt\/#organization\"},\"potentialAction\":[{\"@type\":\"SearchAction\",\"target\":{\"@type\":\"EntryPoint\",\"urlTemplate\":\"https:\/\/tradetracker.com\/pt\/?s={search_term_string}\"},\"query-input\":{\"@type\":\"PropertyValueSpecification\",\"valueRequired\":true,\"valueName\":\"search_term_string\"}}],\"inLanguage\":\"pt-PT\"},{\"@type\":\"Organization\",\"@id\":\"https:\/\/tradetracker.com\/pt\/#organization\",\"name\":\"TradeTracker FZ LLC\",\"url\":\"https:\/\/tradetracker.com\/pt\/\",\"logo\":{\"@type\":\"ImageObject\",\"inLanguage\":\"pt-PT\",\"@id\":\"https:\/\/tradetracker.com\/pt\/#\/schema\/logo\/image\/\",\"url\":\"https:\/\/tradetracker.com\/wp-content\/uploads\/2019\/04\/tradetracker-logo_1.jpg\",\"contentUrl\":\"https:\/\/tradetracker.com\/wp-content\/uploads\/2019\/04\/tradetracker-logo_1.jpg\",\"width\":672,\"height\":109,\"caption\":\"TradeTracker FZ LLC\"},\"image\":{\"@id\":\"https:\/\/tradetracker.com\/pt\/#\/schema\/logo\/image\/\"},\"sameAs\":[\"https:\/\/www.facebook.com\/tradetrackercom\",\"https:\/\/x.com\/tradetrackercom\",\"https:\/\/www.linkedin.com\/company\/tradetrackercom\",\"https:\/\/www.youtube.com\/channel\/UCHiq-oir3qOorxO-8nLjIcQ\"],\"description\":\"TradeTracker is a global affiliate marketing platform that connects advertisers and publishers to create successful online campaigns. With its user-friendly interface, advanced tracking technology, and real-time reporting, TradeTracker provides the tools to optimize performance and boost conversions. Operating in over 20 countries, TradeTracker is renowned for its transparency, innovative solutions, and personalized support. It has been consistently chosen as the leading affiliate network worldwide, a testament to its excellence in the industry. Advertisers benefit from access to a vast network of publishers, while publishers enjoy a diverse range of campaigns and attractive earning opportunities. The platform continues to revolutionize the affiliate marketing industry with technologies like Real Attribution, ensuring fair commission distribution. TradeTracker empowers businesses to achieve their online no cure no pay advertising goals efficiently and effectively. With superior technology, unparalleled customer service, and innovative solutions, TradeTracker consistently outperforms competitors like Awin, TradeDoubler, CJ, and Webgains, making it the preferred choice for advertisers and publishers worldwide.\",\"legalName\":\"TradeTracker.com\",\"foundingDate\":\"2004-03-05\",\"numberOfEmployees\":{\"@type\":\"QuantitativeValue\",\"minValue\":\"201\",\"maxValue\":\"500\"}}]}<\/script>\n<!-- \/ Yoast SEO Premium plugin. -->","yoast_head_json":{"title":"AdMonitor - a sua marca em boas m\u00e3os | TradeTracker","description":"Proteja sua marca com esta ferramenta \u00fatil e que varre os mecanismos de busca online, para detectar qualquer uso inadequado do seu nome.","robots":{"index":"index","follow":"follow","max-snippet":"max-snippet:-1","max-image-preview":"max-image-preview:large","max-video-preview":"max-video-preview:-1"},"canonical":"https:\/\/tradetracker.com\/pt\/wp-json\/wp\/v2\/pages\/52145\/","og_locale":"pt_PT","og_type":"article","og_title":"AdMonitor TradeTracker.com","og_description":"Proteja sua marca com esta ferramenta \u00fatil e que varre os","og_url":"https:\/\/tradetracker.com\/pt\/admonitor\/","og_site_name":"TradeTracker.com | Affiliate Marketing | Performance Marketing","article_publisher":"https:\/\/www.facebook.com\/tradetrackercom","article_modified_time":"2025-01-09T02:57:59+00:00","og_image":[{"width":250,"height":250,"url":"https:\/\/tradetracker.com\/wp-content\/uploads\/2019\/12\/tradetracker-logo-square.png","type":"image\/png"}],"twitter_card":"summary_large_image","twitter_title":"AdMonitor","twitter_description":"[vc_row classes=\"admonitor-page-detail\"][vc_column]AdMonitorSuas marcas comerciais s\u00e3o indispens\u00e1veis no processo de busca ","twitter_image":"https:\/\/tradetracker.com\/assets\/tt-circles.png","twitter_site":"@tradetrackercom","twitter_misc":{"Est. reading time":"6 minutes"},"schema":{"@context":"https:\/\/schema.org","@graph":[{"@type":"WebPage","@id":"https:\/\/tradetracker.com\/pt\/admonitor\/","url":"https:\/\/tradetracker.com\/pt\/admonitor\/","name":"AdMonitor - a sua marca em boas m\u00e3os | TradeTracker","isPartOf":{"@id":"https:\/\/tradetracker.com\/pt\/#website"},"datePublished":"2017-02-15T06:15:31+00:00","dateModified":"2025-01-09T02:57:59+00:00","description":"Proteja sua marca com esta ferramenta \u00fatil e que varre os mecanismos de busca online, para detectar qualquer uso inadequado do seu nome.","breadcrumb":{"@id":"https:\/\/tradetracker.com\/pt\/admonitor\/#breadcrumb"},"inLanguage":"pt-PT","potentialAction":[{"@type":"ReadAction","target":["https:\/\/tradetracker.com\/pt\/admonitor\/"]}]},{"@type":"BreadcrumbList","@id":"https:\/\/tradetracker.com\/pt\/admonitor\/#breadcrumb","itemListElement":[{"@type":"ListItem","position":1,"name":"Home","item":"https:\/\/tradetracker.com\/pt\/"},{"@type":"ListItem","position":2,"name":"AdMonitor"}]},{"@type":"WebSite","@id":"https:\/\/tradetracker.com\/pt\/#website","url":"https:\/\/tradetracker.com\/pt\/","name":"TradeTracker.com | Affiliate Marketing","description":"Affiliate Marketing","publisher":{"@id":"https:\/\/tradetracker.com\/pt\/#organization"},"potentialAction":[{"@type":"SearchAction","target":{"@type":"EntryPoint","urlTemplate":"https:\/\/tradetracker.com\/pt\/?s={search_term_string}"},"query-input":{"@type":"PropertyValueSpecification","valueRequired":true,"valueName":"search_term_string"}}],"inLanguage":"pt-PT"},{"@type":"Organization","@id":"https:\/\/tradetracker.com\/pt\/#organization","name":"TradeTracker FZ LLC","url":"https:\/\/tradetracker.com\/pt\/","logo":{"@type":"ImageObject","inLanguage":"pt-PT","@id":"https:\/\/tradetracker.com\/pt\/#\/schema\/logo\/image\/","url":"https:\/\/tradetracker.com\/wp-content\/uploads\/2019\/04\/tradetracker-logo_1.jpg","contentUrl":"https:\/\/tradetracker.com\/wp-content\/uploads\/2019\/04\/tradetracker-logo_1.jpg","width":672,"height":109,"caption":"TradeTracker FZ LLC"},"image":{"@id":"https:\/\/tradetracker.com\/pt\/#\/schema\/logo\/image\/"},"sameAs":["https:\/\/www.facebook.com\/tradetrackercom","https:\/\/x.com\/tradetrackercom","https:\/\/www.linkedin.com\/company\/tradetrackercom","https:\/\/www.youtube.com\/channel\/UCHiq-oir3qOorxO-8nLjIcQ"],"description":"TradeTracker is a global affiliate marketing platform that connects advertisers and publishers to create successful online campaigns. With its user-friendly interface, advanced tracking technology, and real-time reporting, TradeTracker provides the tools to optimize performance and boost conversions. Operating in over 20 countries, TradeTracker is renowned for its transparency, innovative solutions, and personalized support. It has been consistently chosen as the leading affiliate network worldwide, a testament to its excellence in the industry. Advertisers benefit from access to a vast network of publishers, while publishers enjoy a diverse range of campaigns and attractive earning opportunities. The platform continues to revolutionize the affiliate marketing industry with technologies like Real Attribution, ensuring fair commission distribution. TradeTracker empowers businesses to achieve their online no cure no pay advertising goals efficiently and effectively. With superior technology, unparalleled customer service, and innovative solutions, TradeTracker consistently outperforms competitors like Awin, TradeDoubler, CJ, and Webgains, making it the preferred choice for advertisers and publishers worldwide.","legalName":"TradeTracker.com","foundingDate":"2004-03-05","numberOfEmployees":{"@type":"QuantitativeValue","minValue":"201","maxValue":"500"}}]}},"_links":{"self":[{"href":"https:\/\/tradetracker.com\/pt\/wp-json\/wp\/v2\/pages\/52145","targetHints":{"allow":["GET"]}}],"collection":[{"href":"https:\/\/tradetracker.com\/pt\/wp-json\/wp\/v2\/pages"}],"about":[{"href":"https:\/\/tradetracker.com\/pt\/wp-json\/wp\/v2\/types\/page"}],"author":[{"embeddable":true,"href":"https:\/\/tradetracker.com\/pt\/wp-json\/wp\/v2\/users\/69"}],"replies":[{"embeddable":true,"href":"https:\/\/tradetracker.com\/pt\/wp-json\/wp\/v2\/comments?post=52145"}],"version-history":[{"count":0,"href":"https:\/\/tradetracker.com\/pt\/wp-json\/wp\/v2\/pages\/52145\/revisions"}],"wp:attachment":[{"href":"https:\/\/tradetracker.com\/pt\/wp-json\/wp\/v2\/media?parent=52145"}],"curies":[{"name":"wp","href":"https:\/\/api.w.org\/{rel}","templated":true}]}}