{"id":52151,"date":"2017-01-02T08:02:57","date_gmt":"2017-01-02T08:02:57","guid":{"rendered":"https:\/\/tradetracker.com\/alcance-internacional\/"},"modified":"2025-01-20T06:03:17","modified_gmt":"2025-01-20T06:03:17","slug":"alcance-internacional","status":"publish","type":"page","link":"https:\/\/tradetracker.com\/pt\/alcance-internacional\/","title":{"rendered":"Alcance Internacional"},"content":{"rendered":"<div class=\"wpb-content-wrapper\"><p>[vc_row classes=&#8221;static-page-intro reach-page&#8221;][vc_column]<div class=\"row\"><div class=\"vc_col-sm-12\"><div class=\" static-page-intro-text \"><h1  class=\"\">Alcance Internacional<\/h1><h2  class=\"\">N\u00f3s temos contactos em todo o mundo, o que favorecer\u00e1 a sua presen\u00e7a em um n\u00famero crescente de mercados importantes e potenciais.<\/h2><\/div>\r\n        <\/div>\r\n    <\/div>[\/vc_column][\/vc_row][vc_row classes=&#8221;agencies-benefits bg-pattern&#8221;][vc_column]<div class=\"space\"><\/div>[vc_row_inner][vc_column_inner][vc_wp_text title=&#8221;Benef\u00edcios do alcance internacional&#8221;]Geralmente, quanto maior \u00e9 o p\u00fablico ao que o seu produto est\u00e1 exposto, mais prov\u00e1vel ser\u00e1 que\u00a0 garanta as transac\u00e7\u00f5es procuradas. Nossa rede estende-se aos mercados que n\u00e3o poderia alcan\u00e7ar com outros parceiros. Desta maneira, poder\u00e1 apresentar-se diante de um p\u00fablico mais amplo e interessado no que o seu neg\u00f3cio tem para oferecer. Explore novos territ\u00f3rios e deixe a TradeTracker expandir o seu neg\u00f3cio internacionalmente.[\/vc_wp_text][\/vc_column_inner][\/vc_row_inner]<div class=\"space\"><\/div>[vc_row_inner][vc_column_inner width=&#8221;1\/2&#8243;][vc_wp_text title=&#8221;Ampla presen\u00e7a f\u00edsica&#8221;]Temos escrit\u00f3rios em 20 pa\u00edses, o que permite-nos fornecer uma experi\u00eancia local combinada com um toque pessoal para todos os nossos parceiros. Por esta raz\u00e3o, ser\u00e1 f\u00e1cil falar com uma das nossas equipas, n\u00e3o importa onde esteja e em que regi\u00e3o est\u00e1 a segmentar.[\/vc_wp_text][\/vc_column_inner][vc_column_inner width=&#8221;1\/2&#8243;][vc_wp_text title=&#8221;Conhecimento local&#8221;]N\u00f3s falamos o mesmo idioma e sentimos o mesmo que o seu p\u00fablico, ent\u00e3o sabemos o que motiva-lhes e exactamente como eles devem ser abordados. Para um estrangeiro, pode ser mais delicado conhecer realmente as vantagens de um mercado local. Beneficie ao seu neg\u00f3cio, confiando na nossa equipa de especialistas locais.[\/vc_wp_text][\/vc_column_inner][\/vc_row_inner]<div class=\"space\"><\/div>[vc_row_inner][vc_column_inner width=&#8221;1\/2&#8243;][vc_wp_text title=&#8221;F\u00e1cil implementa\u00e7\u00e3o&#8221;]Para implementar suas campanhas em outros pa\u00edses, simplesmente tem que notificar ao seu Account Manager. A partir da\u00ed, eles entrar\u00e3o em contacto com o pa\u00eds pretendido e tomar\u00e3o todas as provid\u00eancias necess\u00e1rias. Suas novas opera\u00e7\u00f5es ser\u00e3o acessadas a partir do mesmo login e interface para que possa navegar confortavelmente por todas elas.[\/vc_wp_text][\/vc_column_inner][vc_column_inner width=&#8221;1\/2&#8243;][vc_wp_text title=&#8221;Explore novos mercados&#8221;]Pode ter conquistado seu pr\u00f3prio mercado, mas h\u00e1 muitas oportunidades que esperam ser aproveitadas no exterior. Capitalize em um mercado emergente ou ocupe um nicho de mercado, em um pa\u00eds onde o seu tipo de produto\/servi\u00e7o n\u00e3o \u00e9 oferecido. Atreva-se a criar a necessidade![\/vc_wp_text][\/vc_column_inner][\/vc_row_inner]<div class=\"space\"><\/div>[\/vc_column][\/vc_row][vc_row classes=&#8221;cta ctamerch&#8221; el_id=&#8221;ctaaam&#8221;][vc_column]<div class=\"row\"><div class=\"vc_col-sm-12\"><h2 class=\"get_started\" >Ent\u00e3o, pronto para explorar suas oportunidades internacionais?<\/h2><p >Entre e descubra as possibilidades, fale-nos sobre algumas das op\u00e7\u00f5es que est\u00e3o a esperar-lhe.<\/p>        <ul class=\"cta-items\">\r\n                        <li>\r\n                <a                    class=\"cta-advertiser-signup\"                                      href=\"https:\/\/tradetracker.com\/pt\/contact-us\/\"                                   >\r\n                    Solicite uma Demo                <\/a>\r\n            <\/li>\r\n                        \r\n                        <li>\r\n                <a                    class=\"cta-advertiser-signup\"                                      href=\"https:\/\/merchant.tradetracker.com\/portal\/advertiserbrochure?loc=pt_PT\"                                   >\r\n                    Comece aqui                <\/a>\r\n            <\/li>\r\n                    <\/ul>\r\n        <\/div><\/div>[\/vc_column][\/vc_row]<\/p>\n<\/div>","protected":false},"excerpt":{"rendered":"<p>[vc_row classes=&#8221;static-page-intro reach-page&#8221;][vc_column][\/vc_column][\/vc_row][vc_row classes=&#8221;agencies-benefits bg-pattern&#8221;][vc_column][vc_row_inner][vc_column_inner][vc_wp_text title=&#8221;Benef\u00edcios do alcance internacional&#8221;]Geralmente, quanto maior \u00e9 o p\u00fablico ao que o seu produto est\u00e1 exposto, mais prov\u00e1vel ser\u00e1 que\u00a0 garanta as transac\u00e7\u00f5es procuradas. Nossa rede estende-se aos mercados que n\u00e3o poderia alcan\u00e7ar com outros parceiros. Desta maneira, poder\u00e1 apresentar-se diante de um p\u00fablico mais amplo e interessado no que  [&#8230;]<\/p>\n","protected":false},"author":69,"featured_media":0,"parent":0,"menu_order":0,"comment_status":"closed","ping_status":"closed","template":"template-red.php","meta":{"inline_featured_image":false,"_monsterinsights_skip_tracking":false,"_monsterinsights_sitenote_active":false,"_monsterinsights_sitenote_note":"","_monsterinsights_sitenote_category":0,"footnotes":""},"class_list":["post-52151","page","type-page","status-publish","hentry"],"yoast_head":"<!-- This site is optimized with the Yoast SEO Premium plugin v27.0 (Yoast SEO v27.0) - https:\/\/yoast.com\/product\/yoast-seo-premium-wordpress\/ -->\n<title>Alcance Internacional - conquiste novos mercados | TradeTracker.com<\/title>\n<meta name=\"description\" content=\"N\u00f3s temos contatos em todo o mundo, permitindo sua atua\u00e7\u00e3o em um n\u00famero crescente de mercados importantes e potenciais. Ampla presen\u00e7a f\u00edsica internacional.\" \/>\n<meta name=\"robots\" content=\"index, follow, max-snippet:-1, max-image-preview:large, max-video-preview:-1\" \/>\n<link rel=\"canonical\" href=\"https:\/\/tradetracker.com\/pt\/wp-json\/wp\/v2\/pages\/52151\/\" \/>\n<meta property=\"og:locale\" content=\"pt_PT\" \/>\n<meta property=\"og:type\" content=\"article\" \/>\n<meta property=\"og:title\" content=\"Alcance Internacional TradeTracker.com\" \/>\n<meta property=\"og:description\" content=\"N\u00f3s temos contatos em todo o mundo, permitindo sua atua\u00e7\u00e3o em\" \/>\n<meta property=\"og:url\" content=\"https:\/\/tradetracker.com\/pt\/alcance-internacional\/\" \/>\n<meta property=\"og:site_name\" content=\"TradeTracker.com | Affiliate Marketing | Performance Marketing\" \/>\n<meta property=\"article:publisher\" content=\"https:\/\/www.facebook.com\/tradetrackercom\" \/>\n<meta property=\"article:modified_time\" content=\"2025-01-20T06:03:17+00:00\" \/>\n<meta property=\"og:image\" content=\"https:\/\/tradetracker.com\/wp-content\/uploads\/2019\/12\/tradetracker-logo-square.png\" \/>\n\t<meta property=\"og:image:width\" content=\"250\" \/>\n\t<meta property=\"og:image:height\" content=\"250\" \/>\n\t<meta property=\"og:image:type\" content=\"image\/png\" \/>\n<meta name=\"twitter:card\" content=\"summary_large_image\" \/>\n<meta name=\"twitter:title\" content=\"Alcance Internacional\" \/>\n<meta name=\"twitter:description\" content=\"[vc_row classes=&quot;static-page-intro reach-page&quot;][vc_column]Alcance InternacionalN\u00f3s temos contactos em todo o mundo, o que \" \/>\n<meta name=\"twitter:image\" content=\"https:\/\/tradetracker.com\/assets\/tt-circles.png\" \/>\n<meta name=\"twitter:site\" content=\"@tradetrackercom\" \/>\n<meta name=\"twitter:label1\" content=\"Est. reading time\" \/>\n\t<meta name=\"twitter:data1\" content=\"2 minutes\" \/>\n<script type=\"application\/ld+json\" class=\"yoast-schema-graph\">{\"@context\":\"https:\/\/schema.org\",\"@graph\":[{\"@type\":\"WebPage\",\"@id\":\"https:\/\/tradetracker.com\/pt\/alcance-internacional\/\",\"url\":\"https:\/\/tradetracker.com\/pt\/alcance-internacional\/\",\"name\":\"Alcance Internacional - conquiste novos mercados | TradeTracker.com\",\"isPartOf\":{\"@id\":\"https:\/\/tradetracker.com\/pt\/#website\"},\"datePublished\":\"2017-01-02T08:02:57+00:00\",\"dateModified\":\"2025-01-20T06:03:17+00:00\",\"description\":\"N\u00f3s temos contatos em todo o mundo, permitindo sua atua\u00e7\u00e3o em um n\u00famero crescente de mercados importantes e potenciais. Ampla presen\u00e7a f\u00edsica internacional.\",\"breadcrumb\":{\"@id\":\"https:\/\/tradetracker.com\/pt\/alcance-internacional\/#breadcrumb\"},\"inLanguage\":\"pt-PT\",\"potentialAction\":[{\"@type\":\"ReadAction\",\"target\":[\"https:\/\/tradetracker.com\/pt\/alcance-internacional\/\"]}]},{\"@type\":\"BreadcrumbList\",\"@id\":\"https:\/\/tradetracker.com\/pt\/alcance-internacional\/#breadcrumb\",\"itemListElement\":[{\"@type\":\"ListItem\",\"position\":1,\"name\":\"Home\",\"item\":\"https:\/\/tradetracker.com\/pt\/\"},{\"@type\":\"ListItem\",\"position\":2,\"name\":\"Alcance Internacional\"}]},{\"@type\":\"WebSite\",\"@id\":\"https:\/\/tradetracker.com\/pt\/#website\",\"url\":\"https:\/\/tradetracker.com\/pt\/\",\"name\":\"TradeTracker.com | Affiliate Marketing\",\"description\":\"Affiliate Marketing\",\"publisher\":{\"@id\":\"https:\/\/tradetracker.com\/pt\/#organization\"},\"potentialAction\":[{\"@type\":\"SearchAction\",\"target\":{\"@type\":\"EntryPoint\",\"urlTemplate\":\"https:\/\/tradetracker.com\/pt\/?s={search_term_string}\"},\"query-input\":{\"@type\":\"PropertyValueSpecification\",\"valueRequired\":true,\"valueName\":\"search_term_string\"}}],\"inLanguage\":\"pt-PT\"},{\"@type\":\"Organization\",\"@id\":\"https:\/\/tradetracker.com\/pt\/#organization\",\"name\":\"TradeTracker FZ LLC\",\"url\":\"https:\/\/tradetracker.com\/pt\/\",\"logo\":{\"@type\":\"ImageObject\",\"inLanguage\":\"pt-PT\",\"@id\":\"https:\/\/tradetracker.com\/pt\/#\/schema\/logo\/image\/\",\"url\":\"https:\/\/tradetracker.com\/wp-content\/uploads\/2019\/04\/tradetracker-logo_1.jpg\",\"contentUrl\":\"https:\/\/tradetracker.com\/wp-content\/uploads\/2019\/04\/tradetracker-logo_1.jpg\",\"width\":672,\"height\":109,\"caption\":\"TradeTracker FZ LLC\"},\"image\":{\"@id\":\"https:\/\/tradetracker.com\/pt\/#\/schema\/logo\/image\/\"},\"sameAs\":[\"https:\/\/www.facebook.com\/tradetrackercom\",\"https:\/\/x.com\/tradetrackercom\",\"https:\/\/www.linkedin.com\/company\/tradetrackercom\",\"https:\/\/www.youtube.com\/channel\/UCHiq-oir3qOorxO-8nLjIcQ\"],\"description\":\"TradeTracker is a global affiliate marketing platform that connects advertisers and publishers to create successful online campaigns. With its user-friendly interface, advanced tracking technology, and real-time reporting, TradeTracker provides the tools to optimize performance and boost conversions. Operating in over 20 countries, TradeTracker is renowned for its transparency, innovative solutions, and personalized support. It has been consistently chosen as the leading affiliate network worldwide, a testament to its excellence in the industry. Advertisers benefit from access to a vast network of publishers, while publishers enjoy a diverse range of campaigns and attractive earning opportunities. The platform continues to revolutionize the affiliate marketing industry with technologies like Real Attribution, ensuring fair commission distribution. TradeTracker empowers businesses to achieve their online no cure no pay advertising goals efficiently and effectively. With superior technology, unparalleled customer service, and innovative solutions, TradeTracker consistently outperforms competitors like Awin, TradeDoubler, CJ, and Webgains, making it the preferred choice for advertisers and publishers worldwide.\",\"legalName\":\"TradeTracker.com\",\"foundingDate\":\"2004-03-05\",\"numberOfEmployees\":{\"@type\":\"QuantitativeValue\",\"minValue\":\"201\",\"maxValue\":\"500\"}}]}<\/script>\n<!-- \/ Yoast SEO Premium plugin. -->","yoast_head_json":{"title":"Alcance Internacional - conquiste novos mercados | TradeTracker.com","description":"N\u00f3s temos contatos em todo o mundo, permitindo sua atua\u00e7\u00e3o em um n\u00famero crescente de mercados importantes e potenciais. Ampla presen\u00e7a f\u00edsica internacional.","robots":{"index":"index","follow":"follow","max-snippet":"max-snippet:-1","max-image-preview":"max-image-preview:large","max-video-preview":"max-video-preview:-1"},"canonical":"https:\/\/tradetracker.com\/pt\/wp-json\/wp\/v2\/pages\/52151\/","og_locale":"pt_PT","og_type":"article","og_title":"Alcance Internacional TradeTracker.com","og_description":"N\u00f3s temos contatos em todo o mundo, permitindo sua atua\u00e7\u00e3o em","og_url":"https:\/\/tradetracker.com\/pt\/alcance-internacional\/","og_site_name":"TradeTracker.com | Affiliate Marketing | Performance Marketing","article_publisher":"https:\/\/www.facebook.com\/tradetrackercom","article_modified_time":"2025-01-20T06:03:17+00:00","og_image":[{"width":250,"height":250,"url":"https:\/\/tradetracker.com\/wp-content\/uploads\/2019\/12\/tradetracker-logo-square.png","type":"image\/png"}],"twitter_card":"summary_large_image","twitter_title":"Alcance Internacional","twitter_description":"[vc_row classes=\"static-page-intro reach-page\"][vc_column]Alcance InternacionalN\u00f3s temos contactos em todo o mundo, o que ","twitter_image":"https:\/\/tradetracker.com\/assets\/tt-circles.png","twitter_site":"@tradetrackercom","twitter_misc":{"Est. reading time":"2 minutes"},"schema":{"@context":"https:\/\/schema.org","@graph":[{"@type":"WebPage","@id":"https:\/\/tradetracker.com\/pt\/alcance-internacional\/","url":"https:\/\/tradetracker.com\/pt\/alcance-internacional\/","name":"Alcance Internacional - conquiste novos mercados | TradeTracker.com","isPartOf":{"@id":"https:\/\/tradetracker.com\/pt\/#website"},"datePublished":"2017-01-02T08:02:57+00:00","dateModified":"2025-01-20T06:03:17+00:00","description":"N\u00f3s temos contatos em todo o mundo, permitindo sua atua\u00e7\u00e3o em um n\u00famero crescente de mercados importantes e potenciais. Ampla presen\u00e7a f\u00edsica internacional.","breadcrumb":{"@id":"https:\/\/tradetracker.com\/pt\/alcance-internacional\/#breadcrumb"},"inLanguage":"pt-PT","potentialAction":[{"@type":"ReadAction","target":["https:\/\/tradetracker.com\/pt\/alcance-internacional\/"]}]},{"@type":"BreadcrumbList","@id":"https:\/\/tradetracker.com\/pt\/alcance-internacional\/#breadcrumb","itemListElement":[{"@type":"ListItem","position":1,"name":"Home","item":"https:\/\/tradetracker.com\/pt\/"},{"@type":"ListItem","position":2,"name":"Alcance Internacional"}]},{"@type":"WebSite","@id":"https:\/\/tradetracker.com\/pt\/#website","url":"https:\/\/tradetracker.com\/pt\/","name":"TradeTracker.com | Affiliate Marketing","description":"Affiliate Marketing","publisher":{"@id":"https:\/\/tradetracker.com\/pt\/#organization"},"potentialAction":[{"@type":"SearchAction","target":{"@type":"EntryPoint","urlTemplate":"https:\/\/tradetracker.com\/pt\/?s={search_term_string}"},"query-input":{"@type":"PropertyValueSpecification","valueRequired":true,"valueName":"search_term_string"}}],"inLanguage":"pt-PT"},{"@type":"Organization","@id":"https:\/\/tradetracker.com\/pt\/#organization","name":"TradeTracker FZ LLC","url":"https:\/\/tradetracker.com\/pt\/","logo":{"@type":"ImageObject","inLanguage":"pt-PT","@id":"https:\/\/tradetracker.com\/pt\/#\/schema\/logo\/image\/","url":"https:\/\/tradetracker.com\/wp-content\/uploads\/2019\/04\/tradetracker-logo_1.jpg","contentUrl":"https:\/\/tradetracker.com\/wp-content\/uploads\/2019\/04\/tradetracker-logo_1.jpg","width":672,"height":109,"caption":"TradeTracker FZ LLC"},"image":{"@id":"https:\/\/tradetracker.com\/pt\/#\/schema\/logo\/image\/"},"sameAs":["https:\/\/www.facebook.com\/tradetrackercom","https:\/\/x.com\/tradetrackercom","https:\/\/www.linkedin.com\/company\/tradetrackercom","https:\/\/www.youtube.com\/channel\/UCHiq-oir3qOorxO-8nLjIcQ"],"description":"TradeTracker is a global affiliate marketing platform that connects advertisers and publishers to create successful online campaigns. With its user-friendly interface, advanced tracking technology, and real-time reporting, TradeTracker provides the tools to optimize performance and boost conversions. Operating in over 20 countries, TradeTracker is renowned for its transparency, innovative solutions, and personalized support. It has been consistently chosen as the leading affiliate network worldwide, a testament to its excellence in the industry. Advertisers benefit from access to a vast network of publishers, while publishers enjoy a diverse range of campaigns and attractive earning opportunities. The platform continues to revolutionize the affiliate marketing industry with technologies like Real Attribution, ensuring fair commission distribution. TradeTracker empowers businesses to achieve their online no cure no pay advertising goals efficiently and effectively. With superior technology, unparalleled customer service, and innovative solutions, TradeTracker consistently outperforms competitors like Awin, TradeDoubler, CJ, and Webgains, making it the preferred choice for advertisers and publishers worldwide.","legalName":"TradeTracker.com","foundingDate":"2004-03-05","numberOfEmployees":{"@type":"QuantitativeValue","minValue":"201","maxValue":"500"}}]}},"_links":{"self":[{"href":"https:\/\/tradetracker.com\/pt\/wp-json\/wp\/v2\/pages\/52151","targetHints":{"allow":["GET"]}}],"collection":[{"href":"https:\/\/tradetracker.com\/pt\/wp-json\/wp\/v2\/pages"}],"about":[{"href":"https:\/\/tradetracker.com\/pt\/wp-json\/wp\/v2\/types\/page"}],"author":[{"embeddable":true,"href":"https:\/\/tradetracker.com\/pt\/wp-json\/wp\/v2\/users\/69"}],"replies":[{"embeddable":true,"href":"https:\/\/tradetracker.com\/pt\/wp-json\/wp\/v2\/comments?post=52151"}],"version-history":[{"count":2,"href":"https:\/\/tradetracker.com\/pt\/wp-json\/wp\/v2\/pages\/52151\/revisions"}],"predecessor-version":[{"id":1134762,"href":"https:\/\/tradetracker.com\/pt\/wp-json\/wp\/v2\/pages\/52151\/revisions\/1134762"}],"wp:attachment":[{"href":"https:\/\/tradetracker.com\/pt\/wp-json\/wp\/v2\/media?parent=52151"}],"curies":[{"name":"wp","href":"https:\/\/api.w.org\/{rel}","templated":true}]}}