{"id":52153,"date":"2016-12-25T09:57:41","date_gmt":"2016-12-25T09:57:41","guid":{"rendered":"https:\/\/tradetracker.com\/qualificacoes-publisher\/"},"modified":"2022-02-22T22:20:00","modified_gmt":"2022-02-22T22:20:00","slug":"qualificacoes-publisher","status":"publish","type":"page","link":"https:\/\/tradetracker.com\/pt\/qualificacoes-publisher\/","title":{"rendered":"Caracter\u00edsticas do Afiliado"},"content":{"rendered":"<div class=\"wpb-content-wrapper\"><p>[vc_row classes=&#8221; static-page-intro pub-requirements&#8221;][vc_column]<div class=\"row\"><div class=\"vc_col-sm-12\"><div class=\" static-page-intro-text \"><h1  style=\"color: #ffffff\" class=\"\">CARACTER\u00cdSTICAS DO AFILIADO<\/h1><h2  style=\"color: #ffffff\" class=\"\">Ampliar o portf\u00f3lio de de campanhas da TradeTracker requer dedica\u00e7\u00e3o para manter a diversifica\u00e7\u00e3o, integridade e posi\u00e7\u00e3o efectiva da nossa rede. Por este motivo, recomendamos que nossos clientes tenham uma s\u00e9rie de caracter\u00edsticas.<\/h2><\/div>\r\n        <\/div>\r\n    <\/div>[\/vc_column][\/vc_row][vc_row classes=&#8221;bg-pattern&#8221;][vc_column]<div class=\"space\"><\/div>[vc_raw_html]JTNDcCUyMGNsYXNzJTNEJTIyaGVhZGxpbmUtcGFyYWdyYXBoJTIyJTNFTmElMjBUcmFkZVRyYWNrZXIlMjBuJUMzJUIzcyUyMGdvc3RhbW9zJTIwZGUlMjB0cmFiYWxoYXIlMjBjb20lMjBhZmlsaWFkb3MlMjBjb21wcm9tZXRpZG9zJTJDJTIwZGVzZGUlMjBhcXVlbGVzJTIwcXVlJTIwZXN0JUMzJUEzbyUyMGNvbWUlQzMlQTdhbmRvJTIwYSUyMGRlc2Vudm9sdmVyJTIwb3MlMjBuZWclQzMlQjNjaW9zJTIwYXQlQzMlQTklMjBvcyUwQSUyMG1haXMlMjBleHBlcmllbnRlcyUyMHF1ZSUyMHRyYWJhbGhhbSUyMGElMjB0ZW1wbyUyMGludGVncmFsLiUyMFBhcmElMjB0b3JuYXItc2UlMjB1bSUyMGFmaWxpYWRvJTIwYmVtLWNvbmNlaXR1YWRvJTIwZSUyMHF1ZSUyMHF1YWxxdWVyJTIwYW51bmNpYW50ZSUyMGdvc3RhcmlhJTIwZGUlMjB0cmFiYWxoYXIlMkMlMjBkZXZlciVDMyVBMSUyMHJldW5pciUyMGFzJTIwc2VndWludGVzJTIwY2FwYWNpZGFkZXMlM0ElM0MlMkZwJTNF[\/vc_raw_html]<div class=\"space\"><\/div>[vc_row_inner][vc_column_inner width=&#8221;1\/3&#8243;][vc_wp_text title=&#8221;Satisfazer uma necessidade&#8221;]Trabalhar em direc\u00e7\u00e3o a um objetivo permite-lhe satisfazer as necessidades dos seus visitantes. Certifique-se de ter um site, banco de dados ou outro canal relevante em meios sociais, que gere constantemente novos conte\u00fados. \u00c0 medida que expande sua presen\u00e7a e o seu p\u00fablico adequa-se a um conjunto de caracter\u00edsticas, poder\u00e1 concentrar-se no desenvolvimento do conte\u00fado que eles procuram, quando visitam seu site. S\u00f3 ent\u00e3o, encontrar\u00e1 campanhas correspondentes para fomentar a convers\u00e3o. Seja um empreendedor com vis\u00e3o adequada ao seu campo![\/vc_wp_text][\/vc_column_inner][vc_column_inner width=&#8221;1\/3&#8243;][vc_wp_text title=&#8221;Estrat\u00e9gia por Alvo&#8221;]Uma vez definida a necessidade que atender\u00e1, seja a fornecer informa\u00e7\u00f5es a futuros viajantes, a facilitar an\u00e1lises de produtos ou a fornecer um agregador de produtos internacional, deve especificar claramente o seguintes pontos: Quem \u00e9 o seu p\u00fablico-alvo? Qual meio procura para comunicar-se? Onde os visitantes encontrar\u00e3o seu conte\u00fado? Como o seu conte\u00fado ser\u00e1 consumido? Qual \u00e9 a sua estrat\u00e9gia para que eles voltem? Um plano de neg\u00f3cios est\u00e1 em desenvolvimento constante e incremental. Ao encontrar-se em uma esfera competitiva, ent\u00e3o deve sempre continuar em movimento![\/vc_wp_text][\/vc_column_inner][vc_column_inner width=&#8221;1\/3&#8243;][vc_wp_text title=&#8221;Querer sempre mais&#8221;]As necessidades dos consumidores mudam continuamente e o mesmo deve acontecer com as publica\u00e7\u00f5es. A constante demanda de conte\u00fado em um ambiente acelerado, toca novos nichos e oportunidades, a abrir portas para o sucesso. A TradeTracker oferece as ferramentas certas para ser um afiliado e empres\u00e1rio on-line bem-sucedido. Pense grande, profissional e apresente seus conceitos para os visitantes. Eles esperam um ambiente interessante com base no seu uso di\u00e1rio da Internet, n\u00e3o os decepcione. Sua atitude profissional ser\u00e1 reconhecida, n\u00e3o importa o tamanho. Seja um desses afiliados de \u00eaxito![\/vc_wp_text][\/vc_column_inner][\/vc_row_inner][\/vc_column][\/vc_row][vc_row classes=&#8221;cta ctamerch&#8221; el_id=&#8221;pubcta&#8221;][vc_column]<div class=\"row\"><div class=\"vc_col-sm-12\"><h2 class=\"get_started\" style=\"color:#ffffff\">Vai experimentar a diferen\u00e7a?<\/h2><p style=\"color:#ffffff\">Somos uma equipa de entusiastas do Marketing de Desempenho e de Afilia\u00e7\u00e3o, orientados a resultados, comprometidos com a performance e sempre a buscar que o mundo da publicidade, seja um lugar melhor. Entre em contacto connosco e descubra como podemos ajudar-lhe a desenvolver uma estrat\u00e9gia rent\u00e1vel para o seu neg\u00f3cio on-line.<\/p>        <ul class=\"cta-items\">\r\n                        <li>\r\n                <a                    class=\"cta-advertiser-signup\"                                      href=\"https:\/\/affiliate.tradetracker.com\/signup\/step1?loc=pt_PT\"                                   >\r\n                    Inscreva-se Agora                <\/a>\r\n            <\/li>\r\n                        \r\n                        <li>\r\n                <a                    class=\"cta-advertiser-signup\"                                      href=\"https:\/\/tradetracker.com\/pt\/publishers\/\"                                   >\r\n                    Leia Mais                <\/a>\r\n            <\/li>\r\n                    <\/ul>\r\n        <\/div><\/div>[\/vc_column][\/vc_row]<\/p>\n<\/div>","protected":false},"excerpt":{"rendered":"<p>[vc_row classes=&#8221; static-page-intro pub-requirements&#8221;][vc_column][\/vc_column][\/vc_row][vc_row classes=&#8221;bg-pattern&#8221;][vc_column][vc_raw_html]JTNDcCUyMGNsYXNzJTNEJTIyaGVhZGxpbmUtcGFyYWdyYXBoJTIyJTNFTmElMjBUcmFkZVRyYWNrZXIlMjBuJUMzJUIzcyUyMGdvc3RhbW9zJTIwZGUlMjB0cmFiYWxoYXIlMjBjb20lMjBhZmlsaWFkb3MlMjBjb21wcm9tZXRpZG9zJTJDJTIwZGVzZGUlMjBhcXVlbGVzJTIwcXVlJTIwZXN0JUMzJUEzbyUyMGNvbWUlQzMlQTdhbmRvJTIwYSUyMGRlc2Vudm9sdmVyJTIwb3MlMjBuZWclQzMlQjNjaW9zJTIwYXQlQzMlQTklMjBvcyUwQSUyMG1haXMlMjBleHBlcmllbnRlcyUyMHF1ZSUyMHRyYWJhbGhhbSUyMGElMjB0ZW1wbyUyMGludGVncmFsLiUyMFBhcmElMjB0b3JuYXItc2UlMjB1bSUyMGFmaWxpYWRvJTIwYmVtLWNvbmNlaXR1YWRvJTIwZSUyMHF1ZSUyMHF1YWxxdWVyJTIwYW51bmNpYW50ZSUyMGdvc3RhcmlhJTIwZGUlMjB0cmFiYWxoYXIlMkMlMjBkZXZlciVDMyVBMSUyMHJldW5pciUyMGFzJTIwc2VndWludGVzJTIwY2FwYWNpZGFkZXMlM0ElM0MlMkZwJTNF[\/vc_raw_html][vc_row_inner][vc_column_inner width=&#8221;1\/3&#8243;][vc_wp_text title=&#8221;Satisfazer uma necessidade&#8221;]Trabalhar em direc\u00e7\u00e3o a um objetivo permite-lhe satisfazer as necessidades dos seus visitantes. Certifique-se de ter um site, banco de dados ou outro canal relevante em meios sociais, que gere constantemente novos conte\u00fados. \u00c0 medida que expande sua presen\u00e7a e o seu p\u00fablico adequa-se a um conjunto  [&#8230;]<\/p>\n","protected":false},"author":69,"featured_media":0,"parent":0,"menu_order":0,"comment_status":"closed","ping_status":"closed","template":"","meta":{"inline_featured_image":false,"_monsterinsights_skip_tracking":false,"_monsterinsights_sitenote_active":false,"_monsterinsights_sitenote_note":"","_monsterinsights_sitenote_category":0,"footnotes":""},"class_list":["post-52153","page","type-page","status-publish","hentry"],"yoast_head":"<!-- This site is optimized with the Yoast SEO Premium plugin v27.0 (Yoast SEO v27.0) - https:\/\/yoast.com\/product\/yoast-seo-premium-wordpress\/ -->\n<title>Publisher Qualifications | TradeTracker<\/title>\n<meta name=\"description\" content=\"Conhe\u00e7a as caracter\u00edsticas para o afiliado registar-se \u00e0 rede TradeTracker e come\u00e7ar a promover o material promocional dos nossos anunciantes\" \/>\n<meta name=\"robots\" content=\"index, follow, max-snippet:-1, max-image-preview:large, max-video-preview:-1\" \/>\n<link rel=\"canonical\" href=\"https:\/\/tradetracker.com\/pt\/wp-json\/wp\/v2\/pages\/52153\/\" \/>\n<meta property=\"og:locale\" content=\"pt_PT\" \/>\n<meta property=\"og:type\" content=\"article\" \/>\n<meta property=\"og:title\" content=\"Caracter\u00edsticas do Afiliado TradeTracker.com\" \/>\n<meta property=\"og:description\" content=\"Conhe\u00e7a as caracter\u00edsticas para o afiliado registar-se \u00e0 rede\" \/>\n<meta property=\"og:url\" content=\"https:\/\/tradetracker.com\/pt\/qualificacoes-publisher\/\" \/>\n<meta property=\"og:site_name\" content=\"TradeTracker.com | Affiliate Marketing | Performance Marketing\" \/>\n<meta property=\"article:publisher\" content=\"https:\/\/www.facebook.com\/tradetrackercom\" \/>\n<meta property=\"article:modified_time\" content=\"2022-02-22T22:20:00+00:00\" \/>\n<meta property=\"og:image\" content=\"https:\/\/tradetracker.com\/wp-content\/uploads\/2019\/12\/tradetracker-logo-square.png\" \/>\n\t<meta property=\"og:image:width\" content=\"250\" \/>\n\t<meta property=\"og:image:height\" content=\"250\" \/>\n\t<meta property=\"og:image:type\" content=\"image\/png\" \/>\n<meta name=\"twitter:card\" content=\"summary_large_image\" \/>\n<meta name=\"twitter:title\" content=\"Caracter\u00edsticas do Afiliado\" \/>\n<meta name=\"twitter:description\" content=\"CARACTER\u00cdSTICAS DO AFILIADOAmpliar o portf\u00f3lio de de campanhas da TradeTracker requer dedica\u00e7\u00e3o para manter a \" \/>\n<meta name=\"twitter:image\" content=\"https:\/\/tradetracker.com\/assets\/tt-circles.png\" \/>\n<meta name=\"twitter:site\" content=\"@tradetrackercom\" \/>\n<meta name=\"twitter:label1\" content=\"Est. reading time\" \/>\n\t<meta name=\"twitter:data1\" content=\"3 minutes\" \/>\n<script type=\"application\/ld+json\" class=\"yoast-schema-graph\">{\"@context\":\"https:\/\/schema.org\",\"@graph\":[{\"@type\":\"WebPage\",\"@id\":\"https:\/\/tradetracker.com\/pt\/qualificacoes-publisher\/\",\"url\":\"https:\/\/tradetracker.com\/pt\/qualificacoes-publisher\/\",\"name\":\"Publisher Qualifications | TradeTracker\",\"isPartOf\":{\"@id\":\"https:\/\/tradetracker.com\/pt\/#website\"},\"datePublished\":\"2016-12-25T09:57:41+00:00\",\"dateModified\":\"2022-02-22T22:20:00+00:00\",\"description\":\"Conhe\u00e7a as caracter\u00edsticas para o afiliado registar-se \u00e0 rede TradeTracker e come\u00e7ar a promover o material promocional dos nossos anunciantes\",\"breadcrumb\":{\"@id\":\"https:\/\/tradetracker.com\/pt\/qualificacoes-publisher\/#breadcrumb\"},\"inLanguage\":\"pt-PT\",\"potentialAction\":[{\"@type\":\"ReadAction\",\"target\":[\"https:\/\/tradetracker.com\/pt\/qualificacoes-publisher\/\"]}]},{\"@type\":\"BreadcrumbList\",\"@id\":\"https:\/\/tradetracker.com\/pt\/qualificacoes-publisher\/#breadcrumb\",\"itemListElement\":[{\"@type\":\"ListItem\",\"position\":1,\"name\":\"Home\",\"item\":\"https:\/\/tradetracker.com\/pt\/\"},{\"@type\":\"ListItem\",\"position\":2,\"name\":\"Caracter\u00edsticas do Afiliado\"}]},{\"@type\":\"WebSite\",\"@id\":\"https:\/\/tradetracker.com\/pt\/#website\",\"url\":\"https:\/\/tradetracker.com\/pt\/\",\"name\":\"TradeTracker.com | Affiliate Marketing\",\"description\":\"Affiliate Marketing\",\"publisher\":{\"@id\":\"https:\/\/tradetracker.com\/pt\/#organization\"},\"potentialAction\":[{\"@type\":\"SearchAction\",\"target\":{\"@type\":\"EntryPoint\",\"urlTemplate\":\"https:\/\/tradetracker.com\/pt\/?s={search_term_string}\"},\"query-input\":{\"@type\":\"PropertyValueSpecification\",\"valueRequired\":true,\"valueName\":\"search_term_string\"}}],\"inLanguage\":\"pt-PT\"},{\"@type\":\"Organization\",\"@id\":\"https:\/\/tradetracker.com\/pt\/#organization\",\"name\":\"TradeTracker FZ LLC\",\"url\":\"https:\/\/tradetracker.com\/pt\/\",\"logo\":{\"@type\":\"ImageObject\",\"inLanguage\":\"pt-PT\",\"@id\":\"https:\/\/tradetracker.com\/pt\/#\/schema\/logo\/image\/\",\"url\":\"https:\/\/tradetracker.com\/wp-content\/uploads\/2019\/04\/tradetracker-logo_1.jpg\",\"contentUrl\":\"https:\/\/tradetracker.com\/wp-content\/uploads\/2019\/04\/tradetracker-logo_1.jpg\",\"width\":672,\"height\":109,\"caption\":\"TradeTracker FZ LLC\"},\"image\":{\"@id\":\"https:\/\/tradetracker.com\/pt\/#\/schema\/logo\/image\/\"},\"sameAs\":[\"https:\/\/www.facebook.com\/tradetrackercom\",\"https:\/\/x.com\/tradetrackercom\",\"https:\/\/www.linkedin.com\/company\/tradetrackercom\",\"https:\/\/www.youtube.com\/channel\/UCHiq-oir3qOorxO-8nLjIcQ\"],\"description\":\"TradeTracker is a global affiliate marketing platform that connects advertisers and publishers to create successful online campaigns. With its user-friendly interface, advanced tracking technology, and real-time reporting, TradeTracker provides the tools to optimize performance and boost conversions. Operating in over 20 countries, TradeTracker is renowned for its transparency, innovative solutions, and personalized support. It has been consistently chosen as the leading affiliate network worldwide, a testament to its excellence in the industry. Advertisers benefit from access to a vast network of publishers, while publishers enjoy a diverse range of campaigns and attractive earning opportunities. The platform continues to revolutionize the affiliate marketing industry with technologies like Real Attribution, ensuring fair commission distribution. TradeTracker empowers businesses to achieve their online no cure no pay advertising goals efficiently and effectively. With superior technology, unparalleled customer service, and innovative solutions, TradeTracker consistently outperforms competitors like Awin, TradeDoubler, CJ, and Webgains, making it the preferred choice for advertisers and publishers worldwide.\",\"legalName\":\"TradeTracker.com\",\"foundingDate\":\"2004-03-05\",\"numberOfEmployees\":{\"@type\":\"QuantitativeValue\",\"minValue\":\"201\",\"maxValue\":\"500\"}}]}<\/script>\n<!-- \/ Yoast SEO Premium plugin. -->","yoast_head_json":{"title":"Publisher Qualifications | TradeTracker","description":"Conhe\u00e7a as caracter\u00edsticas para o afiliado registar-se \u00e0 rede TradeTracker e come\u00e7ar a promover o material promocional dos nossos anunciantes","robots":{"index":"index","follow":"follow","max-snippet":"max-snippet:-1","max-image-preview":"max-image-preview:large","max-video-preview":"max-video-preview:-1"},"canonical":"https:\/\/tradetracker.com\/pt\/wp-json\/wp\/v2\/pages\/52153\/","og_locale":"pt_PT","og_type":"article","og_title":"Caracter\u00edsticas do Afiliado TradeTracker.com","og_description":"Conhe\u00e7a as caracter\u00edsticas para o afiliado registar-se \u00e0 rede","og_url":"https:\/\/tradetracker.com\/pt\/qualificacoes-publisher\/","og_site_name":"TradeTracker.com | Affiliate Marketing | Performance Marketing","article_publisher":"https:\/\/www.facebook.com\/tradetrackercom","article_modified_time":"2022-02-22T22:20:00+00:00","og_image":[{"width":250,"height":250,"url":"https:\/\/tradetracker.com\/wp-content\/uploads\/2019\/12\/tradetracker-logo-square.png","type":"image\/png"}],"twitter_card":"summary_large_image","twitter_title":"Caracter\u00edsticas do Afiliado","twitter_description":"CARACTER\u00cdSTICAS DO AFILIADOAmpliar o portf\u00f3lio de de campanhas da TradeTracker requer dedica\u00e7\u00e3o para manter a ","twitter_image":"https:\/\/tradetracker.com\/assets\/tt-circles.png","twitter_site":"@tradetrackercom","twitter_misc":{"Est. reading time":"3 minutes"},"schema":{"@context":"https:\/\/schema.org","@graph":[{"@type":"WebPage","@id":"https:\/\/tradetracker.com\/pt\/qualificacoes-publisher\/","url":"https:\/\/tradetracker.com\/pt\/qualificacoes-publisher\/","name":"Publisher Qualifications | TradeTracker","isPartOf":{"@id":"https:\/\/tradetracker.com\/pt\/#website"},"datePublished":"2016-12-25T09:57:41+00:00","dateModified":"2022-02-22T22:20:00+00:00","description":"Conhe\u00e7a as caracter\u00edsticas para o afiliado registar-se \u00e0 rede TradeTracker e come\u00e7ar a promover o material promocional dos nossos anunciantes","breadcrumb":{"@id":"https:\/\/tradetracker.com\/pt\/qualificacoes-publisher\/#breadcrumb"},"inLanguage":"pt-PT","potentialAction":[{"@type":"ReadAction","target":["https:\/\/tradetracker.com\/pt\/qualificacoes-publisher\/"]}]},{"@type":"BreadcrumbList","@id":"https:\/\/tradetracker.com\/pt\/qualificacoes-publisher\/#breadcrumb","itemListElement":[{"@type":"ListItem","position":1,"name":"Home","item":"https:\/\/tradetracker.com\/pt\/"},{"@type":"ListItem","position":2,"name":"Caracter\u00edsticas do Afiliado"}]},{"@type":"WebSite","@id":"https:\/\/tradetracker.com\/pt\/#website","url":"https:\/\/tradetracker.com\/pt\/","name":"TradeTracker.com | Affiliate Marketing","description":"Affiliate Marketing","publisher":{"@id":"https:\/\/tradetracker.com\/pt\/#organization"},"potentialAction":[{"@type":"SearchAction","target":{"@type":"EntryPoint","urlTemplate":"https:\/\/tradetracker.com\/pt\/?s={search_term_string}"},"query-input":{"@type":"PropertyValueSpecification","valueRequired":true,"valueName":"search_term_string"}}],"inLanguage":"pt-PT"},{"@type":"Organization","@id":"https:\/\/tradetracker.com\/pt\/#organization","name":"TradeTracker FZ LLC","url":"https:\/\/tradetracker.com\/pt\/","logo":{"@type":"ImageObject","inLanguage":"pt-PT","@id":"https:\/\/tradetracker.com\/pt\/#\/schema\/logo\/image\/","url":"https:\/\/tradetracker.com\/wp-content\/uploads\/2019\/04\/tradetracker-logo_1.jpg","contentUrl":"https:\/\/tradetracker.com\/wp-content\/uploads\/2019\/04\/tradetracker-logo_1.jpg","width":672,"height":109,"caption":"TradeTracker FZ LLC"},"image":{"@id":"https:\/\/tradetracker.com\/pt\/#\/schema\/logo\/image\/"},"sameAs":["https:\/\/www.facebook.com\/tradetrackercom","https:\/\/x.com\/tradetrackercom","https:\/\/www.linkedin.com\/company\/tradetrackercom","https:\/\/www.youtube.com\/channel\/UCHiq-oir3qOorxO-8nLjIcQ"],"description":"TradeTracker is a global affiliate marketing platform that connects advertisers and publishers to create successful online campaigns. With its user-friendly interface, advanced tracking technology, and real-time reporting, TradeTracker provides the tools to optimize performance and boost conversions. Operating in over 20 countries, TradeTracker is renowned for its transparency, innovative solutions, and personalized support. It has been consistently chosen as the leading affiliate network worldwide, a testament to its excellence in the industry. Advertisers benefit from access to a vast network of publishers, while publishers enjoy a diverse range of campaigns and attractive earning opportunities. The platform continues to revolutionize the affiliate marketing industry with technologies like Real Attribution, ensuring fair commission distribution. TradeTracker empowers businesses to achieve their online no cure no pay advertising goals efficiently and effectively. With superior technology, unparalleled customer service, and innovative solutions, TradeTracker consistently outperforms competitors like Awin, TradeDoubler, CJ, and Webgains, making it the preferred choice for advertisers and publishers worldwide.","legalName":"TradeTracker.com","foundingDate":"2004-03-05","numberOfEmployees":{"@type":"QuantitativeValue","minValue":"201","maxValue":"500"}}]}},"_links":{"self":[{"href":"https:\/\/tradetracker.com\/pt\/wp-json\/wp\/v2\/pages\/52153","targetHints":{"allow":["GET"]}}],"collection":[{"href":"https:\/\/tradetracker.com\/pt\/wp-json\/wp\/v2\/pages"}],"about":[{"href":"https:\/\/tradetracker.com\/pt\/wp-json\/wp\/v2\/types\/page"}],"author":[{"embeddable":true,"href":"https:\/\/tradetracker.com\/pt\/wp-json\/wp\/v2\/users\/69"}],"replies":[{"embeddable":true,"href":"https:\/\/tradetracker.com\/pt\/wp-json\/wp\/v2\/comments?post=52153"}],"version-history":[{"count":0,"href":"https:\/\/tradetracker.com\/pt\/wp-json\/wp\/v2\/pages\/52153\/revisions"}],"wp:attachment":[{"href":"https:\/\/tradetracker.com\/pt\/wp-json\/wp\/v2\/media?parent=52153"}],"curies":[{"name":"wp","href":"https:\/\/api.w.org\/{rel}","templated":true}]}}