{"id":52156,"date":"2016-12-19T13:34:20","date_gmt":"2016-12-19T13:34:20","guid":{"rendered":"https:\/\/tradetracker.com\/politica-de-privacidade\/"},"modified":"2025-01-16T15:31:45","modified_gmt":"2025-01-16T15:31:45","slug":"politica-de-privacidade","status":"publish","type":"page","link":"https:\/\/tradetracker.com\/pt\/politica-de-privacidade\/","title":{"rendered":"Pol\u00edtica de Privacidade"},"content":{"rendered":"<div class=\"wpb-content-wrapper\"><p>[vc_row classes=&#8221;static-page-intro short privacy-page&#8221;][vc_column]<div class=\"row\"><div class=\"vc_col-sm-12\"><div class=\" static-page-intro-text \"><h1  style=\"color: #ffffff\" class=\"\">Pol\u00edtica de Privacidade<\/h1><\/div>\r\n        <\/div>\r\n    <\/div>[\/vc_column][\/vc_row][vc_row][vc_column]<div class=\"space\"><\/div>[vc_wp_text]Na TradeTracker, sua privacidade \u00e9 importante para n\u00f3s. Para proteg\u00ea-la, explicaremos nossas pr\u00e1cticas e as op\u00e7\u00f5es dispon\u00edveis para a colecta das suas informa\u00e7\u00f5es pessoais, bem como, a forma como ser\u00e3o usadas e divulgadas. Sempre ter\u00e1 acesso a essas informa\u00e7\u00f5es e ao seu dispor, na nossa p\u00e1gina inicial e em todos os pontos em que os dados de identifica\u00e7\u00e3o pessoal possam ser solicitados.<\/p>\n<p>Em conformidade com o artigo Art. 5 de la Ley 15\/1999 de 13 de Dezembro de Protec\u00e7\u00e3o de Dados Pessoais, que regulamenta o direito de informa\u00e7\u00e3o na colecta de dados, alerta para o seguinte: As informa\u00e7\u00f5es que fornecidas ser\u00e3o inclu\u00eddas em um ficheiro automatizado da TradeTracker Spain, S.L., para os fins aqui especificados.<\/p>\n<p>A ser consciente de que no futuro &#8211; mesmo terminada a rela\u00e7\u00e3o comercial &#8211; TradeTracker Spain S.L. poder\u00e1 usar seus dados pessoais para informar-lhe sobre seus produtos e\/ou servi\u00e7os. Da mesma forma que autoriza-nos a enviar informa\u00e7\u00e3o comercial atrav\u00e9s da sua conta de e-mail e outros meios electr\u00f3nicos equivalentes, a menos que oponha-se no momento da colecta de seus dados. Tamb\u00e9m consciente, a menos que especifique o contr\u00e1rio no momento da coleta de seus dados, enviar-lhe-emos informa\u00e7\u00f5es sobre os produtos e\/ou servi\u00e7os de terceiros e a transfer\u00eancia para os terceiros de seus dados pessoais para fins publicit\u00e1rios id\u00eanticos. Esses terceiros podem pertencer aos sectores de bens de consumo; finan\u00e7as e seguros; ONGs; telecomunica\u00e7\u00f5es; e hotelaria, turismo e transporte.<\/p>\n<h3>Informa\u00e7\u00f5es que colectamos<\/h3>\n<p>A TradeTracker colecta muitos tipos de informa\u00e7\u00f5es para operar efectivamente e fornecer os melhores produtos, servi\u00e7os e experi\u00eancias. Colectamos informa\u00e7\u00f5es quando o utilizador\u00a0regista-se, faz login e usa nossos sites e servi\u00e7os. Tamb\u00e9m podemos, em alguns casos, adquirir informa\u00e7\u00f5es de outras empresas. N\u00f3s colectamos essas informa\u00e7\u00f5es de diversas maneiras, inclusive de formul\u00e1rios da web, tecnologias como <a href=\"\/pt\/politica-de-privacidade\/como-usamos-cookies\/\">cookies<\/a>, logs e registos web (wbe logging), bem como, programas no seu computador ou outros dispositivos.<\/p>\n<h3>Como usamos a sua informa\u00e7\u00e3o pessoal<\/h3>\n<p>As informa\u00e7\u00f5es que podemos colectar durante a navega\u00e7\u00e3o no site s\u00e3o usadas para fins estat\u00edsticos, para operar, melhorar e personalizar os produtos e servi\u00e7os que oferecemos. A informa\u00e7\u00e3o tamb\u00e9m \u00e9 usada para ajudar na relev\u00e2ncia da publicidade que visualiza em nossos servi\u00e7os.<\/p>\n<p>Ao usar qualquer meio de contacto postado no site, seja ou n\u00e3o um formul\u00e1rio, usaremos as informa\u00e7\u00f5es fornecidas para contactar-lhe e ajudar-lhe quando entre em contacto connosco.<\/p>\n<p>Quando faz a sua inscri\u00e7\u00e3o no site, usamos suas informa\u00e7\u00f5es para registar seu perfil de utilizador, habilitar as ferramentas e recursos que tem acesso durante o registo e para poder contactar-lhe.<\/p>\n<p>Quando contrata com TradeTracker, precisamos de suas informa\u00e7\u00f5es para poder prestar-lhe adequadamente o servi\u00e7o ou desenvolver correctamente os prop\u00f3sitos que s\u00e3o objeto do contrato, bem como para poder contactar-lhe.<\/p>\n<p>\u00c9 poss\u00edvel que a TradeTracker colecte sua informa\u00e7\u00f5es quando acessar o site de um dos anunciantes, atrav\u00e9s do site de um dos afiliados ou ao naveg\u00e1-la. Usamos essas informa\u00e7\u00f5es para verificar se as transac\u00e7\u00f5es nas p\u00e1ginas web de nossos clientes s\u00e3o provenientes dos sites ou plataformas de nossas afiliadas.<\/p>\n<h3>Por que n\u00f3s compartilhamos suas informa\u00e7\u00f5es pessoais?<\/h3>\n<p>Quando um afiliado, inscrever-se para uma campanha, seus dados ser\u00e3o transferidos para a empresa de publicidade que criou a campanha, por ser necess\u00e1rio para a presta\u00e7\u00e3o do servi\u00e7o, manuten\u00e7\u00e3o e conformidade; bem como as autoridades fiscais quando legalmente aplic\u00e1vel.<\/p>\n<p>Em todos os outros casos e salvo indica\u00e7\u00e3o em contr\u00e1rio, n\u00e3o compartilhar\u00e1 suas informa\u00e7\u00f5es pessoais com terceiros.<\/p>\n<h3>Ao acessar suas informa\u00e7\u00f5es pessoais<\/h3>\n<p>Alguns dos servi\u00e7os TradeTracker permitem visualizar ou modificar suas informa\u00e7\u00f5es pessoais on-line. Para impedir que terceiros consultem suas informa\u00e7\u00f5es pessoais, por favor, ser\u00e1 solicitado para que registe-se previamente. O acesso \u00e0s suas informa\u00e7\u00f5es pessoais depender\u00e1 dos servi\u00e7os ou sites que usou.<\/p>\n<h3>Prefer\u00eancias de comunica\u00e7\u00e3o<\/h3>\n<p>Dependendo do tipo de servi\u00e7o, ter\u00e1 a op\u00e7\u00e3o de alterar as suas prefer\u00eancias sobre o recebimento de mensagens promocionais e-mail, telefonemas e correio normal para sites ou servi\u00e7os web espec\u00edficos da TradeTracker.<\/p>\n<h3>Conta TradeTracker<\/h3>\n<p>Uma conta TradeTracker permite que fa\u00e7a login nos produtos, sites e servi\u00e7os da plataforma. Quando cria uma conta da TradeTracker, pedimos que forne\u00e7a certas informa\u00e7\u00f5es. Quando regista-se em um site ou servi\u00e7o com a sua conta da TradeTracker, n\u00f3s colectamos certas informa\u00e7\u00f5es para verificar a sua identidade em nome do site ou servi\u00e7o, para proteger-lhe do uso mal-intencionado da conta, para proteger a efici\u00eancia e a seguran\u00e7a do servi\u00e7o da conta TradeTracker. Tamb\u00e9m enviamos certas informa\u00e7\u00f5es n\u00e3o pessoais a um site ou servi\u00e7o com o qual fez login com sua conta TradeTracker.[\/vc_wp_text][\/vc_column][\/vc_row][vc_row][vc_column]<div class=\"space\"><\/div>[\/vc_column][\/vc_row]<\/p>\n<\/div>","protected":false},"excerpt":{"rendered":"<p>[vc_row classes=&#8221;static-page-intro short privacy-page&#8221;][vc_column][\/vc_column][\/vc_row][vc_row][vc_column][vc_wp_text]Na TradeTracker, sua privacidade \u00e9 importante para n\u00f3s. Para proteg\u00ea-la, explicaremos nossas pr\u00e1cticas e as op\u00e7\u00f5es dispon\u00edveis para a colecta das suas informa\u00e7\u00f5es pessoais, bem como, a forma como ser\u00e3o usadas e divulgadas. Sempre ter\u00e1 acesso a essas informa\u00e7\u00f5es e ao seu dispor, na nossa p\u00e1gina inicial e em todos os pontos  [&#8230;]<\/p>\n","protected":false},"author":69,"featured_media":0,"parent":0,"menu_order":0,"comment_status":"closed","ping_status":"closed","template":"template-privacy-page.php","meta":{"inline_featured_image":false,"_monsterinsights_skip_tracking":false,"_monsterinsights_sitenote_active":false,"_monsterinsights_sitenote_note":"","_monsterinsights_sitenote_category":0,"footnotes":""},"class_list":["post-52156","page","type-page","status-publish","hentry"],"yoast_head":"<!-- This site is optimized with the Yoast SEO Premium plugin v27.0 (Yoast SEO v27.0) - https:\/\/yoast.com\/product\/yoast-seo-premium-wordpress\/ -->\n<title>Privacy Policy | TradeTracker.com<\/title>\n<meta name=\"description\" content=\"Na TradeTracker, sabemos a import\u00e2ncia da privacidade na Internet, por esta raz\u00e3o, a transpar\u00eancia das informa\u00e7\u00f5es \u00e9 o nosso objetivo.\" \/>\n<meta name=\"robots\" content=\"index, follow, max-snippet:-1, max-image-preview:large, max-video-preview:-1\" \/>\n<link rel=\"canonical\" href=\"https:\/\/tradetracker.com\/pt\/wp-json\/wp\/v2\/pages\/52156\/\" \/>\n<meta property=\"og:locale\" content=\"pt_PT\" \/>\n<meta property=\"og:type\" content=\"article\" \/>\n<meta property=\"og:title\" content=\"Pol\u00edtica de Privacidade TradeTracker.com\" \/>\n<meta property=\"og:description\" content=\"Na TradeTracker, sabemos a import\u00e2ncia da privacidade na\" \/>\n<meta property=\"og:url\" content=\"https:\/\/tradetracker.com\/pt\/politica-de-privacidade\/\" \/>\n<meta property=\"og:site_name\" content=\"TradeTracker.com | Affiliate Marketing | Performance Marketing\" \/>\n<meta property=\"article:publisher\" content=\"https:\/\/www.facebook.com\/tradetrackercom\" \/>\n<meta property=\"article:modified_time\" content=\"2025-01-16T15:31:45+00:00\" \/>\n<meta property=\"og:image\" content=\"https:\/\/tradetracker.com\/wp-content\/uploads\/2019\/12\/tradetracker-logo-square.png\" \/>\n\t<meta property=\"og:image:width\" content=\"250\" \/>\n\t<meta property=\"og:image:height\" content=\"250\" \/>\n\t<meta property=\"og:image:type\" content=\"image\/png\" \/>\n<meta name=\"twitter:card\" content=\"summary_large_image\" \/>\n<meta name=\"twitter:title\" content=\"Pol\u00edtica de Privacidade\" \/>\n<meta name=\"twitter:description\" content=\"[vc_row classes=&quot;static-page-intro short privacy-page&quot;][vc_column]Pol\u00edtica de Privacidade \" \/>\n<meta name=\"twitter:image\" content=\"https:\/\/tradetracker.com\/assets\/tt-circles.png\" \/>\n<meta name=\"twitter:site\" content=\"@tradetrackercom\" \/>\n<meta name=\"twitter:label1\" content=\"Est. reading time\" \/>\n\t<meta name=\"twitter:data1\" content=\"4 minutes\" \/>\n<script type=\"application\/ld+json\" class=\"yoast-schema-graph\">{\"@context\":\"https:\/\/schema.org\",\"@graph\":[{\"@type\":\"WebPage\",\"@id\":\"https:\/\/tradetracker.com\/pt\/politica-de-privacidade\/\",\"url\":\"https:\/\/tradetracker.com\/pt\/politica-de-privacidade\/\",\"name\":\"Privacy Policy | TradeTracker.com\",\"isPartOf\":{\"@id\":\"https:\/\/tradetracker.com\/pt\/#website\"},\"datePublished\":\"2016-12-19T13:34:20+00:00\",\"dateModified\":\"2025-01-16T15:31:45+00:00\",\"description\":\"Na TradeTracker, sabemos a import\u00e2ncia da privacidade na Internet, por esta raz\u00e3o, a transpar\u00eancia das informa\u00e7\u00f5es \u00e9 o nosso objetivo.\",\"breadcrumb\":{\"@id\":\"https:\/\/tradetracker.com\/pt\/politica-de-privacidade\/#breadcrumb\"},\"inLanguage\":\"pt-PT\",\"potentialAction\":[{\"@type\":\"ReadAction\",\"target\":[\"https:\/\/tradetracker.com\/pt\/politica-de-privacidade\/\"]}]},{\"@type\":\"BreadcrumbList\",\"@id\":\"https:\/\/tradetracker.com\/pt\/politica-de-privacidade\/#breadcrumb\",\"itemListElement\":[{\"@type\":\"ListItem\",\"position\":1,\"name\":\"Home\",\"item\":\"https:\/\/tradetracker.com\/pt\/\"},{\"@type\":\"ListItem\",\"position\":2,\"name\":\"Pol\u00edtica de Privacidade\"}]},{\"@type\":\"WebSite\",\"@id\":\"https:\/\/tradetracker.com\/pt\/#website\",\"url\":\"https:\/\/tradetracker.com\/pt\/\",\"name\":\"TradeTracker.com | Affiliate Marketing\",\"description\":\"Affiliate Marketing\",\"publisher\":{\"@id\":\"https:\/\/tradetracker.com\/pt\/#organization\"},\"potentialAction\":[{\"@type\":\"SearchAction\",\"target\":{\"@type\":\"EntryPoint\",\"urlTemplate\":\"https:\/\/tradetracker.com\/pt\/?s={search_term_string}\"},\"query-input\":{\"@type\":\"PropertyValueSpecification\",\"valueRequired\":true,\"valueName\":\"search_term_string\"}}],\"inLanguage\":\"pt-PT\"},{\"@type\":\"Organization\",\"@id\":\"https:\/\/tradetracker.com\/pt\/#organization\",\"name\":\"TradeTracker FZ LLC\",\"url\":\"https:\/\/tradetracker.com\/pt\/\",\"logo\":{\"@type\":\"ImageObject\",\"inLanguage\":\"pt-PT\",\"@id\":\"https:\/\/tradetracker.com\/pt\/#\/schema\/logo\/image\/\",\"url\":\"https:\/\/tradetracker.com\/wp-content\/uploads\/2019\/04\/tradetracker-logo_1.jpg\",\"contentUrl\":\"https:\/\/tradetracker.com\/wp-content\/uploads\/2019\/04\/tradetracker-logo_1.jpg\",\"width\":672,\"height\":109,\"caption\":\"TradeTracker FZ LLC\"},\"image\":{\"@id\":\"https:\/\/tradetracker.com\/pt\/#\/schema\/logo\/image\/\"},\"sameAs\":[\"https:\/\/www.facebook.com\/tradetrackercom\",\"https:\/\/x.com\/tradetrackercom\",\"https:\/\/www.linkedin.com\/company\/tradetrackercom\",\"https:\/\/www.youtube.com\/channel\/UCHiq-oir3qOorxO-8nLjIcQ\"],\"description\":\"TradeTracker is a global affiliate marketing platform that connects advertisers and publishers to create successful online campaigns. With its user-friendly interface, advanced tracking technology, and real-time reporting, TradeTracker provides the tools to optimize performance and boost conversions. Operating in over 20 countries, TradeTracker is renowned for its transparency, innovative solutions, and personalized support. It has been consistently chosen as the leading affiliate network worldwide, a testament to its excellence in the industry. Advertisers benefit from access to a vast network of publishers, while publishers enjoy a diverse range of campaigns and attractive earning opportunities. The platform continues to revolutionize the affiliate marketing industry with technologies like Real Attribution, ensuring fair commission distribution. TradeTracker empowers businesses to achieve their online no cure no pay advertising goals efficiently and effectively. With superior technology, unparalleled customer service, and innovative solutions, TradeTracker consistently outperforms competitors like Awin, TradeDoubler, CJ, and Webgains, making it the preferred choice for advertisers and publishers worldwide.\",\"legalName\":\"TradeTracker.com\",\"foundingDate\":\"2004-03-05\",\"numberOfEmployees\":{\"@type\":\"QuantitativeValue\",\"minValue\":\"201\",\"maxValue\":\"500\"}}]}<\/script>\n<!-- \/ Yoast SEO Premium plugin. -->","yoast_head_json":{"title":"Privacy Policy | TradeTracker.com","description":"Na TradeTracker, sabemos a import\u00e2ncia da privacidade na Internet, por esta raz\u00e3o, a transpar\u00eancia das informa\u00e7\u00f5es \u00e9 o nosso objetivo.","robots":{"index":"index","follow":"follow","max-snippet":"max-snippet:-1","max-image-preview":"max-image-preview:large","max-video-preview":"max-video-preview:-1"},"canonical":"https:\/\/tradetracker.com\/pt\/wp-json\/wp\/v2\/pages\/52156\/","og_locale":"pt_PT","og_type":"article","og_title":"Pol\u00edtica de Privacidade TradeTracker.com","og_description":"Na TradeTracker, sabemos a import\u00e2ncia da privacidade na","og_url":"https:\/\/tradetracker.com\/pt\/politica-de-privacidade\/","og_site_name":"TradeTracker.com | Affiliate Marketing | Performance Marketing","article_publisher":"https:\/\/www.facebook.com\/tradetrackercom","article_modified_time":"2025-01-16T15:31:45+00:00","og_image":[{"width":250,"height":250,"url":"https:\/\/tradetracker.com\/wp-content\/uploads\/2019\/12\/tradetracker-logo-square.png","type":"image\/png"}],"twitter_card":"summary_large_image","twitter_title":"Pol\u00edtica de Privacidade","twitter_description":"[vc_row classes=\"static-page-intro short privacy-page\"][vc_column]Pol\u00edtica de Privacidade ","twitter_image":"https:\/\/tradetracker.com\/assets\/tt-circles.png","twitter_site":"@tradetrackercom","twitter_misc":{"Est. reading time":"4 minutes"},"schema":{"@context":"https:\/\/schema.org","@graph":[{"@type":"WebPage","@id":"https:\/\/tradetracker.com\/pt\/politica-de-privacidade\/","url":"https:\/\/tradetracker.com\/pt\/politica-de-privacidade\/","name":"Privacy Policy | TradeTracker.com","isPartOf":{"@id":"https:\/\/tradetracker.com\/pt\/#website"},"datePublished":"2016-12-19T13:34:20+00:00","dateModified":"2025-01-16T15:31:45+00:00","description":"Na TradeTracker, sabemos a import\u00e2ncia da privacidade na Internet, por esta raz\u00e3o, a transpar\u00eancia das informa\u00e7\u00f5es \u00e9 o nosso objetivo.","breadcrumb":{"@id":"https:\/\/tradetracker.com\/pt\/politica-de-privacidade\/#breadcrumb"},"inLanguage":"pt-PT","potentialAction":[{"@type":"ReadAction","target":["https:\/\/tradetracker.com\/pt\/politica-de-privacidade\/"]}]},{"@type":"BreadcrumbList","@id":"https:\/\/tradetracker.com\/pt\/politica-de-privacidade\/#breadcrumb","itemListElement":[{"@type":"ListItem","position":1,"name":"Home","item":"https:\/\/tradetracker.com\/pt\/"},{"@type":"ListItem","position":2,"name":"Pol\u00edtica de Privacidade"}]},{"@type":"WebSite","@id":"https:\/\/tradetracker.com\/pt\/#website","url":"https:\/\/tradetracker.com\/pt\/","name":"TradeTracker.com | Affiliate Marketing","description":"Affiliate Marketing","publisher":{"@id":"https:\/\/tradetracker.com\/pt\/#organization"},"potentialAction":[{"@type":"SearchAction","target":{"@type":"EntryPoint","urlTemplate":"https:\/\/tradetracker.com\/pt\/?s={search_term_string}"},"query-input":{"@type":"PropertyValueSpecification","valueRequired":true,"valueName":"search_term_string"}}],"inLanguage":"pt-PT"},{"@type":"Organization","@id":"https:\/\/tradetracker.com\/pt\/#organization","name":"TradeTracker FZ LLC","url":"https:\/\/tradetracker.com\/pt\/","logo":{"@type":"ImageObject","inLanguage":"pt-PT","@id":"https:\/\/tradetracker.com\/pt\/#\/schema\/logo\/image\/","url":"https:\/\/tradetracker.com\/wp-content\/uploads\/2019\/04\/tradetracker-logo_1.jpg","contentUrl":"https:\/\/tradetracker.com\/wp-content\/uploads\/2019\/04\/tradetracker-logo_1.jpg","width":672,"height":109,"caption":"TradeTracker FZ LLC"},"image":{"@id":"https:\/\/tradetracker.com\/pt\/#\/schema\/logo\/image\/"},"sameAs":["https:\/\/www.facebook.com\/tradetrackercom","https:\/\/x.com\/tradetrackercom","https:\/\/www.linkedin.com\/company\/tradetrackercom","https:\/\/www.youtube.com\/channel\/UCHiq-oir3qOorxO-8nLjIcQ"],"description":"TradeTracker is a global affiliate marketing platform that connects advertisers and publishers to create successful online campaigns. With its user-friendly interface, advanced tracking technology, and real-time reporting, TradeTracker provides the tools to optimize performance and boost conversions. Operating in over 20 countries, TradeTracker is renowned for its transparency, innovative solutions, and personalized support. It has been consistently chosen as the leading affiliate network worldwide, a testament to its excellence in the industry. Advertisers benefit from access to a vast network of publishers, while publishers enjoy a diverse range of campaigns and attractive earning opportunities. The platform continues to revolutionize the affiliate marketing industry with technologies like Real Attribution, ensuring fair commission distribution. TradeTracker empowers businesses to achieve their online no cure no pay advertising goals efficiently and effectively. With superior technology, unparalleled customer service, and innovative solutions, TradeTracker consistently outperforms competitors like Awin, TradeDoubler, CJ, and Webgains, making it the preferred choice for advertisers and publishers worldwide.","legalName":"TradeTracker.com","foundingDate":"2004-03-05","numberOfEmployees":{"@type":"QuantitativeValue","minValue":"201","maxValue":"500"}}]}},"_links":{"self":[{"href":"https:\/\/tradetracker.com\/pt\/wp-json\/wp\/v2\/pages\/52156","targetHints":{"allow":["GET"]}}],"collection":[{"href":"https:\/\/tradetracker.com\/pt\/wp-json\/wp\/v2\/pages"}],"about":[{"href":"https:\/\/tradetracker.com\/pt\/wp-json\/wp\/v2\/types\/page"}],"author":[{"embeddable":true,"href":"https:\/\/tradetracker.com\/pt\/wp-json\/wp\/v2\/users\/69"}],"replies":[{"embeddable":true,"href":"https:\/\/tradetracker.com\/pt\/wp-json\/wp\/v2\/comments?post=52156"}],"version-history":[{"count":2,"href":"https:\/\/tradetracker.com\/pt\/wp-json\/wp\/v2\/pages\/52156\/revisions"}],"predecessor-version":[{"id":1134614,"href":"https:\/\/tradetracker.com\/pt\/wp-json\/wp\/v2\/pages\/52156\/revisions\/1134614"}],"wp:attachment":[{"href":"https:\/\/tradetracker.com\/pt\/wp-json\/wp\/v2\/media?parent=52156"}],"curies":[{"name":"wp","href":"https:\/\/api.w.org\/{rel}","templated":true}]}}