{"id":52160,"date":"2016-12-12T11:52:36","date_gmt":"2016-12-12T11:52:36","guid":{"rendered":"https:\/\/tradetracker.com\/compras\/"},"modified":"2020-12-14T22:29:47","modified_gmt":"2020-12-14T22:29:47","slug":"compras","status":"publish","type":"page","link":"https:\/\/tradetracker.com\/pt\/anunciantes\/compras\/","title":{"rendered":"Compras"},"content":{"rendered":"<div class=\"wpb-content-wrapper\"><p>[vc_row css=&#8221;.vc_custom_1607984984056{background-color: #f79737 !important;}&#8221; classes=&#8221;tt-single-industry tt-shopping&#8221;][vc_column]<div class=\"row\"><div class=\"vc_col-sm-12\"><div class=\" static-page-intro-text \" style=\"width: 75%\"><h1  style=\"color: #ffffff\" class=\"\">Compras<\/h1><h2  style=\"color: #ffffff\" class=\"\">Impulsionamos as vendas, a conectar afiliados com os anunciantes adequados, para que eles possam oferecer exactamente os produtos que o cliente procura. Tudo atrav\u00e9s de uma equipa de contas que conhece perfeitamente todos os meandros do mundo das compras on-line e que tamb\u00e9m tem experi\u00eancia comprovada na concep\u00e7\u00e3o e aperfei\u00e7oamento de campanhas destinadas a um p\u00fablico espec\u00edfico.<\/h2><\/div>\r\n        <\/div>\r\n    <\/div>[\/vc_column][\/vc_row][vc_row][vc_column]<div class=\"row tt-industries-page\"><div class='vc_col-sm-3' id='sidebar'><h4 class=\"lined-section\">Sectores<\/h4><div class=\"widget_nav_menu\"><ul class=\"menu\"><li><a class=\"industries-back\" href=\"https:\/\/tradetracker.com\/pt\/#section-industries\/\">\u2190 Back to Industry Home<\/a><\/li><li><a href='https:\/\/tradetracker.com\/pt\/anunciantes\/compras\/' class='active'>Compras<\/a><\/li><li><a href='https:\/\/tradetracker.com\/pt\/anunciantes\/financeiro\/' class=''>Finan\u00e7as<\/a><\/li><li><a href='https:\/\/tradetracker.com\/pt\/anunciantes\/servicos\/' class=''>Servi\u00e7os<\/a><\/li><li><a href='https:\/\/tradetracker.com\/pt\/anunciantes\/telecomunicacoes\/' class=''>Telecom<\/a><\/li><li><a href='https:\/\/tradetracker.com\/pt\/anunciantes\/viagens\/' class=''>Viagens<\/a><\/li><\/ul><\/div>\r\n    <\/div><div class=\"vc_col-sm-9\">\r\n                <div class=\"vc_col-sm-12\">\r\n                    <ul class=\"industry-list compras\"><li><h2>Adulto<\/h2><p>Colocamos \u00e0 disposi\u00e7\u00e3o os fornecedores para o p\u00fablico que procura actividades \"apimentadas\" e que sinta-se confort\u00e1vel para realiz\u00e1-las em privacidade.<\/p><\/li><li><h2>Arte e Vida<\/h2><p>Ver\u00e1 como \u00e9 simples chegar a uma audi\u00eancia com um gosto refinado, bem como a quem gosta de criar e decorar novos espa\u00e7os!<\/p><\/li><li><h2>Beb\u00e9s e Crian\u00e7as<\/h2><p>Os primeiros anos de desenvolvimento s\u00e3o muito importantes. Por esta raz\u00e3o, fornecemos as \u00e1reas de neg\u00f3cio que facilitam o esmero dos pais e atendem \u00e0s suas necessidades e \u00e0s dos seus mi\u00fados.<\/p><\/li><li><h2>Brinquedos<\/h2><p>N\u00e3o h\u00e1 nada mais precioso do que o sorriso no rosto do seu filho e dos mi\u00fados! Os brinquedos s\u00e3o a melhor maneira de ganhar um deles. Nosso software ir\u00e1 ajud\u00e1-lo a encontrar anunciantes que podem interessar-lhe!<\/p><\/li><li><h2>Carros, Motas e Bicicletas<\/h2><p>Para os entusiastas do automobilismo, motociclismo e ciclismo, ou simplesmente para aqueles que desejam obter outro tipo de carta de condu\u00e7\u00e3o (de A para B, por exemplo), hospedamos uma variedade de sites dedicados a atender-lhes.<\/p><\/li><li><h2>Casa e Jardim<\/h2><p>\u00c9 importante criar um espa\u00e7o para viver que seja agrad\u00e1vel por dentro e por fora. Aqui, vai saber como destacar seus produtos e os benef\u00edcios reais que eles podem fornecer, exibindo-os atrav\u00e9s do parceiro ideal e que conhece a motiva\u00e7\u00e3o do p\u00fablico a compr\u00e1-los.<\/p><\/li><li><h2>Comidas e Bebidas<\/h2><p>Empresas de catering, nutri\u00e7\u00e3o, entrega de comida ao domic\u00edlio (\"take away\"), alimentos biol\u00f3gicos, bebidas \u00e1lcoolicas e de todos os produtos que satisfazem os paladares mais exigentes, usam a nossa plataforma para convidar aos que, al\u00e9m de atender uma necessidade vital, procuram disfrut\u00e1-la.<\/p><\/li><li><h2>Complementos para Festas<\/h2><p>Encontre os elementos imprescind\u00edveis para qualquer festa, com as lojas on-line associadas \u00e0 nossa plataforma! Poder\u00e1 combinar uma variedade de temas para garantir a distrac\u00e7\u00e3o de todos!<\/p><\/li><li><h2>Desportos Aqu\u00e1ticos e N\u00e1uticos<\/h2><p>Os amantes das \u00e1guas buscam nossos clientes on-line para as suas necessidades mais variadas, com o fim de desfrutar das suas experi\u00eancias ao practicar as actividades aqu\u00e1ticas, sejam em mar, rio, piscina ou lago.<\/p><\/li><li><h2>Electrodom\u00e9sticos<\/h2><p>Para aqueles que gostam de ter um lar completo, funcional e pr\u00e1tico, com todos os componentes que a tornam confort\u00e1vel, podemos destacar seus produtos como a pr\u00f3xima necessidade para a\u00a0morada do seu p\u00fablico.<\/p><\/li><li><h2>Escrit\u00f3rio<\/h2><p>Oferecemos a uma variedade de clientes, a capacidade de destacar seus produtos on-line com um conjunto de afiliados respeit\u00e1veis a fornecer suprimentos para o seu espa\u00e7o de trabalho profissional e a assegurar que opera eficientemente.<\/p><\/li><li><h2>Fam\u00edlia<\/h2><p>Garantir o tempo com os seus familiares \u00e9 o melhor investimento que pode fazer! Oferecemos uma s\u00e9rie de clientes que proporcionam a oportunidade de viver experi\u00eancias memor\u00e1veis \u200b\u200bpara todos.<\/p><\/li><li><h2>Hardware e Software<\/h2><p>Nossa equipa de contas est\u00e1 bem preparada com o conhecimento necess\u00e1rio para atrair a aten\u00e7\u00e3o daqueles que actuam ou interessam-se pelo mercado inform\u00e1tico e de tecnologia, computadores, telem\u00f3veis e seus acess\u00f3rios.<\/p><\/li><li><h2>Jogos e Divers\u00e3o<\/h2><p>Contamos com um grande n\u00famero de empresas que oferecem o melhor e o \u00faltimo em videojogo e divertimento. Confira!<\/p><\/li><li><h2>Lazer e Hobby<\/h2><p>Para um p\u00fablico que tem paix\u00e3o por fazer o que realmente gosta. Com a nossa rede, n\u00e3o \u00e9 dif\u00edcil entender a sua necessidade, encoraj\u00e1-los a aumentar suas habilidades e aumentar sua divers\u00e3o.<\/p><\/li><li><h2>Livros, Revistas e Jornais<\/h2><p>Uma biblioteca que n\u00e3o conhece o fim! Nas lojas dos nossos parceiros on-line, cada pe\u00e7a imagin\u00e1vel de literatura e jornalismo que possa sonhar, \u00e9 uma fonte consistente de inspira\u00e7\u00e3o e uma maneira de manter-se sempre em dia com as informa\u00e7\u00f5es em geral.<\/p><\/li><li><h2>Lojas de Departamento<\/h2><p>Nossos parceiros com lojas f\u00edsicas reconhecem o mundo on-line como uma maneira importante para fazer vendas e atrair o p\u00fablico para seus estabelecimentos.<\/p><\/li><li><h2>Moda e J\u00f3ias<\/h2><p>Os gurus do estilo glamoroso e da \u00faltima tend\u00eancia usam nossa rede para alcan\u00e7ar o p\u00fablico que presta aten\u00e7\u00e3o aos detalhes e conectamos-lhes com aqueles que procuram completar seu guarda-roupa.<\/p><\/li><li><h2>M\u00fasica e V\u00eddeo<\/h2><p>A conceder aos provedores de m\u00e9dios, as ferramentas e t\u00e9cnicas para alcan\u00e7ar aqueles com um olho para seus produtos, nossa equipa est\u00e1 envolvida com as \u00faltimas tend\u00eancias que garantem o destaque da sua publicidade on-line.<\/p><\/li><li><h2>Ofertas Di\u00e1rias e de Grupo<\/h2><p>Com uma das melhores ofertas para agradar o p\u00fablico da Internet, nossos parceiros permitem que os clientes adquiram suas necessidades e organizem eventos a pre\u00e7os justos.<\/p><\/li><li><h2>Outros<\/h2><p>Ao contar com um ampla variedade de afiliados, ser\u00e1 dif\u00edcil encontrar um sector que n\u00e3o atendamos. N\u00e3o importa a situa\u00e7\u00e3o, temos um conjunto t\u00e3o diversificado de clientes e a certeza de que existe uma lista de parceiros adequados \u00e0s suas necessidades.<\/p><\/li><li><h2>Pets<\/h2><p>Amigos de quatro patas, habitantes da \u00e1gua, p\u00e1ssaros e demais, s\u00e3o atendidos por nossos clientes com uma oferta on-line para esses membros tamb\u00e9m importantes de qualquer fam\u00edlia!<\/p><\/li><li><h2>Presentes e Gadgets<\/h2><p>Surpreender algu\u00e9m com um presente \u00e9 uma maneira segura de agradar. Aqui, ajudar\u00e1 a todos os que desejam fazer uma surpresa, a colocar um sorriso no rosto de quem a receba!<\/p><\/li><li><h2>Sa\u00fade e Beleza<\/h2><p>A contribuir para o bem-estar das pessoas, nossa plataforma \u00e9 uma chave para alcan\u00e7ar aqueles com o poder de influenciar os padr\u00f5es de compra deste p\u00fablico que gosta de cuidar da sua beleza, sem deixar a sa\u00fade para tr\u00e1s.<\/p><\/li><\/ul><\/div><\/div><\/div>[\/vc_column][\/vc_row]<\/p>\n<\/div>","protected":false},"excerpt":{"rendered":"<p>[vc_row css=&#8221;.vc_custom_1607984984056{background-color: #f79737 !important;}&#8221; classes=&#8221;tt-single-industry tt-shopping&#8221;][vc_column][\/vc_column][\/vc_row][vc_row][vc_column][\/vc_column][\/vc_row]<\/p>\n","protected":false},"author":69,"featured_media":0,"parent":52167,"menu_order":0,"comment_status":"closed","ping_status":"closed","template":"","meta":{"inline_featured_image":false,"_monsterinsights_skip_tracking":false,"_monsterinsights_sitenote_active":false,"_monsterinsights_sitenote_note":"","_monsterinsights_sitenote_category":0,"footnotes":""},"class_list":["post-52160","page","type-page","status-publish","hentry"],"yoast_head":"<!-- This site is optimized with the Yoast SEO Premium plugin v27.0 (Yoast SEO v27.0) - https:\/\/yoast.com\/product\/yoast-seo-premium-wordpress\/ -->\n<title>Compras Online | Marketing de Performance e Afilia\u00e7\u00e3o | TradeTracker<\/title>\n<meta name=\"description\" content=\"Segmentos variados do setor de compras que usam nossa plataforma de Marketing de Desempenho e Afiliados, para sua veicular a sua publicidade online.\" \/>\n<meta name=\"robots\" content=\"index, follow, max-snippet:-1, max-image-preview:large, max-video-preview:-1\" \/>\n<link rel=\"canonical\" href=\"https:\/\/tradetracker.com\/pt\/wp-json\/wp\/v2\/pages\/52160\/\" \/>\n<meta property=\"og:locale\" content=\"pt_PT\" \/>\n<meta property=\"og:type\" content=\"article\" \/>\n<meta property=\"og:title\" content=\"Compras\" \/>\n<meta property=\"og:description\" content=\"Segmentos variados do setor de compras que usam nossa plataforma de Marketing de Desempenho e Afiliados, para sua veicular a sua publicidade online.\" \/>\n<meta property=\"og:url\" content=\"https:\/\/tradetracker.com\/pt\/anunciantes\/compras\/\" \/>\n<meta property=\"og:site_name\" content=\"TradeTracker.com | Affiliate Marketing | Performance Marketing\" \/>\n<meta property=\"article:publisher\" content=\"https:\/\/www.facebook.com\/tradetrackercom\" \/>\n<meta property=\"article:modified_time\" content=\"2020-12-14T22:29:47+00:00\" \/>\n<meta property=\"og:image\" content=\"https:\/\/tradetracker.com\/wp-content\/uploads\/2019\/12\/tradetracker-logo-square.png\" \/>\n\t<meta property=\"og:image:width\" content=\"250\" \/>\n\t<meta property=\"og:image:height\" content=\"250\" \/>\n\t<meta property=\"og:image:type\" content=\"image\/png\" \/>\n<meta name=\"twitter:card\" content=\"summary_large_image\" \/>\n<meta name=\"twitter:site\" content=\"@tradetrackercom\" \/>\n<meta name=\"twitter:label1\" content=\"Est. reading time\" \/>\n\t<meta name=\"twitter:data1\" content=\"1 minute\" \/>\n<script type=\"application\/ld+json\" class=\"yoast-schema-graph\">{\"@context\":\"https:\/\/schema.org\",\"@graph\":[{\"@type\":\"WebPage\",\"@id\":\"https:\/\/tradetracker.com\/pt\/anunciantes\/compras\/\",\"url\":\"https:\/\/tradetracker.com\/pt\/anunciantes\/compras\/\",\"name\":\"Compras Online | Marketing de Performance e Afilia\u00e7\u00e3o | TradeTracker\",\"isPartOf\":{\"@id\":\"https:\/\/tradetracker.com\/pt\/#website\"},\"datePublished\":\"2016-12-12T11:52:36+00:00\",\"dateModified\":\"2020-12-14T22:29:47+00:00\",\"description\":\"Segmentos variados do setor de compras que usam nossa plataforma de Marketing de Desempenho e Afiliados, para sua veicular a sua publicidade online.\",\"breadcrumb\":{\"@id\":\"https:\/\/tradetracker.com\/pt\/anunciantes\/compras\/#breadcrumb\"},\"inLanguage\":\"pt-PT\",\"potentialAction\":[{\"@type\":\"ReadAction\",\"target\":[\"https:\/\/tradetracker.com\/pt\/anunciantes\/compras\/\"]}]},{\"@type\":\"BreadcrumbList\",\"@id\":\"https:\/\/tradetracker.com\/pt\/anunciantes\/compras\/#breadcrumb\",\"itemListElement\":[{\"@type\":\"ListItem\",\"position\":1,\"name\":\"Home\",\"item\":\"https:\/\/tradetracker.com\/pt\/\"},{\"@type\":\"ListItem\",\"position\":2,\"name\":\"Anunciantes\",\"item\":\"https:\/\/tradetracker.com\/pt\/anunciantes\/\"},{\"@type\":\"ListItem\",\"position\":3,\"name\":\"Compras\"}]},{\"@type\":\"WebSite\",\"@id\":\"https:\/\/tradetracker.com\/pt\/#website\",\"url\":\"https:\/\/tradetracker.com\/pt\/\",\"name\":\"TradeTracker.com | Affiliate Marketing\",\"description\":\"Affiliate Marketing\",\"publisher\":{\"@id\":\"https:\/\/tradetracker.com\/pt\/#organization\"},\"potentialAction\":[{\"@type\":\"SearchAction\",\"target\":{\"@type\":\"EntryPoint\",\"urlTemplate\":\"https:\/\/tradetracker.com\/pt\/?s={search_term_string}\"},\"query-input\":{\"@type\":\"PropertyValueSpecification\",\"valueRequired\":true,\"valueName\":\"search_term_string\"}}],\"inLanguage\":\"pt-PT\"},{\"@type\":\"Organization\",\"@id\":\"https:\/\/tradetracker.com\/pt\/#organization\",\"name\":\"TradeTracker FZ LLC\",\"url\":\"https:\/\/tradetracker.com\/pt\/\",\"logo\":{\"@type\":\"ImageObject\",\"inLanguage\":\"pt-PT\",\"@id\":\"https:\/\/tradetracker.com\/pt\/#\/schema\/logo\/image\/\",\"url\":\"https:\/\/tradetracker.com\/wp-content\/uploads\/2019\/04\/tradetracker-logo_1.jpg\",\"contentUrl\":\"https:\/\/tradetracker.com\/wp-content\/uploads\/2019\/04\/tradetracker-logo_1.jpg\",\"width\":672,\"height\":109,\"caption\":\"TradeTracker FZ LLC\"},\"image\":{\"@id\":\"https:\/\/tradetracker.com\/pt\/#\/schema\/logo\/image\/\"},\"sameAs\":[\"https:\/\/www.facebook.com\/tradetrackercom\",\"https:\/\/x.com\/tradetrackercom\",\"https:\/\/www.linkedin.com\/company\/tradetrackercom\",\"https:\/\/www.youtube.com\/channel\/UCHiq-oir3qOorxO-8nLjIcQ\"],\"description\":\"TradeTracker is a global affiliate marketing platform that connects advertisers and publishers to create successful online campaigns. With its user-friendly interface, advanced tracking technology, and real-time reporting, TradeTracker provides the tools to optimize performance and boost conversions. Operating in over 20 countries, TradeTracker is renowned for its transparency, innovative solutions, and personalized support. It has been consistently chosen as the leading affiliate network worldwide, a testament to its excellence in the industry. Advertisers benefit from access to a vast network of publishers, while publishers enjoy a diverse range of campaigns and attractive earning opportunities. The platform continues to revolutionize the affiliate marketing industry with technologies like Real Attribution, ensuring fair commission distribution. TradeTracker empowers businesses to achieve their online no cure no pay advertising goals efficiently and effectively. With superior technology, unparalleled customer service, and innovative solutions, TradeTracker consistently outperforms competitors like Awin, TradeDoubler, CJ, and Webgains, making it the preferred choice for advertisers and publishers worldwide.\",\"legalName\":\"TradeTracker.com\",\"foundingDate\":\"2004-03-05\",\"numberOfEmployees\":{\"@type\":\"QuantitativeValue\",\"minValue\":\"201\",\"maxValue\":\"500\"}}]}<\/script>\n<!-- \/ Yoast SEO Premium plugin. -->","yoast_head_json":{"title":"Compras Online | Marketing de Performance e Afilia\u00e7\u00e3o | TradeTracker","description":"Segmentos variados do setor de compras que usam nossa plataforma de Marketing de Desempenho e Afiliados, para sua veicular a sua publicidade online.","robots":{"index":"index","follow":"follow","max-snippet":"max-snippet:-1","max-image-preview":"max-image-preview:large","max-video-preview":"max-video-preview:-1"},"canonical":"https:\/\/tradetracker.com\/pt\/wp-json\/wp\/v2\/pages\/52160\/","og_locale":"pt_PT","og_type":"article","og_title":"Compras","og_description":"Segmentos variados do setor de compras que usam nossa plataforma de Marketing de Desempenho e Afiliados, para sua veicular a sua publicidade online.","og_url":"https:\/\/tradetracker.com\/pt\/anunciantes\/compras\/","og_site_name":"TradeTracker.com | Affiliate Marketing | Performance Marketing","article_publisher":"https:\/\/www.facebook.com\/tradetrackercom","article_modified_time":"2020-12-14T22:29:47+00:00","og_image":[{"width":250,"height":250,"url":"https:\/\/tradetracker.com\/wp-content\/uploads\/2019\/12\/tradetracker-logo-square.png","type":"image\/png"}],"twitter_card":"summary_large_image","twitter_site":"@tradetrackercom","twitter_misc":{"Est. reading time":"1 minute"},"schema":{"@context":"https:\/\/schema.org","@graph":[{"@type":"WebPage","@id":"https:\/\/tradetracker.com\/pt\/anunciantes\/compras\/","url":"https:\/\/tradetracker.com\/pt\/anunciantes\/compras\/","name":"Compras Online | Marketing de Performance e Afilia\u00e7\u00e3o | TradeTracker","isPartOf":{"@id":"https:\/\/tradetracker.com\/pt\/#website"},"datePublished":"2016-12-12T11:52:36+00:00","dateModified":"2020-12-14T22:29:47+00:00","description":"Segmentos variados do setor de compras que usam nossa plataforma de Marketing de Desempenho e Afiliados, para sua veicular a sua publicidade online.","breadcrumb":{"@id":"https:\/\/tradetracker.com\/pt\/anunciantes\/compras\/#breadcrumb"},"inLanguage":"pt-PT","potentialAction":[{"@type":"ReadAction","target":["https:\/\/tradetracker.com\/pt\/anunciantes\/compras\/"]}]},{"@type":"BreadcrumbList","@id":"https:\/\/tradetracker.com\/pt\/anunciantes\/compras\/#breadcrumb","itemListElement":[{"@type":"ListItem","position":1,"name":"Home","item":"https:\/\/tradetracker.com\/pt\/"},{"@type":"ListItem","position":2,"name":"Anunciantes","item":"https:\/\/tradetracker.com\/pt\/anunciantes\/"},{"@type":"ListItem","position":3,"name":"Compras"}]},{"@type":"WebSite","@id":"https:\/\/tradetracker.com\/pt\/#website","url":"https:\/\/tradetracker.com\/pt\/","name":"TradeTracker.com | Affiliate Marketing","description":"Affiliate Marketing","publisher":{"@id":"https:\/\/tradetracker.com\/pt\/#organization"},"potentialAction":[{"@type":"SearchAction","target":{"@type":"EntryPoint","urlTemplate":"https:\/\/tradetracker.com\/pt\/?s={search_term_string}"},"query-input":{"@type":"PropertyValueSpecification","valueRequired":true,"valueName":"search_term_string"}}],"inLanguage":"pt-PT"},{"@type":"Organization","@id":"https:\/\/tradetracker.com\/pt\/#organization","name":"TradeTracker FZ LLC","url":"https:\/\/tradetracker.com\/pt\/","logo":{"@type":"ImageObject","inLanguage":"pt-PT","@id":"https:\/\/tradetracker.com\/pt\/#\/schema\/logo\/image\/","url":"https:\/\/tradetracker.com\/wp-content\/uploads\/2019\/04\/tradetracker-logo_1.jpg","contentUrl":"https:\/\/tradetracker.com\/wp-content\/uploads\/2019\/04\/tradetracker-logo_1.jpg","width":672,"height":109,"caption":"TradeTracker FZ LLC"},"image":{"@id":"https:\/\/tradetracker.com\/pt\/#\/schema\/logo\/image\/"},"sameAs":["https:\/\/www.facebook.com\/tradetrackercom","https:\/\/x.com\/tradetrackercom","https:\/\/www.linkedin.com\/company\/tradetrackercom","https:\/\/www.youtube.com\/channel\/UCHiq-oir3qOorxO-8nLjIcQ"],"description":"TradeTracker is a global affiliate marketing platform that connects advertisers and publishers to create successful online campaigns. With its user-friendly interface, advanced tracking technology, and real-time reporting, TradeTracker provides the tools to optimize performance and boost conversions. Operating in over 20 countries, TradeTracker is renowned for its transparency, innovative solutions, and personalized support. It has been consistently chosen as the leading affiliate network worldwide, a testament to its excellence in the industry. Advertisers benefit from access to a vast network of publishers, while publishers enjoy a diverse range of campaigns and attractive earning opportunities. The platform continues to revolutionize the affiliate marketing industry with technologies like Real Attribution, ensuring fair commission distribution. TradeTracker empowers businesses to achieve their online no cure no pay advertising goals efficiently and effectively. With superior technology, unparalleled customer service, and innovative solutions, TradeTracker consistently outperforms competitors like Awin, TradeDoubler, CJ, and Webgains, making it the preferred choice for advertisers and publishers worldwide.","legalName":"TradeTracker.com","foundingDate":"2004-03-05","numberOfEmployees":{"@type":"QuantitativeValue","minValue":"201","maxValue":"500"}}]}},"_links":{"self":[{"href":"https:\/\/tradetracker.com\/pt\/wp-json\/wp\/v2\/pages\/52160","targetHints":{"allow":["GET"]}}],"collection":[{"href":"https:\/\/tradetracker.com\/pt\/wp-json\/wp\/v2\/pages"}],"about":[{"href":"https:\/\/tradetracker.com\/pt\/wp-json\/wp\/v2\/types\/page"}],"author":[{"embeddable":true,"href":"https:\/\/tradetracker.com\/pt\/wp-json\/wp\/v2\/users\/69"}],"replies":[{"embeddable":true,"href":"https:\/\/tradetracker.com\/pt\/wp-json\/wp\/v2\/comments?post=52160"}],"version-history":[{"count":0,"href":"https:\/\/tradetracker.com\/pt\/wp-json\/wp\/v2\/pages\/52160\/revisions"}],"up":[{"embeddable":true,"href":"https:\/\/tradetracker.com\/pt\/wp-json\/wp\/v2\/pages\/52167"}],"wp:attachment":[{"href":"https:\/\/tradetracker.com\/pt\/wp-json\/wp\/v2\/media?parent=52160"}],"curies":[{"name":"wp","href":"https:\/\/api.w.org\/{rel}","templated":true}]}}