{"id":13365,"date":"2016-12-25T08:43:32","date_gmt":"2016-12-25T08:43:32","guid":{"rendered":"https:\/\/tradetracker.com\/se\/advertiser-qualifications\/"},"modified":"2025-01-20T10:17:05","modified_gmt":"2025-01-20T10:17:05","slug":"advertiser-qualifications","status":"publish","type":"page","link":"https:\/\/tradetracker.com\/se\/advertiser-qualifications\/","title":{"rendered":"Advertiser Qualifications"},"content":{"rendered":"<div class=\"wpb-content-wrapper\"><p>[vc_row classes=&#8221;static-page-intro adv-requirements&#8221;][vc_column]<div class=\"row\"><div class=\"vc_col-sm-12\"><div class=\" static-page-intro-text \"><h1  style=\"color: #ffffff\" class=\"\">ANNONS\u00d6RKVALIFIKATIONER<\/h1><h2  style=\"color: #ffffff\" class=\"\">Att ut\u00f6ka TradeTracker-portf\u00f6ljen med kampanjer kr\u00e4ver engagemang f\u00f6r att bibeh\u00e5lla v\u00e5r n\u00e4tverksdiversifiering, integritet och effektiva position, och det \u00e4r n\u00e5gra egenskaper vi rekommenderar att v\u00e5ra nya klienter har.<\/h2><\/div>\r\n        <\/div>\r\n    <\/div>[\/vc_column][\/vc_row][vc_row][vc_column]<div class=\"space\"><\/div>[vc_row_inner][vc_column_inner][vc_wp_text title=&#8221;V\u00e4lk\u00e4nt Varum\u00e4rke eller Startup?&#8221;]En sak har alla TradeTracker-kampanjer gemensamt \u2013 de \u00e4r attraktiva f\u00f6r publisher att marknadsf\u00f6ra. P\u00e5 samma s\u00e4tt som med driften av ditt f\u00f6retag, \u00e4r du i en konkurrensutsatt v\u00e4rld och du beh\u00f6ver sticka ut.[\/vc_wp_text]<div class=\"space\"><\/div>[\/vc_column_inner][\/vc_row_inner][vc_row_inner][vc_column_inner width=&#8221;9\/12&#8243;][vc_wp_text title=&#8221;Management&#8221;]TradeTrackers plattform \u00e4r mycket intuitiv f\u00f6r praktiskt taget alla att hantera, men om med mycket i livet kr\u00e4vs det engagemang f\u00f6r att den ska bli framg\u00e5ngsrik. Vi kan erbjuda konsulttj\u00e4nster och till och med ett program med f\u00f6rvaltningstj\u00e4nster allt f\u00f6r att passa dina behov. Som alternativ till att TradeTracker bygger och f\u00f6rvaltar din kampanj, har vi starka relationer med marknadsledande byr\u00e5er och hj\u00e4lper mer \u00e4n g\u00e4rna till att s\u00e4tta er i kontakt med varandra. Ditt beslut att outsourca f\u00f6rvaltningen av kampanjen b\u00f6r baseras p\u00e5 f\u00f6ljande:<\/p>\n<ul class=\"checklist\">\n<li>Vill du (och har du resurserna) att investera i ett specialiserat affiliatemarknadsf\u00f6ringsteam?<\/li>\n<li>Kan du kontinuerligt f\u00f6rb\u00e4ttra din kunds ink\u00f6psprocess?<\/li>\n<li>Kan du skapa r\u00e4tt marknadsf\u00f6ringsmaterial som passar dina affiliates behov?<\/li>\n<li>Kan du implementera teknologiska krav?<\/li>\n<li>Kan din nuvarande byr\u00e5 m\u00f6ta dina internationella behov?<\/li>\n<\/ul>\n<p>[\/vc_wp_text][\/vc_column_inner][\/vc_row_inner][\/vc_column][\/vc_row][vc_row classes=&#8221;sec-diff bg-pattern&#8221;][vc_column width=&#8221;9\/12&#8243;][vc_wp_text title=&#8221;Bygga relationer&#8221;]N\u00e4r du sl\u00e4pper loss potentialen som affiliatemarknadsf\u00f6ring har att erbjuda beh\u00f6ver du affiliates och i en idealisk v\u00e4rld beh\u00f6ver de dig. Men sanningen \u00e4r att de beh\u00f6ver dig n\u00e4r du \u00e4r konkurrenskraftig eftersom det ger dem den h\u00f6gsta avkastningen. Se dina affiliates som en f\u00f6rl\u00e4ngning av din s\u00e4ljstyrka \u2013 vilket inneb\u00e4r att de upplever din f\u00f6retagskultur. Vara inte bara bra f\u00f6r dem, var fantastisk:<\/p>\n<ul class=\"checklist\">\n<li>Var en proaktiv kommunikat\u00f6r, \u00f6ppen och transparent. Dela dina m\u00e5l med dem s\u00e5 att de kan uppfylla dem.<\/li>\n<li>Skapa incitament, pooler och t\u00e4vlingar. S\u00e4tt upp m\u00e5l f\u00f6r bonusar eller skapa flera niv\u00e5er.<\/li>\n<li>Var \u00f6ppen f\u00f6r id\u00e9er, anv\u00e4nd kunskapen som finns hos m\u00e5nga av dina affiliates.<\/li>\n<li>S\u00e4nk din risk. Skapa hybridmodeller genom att l\u00e4gga till CPM eller CPC.<\/li>\n<\/ul>\n<p>[\/vc_wp_text][\/vc_column][\/vc_row][vc_row classes=&#8221;bg-pattern&#8221;][vc_column width=&#8221;9\/12&#8243;]<div class=\"space\"><\/div>[vc_wp_text title=&#8221;Definiera m\u00e5l&#8221;]Att skapa en attraktiv och stabil kampanj bygger p\u00e5 en kombination av viktiga faktorer varav nyckelkomponenten \u00e4r avkastning. T\u00e4nk p\u00e5 att med CPA-kampanjer riskerar publishern allt \u2013 de har ingen kontroll \u00f6ver bes\u00f6karen n\u00e4r de g\u00e5r \u00f6ver till din dom\u00e4n, men de beh\u00f6ver fastst\u00e4lla ROI innan de testar din. Definiera dina m\u00e5l och l\u00e5t det \u00e5terspeglas i din kampanjpolicy:<\/p>\n<ul class=\"checklist\">\n<li>Definiera din provisionsmodell: vill du ha konverteringar, varum\u00e4rkeshantering eller b\u00e5da?<\/li>\n<li>Vill du till\u00e5ta alla typer av marknadsf\u00f6ring eller endast till\u00e5ta vissa webbplatstyper?<\/li>\n<li>Starta konversationen och hantera f\u00f6rv\u00e4ntningar. Vad vill du ha?<\/li>\n<li>Godk\u00e4nn transaktioner snabbt. Publishers investerar i dig, s\u00e5 \u00e5terg\u00e4lda tj\u00e4nsten.<\/li>\n<li>Betala i tid och anv\u00e4nd f\u00f6rskottsbetalning! Viktigt att publishers f\u00e5r betalt i tid!<\/li>\n<\/ul>\n<p>[\/vc_wp_text]<div class=\"space\"><\/div>[\/vc_column][\/vc_row][vc_row classes=&#8221;cta ctamerch&#8221; el_id=&#8221;ctaaam&#8221;][vc_column]<div class=\"row\"><div class=\"vc_col-sm-12\"><h2 class=\"get_started\" style=\"color:#ffffff\">Uppfyller du kraven?<\/h2><p style=\"color:#ffffff\">Vi \u00e4r ett team av resultatdrivna affiliateberoende personer, inriktade p\u00e5 prestation och som alltid s\u00f6ker efter s\u00e4tt att g\u00f6ra reklamv\u00e4rlden till en \u00e4nnu b\u00e4ttre plats. Ta kontakt och f\u00e5 reda p\u00e5 hur vi kan accelerera din aff\u00e4rsverksamhet online.<\/p>        <ul class=\"cta-items\">\r\n                        <li>\r\n                <a                    class=\"cta-advertiser-signup\"                                      href=\"https:\/\/tradetracker.com\/se\/contact-us\/\"                                   >\r\n                    Bet\u00e4ll demo                <\/a>\r\n            <\/li>\r\n                        \r\n                        <li>\r\n                <a                    class=\"cta-advertiser-signup\"                                      href=\"https:\/\/merchant.tradetracker.com\/portal\/advertiserBrochure?loc=sv_SE\"                                   >\r\n                    Best\u00e4ll annons\u00f6r-broschyr                <\/a>\r\n            <\/li>\r\n                    <\/ul>\r\n        <\/div><\/div>[\/vc_column][\/vc_row]<\/p>\n<\/div>","protected":false},"excerpt":{"rendered":"<p>[vc_row classes=&#8221;static-page-intro adv-requirements&#8221;][vc_column][\/vc_column][\/vc_row][vc_row][vc_column][vc_row_inner][vc_column_inner][vc_wp_text title=&#8221;V\u00e4lk\u00e4nt Varum\u00e4rke eller Startup?&#8221;]En sak har alla TradeTracker-kampanjer gemensamt \u2013 de \u00e4r attraktiva f\u00f6r publisher att marknadsf\u00f6ra. P\u00e5 samma s\u00e4tt som med driften av ditt f\u00f6retag, \u00e4r du i en konkurrensutsatt v\u00e4rld och du beh\u00f6ver sticka ut.[\/vc_wp_text][\/vc_column_inner][\/vc_row_inner][vc_row_inner][vc_column_inner width=&#8221;9\/12&#8243;][vc_wp_text title=&#8221;Management&#8221;]TradeTrackers plattform \u00e4r mycket intuitiv f\u00f6r praktiskt taget alla att hantera, men om med  [&#8230;]<\/p>\n","protected":false},"author":69,"featured_media":0,"parent":0,"menu_order":0,"comment_status":"closed","ping_status":"closed","template":"template-red.php","meta":{"inline_featured_image":false,"_monsterinsights_skip_tracking":false,"_monsterinsights_sitenote_active":false,"_monsterinsights_sitenote_note":"","_monsterinsights_sitenote_category":0,"footnotes":""},"class_list":["post-13365","page","type-page","status-publish","hentry"],"yoast_head":"<!-- This site is optimized with the Yoast SEO Premium plugin v27.0 (Yoast SEO v27.0) - https:\/\/yoast.com\/product\/yoast-seo-premium-wordpress\/ -->\n<title>Advertiser Qualifications - TradeTracker.com | Affiliate Marketing | Performance Marketing<\/title>\n<meta name=\"description\" content=\"[vc_row classes=&quot;static-page-intro adv-requirements&quot;][vc_column]ANNONS\u00d6RKVALIFIKATIONERAtt ut\u00f6ka TradeTracker-portf\u00f6ljen med kampanjer kr\u00e4ver engagemang f\u00f6r att bibeh\u00e5lla v\u00e5r n\u00e4tverksdiversifiering, integritet\" \/>\n<meta name=\"robots\" content=\"index, follow, max-snippet:-1, max-image-preview:large, max-video-preview:-1\" \/>\n<link rel=\"canonical\" href=\"https:\/\/tradetracker.com\/se\/wp-json\/wp\/v2\/pages\/13365\/\" \/>\n<meta property=\"og:locale\" content=\"en_US\" \/>\n<meta property=\"og:type\" content=\"article\" \/>\n<meta property=\"og:title\" content=\"Advertiser Qualifications TradeTracker.com\" \/>\n<meta property=\"og:description\" content=\"[vc_row classes=&#8221;static-page-intro\" \/>\n<meta property=\"og:url\" content=\"https:\/\/tradetracker.com\/se\/advertiser-qualifications\/\" \/>\n<meta property=\"og:site_name\" content=\"TradeTracker.com | Affiliate Marketing | Performance Marketing\" \/>\n<meta property=\"article:publisher\" content=\"https:\/\/www.facebook.com\/tradetrackercom\" \/>\n<meta property=\"article:modified_time\" content=\"2025-01-20T10:17:05+00:00\" \/>\n<meta property=\"og:image\" content=\"https:\/\/tradetracker.com\/wp-content\/uploads\/2019\/12\/tradetracker-logo-square.png\" \/>\n\t<meta property=\"og:image:width\" content=\"250\" \/>\n\t<meta property=\"og:image:height\" content=\"250\" \/>\n\t<meta property=\"og:image:type\" content=\"image\/png\" \/>\n<meta name=\"twitter:card\" content=\"summary_large_image\" \/>\n<meta name=\"twitter:title\" content=\"Advertiser Qualifications\" \/>\n<meta name=\"twitter:description\" content=\"[vc_row classes=&quot;static-page-intro adv-requirements&quot;][vc_column]ANNONS\u00d6RKVALIFIKATIONERAtt ut\u00f6ka TradeTracker-portf\u00f6ljen \" \/>\n<meta name=\"twitter:image\" content=\"https:\/\/tradetracker.com\/assets\/tt-circles.png\" \/>\n<meta name=\"twitter:site\" content=\"@tradetrackercom\" \/>\n<meta name=\"twitter:label1\" content=\"Est. reading time\" \/>\n\t<meta name=\"twitter:data1\" content=\"3 minutes\" \/>\n<script type=\"application\/ld+json\" class=\"yoast-schema-graph\">{\"@context\":\"https:\/\/schema.org\",\"@graph\":[{\"@type\":\"WebPage\",\"@id\":\"https:\/\/tradetracker.com\/se\/advertiser-qualifications\/\",\"url\":\"https:\/\/tradetracker.com\/se\/advertiser-qualifications\/\",\"name\":\"Advertiser Qualifications - TradeTracker.com | Affiliate Marketing | Performance Marketing\",\"isPartOf\":{\"@id\":\"https:\/\/tradetracker.com\/se\/#website\"},\"datePublished\":\"2016-12-25T08:43:32+00:00\",\"dateModified\":\"2025-01-20T10:17:05+00:00\",\"breadcrumb\":{\"@id\":\"https:\/\/tradetracker.com\/se\/advertiser-qualifications\/#breadcrumb\"},\"inLanguage\":\"sv-SE\",\"potentialAction\":[{\"@type\":\"ReadAction\",\"target\":[\"https:\/\/tradetracker.com\/se\/advertiser-qualifications\/\"]}]},{\"@type\":\"BreadcrumbList\",\"@id\":\"https:\/\/tradetracker.com\/se\/advertiser-qualifications\/#breadcrumb\",\"itemListElement\":[{\"@type\":\"ListItem\",\"position\":1,\"name\":\"Home\",\"item\":\"https:\/\/tradetracker.com\/se\/\"},{\"@type\":\"ListItem\",\"position\":2,\"name\":\"Advertiser Qualifications\"}]},{\"@type\":\"WebSite\",\"@id\":\"https:\/\/tradetracker.com\/se\/#website\",\"url\":\"https:\/\/tradetracker.com\/se\/\",\"name\":\"TradeTracker.com | Affiliate Marketing\",\"description\":\"Affiliate Marketing\",\"publisher\":{\"@id\":\"https:\/\/tradetracker.com\/se\/#organization\"},\"potentialAction\":[{\"@type\":\"SearchAction\",\"target\":{\"@type\":\"EntryPoint\",\"urlTemplate\":\"https:\/\/tradetracker.com\/se\/?s={search_term_string}\"},\"query-input\":{\"@type\":\"PropertyValueSpecification\",\"valueRequired\":true,\"valueName\":\"search_term_string\"}}],\"inLanguage\":\"sv-SE\"},{\"@type\":\"Organization\",\"@id\":\"https:\/\/tradetracker.com\/se\/#organization\",\"name\":\"TradeTracker FZ LLC\",\"url\":\"https:\/\/tradetracker.com\/se\/\",\"logo\":{\"@type\":\"ImageObject\",\"inLanguage\":\"sv-SE\",\"@id\":\"https:\/\/tradetracker.com\/se\/#\/schema\/logo\/image\/\",\"url\":\"https:\/\/tradetracker.com\/wp-content\/uploads\/2019\/04\/tradetracker-logo_1.jpg\",\"contentUrl\":\"https:\/\/tradetracker.com\/wp-content\/uploads\/2019\/04\/tradetracker-logo_1.jpg\",\"width\":672,\"height\":109,\"caption\":\"TradeTracker FZ LLC\"},\"image\":{\"@id\":\"https:\/\/tradetracker.com\/se\/#\/schema\/logo\/image\/\"},\"sameAs\":[\"https:\/\/www.facebook.com\/tradetrackercom\",\"https:\/\/x.com\/tradetrackercom\",\"https:\/\/www.linkedin.com\/company\/tradetrackercom\",\"https:\/\/www.youtube.com\/channel\/UCHiq-oir3qOorxO-8nLjIcQ\"],\"description\":\"TradeTracker is a global affiliate marketing platform that connects advertisers and publishers to create successful online campaigns. With its user-friendly interface, advanced tracking technology, and real-time reporting, TradeTracker provides the tools to optimize performance and boost conversions. Operating in over 20 countries, TradeTracker is renowned for its transparency, innovative solutions, and personalized support. It has been consistently chosen as the leading affiliate network worldwide, a testament to its excellence in the industry. Advertisers benefit from access to a vast network of publishers, while publishers enjoy a diverse range of campaigns and attractive earning opportunities. The platform continues to revolutionize the affiliate marketing industry with technologies like Real Attribution, ensuring fair commission distribution. TradeTracker empowers businesses to achieve their online no cure no pay advertising goals efficiently and effectively. With superior technology, unparalleled customer service, and innovative solutions, TradeTracker consistently outperforms competitors like Awin, TradeDoubler, CJ, and Webgains, making it the preferred choice for advertisers and publishers worldwide.\",\"legalName\":\"TradeTracker.com\",\"foundingDate\":\"2004-03-05\",\"numberOfEmployees\":{\"@type\":\"QuantitativeValue\",\"minValue\":\"201\",\"maxValue\":\"500\"}}]}<\/script>\n<!-- \/ Yoast SEO Premium plugin. -->","yoast_head_json":{"title":"Advertiser Qualifications - TradeTracker.com | Affiliate Marketing | Performance Marketing","description":"[vc_row classes=\"static-page-intro adv-requirements\"][vc_column]ANNONS\u00d6RKVALIFIKATIONERAtt ut\u00f6ka TradeTracker-portf\u00f6ljen med kampanjer kr\u00e4ver engagemang f\u00f6r att bibeh\u00e5lla v\u00e5r n\u00e4tverksdiversifiering, integritet","robots":{"index":"index","follow":"follow","max-snippet":"max-snippet:-1","max-image-preview":"max-image-preview:large","max-video-preview":"max-video-preview:-1"},"canonical":"https:\/\/tradetracker.com\/se\/wp-json\/wp\/v2\/pages\/13365\/","og_locale":"en_US","og_type":"article","og_title":"Advertiser Qualifications TradeTracker.com","og_description":"[vc_row classes=&#8221;static-page-intro","og_url":"https:\/\/tradetracker.com\/se\/advertiser-qualifications\/","og_site_name":"TradeTracker.com | Affiliate Marketing | Performance Marketing","article_publisher":"https:\/\/www.facebook.com\/tradetrackercom","article_modified_time":"2025-01-20T10:17:05+00:00","og_image":[{"width":250,"height":250,"url":"https:\/\/tradetracker.com\/wp-content\/uploads\/2019\/12\/tradetracker-logo-square.png","type":"image\/png"}],"twitter_card":"summary_large_image","twitter_title":"Advertiser Qualifications","twitter_description":"[vc_row classes=\"static-page-intro adv-requirements\"][vc_column]ANNONS\u00d6RKVALIFIKATIONERAtt ut\u00f6ka TradeTracker-portf\u00f6ljen ","twitter_image":"https:\/\/tradetracker.com\/assets\/tt-circles.png","twitter_site":"@tradetrackercom","twitter_misc":{"Est. reading time":"3 minutes"},"schema":{"@context":"https:\/\/schema.org","@graph":[{"@type":"WebPage","@id":"https:\/\/tradetracker.com\/se\/advertiser-qualifications\/","url":"https:\/\/tradetracker.com\/se\/advertiser-qualifications\/","name":"Advertiser Qualifications - TradeTracker.com | Affiliate Marketing | Performance Marketing","isPartOf":{"@id":"https:\/\/tradetracker.com\/se\/#website"},"datePublished":"2016-12-25T08:43:32+00:00","dateModified":"2025-01-20T10:17:05+00:00","breadcrumb":{"@id":"https:\/\/tradetracker.com\/se\/advertiser-qualifications\/#breadcrumb"},"inLanguage":"sv-SE","potentialAction":[{"@type":"ReadAction","target":["https:\/\/tradetracker.com\/se\/advertiser-qualifications\/"]}]},{"@type":"BreadcrumbList","@id":"https:\/\/tradetracker.com\/se\/advertiser-qualifications\/#breadcrumb","itemListElement":[{"@type":"ListItem","position":1,"name":"Home","item":"https:\/\/tradetracker.com\/se\/"},{"@type":"ListItem","position":2,"name":"Advertiser Qualifications"}]},{"@type":"WebSite","@id":"https:\/\/tradetracker.com\/se\/#website","url":"https:\/\/tradetracker.com\/se\/","name":"TradeTracker.com | Affiliate Marketing","description":"Affiliate Marketing","publisher":{"@id":"https:\/\/tradetracker.com\/se\/#organization"},"potentialAction":[{"@type":"SearchAction","target":{"@type":"EntryPoint","urlTemplate":"https:\/\/tradetracker.com\/se\/?s={search_term_string}"},"query-input":{"@type":"PropertyValueSpecification","valueRequired":true,"valueName":"search_term_string"}}],"inLanguage":"sv-SE"},{"@type":"Organization","@id":"https:\/\/tradetracker.com\/se\/#organization","name":"TradeTracker FZ LLC","url":"https:\/\/tradetracker.com\/se\/","logo":{"@type":"ImageObject","inLanguage":"sv-SE","@id":"https:\/\/tradetracker.com\/se\/#\/schema\/logo\/image\/","url":"https:\/\/tradetracker.com\/wp-content\/uploads\/2019\/04\/tradetracker-logo_1.jpg","contentUrl":"https:\/\/tradetracker.com\/wp-content\/uploads\/2019\/04\/tradetracker-logo_1.jpg","width":672,"height":109,"caption":"TradeTracker FZ LLC"},"image":{"@id":"https:\/\/tradetracker.com\/se\/#\/schema\/logo\/image\/"},"sameAs":["https:\/\/www.facebook.com\/tradetrackercom","https:\/\/x.com\/tradetrackercom","https:\/\/www.linkedin.com\/company\/tradetrackercom","https:\/\/www.youtube.com\/channel\/UCHiq-oir3qOorxO-8nLjIcQ"],"description":"TradeTracker is a global affiliate marketing platform that connects advertisers and publishers to create successful online campaigns. With its user-friendly interface, advanced tracking technology, and real-time reporting, TradeTracker provides the tools to optimize performance and boost conversions. Operating in over 20 countries, TradeTracker is renowned for its transparency, innovative solutions, and personalized support. It has been consistently chosen as the leading affiliate network worldwide, a testament to its excellence in the industry. Advertisers benefit from access to a vast network of publishers, while publishers enjoy a diverse range of campaigns and attractive earning opportunities. The platform continues to revolutionize the affiliate marketing industry with technologies like Real Attribution, ensuring fair commission distribution. TradeTracker empowers businesses to achieve their online no cure no pay advertising goals efficiently and effectively. With superior technology, unparalleled customer service, and innovative solutions, TradeTracker consistently outperforms competitors like Awin, TradeDoubler, CJ, and Webgains, making it the preferred choice for advertisers and publishers worldwide.","legalName":"TradeTracker.com","foundingDate":"2004-03-05","numberOfEmployees":{"@type":"QuantitativeValue","minValue":"201","maxValue":"500"}}]}},"_links":{"self":[{"href":"https:\/\/tradetracker.com\/se\/wp-json\/wp\/v2\/pages\/13365","targetHints":{"allow":["GET"]}}],"collection":[{"href":"https:\/\/tradetracker.com\/se\/wp-json\/wp\/v2\/pages"}],"about":[{"href":"https:\/\/tradetracker.com\/se\/wp-json\/wp\/v2\/types\/page"}],"author":[{"embeddable":true,"href":"https:\/\/tradetracker.com\/se\/wp-json\/wp\/v2\/users\/69"}],"replies":[{"embeddable":true,"href":"https:\/\/tradetracker.com\/se\/wp-json\/wp\/v2\/comments?post=13365"}],"version-history":[{"count":1,"href":"https:\/\/tradetracker.com\/se\/wp-json\/wp\/v2\/pages\/13365\/revisions"}],"predecessor-version":[{"id":1134822,"href":"https:\/\/tradetracker.com\/se\/wp-json\/wp\/v2\/pages\/13365\/revisions\/1134822"}],"wp:attachment":[{"href":"https:\/\/tradetracker.com\/se\/wp-json\/wp\/v2\/media?parent=13365"}],"curies":[{"name":"wp","href":"https:\/\/api.w.org\/{rel}","templated":true}]}}