{"id":13440,"date":"2017-02-15T06:53:27","date_gmt":"2017-02-15T06:53:27","guid":{"rendered":"https:\/\/tradetracker.com\/se\/conversion-path-tracking\/"},"modified":"2022-02-17T09:51:27","modified_gmt":"2022-02-17T09:51:27","slug":"conversion-path-tracking","status":"publish","type":"page","link":"https:\/\/tradetracker.com\/se\/conversion-path-tracking\/","title":{"rendered":"Conversion Path Tracking"},"content":{"rendered":"<div class=\"wpb-content-wrapper\"><p>[vc_row classes=&#8221;admonitor-page-detail cpt-page-detail&#8221;][vc_column]<div class=\"row\"><div class=\"vc_col-sm-12\"><div class=\"industry-page-intro-text\"><h1  class=\"\">CONVERSION PATH TRACKING<\/h1><\/div>\r\n        <\/div>\r\n    <\/div>[\/vc_column][\/vc_row][vc_row classes=&#8221; bg-pattern&#8221;][vc_column][vc_row_inner][vc_column_inner width=&#8221;2\/12&#8243;][\/vc_column_inner][vc_column_inner el_class=&#8221;acenter&#8221; width=&#8221;8\/12&#8243;]<div class=\"space\"><\/div><header><h2 class=\" tt_composer\" >Hur Conversion Path Tracking fungerar <\/h2><\/header>[vc_wp_text]<\/p>\n<p>P\u00e5 en marknad d\u00e4r sista-klick oftast anv\u00e4nds s\u00e5 l\u00e4ggs mycket anstr\u00e4ngning av publishers att ta just den positionen i kedjan f\u00f6r att f\u00e5 sista klicket. Men, mer \u00e4n 95% av alla transaktioner involverar mer \u00e4n en publisher som marknadsf\u00f6r er kampanj. Traditionellt har den publishers som levererat det sista klicket f\u00e5tt provisionen som rapporteras i er transaktions\u00f6verblick.<\/p>\n<p>Conversion Path Tracking \u00e4ndrar detta fundament och ger annons\u00f6rer och publishers full insikt i en kunds resa genom transaktionen. Detta transperanta s\u00e4tt ger anv\u00e4ndare en st\u00f6rre insikt, b\u00e5de f\u00f6r annons\u00f6rer och publishers, in i hur man b\u00e4st optimerar sina strategier f\u00f6r att \u00f6ka v\u00e4rdet. Medan annons\u00f6rer kan f\u00e5 mycket mer information g\u00e4llande hur olika publishers \u00e4r inblandande i kundens resa s\u00e5 kan \u00e4ven publishers optimera f\u00f6r b\u00e4sta resultat.<\/p>\n<p>[\/vc_wp_text][\/vc_column_inner][vc_column_inner width=&#8221;2\/12&#8243;][\/vc_column_inner][\/vc_row_inner][vc_row_inner][vc_column_inner][vc_single_image image=&#8221;171454&#8243; img_size=&#8221;1024&#215;582&#8243; alignment=&#8221;center&#8221;]<div class=\"space\"><\/div>[\/vc_column_inner][\/vc_row_inner][\/vc_column][\/vc_row][vc_row css=&#8221;.vc_custom_1488976434515{background-color: #f3f6fa !important;}&#8221;][vc_column]<div class=\"space\"><\/div><header><h2 class=\" tt_composer\" >Anv\u00e4nd Conversion Path Tracking till din f\u00f6rdel <\/h2><\/header><div class=\"space\"><\/div>[vc_row_inner][vc_column_inner width=&#8221;2\/12&#8243;][\/vc_column_inner][vc_column_inner el_class=&#8221;acenter&#8221; width=&#8221;3\/12&#8243;]<header><h2 class=\" tt_composer\" >Annons\u00f6rer<\/h2><\/header>[vc_wp_text]<\/p>\n<p>Conversion Path Tracking hj\u00e4lper annons\u00f6rer att identifiera publishers som ofta gl\u00f6ms bort under kundens resa. Genom att optimera compensation f\u00f6r just dessa publishers kommer mer trafik att genereras som skapar transaktioner.<\/p>\n<p>[\/vc_wp_text][\/vc_column_inner][vc_column_inner width=&#8221;2\/12&#8243;]<div class=\"customer-devider hide-mobile\"><\/div>\r\n                    <style>\r\n                    .customer-devider {\r\n                    background:#e9e9e9; \r\n                    min-height: 250px;\r\n                    }\r\n                    <\/style>[\/vc_column_inner][vc_column_inner el_class=&#8221;acenter&#8221; width=&#8221;3\/12&#8243;]<header><h2 class=\" tt_composer\" >Publishers <\/h2><\/header>[vc_wp_text]Skaffa dig revolutionerande insikter om hur andra publishers presterar i kedjan och j\u00e4mf\u00f6r med dina egna insatser. Uppt\u00e4ck hur du presterar b\u00e4ttre \u00e4n dina konkurrenter och optimera hur du b\u00e4st levererar och optimerar dina kampanjer.[\/vc_wp_text][\/vc_column_inner][vc_column_inner width=&#8221;2\/12&#8243;][\/vc_column_inner][\/vc_row_inner]<div class=\"space\"><\/div>[\/vc_column][\/vc_row][vc_row classes=&#8221;cta neutral bg-pattern&#8221; css=&#8221;.vc_custom_1488976583993{background-image: url(https:\/\/tradetracker.com\/wp-content\/uploads\/2017\/02\/CPT-cta.jpg?id=30460) !important;}&#8221;][vc_column]<div class=\"row\"><div class=\"vc_col-sm-12\"><h2 class=\"get_started\" >\u00c4r du redo att ansluta dig till revolutionen?<\/h2>        <ul class=\"cta-items\">\r\n                        <li>\r\n                <a                    class=\"cta-advertiser-signup\"                                      href=\"mailto:info.se@tradetracker.com?subject=\"                                   >\r\n                    Kontakta Oss!                <\/a>\r\n            <\/li>\r\n                        \r\n                        <li>\r\n                <a                    class=\"cta-advertiser-signup\"                                      href=\"https:\/\/tradetracker.com\/wp-content\/uploads\/2016\/09\/CPT_brochure_SE.pdf\"                   target=\"_blank\"                >\r\n                    H\u00e4mta broschyr                <\/a>\r\n            <\/li>\r\n                    <\/ul>\r\n        <\/div><\/div>[\/vc_column][\/vc_row]<\/p>\n<\/div>","protected":false},"excerpt":{"rendered":"<p>[vc_row classes=&#8221;admonitor-page-detail cpt-page-detail&#8221;][vc_column][\/vc_column][\/vc_row][vc_row classes=&#8221; bg-pattern&#8221;][vc_column][vc_row_inner][vc_column_inner width=&#8221;2\/12&#8243;][\/vc_column_inner][vc_column_inner el_class=&#8221;acenter&#8221; width=&#8221;8\/12&#8243;][vc_wp_text] P\u00e5 en marknad d\u00e4r sista-klick oftast anv\u00e4nds s\u00e5 l\u00e4ggs mycket anstr\u00e4ngning av publishers att ta just den positionen i kedjan f\u00f6r att f\u00e5 sista klicket. Men, mer \u00e4n 95% av alla transaktioner involverar mer \u00e4n en publisher som marknadsf\u00f6r er kampanj. Traditionellt har den publishers som levererat  [&#8230;]<\/p>\n","protected":false},"author":69,"featured_media":0,"parent":0,"menu_order":0,"comment_status":"closed","ping_status":"closed","template":"","meta":{"inline_featured_image":false,"_monsterinsights_skip_tracking":false,"_monsterinsights_sitenote_active":false,"_monsterinsights_sitenote_note":"","_monsterinsights_sitenote_category":0,"footnotes":""},"class_list":["post-13440","page","type-page","status-publish","hentry"],"yoast_head":"<!-- This site is optimized with the Yoast SEO Premium plugin v27.0 (Yoast SEO v27.0) - https:\/\/yoast.com\/product\/yoast-seo-premium-wordpress\/ -->\n<title>Conversion Path Tracking - TradeTracker.com | Affiliate Marketing | Performance Marketing<\/title>\n<meta name=\"description\" content=\"CONVERSION PATH TRACKING Hur Conversion Path Tracking fungerar P\u00e5 en marknad d\u00e4r sista-klick oftast anv\u00e4nds s\u00e5 l\u00e4ggs mycket anstr\u00e4ngning av publishers att ta just den positionen i kedjan f\u00f6r att f\u00e5 sista klicket.\" \/>\n<meta name=\"robots\" content=\"index, follow, max-snippet:-1, max-image-preview:large, max-video-preview:-1\" \/>\n<link rel=\"canonical\" href=\"https:\/\/tradetracker.com\/se\/wp-json\/wp\/v2\/pages\/13440\/\" \/>\n<meta property=\"og:locale\" content=\"en_US\" \/>\n<meta property=\"og:type\" content=\"article\" \/>\n<meta property=\"og:title\" content=\"Conversion Path Tracking TradeTracker.com\" \/>\n<meta property=\"og:description\" content=\"CONVERSION PATH TRACKING Hur Conversion Path Tracking fungerar\" \/>\n<meta property=\"og:url\" content=\"https:\/\/tradetracker.com\/se\/conversion-path-tracking\/\" \/>\n<meta property=\"og:site_name\" content=\"TradeTracker.com | Affiliate Marketing | Performance Marketing\" \/>\n<meta property=\"article:publisher\" content=\"https:\/\/www.facebook.com\/tradetrackercom\" \/>\n<meta property=\"article:modified_time\" content=\"2022-02-17T09:51:27+00:00\" \/>\n<meta property=\"og:image\" content=\"https:\/\/tradetracker.com\/wp-content\/uploads\/2019\/12\/tradetracker-logo-square.png\" \/>\n\t<meta property=\"og:image:width\" content=\"250\" \/>\n\t<meta property=\"og:image:height\" content=\"250\" \/>\n\t<meta property=\"og:image:type\" content=\"image\/png\" \/>\n<meta name=\"twitter:card\" content=\"summary_large_image\" \/>\n<meta name=\"twitter:title\" content=\"Conversion Path Tracking\" \/>\n<meta name=\"twitter:description\" content=\"CONVERSION PATH TRACKING Hur Conversion Path Tracking fungerar P\u00e5 en marknad d\u00e4r sista-klick oftast anv\u00e4nds s\u00e5 l\u00e4ggs \" \/>\n<meta name=\"twitter:image\" content=\"https:\/\/tradetracker.com\/assets\/tt-circles.png\" \/>\n<meta name=\"twitter:site\" content=\"@tradetrackercom\" \/>\n<meta name=\"twitter:label1\" content=\"Est. reading time\" \/>\n\t<meta name=\"twitter:data1\" content=\"3 minutes\" \/>\n<script type=\"application\/ld+json\" class=\"yoast-schema-graph\">{\"@context\":\"https:\/\/schema.org\",\"@graph\":[{\"@type\":\"WebPage\",\"@id\":\"https:\/\/tradetracker.com\/se\/conversion-path-tracking\/\",\"url\":\"https:\/\/tradetracker.com\/se\/conversion-path-tracking\/\",\"name\":\"Conversion Path Tracking - TradeTracker.com | Affiliate Marketing | Performance Marketing\",\"isPartOf\":{\"@id\":\"https:\/\/tradetracker.com\/se\/#website\"},\"datePublished\":\"2017-02-15T06:53:27+00:00\",\"dateModified\":\"2022-02-17T09:51:27+00:00\",\"breadcrumb\":{\"@id\":\"https:\/\/tradetracker.com\/se\/conversion-path-tracking\/#breadcrumb\"},\"inLanguage\":\"sv-SE\",\"potentialAction\":[{\"@type\":\"ReadAction\",\"target\":[\"https:\/\/tradetracker.com\/se\/conversion-path-tracking\/\"]}]},{\"@type\":\"BreadcrumbList\",\"@id\":\"https:\/\/tradetracker.com\/se\/conversion-path-tracking\/#breadcrumb\",\"itemListElement\":[{\"@type\":\"ListItem\",\"position\":1,\"name\":\"Home\",\"item\":\"https:\/\/tradetracker.com\/se\/\"},{\"@type\":\"ListItem\",\"position\":2,\"name\":\"Conversion Path Tracking\"}]},{\"@type\":\"WebSite\",\"@id\":\"https:\/\/tradetracker.com\/se\/#website\",\"url\":\"https:\/\/tradetracker.com\/se\/\",\"name\":\"TradeTracker.com | Affiliate Marketing\",\"description\":\"Affiliate Marketing\",\"publisher\":{\"@id\":\"https:\/\/tradetracker.com\/se\/#organization\"},\"potentialAction\":[{\"@type\":\"SearchAction\",\"target\":{\"@type\":\"EntryPoint\",\"urlTemplate\":\"https:\/\/tradetracker.com\/se\/?s={search_term_string}\"},\"query-input\":{\"@type\":\"PropertyValueSpecification\",\"valueRequired\":true,\"valueName\":\"search_term_string\"}}],\"inLanguage\":\"sv-SE\"},{\"@type\":\"Organization\",\"@id\":\"https:\/\/tradetracker.com\/se\/#organization\",\"name\":\"TradeTracker FZ LLC\",\"url\":\"https:\/\/tradetracker.com\/se\/\",\"logo\":{\"@type\":\"ImageObject\",\"inLanguage\":\"sv-SE\",\"@id\":\"https:\/\/tradetracker.com\/se\/#\/schema\/logo\/image\/\",\"url\":\"https:\/\/tradetracker.com\/wp-content\/uploads\/2019\/04\/tradetracker-logo_1.jpg\",\"contentUrl\":\"https:\/\/tradetracker.com\/wp-content\/uploads\/2019\/04\/tradetracker-logo_1.jpg\",\"width\":672,\"height\":109,\"caption\":\"TradeTracker FZ LLC\"},\"image\":{\"@id\":\"https:\/\/tradetracker.com\/se\/#\/schema\/logo\/image\/\"},\"sameAs\":[\"https:\/\/www.facebook.com\/tradetrackercom\",\"https:\/\/x.com\/tradetrackercom\",\"https:\/\/www.linkedin.com\/company\/tradetrackercom\",\"https:\/\/www.youtube.com\/channel\/UCHiq-oir3qOorxO-8nLjIcQ\"],\"description\":\"TradeTracker is a global affiliate marketing platform that connects advertisers and publishers to create successful online campaigns. With its user-friendly interface, advanced tracking technology, and real-time reporting, TradeTracker provides the tools to optimize performance and boost conversions. Operating in over 20 countries, TradeTracker is renowned for its transparency, innovative solutions, and personalized support. It has been consistently chosen as the leading affiliate network worldwide, a testament to its excellence in the industry. Advertisers benefit from access to a vast network of publishers, while publishers enjoy a diverse range of campaigns and attractive earning opportunities. The platform continues to revolutionize the affiliate marketing industry with technologies like Real Attribution, ensuring fair commission distribution. TradeTracker empowers businesses to achieve their online no cure no pay advertising goals efficiently and effectively. With superior technology, unparalleled customer service, and innovative solutions, TradeTracker consistently outperforms competitors like Awin, TradeDoubler, CJ, and Webgains, making it the preferred choice for advertisers and publishers worldwide.\",\"legalName\":\"TradeTracker.com\",\"foundingDate\":\"2004-03-05\",\"numberOfEmployees\":{\"@type\":\"QuantitativeValue\",\"minValue\":\"201\",\"maxValue\":\"500\"}}]}<\/script>\n<!-- \/ Yoast SEO Premium plugin. -->","yoast_head_json":{"title":"Conversion Path Tracking - TradeTracker.com | Affiliate Marketing | Performance Marketing","description":"CONVERSION PATH TRACKING Hur Conversion Path Tracking fungerar P\u00e5 en marknad d\u00e4r sista-klick oftast anv\u00e4nds s\u00e5 l\u00e4ggs mycket anstr\u00e4ngning av publishers att ta just den positionen i kedjan f\u00f6r att f\u00e5 sista klicket.","robots":{"index":"index","follow":"follow","max-snippet":"max-snippet:-1","max-image-preview":"max-image-preview:large","max-video-preview":"max-video-preview:-1"},"canonical":"https:\/\/tradetracker.com\/se\/wp-json\/wp\/v2\/pages\/13440\/","og_locale":"en_US","og_type":"article","og_title":"Conversion Path Tracking TradeTracker.com","og_description":"CONVERSION PATH TRACKING Hur Conversion Path Tracking fungerar","og_url":"https:\/\/tradetracker.com\/se\/conversion-path-tracking\/","og_site_name":"TradeTracker.com | Affiliate Marketing | Performance Marketing","article_publisher":"https:\/\/www.facebook.com\/tradetrackercom","article_modified_time":"2022-02-17T09:51:27+00:00","og_image":[{"width":250,"height":250,"url":"https:\/\/tradetracker.com\/wp-content\/uploads\/2019\/12\/tradetracker-logo-square.png","type":"image\/png"}],"twitter_card":"summary_large_image","twitter_title":"Conversion Path Tracking","twitter_description":"CONVERSION PATH TRACKING Hur Conversion Path Tracking fungerar P\u00e5 en marknad d\u00e4r sista-klick oftast anv\u00e4nds s\u00e5 l\u00e4ggs ","twitter_image":"https:\/\/tradetracker.com\/assets\/tt-circles.png","twitter_site":"@tradetrackercom","twitter_misc":{"Est. reading time":"3 minutes"},"schema":{"@context":"https:\/\/schema.org","@graph":[{"@type":"WebPage","@id":"https:\/\/tradetracker.com\/se\/conversion-path-tracking\/","url":"https:\/\/tradetracker.com\/se\/conversion-path-tracking\/","name":"Conversion Path Tracking - TradeTracker.com | Affiliate Marketing | Performance Marketing","isPartOf":{"@id":"https:\/\/tradetracker.com\/se\/#website"},"datePublished":"2017-02-15T06:53:27+00:00","dateModified":"2022-02-17T09:51:27+00:00","breadcrumb":{"@id":"https:\/\/tradetracker.com\/se\/conversion-path-tracking\/#breadcrumb"},"inLanguage":"sv-SE","potentialAction":[{"@type":"ReadAction","target":["https:\/\/tradetracker.com\/se\/conversion-path-tracking\/"]}]},{"@type":"BreadcrumbList","@id":"https:\/\/tradetracker.com\/se\/conversion-path-tracking\/#breadcrumb","itemListElement":[{"@type":"ListItem","position":1,"name":"Home","item":"https:\/\/tradetracker.com\/se\/"},{"@type":"ListItem","position":2,"name":"Conversion Path Tracking"}]},{"@type":"WebSite","@id":"https:\/\/tradetracker.com\/se\/#website","url":"https:\/\/tradetracker.com\/se\/","name":"TradeTracker.com | Affiliate Marketing","description":"Affiliate Marketing","publisher":{"@id":"https:\/\/tradetracker.com\/se\/#organization"},"potentialAction":[{"@type":"SearchAction","target":{"@type":"EntryPoint","urlTemplate":"https:\/\/tradetracker.com\/se\/?s={search_term_string}"},"query-input":{"@type":"PropertyValueSpecification","valueRequired":true,"valueName":"search_term_string"}}],"inLanguage":"sv-SE"},{"@type":"Organization","@id":"https:\/\/tradetracker.com\/se\/#organization","name":"TradeTracker FZ LLC","url":"https:\/\/tradetracker.com\/se\/","logo":{"@type":"ImageObject","inLanguage":"sv-SE","@id":"https:\/\/tradetracker.com\/se\/#\/schema\/logo\/image\/","url":"https:\/\/tradetracker.com\/wp-content\/uploads\/2019\/04\/tradetracker-logo_1.jpg","contentUrl":"https:\/\/tradetracker.com\/wp-content\/uploads\/2019\/04\/tradetracker-logo_1.jpg","width":672,"height":109,"caption":"TradeTracker FZ LLC"},"image":{"@id":"https:\/\/tradetracker.com\/se\/#\/schema\/logo\/image\/"},"sameAs":["https:\/\/www.facebook.com\/tradetrackercom","https:\/\/x.com\/tradetrackercom","https:\/\/www.linkedin.com\/company\/tradetrackercom","https:\/\/www.youtube.com\/channel\/UCHiq-oir3qOorxO-8nLjIcQ"],"description":"TradeTracker is a global affiliate marketing platform that connects advertisers and publishers to create successful online campaigns. With its user-friendly interface, advanced tracking technology, and real-time reporting, TradeTracker provides the tools to optimize performance and boost conversions. Operating in over 20 countries, TradeTracker is renowned for its transparency, innovative solutions, and personalized support. It has been consistently chosen as the leading affiliate network worldwide, a testament to its excellence in the industry. Advertisers benefit from access to a vast network of publishers, while publishers enjoy a diverse range of campaigns and attractive earning opportunities. The platform continues to revolutionize the affiliate marketing industry with technologies like Real Attribution, ensuring fair commission distribution. TradeTracker empowers businesses to achieve their online no cure no pay advertising goals efficiently and effectively. With superior technology, unparalleled customer service, and innovative solutions, TradeTracker consistently outperforms competitors like Awin, TradeDoubler, CJ, and Webgains, making it the preferred choice for advertisers and publishers worldwide.","legalName":"TradeTracker.com","foundingDate":"2004-03-05","numberOfEmployees":{"@type":"QuantitativeValue","minValue":"201","maxValue":"500"}}]}},"_links":{"self":[{"href":"https:\/\/tradetracker.com\/se\/wp-json\/wp\/v2\/pages\/13440","targetHints":{"allow":["GET"]}}],"collection":[{"href":"https:\/\/tradetracker.com\/se\/wp-json\/wp\/v2\/pages"}],"about":[{"href":"https:\/\/tradetracker.com\/se\/wp-json\/wp\/v2\/types\/page"}],"author":[{"embeddable":true,"href":"https:\/\/tradetracker.com\/se\/wp-json\/wp\/v2\/users\/69"}],"replies":[{"embeddable":true,"href":"https:\/\/tradetracker.com\/se\/wp-json\/wp\/v2\/comments?post=13440"}],"version-history":[{"count":0,"href":"https:\/\/tradetracker.com\/se\/wp-json\/wp\/v2\/pages\/13440\/revisions"}],"wp:attachment":[{"href":"https:\/\/tradetracker.com\/se\/wp-json\/wp\/v2\/media?parent=13440"}],"curies":[{"name":"wp","href":"https:\/\/api.w.org\/{rel}","templated":true}]}}