{"id":13485,"date":"2017-02-09T13:12:46","date_gmt":"2017-02-09T13:12:46","guid":{"rendered":"https:\/\/tradetracker.com\/se\/knowledge-centre\/for-publishers\/"},"modified":"2021-12-03T00:23:26","modified_gmt":"2021-12-03T00:23:26","slug":"for-publishers","status":"publish","type":"page","link":"https:\/\/tradetracker.com\/se\/knowledge-centre\/for-publishers\/","title":{"rendered":"For Publishers"},"content":{"rendered":"<div class=\"wpb-content-wrapper\"><p>[vc_row el_id=&#8221;kc-top&#8221; classes=&#8221;part-fullsection section-kc-topics bg-color10 bg-pattern full-width&#8221;][vc_column]<div class=\"row\"><div class=\"vc_col-sm-12\"><div class=\" static-page-intro-text \"><h1  style=\"color: #ffffff\" class=\"\">KUNSKAPSCENTER<\/h1><h2  style=\"color: #ffffff\" class=\"\">F\u00f6rst\u00e5 grunderna f\u00f6r att starta en kampanj. H\u00e4r hittar du ett informationscenter som syftar till att ge en kort introduktion till affiliatemarknadsf\u00f6ring och TradeTrackers plattform.<\/h2><\/div>\r\n        <\/div>\r\n    <\/div>[vc_wp_text]<\/p>\n<div id=\"kc-tab-wrap\">\n<ul>\n<li class=\"\"><a href=\"\/se\/knowledge-centre\/gdpr\/#for-advertisers\/\">F\u00f6r Annons\u00f6rer<\/a><\/li>\n<li class=\"active\"><a href=\"\/se\/knowledge-centre\/for-publishers\/\">F\u00f6r Publishers<\/a><\/li>\n<li class=\"\"><a href=\"\/se\/knowledge-centre\/glossary\/\">Ordlista<\/a><\/li>\n<li class=\"\"><a href=\"\/se\/knowledge-centre\/gdpr\/\">GDPR<\/a><\/li>\n<\/ul>\n<\/div>\n<p>[\/vc_wp_text][\/vc_column][\/vc_row][vc_row el_id=&#8221;kc-content&#8221;][vc_column]    <div class=\"row\">\r\n        <div class=\"vc_col-sm-12\">\r\n            <div class=\"space\"><\/div>\r\n            <ul class=\"toggle\">\r\n                                            <li class=\"kc-topic active\"><a class=\"tgg-title\">\r\n                                <div class=\"feature-less-text\">Less<\/div>Hur skaffar jag ett TradeTracker-konto?<\/a>\r\n                        \r\n                        <div class=\"tgg-content\">\r\n                            <p><p>Att registrera sig f\u00f6r ett publisherkonto \u00e4r gratis. N\u00e4r du registrerat dig kan din webbplats bed\u00f6mas av en av v\u00e5ra ansvariga f\u00f6r godk\u00e4nnande, och efter att du godk\u00e4nts kan du b\u00f6rja marknadsf\u00f6ra ditt val av annons\u00f6rer omedelbart. Kom ig\u00e5ng nu och skapa ett publisherkonto.<\/p>\n<\/p>\r\n                        <\/div>\r\n                        <\/li>\r\n                                                    <li class=\"kc-topic\"><a class=\"tgg-title\">\r\n                                <div class=\"feature-less-text\">Less<\/div>Hur b\u00f6rjar jag kapitalisera p\u00e5 mitt inneh\u00e5ll?<\/a>\r\n                        \r\n                        <div class=\"tgg-content\">\r\n                            <p><p>V\u00e5r affiliatemarknadsf\u00f6rings-plattform ger dig verktygen du beh\u00f6ver f\u00f6r att placera inneh\u00e5ll fr\u00e5n v\u00e4lk\u00e4nda varum\u00e4rken p\u00e5 din webbplats. Med plattformen kan du \u00f6vervaka det implementerade marknadsf\u00f6ringsmaterialets prestation och effektivitet i detalj, med utf\u00f6rliga rapporteringsfunktioner s\u00e5 att du kan reagera och ytterligare optimera dina onlineinsatser.<\/p>\n<\/p>\r\n                        <\/div>\r\n                        <\/li>\r\n                                                    <li class=\"kc-topic\"><a class=\"tgg-title\">\r\n                                <div class=\"feature-less-text\">Less<\/div>Hur ofta f\u00e5r jag betalt?<\/a>\r\n                        \r\n                        <div class=\"tgg-content\">\r\n                            <p><p>Vi f\u00f6rst\u00e5r att du beh\u00f6ver viss finansiell support f\u00f6r att att ha och uppr\u00e4tth\u00e5lla en f\u00f6rstklassig webbplats D\u00e4rf\u00f6r betalar TradeTracker ut din provision upp till 2 g\u00e5nger per m\u00e5nad. Det \u00e4r till och med m\u00f6jligt att ans\u00f6ka om v\u00e5r supersnabba betalningsl\u00f6sning som betalar ut provision inom n\u00e5gra timmar efter att en transaktion har godk\u00e4nts.<br \/>\nSom en affiliate har du fullst\u00e4ndig kontroll \u00f6ver dina betalningar och du kan \u00e4ndra din utbetalningsfrekvens n\u00e4r du \u00f6nskar.<br \/>\nVarje m\u00e5nad<br \/>\nN\u00e4r du har st\u00e4llt in dina utbetalningar p\u00e5 varje m\u00e5nad genereras din betalningsavi den 1:a varje m\u00e5nad.<br \/>\nTv\u00e5 g\u00e5nger i m\u00e5naden<br \/>\nOm du st\u00e4ller in din utbetalning p\u00e5 tv\u00e5 g\u00e5nger i m\u00e5naden skapas en betalningsavi den 7:e och 21:e varje m\u00e5nad.<br \/>\nFyra g\u00e5nger i m\u00e5naden<br \/>\nAtt v\u00e4lja en utbetalningsfrekvens p\u00e5 fyra g\u00e5nger i m\u00e5naden inneb\u00e4r att dina betalningsavier genereras den 7:e, 14:e, 21:e och 28:e varje m\u00e5nad.<br \/>\nOm det beh\u00f6vs kan du placera paus-utbetalningar genom att aktivera valet \u201cParkering\u201d. Du kan ocks\u00e5 \u00f6ka l\u00e4gsta utbetalningsbelopp f\u00f6r att reglera \u00f6verf\u00f6ringar.<br \/>\nBetalningar kan g\u00f6ras kort efter det att betalningsavier genereras och kan antingen g\u00f6ras konventionellt genom PayPal eller en bank\u00f6verf\u00f6ring.<\/p>\n<\/p>\r\n                        <\/div>\r\n                        <\/li>\r\n                                                    <li class=\"kc-topic\"><a class=\"tgg-title\">\r\n                                <div class=\"feature-less-text\">Less<\/div>Vad \u00e4r en supersnabb betalning?<\/a>\r\n                        \r\n                        <div class=\"tgg-content\">\r\n                            <p><p>Ut\u00f6ver v\u00e5r utbetalningsfrekvens p\u00e5 upp till fyra g\u00e5nger i m\u00e5naden, kan du ocks\u00e5 vara ber\u00e4ttigad till v\u00e5r unika procedur \u201cSupersnabb betalning\u201d som betalar ut din provision inom timmar efter det att transaktionen godk\u00e4nts. Du kan diskutera denna funktion mer utf\u00f6rligt med din account manager.<\/p>\n<\/p>\r\n                        <\/div>\r\n                        <\/li>\r\n                                                    <li class=\"kc-topic\"><a class=\"tgg-title\">\r\n                                <div class=\"feature-less-text\">Less<\/div>Hur ans\u00f6ker jag om flera l\u00e4nder?<\/a>\r\n                        \r\n                        <div class=\"tgg-content\">\r\n                            <p><p>Om du \u00e4r intresserad av att k\u00f6ra annons\u00f6rer p\u00e5 din webbplats fr\u00e5n flera l\u00e4nder kan du l\u00e4gga till din webbplats till ett annat TradeTracker-omr\u00e5de fr\u00e5n ditt affiliategr\u00e4nssnitt. Navigera bara till Konto -> Mina webbplatser och klicka p\u00e5 l\u00e4nken \u201cL\u00e4gg till ny webbplats\u201d. Du kan sedan v\u00e4lja det extra omr\u00e5de du vill ans\u00f6ka om till ditt omr\u00e5de.<br \/>\nN\u00e4r din ans\u00f6kan har godk\u00e4nts kan du hantera dina aktiviteter f\u00f6r det omr\u00e5det genom att v\u00e4lja det fr\u00e5n lands-rullgardinsmenyn h\u00f6gst upp i gr\u00e4nssnittet.<\/p>\n<\/p>\r\n                        <\/div>\r\n                        <\/li>\r\n                                                    <li class=\"kc-topic\"><a class=\"tgg-title\">\r\n                                <div class=\"feature-less-text\">Less<\/div>Har jag m\u00f6jlighet att anpassa min sp\u00e5rning?<\/a>\r\n                        \r\n                        <div class=\"tgg-content\">\r\n                            <p><p>Ja det har du! Bortsett fr\u00e5n v\u00e5ra avancerade teknologier f\u00f6r registrering av konverteringar, har vi ytterligare funktioner som kan skr\u00e4ddarsys tillg\u00e4ngliga som du kan konfigurera. Du kan t.ex. bifoga en unik referens (eller under-id) till din l\u00e4nk eller tillhandah\u00e5lla en \u00e5teruppringnings-plats inifr\u00e5n gr\u00e4nssnittet s\u00e5 att konverteringar vidarebefordras till din egen statistikserver. Det \u00e4r till och med m\u00f6jligt att beg\u00e4ra att placera sp\u00e5rningstagg f\u00f6r tredje part.<\/p>\n<\/p>\r\n                        <\/div>\r\n                        <\/li>\r\n                                                    <li class=\"kc-topic\"><a class=\"tgg-title\">\r\n                                <div class=\"feature-less-text\">Less<\/div>Har ni en API tillg\u00e4nglig?<\/a>\r\n                        \r\n                        <div class=\"tgg-content\">\r\n                            <p><p>Ja det har vi! Med applikationsprogrammeringsgr\u00e4nssnittet (API eller Web Service) kan du n\u00e5 funktioner och information som finns i programvaran genom att tillhandah\u00e5lla program\u00e5tkomst till data i ditt konto. Vissa grundl\u00e4ggande API-funktioner innefattar: h\u00e4mta kontoinformation, kampanjinformation, transaktionsinformation, produktfeeddata, betalningsinformation, marknadsf\u00f6ringsmaterial eller en kombination av dessa saker genom att generera avancerade anpassade rapporter eller g\u00f6r det m\u00f6jligt f\u00f6r dig att uppr\u00e4tta din egen statistikprogramvara bland andra saker.<br \/>\nV\u00e5ra webbtj\u00e4nster \u00e4r baserade p\u00e5 SOAP-protokoll. Detta protokoll \u00e4r en specifikation f\u00f6r utbyte av strukturerad information via Web Services. \u00c5tkomst till v\u00e5r API kan enkelt beg\u00e4ras inifr\u00e5n ditt konto.<\/p>\n<\/p>\r\n                        <\/div>\r\n                        <\/li>\r\n                                                    <li class=\"kc-topic\"><a class=\"tgg-title\">\r\n                                <div class=\"feature-less-text\">Less<\/div>Vilka typer av marknadsf\u00f6ringsmaterial tillhandah\u00e5lls?<\/a>\r\n                        \r\n                        <div class=\"tgg-content\">\r\n                            <p><p>Du kan v\u00e4lja fr\u00e5n m\u00e5nga olika typer av marknadsf\u00f6ringsmaterial att placera p\u00e5 din webbplats s\u00e5som textl\u00e4nkar, banners, produktfeeds, widgets och v\u00e4rdebevis-\/rabattkoder. F\u00f6r banners kan du uppr\u00e4tta en rotator som optimerar sig sj\u00e4lv automatiskt baserat p\u00e5 nyckelmetrik du tillhandah\u00e5ller, s\u00e5som EPC.<\/p>\n<\/p>\r\n                        <\/div>\r\n                        <\/li>\r\n                                                    <li class=\"kc-topic\"><a class=\"tgg-title\">\r\n                                <div class=\"feature-less-text\">Less<\/div><\/a>\r\n                        \r\n                        <div class=\"tgg-content\">\r\n                            <p><p>Som en affiliate f\u00e5r du \u00e5tkomst till TradeTrackers sidverktyg. Med dessa verktygsupps\u00e4ttningar kan du hantera inneh\u00e5ll p\u00e5 dina webbplatser inifr\u00e5n TradeTracker-gr\u00e4nssnittet.<br \/>\nDu kan helt enkelt v\u00e4xla funktionernas synlighet s\u00e5som widgets (j\u00e4mf\u00f6relseverktyg) och v\u00e5r l\u00e4nkbytare som \u00e4r det perfekta verktyget f\u00f6r att automatiskt generera utg\u00e5ende sp\u00e5rningsl\u00e4nkar till annons\u00f6rer.<\/p>\n<\/p>\r\n                        <\/div>\r\n                        <\/li>\r\n                                                    <li class=\"kc-topic\"><a class=\"tgg-title\">\r\n                                <div class=\"feature-less-text\">Less<\/div>Vad \u00e4r widgets?<\/a>\r\n                        \r\n                        <div class=\"tgg-content\">\r\n                            <p><p>Widgets \u00e4r moduler som inneh\u00e5ller dynamiskt genererat inneh\u00e5ll som kan l\u00e4ggas till din webbplats genom att placera en enkel bit kod. Resultatet \u00e4r en sofistikerad reses\u00f6kmotor eller ett verktyg i vilket modeartiklar kan j\u00e4mf\u00f6ras.<br \/>\nAlla dessa widgets kan hanteras fr\u00e5n avsnittet Sidverktyg i affiliate-gr\u00e4nssnittet.<\/p>\n<\/p>\r\n                        <\/div>\r\n                        <\/li>\r\n                                                    <li class=\"kc-topic\"><a class=\"tgg-title\">\r\n                                <div class=\"feature-less-text\">Less<\/div>Kan jag f\u00e5 mer hj\u00e4lp?<\/a>\r\n                        \r\n                        <div class=\"tgg-content\">\r\n                            <p><p>Sj\u00e4lvklart! Genom att ha som m\u00e5l att tillhandah\u00e5lla det b\u00e4sta affiliate-programvarugr\u00e4nssnittet som finns idag. N\u00e4r vi fokuserade p\u00e5 att det skulle vara enkelt att anv\u00e4nda, skapade vi n\u00e5gonting som hj\u00e4lper v\u00e5ra kunder undvika f\u00f6rvirring. Men i en snabbr\u00f6rlig milj\u00f6 som internet, \u00e4r fr\u00e5gor oundvikliga. Lyckligtvis finns det ett team med skickliga yrkespersoner i branschen som v\u00e4ntar p\u00e5 att hj\u00e4lpa dig n\u00e4r du k\u00f6rt fast.<\/p>\n<\/p>\r\n                        <\/div>\r\n                        <\/li>\r\n                                    <\/ul>\r\n            <div class=\"space\"><\/div>\r\n        <\/div>\r\n    <\/div>\r\n    [\/vc_column][\/vc_row]<\/p>\n<\/div>","protected":false},"excerpt":{"rendered":"<p>[vc_row el_id=&#8221;kc-top&#8221; classes=&#8221;part-fullsection section-kc-topics bg-color10 bg-pattern full-width&#8221;][vc_column][vc_wp_text] F\u00f6r Annons\u00f6rer F\u00f6r Publishers Ordlista GDPR [\/vc_wp_text][\/vc_column][\/vc_row][vc_row el_id=&#8221;kc-content&#8221;][vc_column][\/vc_column][\/vc_row]<\/p>\n","protected":false},"author":69,"featured_media":0,"parent":13470,"menu_order":0,"comment_status":"closed","ping_status":"closed","template":"","meta":{"inline_featured_image":false,"_monsterinsights_skip_tracking":false,"_monsterinsights_sitenote_active":false,"_monsterinsights_sitenote_note":"","_monsterinsights_sitenote_category":0,"footnotes":""},"class_list":["post-13485","page","type-page","status-publish","hentry"],"yoast_head":"<!-- This site is optimized with the Yoast SEO Premium plugin v27.0 (Yoast SEO v27.0) - https:\/\/yoast.com\/product\/yoast-seo-premium-wordpress\/ -->\n<title>For Publishers - TradeTracker.com | Affiliate Marketing | Performance Marketing<\/title>\n<meta name=\"description\" content=\"KUNSKAPSCENTER. L\u00e4r dig allt duebh\u00f6ver om att starta en kampanj. Denna samling av information \u00e4r till f\u00f6r att ge dig en snabb introduktion\" \/>\n<meta name=\"robots\" content=\"index, follow, max-snippet:-1, max-image-preview:large, max-video-preview:-1\" \/>\n<link rel=\"canonical\" href=\"https:\/\/tradetracker.com\/se\/wp-json\/wp\/v2\/pages\/13485\/\" \/>\n<meta property=\"og:locale\" content=\"en_US\" \/>\n<meta property=\"og:type\" content=\"article\" \/>\n<meta property=\"og:title\" content=\"Kan jag f\u00e5 mer hj\u00e4lp? TradeTracker.com\" \/>\n<meta property=\"og:description\" content=\"KUNSKAPSCENTER. L\u00e4r dig allt duebh\u00f6ver om att starta en\" \/>\n<meta property=\"og:url\" content=\"https:\/\/tradetracker.com\/se\/knowledge-centre\/for-publishers\/\" \/>\n<meta property=\"og:site_name\" content=\"TradeTracker.com | Affiliate Marketing | Performance Marketing\" \/>\n<meta property=\"article:publisher\" content=\"https:\/\/www.facebook.com\/tradetrackercom\" \/>\n<meta property=\"article:modified_time\" content=\"2021-12-03T00:23:26+00:00\" \/>\n<meta property=\"og:image\" content=\"https:\/\/tradetracker.com\/wp-content\/uploads\/2019\/12\/tradetracker-logo-square.png\" \/>\n\t<meta property=\"og:image:width\" content=\"250\" \/>\n\t<meta property=\"og:image:height\" content=\"250\" \/>\n\t<meta property=\"og:image:type\" content=\"image\/png\" \/>\n<meta name=\"twitter:card\" content=\"summary_large_image\" \/>\n<meta name=\"twitter:title\" content=\"Kan jag f\u00e5 mer hj\u00e4lp?\" \/>\n<meta name=\"twitter:description\" content=\"Sj\u00e4lvklart! Genom att ha som m\u00e5l att tillhandah\u00e5lla det b\u00e4sta affiliate-programvarugr\u00e4nssnittet som finns idag. N\u00e4r vi \" \/>\n<meta name=\"twitter:image\" content=\"https:\/\/tradetracker.com\/assets\/tt-circles.png\" \/>\n<meta name=\"twitter:site\" content=\"@tradetrackercom\" \/>\n<script type=\"application\/ld+json\" class=\"yoast-schema-graph\">{\"@context\":\"https:\/\/schema.org\",\"@graph\":[{\"@type\":\"WebPage\",\"@id\":\"https:\/\/tradetracker.com\/se\/knowledge-centre\/for-publishers\/\",\"url\":\"https:\/\/tradetracker.com\/se\/knowledge-centre\/for-publishers\/\",\"name\":\"For Publishers - TradeTracker.com | Affiliate Marketing | Performance Marketing\",\"isPartOf\":{\"@id\":\"https:\/\/tradetracker.com\/se\/#website\"},\"datePublished\":\"2017-02-09T13:12:46+00:00\",\"dateModified\":\"2021-12-03T00:23:26+00:00\",\"description\":\"KUNSKAPSCENTER. L\u00e4r dig allt duebh\u00f6ver om att starta en kampanj. Denna samling av information \u00e4r till f\u00f6r att ge dig en snabb introduktion\",\"breadcrumb\":{\"@id\":\"https:\/\/tradetracker.com\/se\/knowledge-centre\/for-publishers\/#breadcrumb\"},\"inLanguage\":\"sv-SE\",\"potentialAction\":[{\"@type\":\"ReadAction\",\"target\":[\"https:\/\/tradetracker.com\/se\/knowledge-centre\/for-publishers\/\"]}]},{\"@type\":\"BreadcrumbList\",\"@id\":\"https:\/\/tradetracker.com\/se\/knowledge-centre\/for-publishers\/#breadcrumb\",\"itemListElement\":[{\"@type\":\"ListItem\",\"position\":1,\"name\":\"Home\",\"item\":\"https:\/\/tradetracker.com\/se\/\"},{\"@type\":\"ListItem\",\"position\":2,\"name\":\"Knowledge Center\",\"item\":\"https:\/\/tradetracker.com\/se\/knowledge-centre\/\"},{\"@type\":\"ListItem\",\"position\":3,\"name\":\"For Publishers\"}]},{\"@type\":\"WebSite\",\"@id\":\"https:\/\/tradetracker.com\/se\/#website\",\"url\":\"https:\/\/tradetracker.com\/se\/\",\"name\":\"TradeTracker.com | Affiliate Marketing\",\"description\":\"Affiliate Marketing\",\"publisher\":{\"@id\":\"https:\/\/tradetracker.com\/se\/#organization\"},\"potentialAction\":[{\"@type\":\"SearchAction\",\"target\":{\"@type\":\"EntryPoint\",\"urlTemplate\":\"https:\/\/tradetracker.com\/se\/?s={search_term_string}\"},\"query-input\":{\"@type\":\"PropertyValueSpecification\",\"valueRequired\":true,\"valueName\":\"search_term_string\"}}],\"inLanguage\":\"sv-SE\"},{\"@type\":\"Organization\",\"@id\":\"https:\/\/tradetracker.com\/se\/#organization\",\"name\":\"TradeTracker FZ LLC\",\"url\":\"https:\/\/tradetracker.com\/se\/\",\"logo\":{\"@type\":\"ImageObject\",\"inLanguage\":\"sv-SE\",\"@id\":\"https:\/\/tradetracker.com\/se\/#\/schema\/logo\/image\/\",\"url\":\"https:\/\/tradetracker.com\/wp-content\/uploads\/2019\/04\/tradetracker-logo_1.jpg\",\"contentUrl\":\"https:\/\/tradetracker.com\/wp-content\/uploads\/2019\/04\/tradetracker-logo_1.jpg\",\"width\":672,\"height\":109,\"caption\":\"TradeTracker FZ LLC\"},\"image\":{\"@id\":\"https:\/\/tradetracker.com\/se\/#\/schema\/logo\/image\/\"},\"sameAs\":[\"https:\/\/www.facebook.com\/tradetrackercom\",\"https:\/\/x.com\/tradetrackercom\",\"https:\/\/www.linkedin.com\/company\/tradetrackercom\",\"https:\/\/www.youtube.com\/channel\/UCHiq-oir3qOorxO-8nLjIcQ\"],\"description\":\"TradeTracker is a global affiliate marketing platform that connects advertisers and publishers to create successful online campaigns. With its user-friendly interface, advanced tracking technology, and real-time reporting, TradeTracker provides the tools to optimize performance and boost conversions. Operating in over 20 countries, TradeTracker is renowned for its transparency, innovative solutions, and personalized support. It has been consistently chosen as the leading affiliate network worldwide, a testament to its excellence in the industry. Advertisers benefit from access to a vast network of publishers, while publishers enjoy a diverse range of campaigns and attractive earning opportunities. The platform continues to revolutionize the affiliate marketing industry with technologies like Real Attribution, ensuring fair commission distribution. TradeTracker empowers businesses to achieve their online no cure no pay advertising goals efficiently and effectively. With superior technology, unparalleled customer service, and innovative solutions, TradeTracker consistently outperforms competitors like Awin, TradeDoubler, CJ, and Webgains, making it the preferred choice for advertisers and publishers worldwide.\",\"legalName\":\"TradeTracker.com\",\"foundingDate\":\"2004-03-05\",\"numberOfEmployees\":{\"@type\":\"QuantitativeValue\",\"minValue\":\"201\",\"maxValue\":\"500\"}}]}<\/script>\n<!-- \/ Yoast SEO Premium plugin. -->","yoast_head_json":{"title":"For Publishers - TradeTracker.com | Affiliate Marketing | Performance Marketing","description":"KUNSKAPSCENTER. L\u00e4r dig allt duebh\u00f6ver om att starta en kampanj. Denna samling av information \u00e4r till f\u00f6r att ge dig en snabb introduktion","robots":{"index":"index","follow":"follow","max-snippet":"max-snippet:-1","max-image-preview":"max-image-preview:large","max-video-preview":"max-video-preview:-1"},"canonical":"https:\/\/tradetracker.com\/se\/wp-json\/wp\/v2\/pages\/13485\/","og_locale":"en_US","og_type":"article","og_title":"Kan jag f\u00e5 mer hj\u00e4lp? TradeTracker.com","og_description":"KUNSKAPSCENTER. L\u00e4r dig allt duebh\u00f6ver om att starta en","og_url":"https:\/\/tradetracker.com\/se\/knowledge-centre\/for-publishers\/","og_site_name":"TradeTracker.com | Affiliate Marketing | Performance Marketing","article_publisher":"https:\/\/www.facebook.com\/tradetrackercom","article_modified_time":"2021-12-03T00:23:26+00:00","og_image":[{"width":250,"height":250,"url":"https:\/\/tradetracker.com\/wp-content\/uploads\/2019\/12\/tradetracker-logo-square.png","type":"image\/png"}],"twitter_card":"summary_large_image","twitter_title":"Kan jag f\u00e5 mer hj\u00e4lp?","twitter_description":"Sj\u00e4lvklart! Genom att ha som m\u00e5l att tillhandah\u00e5lla det b\u00e4sta affiliate-programvarugr\u00e4nssnittet som finns idag. N\u00e4r vi ","twitter_image":"https:\/\/tradetracker.com\/assets\/tt-circles.png","twitter_site":"@tradetrackercom","schema":{"@context":"https:\/\/schema.org","@graph":[{"@type":"WebPage","@id":"https:\/\/tradetracker.com\/se\/knowledge-centre\/for-publishers\/","url":"https:\/\/tradetracker.com\/se\/knowledge-centre\/for-publishers\/","name":"For Publishers - TradeTracker.com | Affiliate Marketing | Performance Marketing","isPartOf":{"@id":"https:\/\/tradetracker.com\/se\/#website"},"datePublished":"2017-02-09T13:12:46+00:00","dateModified":"2021-12-03T00:23:26+00:00","description":"KUNSKAPSCENTER. L\u00e4r dig allt duebh\u00f6ver om att starta en kampanj. Denna samling av information \u00e4r till f\u00f6r att ge dig en snabb introduktion","breadcrumb":{"@id":"https:\/\/tradetracker.com\/se\/knowledge-centre\/for-publishers\/#breadcrumb"},"inLanguage":"sv-SE","potentialAction":[{"@type":"ReadAction","target":["https:\/\/tradetracker.com\/se\/knowledge-centre\/for-publishers\/"]}]},{"@type":"BreadcrumbList","@id":"https:\/\/tradetracker.com\/se\/knowledge-centre\/for-publishers\/#breadcrumb","itemListElement":[{"@type":"ListItem","position":1,"name":"Home","item":"https:\/\/tradetracker.com\/se\/"},{"@type":"ListItem","position":2,"name":"Knowledge Center","item":"https:\/\/tradetracker.com\/se\/knowledge-centre\/"},{"@type":"ListItem","position":3,"name":"For Publishers"}]},{"@type":"WebSite","@id":"https:\/\/tradetracker.com\/se\/#website","url":"https:\/\/tradetracker.com\/se\/","name":"TradeTracker.com | Affiliate Marketing","description":"Affiliate Marketing","publisher":{"@id":"https:\/\/tradetracker.com\/se\/#organization"},"potentialAction":[{"@type":"SearchAction","target":{"@type":"EntryPoint","urlTemplate":"https:\/\/tradetracker.com\/se\/?s={search_term_string}"},"query-input":{"@type":"PropertyValueSpecification","valueRequired":true,"valueName":"search_term_string"}}],"inLanguage":"sv-SE"},{"@type":"Organization","@id":"https:\/\/tradetracker.com\/se\/#organization","name":"TradeTracker FZ LLC","url":"https:\/\/tradetracker.com\/se\/","logo":{"@type":"ImageObject","inLanguage":"sv-SE","@id":"https:\/\/tradetracker.com\/se\/#\/schema\/logo\/image\/","url":"https:\/\/tradetracker.com\/wp-content\/uploads\/2019\/04\/tradetracker-logo_1.jpg","contentUrl":"https:\/\/tradetracker.com\/wp-content\/uploads\/2019\/04\/tradetracker-logo_1.jpg","width":672,"height":109,"caption":"TradeTracker FZ LLC"},"image":{"@id":"https:\/\/tradetracker.com\/se\/#\/schema\/logo\/image\/"},"sameAs":["https:\/\/www.facebook.com\/tradetrackercom","https:\/\/x.com\/tradetrackercom","https:\/\/www.linkedin.com\/company\/tradetrackercom","https:\/\/www.youtube.com\/channel\/UCHiq-oir3qOorxO-8nLjIcQ"],"description":"TradeTracker is a global affiliate marketing platform that connects advertisers and publishers to create successful online campaigns. With its user-friendly interface, advanced tracking technology, and real-time reporting, TradeTracker provides the tools to optimize performance and boost conversions. Operating in over 20 countries, TradeTracker is renowned for its transparency, innovative solutions, and personalized support. It has been consistently chosen as the leading affiliate network worldwide, a testament to its excellence in the industry. Advertisers benefit from access to a vast network of publishers, while publishers enjoy a diverse range of campaigns and attractive earning opportunities. The platform continues to revolutionize the affiliate marketing industry with technologies like Real Attribution, ensuring fair commission distribution. TradeTracker empowers businesses to achieve their online no cure no pay advertising goals efficiently and effectively. With superior technology, unparalleled customer service, and innovative solutions, TradeTracker consistently outperforms competitors like Awin, TradeDoubler, CJ, and Webgains, making it the preferred choice for advertisers and publishers worldwide.","legalName":"TradeTracker.com","foundingDate":"2004-03-05","numberOfEmployees":{"@type":"QuantitativeValue","minValue":"201","maxValue":"500"}}]}},"_links":{"self":[{"href":"https:\/\/tradetracker.com\/se\/wp-json\/wp\/v2\/pages\/13485","targetHints":{"allow":["GET"]}}],"collection":[{"href":"https:\/\/tradetracker.com\/se\/wp-json\/wp\/v2\/pages"}],"about":[{"href":"https:\/\/tradetracker.com\/se\/wp-json\/wp\/v2\/types\/page"}],"author":[{"embeddable":true,"href":"https:\/\/tradetracker.com\/se\/wp-json\/wp\/v2\/users\/69"}],"replies":[{"embeddable":true,"href":"https:\/\/tradetracker.com\/se\/wp-json\/wp\/v2\/comments?post=13485"}],"version-history":[{"count":0,"href":"https:\/\/tradetracker.com\/se\/wp-json\/wp\/v2\/pages\/13485\/revisions"}],"up":[{"embeddable":true,"href":"https:\/\/tradetracker.com\/se\/wp-json\/wp\/v2\/pages\/13470"}],"wp:attachment":[{"href":"https:\/\/tradetracker.com\/se\/wp-json\/wp\/v2\/media?parent=13485"}],"curies":[{"name":"wp","href":"https:\/\/api.w.org\/{rel}","templated":true}]}}