{"id":13560,"date":"2016-12-19T13:34:20","date_gmt":"2016-12-19T13:34:20","guid":{"rendered":"https:\/\/tradetracker.com\/se\/privacy-policy\/"},"modified":"2025-01-16T14:37:15","modified_gmt":"2025-01-16T14:37:15","slug":"privacy-policy","status":"publish","type":"page","link":"https:\/\/tradetracker.com\/se\/privacy-policy\/","title":{"rendered":"Privacy Policy"},"content":{"rendered":"<div class=\"wpb-content-wrapper\"><p>[vc_row classes=&#8221;static-page-intro short privacy-page&#8221;][vc_column]<div class=\"row\"><div class=\"vc_col-sm-12\"><div class=\" static-page-intro-text \"><h1  style=\"color: #ffffff\" class=\"\">PERSONUPPGIFTSPOLICY<\/h1><\/div>\r\n        <\/div>\r\n    <\/div>[\/vc_column][\/vc_row][vc_row][vc_column]<div class=\"space\"><\/div>[vc_wp_text]At TradeTracker, your privacy is important to us. To better protect your privacy, we explain our information practices and the choices you can make regarding how your personal information is collected, used, and disclosed. To make this policy easy to find, we have made it available on our website and wherever personally identifiable information may be requested.<\/p>\n<h3>Information we collect:<strong><br \/>\n<\/strong><\/h3>\n<p>TradeTracker collects many types of information in order to operate efficiently and provide you with the best possible products, service and experience. We collect information when you register, log in, and use our websites and services. We may also receive information from other companies on certain occasions. We collect this information in a variety of ways, such as web forms, technologies (such as cookies), web logging, and software on your computer or other devices. This information is only collected with your consent, or when legally justified. We have had to carefully review the company&#8217;s needs in order to preserve your privacy rights as strictly as possible. Since data is usually collected via cookies, you can find more detailed information about this and what personal data we store on our <a href=\"\/se\/privacy-policy\/how-we-use-cookies\/\">cookie information page<\/a>.<\/p>\n<h3>How We Use Your Personal Information<\/h3>\n<p>TradeTracker uses the information we collect to operate, improve and customise the products and services we offer. We may also use this information to communicate with you, such as informing you about your account and security updates. We may also use the information to help you make the ads you see in our advertising service more relevant.<\/p>\n<h3>Reasons Why We Share Your Personal Information<\/h3>\n<p>Except as described in this policy, we will not share your personal information with a third party without your consent, unless we are required by law. Your personal data may be shared with third parties that we have engaged to enable our services, such as software or IT providers. In addition, your data is exchanged between the different parties involved in digital advertising and measures the effectiveness of the ads. These are the providers of the advertising and the websites that display the ads. They provide us with your personal data, after which we inform them of how this data is processed.<\/p>\n<h3>Access to your personal information<\/h3>\n<p>Some of TradeTracker&#8217;s services allow you to view and edit your personal information online. To prevent others from seeing your personal information, you need to be logged in. How you access your personal information depends on which sites and services you have used.<\/p>\n<h3>Communication Preferences<strong><br \/>\n<\/strong><\/h3>\n<p>You can choose to unsubscribe from future promotional mailings from TradeTracker&#8217;s sites and services, by following the specific instructions in the email you receive. Depending on the respective service, you may also be given the opportunity to proactively decide to receive marketing emails, phone calls and postal mail regarding particular TradeTracker pages or services.<\/p>\n<h3>TradeTracker Account<strong><br \/>\n<\/strong><\/h3>\n<p>A TradeTracker account allows you to log in to TradeTracker&#8217;s products, websites and services. When you create an account on TradeTracker, we ask you to provide certain information. When you log in to a website or service using your TradeTracker account, we collect certain information to verify your identity on behalf of the website or service, to protect you from malicious account use and to protect the efficiency and security of the TradeTracker account service. We also send certain non-personal information to a website or service that you have logged in to with your TradeTracker account.<\/p>\n<h3>Security<strong><br \/>\n<\/strong><\/h3>\n<p>Your personal data will never be stored for longer than is necessary for the purposes described in this Privacy Policy or on the Website, unless we are legally obliged to do so.<\/p>\n<h3>Safety<strong><br \/>\n<\/strong><\/h3>\n<p>We take the protection of your personal data very seriously and always take appropriate measures to prevent its misuse. If you have reason to believe that your data is not properly secured, or that there may be signs of misuse, please contact us immediately.<\/p>\n<h3>Your rights<\/h3>\n<p>You have the right to see, correct, delete, move or restrict your personal data. You also have the right to withdraw your consent to the processing, or object to the processing of your personal data. You can send such requests to the contact details below. We will respond to your request as quickly as possible. Be clear about who you are so we can be sure that we don&#8217;t change or delete data from the wrong person.<\/p>\n<h3>Personuppgiftsmyndighet<strong><br \/>\n<\/strong><\/h3>\n<p>Vi vill ocks\u00e5 p\u00e5peka att om du \u00f6nskar, s\u00e5 kan du g\u00f6ra ett klagom\u00e5l hos den personuppgiftsmyndigheten.<\/p>\n<h3>\u00c4ndringar i denna personuppgiftspolicy<strong><br \/>\n<\/strong><\/h3>\n<p>This privacy policy is subject to change. It is advisable to review this policy periodically so that you are aware of these changes.<\/p>\n<p><em>For more detailed information, please see our international <a href=\"https:\/\/tradetracker.com\/privacy-policy\/\">privacy policy<\/a>.<\/em><\/p>\n<h3>Contact:<strong><br \/>\n<\/strong><\/h3>\n<p>Any questions, concerns or comments should be directed to TradeTracker. We will try to answer any questions and concerns within five working days.[\/vc_wp_text][\/vc_column][\/vc_row][vc_row][vc_column]<div class=\"space\"><\/div>[\/vc_column][\/vc_row]<\/p>\n<\/div>","protected":false},"excerpt":{"rendered":"<p>[vc_row classes=&#8221;static-page-intro short privacy-page&#8221;][vc_column][\/vc_column][\/vc_row][vc_row][vc_column][vc_wp_text]At TradeTracker, your privacy is important to us. To better protect your privacy, we explain our information practices and the choices you can make regarding how your personal information is collected, used, and disclosed. To make this policy easy to find, we have made it available on our website and wherever personally  [&#8230;]<\/p>\n","protected":false},"author":69,"featured_media":0,"parent":0,"menu_order":0,"comment_status":"closed","ping_status":"closed","template":"template-privacy-page.php","meta":{"inline_featured_image":false,"_monsterinsights_skip_tracking":false,"_monsterinsights_sitenote_active":false,"_monsterinsights_sitenote_note":"","_monsterinsights_sitenote_category":0,"footnotes":""},"class_list":["post-13560","page","type-page","status-publish","hentry"],"yoast_head":"<!-- This site is optimized with the Yoast SEO Premium plugin v27.0 (Yoast SEO v27.0) - https:\/\/yoast.com\/product\/yoast-seo-premium-wordpress\/ -->\n<title>Privacy Policy - TradeTracker.com | Affiliate Marketing | Performance Marketing<\/title>\n<meta name=\"description\" content=\"[vc_row classes=&quot;static-page-intro short privacy-page&quot;][vc_column]PERSONUPPGIFTSPOLICY [\/vc_column][\/vc_row][vc_row][vc_column][vc_wp_text]At TradeTracker, your privacy is important to us. To better protect your privacy,\" \/>\n<meta name=\"robots\" content=\"index, follow, max-snippet:-1, max-image-preview:large, max-video-preview:-1\" \/>\n<link rel=\"canonical\" href=\"https:\/\/tradetracker.com\/se\/wp-json\/wp\/v2\/pages\/13560\/\" \/>\n<meta property=\"og:locale\" content=\"en_US\" \/>\n<meta property=\"og:type\" content=\"article\" \/>\n<meta property=\"og:title\" content=\"Privacy Policy TradeTracker.com\" \/>\n<meta property=\"og:description\" content=\"[vc_row classes=&#8221;static-page-intro short\" \/>\n<meta property=\"og:url\" content=\"https:\/\/tradetracker.com\/se\/privacy-policy\/\" \/>\n<meta property=\"og:site_name\" content=\"TradeTracker.com | Affiliate Marketing | Performance Marketing\" \/>\n<meta property=\"article:publisher\" content=\"https:\/\/www.facebook.com\/tradetrackercom\" \/>\n<meta property=\"article:modified_time\" content=\"2025-01-16T14:37:15+00:00\" \/>\n<meta property=\"og:image\" content=\"https:\/\/tradetracker.com\/wp-content\/uploads\/2019\/12\/tradetracker-logo-square.png\" \/>\n\t<meta property=\"og:image:width\" content=\"250\" \/>\n\t<meta property=\"og:image:height\" content=\"250\" \/>\n\t<meta property=\"og:image:type\" content=\"image\/png\" \/>\n<meta name=\"twitter:card\" content=\"summary_large_image\" \/>\n<meta name=\"twitter:title\" content=\"Privacy Policy\" \/>\n<meta name=\"twitter:description\" content=\"[vc_row classes=&quot;static-page-intro short privacy-page&quot;][vc_column]PERSONUPPGIFTSPOLICY \" \/>\n<meta name=\"twitter:image\" content=\"https:\/\/tradetracker.com\/assets\/tt-circles.png\" \/>\n<meta name=\"twitter:site\" content=\"@tradetrackercom\" \/>\n<meta name=\"twitter:label1\" content=\"Est. reading time\" \/>\n\t<meta name=\"twitter:data1\" content=\"4 minutes\" \/>\n<script type=\"application\/ld+json\" class=\"yoast-schema-graph\">{\"@context\":\"https:\/\/schema.org\",\"@graph\":[{\"@type\":\"WebPage\",\"@id\":\"https:\/\/tradetracker.com\/se\/privacy-policy\/\",\"url\":\"https:\/\/tradetracker.com\/se\/privacy-policy\/\",\"name\":\"Privacy Policy - TradeTracker.com | Affiliate Marketing | Performance Marketing\",\"isPartOf\":{\"@id\":\"https:\/\/tradetracker.com\/se\/#website\"},\"datePublished\":\"2016-12-19T13:34:20+00:00\",\"dateModified\":\"2025-01-16T14:37:15+00:00\",\"breadcrumb\":{\"@id\":\"https:\/\/tradetracker.com\/se\/privacy-policy\/#breadcrumb\"},\"inLanguage\":\"sv-SE\",\"potentialAction\":[{\"@type\":\"ReadAction\",\"target\":[\"https:\/\/tradetracker.com\/se\/privacy-policy\/\"]}]},{\"@type\":\"BreadcrumbList\",\"@id\":\"https:\/\/tradetracker.com\/se\/privacy-policy\/#breadcrumb\",\"itemListElement\":[{\"@type\":\"ListItem\",\"position\":1,\"name\":\"Home\",\"item\":\"https:\/\/tradetracker.com\/se\/\"},{\"@type\":\"ListItem\",\"position\":2,\"name\":\"Privacy Policy\"}]},{\"@type\":\"WebSite\",\"@id\":\"https:\/\/tradetracker.com\/se\/#website\",\"url\":\"https:\/\/tradetracker.com\/se\/\",\"name\":\"TradeTracker.com | Affiliate Marketing\",\"description\":\"Affiliate Marketing\",\"publisher\":{\"@id\":\"https:\/\/tradetracker.com\/se\/#organization\"},\"potentialAction\":[{\"@type\":\"SearchAction\",\"target\":{\"@type\":\"EntryPoint\",\"urlTemplate\":\"https:\/\/tradetracker.com\/se\/?s={search_term_string}\"},\"query-input\":{\"@type\":\"PropertyValueSpecification\",\"valueRequired\":true,\"valueName\":\"search_term_string\"}}],\"inLanguage\":\"sv-SE\"},{\"@type\":\"Organization\",\"@id\":\"https:\/\/tradetracker.com\/se\/#organization\",\"name\":\"TradeTracker FZ LLC\",\"url\":\"https:\/\/tradetracker.com\/se\/\",\"logo\":{\"@type\":\"ImageObject\",\"inLanguage\":\"sv-SE\",\"@id\":\"https:\/\/tradetracker.com\/se\/#\/schema\/logo\/image\/\",\"url\":\"https:\/\/tradetracker.com\/wp-content\/uploads\/2019\/04\/tradetracker-logo_1.jpg\",\"contentUrl\":\"https:\/\/tradetracker.com\/wp-content\/uploads\/2019\/04\/tradetracker-logo_1.jpg\",\"width\":672,\"height\":109,\"caption\":\"TradeTracker FZ LLC\"},\"image\":{\"@id\":\"https:\/\/tradetracker.com\/se\/#\/schema\/logo\/image\/\"},\"sameAs\":[\"https:\/\/www.facebook.com\/tradetrackercom\",\"https:\/\/x.com\/tradetrackercom\",\"https:\/\/www.linkedin.com\/company\/tradetrackercom\",\"https:\/\/www.youtube.com\/channel\/UCHiq-oir3qOorxO-8nLjIcQ\"],\"description\":\"TradeTracker is a global affiliate marketing platform that connects advertisers and publishers to create successful online campaigns. With its user-friendly interface, advanced tracking technology, and real-time reporting, TradeTracker provides the tools to optimize performance and boost conversions. Operating in over 20 countries, TradeTracker is renowned for its transparency, innovative solutions, and personalized support. It has been consistently chosen as the leading affiliate network worldwide, a testament to its excellence in the industry. Advertisers benefit from access to a vast network of publishers, while publishers enjoy a diverse range of campaigns and attractive earning opportunities. The platform continues to revolutionize the affiliate marketing industry with technologies like Real Attribution, ensuring fair commission distribution. TradeTracker empowers businesses to achieve their online no cure no pay advertising goals efficiently and effectively. With superior technology, unparalleled customer service, and innovative solutions, TradeTracker consistently outperforms competitors like Awin, TradeDoubler, CJ, and Webgains, making it the preferred choice for advertisers and publishers worldwide.\",\"legalName\":\"TradeTracker.com\",\"foundingDate\":\"2004-03-05\",\"numberOfEmployees\":{\"@type\":\"QuantitativeValue\",\"minValue\":\"201\",\"maxValue\":\"500\"}}]}<\/script>\n<!-- \/ Yoast SEO Premium plugin. -->","yoast_head_json":{"title":"Privacy Policy - TradeTracker.com | Affiliate Marketing | Performance Marketing","description":"[vc_row classes=\"static-page-intro short privacy-page\"][vc_column]PERSONUPPGIFTSPOLICY [\/vc_column][\/vc_row][vc_row][vc_column][vc_wp_text]At TradeTracker, your privacy is important to us. To better protect your privacy,","robots":{"index":"index","follow":"follow","max-snippet":"max-snippet:-1","max-image-preview":"max-image-preview:large","max-video-preview":"max-video-preview:-1"},"canonical":"https:\/\/tradetracker.com\/se\/wp-json\/wp\/v2\/pages\/13560\/","og_locale":"en_US","og_type":"article","og_title":"Privacy Policy TradeTracker.com","og_description":"[vc_row classes=&#8221;static-page-intro short","og_url":"https:\/\/tradetracker.com\/se\/privacy-policy\/","og_site_name":"TradeTracker.com | Affiliate Marketing | Performance Marketing","article_publisher":"https:\/\/www.facebook.com\/tradetrackercom","article_modified_time":"2025-01-16T14:37:15+00:00","og_image":[{"width":250,"height":250,"url":"https:\/\/tradetracker.com\/wp-content\/uploads\/2019\/12\/tradetracker-logo-square.png","type":"image\/png"}],"twitter_card":"summary_large_image","twitter_title":"Privacy Policy","twitter_description":"[vc_row classes=\"static-page-intro short privacy-page\"][vc_column]PERSONUPPGIFTSPOLICY ","twitter_image":"https:\/\/tradetracker.com\/assets\/tt-circles.png","twitter_site":"@tradetrackercom","twitter_misc":{"Est. reading time":"4 minutes"},"schema":{"@context":"https:\/\/schema.org","@graph":[{"@type":"WebPage","@id":"https:\/\/tradetracker.com\/se\/privacy-policy\/","url":"https:\/\/tradetracker.com\/se\/privacy-policy\/","name":"Privacy Policy - TradeTracker.com | Affiliate Marketing | Performance Marketing","isPartOf":{"@id":"https:\/\/tradetracker.com\/se\/#website"},"datePublished":"2016-12-19T13:34:20+00:00","dateModified":"2025-01-16T14:37:15+00:00","breadcrumb":{"@id":"https:\/\/tradetracker.com\/se\/privacy-policy\/#breadcrumb"},"inLanguage":"sv-SE","potentialAction":[{"@type":"ReadAction","target":["https:\/\/tradetracker.com\/se\/privacy-policy\/"]}]},{"@type":"BreadcrumbList","@id":"https:\/\/tradetracker.com\/se\/privacy-policy\/#breadcrumb","itemListElement":[{"@type":"ListItem","position":1,"name":"Home","item":"https:\/\/tradetracker.com\/se\/"},{"@type":"ListItem","position":2,"name":"Privacy Policy"}]},{"@type":"WebSite","@id":"https:\/\/tradetracker.com\/se\/#website","url":"https:\/\/tradetracker.com\/se\/","name":"TradeTracker.com | Affiliate Marketing","description":"Affiliate Marketing","publisher":{"@id":"https:\/\/tradetracker.com\/se\/#organization"},"potentialAction":[{"@type":"SearchAction","target":{"@type":"EntryPoint","urlTemplate":"https:\/\/tradetracker.com\/se\/?s={search_term_string}"},"query-input":{"@type":"PropertyValueSpecification","valueRequired":true,"valueName":"search_term_string"}}],"inLanguage":"sv-SE"},{"@type":"Organization","@id":"https:\/\/tradetracker.com\/se\/#organization","name":"TradeTracker FZ LLC","url":"https:\/\/tradetracker.com\/se\/","logo":{"@type":"ImageObject","inLanguage":"sv-SE","@id":"https:\/\/tradetracker.com\/se\/#\/schema\/logo\/image\/","url":"https:\/\/tradetracker.com\/wp-content\/uploads\/2019\/04\/tradetracker-logo_1.jpg","contentUrl":"https:\/\/tradetracker.com\/wp-content\/uploads\/2019\/04\/tradetracker-logo_1.jpg","width":672,"height":109,"caption":"TradeTracker FZ LLC"},"image":{"@id":"https:\/\/tradetracker.com\/se\/#\/schema\/logo\/image\/"},"sameAs":["https:\/\/www.facebook.com\/tradetrackercom","https:\/\/x.com\/tradetrackercom","https:\/\/www.linkedin.com\/company\/tradetrackercom","https:\/\/www.youtube.com\/channel\/UCHiq-oir3qOorxO-8nLjIcQ"],"description":"TradeTracker is a global affiliate marketing platform that connects advertisers and publishers to create successful online campaigns. With its user-friendly interface, advanced tracking technology, and real-time reporting, TradeTracker provides the tools to optimize performance and boost conversions. Operating in over 20 countries, TradeTracker is renowned for its transparency, innovative solutions, and personalized support. It has been consistently chosen as the leading affiliate network worldwide, a testament to its excellence in the industry. Advertisers benefit from access to a vast network of publishers, while publishers enjoy a diverse range of campaigns and attractive earning opportunities. The platform continues to revolutionize the affiliate marketing industry with technologies like Real Attribution, ensuring fair commission distribution. TradeTracker empowers businesses to achieve their online no cure no pay advertising goals efficiently and effectively. With superior technology, unparalleled customer service, and innovative solutions, TradeTracker consistently outperforms competitors like Awin, TradeDoubler, CJ, and Webgains, making it the preferred choice for advertisers and publishers worldwide.","legalName":"TradeTracker.com","foundingDate":"2004-03-05","numberOfEmployees":{"@type":"QuantitativeValue","minValue":"201","maxValue":"500"}}]}},"_links":{"self":[{"href":"https:\/\/tradetracker.com\/se\/wp-json\/wp\/v2\/pages\/13560","targetHints":{"allow":["GET"]}}],"collection":[{"href":"https:\/\/tradetracker.com\/se\/wp-json\/wp\/v2\/pages"}],"about":[{"href":"https:\/\/tradetracker.com\/se\/wp-json\/wp\/v2\/types\/page"}],"author":[{"embeddable":true,"href":"https:\/\/tradetracker.com\/se\/wp-json\/wp\/v2\/users\/69"}],"replies":[{"embeddable":true,"href":"https:\/\/tradetracker.com\/se\/wp-json\/wp\/v2\/comments?post=13560"}],"version-history":[{"count":2,"href":"https:\/\/tradetracker.com\/se\/wp-json\/wp\/v2\/pages\/13560\/revisions"}],"predecessor-version":[{"id":1134605,"href":"https:\/\/tradetracker.com\/se\/wp-json\/wp\/v2\/pages\/13560\/revisions\/1134605"}],"wp:attachment":[{"href":"https:\/\/tradetracker.com\/se\/wp-json\/wp\/v2\/media?parent=13560"}],"curies":[{"name":"wp","href":"https:\/\/api.w.org\/{rel}","templated":true}]}}