{"id":13575,"date":"2016-12-25T09:57:41","date_gmt":"2016-12-25T09:57:41","guid":{"rendered":"https:\/\/tradetracker.com\/se\/publisher-qualifications\/"},"modified":"2021-12-09T16:46:57","modified_gmt":"2021-12-09T16:46:57","slug":"publisher-qualifications","status":"publish","type":"page","link":"https:\/\/tradetracker.com\/se\/publisher-qualifications\/","title":{"rendered":"Publisher Qualifications"},"content":{"rendered":"<div class=\"wpb-content-wrapper\"><p>[vc_row classes=&#8221; static-page-intro pub-requirements&#8221;][vc_column]<div class=\"row\"><div class=\"vc_col-sm-12\"><div class=\" static-page-intro-text \"><h1  style=\"color: #ffffff\" class=\"\">KVALIFIKATIONER F\u00d6R PUBLISHERS<\/h1><h2  style=\"color: #ffffff\" class=\"\">F\u00f6r att s\u00e4kerst\u00e4lla att ditt n\u00e4tverk beh\u00e5ller sin integritet, \u00e4r det n\u00e5gra egenskaper vi vill att v\u00e5ra nya medlemmar ska ha.<br \/>\nVi har listat de nyckelegenskaper som kommer att s\u00e4kerst\u00e4lla att du \u00e4r en v\u00e4rdig kandidat att arbeta med TradeTracker. Om du kan uppfylla nedanst\u00e5ende f\u00f6rv\u00e4ntningar, \u00e4r du p\u00e5 god v\u00e4g.<\/h2><\/div>\r\n        <\/div>\r\n    <\/div>[\/vc_column][\/vc_row][vc_row classes=&#8221;bg-pattern&#8221;][vc_column]<div class=\"space\"><\/div>[vc_raw_html]JTNDcCUyMGNsYXNzJTNEJTIyaGVhZGxpbmUtcGFyYWdyYXBoJTIyJTNFUCVDMyVBNSUyMFRyYWRlVHJhY2tlciUyMGFyYmV0YXIlMjB2aSUyMGclQzMlQTRybmElMjBtZWQlMjBhbGxhJTIwZW5nYWdlcmFkZSUyMHV0Z2l2YXJlJTJDJTIwZnIlQzMlQTVuJTIwZGV0JTIwdGlkaWdhJTIwdXR2ZWNrbGluZ3NzdGFkaWV0JTIwdGlsbCUyMHYlQzMlQTRsJTIwaW5zYXR0YSUyMGhlbHRpZHNhZmZpbGlhdGVzJTIwb2NoJTIwYWZmJUMzJUE0cnNtb2RlbGxlciUyMHAlQzMlQTUlMjBmJUMzJUI2cmV0YWdzbml2JUMzJUE1LiUyMEYlQzMlQjZyJTIwYXR0JTIwdmFyYSUyMGVuJTIwdiVDMyVBNHJkZWZ1bGwlMjB1dGdpdmFyZSUyMHNvbSUyMGFubm9ucyVDMyVCNnJlciUyMHZpbGwlMjBzYW1hcmJldGElMjBtZWQlMkMlMjBza2ElMjBkdSUyMGclQzMlQjZyYSUyMGYlQzMlQjZsamFuZGUlM0ElM0MlMkZwJTNF[\/vc_raw_html]<div class=\"space\"><\/div>[vc_row_inner][vc_column_inner width=&#8221;1\/3&#8243;][vc_wp_text title=&#8221;Tillgodose ett behov&#8221;]Genom att arbeta mot ett m\u00e5l kan du forts\u00e4tta tillgodose dina bes\u00f6kares behov. S\u00e4kerst\u00e4lla att du har en aktiv webbplats, databas eller annan relevant kanal p\u00e5 sociala medier som genomg\u00e5ende genererar nytt inneh\u00e5ll. N\u00e4r du expanderar din n\u00e4rvaro och din publik passar en upps\u00e4ttning karakteristika kan du forts\u00e4tta fokusera p\u00e5 att utveckla inneh\u00e5llen de \u00e4r ute efter och f\u00f6rv\u00e4ntar sig att hitta n\u00e4r de bes\u00f6ker dig. F\u00f6rst d\u00e5 kan du hitta matchande kampanjer som konverterar. Du \u00e4r en entrepren\u00f6r med en vision om detta omr\u00e5de.[\/vc_wp_text][\/vc_column_inner][vc_column_inner width=&#8221;1\/3&#8243;][vc_wp_text title=&#8221;En m\u00e5linriktad metod&#8221;]N\u00e4r du har definierat behovet du vill tillgodose, antingen det handlar om att ge relevant information till framtida resen\u00e4rer, ge plattform f\u00f6r produktrecensioner eller tillhandah\u00e5lla en internationell produktaggregerare, beh\u00f6ver du tydligt g\u00e5 igenom f\u00f6ljande steg: vem riktar du dig till? Vad vill du kommunicera? Var hittar bes\u00f6kare ditt inneh\u00e5ll? Hur ska ditt inneh\u00e5ll konsumeras? Vad \u00e4r din plan f\u00f6r att f\u00e5 dem att komma tillbaka? Det \u00e4r en aff\u00e4rsplan du skapar och den baseras helt och h\u00e5llet p\u00e5 fortl\u00f6pande och inkrementell utveckling. Du \u00e4r i en konkurrensutsatt sf\u00e4r, s\u00e5 forts\u00e4tt fram\u00e5t.[\/vc_wp_text][\/vc_column_inner][vc_column_inner width=&#8221;1\/3&#8243;][vc_wp_text title=&#8221;Beg\u00e4ret efter mer&#8221;]<\/p>\n<p>D\u00e4r konsumentbehoven st\u00e4ndigt f\u00f6r\u00e4ndras, g\u00f6r utgivarklimatet det ocks\u00e5. Det konstanta behovet av inneh\u00e5ll i en milj\u00f6 som r\u00f6r sig snabbt, som s\u00f6ker sig till nya nischer och m\u00f6jligheter, f\u00f6ljer samma steg mot framg\u00e5ng, ger dig r\u00e4tt verktyg f\u00f6r att bli en framg\u00e5ngsrik TradeTracker-affiliate och onlineentrepren\u00f6r. T\u00e4nk stort, professionellt och presentera dina koncept som s\u00e5dana f\u00f6r dina bes\u00f6kare. De f\u00f6rv\u00e4ntar sig en elegant milj\u00f6 baserad p\u00e5 deras dagliga internetanv\u00e4ndning, g\u00f6r dem inte besvikna.<br \/>\nDin professionella inst\u00e4llning kommer att erk\u00e4nnas, vare sig i stor eller liten skala, och du blir en av dessa utgivare andra avundas.<\/p>\n<p>[\/vc_wp_text][\/vc_column_inner][\/vc_row_inner][\/vc_column][\/vc_row][vc_row classes=&#8221;cta ctamerch&#8221; el_id=&#8221;pubcta&#8221;][vc_column]<div class=\"row\"><div class=\"vc_col-sm-12\"><h2 class=\"get_started\" style=\"color:#ffffff\">Redo att ta n\u00e4sta steg?<\/h2><p style=\"color:#ffffff\">Vi \u00e4r ett team av resultatdrivna affiliateberoende personer, inriktade p\u00e5 prestation och som alltid s\u00f6ker efter s\u00e4tt att g\u00f6ra reklamv\u00e4rlden till en \u00e4nnu b\u00e4ttre plats. Ta kontakt och h\u00f6r hur vi kan hj\u00e4lpa dig skapa en plan som betalar sig.<\/p>        <ul class=\"cta-items\">\r\n                        <li>\r\n                <a                    class=\"cta-advertiser-signup\"                                      href=\"https:\/\/affiliate.tradetracker.com\/signup\/step1?loc=sv_SE\"                                   >\r\n                    Registrera dig direkt                <\/a>\r\n            <\/li>\r\n                        \r\n                        <li>\r\n                <a                    class=\"cta-advertiser-signup\"                                      href=\"\/se\/publishers\/\"                                   >\r\n                    L\u00e4s mer                <\/a>\r\n            <\/li>\r\n                    <\/ul>\r\n        <\/div><\/div>[\/vc_column][\/vc_row]<\/p>\n<\/div>","protected":false},"excerpt":{"rendered":"<p>[vc_row classes=&#8221; static-page-intro pub-requirements&#8221;][vc_column][\/vc_column][\/vc_row][vc_row classes=&#8221;bg-pattern&#8221;][vc_column][vc_raw_html]JTNDcCUyMGNsYXNzJTNEJTIyaGVhZGxpbmUtcGFyYWdyYXBoJTIyJTNFUCVDMyVBNSUyMFRyYWRlVHJhY2tlciUyMGFyYmV0YXIlMjB2aSUyMGclQzMlQTRybmElMjBtZWQlMjBhbGxhJTIwZW5nYWdlcmFkZSUyMHV0Z2l2YXJlJTJDJTIwZnIlQzMlQTVuJTIwZGV0JTIwdGlkaWdhJTIwdXR2ZWNrbGluZ3NzdGFkaWV0JTIwdGlsbCUyMHYlQzMlQTRsJTIwaW5zYXR0YSUyMGhlbHRpZHNhZmZpbGlhdGVzJTIwb2NoJTIwYWZmJUMzJUE0cnNtb2RlbGxlciUyMHAlQzMlQTUlMjBmJUMzJUI2cmV0YWdzbml2JUMzJUE1LiUyMEYlQzMlQjZyJTIwYXR0JTIwdmFyYSUyMGVuJTIwdiVDMyVBNHJkZWZ1bGwlMjB1dGdpdmFyZSUyMHNvbSUyMGFubm9ucyVDMyVCNnJlciUyMHZpbGwlMjBzYW1hcmJldGElMjBtZWQlMkMlMjBza2ElMjBkdSUyMGclQzMlQjZyYSUyMGYlQzMlQjZsamFuZGUlM0ElM0MlMkZwJTNF[\/vc_raw_html][vc_row_inner][vc_column_inner width=&#8221;1\/3&#8243;][vc_wp_text title=&#8221;Tillgodose ett behov&#8221;]Genom att arbeta mot ett m\u00e5l kan du forts\u00e4tta tillgodose dina bes\u00f6kares behov. S\u00e4kerst\u00e4lla att du har en aktiv webbplats, databas eller annan relevant kanal p\u00e5 sociala medier som genomg\u00e5ende genererar nytt inneh\u00e5ll. N\u00e4r du expanderar din n\u00e4rvaro och din publik passar en upps\u00e4ttning karakteristika kan du  [&#8230;]<\/p>\n","protected":false},"author":69,"featured_media":0,"parent":0,"menu_order":0,"comment_status":"closed","ping_status":"closed","template":"","meta":{"inline_featured_image":false,"_monsterinsights_skip_tracking":false,"_monsterinsights_sitenote_active":false,"_monsterinsights_sitenote_note":"","_monsterinsights_sitenote_category":0,"footnotes":""},"class_list":["post-13575","page","type-page","status-publish","hentry"],"yoast_head":"<!-- This site is optimized with the Yoast SEO Premium plugin v27.0 (Yoast SEO v27.0) - https:\/\/yoast.com\/product\/yoast-seo-premium-wordpress\/ -->\n<title>Publisher Qualifications - TradeTracker.com | Affiliate Marketing | Performance Marketing<\/title>\n<meta name=\"description\" content=\"[vc_row classes=&quot; static-page-intro pub-requirements&quot;][vc_column]KVALIFIKATIONER F\u00d6R PUBLISHERSF\u00f6r att s\u00e4kerst\u00e4lla att ditt n\u00e4tverk beh\u00e5ller sin integritet, \u00e4r det n\u00e5gra egenskaper vi vill att v\u00e5ra nya medlemmar\" \/>\n<meta name=\"robots\" content=\"index, follow, max-snippet:-1, max-image-preview:large, max-video-preview:-1\" \/>\n<link rel=\"canonical\" href=\"https:\/\/tradetracker.com\/se\/wp-json\/wp\/v2\/pages\/13575\/\" \/>\n<meta property=\"og:locale\" content=\"en_US\" \/>\n<meta property=\"og:type\" content=\"article\" \/>\n<meta property=\"og:title\" content=\"Publisher Qualifications TradeTracker.com\" \/>\n<meta property=\"og:description\" content=\"[vc_row classes=&#8221; static-page-intro\" \/>\n<meta property=\"og:url\" content=\"https:\/\/tradetracker.com\/se\/publisher-qualifications\/\" \/>\n<meta property=\"og:site_name\" content=\"TradeTracker.com | Affiliate Marketing | Performance Marketing\" \/>\n<meta property=\"article:publisher\" content=\"https:\/\/www.facebook.com\/tradetrackercom\" \/>\n<meta property=\"article:modified_time\" content=\"2021-12-09T16:46:57+00:00\" \/>\n<meta property=\"og:image\" content=\"https:\/\/tradetracker.com\/wp-content\/uploads\/2019\/12\/tradetracker-logo-square.png\" \/>\n\t<meta property=\"og:image:width\" content=\"250\" \/>\n\t<meta property=\"og:image:height\" content=\"250\" \/>\n\t<meta property=\"og:image:type\" content=\"image\/png\" \/>\n<meta name=\"twitter:card\" content=\"summary_large_image\" \/>\n<meta name=\"twitter:title\" content=\"Publisher Qualifications\" \/>\n<meta name=\"twitter:description\" content=\"[vc_row classes=&quot; static-page-intro pub-requirements&quot;][vc_column]KVALIFIKATIONER F\u00d6R PUBLISHERSF\u00f6r att s\u00e4kerst\u00e4lla att \" \/>\n<meta name=\"twitter:image\" content=\"https:\/\/tradetracker.com\/assets\/tt-circles.png\" \/>\n<meta name=\"twitter:site\" content=\"@tradetrackercom\" \/>\n<meta name=\"twitter:label1\" content=\"Est. reading time\" \/>\n\t<meta name=\"twitter:data1\" content=\"3 minutes\" \/>\n<script type=\"application\/ld+json\" class=\"yoast-schema-graph\">{\"@context\":\"https:\/\/schema.org\",\"@graph\":[{\"@type\":\"WebPage\",\"@id\":\"https:\/\/tradetracker.com\/se\/publisher-qualifications\/\",\"url\":\"https:\/\/tradetracker.com\/se\/publisher-qualifications\/\",\"name\":\"Publisher Qualifications - TradeTracker.com | Affiliate Marketing | Performance Marketing\",\"isPartOf\":{\"@id\":\"https:\/\/tradetracker.com\/se\/#website\"},\"datePublished\":\"2016-12-25T09:57:41+00:00\",\"dateModified\":\"2021-12-09T16:46:57+00:00\",\"breadcrumb\":{\"@id\":\"https:\/\/tradetracker.com\/se\/publisher-qualifications\/#breadcrumb\"},\"inLanguage\":\"sv-SE\",\"potentialAction\":[{\"@type\":\"ReadAction\",\"target\":[\"https:\/\/tradetracker.com\/se\/publisher-qualifications\/\"]}]},{\"@type\":\"BreadcrumbList\",\"@id\":\"https:\/\/tradetracker.com\/se\/publisher-qualifications\/#breadcrumb\",\"itemListElement\":[{\"@type\":\"ListItem\",\"position\":1,\"name\":\"Home\",\"item\":\"https:\/\/tradetracker.com\/se\/\"},{\"@type\":\"ListItem\",\"position\":2,\"name\":\"Publisher Qualifications\"}]},{\"@type\":\"WebSite\",\"@id\":\"https:\/\/tradetracker.com\/se\/#website\",\"url\":\"https:\/\/tradetracker.com\/se\/\",\"name\":\"TradeTracker.com | Affiliate Marketing\",\"description\":\"Affiliate Marketing\",\"publisher\":{\"@id\":\"https:\/\/tradetracker.com\/se\/#organization\"},\"potentialAction\":[{\"@type\":\"SearchAction\",\"target\":{\"@type\":\"EntryPoint\",\"urlTemplate\":\"https:\/\/tradetracker.com\/se\/?s={search_term_string}\"},\"query-input\":{\"@type\":\"PropertyValueSpecification\",\"valueRequired\":true,\"valueName\":\"search_term_string\"}}],\"inLanguage\":\"sv-SE\"},{\"@type\":\"Organization\",\"@id\":\"https:\/\/tradetracker.com\/se\/#organization\",\"name\":\"TradeTracker FZ LLC\",\"url\":\"https:\/\/tradetracker.com\/se\/\",\"logo\":{\"@type\":\"ImageObject\",\"inLanguage\":\"sv-SE\",\"@id\":\"https:\/\/tradetracker.com\/se\/#\/schema\/logo\/image\/\",\"url\":\"https:\/\/tradetracker.com\/wp-content\/uploads\/2019\/04\/tradetracker-logo_1.jpg\",\"contentUrl\":\"https:\/\/tradetracker.com\/wp-content\/uploads\/2019\/04\/tradetracker-logo_1.jpg\",\"width\":672,\"height\":109,\"caption\":\"TradeTracker FZ LLC\"},\"image\":{\"@id\":\"https:\/\/tradetracker.com\/se\/#\/schema\/logo\/image\/\"},\"sameAs\":[\"https:\/\/www.facebook.com\/tradetrackercom\",\"https:\/\/x.com\/tradetrackercom\",\"https:\/\/www.linkedin.com\/company\/tradetrackercom\",\"https:\/\/www.youtube.com\/channel\/UCHiq-oir3qOorxO-8nLjIcQ\"],\"description\":\"TradeTracker is a global affiliate marketing platform that connects advertisers and publishers to create successful online campaigns. With its user-friendly interface, advanced tracking technology, and real-time reporting, TradeTracker provides the tools to optimize performance and boost conversions. Operating in over 20 countries, TradeTracker is renowned for its transparency, innovative solutions, and personalized support. It has been consistently chosen as the leading affiliate network worldwide, a testament to its excellence in the industry. Advertisers benefit from access to a vast network of publishers, while publishers enjoy a diverse range of campaigns and attractive earning opportunities. The platform continues to revolutionize the affiliate marketing industry with technologies like Real Attribution, ensuring fair commission distribution. TradeTracker empowers businesses to achieve their online no cure no pay advertising goals efficiently and effectively. With superior technology, unparalleled customer service, and innovative solutions, TradeTracker consistently outperforms competitors like Awin, TradeDoubler, CJ, and Webgains, making it the preferred choice for advertisers and publishers worldwide.\",\"legalName\":\"TradeTracker.com\",\"foundingDate\":\"2004-03-05\",\"numberOfEmployees\":{\"@type\":\"QuantitativeValue\",\"minValue\":\"201\",\"maxValue\":\"500\"}}]}<\/script>\n<!-- \/ Yoast SEO Premium plugin. -->","yoast_head_json":{"title":"Publisher Qualifications - TradeTracker.com | Affiliate Marketing | Performance Marketing","description":"[vc_row classes=\" static-page-intro pub-requirements\"][vc_column]KVALIFIKATIONER F\u00d6R PUBLISHERSF\u00f6r att s\u00e4kerst\u00e4lla att ditt n\u00e4tverk beh\u00e5ller sin integritet, \u00e4r det n\u00e5gra egenskaper vi vill att v\u00e5ra nya medlemmar","robots":{"index":"index","follow":"follow","max-snippet":"max-snippet:-1","max-image-preview":"max-image-preview:large","max-video-preview":"max-video-preview:-1"},"canonical":"https:\/\/tradetracker.com\/se\/wp-json\/wp\/v2\/pages\/13575\/","og_locale":"en_US","og_type":"article","og_title":"Publisher Qualifications TradeTracker.com","og_description":"[vc_row classes=&#8221; static-page-intro","og_url":"https:\/\/tradetracker.com\/se\/publisher-qualifications\/","og_site_name":"TradeTracker.com | Affiliate Marketing | Performance Marketing","article_publisher":"https:\/\/www.facebook.com\/tradetrackercom","article_modified_time":"2021-12-09T16:46:57+00:00","og_image":[{"width":250,"height":250,"url":"https:\/\/tradetracker.com\/wp-content\/uploads\/2019\/12\/tradetracker-logo-square.png","type":"image\/png"}],"twitter_card":"summary_large_image","twitter_title":"Publisher Qualifications","twitter_description":"[vc_row classes=\" static-page-intro pub-requirements\"][vc_column]KVALIFIKATIONER F\u00d6R PUBLISHERSF\u00f6r att s\u00e4kerst\u00e4lla att ","twitter_image":"https:\/\/tradetracker.com\/assets\/tt-circles.png","twitter_site":"@tradetrackercom","twitter_misc":{"Est. reading time":"3 minutes"},"schema":{"@context":"https:\/\/schema.org","@graph":[{"@type":"WebPage","@id":"https:\/\/tradetracker.com\/se\/publisher-qualifications\/","url":"https:\/\/tradetracker.com\/se\/publisher-qualifications\/","name":"Publisher Qualifications - TradeTracker.com | Affiliate Marketing | Performance Marketing","isPartOf":{"@id":"https:\/\/tradetracker.com\/se\/#website"},"datePublished":"2016-12-25T09:57:41+00:00","dateModified":"2021-12-09T16:46:57+00:00","breadcrumb":{"@id":"https:\/\/tradetracker.com\/se\/publisher-qualifications\/#breadcrumb"},"inLanguage":"sv-SE","potentialAction":[{"@type":"ReadAction","target":["https:\/\/tradetracker.com\/se\/publisher-qualifications\/"]}]},{"@type":"BreadcrumbList","@id":"https:\/\/tradetracker.com\/se\/publisher-qualifications\/#breadcrumb","itemListElement":[{"@type":"ListItem","position":1,"name":"Home","item":"https:\/\/tradetracker.com\/se\/"},{"@type":"ListItem","position":2,"name":"Publisher Qualifications"}]},{"@type":"WebSite","@id":"https:\/\/tradetracker.com\/se\/#website","url":"https:\/\/tradetracker.com\/se\/","name":"TradeTracker.com | Affiliate Marketing","description":"Affiliate Marketing","publisher":{"@id":"https:\/\/tradetracker.com\/se\/#organization"},"potentialAction":[{"@type":"SearchAction","target":{"@type":"EntryPoint","urlTemplate":"https:\/\/tradetracker.com\/se\/?s={search_term_string}"},"query-input":{"@type":"PropertyValueSpecification","valueRequired":true,"valueName":"search_term_string"}}],"inLanguage":"sv-SE"},{"@type":"Organization","@id":"https:\/\/tradetracker.com\/se\/#organization","name":"TradeTracker FZ LLC","url":"https:\/\/tradetracker.com\/se\/","logo":{"@type":"ImageObject","inLanguage":"sv-SE","@id":"https:\/\/tradetracker.com\/se\/#\/schema\/logo\/image\/","url":"https:\/\/tradetracker.com\/wp-content\/uploads\/2019\/04\/tradetracker-logo_1.jpg","contentUrl":"https:\/\/tradetracker.com\/wp-content\/uploads\/2019\/04\/tradetracker-logo_1.jpg","width":672,"height":109,"caption":"TradeTracker FZ LLC"},"image":{"@id":"https:\/\/tradetracker.com\/se\/#\/schema\/logo\/image\/"},"sameAs":["https:\/\/www.facebook.com\/tradetrackercom","https:\/\/x.com\/tradetrackercom","https:\/\/www.linkedin.com\/company\/tradetrackercom","https:\/\/www.youtube.com\/channel\/UCHiq-oir3qOorxO-8nLjIcQ"],"description":"TradeTracker is a global affiliate marketing platform that connects advertisers and publishers to create successful online campaigns. With its user-friendly interface, advanced tracking technology, and real-time reporting, TradeTracker provides the tools to optimize performance and boost conversions. Operating in over 20 countries, TradeTracker is renowned for its transparency, innovative solutions, and personalized support. It has been consistently chosen as the leading affiliate network worldwide, a testament to its excellence in the industry. Advertisers benefit from access to a vast network of publishers, while publishers enjoy a diverse range of campaigns and attractive earning opportunities. The platform continues to revolutionize the affiliate marketing industry with technologies like Real Attribution, ensuring fair commission distribution. TradeTracker empowers businesses to achieve their online no cure no pay advertising goals efficiently and effectively. With superior technology, unparalleled customer service, and innovative solutions, TradeTracker consistently outperforms competitors like Awin, TradeDoubler, CJ, and Webgains, making it the preferred choice for advertisers and publishers worldwide.","legalName":"TradeTracker.com","foundingDate":"2004-03-05","numberOfEmployees":{"@type":"QuantitativeValue","minValue":"201","maxValue":"500"}}]}},"_links":{"self":[{"href":"https:\/\/tradetracker.com\/se\/wp-json\/wp\/v2\/pages\/13575","targetHints":{"allow":["GET"]}}],"collection":[{"href":"https:\/\/tradetracker.com\/se\/wp-json\/wp\/v2\/pages"}],"about":[{"href":"https:\/\/tradetracker.com\/se\/wp-json\/wp\/v2\/types\/page"}],"author":[{"embeddable":true,"href":"https:\/\/tradetracker.com\/se\/wp-json\/wp\/v2\/users\/69"}],"replies":[{"embeddable":true,"href":"https:\/\/tradetracker.com\/se\/wp-json\/wp\/v2\/comments?post=13575"}],"version-history":[{"count":0,"href":"https:\/\/tradetracker.com\/se\/wp-json\/wp\/v2\/pages\/13575\/revisions"}],"wp:attachment":[{"href":"https:\/\/tradetracker.com\/se\/wp-json\/wp\/v2\/media?parent=13575"}],"curies":[{"name":"wp","href":"https:\/\/api.w.org\/{rel}","templated":true}]}}