{"id":26552,"date":"2017-02-15T06:49:01","date_gmt":"2017-02-15T06:49:01","guid":{"rendered":"https:\/\/tradetracker.com\/se\/advertisers\/services\/"},"modified":"2020-12-17T10:57:23","modified_gmt":"2020-12-17T10:57:23","slug":"services","status":"publish","type":"page","link":"https:\/\/tradetracker.com\/se\/advertisers\/services\/","title":{"rendered":"Services"},"content":{"rendered":"<div class=\"wpb-content-wrapper\"><p>[vc_row css=&#8221;.vc_custom_1607983720946{background-color: #6ebd44 !important;}&#8221; classes=&#8221;tt-single-industry tt-services&#8221;][vc_column]<div class=\"row\"><div class=\"vc_col-sm-12\"><div class=\" static-page-intro-text \" style=\"width: 75%\"><h1  style=\"color: #ffffff\" class=\"\">TJ\u00c4NSTER<\/h1><h2  style=\"color: #ffffff\" class=\"\">Att vara v\u00e4rd f\u00f6r ett varierat n\u00e4tverk av professionella \u00e4r n\u00e5gonting vi \u00e4r stolta \u00f6ver och oavsett kampanj, kommer vi att ha en upps\u00e4ttning partners som \u00e4r idealiska f\u00f6r att du ska n\u00e5 framg\u00e5ng.<br \/>\nVi ber\u00f6mmer oss med ett specialiserat team som \u00e4r effektiva n\u00e4r det g\u00e4ller att identifiera viktiga samarbetspartners som \u00e4r idealiska f\u00f6r att din kampanj ska bli framg\u00e5ngsrik.<\/h2><\/div>\r\n        <\/div>\r\n    <\/div>[\/vc_column][\/vc_row][vc_row][vc_column]<div class=\"row tt-industries-page\"><div class='vc_col-sm-3' id='sidebar'><h4 class=\"lined-section\">Industries<\/h4><div class=\"widget_nav_menu\"><ul class=\"menu\"><li><a class=\"industries-back\" href=\"https:\/\/tradetracker.com\/se\/#section-industries\/\">\u2190 Back to Industry Home<\/a><\/li><li><a href='https:\/\/tradetracker.com\/se\/advertisers\/travel\/' class=''>Resa<\/a><\/li><li><a href='https:\/\/tradetracker.com\/se\/advertisers\/services\/' class='active'>Tj\u00e4nster<\/a><\/li><li><a href='https:\/\/tradetracker.com\/se\/advertisers\/telecom\/' class=''>Telekom<\/a><\/li><li><a href='https:\/\/tradetracker.com\/se\/advertisers\/shopping\/' class=''>Shopping<\/a><\/li><li><a href='https:\/\/tradetracker.com\/se\/advertisers\/finance\/' class=''>Finans<\/a><\/li><\/ul><\/div>\r\n    <\/div><div class=\"vc_col-sm-9\">\r\n                <div class=\"vc_col-sm-12\">\r\n                    <ul class=\"industry-list services\"><li><h2>Anst\u00e4llning, utbildning och karri\u00e4r<\/h2><p>        Riktar sig till dem som vill ta n\u00e4sta stora steg i sitt liv. Vi introducerar f\u00f6retagen som \u00e4r beredda att hj\u00e4lpa till, till v\u00e4gar d\u00e4r de kan ta kontakt med sina kunder.<\/p><\/li><li><h2>Blommor<\/h2><p>        Ingenting kan lysa upp dagen mer \u00e4n en f\u00e4rggrann bukett och ta fram ett leende i de speciella personers ansikten vi gillar att ge ett handtag.<\/p><\/li><li><h2>Dejting<\/h2><p>        I k\u00e4rlekens namn! V\u00e5r uppgift \u00e4r att f\u00f6ra samman singlar i hopp om lite romantik och evig lycka.<\/p><\/li><li><h2>Dom\u00e4nnamn och v\u00e4rdbaserade tj\u00e4nster<\/h2><p>        Avg\u00f6rande f\u00f6r alla webbplatser \u00e4r att s\u00e4kra ett effektfullt namn och vara v\u00e4rd f\u00f6r det med en stabil server och eftersom vi sj\u00e4lva \u00e4r ett onlinef\u00f6retag vet vi exakt vad som g\u00f6r att onlinef\u00f6retag fungerar.\n    <\/p><\/li><li><h2>Gratis tj\u00e4nster och prist\u00e4vlingar<\/h2><p>        \u201cDu m\u00e5ste vara med f\u00f6r att vinna\u201d, \u00e4r inte bara fantastiska ord att leva efter, men de har aldrig varit mer relevanta f\u00f6r de t\u00e4vlande vi introducerar v\u00e5ra klienter till som hoppas vinna jackpot.<\/p><\/li><li><h2>Juridik<\/h2><p>        Vi m\u00f6jligg\u00f6r professionella tj\u00e4nster som tar social r\u00e4ttvisa p\u00e5 mycket stort allvar och hj\u00e4lper g\u00e4rna m\u00e4nniskor ta sig ur dessa besv\u00e4rliga situationer.<\/p><\/li><li><h2>Marknadsf\u00f6ring via e-post<\/h2><p>        Aff\u00e4rskontaktens centrala metod och en nyckel till att st\u00e5 i kontakt med din lista med prenumeranter.<\/p><\/li><li><h2>Personliga internettj\u00e4nster<\/h2><p>        Uppmuntrar m\u00e4nniskor att f\u00e5 \u00e5tkomst till sina tj\u00e4nster med den l\u00e4tthet och flexibilitet som internet ger, med m\u00f6jlighet att g\u00f6ra det oavsett deras situation. V\u00e5r tj\u00e4nst hj\u00e4lper f\u00f6retag komma i kontakt med och visa upp sig sj\u00e4lva f\u00f6r de som beh\u00f6ver dem.<\/p><\/li><li><h2>Professionella tj\u00e4nster<\/h2><p>        Ger m\u00f6jlighet f\u00f6r experter att ut\u00f6ka sitt kontaktn\u00e4r och n\u00e5 m\u00e4nniskor som s\u00f6ker vad de har att erbjuda. Vi hj\u00e4lper dem finslipa sin f\u00f6rm\u00e5ga att presentera sig f\u00f6r m\u00e4nniskor som beh\u00f6ver deras tj\u00e4nster.<\/p><\/li><li><h2>Spel och lotterier<\/h2><p>        Vi v\u00e4nder oss till kunder som gillar att g\u00f6ra ett evenemang s\u00e5 mycket intressantare genom att f\u00f6rutsp\u00e5 resultatet,  och tillhandah\u00e5ller plattformen till m\u00e5nga olika leverant\u00f6rer s\u00e5 att de kan visa upp sin skicklighet f\u00f6r ivriga spelare i spel. <\/p><\/li><li><h2>Underh\u00e5llning och fritid<\/h2><p>        M\u00f6jligg\u00f6r f\u00f6r evenemang att ansluta till webbplatser som ger information till den publik de vill ha. Vi sammanf\u00f6r de tv\u00e5 och l\u00e5ter dem driva p\u00e5 sin biljettf\u00f6rs\u00e4ljning.<\/p><\/li><li><h2>V\u00e4lg\u00f6renhet<\/h2><p>        Ingenting gl\u00e4djer oss mer \u00e4n att tillhandah\u00e5lla en tj\u00e4nst som kan st\u00e4rka de som arbetar med v\u00e4lg\u00f6rande \u00e4ndam\u00e5l. V\u00e5rt team v\u00e4rderar m\u00f6jligheten att hj\u00e4lpa en icke kommersiell verksamhet ut\u00f6ka sin r\u00e4ckvidd och kommer alltid att anstr\u00e4nga oss lite extra f\u00f6r dem.\n    <\/p><\/li><\/ul><\/div><\/div><\/div>[\/vc_column][\/vc_row]<\/p>\n<\/div>","protected":false},"excerpt":{"rendered":"<p>[vc_row css=&#8221;.vc_custom_1607983720946{background-color: #6ebd44 !important;}&#8221; classes=&#8221;tt-single-industry tt-services&#8221;][vc_column][\/vc_column][\/vc_row][vc_row][vc_column][\/vc_column][\/vc_row]<\/p>\n","protected":false},"author":69,"featured_media":0,"parent":13304,"menu_order":0,"comment_status":"closed","ping_status":"closed","template":"","meta":{"inline_featured_image":false,"_monsterinsights_skip_tracking":false,"_monsterinsights_sitenote_active":false,"_monsterinsights_sitenote_note":"","_monsterinsights_sitenote_category":0,"footnotes":""},"class_list":["post-26552","page","type-page","status-publish","hentry"],"yoast_head":"<!-- This site is optimized with the Yoast SEO Premium plugin v27.0 (Yoast SEO v27.0) - https:\/\/yoast.com\/product\/yoast-seo-premium-wordpress\/ -->\n<title>Services - TradeTracker.com | Affiliate Marketing | Performance Marketing<\/title>\n<meta name=\"description\" content=\"Ingenting gl\u00e4djer oss mer \u00e4n att tillhandah\u00e5lla en tj\u00e4nst som kan st\u00e4rka de som arbetar med v\u00e4lg\u00f6rande \u00e4ndam\u00e5l. V\u00e5rt team v\u00e4rderar m\u00f6jligheten att hj\u00e4lpa en icke kommersiell verksamhet ut\u00f6ka sin\" \/>\n<meta name=\"robots\" content=\"index, follow, max-snippet:-1, max-image-preview:large, max-video-preview:-1\" \/>\n<link rel=\"canonical\" href=\"https:\/\/tradetracker.com\/se\/wp-json\/wp\/v2\/pages\/26552\/\" \/>\n<meta property=\"og:locale\" content=\"en_US\" \/>\n<meta property=\"og:type\" content=\"article\" \/>\n<meta property=\"og:title\" content=\"Services\" \/>\n<meta property=\"og:description\" content=\"[vc_row css=&#8221;.vc_custom_1607983720946{background-color: #6ebd44 !important;}&#8221; classes=&#8221;tt-single-industry tt-services&#8221;][vc_column][\/vc_column][\/vc_row][vc_row][vc_column][\/vc_column][\/vc_row]\" \/>\n<meta property=\"og:url\" content=\"https:\/\/tradetracker.com\/se\/advertisers\/services\/\" \/>\n<meta property=\"og:site_name\" content=\"TradeTracker.com | Affiliate Marketing | Performance Marketing\" \/>\n<meta property=\"article:publisher\" content=\"https:\/\/www.facebook.com\/tradetrackercom\" \/>\n<meta property=\"article:modified_time\" content=\"2020-12-17T10:57:23+00:00\" \/>\n<meta property=\"og:image\" content=\"https:\/\/tradetracker.com\/wp-content\/uploads\/2019\/12\/tradetracker-logo-square.png\" \/>\n\t<meta property=\"og:image:width\" content=\"250\" \/>\n\t<meta property=\"og:image:height\" content=\"250\" \/>\n\t<meta property=\"og:image:type\" content=\"image\/png\" \/>\n<meta name=\"twitter:card\" content=\"summary_large_image\" \/>\n<meta name=\"twitter:site\" content=\"@tradetrackercom\" \/>\n<meta name=\"twitter:label1\" content=\"Est. reading time\" \/>\n\t<meta name=\"twitter:data1\" content=\"1 minute\" \/>\n<script type=\"application\/ld+json\" class=\"yoast-schema-graph\">{\"@context\":\"https:\/\/schema.org\",\"@graph\":[{\"@type\":\"WebPage\",\"@id\":\"https:\/\/tradetracker.com\/se\/advertisers\/services\/\",\"url\":\"https:\/\/tradetracker.com\/se\/advertisers\/services\/\",\"name\":\"Services - TradeTracker.com | Affiliate Marketing | Performance Marketing\",\"isPartOf\":{\"@id\":\"https:\/\/tradetracker.com\/se\/#website\"},\"datePublished\":\"2017-02-15T06:49:01+00:00\",\"dateModified\":\"2020-12-17T10:57:23+00:00\",\"breadcrumb\":{\"@id\":\"https:\/\/tradetracker.com\/se\/advertisers\/services\/#breadcrumb\"},\"inLanguage\":\"sv-SE\",\"potentialAction\":[{\"@type\":\"ReadAction\",\"target\":[\"https:\/\/tradetracker.com\/se\/advertisers\/services\/\"]}]},{\"@type\":\"BreadcrumbList\",\"@id\":\"https:\/\/tradetracker.com\/se\/advertisers\/services\/#breadcrumb\",\"itemListElement\":[{\"@type\":\"ListItem\",\"position\":1,\"name\":\"Home\",\"item\":\"https:\/\/tradetracker.com\/se\/\"},{\"@type\":\"ListItem\",\"position\":2,\"name\":\"Advertisers\",\"item\":\"https:\/\/tradetracker.com\/se\/advertisers\/\"},{\"@type\":\"ListItem\",\"position\":3,\"name\":\"Services\"}]},{\"@type\":\"WebSite\",\"@id\":\"https:\/\/tradetracker.com\/se\/#website\",\"url\":\"https:\/\/tradetracker.com\/se\/\",\"name\":\"TradeTracker.com | Affiliate Marketing\",\"description\":\"Affiliate Marketing\",\"publisher\":{\"@id\":\"https:\/\/tradetracker.com\/se\/#organization\"},\"potentialAction\":[{\"@type\":\"SearchAction\",\"target\":{\"@type\":\"EntryPoint\",\"urlTemplate\":\"https:\/\/tradetracker.com\/se\/?s={search_term_string}\"},\"query-input\":{\"@type\":\"PropertyValueSpecification\",\"valueRequired\":true,\"valueName\":\"search_term_string\"}}],\"inLanguage\":\"sv-SE\"},{\"@type\":\"Organization\",\"@id\":\"https:\/\/tradetracker.com\/se\/#organization\",\"name\":\"TradeTracker FZ LLC\",\"url\":\"https:\/\/tradetracker.com\/se\/\",\"logo\":{\"@type\":\"ImageObject\",\"inLanguage\":\"sv-SE\",\"@id\":\"https:\/\/tradetracker.com\/se\/#\/schema\/logo\/image\/\",\"url\":\"https:\/\/tradetracker.com\/wp-content\/uploads\/2019\/04\/tradetracker-logo_1.jpg\",\"contentUrl\":\"https:\/\/tradetracker.com\/wp-content\/uploads\/2019\/04\/tradetracker-logo_1.jpg\",\"width\":672,\"height\":109,\"caption\":\"TradeTracker FZ LLC\"},\"image\":{\"@id\":\"https:\/\/tradetracker.com\/se\/#\/schema\/logo\/image\/\"},\"sameAs\":[\"https:\/\/www.facebook.com\/tradetrackercom\",\"https:\/\/x.com\/tradetrackercom\",\"https:\/\/www.linkedin.com\/company\/tradetrackercom\",\"https:\/\/www.youtube.com\/channel\/UCHiq-oir3qOorxO-8nLjIcQ\"],\"description\":\"TradeTracker is a global affiliate marketing platform that connects advertisers and publishers to create successful online campaigns. With its user-friendly interface, advanced tracking technology, and real-time reporting, TradeTracker provides the tools to optimize performance and boost conversions. Operating in over 20 countries, TradeTracker is renowned for its transparency, innovative solutions, and personalized support. It has been consistently chosen as the leading affiliate network worldwide, a testament to its excellence in the industry. Advertisers benefit from access to a vast network of publishers, while publishers enjoy a diverse range of campaigns and attractive earning opportunities. The platform continues to revolutionize the affiliate marketing industry with technologies like Real Attribution, ensuring fair commission distribution. TradeTracker empowers businesses to achieve their online no cure no pay advertising goals efficiently and effectively. With superior technology, unparalleled customer service, and innovative solutions, TradeTracker consistently outperforms competitors like Awin, TradeDoubler, CJ, and Webgains, making it the preferred choice for advertisers and publishers worldwide.\",\"legalName\":\"TradeTracker.com\",\"foundingDate\":\"2004-03-05\",\"numberOfEmployees\":{\"@type\":\"QuantitativeValue\",\"minValue\":\"201\",\"maxValue\":\"500\"}}]}<\/script>\n<!-- \/ Yoast SEO Premium plugin. -->","yoast_head_json":{"title":"Services - TradeTracker.com | Affiliate Marketing | Performance Marketing","description":"Ingenting gl\u00e4djer oss mer \u00e4n att tillhandah\u00e5lla en tj\u00e4nst som kan st\u00e4rka de som arbetar med v\u00e4lg\u00f6rande \u00e4ndam\u00e5l. V\u00e5rt team v\u00e4rderar m\u00f6jligheten att hj\u00e4lpa en icke kommersiell verksamhet ut\u00f6ka sin","robots":{"index":"index","follow":"follow","max-snippet":"max-snippet:-1","max-image-preview":"max-image-preview:large","max-video-preview":"max-video-preview:-1"},"canonical":"https:\/\/tradetracker.com\/se\/wp-json\/wp\/v2\/pages\/26552\/","og_locale":"en_US","og_type":"article","og_title":"Services","og_description":"[vc_row css=&#8221;.vc_custom_1607983720946{background-color: #6ebd44 !important;}&#8221; classes=&#8221;tt-single-industry tt-services&#8221;][vc_column][\/vc_column][\/vc_row][vc_row][vc_column][\/vc_column][\/vc_row]","og_url":"https:\/\/tradetracker.com\/se\/advertisers\/services\/","og_site_name":"TradeTracker.com | Affiliate Marketing | Performance Marketing","article_publisher":"https:\/\/www.facebook.com\/tradetrackercom","article_modified_time":"2020-12-17T10:57:23+00:00","og_image":[{"width":250,"height":250,"url":"https:\/\/tradetracker.com\/wp-content\/uploads\/2019\/12\/tradetracker-logo-square.png","type":"image\/png"}],"twitter_card":"summary_large_image","twitter_site":"@tradetrackercom","twitter_misc":{"Est. reading time":"1 minute"},"schema":{"@context":"https:\/\/schema.org","@graph":[{"@type":"WebPage","@id":"https:\/\/tradetracker.com\/se\/advertisers\/services\/","url":"https:\/\/tradetracker.com\/se\/advertisers\/services\/","name":"Services - TradeTracker.com | Affiliate Marketing | Performance Marketing","isPartOf":{"@id":"https:\/\/tradetracker.com\/se\/#website"},"datePublished":"2017-02-15T06:49:01+00:00","dateModified":"2020-12-17T10:57:23+00:00","breadcrumb":{"@id":"https:\/\/tradetracker.com\/se\/advertisers\/services\/#breadcrumb"},"inLanguage":"sv-SE","potentialAction":[{"@type":"ReadAction","target":["https:\/\/tradetracker.com\/se\/advertisers\/services\/"]}]},{"@type":"BreadcrumbList","@id":"https:\/\/tradetracker.com\/se\/advertisers\/services\/#breadcrumb","itemListElement":[{"@type":"ListItem","position":1,"name":"Home","item":"https:\/\/tradetracker.com\/se\/"},{"@type":"ListItem","position":2,"name":"Advertisers","item":"https:\/\/tradetracker.com\/se\/advertisers\/"},{"@type":"ListItem","position":3,"name":"Services"}]},{"@type":"WebSite","@id":"https:\/\/tradetracker.com\/se\/#website","url":"https:\/\/tradetracker.com\/se\/","name":"TradeTracker.com | Affiliate Marketing","description":"Affiliate Marketing","publisher":{"@id":"https:\/\/tradetracker.com\/se\/#organization"},"potentialAction":[{"@type":"SearchAction","target":{"@type":"EntryPoint","urlTemplate":"https:\/\/tradetracker.com\/se\/?s={search_term_string}"},"query-input":{"@type":"PropertyValueSpecification","valueRequired":true,"valueName":"search_term_string"}}],"inLanguage":"sv-SE"},{"@type":"Organization","@id":"https:\/\/tradetracker.com\/se\/#organization","name":"TradeTracker FZ LLC","url":"https:\/\/tradetracker.com\/se\/","logo":{"@type":"ImageObject","inLanguage":"sv-SE","@id":"https:\/\/tradetracker.com\/se\/#\/schema\/logo\/image\/","url":"https:\/\/tradetracker.com\/wp-content\/uploads\/2019\/04\/tradetracker-logo_1.jpg","contentUrl":"https:\/\/tradetracker.com\/wp-content\/uploads\/2019\/04\/tradetracker-logo_1.jpg","width":672,"height":109,"caption":"TradeTracker FZ LLC"},"image":{"@id":"https:\/\/tradetracker.com\/se\/#\/schema\/logo\/image\/"},"sameAs":["https:\/\/www.facebook.com\/tradetrackercom","https:\/\/x.com\/tradetrackercom","https:\/\/www.linkedin.com\/company\/tradetrackercom","https:\/\/www.youtube.com\/channel\/UCHiq-oir3qOorxO-8nLjIcQ"],"description":"TradeTracker is a global affiliate marketing platform that connects advertisers and publishers to create successful online campaigns. With its user-friendly interface, advanced tracking technology, and real-time reporting, TradeTracker provides the tools to optimize performance and boost conversions. Operating in over 20 countries, TradeTracker is renowned for its transparency, innovative solutions, and personalized support. It has been consistently chosen as the leading affiliate network worldwide, a testament to its excellence in the industry. Advertisers benefit from access to a vast network of publishers, while publishers enjoy a diverse range of campaigns and attractive earning opportunities. The platform continues to revolutionize the affiliate marketing industry with technologies like Real Attribution, ensuring fair commission distribution. TradeTracker empowers businesses to achieve their online no cure no pay advertising goals efficiently and effectively. With superior technology, unparalleled customer service, and innovative solutions, TradeTracker consistently outperforms competitors like Awin, TradeDoubler, CJ, and Webgains, making it the preferred choice for advertisers and publishers worldwide.","legalName":"TradeTracker.com","foundingDate":"2004-03-05","numberOfEmployees":{"@type":"QuantitativeValue","minValue":"201","maxValue":"500"}}]}},"_links":{"self":[{"href":"https:\/\/tradetracker.com\/se\/wp-json\/wp\/v2\/pages\/26552","targetHints":{"allow":["GET"]}}],"collection":[{"href":"https:\/\/tradetracker.com\/se\/wp-json\/wp\/v2\/pages"}],"about":[{"href":"https:\/\/tradetracker.com\/se\/wp-json\/wp\/v2\/types\/page"}],"author":[{"embeddable":true,"href":"https:\/\/tradetracker.com\/se\/wp-json\/wp\/v2\/users\/69"}],"replies":[{"embeddable":true,"href":"https:\/\/tradetracker.com\/se\/wp-json\/wp\/v2\/comments?post=26552"}],"version-history":[{"count":0,"href":"https:\/\/tradetracker.com\/se\/wp-json\/wp\/v2\/pages\/26552\/revisions"}],"up":[{"embeddable":true,"href":"https:\/\/tradetracker.com\/se\/wp-json\/wp\/v2\/pages\/13304"}],"wp:attachment":[{"href":"https:\/\/tradetracker.com\/se\/wp-json\/wp\/v2\/media?parent=26552"}],"curies":[{"name":"wp","href":"https:\/\/api.w.org\/{rel}","templated":true}]}}