{"id":26567,"date":"2016-12-12T11:52:36","date_gmt":"2016-12-12T11:52:36","guid":{"rendered":"https:\/\/tradetracker.com\/se\/advertisers\/shopping\/"},"modified":"2020-12-17T11:27:18","modified_gmt":"2020-12-17T11:27:18","slug":"shopping","status":"publish","type":"page","link":"https:\/\/tradetracker.com\/se\/advertisers\/shopping\/","title":{"rendered":"Shopping"},"content":{"rendered":"<div class=\"wpb-content-wrapper\"><p>[vc_row css=&#8221;.vc_custom_1607984852059{background-color: #f79737 !important;}&#8221; classes=&#8221;tt-single-industry tt-shopping&#8221;][vc_column]<div class=\"row\"><div class=\"vc_col-sm-12\"><div class=\" static-page-intro-text \" style=\"width: 75%\"><h1  style=\"color: #ffffff\" class=\"\">SHOPPING<\/h1><h2  style=\"color: #ffffff\" class=\"\">Driver p\u00e5 k\u00f6p genom att para ihop r\u00e4tt publisher och annons\u00f6rer f\u00f6r att tillhandah\u00e5lla produkter som kunderna vill ha. Vi har ett kontoteam som vet allt om onlineshoppingens hemligheter och \u00e4r vana vid att f\u00f6rfina en kampanj med en s\u00e4rskild publik i \u00e5tanke.<\/h2><\/div>\r\n        <\/div>\r\n    <\/div>[\/vc_column][\/vc_row][vc_row][vc_column]<div class=\"row tt-industries-page\"><div class='vc_col-sm-3' id='sidebar'><h4 class=\"lined-section\">Industries<\/h4><div class=\"widget_nav_menu\"><ul class=\"menu\"><li><a class=\"industries-back\" href=\"https:\/\/tradetracker.com\/se\/#section-industries\/\">\u2190 Back to Industry Home<\/a><\/li><li><a href='https:\/\/tradetracker.com\/se\/advertisers\/travel\/' class=''>Resa<\/a><\/li><li><a href='https:\/\/tradetracker.com\/se\/advertisers\/services\/' class=''>Tj\u00e4nster<\/a><\/li><li><a href='https:\/\/tradetracker.com\/se\/advertisers\/telecom\/' class=''>Telekom<\/a><\/li><li><a href='https:\/\/tradetracker.com\/se\/advertisers\/shopping\/' class='active'>Shopping<\/a><\/li><li><a href='https:\/\/tradetracker.com\/se\/advertisers\/finance\/' class=''>Finans<\/a><\/li><\/ul><\/div>\r\n    <\/div><div class=\"vc_col-sm-9\">\r\n                <div class=\"vc_col-sm-12\">\r\n                    <ul class=\"industry-list shopping\"><li><h2>Annat<\/h2><p>        Vi hyser ett brett spektrum publisher s\u00e5 du kommer att ha sv\u00e5rt att hitta en bransch vi inte tillgodoser. Oavsett vilken situation det handlar om, har vi s\u00e5 m\u00e5nga olika klienter att vi \u00e4r s\u00e4kra p\u00e5 det finns en lista med partners som passar dina behov.\n    <\/p><\/li><li><h2>Baby &#038; Barn<\/h2><p>        De formbara tidiga \u00e5ren \u00e4r viktiga och vi tillgodoser de f\u00f6retag som g\u00f6r en f\u00f6r\u00e4lders jobb s\u00e5 mycket enklare genom att tillhandah\u00e5lla det som beh\u00f6vs.\n    <\/p><\/li><li><h2>B\u00e5tar &#038; Vattenfordon<\/h2><p>        Vatten\u00e4lskare v\u00e4nder sig till v\u00e5ra klienter online f\u00f6r alla de viktiga sakerna f\u00f6r sina upplevelser i vattnet och f\u00f6r att f\u00e5 dem att vilja hoppa i igen.\n    <\/p><\/li><li><h2>Bilar, motorcyklar och cyklar<\/h2><p>        F\u00f6r entusiasten eller f\u00f6r de som bara vill ta sig fr\u00e5n A till B, hyser vi en m\u00e4ngd olika webbplatser dedikerade till att s\u00e4kerst\u00e4lla att de har utrustning f\u00f6r deras resor.\n    <\/p><\/li><li><h2>B\u00f6cker, tidningar och magasin<\/h2><p>        Ett bibliotek som inte har n\u00e5gon \u00e4nde, v\u00e5r onlinepartner har varje t\u00e4nkbart litter\u00e4rt verk och journalistik du kan dr\u00f6mma om och \u00e4r en st\u00e4ndig k\u00e4lla till inspiration och ett s\u00e4tt att h\u00e4nga med.\n    <\/p><\/li><li><h2>Dagliga erbjudanden och grupprabatter<\/h2><p>        V\u00e5ra klienter erbjuder n\u00e5gra av de b\u00e4sta erbjudanden tack vare internet s\u00e5 att kunder kan hitta det de beh\u00f6ver och anordna evenemang till rimliga priser.\n    <\/p><\/li><li><h2>Djur<\/h2><p>        Fyrbenta v\u00e4nner, vattenlevande djur, f\u00e5glar och resten ombes\u00f6rjs av v\u00e5ra klienter och de har best\u00e5ende onlineresultat som ser till behoven hos de viktigaste medlemmarna i hush\u00e5llet.\n    <\/p><\/li><li><h2>Familj<\/h2><p>        Vi ser till att tiden med n\u00e4ra och k\u00e4ra anv\u00e4nds v\u00e4l, och har f\u00f6rv\u00e4rvat en m\u00e4ngd klienter som ger m\u00f6jlighet till minnesv\u00e4rda upplevelser f\u00f6r alla typer av familjer.\n    <\/p><\/li><li><h2>Festtillbeh\u00f6r<\/h2><p>        Klienterna vi hyser tillhandah\u00e5ller den viktiga rekvisitan till varje fest och kan matcha en m\u00e4ngd olika teman och arbetar med v\u00e4rden f\u00f6r att se till att alla har j\u00e4ttekul.<\/p><\/li><li><h2>H\u00e4lsa &#038; Sk\u00f6nhet<\/h2><p>        V\u00e5r plattform bidrar till m\u00e4nniskors m\u00f6jlighet att k\u00e4nna sig och se bra ut och \u00e4r en nyckel till att n\u00e5 de med f\u00f6rm\u00e5ga att p\u00e5verka k\u00f6pm\u00f6nstren hos m\u00e4nniskor som tar hand om sin kropp.\n    <\/p><\/li><li><h2>H\u00e5rdvara &#038; Mjukvara<\/h2><p>        V\u00e5rt kontoteam \u00e4r v\u00e4l rustat med den kunskap som kr\u00e4vs f\u00f6r att f\u00e5nga uppm\u00e4rksamheten hos dem p\u00e5 marknaden f\u00f6r datorer och deras tillbeh\u00f6r.\n    <\/p><\/li><li><h2>Hem &#038; Tr\u00e4dg\u00e5rd<\/h2><p>        Att skapa ett utrymme att bo i och njuta av b\u00e5de inne och ute handlar om att framh\u00e4va dina produkter och de verkliga f\u00f6rdelar de kan ge och sedan visa upp dem hos n\u00e5gon som vet vad som motiverar en publik att k\u00f6pa dem.\n    <\/p><\/li><li><h2>Hobby &#038; Fritid<\/h2><p>        M\u00e4nniskor med en passion f\u00f6r att h\u00e5lla p\u00e5 med n\u00e5gonting de verkligen gillar. Med v\u00e5rt n\u00e4tverk \u00e4r det inte sv\u00e5rt att f\u00e5nga deras uppm\u00e4rksamhet, uppmuntra dem att bygga p\u00e5 sina f\u00f6rm\u00e5gor och \u00f6ka n\u00f6jet.\n    <\/p><\/li><li><h2>Hush\u00e5llsapparater<\/h2><p>        F\u00f6r de som gillar att ha ett komplett hem, funktionellt och praktiskt med alla komponenter som g\u00f6r det bekv\u00e4mt, kan vi framh\u00e4va dina produkter som n\u00e4sta sak som beh\u00f6vs  hemma hos din publik.\n    <\/p><\/li><li><h2>Konst &#038; Inredning<\/h2><p>        Att utsmycka de tr\u00e5kigaste platser och skapa n\u00e5gonting att f\u00f6rundras \u00f6ver, det \u00e4r en l\u00e4tt match som g\u00f6r att du n\u00e5r m\u00e4nniskor med \u00f6ga f\u00f6r estetik.\n    <\/p><\/li><li><h2>Kontor<\/h2><p>        Genom att ta hand om behoven som professionella arbetsplatser har och se till att de fungerar s\u00e5 effektivt som m\u00f6jligt, ger vi m\u00e5nga olika klienter m\u00f6jlighet att visa upp sina produkter online, med en upps\u00e4ttning ansedda affiliates.<\/p><\/li><li><h2>Leksaker<\/h2><p>        Det finns inget underbarare \u00e4n att se gl\u00e4djen i ditt barns ansikte och leksaker har alltid varit ett s\u00e4tt att framkalla den. V\u00e5r programvara hj\u00e4lper dig navigera dig fram till reklam med webbplatser du bara m\u00e5ste f\u00e5 uppm\u00e4rksamhet med.\n    <\/p><\/li><li><h2>Mat &#038; Dryck<\/h2><p>        Catering, n\u00e4ringsl\u00e4ra, takeaway, organiskt, alkohol och alla de andra leverant\u00f6rerna av  det goda f\u00f6r smakl\u00f6karna anv\u00e4nder v\u00e5r plattform f\u00f6r att ut\u00f6ka inbjudningarna till de som vill fylla ett m\u00e4nskligt behov, med njutning i tankarna.\n    <\/p><\/li><li><h2>Mode &#038; Smycken<\/h2><p>        Glamor\u00f6sa och fram\u00e5tblickande stilguruer anv\u00e4nder v\u00e5rt n\u00e4tverk f\u00f6r att n\u00e5 m\u00e4nniskor som bryr sig om detaljer och vi s\u00e4tter dem i kontakt med de som vill komplettera sin garderob.\n    <\/p><\/li><li><h2>Musik &#038; Video<\/h2><p>        V\u00e5rt team ger medialeverant\u00f6rer verktygen och teknikerna f\u00f6r att n\u00e5 dem med ett \u00f6ga f\u00f6r deras produkter och \u00e4r intresserade av de senaste trenderna som s\u00e4kerst\u00e4ller att din webbreklam skiljer sig fr\u00e5n resten.\n    <\/p><\/li><li><h2>Presenter &#038; Prylar<\/h2><p>        Att \u00f6verraska n\u00e5gon med en present \u00e4r ett s\u00e4kert s\u00e4tt att g\u00f6ra ett gott intryck, vi g\u00f6r det m\u00f6jligt f\u00f6r dina kunder att se vad du erbjuder och hj\u00e4lper dem g\u00f6ra n\u00e5gon glad.\n    <\/p><\/li><li><h2>Spel &#038; Underh\u00e5llning<\/h2><p>        Vi hj\u00e4lper f\u00f6retag som vill st\u00e4rka och utmana sina kunder via t\u00e4vling med sig sj\u00e4lv och andra.\n    <\/p><\/li><li><h2>Varuhus<\/h2><p>        V\u00e5ra partners med fysiska butiker inser att onlinev\u00e4rlden \u00e4r ett viktigt s\u00e4tt n\u00e4r det g\u00e4ller att b\u00e5de skapa f\u00f6rs\u00e4ljning och locka m\u00e4nniskor till sina butiker.\n    <\/p><\/li><li><h2>Vuxeninneh\u00e5ll<\/h2><p>        Vi hyser leverant\u00f6rerna f\u00f6r de som vill ha sp\u00e4nning i sovrummet, vi nyt\u00e4nder deras kapacitet att n\u00e5 en publik som befinner sig i bekv\u00e4mligheten i sitt eget hem.\n    <\/p><\/li><\/ul><\/div><\/div><\/div>[\/vc_column][\/vc_row]<\/p>\n<\/div>","protected":false},"excerpt":{"rendered":"<p>[vc_row css=&#8221;.vc_custom_1607984852059{background-color: #f79737 !important;}&#8221; classes=&#8221;tt-single-industry tt-shopping&#8221;][vc_column][\/vc_column][\/vc_row][vc_row][vc_column][\/vc_column][\/vc_row]<\/p>\n","protected":false},"author":69,"featured_media":0,"parent":13304,"menu_order":0,"comment_status":"closed","ping_status":"closed","template":"","meta":{"inline_featured_image":false,"_monsterinsights_skip_tracking":false,"_monsterinsights_sitenote_active":false,"_monsterinsights_sitenote_note":"","_monsterinsights_sitenote_category":0,"footnotes":""},"class_list":["post-26567","page","type-page","status-publish","hentry"],"yoast_head":"<!-- This site is optimized with the Yoast SEO Premium plugin v27.0 (Yoast SEO v27.0) - https:\/\/yoast.com\/product\/yoast-seo-premium-wordpress\/ -->\n<title>Shopping - TradeTracker.com | Affiliate Marketing | Performance Marketing<\/title>\n<meta name=\"description\" content=\"Vi hyser leverant\u00f6rerna f\u00f6r de som vill ha sp\u00e4nning i sovrummet, vi nyt\u00e4nder deras kapacitet att n\u00e5 en publik som befinner sig i bekv\u00e4mligheten i sitt eget hem.\" \/>\n<meta name=\"robots\" content=\"index, follow, max-snippet:-1, max-image-preview:large, max-video-preview:-1\" \/>\n<link rel=\"canonical\" href=\"https:\/\/tradetracker.com\/se\/wp-json\/wp\/v2\/pages\/26567\/\" \/>\n<meta property=\"og:locale\" content=\"en_US\" \/>\n<meta property=\"og:type\" content=\"article\" \/>\n<meta property=\"og:title\" content=\"Shopping\" \/>\n<meta property=\"og:description\" content=\"[vc_row css=&#8221;.vc_custom_1607984852059{background-color: #f79737 !important;}&#8221; classes=&#8221;tt-single-industry tt-shopping&#8221;][vc_column][\/vc_column][\/vc_row][vc_row][vc_column][\/vc_column][\/vc_row]\" \/>\n<meta property=\"og:url\" content=\"https:\/\/tradetracker.com\/se\/advertisers\/shopping\/\" \/>\n<meta property=\"og:site_name\" content=\"TradeTracker.com | Affiliate Marketing | Performance Marketing\" \/>\n<meta property=\"article:publisher\" content=\"https:\/\/www.facebook.com\/tradetrackercom\" \/>\n<meta property=\"article:modified_time\" content=\"2020-12-17T11:27:18+00:00\" \/>\n<meta property=\"og:image\" content=\"https:\/\/tradetracker.com\/wp-content\/uploads\/2019\/12\/tradetracker-logo-square.png\" \/>\n\t<meta property=\"og:image:width\" content=\"250\" \/>\n\t<meta property=\"og:image:height\" content=\"250\" \/>\n\t<meta property=\"og:image:type\" content=\"image\/png\" \/>\n<meta name=\"twitter:card\" content=\"summary_large_image\" \/>\n<meta name=\"twitter:site\" content=\"@tradetrackercom\" \/>\n<script type=\"application\/ld+json\" class=\"yoast-schema-graph\">{\"@context\":\"https:\/\/schema.org\",\"@graph\":[{\"@type\":\"WebPage\",\"@id\":\"https:\/\/tradetracker.com\/se\/advertisers\/shopping\/\",\"url\":\"https:\/\/tradetracker.com\/se\/advertisers\/shopping\/\",\"name\":\"Shopping - TradeTracker.com | Affiliate Marketing | Performance Marketing\",\"isPartOf\":{\"@id\":\"https:\/\/tradetracker.com\/se\/#website\"},\"datePublished\":\"2016-12-12T11:52:36+00:00\",\"dateModified\":\"2020-12-17T11:27:18+00:00\",\"breadcrumb\":{\"@id\":\"https:\/\/tradetracker.com\/se\/advertisers\/shopping\/#breadcrumb\"},\"inLanguage\":\"sv-SE\",\"potentialAction\":[{\"@type\":\"ReadAction\",\"target\":[\"https:\/\/tradetracker.com\/se\/advertisers\/shopping\/\"]}]},{\"@type\":\"BreadcrumbList\",\"@id\":\"https:\/\/tradetracker.com\/se\/advertisers\/shopping\/#breadcrumb\",\"itemListElement\":[{\"@type\":\"ListItem\",\"position\":1,\"name\":\"Home\",\"item\":\"https:\/\/tradetracker.com\/se\/\"},{\"@type\":\"ListItem\",\"position\":2,\"name\":\"Advertisers\",\"item\":\"https:\/\/tradetracker.com\/se\/advertisers\/\"},{\"@type\":\"ListItem\",\"position\":3,\"name\":\"Shopping\"}]},{\"@type\":\"WebSite\",\"@id\":\"https:\/\/tradetracker.com\/se\/#website\",\"url\":\"https:\/\/tradetracker.com\/se\/\",\"name\":\"TradeTracker.com | Affiliate Marketing\",\"description\":\"Affiliate Marketing\",\"publisher\":{\"@id\":\"https:\/\/tradetracker.com\/se\/#organization\"},\"potentialAction\":[{\"@type\":\"SearchAction\",\"target\":{\"@type\":\"EntryPoint\",\"urlTemplate\":\"https:\/\/tradetracker.com\/se\/?s={search_term_string}\"},\"query-input\":{\"@type\":\"PropertyValueSpecification\",\"valueRequired\":true,\"valueName\":\"search_term_string\"}}],\"inLanguage\":\"sv-SE\"},{\"@type\":\"Organization\",\"@id\":\"https:\/\/tradetracker.com\/se\/#organization\",\"name\":\"TradeTracker FZ LLC\",\"url\":\"https:\/\/tradetracker.com\/se\/\",\"logo\":{\"@type\":\"ImageObject\",\"inLanguage\":\"sv-SE\",\"@id\":\"https:\/\/tradetracker.com\/se\/#\/schema\/logo\/image\/\",\"url\":\"https:\/\/tradetracker.com\/wp-content\/uploads\/2019\/04\/tradetracker-logo_1.jpg\",\"contentUrl\":\"https:\/\/tradetracker.com\/wp-content\/uploads\/2019\/04\/tradetracker-logo_1.jpg\",\"width\":672,\"height\":109,\"caption\":\"TradeTracker FZ LLC\"},\"image\":{\"@id\":\"https:\/\/tradetracker.com\/se\/#\/schema\/logo\/image\/\"},\"sameAs\":[\"https:\/\/www.facebook.com\/tradetrackercom\",\"https:\/\/x.com\/tradetrackercom\",\"https:\/\/www.linkedin.com\/company\/tradetrackercom\",\"https:\/\/www.youtube.com\/channel\/UCHiq-oir3qOorxO-8nLjIcQ\"],\"description\":\"TradeTracker is a global affiliate marketing platform that connects advertisers and publishers to create successful online campaigns. With its user-friendly interface, advanced tracking technology, and real-time reporting, TradeTracker provides the tools to optimize performance and boost conversions. Operating in over 20 countries, TradeTracker is renowned for its transparency, innovative solutions, and personalized support. It has been consistently chosen as the leading affiliate network worldwide, a testament to its excellence in the industry. Advertisers benefit from access to a vast network of publishers, while publishers enjoy a diverse range of campaigns and attractive earning opportunities. The platform continues to revolutionize the affiliate marketing industry with technologies like Real Attribution, ensuring fair commission distribution. TradeTracker empowers businesses to achieve their online no cure no pay advertising goals efficiently and effectively. With superior technology, unparalleled customer service, and innovative solutions, TradeTracker consistently outperforms competitors like Awin, TradeDoubler, CJ, and Webgains, making it the preferred choice for advertisers and publishers worldwide.\",\"legalName\":\"TradeTracker.com\",\"foundingDate\":\"2004-03-05\",\"numberOfEmployees\":{\"@type\":\"QuantitativeValue\",\"minValue\":\"201\",\"maxValue\":\"500\"}}]}<\/script>\n<!-- \/ Yoast SEO Premium plugin. -->","yoast_head_json":{"title":"Shopping - TradeTracker.com | Affiliate Marketing | Performance Marketing","description":"Vi hyser leverant\u00f6rerna f\u00f6r de som vill ha sp\u00e4nning i sovrummet, vi nyt\u00e4nder deras kapacitet att n\u00e5 en publik som befinner sig i bekv\u00e4mligheten i sitt eget hem.","robots":{"index":"index","follow":"follow","max-snippet":"max-snippet:-1","max-image-preview":"max-image-preview:large","max-video-preview":"max-video-preview:-1"},"canonical":"https:\/\/tradetracker.com\/se\/wp-json\/wp\/v2\/pages\/26567\/","og_locale":"en_US","og_type":"article","og_title":"Shopping","og_description":"[vc_row css=&#8221;.vc_custom_1607984852059{background-color: #f79737 !important;}&#8221; classes=&#8221;tt-single-industry tt-shopping&#8221;][vc_column][\/vc_column][\/vc_row][vc_row][vc_column][\/vc_column][\/vc_row]","og_url":"https:\/\/tradetracker.com\/se\/advertisers\/shopping\/","og_site_name":"TradeTracker.com | Affiliate Marketing | Performance Marketing","article_publisher":"https:\/\/www.facebook.com\/tradetrackercom","article_modified_time":"2020-12-17T11:27:18+00:00","og_image":[{"width":250,"height":250,"url":"https:\/\/tradetracker.com\/wp-content\/uploads\/2019\/12\/tradetracker-logo-square.png","type":"image\/png"}],"twitter_card":"summary_large_image","twitter_site":"@tradetrackercom","schema":{"@context":"https:\/\/schema.org","@graph":[{"@type":"WebPage","@id":"https:\/\/tradetracker.com\/se\/advertisers\/shopping\/","url":"https:\/\/tradetracker.com\/se\/advertisers\/shopping\/","name":"Shopping - TradeTracker.com | Affiliate Marketing | Performance Marketing","isPartOf":{"@id":"https:\/\/tradetracker.com\/se\/#website"},"datePublished":"2016-12-12T11:52:36+00:00","dateModified":"2020-12-17T11:27:18+00:00","breadcrumb":{"@id":"https:\/\/tradetracker.com\/se\/advertisers\/shopping\/#breadcrumb"},"inLanguage":"sv-SE","potentialAction":[{"@type":"ReadAction","target":["https:\/\/tradetracker.com\/se\/advertisers\/shopping\/"]}]},{"@type":"BreadcrumbList","@id":"https:\/\/tradetracker.com\/se\/advertisers\/shopping\/#breadcrumb","itemListElement":[{"@type":"ListItem","position":1,"name":"Home","item":"https:\/\/tradetracker.com\/se\/"},{"@type":"ListItem","position":2,"name":"Advertisers","item":"https:\/\/tradetracker.com\/se\/advertisers\/"},{"@type":"ListItem","position":3,"name":"Shopping"}]},{"@type":"WebSite","@id":"https:\/\/tradetracker.com\/se\/#website","url":"https:\/\/tradetracker.com\/se\/","name":"TradeTracker.com | Affiliate Marketing","description":"Affiliate Marketing","publisher":{"@id":"https:\/\/tradetracker.com\/se\/#organization"},"potentialAction":[{"@type":"SearchAction","target":{"@type":"EntryPoint","urlTemplate":"https:\/\/tradetracker.com\/se\/?s={search_term_string}"},"query-input":{"@type":"PropertyValueSpecification","valueRequired":true,"valueName":"search_term_string"}}],"inLanguage":"sv-SE"},{"@type":"Organization","@id":"https:\/\/tradetracker.com\/se\/#organization","name":"TradeTracker FZ LLC","url":"https:\/\/tradetracker.com\/se\/","logo":{"@type":"ImageObject","inLanguage":"sv-SE","@id":"https:\/\/tradetracker.com\/se\/#\/schema\/logo\/image\/","url":"https:\/\/tradetracker.com\/wp-content\/uploads\/2019\/04\/tradetracker-logo_1.jpg","contentUrl":"https:\/\/tradetracker.com\/wp-content\/uploads\/2019\/04\/tradetracker-logo_1.jpg","width":672,"height":109,"caption":"TradeTracker FZ LLC"},"image":{"@id":"https:\/\/tradetracker.com\/se\/#\/schema\/logo\/image\/"},"sameAs":["https:\/\/www.facebook.com\/tradetrackercom","https:\/\/x.com\/tradetrackercom","https:\/\/www.linkedin.com\/company\/tradetrackercom","https:\/\/www.youtube.com\/channel\/UCHiq-oir3qOorxO-8nLjIcQ"],"description":"TradeTracker is a global affiliate marketing platform that connects advertisers and publishers to create successful online campaigns. With its user-friendly interface, advanced tracking technology, and real-time reporting, TradeTracker provides the tools to optimize performance and boost conversions. Operating in over 20 countries, TradeTracker is renowned for its transparency, innovative solutions, and personalized support. It has been consistently chosen as the leading affiliate network worldwide, a testament to its excellence in the industry. Advertisers benefit from access to a vast network of publishers, while publishers enjoy a diverse range of campaigns and attractive earning opportunities. The platform continues to revolutionize the affiliate marketing industry with technologies like Real Attribution, ensuring fair commission distribution. TradeTracker empowers businesses to achieve their online no cure no pay advertising goals efficiently and effectively. With superior technology, unparalleled customer service, and innovative solutions, TradeTracker consistently outperforms competitors like Awin, TradeDoubler, CJ, and Webgains, making it the preferred choice for advertisers and publishers worldwide.","legalName":"TradeTracker.com","foundingDate":"2004-03-05","numberOfEmployees":{"@type":"QuantitativeValue","minValue":"201","maxValue":"500"}}]}},"_links":{"self":[{"href":"https:\/\/tradetracker.com\/se\/wp-json\/wp\/v2\/pages\/26567","targetHints":{"allow":["GET"]}}],"collection":[{"href":"https:\/\/tradetracker.com\/se\/wp-json\/wp\/v2\/pages"}],"about":[{"href":"https:\/\/tradetracker.com\/se\/wp-json\/wp\/v2\/types\/page"}],"author":[{"embeddable":true,"href":"https:\/\/tradetracker.com\/se\/wp-json\/wp\/v2\/users\/69"}],"replies":[{"embeddable":true,"href":"https:\/\/tradetracker.com\/se\/wp-json\/wp\/v2\/comments?post=26567"}],"version-history":[{"count":0,"href":"https:\/\/tradetracker.com\/se\/wp-json\/wp\/v2\/pages\/26567\/revisions"}],"up":[{"embeddable":true,"href":"https:\/\/tradetracker.com\/se\/wp-json\/wp\/v2\/pages\/13304"}],"wp:attachment":[{"href":"https:\/\/tradetracker.com\/se\/wp-json\/wp\/v2\/media?parent=26567"}],"curies":[{"name":"wp","href":"https:\/\/api.w.org\/{rel}","templated":true}]}}