{"id":30625,"date":"2017-02-15T06:57:59","date_gmt":"2017-02-15T06:57:59","guid":{"rendered":"https:\/\/tradetracker.com\/se\/privacy-policy\/how-we-use-cookies\/"},"modified":"2022-01-28T01:48:03","modified_gmt":"2022-01-28T01:48:03","slug":"how-we-use-cookies","status":"publish","type":"page","link":"https:\/\/tradetracker.com\/se\/privacy-policy\/how-we-use-cookies\/","title":{"rendered":"How we use cookies"},"content":{"rendered":"<div class=\"wpb-content-wrapper\"><p>[vc_row classes=&#8221;static-page-intro short cookies-page bg-pattern full-width&#8221; css=&#8221;.vc_custom_1488803387462{background-image: url(https:\/\/tradetracker.com\/wp-content\/uploads\/2016\/12\/books.png?id=358) !important;}&#8221;][vc_column]<div class=\"row\"><div class=\"vc_col-sm-12\"><div class=\" static-page-intro-text \"><h1  class=\"\">S\u00c5 ANV\u00c4NDER VI COOKIES<\/h1><\/div>\r\n        <\/div>\r\n    <\/div>[\/vc_column][\/vc_row][vc_row][vc_column]<div class=\"space\"><\/div>[vc_wp_text]<\/p>\n<p>Cookies \u00e4r sm\u00e5 textfiler i din anv\u00e4ndarprofil p\u00e5 din dator som inneh\u00e5ller sm\u00e5 m\u00e4ngder data. Denna data kan variera fr\u00e5n vissa webbplatsreferenser till att minnas dina inloggningsuppgifter f\u00f6r en viss webbplats. Denna information kan n\u00e5s genom din webbl\u00e4sare f\u00f6r att vara l\u00e4tt att anv\u00e4nda n\u00e4r du surfar.<\/p>\n<h3>Account cookies<\/h3>\n<p>Cookies used within the tradetracker domain are related to your TradeTracker account. The majority of them are needed to make your account function properly. No personal information is stored within these cookies. Below is a detailed table containing information for each cookie used primarily for the domain \u201ctradetracker.com\u201d.<\/p>\n<p>[\/vc_wp_text]<div class=\"space\"><\/div><div class=\"table-content color1 table-center table-striped\">\r\n\t\t\t<table>\r\n\t\t\t\t<tbody><tr><th>Name<\/th>\r\n        <th>Type<\/th>\r\n        <th> Description<\/th>\r\n        <th>Expires<\/th><\/tr><tr><td>TT_allowCookies<\/td><td>Functional (1st party)<\/td><td>The visitors's opt-in cookie preference is stored within this cookie. No personally identifiable information is stored within this cookie<\/td><td>After 2 years<\/td><\/tr><tr><td>ttagency_*<\/td><td>Functional (1st party)<\/td><td>Whenever an agency logs onto our software successfully, certain encrypted user properties are stored within this cookie. No personally identifiable information is stored within this cookie<\/td><td>At the end of the session unless the box \"Keep me logged in\" was ticked which results in this cookie expiring after 2 years<\/td><\/tr><tr><td>ttuser_*<\/td><td>Functional (1st party)<\/td><td>Whenever an affiliate or merchant logs onto our software successfully, certain encrypted user properties are stored within this cookie. No personally identifiable information is stored within this cookie<\/td><td>At the end of the session unless the box \"Keep me logged in\" was ticked which results in this cookie expiring after 2 years<\/td><\/tr><tr><td>xmlhttp<\/td><td>Functional (1st party)<\/td><td>Used to determine whether XMLHTTP is accepted on the user's device, which is needed to run certain functionalities within our software. No personally identifiable information is stored within this cookie<\/td><td>At the end of the session<\/td><\/tr><tr><td>affiliateSiteIDs<\/td><td>Functional (1st party)<\/td><td>The selection of affiliate websites the user wants to load within the private software section. No personally identifiable information is stored within this cookie<\/td><td>After 1 month<\/td><\/tr><tr><td>campaignIDs<\/td><td>Functional (1st party)<\/td><td>The selection of merchant websites the user wants to load within the private software section. No personally identifiable information is stored within this cookie<\/td><td>After 1 month<\/td><\/tr><tr><td>companyID<\/td><td>Functional (1st party)<\/td><td>The selection of merchant websites the user wants to load within the private software section. No personally identifiable information is stored within this cookie<\/td><td>After 1 month<\/td><\/tr><tr><td>locale_*<\/td><td>Functional (1st party)<\/td><td>The user's language preference is stored in this cookie. No personally identifiable information is stored within this cookie<\/td><td>After 1 month<\/td><\/tr><\/tbody><\/table><\/div>\r\n\t\t<div class=\"space\"><\/div>[vc_wp_text]<\/p>\n<h3>Tracking cookies<\/h3>\n<p>TradeTracker offers services which requires the tracking of traffic and performance from one website (the publisher) to the other (the merchant). As a regular online visitor, you will not be involved directly with these cookies. In order to make sure the correct website is attributed the correct statistics, TradeTracker uses cookies. Within these cookies, non-traceable and non-personal information of the visitor is stored. The refering publisher can be rewarded at a later stage for sending through traffic.<\/p>\n<p>A lot of services on the internet are still free of charge because these websites get rewarded for sending through traffic and the majority of internet users prefer using the internet in this manner rather than having to pay for each and every service. Below is a detailed table containing information for each tracking cookie used primarily for the domain &#8220;tradetracker.net&#8221;.<\/p>\n<p>[\/vc_wp_text]<div class=\"space\"><\/div><div class=\"table-content color1 table-center table-striped\">\r\n\t\t\t<table>\r\n\t\t\t\t<tbody><tr><th>Name<\/th>\r\n        <th>Type<\/th>\r\n        <th> Description<\/th>\r\n        <th>Expires<\/th><\/tr><tr><td>_pk_*<\/td><td>Non-functional (1st party)<\/td><td>Piwik Analytics data is stored within these cookies, which is used to analyse traffic on our own website(s). No personally identifiable information is stored within these cookies.<\/td><td>After 2 years<\/td><\/tr><tr><td>pi*<\/td><td>Non-functional (3rd party)<\/td><td>Used for campaigns running post impression. No personally identifiable information is stored within this cookie<\/td><td>Differs per instance, with a maximum of 100 days<\/td><\/tr><tr><td>__tdat*<\/td><td>Non-functional (3rd party)<\/td><td>In case an affiliate link is followed, this cookie registers the originating affiliate website, promotion material used and optionally a reference set by the affiliate to allow affiliates to be rewarded for sending customers to merchants. No personally identifiable information is stored within these cookies<\/td><td>Differs per instance, with a maximum of 365 days<\/td><\/tr><tr><td>__bctdat<\/td><td>Non-functional (3rd party)<\/td><td>Information related to the click. No personally identifiable information is stored within this cookie<\/td><td>At the end of the session<\/td><\/tr><\/tbody><\/table><\/div>\r\n\t\t<div class=\"space\"><\/div>[vc_wp_text]<\/p>\n<h3>Deleting cookies<\/h3>\n<p>No personally identifiable information is stored within our cookies. However, if you do want to delete cookies you can do so by means of the settings in your browser. Cookies related to your TradeTracker account and analytics can be deleted by looking up cookies set on the tradetracker.com domain. Tracking cookies are set on the tradetracker.net domain.<\/p>\n<p>If you want to browse the internet in the future without having to deal with cookies, you can also consider setting up a &#8220;Private browsing&#8221; session within your browser, however you will need to login to each and every website again after you have closed that specific &#8220;Private Browsing&#8221; session.<\/p>\n<p><a href=\"http:\/\/en.wikipedia.org\/wiki\/HTTP_cookie\" class=\"external\" rel=\"nofollow\">More information concerning cookies<\/a> can be found here.[\/vc_wp_text]<div class=\"space\"><\/div>[\/vc_column][\/vc_row]<\/p>\n<\/div>","protected":false},"excerpt":{"rendered":"<p>[vc_row classes=&#8221;static-page-intro short cookies-page bg-pattern full-width&#8221; css=&#8221;.vc_custom_1488803387462{background-image: url(https:\/\/tradetracker.com\/wp-content\/uploads\/2016\/12\/books.png?id=358) !important;}&#8221;][vc_column][\/vc_column][\/vc_row][vc_row][vc_column][vc_wp_text] Cookies \u00e4r sm\u00e5 textfiler i din anv\u00e4ndarprofil p\u00e5 din dator som inneh\u00e5ller sm\u00e5 m\u00e4ngder data. Denna data kan variera fr\u00e5n vissa webbplatsreferenser till att minnas dina inloggningsuppgifter f\u00f6r en viss webbplats. Denna information kan n\u00e5s genom din webbl\u00e4sare f\u00f6r att vara l\u00e4tt att anv\u00e4nda n\u00e4r du  [&#8230;]<\/p>\n","protected":false},"author":69,"featured_media":0,"parent":13560,"menu_order":0,"comment_status":"closed","ping_status":"closed","template":"template-privacy-page.php","meta":{"inline_featured_image":false,"_monsterinsights_skip_tracking":false,"_monsterinsights_sitenote_active":false,"_monsterinsights_sitenote_note":"","_monsterinsights_sitenote_category":0,"footnotes":""},"class_list":["post-30625","page","type-page","status-publish","hentry"],"yoast_head":"<!-- This site is optimized with the Yoast SEO Premium plugin v27.0 (Yoast SEO v27.0) - https:\/\/yoast.com\/product\/yoast-seo-premium-wordpress\/ -->\n<title>How we use cookies - TradeTracker.com | Affiliate Marketing | Performance Marketing<\/title>\n<meta name=\"description\" content=\"[vc_row classes=&quot;static-page-intro short cookies-page bg-pattern full-width&quot; css=&quot;.vc_custom_1488803387462{background-image: url(https:\/\/tradetracker.com\/wp-content\/uploads\/2016\/12\/books.png?id=358)\" \/>\n<meta name=\"robots\" content=\"index, follow, max-snippet:-1, max-image-preview:large, max-video-preview:-1\" \/>\n<link rel=\"canonical\" href=\"https:\/\/tradetracker.com\/se\/wp-json\/wp\/v2\/pages\/30625\/\" \/>\n<meta property=\"og:locale\" content=\"en_US\" \/>\n<meta property=\"og:type\" content=\"article\" \/>\n<meta property=\"og:title\" content=\"How we use cookies TradeTracker.com\" \/>\n<meta property=\"og:description\" content=\"[vc_row classes=&#8221;static-page-intro short cookies-page\" \/>\n<meta property=\"og:url\" content=\"https:\/\/tradetracker.com\/se\/privacy-policy\/how-we-use-cookies\/\" \/>\n<meta property=\"og:site_name\" content=\"TradeTracker.com | Affiliate Marketing | Performance Marketing\" \/>\n<meta property=\"article:publisher\" content=\"https:\/\/www.facebook.com\/tradetrackercom\" \/>\n<meta property=\"article:modified_time\" content=\"2022-01-28T01:48:03+00:00\" \/>\n<meta property=\"og:image\" content=\"https:\/\/tradetracker.com\/wp-content\/uploads\/2019\/12\/tradetracker-logo-square.png\" \/>\n\t<meta property=\"og:image:width\" content=\"250\" \/>\n\t<meta property=\"og:image:height\" content=\"250\" \/>\n\t<meta property=\"og:image:type\" content=\"image\/png\" \/>\n<meta name=\"twitter:card\" content=\"summary_large_image\" \/>\n<meta name=\"twitter:title\" content=\"How we use cookies\" \/>\n<meta name=\"twitter:description\" content=\"[vc_row classes=&quot;static-page-intro short cookies-page bg-pattern full-width&quot; css=&quot;.vc_custom_1488803387462{background-image: \" \/>\n<meta name=\"twitter:image\" content=\"https:\/\/tradetracker.com\/assets\/tt-circles.png\" \/>\n<meta name=\"twitter:site\" content=\"@tradetrackercom\" \/>\n<meta name=\"twitter:label1\" content=\"Est. reading time\" \/>\n\t<meta name=\"twitter:data1\" content=\"2 minutes\" \/>\n<script type=\"application\/ld+json\" class=\"yoast-schema-graph\">{\"@context\":\"https:\/\/schema.org\",\"@graph\":[{\"@type\":\"WebPage\",\"@id\":\"https:\/\/tradetracker.com\/se\/privacy-policy\/how-we-use-cookies\/\",\"url\":\"https:\/\/tradetracker.com\/se\/privacy-policy\/how-we-use-cookies\/\",\"name\":\"How we use cookies - TradeTracker.com | Affiliate Marketing | Performance Marketing\",\"isPartOf\":{\"@id\":\"https:\/\/tradetracker.com\/se\/#website\"},\"datePublished\":\"2017-02-15T06:57:59+00:00\",\"dateModified\":\"2022-01-28T01:48:03+00:00\",\"breadcrumb\":{\"@id\":\"https:\/\/tradetracker.com\/se\/privacy-policy\/how-we-use-cookies\/#breadcrumb\"},\"inLanguage\":\"sv-SE\",\"potentialAction\":[{\"@type\":\"ReadAction\",\"target\":[\"https:\/\/tradetracker.com\/se\/privacy-policy\/how-we-use-cookies\/\"]}]},{\"@type\":\"BreadcrumbList\",\"@id\":\"https:\/\/tradetracker.com\/se\/privacy-policy\/how-we-use-cookies\/#breadcrumb\",\"itemListElement\":[{\"@type\":\"ListItem\",\"position\":1,\"name\":\"Home\",\"item\":\"https:\/\/tradetracker.com\/se\/\"},{\"@type\":\"ListItem\",\"position\":2,\"name\":\"Privacy Policy\",\"item\":\"https:\/\/tradetracker.com\/se\/privacy-policy\/\"},{\"@type\":\"ListItem\",\"position\":3,\"name\":\"How we use cookies\"}]},{\"@type\":\"WebSite\",\"@id\":\"https:\/\/tradetracker.com\/se\/#website\",\"url\":\"https:\/\/tradetracker.com\/se\/\",\"name\":\"TradeTracker.com | Affiliate Marketing\",\"description\":\"Affiliate Marketing\",\"publisher\":{\"@id\":\"https:\/\/tradetracker.com\/se\/#organization\"},\"potentialAction\":[{\"@type\":\"SearchAction\",\"target\":{\"@type\":\"EntryPoint\",\"urlTemplate\":\"https:\/\/tradetracker.com\/se\/?s={search_term_string}\"},\"query-input\":{\"@type\":\"PropertyValueSpecification\",\"valueRequired\":true,\"valueName\":\"search_term_string\"}}],\"inLanguage\":\"sv-SE\"},{\"@type\":\"Organization\",\"@id\":\"https:\/\/tradetracker.com\/se\/#organization\",\"name\":\"TradeTracker FZ LLC\",\"url\":\"https:\/\/tradetracker.com\/se\/\",\"logo\":{\"@type\":\"ImageObject\",\"inLanguage\":\"sv-SE\",\"@id\":\"https:\/\/tradetracker.com\/se\/#\/schema\/logo\/image\/\",\"url\":\"https:\/\/tradetracker.com\/wp-content\/uploads\/2019\/04\/tradetracker-logo_1.jpg\",\"contentUrl\":\"https:\/\/tradetracker.com\/wp-content\/uploads\/2019\/04\/tradetracker-logo_1.jpg\",\"width\":672,\"height\":109,\"caption\":\"TradeTracker FZ LLC\"},\"image\":{\"@id\":\"https:\/\/tradetracker.com\/se\/#\/schema\/logo\/image\/\"},\"sameAs\":[\"https:\/\/www.facebook.com\/tradetrackercom\",\"https:\/\/x.com\/tradetrackercom\",\"https:\/\/www.linkedin.com\/company\/tradetrackercom\",\"https:\/\/www.youtube.com\/channel\/UCHiq-oir3qOorxO-8nLjIcQ\"],\"description\":\"TradeTracker is a global affiliate marketing platform that connects advertisers and publishers to create successful online campaigns. With its user-friendly interface, advanced tracking technology, and real-time reporting, TradeTracker provides the tools to optimize performance and boost conversions. Operating in over 20 countries, TradeTracker is renowned for its transparency, innovative solutions, and personalized support. It has been consistently chosen as the leading affiliate network worldwide, a testament to its excellence in the industry. Advertisers benefit from access to a vast network of publishers, while publishers enjoy a diverse range of campaigns and attractive earning opportunities. The platform continues to revolutionize the affiliate marketing industry with technologies like Real Attribution, ensuring fair commission distribution. TradeTracker empowers businesses to achieve their online no cure no pay advertising goals efficiently and effectively. With superior technology, unparalleled customer service, and innovative solutions, TradeTracker consistently outperforms competitors like Awin, TradeDoubler, CJ, and Webgains, making it the preferred choice for advertisers and publishers worldwide.\",\"legalName\":\"TradeTracker.com\",\"foundingDate\":\"2004-03-05\",\"numberOfEmployees\":{\"@type\":\"QuantitativeValue\",\"minValue\":\"201\",\"maxValue\":\"500\"}}]}<\/script>\n<!-- \/ Yoast SEO Premium plugin. -->","yoast_head_json":{"title":"How we use cookies - TradeTracker.com | Affiliate Marketing | Performance Marketing","description":"[vc_row classes=\"static-page-intro short cookies-page bg-pattern full-width\" css=\".vc_custom_1488803387462{background-image: url(https:\/\/tradetracker.com\/wp-content\/uploads\/2016\/12\/books.png?id=358)","robots":{"index":"index","follow":"follow","max-snippet":"max-snippet:-1","max-image-preview":"max-image-preview:large","max-video-preview":"max-video-preview:-1"},"canonical":"https:\/\/tradetracker.com\/se\/wp-json\/wp\/v2\/pages\/30625\/","og_locale":"en_US","og_type":"article","og_title":"How we use cookies TradeTracker.com","og_description":"[vc_row classes=&#8221;static-page-intro short cookies-page","og_url":"https:\/\/tradetracker.com\/se\/privacy-policy\/how-we-use-cookies\/","og_site_name":"TradeTracker.com | Affiliate Marketing | Performance Marketing","article_publisher":"https:\/\/www.facebook.com\/tradetrackercom","article_modified_time":"2022-01-28T01:48:03+00:00","og_image":[{"width":250,"height":250,"url":"https:\/\/tradetracker.com\/wp-content\/uploads\/2019\/12\/tradetracker-logo-square.png","type":"image\/png"}],"twitter_card":"summary_large_image","twitter_title":"How we use cookies","twitter_description":"[vc_row classes=\"static-page-intro short cookies-page bg-pattern full-width\" css=\".vc_custom_1488803387462{background-image: ","twitter_image":"https:\/\/tradetracker.com\/assets\/tt-circles.png","twitter_site":"@tradetrackercom","twitter_misc":{"Est. reading time":"2 minutes"},"schema":{"@context":"https:\/\/schema.org","@graph":[{"@type":"WebPage","@id":"https:\/\/tradetracker.com\/se\/privacy-policy\/how-we-use-cookies\/","url":"https:\/\/tradetracker.com\/se\/privacy-policy\/how-we-use-cookies\/","name":"How we use cookies - TradeTracker.com | Affiliate Marketing | Performance Marketing","isPartOf":{"@id":"https:\/\/tradetracker.com\/se\/#website"},"datePublished":"2017-02-15T06:57:59+00:00","dateModified":"2022-01-28T01:48:03+00:00","breadcrumb":{"@id":"https:\/\/tradetracker.com\/se\/privacy-policy\/how-we-use-cookies\/#breadcrumb"},"inLanguage":"sv-SE","potentialAction":[{"@type":"ReadAction","target":["https:\/\/tradetracker.com\/se\/privacy-policy\/how-we-use-cookies\/"]}]},{"@type":"BreadcrumbList","@id":"https:\/\/tradetracker.com\/se\/privacy-policy\/how-we-use-cookies\/#breadcrumb","itemListElement":[{"@type":"ListItem","position":1,"name":"Home","item":"https:\/\/tradetracker.com\/se\/"},{"@type":"ListItem","position":2,"name":"Privacy Policy","item":"https:\/\/tradetracker.com\/se\/privacy-policy\/"},{"@type":"ListItem","position":3,"name":"How we use cookies"}]},{"@type":"WebSite","@id":"https:\/\/tradetracker.com\/se\/#website","url":"https:\/\/tradetracker.com\/se\/","name":"TradeTracker.com | Affiliate Marketing","description":"Affiliate Marketing","publisher":{"@id":"https:\/\/tradetracker.com\/se\/#organization"},"potentialAction":[{"@type":"SearchAction","target":{"@type":"EntryPoint","urlTemplate":"https:\/\/tradetracker.com\/se\/?s={search_term_string}"},"query-input":{"@type":"PropertyValueSpecification","valueRequired":true,"valueName":"search_term_string"}}],"inLanguage":"sv-SE"},{"@type":"Organization","@id":"https:\/\/tradetracker.com\/se\/#organization","name":"TradeTracker FZ LLC","url":"https:\/\/tradetracker.com\/se\/","logo":{"@type":"ImageObject","inLanguage":"sv-SE","@id":"https:\/\/tradetracker.com\/se\/#\/schema\/logo\/image\/","url":"https:\/\/tradetracker.com\/wp-content\/uploads\/2019\/04\/tradetracker-logo_1.jpg","contentUrl":"https:\/\/tradetracker.com\/wp-content\/uploads\/2019\/04\/tradetracker-logo_1.jpg","width":672,"height":109,"caption":"TradeTracker FZ LLC"},"image":{"@id":"https:\/\/tradetracker.com\/se\/#\/schema\/logo\/image\/"},"sameAs":["https:\/\/www.facebook.com\/tradetrackercom","https:\/\/x.com\/tradetrackercom","https:\/\/www.linkedin.com\/company\/tradetrackercom","https:\/\/www.youtube.com\/channel\/UCHiq-oir3qOorxO-8nLjIcQ"],"description":"TradeTracker is a global affiliate marketing platform that connects advertisers and publishers to create successful online campaigns. With its user-friendly interface, advanced tracking technology, and real-time reporting, TradeTracker provides the tools to optimize performance and boost conversions. Operating in over 20 countries, TradeTracker is renowned for its transparency, innovative solutions, and personalized support. It has been consistently chosen as the leading affiliate network worldwide, a testament to its excellence in the industry. Advertisers benefit from access to a vast network of publishers, while publishers enjoy a diverse range of campaigns and attractive earning opportunities. The platform continues to revolutionize the affiliate marketing industry with technologies like Real Attribution, ensuring fair commission distribution. TradeTracker empowers businesses to achieve their online no cure no pay advertising goals efficiently and effectively. With superior technology, unparalleled customer service, and innovative solutions, TradeTracker consistently outperforms competitors like Awin, TradeDoubler, CJ, and Webgains, making it the preferred choice for advertisers and publishers worldwide.","legalName":"TradeTracker.com","foundingDate":"2004-03-05","numberOfEmployees":{"@type":"QuantitativeValue","minValue":"201","maxValue":"500"}}]}},"_links":{"self":[{"href":"https:\/\/tradetracker.com\/se\/wp-json\/wp\/v2\/pages\/30625","targetHints":{"allow":["GET"]}}],"collection":[{"href":"https:\/\/tradetracker.com\/se\/wp-json\/wp\/v2\/pages"}],"about":[{"href":"https:\/\/tradetracker.com\/se\/wp-json\/wp\/v2\/types\/page"}],"author":[{"embeddable":true,"href":"https:\/\/tradetracker.com\/se\/wp-json\/wp\/v2\/users\/69"}],"replies":[{"embeddable":true,"href":"https:\/\/tradetracker.com\/se\/wp-json\/wp\/v2\/comments?post=30625"}],"version-history":[{"count":0,"href":"https:\/\/tradetracker.com\/se\/wp-json\/wp\/v2\/pages\/30625\/revisions"}],"up":[{"embeddable":true,"href":"https:\/\/tradetracker.com\/se\/wp-json\/wp\/v2\/pages\/13560"}],"wp:attachment":[{"href":"https:\/\/tradetracker.com\/se\/wp-json\/wp\/v2\/media?parent=30625"}],"curies":[{"name":"wp","href":"https:\/\/api.w.org\/{rel}","templated":true}]}}